{"id":2118,"date":"2024-12-04T15:48:23","date_gmt":"2024-12-04T07:48:23","guid":{"rendered":"https:\/\/bogonglaser.com\/?post_type=product&#038;p=2118"},"modified":"2025-12-10T17:33:56","modified_gmt":"2025-12-10T09:33:56","slug":"50w-split-fiber-laser-engraving-machine","status":"publish","type":"product","link":"https:\/\/bogonglaser.com\/fr\/50w-split-fiber-laser-engraving-machine\/","title":{"rendered":"Machine de gravure laser \u00e0 fibre miniature divis\u00e9e"},"content":{"rendered":"<p>Solutions personnalis\u00e9es : Qu'il s'agisse de cadeaux ou de gravures professionnelles, le graveur laser BOGONG Mini split vous permet de r\u00e9aliser facilement vos visions cr\u00e9atives, offrant une plateforme aux possibilit\u00e9s illimit\u00e9es.<\/p>\n<p>Surface de gravure : Surface de travail standard : 100*100mm\uff0c7.9\u00d77.9 inch (200\u00d7200 mm) et surface de travail 300*300mm en option,<\/p>\n<p>La puissance du laser que vous pouvez choisir est la suivante : 20W 30W 50W 60W 100W : 20W 30W 50W 60W 100W, et une vitesse de gravure impressionnante de 10 000 mm\/s, cette machine est id\u00e9ale pour un large \u00e9ventail de projets. (Objectifs 100*100mm et 300*300mm en option)<\/p>\n<figure id=\"attachment_7458\" aria-describedby=\"caption-attachment-7458\" style=\"width: 300px\" class=\"wp-caption alignnone\"><img decoding=\"async\" class=\"size-medium wp-image-7458\" src=\"https:\/\/bogonglaser.com\/wp-content\/uploads\/2024\/10\/bogong-new-design-1-300x225.png\" alt=\"bogong new design\" width=\"300\" height=\"225\" title=\"\" srcset=\"https:\/\/bogonglaser.com\/wp-content\/uploads\/2024\/10\/bogong-new-design-1-300x225.png 300w, https:\/\/bogonglaser.com\/wp-content\/uploads\/2024\/10\/bogong-new-design-1-600x450.png 600w, https:\/\/bogonglaser.com\/wp-content\/uploads\/2024\/10\/bogong-new-design-1-768x576.png 768w, https:\/\/bogonglaser.com\/wp-content\/uploads\/2024\/10\/bogong-new-design-1-16x12.png 16w, https:\/\/bogonglaser.com\/wp-content\/uploads\/2024\/10\/bogong-new-design-1.png 800w\" sizes=\"(max-width: 300px) 100vw, 300px\" \/><figcaption id=\"caption-attachment-7458\" class=\"wp-caption-text\">bogong new design<\/figcaption><\/figure>\n<p><iframe title=\"BOOGNG Mini Laser Engraving Machine - Votre exp\u00e9rience ultime de la gravure au laser \u00e0 fibre !\" width=\"1290\" height=\"726\" src=\"https:\/\/www.youtube.com\/embed\/DqvsGNxiQBc?feature=oembed\" frameborder=\"0\" allow=\"accelerometer; autoplay; clipboard-write; encrypted-media; gyroscope; picture-in-picture; web-share\" referrerpolicy=\"strict-origin-when-cross-origin\" allowfullscreen><\/iframe><\/p>\n<p>Interface de commande conviviale : Cette machine laser est dot\u00e9e d'un panneau de commande simple EZCAD2 et est compatible avec le logiciel LightBurn, ce qui la rend accessible aussi bien aux d\u00e9butants qu'aux utilisateurs chevronn\u00e9s. Vous pouvez vous y plonger directement et am\u00e9liorer l'efficacit\u00e9 de votre flux de travail.<\/p>\n<p>Options de mat\u00e9riaux polyvalentes : Gravez facilement sur une large gamme de mat\u00e9riaux, tels que le laiton, le carbure, le granit, l'acier inoxydable, le m\u00e9tal et le plastique. Cette flexibilit\u00e9 vous permet de donner vie \u00e0 vos projets de bricolage uniques et \u00e0 vos cr\u00e9ations artisanales.<\/p>\n<p>Conception peu encombrante : Avec un poids de 37 kg, cette machine pr\u00e9sente un design divis\u00e9 avec des colonnes hautes et une zone de traitement spacieuse, ce qui la rend id\u00e9ale pour divers environnements de travail, m\u00eame ceux qui disposent d'un espace limit\u00e9.<\/p>\n<p>Emballage protecteur : Votre machine est livr\u00e9e bien cal\u00e9e dans de la mousse pour garantir qu'elle arrive en bon \u00e9tat. En cas de probl\u00e8me pendant le transport, vous pouvez pr\u00e9tendre \u00e0 une indemnisation.<\/p>\n<p>Assistance compl\u00e8te avant la vente : Que vous pr\u00e9f\u00e9riez envoyer un courriel, t\u00e9l\u00e9phoner, discuter en ligne ou rendre visite \u00e0 notre repr\u00e9sentant, notre \u00e9quipe d\u00e9vou\u00e9e vous offre une assistance compl\u00e8te pour vous aider \u00e0 comprendre tous les aspects de la machine. Nous sommes l\u00e0 pour r\u00e9pondre \u00e0 vos questions et vous donner la confiance dont vous avez besoin.<\/p>\n<p>Assistance apr\u00e8s-vente : Nous proposons des sessions d'installation virtuelle et une assistance technique experte, ainsi qu'une garantie allant jusqu'\u00e0 2 ans (pour la machine uniquement) afin de vous assurer une tranquillit\u00e9 d'esprit.<\/p>\n<figure id=\"attachment_7459\" aria-describedby=\"caption-attachment-7459\" style=\"width: 300px\" class=\"wp-caption alignnone\"><img decoding=\"async\" class=\"size-medium wp-image-7459\" src=\"https:\/\/bogonglaser.com\/wp-content\/uploads\/2024\/10\/mini-laser-machine-1-1-300x169.jpg\" alt=\"mini machine laser\" width=\"300\" height=\"169\" title=\"\" srcset=\"https:\/\/bogonglaser.com\/wp-content\/uploads\/2024\/10\/mini-laser-machine-1-1-300x169.jpg 300w, https:\/\/bogonglaser.com\/wp-content\/uploads\/2024\/10\/mini-laser-machine-1-1-600x338.jpg 600w, https:\/\/bogonglaser.com\/wp-content\/uploads\/2024\/10\/mini-laser-machine-1-1-768x432.jpg 768w, https:\/\/bogonglaser.com\/wp-content\/uploads\/2024\/10\/mini-laser-machine-1-1-18x10.jpg 18w, https:\/\/bogonglaser.com\/wp-content\/uploads\/2024\/10\/mini-laser-machine-1-1.jpg 800w\" sizes=\"(max-width: 300px) 100vw, 300px\" \/><figcaption id=\"caption-attachment-7459\" class=\"wp-caption-text\">mini machine laser<\/figcaption><\/figure>\n<h3>Machine de gravure et de marquage laser mini split<\/h3>\n<p>Augmentez l'efficacit\u00e9 et la commodit\u00e9 tout en maximisant l'espace, ce qui en fait le choix id\u00e9al pour tous vos besoins en mati\u00e8re de gravure.<\/p>\n<figure id=\"attachment_7475\" aria-describedby=\"caption-attachment-7475\" style=\"width: 300px\" class=\"wp-caption alignnone\"><img decoding=\"async\" class=\"size-medium wp-image-7475\" src=\"https:\/\/bogonglaser.com\/wp-content\/uploads\/2024\/12\/8099368FDA9E46B0E54E09A3AD53B032-1-300x123.jpg\" alt=\"8099368FDA9E46B0E54E09A3AD53B032\" width=\"300\" height=\"123\" title=\"\" srcset=\"https:\/\/bogonglaser.com\/wp-content\/uploads\/2024\/12\/8099368FDA9E46B0E54E09A3AD53B032-1-300x123.jpg 300w, https:\/\/bogonglaser.com\/wp-content\/uploads\/2024\/12\/8099368FDA9E46B0E54E09A3AD53B032-1-600x245.jpg 600w, https:\/\/bogonglaser.com\/wp-content\/uploads\/2024\/12\/8099368FDA9E46B0E54E09A3AD53B032-1-1024x419.jpg 1024w, https:\/\/bogonglaser.com\/wp-content\/uploads\/2024\/12\/8099368FDA9E46B0E54E09A3AD53B032-1-768x314.jpg 768w, https:\/\/bogonglaser.com\/wp-content\/uploads\/2024\/12\/8099368FDA9E46B0E54E09A3AD53B032-1-18x7.jpg 18w, https:\/\/bogonglaser.com\/wp-content\/uploads\/2024\/12\/8099368FDA9E46B0E54E09A3AD53B032-1.jpg 1247w\" sizes=\"(max-width: 300px) 100vw, 300px\" \/><figcaption id=\"caption-attachment-7475\" class=\"wp-caption-text\">8099368FDA9E46B0E54E09A3AD53B032<\/figcaption><\/figure>\n<h3>Capacit\u00e9 mat\u00e9rielle<\/h3>\n<div class=\"collapsible-tab__text\">\n<p><strong>M\u00e9taux :<\/strong>\u00a0Acier inoxydable, aluminium, alliages courants, aluminium anodis\u00e9, laiton, chrome, or et argent, titane<\/p>\n<p><strong>Non-m\u00e9taux :<\/strong>\u00a0Ardoise, plastiques durs, cuir artificiel, acrylique color\u00e9<\/p>\n<\/div>\n<p><iframe title=\"Que peut faire une machine \u00e0 graver au laser de 50W ? | Machine de marquage laser \u00e0 fibre Raycus de 50 watts \u00e0 vendre\" width=\"1290\" height=\"968\" src=\"https:\/\/www.youtube.com\/embed\/1DLnYH3dJXQ?feature=oembed\" frameborder=\"0\" allow=\"accelerometer; autoplay; clipboard-write; encrypted-media; gyroscope; picture-in-picture; web-share\" referrerpolicy=\"strict-origin-when-cross-origin\" allowfullscreen><\/iframe><\/p>\n<p class=\"section-header__title\">Technologie laser avanc\u00e9e<br \/>\nLa source laser stable et r\u00e9put\u00e9e de cette machine de marquage par fibre garantit des performances constantes et fiables, avec un temps moyen de d\u00e9faillance de plus de 100 000 heures.<\/p>\n<p><iframe title=\"Comment utiliser une machine de marquage laser \u00e0 fibre \u00e9tape par \u00e9tape pour la gravure | China Laser Engraver\" width=\"1290\" height=\"726\" src=\"https:\/\/www.youtube.com\/embed\/WoOi7mteSzM?feature=oembed\" frameborder=\"0\" allow=\"accelerometer; autoplay; clipboard-write; encrypted-media; gyroscope; picture-in-picture; web-share\" referrerpolicy=\"strict-origin-when-cross-origin\" allowfullscreen><\/iframe><\/p>\n<p>Le paquet comprend<br \/>\n- 1 x Machine de marquage laser \u00e0 fibre<br \/>\n- 1 x c\u00e2ble d'alimentation<br \/>\n- 1 x P\u00e9dale<br \/>\n- 1 x paire de lunettes de s\u00e9curit\u00e9 laser<br \/>\n- 1 x cl\u00e9 USB<br \/>\n- 1 x R\u00e8gle<br \/>\n- 1 x Manuel d'instruction<\/p>\n<p>- 1 x Carte test en aluminium<\/p>\n<p>- 1 x Outils<\/p>\n<p><iframe title=\"D\u00e9ballage de la machine de gravure laser \u00e0 fibre BOGONG MINI | Best BOGONG LASER ENGRAVER\" width=\"1290\" height=\"726\" src=\"https:\/\/www.youtube.com\/embed\/_96ZvRvowGE?feature=oembed\" frameborder=\"0\" allow=\"accelerometer; autoplay; clipboard-write; encrypted-media; gyroscope; picture-in-picture; web-share\" referrerpolicy=\"strict-origin-when-cross-origin\" allowfullscreen><\/iframe><\/p>\n<h2>Comment choisir la bonne marque<\/h2>\n<p>Investir dans un <a href=\"https:\/\/bogonglaser.com\/fr\/laser-engraving-machine\/\">Machine \u00e0 graver les pistolets \u00e0 fibre laser<\/a> est une d\u00e9cision importante, il est donc essentiel de choisir une marque qui offre valeur et fiabilit\u00e9. Voici quelques facteurs importants \u00e0 prendre en compte pour choisir la marque la mieux adapt\u00e9e \u00e0 vos besoins :<\/p>\n<p>R\u00e9putation de la marque : \u00c9tudiez la r\u00e9putation et la fiabilit\u00e9 de la marque dans le secteur. Recherchez des entreprises r\u00e9put\u00e9es pour la qualit\u00e9 de leurs produits.<\/p>\n<p>Exp\u00e9rience dans le secteur : \u00c9valuez l'exp\u00e9rience et l'expertise de la marque dans le domaine de la gravure laser.<\/p>\n<p>Qualit\u00e9 des produits et innovation : Tenez compte de la qualit\u00e9 des produits et des innovations technologiques qu'ils proposent.<\/p>\n<p>Vari\u00e9t\u00e9 des mod\u00e8les : Recherchez une marque qui propose une gamme vari\u00e9e de mod\u00e8les avec des sp\u00e9cifications diff\u00e9rentes pour r\u00e9pondre \u00e0 vos besoins sp\u00e9cifiques.<\/p>\n<p>Assistance apr\u00e8s-vente : V\u00e9rifiez le niveau d'assistance apr\u00e8s-vente offert. Un service client\u00e8le fiable est essentiel pour r\u00e9soudre les probl\u00e8mes \u00e9ventuels.<\/p>\n<p>Garantie : Examinez les politiques de garantie associ\u00e9es \u00e0 leurs produits pour vous assurer que vous \u00eates prot\u00e9g\u00e9 en cas de d\u00e9fauts ou de probl\u00e8mes.<\/p>\n<p>Enfin, le prix et la valeur globale sont des \u00e9l\u00e9ments cl\u00e9s \u00e0 prendre en compte. Veillez \u00e0 consulter les commentaires et les recommandations des utilisateurs pour prendre une d\u00e9cision \u00e9clair\u00e9e.<\/p>\n<p>**Pourquoi choisir BOGONG LASER** ?<\/p>\n<p>BOGONG est r\u00e9put\u00e9 pour la qualit\u00e9 de ses \u00e9quipements laser et de son service apr\u00e8s-vente. Nos machines sont polyvalentes et conviviales, con\u00e7ues pour tous les niveaux de comp\u00e9tence. Avant tout, nous accordons la priorit\u00e9 \u00e0 la satisfaction du client. Que vous soyez un expert chevronn\u00e9 ou un d\u00e9butant, <a href=\"https:\/\/bogonglaser.com\/fr\/\">BOGONG LASER<\/a> est l\u00e0 pour vous soutenir \u00e0 chaque \u00e9tape. Faites-nous confiance et faites confiance \u00e0 notre service, o\u00f9 l'excellence et l'innovation se conjuguent pour votre r\u00e9ussite.<\/p>","protected":false},"excerpt":{"rendered":"<h2>Machine de gravure laser \u00e0 fibre mini split<\/h2>\n<p>La machine de gravure laser \u00e0 fibre BOGONG a un design divis\u00e9, un poids l\u00e9ger et une petite taille.<\/p>\n<ul class=\"tips\">\n<li>300 Sets \/ Month Waiting for Sale In Stock<\/li>\n<li>2 ans de garantie limit\u00e9e pour l'ensemble de la machine<\/li>\n<li>En ligne (PayPal) et hors ligne (T\/T, cartes de d\u00e9bit et de cr\u00e9dit)<\/li>\n<li>Support technique gratuit \u00e0 vie pour les utilisateurs finaux et les revendeurs<\/li>\n<\/ul>","protected":false},"featured_media":1639,"template":"","meta":{"_gspb_post_css":""},"product_brand":[],"product_cat":[97,93,96],"product_tag":[123,102],"class_list":{"0":"post-2118","1":"product","2":"type-product","3":"status-publish","4":"has-post-thumbnail","6":"product_cat-fiber-laser-marker","7":"product_cat-laser-engraving-machine","8":"product_cat-laser-marking-machine","9":"product_tag-fiber-laser-marking-machine","10":"product_tag-laser-marking-machine","12":"first","13":"instock","14":"shipping-taxable","15":"product-type-simple"},"_links":{"self":[{"href":"https:\/\/bogonglaser.com\/fr\/wp-json\/wp\/v2\/product\/2118","targetHints":{"allow":["GET"]}}],"collection":[{"href":"https:\/\/bogonglaser.com\/fr\/wp-json\/wp\/v2\/product"}],"about":[{"href":"https:\/\/bogonglaser.com\/fr\/wp-json\/wp\/v2\/types\/product"}],"wp:featuredmedia":[{"embeddable":true,"href":"https:\/\/bogonglaser.com\/fr\/wp-json\/wp\/v2\/media\/1639"}],"wp:attachment":[{"href":"https:\/\/bogonglaser.com\/fr\/wp-json\/wp\/v2\/media?parent=2118"}],"wp:term":[{"taxonomy":"product_brand","embeddable":true,"href":"https:\/\/bogonglaser.com\/fr\/wp-json\/wp\/v2\/product_brand?post=2118"},{"taxonomy":"product_cat","embeddable":true,"href":"https:\/\/bogonglaser.com\/fr\/wp-json\/wp\/v2\/product_cat?post=2118"},{"taxonomy":"product_tag","embeddable":true,"href":"https:\/\/bogonglaser.com\/fr\/wp-json\/wp\/v2\/product_tag?post=2118"}],"curies":[{"name":"wp","href":"https:\/\/api.w.org\/{rel}","templated":true}]}}