{"id":2099,"date":"2024-12-04T09:34:52","date_gmt":"2024-12-04T01:34:52","guid":{"rendered":"https:\/\/bogonglaser.com\/?post_type=product&#038;p=2099"},"modified":"2025-12-10T16:19:29","modified_gmt":"2025-12-10T08:19:29","slug":"automatic-loading-laser-tube-cutting-machine","status":"publish","type":"product","link":"https:\/\/bogonglaser.com\/fr\/automatic-loading-laser-tube-cutting-machine\/","title":{"rendered":"Machine de d\u00e9coupe de tubes au laser \u00e0 chargement automatique"},"content":{"rendered":"<p>Machine automatique de d\u00e9coupe de tubes au laser<\/p>\n<p>The Automatic Tube Laser Cutting Machine features a unique upper feeding structure that optimizes space efficiency.<\/p>\n<p>1. Trois mandrins sont serr\u00e9s en m\u00eame temps pour \u00e9viter la d\u00e9formation du tube.<br \/>\n2. Le tuyau est automatiquement align\u00e9 pour \u00e9viter qu'il ne bascule.<br \/>\n3. Peut \u00eatre \u00e9quip\u00e9 d'un syst\u00e8me de chargement et de d\u00e9chargement automatique, ce qui permet d'\u00e9conomiser de la main-d'\u0153uvre.<br \/>\n4. La double fonction de traction permet de traiter les raccords de tuyauterie ultra-longs.<br \/>\n5. Support flottant central et support d'obturation de suivi<br \/>\n6. Emp\u00eache l'affaissement du tube, le d\u00e9coupage auxiliaire, assure la pr\u00e9cision de la coupe.<br \/>\n7. Conception \u00e9tanche \u00e0 la poussi\u00e8re, am\u00e9liorant la dur\u00e9e de vie de la structure<br \/>\n8. Il peut \u00eatre \u00e9quip\u00e9 d'une t\u00eate de d\u00e9coupe laser sp\u00e9ciale pour s'adapter \u00e0 tout traitement complexe de d\u00e9coupe de tuyaux.<br \/>\n9. \u00c9vitement de la carte du milieu, serrage du troisi\u00e8me mandrin, possibilit\u00e9 de conversion d'un bout \u00e0 l'autre, facilit\u00e9 de l'absence de queue de mat\u00e9riau.<\/p>\n<p><img decoding=\"async\" class=\"size-medium wp-image-7380\" src=\"https:\/\/bogonglaser.com\/wp-content\/uploads\/2024\/12\/Automatic-feeding-pipe-cutting-machine-300x300.jpg\" alt=\"Automatic feeding pipe cutting machine\" width=\"300\" height=\"300\" title=\"\" srcset=\"https:\/\/bogonglaser.com\/wp-content\/uploads\/2024\/12\/Automatic-feeding-pipe-cutting-machine-300x300.jpg 300w, https:\/\/bogonglaser.com\/wp-content\/uploads\/2024\/12\/Automatic-feeding-pipe-cutting-machine-100x100.jpg 100w, https:\/\/bogonglaser.com\/wp-content\/uploads\/2024\/12\/Automatic-feeding-pipe-cutting-machine-600x600.jpg 600w, https:\/\/bogonglaser.com\/wp-content\/uploads\/2024\/12\/Automatic-feeding-pipe-cutting-machine-150x150.jpg 150w, https:\/\/bogonglaser.com\/wp-content\/uploads\/2024\/12\/Automatic-feeding-pipe-cutting-machine-12x12.jpg 12w, https:\/\/bogonglaser.com\/wp-content\/uploads\/2024\/12\/Automatic-feeding-pipe-cutting-machine.jpg 750w\" sizes=\"(max-width: 300px) 100vw, 300px\" \/><\/p>\n<p>&nbsp;<\/p>\n<p><strong>Diam\u00e8tre du tube :<\/strong><\/p>\n<p>Cette machine traite des tuyaux d'un diam\u00e8tre allant de \u03c6 10 \u00e0 \u03c6 180 pour l'alimentation automatique, si le chargement du tuyau se fait manuellement, le diam\u00e8tre maximum de la d\u00e9coupeuse laser est de 240 mm.<\/p>\n<p>&nbsp;<\/p>\n<p>Avantages :<\/p>\n<p>- La vitesse de coupe rapide et l'efficacit\u00e9 \u00e9lev\u00e9e garantissent la productivit\u00e9.<br \/>\n- Fonctionnement s\u00fbr et performances stables.<br \/>\n- Des coupes de haute qualit\u00e9 avec un minimum de d\u00e9formation, pour une finition lisse et attrayante.<br \/>\n- \u00c9quip\u00e9 de servomoteurs et de rails de guidage import\u00e9s pour une meilleure pr\u00e9cision de coupe.<br \/>\n- Le logiciel convivial permet le traitement en temps r\u00e9el de divers graphiques et textes, offrant ainsi un fonctionnement flexible et simple.<\/p>\n<p>&nbsp;<\/p>\n<p>Autre d\u00e9coupeur laser de tubes :<\/p>\n<p>Offre des modes de fonctionnement manuel et automatique.<\/p>\n<div class=\"sub-header-divs\">\n<h3>Performance<\/h3>\n<\/div>\n<ul>\n<li>Milieu laser - Laser \u00e0 fibre CW 1070nm \u00e0 l'\u00e9tat solide<\/li>\n<li>Puissance du laser - 1500W -6000W Options de la source de fibres<\/li>\n<li>Puissance - <strong>220v monophas\u00e9 \/ 380V triphas\u00e9<\/strong><\/li>\n<li>Pr\u00e9cision de positionnement - \u2264\u00b10,03mm<\/li>\n<li>Pr\u00e9cision de la r\u00e9p\u00e9tabilit\u00e9 - \u2264\u00b10,02mm<\/li>\n<\/ul>\n<div class=\"sub-header-divs\">\n<h3>Syst\u00e8me<\/h3>\n<\/div>\n<ul>\n<li>Syst\u00e8me de conduite - Servo en boucle ferm\u00e9e<\/li>\n<li>Mode de refroidissement - Eau r\u00e9frig\u00e9r\u00e9e<\/li>\n<\/ul>\n<p><iframe title=\"Machine professionnelle de d\u00e9coupe de tubes m\u00e9talliques au laser \u00e0 fibres optiques | Machine de d\u00e9coupe de tubes au laser\" width=\"1290\" height=\"726\" src=\"https:\/\/www.youtube.com\/embed\/P8_Y7zygTnw?feature=oembed\" frameborder=\"0\" allow=\"accelerometer; autoplay; clipboard-write; encrypted-media; gyroscope; picture-in-picture; web-share\" referrerpolicy=\"strict-origin-when-cross-origin\" allowfullscreen><\/iframe><\/p>\n<p>BOGONG est r\u00e9put\u00e9 pour la qualit\u00e9 de ses \u00e9quipements laser et de son service apr\u00e8s-vente. Nos machines sont polyvalentes et conviviales, con\u00e7ues pour tous les niveaux de comp\u00e9tence. Par-dessus tout, nous accordons la priorit\u00e9 \u00e0 la satisfaction du client. Que vous soyez un expert chevronn\u00e9 ou un d\u00e9butant, BOGONG LASER est l\u00e0 pour vous aider \u00e0 chaque \u00e9tape. Faites-nous confiance et faites confiance \u00e0 notre service, o\u00f9 l'excellence et l'innovation se conjuguent pour votre r\u00e9ussite.<\/p>","protected":false},"excerpt":{"rendered":"<p>Elle est capable de traiter une vari\u00e9t\u00e9 de mat\u00e9riaux m\u00e9talliques, y compris les tubes en acier inoxydable, les tubes en acier au carbone et les tubes galvanis\u00e9s. Cette machine est largement utilis\u00e9e dans des industries telles que la fabrication de m\u00e9taux, la production d'ustensiles de cuisine, les mat\u00e9riaux d\u00e9coratifs, les armoires, etc.<\/p>\n<ul class=\"tips\">\n<li>10 Sets \/ Month Waiting for Sale In Stock<\/li>\n<li>2 ans de garantie limit\u00e9e pour l'ensemble de la machine<\/li>\n<li>En ligne (PayPal) et hors ligne (T\/T, cartes de d\u00e9bit et de cr\u00e9dit)<\/li>\n<li>Support technique gratuit \u00e0 vie pour les utilisateurs finaux et les revendeurs<\/li>\n<\/ul>","protected":false},"featured_media":2101,"template":"","meta":{"_gspb_post_css":""},"product_brand":[],"product_cat":[117,92,118],"product_tag":[122,105],"class_list":{"0":"post-2099","1":"product","2":"type-product","3":"status-publish","4":"has-post-thumbnail","6":"product_cat-fiber-laser-cutting-machine","7":"product_cat-laser-cutting-machine","8":"product_cat-laser-metal-cutting-machine","9":"product_tag-auto-tube-laser-cutting-machine","10":"product_tag-fiber-laser-cutting-machine","12":"first","13":"instock","14":"shipping-taxable","15":"product-type-simple"},"_links":{"self":[{"href":"https:\/\/bogonglaser.com\/fr\/wp-json\/wp\/v2\/product\/2099","targetHints":{"allow":["GET"]}}],"collection":[{"href":"https:\/\/bogonglaser.com\/fr\/wp-json\/wp\/v2\/product"}],"about":[{"href":"https:\/\/bogonglaser.com\/fr\/wp-json\/wp\/v2\/types\/product"}],"wp:featuredmedia":[{"embeddable":true,"href":"https:\/\/bogonglaser.com\/fr\/wp-json\/wp\/v2\/media\/2101"}],"wp:attachment":[{"href":"https:\/\/bogonglaser.com\/fr\/wp-json\/wp\/v2\/media?parent=2099"}],"wp:term":[{"taxonomy":"product_brand","embeddable":true,"href":"https:\/\/bogonglaser.com\/fr\/wp-json\/wp\/v2\/product_brand?post=2099"},{"taxonomy":"product_cat","embeddable":true,"href":"https:\/\/bogonglaser.com\/fr\/wp-json\/wp\/v2\/product_cat?post=2099"},{"taxonomy":"product_tag","embeddable":true,"href":"https:\/\/bogonglaser.com\/fr\/wp-json\/wp\/v2\/product_tag?post=2099"}],"curies":[{"name":"wp","href":"https:\/\/api.w.org\/{rel}","templated":true}]}}