{"id":2079,"date":"2024-11-03T15:07:59","date_gmt":"2024-11-03T07:07:59","guid":{"rendered":"https:\/\/bogonglaser.com\/?post_type=product&#038;p=2079"},"modified":"2025-12-10T16:28:51","modified_gmt":"2025-12-10T08:28:51","slug":"co2-laser-engraver-cutter","status":"publish","type":"product","link":"https:\/\/bogonglaser.com\/fr\/co2-laser-engraver-cutter\/","title":{"rendered":"Graveur laser CO2"},"content":{"rendered":"<p>Les syst\u00e8mes laser CO2 \u00e0 grande vitesse sont des outils abordables, conviviaux et flexibles qui peuvent donner un coup de fouet \u00e0 une nouvelle entreprise ou augmenter les b\u00e9n\u00e9fices de votre entreprise existante. Vous pouvez comparer nos machines de gravure et de d\u00e9coupe laser \u00e0 une imprimante \u00e0 encre de bureau. Elles utilisent une technologie similaire de contr\u00f4le des mouvements pour donner vie \u00e0 vos images. Au lieu d'imprimer des points d'encre sur du papier, nos syst\u00e8mes utilisent un faisceau laser CO2 pour graver, d\u00e9couper et graver vos dessins dans une large gamme de mat\u00e9riaux.<\/p>\n<figure id=\"attachment_7387\" aria-describedby=\"caption-attachment-7387\" style=\"width: 300px\" class=\"wp-caption alignnone\"><img decoding=\"async\" class=\"size-medium wp-image-7387\" src=\"https:\/\/bogonglaser.com\/wp-content\/uploads\/2024\/11\/CO2-Laser-Engraver-Cutter-300x300.jpg\" alt=\"Graveur laser CO2\" width=\"300\" height=\"300\" title=\"\" srcset=\"https:\/\/bogonglaser.com\/wp-content\/uploads\/2024\/11\/CO2-Laser-Engraver-Cutter-300x300.jpg 300w, https:\/\/bogonglaser.com\/wp-content\/uploads\/2024\/11\/CO2-Laser-Engraver-Cutter-100x100.jpg 100w, https:\/\/bogonglaser.com\/wp-content\/uploads\/2024\/11\/CO2-Laser-Engraver-Cutter-150x150.jpg 150w, https:\/\/bogonglaser.com\/wp-content\/uploads\/2024\/11\/CO2-Laser-Engraver-Cutter-12x12.jpg 12w, https:\/\/bogonglaser.com\/wp-content\/uploads\/2024\/11\/CO2-Laser-Engraver-Cutter.jpg 600w\" sizes=\"(max-width: 300px) 100vw, 300px\" \/><figcaption id=\"caption-attachment-7387\" class=\"wp-caption-text\">Graveur laser CO2<\/figcaption><\/figure>\n<div class=\"sub-header-1-div\">\n<h3>CARACT\u00c9RISTIQUES PRINCIPALES<\/h3>\n<\/div>\n<ul>\n<li>Puissance du laser - 60w 80w 100w 150W 180W<\/li>\n<li>Tube laser - Tube laser CO2, longueur d'onde 10,6 \u00b5m (CO2) <strong>Dur\u00e9e de vie : jusqu'\u00e0\u00a0<\/strong>10 000 heures<\/li>\n<li>Zone de travail - 400*300mm, 900*600mm, 1300*900mm, 1600*100mm, 1300 mm x 2500 mm, etc.<\/li>\n<li>Logiciel : RDWorks<\/li>\n<li>Plate-forme de travail - Lame de couteau<\/li>\n<li>Alimentation - AC 110V (\u00b110%) 60Hz\/ AC 220V 50Hz<\/li>\n<li>Transmission - Moteur pas \u00e0 pas \/ courroies LeadShine (possibilit\u00e9 de mise \u00e0 niveau du servomoteur).<\/li>\n<li>Connexion - C\u00e2ble USB \/ C\u00e2ble Ethernet<\/li>\n<li>Certification - CE, ISO<\/li>\n<li>Classe - Classe 4 laser<\/li>\n<\/ul>\n<h2>Que pouvons-nous faire pour vous ?<\/h2>\n<ul>\n<li><span class=\"magic-19\"><b class=\"magic-19\"><span class=\"magic-18\">\u00c9chantillons gratuits -<\/span><\/b><span class=\"magic-20\" data-spm-anchor-id=\"a2700.details.0.i41.41d82402R4aegi\">Nous pouvons effectuer gratuitement des tests d'effet de marquage en fonction du mat\u00e9riau de votre produit.<\/span><\/span><\/li>\n<li><span class=\"magic-19\"><b class=\"magic-19\"><span class=\"magic-18\">Vid\u00e9o en direct<\/span><\/b><span class=\"magic-20\">Vous pouvez contacter nos conseillers commerciaux pour visionner le processus de production et le fonctionnement de la machine dans une vid\u00e9o en ligne.<\/span><\/span><\/li>\n<li><span class=\"magic-19\"><b class=\"magic-19\"><span class=\"magic-18\">Sur mesure \/OEM-<\/span><\/b><span class=\"magic-20\" data-spm-anchor-id=\"a2700.details.0.i40.41d82402R4aegi\">Machines personnalis\u00e9es sur demande\uff0cContactez-nous<\/span><\/span><\/li>\n<\/ul>\n<p><iframe title=\"COMMENT FONCTIONNE UN LASER CO2 ?  |Logiciel Ruida d&#039;exploitation d&#039;une machine laser CO2\" width=\"1290\" height=\"726\" src=\"https:\/\/www.youtube.com\/embed\/90ApOcSD6OI?feature=oembed\" frameborder=\"0\" allow=\"accelerometer; autoplay; clipboard-write; encrypted-media; gyroscope; picture-in-picture; web-share\" referrerpolicy=\"strict-origin-when-cross-origin\" allowfullscreen><\/iframe><\/p>\n<h3>Quelles sont les pi\u00e8ces \u00e0 choisir pour la machine de gravure laser CO2 ?<\/h3>\n<ul>\n<li>Dispositif rotatif : il existe plusieurs dispositifs rotatifs avec des styles et des diam\u00e8tres de pinces diff\u00e9rents, comme 50D 65D 80D.<\/li>\n<\/ul>\n<p>Conditions de paiement pour la machine de gravure laser CO2<\/p>\n<p>1. D\u00e9p\u00f4t et solde : Un d\u00e9p\u00f4t 30% T\/T est exig\u00e9 \u00e0 l'avance, le solde \u00e9tant d\u00fb avant l'exp\u00e9dition.<\/p>\n<p>2. Alibaba Trade Assurance : Les paiements peuvent \u00eatre effectu\u00e9s par l'interm\u00e9diaire d'Alibaba Trade Assurance.<\/p>\n<p>FAQ sur la machine de gravure laser CO2<\/p>\n<p>Quel est l'emballage du <strong>Machine de gravure laser CO2<\/strong>?<br \/>\nNos machines sont emball\u00e9es en trois couches. La couche ext\u00e9rieure est constitu\u00e9e d'une caisse en bois, la couche interm\u00e9diaire comporte un rembourrage en mousse pour prot\u00e9ger contre les secousses, et la couche int\u00e9rieure comprend un sac en plastique \u00e9pais pour l'\u00e9tanch\u00e9it\u00e9.<\/p>\n<p>Le colis sera-t-il endommag\u00e9 pendant le transport ?<br \/>\nNous concevons m\u00e9ticuleusement nos emballages afin de tenir compte de tous les facteurs de dommages potentiels, et nos agents d'exp\u00e9dition ont l'exp\u00e9rience d'un transport s\u00fbr. Nous avons export\u00e9 avec succ\u00e8s vers 180 pays, vous pouvez donc \u00eatre assur\u00e9 que votre colis arrivera en excellent \u00e9tat.<\/p>","protected":false},"excerpt":{"rendered":"<h2>CO2 Laser Engraving Cutting Machine<\/h2>\n<p>Are you looking for a CO2 laser cutting machine that can effortlessly handle thicker materials? If so, the <a href=\"https:\/\/bogonglaser.com\/\">BOGONG laser<\/a> could be just what you need. Models like the 80W CO2 laser cutter not only boost your capabilities and efficiency as a small business owner but also make the experience of laser cutting and engraving enjoyable and accessible, even for beginners.<\/p>\n<ul class=\"tips\">\n<li>350 Sets \/ Month Waiting for Sale In Stock<\/li>\n<li>2 Years Limited Warranty for Entire Machine<\/li>\n<li>3-5 days prepare laser machine, 3-7days transport.<\/li>\n<li>Online (PayPal) &amp; Offline (T\/T, Debit &amp; Credit Cards)<\/li>\n<\/ul>\n<hr \/>\n<h4><strong>Get a Quote<\/strong><\/h4>\n<p>[contact-form-7 id=&#8221;029fbc1&#8243; title=&#8221;Products Form&#8221;]<\/p>\n","protected":false},"featured_media":2090,"template":"","meta":{"_gspb_post_css":""},"product_brand":[],"product_cat":[120,92],"product_tag":[121],"class_list":{"0":"post-2079","1":"product","2":"type-product","3":"status-publish","4":"has-post-thumbnail","6":"product_cat-co2-laser-cutter","7":"product_cat-laser-cutting-machine","8":"product_tag-co2-laser-cutting-machine","10":"first","11":"instock","12":"shipping-taxable","13":"product-type-simple"},"_links":{"self":[{"href":"https:\/\/bogonglaser.com\/fr\/wp-json\/wp\/v2\/product\/2079","targetHints":{"allow":["GET"]}}],"collection":[{"href":"https:\/\/bogonglaser.com\/fr\/wp-json\/wp\/v2\/product"}],"about":[{"href":"https:\/\/bogonglaser.com\/fr\/wp-json\/wp\/v2\/types\/product"}],"wp:featuredmedia":[{"embeddable":true,"href":"https:\/\/bogonglaser.com\/fr\/wp-json\/wp\/v2\/media\/2090"}],"wp:attachment":[{"href":"https:\/\/bogonglaser.com\/fr\/wp-json\/wp\/v2\/media?parent=2079"}],"wp:term":[{"taxonomy":"product_brand","embeddable":true,"href":"https:\/\/bogonglaser.com\/fr\/wp-json\/wp\/v2\/product_brand?post=2079"},{"taxonomy":"product_cat","embeddable":true,"href":"https:\/\/bogonglaser.com\/fr\/wp-json\/wp\/v2\/product_cat?post=2079"},{"taxonomy":"product_tag","embeddable":true,"href":"https:\/\/bogonglaser.com\/fr\/wp-json\/wp\/v2\/product_tag?post=2079"}],"curies":[{"name":"wp","href":"https:\/\/api.w.org\/{rel}","templated":true}]}}