{"id":2075,"date":"2024-12-02T15:16:04","date_gmt":"2024-12-02T07:16:04","guid":{"rendered":"https:\/\/bogonglaser.com\/?post_type=product&#038;p=2075"},"modified":"2025-12-10T16:33:52","modified_gmt":"2025-12-10T08:33:52","slug":"all-in-one-fiber-laser-metal-cutting-machine-tube-and-metal-sheet-laser-cutting-machine","status":"publish","type":"product","link":"https:\/\/bogonglaser.com\/fr\/all-in-one-fiber-laser-metal-cutting-machine-tube-and-metal-sheet-laser-cutting-machine\/","title":{"rendered":"Machine de d\u00e9coupe laser \u00e0 fibre combin\u00e9e pour plaques et tubes"},"content":{"rendered":"<p>Une machine de d\u00e9coupe laser pour t\u00f4les et tubes est polyvalente, capable de d\u00e9couper non seulement des t\u00f4les mais aussi des tubes. Ce syst\u00e8me de d\u00e9coupe laser \u00e0 fibre int\u00e8gre \u00e0 la fois des fonctions de traitement des t\u00f4les et des tubes, r\u00e9pondant \u00e0 une vari\u00e9t\u00e9 de besoins des clients tels que la d\u00e9coupe en biseau, le per\u00e7age et le rainurage. Cette combinaison permet de r\u00e9duire consid\u00e9rablement les co\u00fbts et l'espace tout en am\u00e9liorant l'efficacit\u00e9 de la production.<\/p>\n<p>Qu'elles travaillent avec des mat\u00e9riaux m\u00e9talliques ou non m\u00e9talliques, les machines de d\u00e9coupe laser de t\u00f4les et de tubes peuvent d\u00e9couper avec pr\u00e9cision diverses formes et tailles de tubes et de t\u00f4les. Elles produisent des bords de haute qualit\u00e9 qui ne n\u00e9cessitent g\u00e9n\u00e9ralement pas de nettoyage, de traitement ou de finition suppl\u00e9mentaires, ce qui minimise le besoin d'op\u00e9rations secondaires.<\/p>\n<p>Ces <a href=\"https:\/\/bogonglaser.com\/fr\/fiber-laser-cutter\/\">Machines de d\u00e9coupe laser \u00e0 fibre CNC<\/a> peuvent facilement ajuster les r\u00e9glages du laser pour s'adapter \u00e0 diff\u00e9rents types de mat\u00e9riaux et d'\u00e9paisseurs, allant de 1 \u00e0 200 mm. Ils conviennent \u00e0 un large \u00e9ventail de mat\u00e9riaux m\u00e9talliques, notamment l'acier inoxydable, l'acier au carbone, le cuivre, l'aluminium, le laiton, l'or, l'argent, le fer, le titane, les t\u00f4les galvanis\u00e9es et divers alliages.<\/p>\n<div class=\"sub-header-divs\">\n<h3>Performance<\/h3>\n<\/div>\n<ul>\n<li>Milieu laser - Laser \u00e0 fibre CW 1070nm \u00e0 l'\u00e9tat solide<\/li>\n<li>Puissance du laser - 1500W -10000W Options de la source de fibres<\/li>\n<li>Puissance - <strong>\u00a0380V 3 phases<\/strong><\/li>\n<li>Pr\u00e9cision de positionnement - \u2264\u00b10,03mm<\/li>\n<li>Pr\u00e9cision de la r\u00e9p\u00e9tabilit\u00e9 - \u2264\u00b10,02mm<\/li>\n<\/ul>\n<div class=\"sub-header-divs\">\n<h3>Syst\u00e8me<\/h3>\n<\/div>\n<ul>\n<li>Syst\u00e8me de conduite - Servo en boucle ferm\u00e9e<\/li>\n<li>Mode de refroidissement - Eau r\u00e9frig\u00e9r\u00e9e<\/li>\n<\/ul>\n<p>Les d\u00e9coupeurs laser \u00e0 fibre pour feuilles et tubes offrent deux fonctions en une seule machine, ce qui permet d'optimiser l'espace et de r\u00e9duire les co\u00fbts tout en \u00e9tant flexible et polyvalent. Demandez un devis maintenant !<\/p>\n<p>BOGONG est r\u00e9put\u00e9 pour la qualit\u00e9 de ses \u00e9quipements laser et de son service apr\u00e8s-vente. Nos machines sont polyvalentes et conviviales, con\u00e7ues pour tous les niveaux de comp\u00e9tence. Avant tout, nous accordons la priorit\u00e9 \u00e0 la satisfaction du client. Que vous soyez un expert chevronn\u00e9 ou un d\u00e9butant, <a href=\"https:\/\/bogonglaser.com\/fr\/\">BOGONG LASER<\/a> est l\u00e0 pour vous soutenir \u00e0 chaque \u00e9tape. Faites-nous confiance et faites confiance \u00e0 notre service, o\u00f9 l'excellence et l'innovation se conjuguent pour votre r\u00e9ussite.<\/p>","protected":false},"excerpt":{"rendered":"<p>The sheet and tube laser cutting machine is designed to cut a variety of common metal materials, including stainless steel, aluminum alloy, copper, titanium alloy, carbon steel, and various alloy steels. When working with sheet metal, the machine can handle sheet metal. For tube cutting, it can process tubes of various diameters and wall thicknesses, with common diameters ranging from 20 mm to 200 mm. The integrated functionality and high efficiency of this sheet and tube laser cutting machine make it an essential tool in today\u2019s metal processing industry.<\/p>\n<ul class=\"tips\">\n<li>20 Sets \/ Month Waiting for Sale In Stock<\/li>\n<li>2 Years Limited Warranty for Entire Machine<\/li>\n<li>Online (PayPal) &amp; Offline (T\/T, Debit &amp; Credit Cards)<\/li>\n<li>Lifetime Free Technical Support for End-Users &amp; Dealers<\/li>\n<\/ul>\n<hr \/>\n<h4><strong>Get a Quote<\/strong><\/h4>\n<p>[contact-form-7 id=&#8221;029fbc1&#8243; title=&#8221;Products Form&#8221;]<\/p>\n","protected":false},"featured_media":2077,"template":"","meta":{"_gspb_post_css":""},"product_brand":[],"product_cat":[117,92,118],"product_tag":[105,106],"class_list":{"0":"post-2075","1":"product","2":"type-product","3":"status-publish","4":"has-post-thumbnail","6":"product_cat-fiber-laser-cutting-machine","7":"product_cat-laser-cutting-machine","8":"product_cat-laser-metal-cutting-machine","9":"product_tag-fiber-laser-cutting-machine","10":"product_tag-laser-cutting-machine","12":"first","13":"instock","14":"shipping-taxable","15":"product-type-simple"},"_links":{"self":[{"href":"https:\/\/bogonglaser.com\/fr\/wp-json\/wp\/v2\/product\/2075","targetHints":{"allow":["GET"]}}],"collection":[{"href":"https:\/\/bogonglaser.com\/fr\/wp-json\/wp\/v2\/product"}],"about":[{"href":"https:\/\/bogonglaser.com\/fr\/wp-json\/wp\/v2\/types\/product"}],"wp:featuredmedia":[{"embeddable":true,"href":"https:\/\/bogonglaser.com\/fr\/wp-json\/wp\/v2\/media\/2077"}],"wp:attachment":[{"href":"https:\/\/bogonglaser.com\/fr\/wp-json\/wp\/v2\/media?parent=2075"}],"wp:term":[{"taxonomy":"product_brand","embeddable":true,"href":"https:\/\/bogonglaser.com\/fr\/wp-json\/wp\/v2\/product_brand?post=2075"},{"taxonomy":"product_cat","embeddable":true,"href":"https:\/\/bogonglaser.com\/fr\/wp-json\/wp\/v2\/product_cat?post=2075"},{"taxonomy":"product_tag","embeddable":true,"href":"https:\/\/bogonglaser.com\/fr\/wp-json\/wp\/v2\/product_tag?post=2075"}],"curies":[{"name":"wp","href":"https:\/\/api.w.org\/{rel}","templated":true}]}}