{"id":2038,"date":"2024-11-29T15:39:51","date_gmt":"2024-11-29T07:39:51","guid":{"rendered":"https:\/\/bogonglaser.com\/?post_type=product&#038;p=2038"},"modified":"2025-12-10T18:13:03","modified_gmt":"2025-12-10T10:13:03","slug":"trolley-case-type-laser-cleaning-machine","status":"publish","type":"product","link":"https:\/\/bogonglaser.com\/fr\/trolley-case-type-laser-cleaning-machine\/","title":{"rendered":"Machine de nettoyage laser de type valise \u00e0 roulettes"},"content":{"rendered":"<div class=\"vc_row wpb_row vc_row-fluid\">\n<div class=\"wpb_column vc_column_container vc_col-sm-12\">\n<div class=\"vc_column-inner\">\n<div class=\"wpb_wrapper\">\n<div class=\"wpb_text_column wpb_content_element\">\n<div class=\"wpb_wrapper\">\n<div class=\"Content-module__content___jmKA6 _content_dc5hu_45\">\n<div class=\"react-scroll-to-bottom--css-kubvu-79elbk _chat-scroller_g10pz_99\">\n<div class=\"react-scroll-to-bottom--css-kubvu-1n7m0yu _chat-scroller__scroll_g10pz_102\">\n<div class=\"_message-list_g10pz_92\">\n<div class=\"_container_g10pz_1\">\n<div class=\"_container__content_g10pz_14\">\n<div class=\"_container__message_g10pz_41 _container__message--assistant_g10pz_61\">\n<div class=\"_message_g10pz_27\">\n<div class=\"_message__content_g10pz_53\">\n<div class=\"MessageContent-module__message-content___Am59P MessageContent-module__message-content--markdown___oLH9Y\">\n<p>Que peut faire cette machine ?<\/p>\n<p>\u2013 Removing natural oxide films from aluminum alloys before welding.<br \/>\n\u2013 Cleaning black ash oxide after welding battery trays.<br \/>\n\u2013 Preparing train bogie welds for flaw detection.<br \/>\n\u2013 Cleaning automotive sheet metal parts prior to refurbishment.<br \/>\n\u2013 Accessing hard-to-reach areas that traditional wire brushes cannot clean.<\/p>\n<p>Cette polyvalence fait de ce produit un outil essentiel pour maintenir l'int\u00e9grit\u00e9 structurelle et garantir la qualit\u00e9 dans diverses industries.<\/p>\n<\/div>\n<\/div>\n<\/div>\n<\/div>\n<\/div>\n<\/div>\n<\/div>\n<\/div>\n<\/div>\n<\/div>\n<\/div>\n<\/div>\n<\/div>\n<\/div>\n<\/div>\n<\/div>\n<div class=\"vc_row wpb_row vc_row-fluid\">\n<div class=\"wpb_column vc_column_container vc_col-sm-12\">\n<div class=\"vc_column-inner\">\n<div class=\"wpb_wrapper\">\n<div class=\"wpb_single_image wpb_content_element vc_align_left wpb_content_element\">\n<figure class=\"wpb_wrapper vc_figure\">\n<div class=\"vc_single_image-wrapper   vc_box_border_grey\"><img decoding=\"async\" class=\"vc_single_image-img attachment-full\" title=\"300~500w\u62c9\u7bb1\u5f0f\u6e05\u6d17\u673a6\" src=\"https:\/\/bogonglaser.com\/wp-content\/uploads\/2024\/11\/300500w%E6%8B%89%E7%AE%B1%E5%BC%8F%E6%B8%85%E6%B4%97%E6%9C%BA6.png\" sizes=\"auto, (max-width: 600px) 100vw, 600px\" srcset=\"https:\/\/bogonglaser.com\/wp-content\/uploads\/2024\/11\/300500w\u62c9\u7bb1\u5f0f\u6e05\u6d17\u673a6.png 600w, https:\/\/bogonglaser.com\/wp-content\/uploads\/2024\/11\/300500w\u62c9\u7bb1\u5f0f\u6e05\u6d17\u673a6-300x300.png 300w, https:\/\/bogonglaser.com\/wp-content\/uploads\/2024\/11\/300500w\u62c9\u7bb1\u5f0f\u6e05\u6d17\u673a6-150x150.png 150w, https:\/\/bogonglaser.com\/wp-content\/uploads\/2024\/11\/300500w\u62c9\u7bb1\u5f0f\u6e05\u6d17\u673a6-100x100.png 100w\" alt=\"Nettoyeur laser de type laggage\" width=\"600\" height=\"600\" \/><\/div>\n<\/figure>\n<\/div>\n<\/div>\n<\/div>\n<\/div>\n<\/div>\n<div class=\"vc_row wpb_row vc_row-fluid\">\n<div class=\"wpb_column vc_column_container vc_col-sm-12\">\n<div class=\"vc_column-inner\">\n<div class=\"wpb_wrapper\">\n<div class=\"wpb_text_column wpb_content_element\">\n<div class=\"wpb_wrapper\">\n<div class=\"Content-module__content___jmKA6 _content_dc5hu_45\">\n<div class=\"react-scroll-to-bottom--css-kubvu-79elbk _chat-scroller_g10pz_99\">\n<div class=\"react-scroll-to-bottom--css-kubvu-1n7m0yu _chat-scroller__scroll_g10pz_102\">\n<div class=\"_message-list_g10pz_92\">\n<div class=\"_container_g10pz_1\">\n<div class=\"_container__content_g10pz_14\">\n<div class=\"_container__message_g10pz_41 _container__message--assistant_g10pz_61\">\n<div class=\"_message_g10pz_27\">\n<div class=\"_message__content_g10pz_53\">\n<div class=\"MessageContent-module__message-content___Am59P MessageContent-module__message-content--markdown___oLH9Y\">\n<h2>Avantages de la machine de nettoyage laser \u00e0 chariot ?<\/h2>\n<p>Trolley type laser cleaning machine also belong to Pulse laser cleaning technology, which use 100w\/200w\/300w pulse laser source inside. this kind of laggage type\u00a0laser cleaning machine\u00a0with strong nonmetal case, light weight, and easy move. This method is highly efficient and gentle, ensuring that it doesn\u2019t damage the surfaces of the materials being cleaned, making it perfect for a range of applications.<\/p>\n<\/div>\n<\/div>\n<\/div>\n<\/div>\n<\/div>\n<\/div>\n<\/div>\n<\/div>\n<\/div>\n<\/div>\n<\/div>\n<\/div>\n<\/div>\n<\/div>\n<\/div>\n<\/div>\n<div class=\"vc_row wpb_row vc_row-fluid\">\n<div class=\"wpb_column vc_column_container vc_col-sm-12\">\n<div class=\"vc_column-inner\">\n<div class=\"wpb_wrapper\">\n<div class=\"wpb_text_column wpb_content_element\">\n<div class=\"wpb_wrapper\">\n<div class=\"Content-module__content___jmKA6 _content_dc5hu_45\">\n<div class=\"react-scroll-to-bottom--css-kubvu-79elbk _chat-scroller_g10pz_99\">\n<div class=\"react-scroll-to-bottom--css-kubvu-1n7m0yu _chat-scroller__scroll_g10pz_102\">\n<div class=\"_message-list_g10pz_92\">\n<div class=\"_container_g10pz_1\">\n<div class=\"_container__content_g10pz_14\">\n<div class=\"_container__message_g10pz_41 _container__message--assistant_g10pz_61\">\n<div class=\"_message_g10pz_27\">\n<div class=\"_message__content_g10pz_53\">\n<div class=\"MessageContent-module__message-content___Am59P MessageContent-module__message-content--markdown___oLH9Y\">\n<p>Les principales caract\u00e9ristiques sont les suivantes<\/p>\n<\/div>\n<\/div>\n<\/div>\n<\/div>\n<\/div>\n<\/div>\n<\/div>\n<\/div>\n<\/div>\n<\/div>\n<ul>\n<li>Type de laser : Laser MOPA<br \/>\nPuissance du laser : 100W\/200W\/300W<br \/>\nPlage de sortie (si r\u00e9glable) : 0-100%<br \/>\nFormation des impulsions : MOPA (facteur de qualit\u00e9)<br \/>\nG\u00e9n\u00e9rateur laser : JPT<br \/>\nType de refroidissement : Refroidissement par air<br \/>\nApr\u00e8s la vente : 2 ans<\/li>\n<\/ul>\n<\/div>\n<\/div>\n<div class=\"wpb_video_widget wpb_content_element vc_clearfix   vc_video-aspect-ratio-169 vc_video-el-width-80 vc_video-align-left\">\n<div class=\"wpb_wrapper\">\n<h2 class=\"wpb_heading wpb_video_heading\">Valise trolley pour machine de nettoyage laser Show<\/h2>\n<div class=\"wpb_video_wrapper\">\n<p><iframe title=\"Valise \u00e0 roulettes Pulse Laser Cleaner\" width=\"1290\" height=\"726\" src=\"https:\/\/www.youtube.com\/embed\/5ubKrUXY2Q8?feature=oembed\" frameborder=\"0\" allow=\"accelerometer; autoplay; clipboard-write; encrypted-media; gyroscope; picture-in-picture; web-share\" referrerpolicy=\"strict-origin-when-cross-origin\" allowfullscreen><\/iframe><\/p>\n<\/div>\n<\/div>\n<\/div>\n<\/div>\n<\/div>\n<\/div>\n<\/div>\n<div class=\"vc_row wpb_row vc_row-fluid\">\n<div class=\"wpb_column vc_column_container vc_col-sm-12\">\n<div class=\"vc_column-inner\">\n<div class=\"wpb_wrapper\">\n<div class=\"wpb_text_column wpb_content_element\">\n<div class=\"wpb_wrapper\">\n<div class=\"Content-module__content___jmKA6 _content_dc5hu_45\">\n<div class=\"react-scroll-to-bottom--css-kubvu-79elbk _chat-scroller_g10pz_99\">\n<div class=\"react-scroll-to-bottom--css-kubvu-1n7m0yu _chat-scroller__scroll_g10pz_102\">\n<div class=\"_message-list_g10pz_92\">\n<div class=\"_container_g10pz_1\">\n<div class=\"_container__content_g10pz_14\">\n<div class=\"_container__message_g10pz_41 _container__message--assistant_g10pz_61\">\n<div class=\"_message_g10pz_27\">\n<div class=\"_message__content_g10pz_53\">\n<div class=\"MessageContent-module__message-content___Am59P MessageContent-module__message-content--markdown___oLH9Y\">\n<div class=\"container section-title-container\">\n<h2 class=\"section-title section-title-normal\"><span class=\"section-title-main\">9 Modes de nettoyage de l'appareil<\/span><\/h2>\n<\/div>\n<p>L'interface d'utilisation de la machine propose 9 modes de nettoyage :<\/p>\n<ol>\n<li>Mode ligne droite<\/li>\n<li>Mode rectangulaire 1<\/li>\n<li>Mode rectangulaire 2<\/li>\n<li>Mode circulaire<\/li>\n<li>Mode sinuso\u00efdal<\/li>\n<li>Mode spirale<\/li>\n<li>Mode libre<\/li>\n<li>Mode anneau<\/li>\n<li>Mode de rotation<\/li>\n<\/ol>\n<div id=\"image_1635238231\" class=\"img has-hover x md-x lg-x y md-y lg-y\">\n<div class=\"Content-module__content___jmKA6 _content_dc5hu_45\">\n<div class=\"react-scroll-to-bottom--css-kubvu-79elbk _chat-scroller_g10pz_99\">\n<div class=\"react-scroll-to-bottom--css-kubvu-1n7m0yu _chat-scroller__scroll_g10pz_102\">\n<div class=\"_message-list_g10pz_92\">\n<div class=\"_container_g10pz_1\">\n<div class=\"_container__content_g10pz_14\">\n<div class=\"_container__message_g10pz_41 _container__message--assistant_g10pz_61\">\n<div class=\"_message_g10pz_27\">\n<div class=\"_message__content_g10pz_53\">\n<div class=\"MessageContent-module__message-content___Am59P MessageContent-module__message-content--markdown___oLH9Y\">\n<p>You can change these modes by \u201cScanning Mode\u201d option in the interface.<\/p>\n<p>Certains modes de nettoyage sont plus doux et fonctionnent bien sur les mat\u00e9riaux qui n\u00e9cessitent un toucher d\u00e9licat, notre machine peut vous aider \u00e0 minimiser ou \u00e0 \u00e9liminer compl\u00e8tement les traces apr\u00e8s le nettoyage. D'autre part, il existe des modes plus puissants qui sont parfaits pour s'attaquer aux salet\u00e9s ou aux rev\u00eatements tenaces.<\/p>\n<p>Le choix du bon mode de nettoyage est essentiel pour garantir l'aspect et la qualit\u00e9 de vos surfaces. Ceci est particuli\u00e8rement important dans les industries telles que l'automobile, l'a\u00e9rospatiale et l'\u00e9lectronique. BOGONG vous fournit des param\u00e8tres pour enlever la peinture, la rouille, l'huile, etc. Ces param\u00e8tres sont parfaits pour les d\u00e9butants.<\/p>\n<\/div>\n<\/div>\n<\/div>\n<\/div>\n<\/div>\n<\/div>\n<\/div>\n<\/div>\n<\/div>\n<\/div>\n<div class=\"_message-box_1luju_5\">\n<div class=\"_message-box__content_1luju_15\">\n<form action=\"\">\n<div class=\"MessageBox-module__messagebox___n4MAC\">\n<div class=\"MessageBox-module__messagebox__content___-xFbz\">\n<div class=\"MessageBox-module__messagebox__input-container___njanw\"><\/div>\n<\/div>\n<\/div>\n<input type=\"hidden\" name=\"trp-form-language\" value=\"fr\"\/><\/form>\n<\/div>\n<\/div>\n<\/div>\n<\/div>\n<\/div>\n<\/div>\n<\/div>\n<\/div>\n<\/div>\n<\/div>\n<\/div>\n<\/div>\n<\/div>\n<\/div>\n<\/div>\n<\/div>\n<\/div>\n<\/div>\n<\/div>\n<div class=\"vc_row wpb_row vc_row-fluid\">\n<div class=\"wpb_column vc_column_container vc_col-sm-12\">\n<div class=\"vc_column-inner\">\n<div class=\"wpb_wrapper\">\n<div class=\"wpb_single_image wpb_content_element vc_align_left wpb_content_element\">\n<figure class=\"wpb_wrapper vc_figure\">\n<div class=\"vc_single_image-wrapper   vc_box_border_grey\"><img decoding=\"async\" class=\"vc_single_image-img attachment-full\" title=\"Mallette de type trolley Machine de nettoyage laser 5\" src=\"https:\/\/bogonglaser.com\/wp-content\/uploads\/2024\/11\/9-cleaning-modes-of-portable-laser-cleaner-1536x616-1.jpg\" sizes=\"auto, (max-width: 1536px) 100vw, 1536px\" srcset=\"https:\/\/bogonglaser.com\/wp-content\/uploads\/2024\/11\/9-cleaning-modes-of-portable-laser-cleaner-1536x616-1.jpg 1536w, https:\/\/bogonglaser.com\/wp-content\/uploads\/2024\/11\/9-cleaning-modes-of-portable-laser-cleaner-1536x616-1-300x120.jpg 300w, https:\/\/bogonglaser.com\/wp-content\/uploads\/2024\/11\/9-cleaning-modes-of-portable-laser-cleaner-1536x616-1-1024x411.jpg 1024w, https:\/\/bogonglaser.com\/wp-content\/uploads\/2024\/11\/9-cleaning-modes-of-portable-laser-cleaner-1536x616-1-768x308.jpg 768w, https:\/\/bogonglaser.com\/wp-content\/uploads\/2024\/11\/9-cleaning-modes-of-portable-laser-cleaner-1536x616-1-600x241.jpg 600w, https:\/\/bogonglaser.com\/wp-content\/uploads\/2024\/11\/9-cleaning-modes-of-portable-laser-cleaner-1536x616-1-1000x401.jpg 1000w\" alt=\"nettoyage 500W LASER\" width=\"1536\" height=\"616\" \/><\/div>\n<\/figure>\n<\/div>\n<\/div>\n<\/div>\n<\/div>\n<\/div>\n<div class=\"vc_row wpb_row vc_row-fluid\">\n<div class=\"wpb_column vc_column_container vc_col-sm-12\">\n<div class=\"vc_column-inner\">\n<div class=\"wpb_wrapper\">\n<div class=\"wpb_text_column wpb_content_element\">\n<div class=\"wpb_wrapper\">\n<h2>Vous avez le choix entre 16 langues.<\/h2>\n<p>La machine de nettoyage par laser \u00e0 impulsions prend actuellement en charge plusieurs langues, dont l'anglais, le russe, le japonais, l'espagnol, l'allemand, le cor\u00e9en, le fran\u00e7ais, le polonais et 16 autres langues.<\/p>\n<p>Vous pouvez facilement passer d'une langue \u00e0 l'autre sur l'interface de la machine. Si vous avez besoin de langues suppl\u00e9mentaires, nous proposons \u00e9galement des services linguistiques personnalis\u00e9s pour r\u00e9pondre \u00e0 vos besoins.<\/p>\n<\/div>\n<\/div>\n<\/div>\n<\/div>\n<\/div>\n<\/div>\n<div class=\"vc_row wpb_row vc_row-fluid\">\n<div class=\"wpb_column vc_column_container vc_col-sm-12\">\n<div class=\"vc_column-inner\">\n<div class=\"wpb_wrapper\">\n<div class=\"wpb_single_image wpb_content_element vc_align_left wpb_content_element\">\n<figure class=\"wpb_wrapper vc_figure\">\n<div class=\"vc_single_image-wrapper   vc_box_border_grey\"><img decoding=\"async\" class=\"vc_single_image-img attachment-full\" title=\"Syst\u00e8me laser \u00e0 impulsions de 500 W\" src=\"https:\/\/bogonglaser.com\/wp-content\/uploads\/2024\/11\/16-Supported-Languages-for-Laser-Cleaner-768x448-1.webp\" sizes=\"auto, (max-width: 768px) 100vw, 768px\" srcset=\"https:\/\/bogonglaser.com\/wp-content\/uploads\/2024\/11\/16-Supported-Languages-for-Laser-Cleaner-768x448-1.webp 768w, https:\/\/bogonglaser.com\/wp-content\/uploads\/2024\/11\/16-Supported-Languages-for-Laser-Cleaner-768x448-1-300x175.webp 300w, https:\/\/bogonglaser.com\/wp-content\/uploads\/2024\/11\/16-Supported-Languages-for-Laser-Cleaner-768x448-1-600x350.webp 600w\" alt=\"Syst\u00e8me laser \u00e0 impulsions de 500 W\" width=\"768\" height=\"448\" \/><\/div>\n<\/figure>\n<\/div>\n<\/div>\n<\/div>\n<\/div>\n<\/div>\n<div class=\"vc_row wpb_row vc_row-fluid\">\n<div class=\"wpb_column vc_column_container vc_col-sm-12\">\n<div class=\"vc_column-inner\">\n<div class=\"wpb_wrapper\">\n<div class=\"wpb_text_column wpb_content_element\">\n<div class=\"wpb_wrapper\">\n<h2>Diff\u00e9rence entre le nettoyeur laser de caisses m\u00e9talliques et le nettoyeur laser de caisses de chariots<\/h2>\n<\/div>\n<\/div>\n<div class=\"wpb_video_widget wpb_content_element vc_clearfix   vc_video-aspect-ratio-169 vc_video-el-width-80 vc_video-align-left\">\n<div class=\"wpb_wrapper\">\n<div class=\"wpb_video_wrapper\">\n<p><iframe title=\"Comparaison:Valise \u00e0 roulettes VS armoire m\u00e9tallique Machine de nettoyage par laser \u00e0 impulsions\" width=\"1290\" height=\"726\" src=\"https:\/\/www.youtube.com\/embed\/j_zWa85DlhQ?feature=oembed\" frameborder=\"0\" allow=\"accelerometer; autoplay; clipboard-write; encrypted-media; gyroscope; picture-in-picture; web-share\" referrerpolicy=\"strict-origin-when-cross-origin\" allowfullscreen><\/iframe><\/p>\n<\/div>\n<\/div>\n<\/div>\n<\/div>\n<\/div>\n<\/div>\n<\/div>\n<div class=\"vc_row wpb_row vc_row-fluid\">\n<div class=\"wpb_column vc_column_container vc_col-sm-12\">\n<div class=\"vc_column-inner\">\n<div class=\"wpb_wrapper\">\n<div class=\"wpb_single_image wpb_content_element vc_align_left wpb_content_element\">\n<figure class=\"wpb_wrapper vc_figure\">\n<div class=\"vc_single_image-wrapper   vc_box_border_grey\"><img decoding=\"async\" class=\"vc_single_image-img attachment-full\" title=\"QQ\u56fe\u724720240814100714\" src=\"https:\/\/bogonglaser.com\/wp-content\/uploads\/2024\/11\/QQ%E5%9B%BE%E7%89%8720240814100714.jpg\" sizes=\"auto, (max-width: 790px) 100vw, 790px\" srcset=\"https:\/\/bogonglaser.com\/wp-content\/uploads\/2024\/11\/QQ\u56fe\u724720240814100714.jpg 790w, https:\/\/bogonglaser.com\/wp-content\/uploads\/2024\/11\/QQ\u56fe\u724720240814100714-265x300.jpg 265w, https:\/\/bogonglaser.com\/wp-content\/uploads\/2024\/11\/QQ\u56fe\u724720240814100714-768x870.jpg 768w, https:\/\/bogonglaser.com\/wp-content\/uploads\/2024\/11\/QQ\u56fe\u724720240814100714-600x680.jpg 600w\" alt=\"nettoyeur laser\" width=\"790\" height=\"895\" \/><\/div>\n<\/figure>\n<\/div>\n<\/div>\n<\/div>\n<\/div>\n<\/div>\n<div class=\"vc_row wpb_row vc_row-fluid\">\n<div class=\"wpb_column vc_column_container vc_col-sm-12\">\n<div class=\"vc_column-inner\">\n<div class=\"wpb_wrapper\">\n<div class=\"wpb_text_column wpb_content_element\">\n<div class=\"wpb_wrapper\">\n<p>Conditions de paiement<\/p>\n<p>1. D\u00e9p\u00f4t et solde : Un d\u00e9p\u00f4t 30% T\/T est exig\u00e9 \u00e0 l'avance, le solde \u00e9tant d\u00fb avant l'exp\u00e9dition.<\/p>\n<p>2. Alibaba Trade Assurance : Les paiements peuvent \u00eatre effectu\u00e9s par l'interm\u00e9diaire d'Alibaba Trade Assurance.<\/p>\n<p>FAQ pour la machine de nettoyage laser \u00e0 chariot ?<\/p>\n<p>Quel est l'emballage de la machine laser ?<br \/>\nNos machines sont emball\u00e9es en trois couches. La couche ext\u00e9rieure est constitu\u00e9e d'une caisse en bois, la couche interm\u00e9diaire comporte un rembourrage en mousse pour prot\u00e9ger contre les secousses, et la couche int\u00e9rieure comprend un sac en plastique \u00e9pais pour l'\u00e9tanch\u00e9it\u00e9.<\/p>\n<p>Le colis sera-t-il endommag\u00e9 pendant le transport ?<br \/>\nNous concevons m\u00e9ticuleusement nos emballages afin de tenir compte de tous les facteurs de dommages potentiels, et nos agents d'exp\u00e9dition ont l'exp\u00e9rience d'un transport s\u00fbr. Nous avons export\u00e9 avec succ\u00e8s vers 180 pays, vous pouvez donc \u00eatre assur\u00e9 que votre colis arrivera en excellent \u00e9tat.<\/p>\n<\/div>\n<\/div>\n<\/div>\n<\/div>\n<\/div>\n<\/div>\n<div class=\"vc_row wpb_row vc_row-fluid\">\n<div class=\"wpb_column vc_column_container vc_col-sm-12\">\n<div class=\"vc_column-inner\">\n<div class=\"wpb_wrapper\">\n<div class=\"wpb_text_column wpb_content_element\">\n<div class=\"wpb_wrapper\">\n<p>Most of customers like choose transport by UPS\/DHL express, it can arrive at destination about 5-7 days, contact with BOGONG to get more detail about 1000W pulse\u00a0laser cleaning machine.<\/p>\n<\/div>\n<\/div>\n<\/div>\n<\/div>\n<\/div>\n<\/div>","protected":false},"excerpt":{"rendered":"<p><strong>Qu'est-ce qu'une machine de nettoyage laser sur chariot ?<\/strong><\/p>\n<p>La machine de nettoyage laser sur chariot, \u00e9galement appel\u00e9e machine de nettoyage laser de type laggage, peut \u00eatre d\u00e9plac\u00e9e facilement gr\u00e2ce \u00e0 cette conception.<\/p>\n<ul class=\"tips\">\n<li>100 Sets \/ Month Waiting for Sale In Stock<\/li>\n<li>2 ans de garantie limit\u00e9e pour l'ensemble de la machine<\/li>\n<li>3-5 jours pour la pr\u00e9paration de la machine laser, 3-7 jours pour le transport.<\/li>\n<li>En ligne (PayPal) et hors ligne (T\/T, cartes de d\u00e9bit et de cr\u00e9dit)<\/li>\n<\/ul>","protected":false},"featured_media":2040,"template":"","meta":{"_gspb_post_css":""},"product_brand":[],"product_cat":[94],"product_tag":[101,100],"class_list":{"0":"post-2038","1":"product","2":"type-product","3":"status-publish","4":"has-post-thumbnail","6":"product_cat-laser-cleaning-machine","7":"product_tag-laser-cleaner","8":"product_tag-laser-cleaning-machine","10":"first","11":"instock","12":"shipping-taxable","13":"product-type-simple"},"_links":{"self":[{"href":"https:\/\/bogonglaser.com\/fr\/wp-json\/wp\/v2\/product\/2038","targetHints":{"allow":["GET"]}}],"collection":[{"href":"https:\/\/bogonglaser.com\/fr\/wp-json\/wp\/v2\/product"}],"about":[{"href":"https:\/\/bogonglaser.com\/fr\/wp-json\/wp\/v2\/types\/product"}],"wp:featuredmedia":[{"embeddable":true,"href":"https:\/\/bogonglaser.com\/fr\/wp-json\/wp\/v2\/media\/2040"}],"wp:attachment":[{"href":"https:\/\/bogonglaser.com\/fr\/wp-json\/wp\/v2\/media?parent=2038"}],"wp:term":[{"taxonomy":"product_brand","embeddable":true,"href":"https:\/\/bogonglaser.com\/fr\/wp-json\/wp\/v2\/product_brand?post=2038"},{"taxonomy":"product_cat","embeddable":true,"href":"https:\/\/bogonglaser.com\/fr\/wp-json\/wp\/v2\/product_cat?post=2038"},{"taxonomy":"product_tag","embeddable":true,"href":"https:\/\/bogonglaser.com\/fr\/wp-json\/wp\/v2\/product_tag?post=2038"}],"curies":[{"name":"wp","href":"https:\/\/api.w.org\/{rel}","templated":true}]}}