{"id":2005,"date":"2024-11-01T11:05:32","date_gmt":"2024-11-01T03:05:32","guid":{"rendered":"https:\/\/bogonglaser.com\/?post_type=product&#038;p=2005"},"modified":"2025-12-10T16:27:16","modified_gmt":"2025-12-10T08:27:16","slug":"bevel-fiber-laser-cutting-machine-groove-cutting-chamfering-by-fiber-laser-cutter","status":"publish","type":"product","link":"https:\/\/bogonglaser.com\/fr\/bevel-fiber-laser-cutting-machine-groove-cutting-chamfering-by-fiber-laser-cutter\/","title":{"rendered":"Machine de d\u00e9coupe laser \u00e0 biseau | D\u00e9coupe de rainures, chanfreinage par d\u00e9coupe laser \u00e0 fibre"},"content":{"rendered":"<h1>Machine de d\u00e9coupe laser \u00e0 biseau<\/h1>\n<p>La d\u00e9coupe en biseau exige une compr\u00e9hension pr\u00e9cise de la machine laser et des processus de d\u00e9coupe impliqu\u00e9s. Pour atteindre la qualit\u00e9 de pr\u00e9cision requise, il faut accorder une attention particuli\u00e8re aux angles, aux entr\u00e9es et aux sorties, qui doivent \u00eatre ex\u00e9cut\u00e9s dans un ordre sp\u00e9cifique. La programmation des pi\u00e8ces d\u00e9coup\u00e9es joue \u00e9galement un r\u00f4le essentiel dans le maintien de la pr\u00e9cision, n\u00e9cessitant des fonctions auxiliaires sp\u00e9ciales pour configurer le logiciel en vue d'une d\u00e9coupe en biseau de pr\u00e9cision.<\/p>\n<p>BOGONG Cutting Systems propose une gamme d'unit\u00e9s de coupe en biseau adapt\u00e9es \u00e0 diverses applications de coupe. Les syst\u00e8mes automatiques sont enti\u00e8rement contr\u00f4l\u00e9s et ne n\u00e9cessitent aucun r\u00e9glage manuel, ce qui garantit des performances constantes.<\/p>\n<div class=\"sub-header-divs\">\n<h3>Performance<\/h3>\n<\/div>\n<ul>\n<li>Milieu laser - Laser \u00e0 fibre CW 1070nm \u00e0 l'\u00e9tat solide<\/li>\n<li>Puissance du laser - 6000W -40000W Options de la source de fibres<\/li>\n<li>Puissance - <strong>\u00a0380V 3 phases<\/strong><\/li>\n<li>Pr\u00e9cision de positionnement - \u2264\u00b10,03mm<\/li>\n<li>Pr\u00e9cision de la r\u00e9p\u00e9tabilit\u00e9 - \u2264\u00b10,02mm<\/li>\n<\/ul>\n<div class=\"sub-header-divs\">\n<h3>Syst\u00e8me<\/h3>\n<\/div>\n<ul>\n<li>Syst\u00e8me de conduite - Servo en boucle ferm\u00e9e<\/li>\n<li>Mode de refroidissement - Eau r\u00e9frig\u00e9r\u00e9e<\/li>\n<\/ul>\n<p>Notre machine de d\u00e9coupe laser de plaques m\u00e9talliques en biseau s'\u00e9carte de la d\u00e9coupe droite traditionnelle \u00e0 0\u00b0, permettant des coupes en biseau pr\u00e9cises jusqu'\u00e0 45\u00b0 sur des surfaces planes. Cette machine traite efficacement diff\u00e9rents types de biseaux, y compris les formes en V, X et Y, en r\u00e9alisant les processus de d\u00e9coupe et de fraisage en une seule op\u00e9ration. Vous obtenez ainsi des pi\u00e8ces d'une pr\u00e9cision dimensionnelle et d'une qualit\u00e9 de surface exceptionnelles, ce qui accro\u00eet consid\u00e9rablement l'efficacit\u00e9, garantit une qualit\u00e9 \u00e9lev\u00e9e et pr\u00e9serve les ressources.<\/p>\n<p><iframe title=\"D\u00e9coupe de rainures et de chanfreins par machine de d\u00e9coupe laser \u00e0 fibres optiques\" width=\"1290\" height=\"726\" src=\"https:\/\/www.youtube.com\/embed\/2ejtVyjr7UY?feature=oembed\" frameborder=\"0\" allow=\"accelerometer; autoplay; clipboard-write; encrypted-media; gyroscope; picture-in-picture; web-share\" referrerpolicy=\"strict-origin-when-cross-origin\" allowfullscreen><\/iframe><\/p>\n<p>Si vous souhaitez obtenir plus d'informations ou conna\u00eetre le prix de notre machine de d\u00e9coupe laser \u00e0 fibre pour biseaux, n'h\u00e9sitez pas \u00e0 nous contacter par e-mail ! Notre machine peut effectuer une d\u00e9coupe en biseau de \u00b145\u00b0, ce qui permet une adaptation exceptionnelle au soudage. Les coupes produites sont id\u00e9ales pour le soudage sans \u00e9cart, ce qui \u00e9limine la n\u00e9cessit\u00e9 d'une coupe ou d'un meulage suppl\u00e9mentaire. Il en r\u00e9sulte une augmentation remarquable de l'efficacit\u00e9 de 75% par rapport aux coupeuses de m\u00e9taux traditionnelles.<\/p>\n<p>Notre puissante t\u00eate de coupe en biseau est dot\u00e9e d'un syst\u00e8me de contr\u00f4le tridimensionnel sophistiqu\u00e9 \u00e0 cinq axes, permettant un contr\u00f4le pr\u00e9cis de l'angle et des coupes en biseau de haute qualit\u00e9 \u00e0 chaque fois.<\/p>\n<p>Vous appr\u00e9cierez \u00e9galement les avantages de la perforation oblique, qui permet un positionnement pr\u00e9cis apr\u00e8s la perforation et am\u00e9liore l'efficacit\u00e9 globale de la coupe.<\/p>\n<p>BOGONG est r\u00e9put\u00e9 pour la qualit\u00e9 de ses \u00e9quipements laser et de son service apr\u00e8s-vente. Nos machines sont polyvalentes et conviviales, con\u00e7ues pour tous les niveaux de comp\u00e9tence. Par-dessus tout, nous accordons la priorit\u00e9 \u00e0 la satisfaction du client. Que vous soyez un expert chevronn\u00e9 ou un d\u00e9butant, BOGONG LASER est l\u00e0 pour vous aider \u00e0 chaque \u00e9tape. Faites-nous confiance et faites confiance \u00e0 notre service, o\u00f9 l'excellence et l'innovation se conjuguent pour votre r\u00e9ussite.<\/p>","protected":false},"excerpt":{"rendered":"<p>La machine de d\u00e9coupe laser \u00e0 fibre pour biseaux simplifie le processus de d\u00e9coupe des biseaux m\u00e9talliques, produisant des biseaux parfaits en une seule passe. Gr\u00e2ce \u00e0 son syst\u00e8me de contr\u00f4le tridimensionnel avanc\u00e9 \u00e0 cinq axes, la t\u00eate de coupe haute puissance du laser BOGONG g\u00e8re avec pr\u00e9cision les angles de coupe en biseau, garantissant ainsi des coupes de haute qualit\u00e9 \u00e0 chaque fois. Par cons\u00e9quent, les pi\u00e8ces finies se pr\u00eatent mieux au soudage sans soudure que les m\u00e9thodes traditionnelles.<\/p>\n<ul class=\"tips\">\n<li>20 Sets \/ Month Waiting for Sale In Stock<\/li>\n<li>2 ans de garantie limit\u00e9e pour l'ensemble de la machine<\/li>\n<li>En ligne (PayPal) et hors ligne (T\/T, cartes de d\u00e9bit et de cr\u00e9dit)<\/li>\n<li>Support technique gratuit \u00e0 vie pour les utilisateurs finaux et les revendeurs<\/li>\n<\/ul>","protected":false},"featured_media":2007,"template":"","meta":{"_gspb_post_css":""},"product_brand":[],"product_cat":[117,92,118],"product_tag":[105,106],"class_list":{"0":"post-2005","1":"product","2":"type-product","3":"status-publish","4":"has-post-thumbnail","6":"product_cat-fiber-laser-cutting-machine","7":"product_cat-laser-cutting-machine","8":"product_cat-laser-metal-cutting-machine","9":"product_tag-fiber-laser-cutting-machine","10":"product_tag-laser-cutting-machine","12":"first","13":"instock","14":"shipping-taxable","15":"product-type-simple"},"_links":{"self":[{"href":"https:\/\/bogonglaser.com\/fr\/wp-json\/wp\/v2\/product\/2005","targetHints":{"allow":["GET"]}}],"collection":[{"href":"https:\/\/bogonglaser.com\/fr\/wp-json\/wp\/v2\/product"}],"about":[{"href":"https:\/\/bogonglaser.com\/fr\/wp-json\/wp\/v2\/types\/product"}],"wp:featuredmedia":[{"embeddable":true,"href":"https:\/\/bogonglaser.com\/fr\/wp-json\/wp\/v2\/media\/2007"}],"wp:attachment":[{"href":"https:\/\/bogonglaser.com\/fr\/wp-json\/wp\/v2\/media?parent=2005"}],"wp:term":[{"taxonomy":"product_brand","embeddable":true,"href":"https:\/\/bogonglaser.com\/fr\/wp-json\/wp\/v2\/product_brand?post=2005"},{"taxonomy":"product_cat","embeddable":true,"href":"https:\/\/bogonglaser.com\/fr\/wp-json\/wp\/v2\/product_cat?post=2005"},{"taxonomy":"product_tag","embeddable":true,"href":"https:\/\/bogonglaser.com\/fr\/wp-json\/wp\/v2\/product_tag?post=2005"}],"curies":[{"name":"wp","href":"https:\/\/api.w.org\/{rel}","templated":true}]}}