{"id":2000,"date":"2024-11-26T10:39:24","date_gmt":"2024-11-26T02:39:24","guid":{"rendered":"https:\/\/bogonglaser.com\/?post_type=product&#038;p=2000"},"modified":"2025-12-10T16:07:48","modified_gmt":"2025-12-10T08:07:48","slug":"6000w-40kw-high-power-fiber-laser-metal-cutting-machine-for-sale","status":"publish","type":"product","link":"https:\/\/bogonglaser.com\/fr\/6000w-40kw-high-power-fiber-laser-metal-cutting-machine-for-sale\/","title":{"rendered":"Machine \u00e0 d\u00e9couper le m\u00e9tal par laser \u00e0 fibre haute puissance 6000W-40KW \u00e0 vendre"},"content":{"rendered":"<p>La machine de d\u00e9coupe laser \u00e0 fibre m\u00e9tallique BOGONG offre des caract\u00e9ristiques impressionnantes, notamment des vitesses de d\u00e9coupe plus rapides et un puissant laser de 6000W (avec des options allant de 2000W \u00e0 40000W). Cette machine offre une qualit\u00e9 de d\u00e9coupe exceptionnelle qui la distingue des autres outils.<\/p>\n<p>Il est \u00e9quip\u00e9 d'un g\u00e9n\u00e9rateur laser IPG de pointe et d'un logiciel de d\u00e9coupe CNC convivial, ce qui le rend facile \u00e0 utiliser. Sa construction soud\u00e9e robuste, r\u00e9alis\u00e9e \u00e0 partir de mat\u00e9riaux trait\u00e9s thermiquement et \u00e0 l'aide de grandes fraiseuses \u00e0 commande num\u00e9rique, garantit sa durabilit\u00e9. De plus, le bo\u00eetier de s\u00e9curit\u00e9 ignifuge et anti-poussi\u00e8re enti\u00e8rement ferm\u00e9 garantit un environnement de travail s\u00fbr.<\/p>\n<p><img decoding=\"async\" class=\"size-medium wp-image-7375\" src=\"https:\/\/bogonglaser.com\/wp-content\/uploads\/2024\/11\/fiber-laser-cutting-machine-sealed-2-300x300.jpg\" alt=\"Machine de d\u00e9coupe laser \u00e0 fibre scell\u00e9e\" width=\"300\" height=\"300\" title=\"\" srcset=\"https:\/\/bogonglaser.com\/wp-content\/uploads\/2024\/11\/fiber-laser-cutting-machine-sealed-2-300x300.jpg 300w, https:\/\/bogonglaser.com\/wp-content\/uploads\/2024\/11\/fiber-laser-cutting-machine-sealed-2-100x100.jpg 100w, https:\/\/bogonglaser.com\/wp-content\/uploads\/2024\/11\/fiber-laser-cutting-machine-sealed-2-150x150.jpg 150w, https:\/\/bogonglaser.com\/wp-content\/uploads\/2024\/11\/fiber-laser-cutting-machine-sealed-2-12x12.jpg 12w, https:\/\/bogonglaser.com\/wp-content\/uploads\/2024\/11\/fiber-laser-cutting-machine-sealed-2.jpg 600w\" sizes=\"(max-width: 300px) 100vw, 300px\" \/><\/p>\n<div class=\"sub-header-divs\">\n<h3>Performance<\/h3>\n<\/div>\n<ul>\n<li>Milieu laser - Laser \u00e0 fibre CW 1070nm \u00e0 l'\u00e9tat solide<\/li>\n<li>Puissance du laser - 6000W -40000W Options de la source de fibres<\/li>\n<li>Puissance - <strong>\u00a0380V 3 phases<\/strong><\/li>\n<li>Pr\u00e9cision de positionnement - \u2264\u00b10,03mm<\/li>\n<li>Pr\u00e9cision de la r\u00e9p\u00e9tabilit\u00e9 - \u2264\u00b10,02mm<\/li>\n<\/ul>\n<div class=\"sub-header-divs\">\n<h3>Syst\u00e8me<\/h3>\n<\/div>\n<ul>\n<li>Syst\u00e8me de conduite - Servo en boucle ferm\u00e9e<\/li>\n<li>Mode de refroidissement - Eau r\u00e9frig\u00e9r\u00e9e<\/li>\n<\/ul>\n<p>Le d\u00e9coupeur laser \u00e0 fibre 6000W est une machine professionnelle de grande puissance con\u00e7ue pour la d\u00e9coupe de m\u00e9taux au laser. Il est \u00e9quip\u00e9 d'un contr\u00f4leur CNC automatique, ce qui facilite la d\u00e9coupe d'une grande vari\u00e9t\u00e9 de m\u00e9taux : acier au carbone jusqu'\u00e0 25 mm d'\u00e9paisseur, acier inoxydable jusqu'\u00e0 18 mm, aluminium jusqu'\u00e0 16 mm, et cuivre et laiton jusqu'\u00e0 10 mm. Avec une vitesse de coupe maximale de plus de 60 m\u00e8tres par minute, cette machine offre une puissance suffisante pour r\u00e9aliser facilement la plupart des travaux de d\u00e9coupe de m\u00e9taux.<\/p>\n<p><iframe title=\"Machine de d\u00e9coupe laser \u00e0 fibre 12KW pour la vente\" width=\"1290\" height=\"726\" src=\"https:\/\/www.youtube.com\/embed\/xYmsQJZBIpU?feature=oembed\" frameborder=\"0\" allow=\"accelerometer; autoplay; clipboard-write; encrypted-media; gyroscope; picture-in-picture; web-share\" referrerpolicy=\"strict-origin-when-cross-origin\" allowfullscreen><\/iframe><\/p>\n<h4>Machine de d\u00e9coupe laser \u00e0 fibre Industries concern\u00e9es<\/h4>\n<p>\u00c9quipements m\u00e9caniques et \u00e9lectriques, fabrication de t\u00f4les, armoires, produits en acier inoxydable, luminaires, pi\u00e8ces automobiles, verre, outils de quincaillerie, enseignes publicitaires, articles de d\u00e9coration et autres industries.<\/p>\n<p>BOGONG est r\u00e9put\u00e9 pour la qualit\u00e9 de ses \u00e9quipements laser et de son service apr\u00e8s-vente. Nos machines sont polyvalentes et conviviales, con\u00e7ues pour tous les niveaux de comp\u00e9tence. Par-dessus tout, nous accordons la priorit\u00e9 \u00e0 la satisfaction du client. Que vous soyez un expert chevronn\u00e9 ou un d\u00e9butant, BOGONG LASER est l\u00e0 pour vous aider \u00e0 chaque \u00e9tape. Faites-nous confiance et faites confiance \u00e0 notre service, o\u00f9 l'excellence et l'innovation se conjuguent pour votre r\u00e9ussite.<\/p>\n<p><img decoding=\"async\" class=\"size-medium wp-image-7376\" src=\"https:\/\/bogonglaser.com\/wp-content\/uploads\/2024\/11\/fiber-laser-cutting-machine-sealed-1-1-300x225.jpg\" alt=\"Machine de d\u00e9coupe laser \u00e0 fibre scell\u00e9e\" width=\"300\" height=\"225\" title=\"\" srcset=\"https:\/\/bogonglaser.com\/wp-content\/uploads\/2024\/11\/fiber-laser-cutting-machine-sealed-1-1-300x225.jpg 300w, https:\/\/bogonglaser.com\/wp-content\/uploads\/2024\/11\/fiber-laser-cutting-machine-sealed-1-1-600x450.jpg 600w, https:\/\/bogonglaser.com\/wp-content\/uploads\/2024\/11\/fiber-laser-cutting-machine-sealed-1-1-768x576.jpg 768w, https:\/\/bogonglaser.com\/wp-content\/uploads\/2024\/11\/fiber-laser-cutting-machine-sealed-1-1-16x12.jpg 16w, https:\/\/bogonglaser.com\/wp-content\/uploads\/2024\/11\/fiber-laser-cutting-machine-sealed-1-1.jpg 800w\" sizes=\"(max-width: 300px) 100vw, 300px\" \/><\/p>","protected":false},"excerpt":{"rendered":"<p>The 6000W-40KW fiber laser cutting machine is a powerful CNC fiber laser cutter designed for full-size metal cutting, featuring an exchange pallet for automated metalworking. It offers impressive speed and precision, with power options ranging from 2000W to 40000W, making it an excellent choice for commercial applications in industrial metal fabrication.<\/p>\n<ul class=\"tips\">\n<li>20 Sets \/ Month Waiting for Sale In Stock<\/li>\n<li>2 Years Limited Warranty for Entire Machine<\/li>\n<li>Online (PayPal) &amp; Offline (T\/T, Debit &amp; Credit Cards)<\/li>\n<li>Lifetime Free Technical Support for End-Users &amp; Dealers<\/li>\n<\/ul>\n<hr \/>\n<h4><strong>Get a Quote<\/strong><\/h4>\n<p>[contact-form-7 id=&#8221;029fbc1&#8243; title=&#8221;Products Form&#8221;]<\/p>\n","protected":false},"featured_media":2001,"template":"","meta":{"_gspb_post_css":""},"product_brand":[],"product_cat":[117,92,118],"product_tag":[105,106],"class_list":{"0":"post-2000","1":"product","2":"type-product","3":"status-publish","4":"has-post-thumbnail","6":"product_cat-fiber-laser-cutting-machine","7":"product_cat-laser-cutting-machine","8":"product_cat-laser-metal-cutting-machine","9":"product_tag-fiber-laser-cutting-machine","10":"product_tag-laser-cutting-machine","12":"first","13":"instock","14":"shipping-taxable","15":"product-type-simple"},"_links":{"self":[{"href":"https:\/\/bogonglaser.com\/fr\/wp-json\/wp\/v2\/product\/2000","targetHints":{"allow":["GET"]}}],"collection":[{"href":"https:\/\/bogonglaser.com\/fr\/wp-json\/wp\/v2\/product"}],"about":[{"href":"https:\/\/bogonglaser.com\/fr\/wp-json\/wp\/v2\/types\/product"}],"wp:featuredmedia":[{"embeddable":true,"href":"https:\/\/bogonglaser.com\/fr\/wp-json\/wp\/v2\/media\/2001"}],"wp:attachment":[{"href":"https:\/\/bogonglaser.com\/fr\/wp-json\/wp\/v2\/media?parent=2000"}],"wp:term":[{"taxonomy":"product_brand","embeddable":true,"href":"https:\/\/bogonglaser.com\/fr\/wp-json\/wp\/v2\/product_brand?post=2000"},{"taxonomy":"product_cat","embeddable":true,"href":"https:\/\/bogonglaser.com\/fr\/wp-json\/wp\/v2\/product_cat?post=2000"},{"taxonomy":"product_tag","embeddable":true,"href":"https:\/\/bogonglaser.com\/fr\/wp-json\/wp\/v2\/product_tag?post=2000"}],"curies":[{"name":"wp","href":"https:\/\/api.w.org\/{rel}","templated":true}]}}