{"id":1981,"date":"2024-11-25T16:08:24","date_gmt":"2024-11-25T08:08:24","guid":{"rendered":"https:\/\/bogonglaser.com\/?post_type=product&#038;p=1981"},"modified":"2025-12-10T16:38:46","modified_gmt":"2025-12-10T08:38:46","slug":"smallest-fiber-laser-cutting-machine-for-brass-gold-silver","status":"publish","type":"product","link":"https:\/\/bogonglaser.com\/fr\/smallest-fiber-laser-cutting-machine-for-brass-gold-silver\/","title":{"rendered":"Petite machine de d\u00e9coupe laser \u00e0 fibre pour le laiton, l'or et l'argent"},"content":{"rendered":"<p>Vous \u00eates \u00e0 la recherche de la meilleure machine de d\u00e9coupe laser de pr\u00e9cision (1500W , 2000W ou 3000W) pour cr\u00e9er des bijoux personnalis\u00e9s en m\u00e9tal comme des bagues, des boucles d'oreilles, des pendentifs, des bracelets, des boutons de manchette, des colliers, des broches et d'autres ornements personnalis\u00e9s en argent, en or, en cuivre ou en acier inoxydable ? D\u00e9couvrez les meilleurs d\u00e9coupeurs laser \u00e0 fibre compacts pour bijoux disponibles \u00e0 la vente \u00e0 prix co\u00fbtant.<\/p>\n<p><img decoding=\"async\" class=\"size-medium wp-image-7399\" src=\"https:\/\/bogonglaser.com\/wp-content\/uploads\/2024\/11\/precision-laser-cutter-1-300x174.jpg\" alt=\"d\u00e9coupeuse laser de pr\u00e9cision\" width=\"300\" height=\"174\" title=\"\" srcset=\"https:\/\/bogonglaser.com\/wp-content\/uploads\/2024\/11\/precision-laser-cutter-1-300x174.jpg 300w, https:\/\/bogonglaser.com\/wp-content\/uploads\/2024\/11\/precision-laser-cutter-1-18x10.jpg 18w, https:\/\/bogonglaser.com\/wp-content\/uploads\/2024\/11\/precision-laser-cutter-1.jpg 432w\" sizes=\"(max-width: 300px) 100vw, 300px\" \/><\/p>\n<div class=\"sub-header-divs\">\n<h3>Performance<\/h3>\n<\/div>\n<ul>\n<li>Milieu laser - Laser \u00e0 fibre CW 1070nm \u00e0 l'\u00e9tat solide<\/li>\n<li>Puissance du laser - 1000W \u00e0 3000W Options de source de fibre<\/li>\n<li>Alimentation - 220v\u00a0<strong>monophas\u00e9\/ 380V triphas\u00e9<\/strong><\/li>\n<li>Pr\u00e9cision de positionnement - \u2264\u00b10,03mm<\/li>\n<li>Pr\u00e9cision de la r\u00e9p\u00e9tabilit\u00e9 - \u2264\u00b10,02mm<\/li>\n<\/ul>\n<div class=\"sub-header-divs\">\n<h3>Syst\u00e8me<\/h3>\n<\/div>\n<ul>\n<li>Syst\u00e8me de conduite - Servo en boucle ferm\u00e9e<\/li>\n<li>Mode de refroidissement - Eau r\u00e9frig\u00e9r\u00e9e<\/li>\n<\/ul>\n<p>La d\u00e9coupe au laser de bijoux en m\u00e9tal de formes vari\u00e9es est un moyen simple et efficace de cr\u00e9er des pi\u00e8ces personnalis\u00e9es. Elle permet des coupes rapides, nettes et lisses. Cependant, la cr\u00e9ation de beaux bijoux en m\u00e9tal n\u00e9cessite de la pr\u00e9cision et un toucher d\u00e9licat. C'est l\u00e0 qu'intervient la petite d\u00e9coupeuse laser BOGONG 3030. Elle offre des d\u00e9tails incroyables et des r\u00e9sultats qui d\u00e9passent les attentes. De plus, il peut d\u00e9couper non seulement l'or et l'argent, mais aussi des mat\u00e9riaux tels que le cuivre et l'acier inoxydable.<\/p>\n<p>Si vous cherchez \u00e0 fabriquer des bijoux en m\u00e9tal uniques, tout ce dont vous avez besoin est la d\u00e9coupeuse laser \u00e0 fibre 3030 de BOGONG LASER. Il est compact, ce qui permet d'\u00e9conomiser un espace de travail pr\u00e9cieux, et il est \u00e9quip\u00e9 d'un contr\u00f4leur CNC automatique et d'un logiciel intuitif facile \u00e0 utiliser, que vous soyez un d\u00e9butant ou un professionnel chevronn\u00e9. Il convient parfaitement aux artisans \u00e0 domicile et aux petites entreprises.<\/p>\n<p>Qu'est-ce qu'un bijou en m\u00e9tal ?<br \/>\nLes bijoux en m\u00e9tal comprennent une large gamme d'articles tels que les bagues, les boucles d'oreilles, les colliers, les bracelets, les broches, les pendentifs et les boutons de manchette, g\u00e9n\u00e9ralement fabriqu\u00e9s \u00e0 partir de mat\u00e9riaux tels que l'or, l'argent, le cuivre et l'acier inoxydable color\u00e9, parmi d'autres m\u00e9taux pr\u00e9cieux.<\/p>\n<p>La plupart de ces bijoux sont constitu\u00e9s de petites pi\u00e8ces, ce qui exige une grande pr\u00e9cision de coupe et un minimum de d\u00e9chets. Les m\u00e9thodes traditionnelles de d\u00e9coupe m\u00e9canique ne r\u00e9pondent tout simplement pas aux exigences modernes de la bijouterie. La d\u00e9coupe au laser est la meilleure solution, car elle offre rapidit\u00e9, pr\u00e9cision, haute qualit\u00e9 et des processus non destructifs et respectueux de l'environnement. \u00c9tant donn\u00e9 que les diff\u00e9rents m\u00e9taux pr\u00e9sentent des degr\u00e9s variables de souplesse, de duret\u00e9 et de r\u00e9flectivit\u00e9, les lasers \u00e0 fibre sont particuli\u00e8rement bien adapt\u00e9s \u00e0 la r\u00e9alisation de d\u00e9coupes pr\u00e9cises dans les bijoux en m\u00e9tal.<\/p>\n<p><iframe title=\"La plus petite machine de d\u00e9coupe laser \u00e0 fibre : Une perc\u00e9e dans la technologie de la d\u00e9coupe des m\u00e9taux\" width=\"1290\" height=\"726\" src=\"https:\/\/www.youtube.com\/embed\/9jNRk6QalxQ?feature=oembed\" frameborder=\"0\" allow=\"accelerometer; autoplay; clipboard-write; encrypted-media; gyroscope; picture-in-picture; web-share\" referrerpolicy=\"strict-origin-when-cross-origin\" allowfullscreen><\/iframe><\/p>\n<p><img decoding=\"async\" class=\"size-medium wp-image-7401\" src=\"https:\/\/bogonglaser.com\/wp-content\/uploads\/2024\/11\/smart-fiber-laser-cutter-1-300x169.jpg\" alt=\"D\u00e9coupeur laser \u00e0 fibre intelligente\" width=\"300\" height=\"169\" title=\"\" srcset=\"https:\/\/bogonglaser.com\/wp-content\/uploads\/2024\/11\/smart-fiber-laser-cutter-1-300x169.jpg 300w, https:\/\/bogonglaser.com\/wp-content\/uploads\/2024\/11\/smart-fiber-laser-cutter-1-18x10.jpg 18w, https:\/\/bogonglaser.com\/wp-content\/uploads\/2024\/11\/smart-fiber-laser-cutter-1.jpg 600w\" sizes=\"(max-width: 300px) 100vw, 300px\" \/><\/p>\n<h4><a href=\"https:\/\/bogonglaser.com\/fr\/fiber-laser-cutter\/\">Machine de d\u00e9coupe laser \u00e0 fibre<\/a> Industries concern\u00e9es<\/h4>\n<p>\u00c9quipements m\u00e9caniques et \u00e9lectriques, fabrication de t\u00f4les, armoires, produits en acier inoxydable, luminaires, pi\u00e8ces automobiles, outils de quincaillerie, enseignes publicitaires, articles de d\u00e9coration et autres industries.<\/p>\n<p>Comment cela fonctionne-t-il ?<br \/>\nLes d\u00e9coupeurs de bijoux m\u00e9talliques au laser utilisent une technologie laser avanc\u00e9e, et la fa\u00e7on dont les mat\u00e9riaux interagissent avec le laser est un \u00e9l\u00e9ment cl\u00e9 du processus. Voici une description simple, \u00e9tape par \u00e9tape, de son fonctionnement :<\/p>\n<p>1. Entr\u00e9e de la conception : Vous cr\u00e9ez d'abord votre dessin \u00e0 l'aide d'un logiciel de CAO. Cette conception est ensuite transform\u00e9e en un format lisible par la machine \u00e0 l'aide d'un logiciel de FAO.<\/p>\n<p>2. G\u00e9n\u00e9ration de laser : Le d\u00e9coupeur utilise un laser CO2 ou un laser \u00e0 fibre pour produire un faisceau concentr\u00e9 de lumi\u00e8re \u00e0 haute temp\u00e9rature.<\/p>\n<p>3. Focalisation du faisceau : Le syst\u00e8me optique dirige ce puissant faisceau laser vers un point sp\u00e9cifique de la surface m\u00e9tallique pour la d\u00e9couper ou la graver.<\/p>\n<p>4. Interaction avec le mat\u00e9riau : La chaleur du laser affecte les diff\u00e9rents m\u00e9taux de diff\u00e9rentes mani\u00e8res, de sorte que les r\u00e9glages peuvent changer en fonction du mat\u00e9riau.<\/p>\n<p>5. Mouvement contr\u00f4l\u00e9 : Le laser suit le mod\u00e8le de conception que vous avez cr\u00e9\u00e9, en se d\u00e9pla\u00e7ant pr\u00e9cis\u00e9ment selon les instructions du logiciel.<\/p>\n<p>6. Refroidissement : Un syst\u00e8me de refroidissement efficace est essentiel pour garantir que le produit fini conserve sa forme et sa qualit\u00e9 d'origine.<\/p>\n<p>7. \u00c9limination des r\u00e9sidus : Apr\u00e8s le processus de d\u00e9coupe, les restes de mat\u00e9riau sont nettoy\u00e9s pour donner \u00e0 la pi\u00e8ce une finition polie.<\/p>\n<p>Pourquoi choisir un laser de pr\u00e9cision pour d\u00e9couper des bijoux en argent, en or et en cuivre ? - Avantages<br \/>\n\u2714 Conception compacte et s\u00fbre : Le cutter est dot\u00e9 d'un verre anti-radiation conforme \u00e0 la norme CE, ce qui rend son utilisation plus s\u00fbre.<\/p>\n<p>\u2714 D\u00e9coupe de haute pr\u00e9cision : Il utilise un syst\u00e8me de servomoteur japonais import\u00e9 \u00e0 courant alternatif pour des coupes rapides et pr\u00e9cises.<\/p>\n<p>\u2714 Mouvement pr\u00e9cis : L'axe Y est con\u00e7u avec une transmission \u00e0 vis \u00e0 billes de haute pr\u00e9cision, assurant des coupes droites m\u00eame \u00e0 grande vitesse.<\/p>\n<p>\u2714 Construction durable : La machine est construite pour durer et r\u00e9siste \u00e0 la d\u00e9formation.<\/p>\n<p>\u2714 Positionnement efficace : Les pinces pneumatiques maintiennent solidement les mat\u00e9riaux les plus fins, tandis qu'une table de lame mobile accueille les pi\u00e8ces plus \u00e9paisses, garantissant ainsi la pr\u00e9cision.<\/p>\n<p>\u2714 Blindage protecteur : La conception enti\u00e8rement ferm\u00e9e emp\u00eache tout d\u00e9bris m\u00e9tallique de s'\u00e9chapper pendant la coupe.<\/p>\n<p>\u2714 Ramassage facile des d\u00e9bris : Un bac de r\u00e9cup\u00e9ration situ\u00e9 sous la table de coupe permet de rassembler et d'\u00e9liminer rapidement les restes de mat\u00e9riaux.<\/p>\n<p>**Pourquoi choisir BOGONG LASER** ?<\/p>\n<p>BOGONG est r\u00e9put\u00e9 pour la qualit\u00e9 de ses \u00e9quipements laser et de son service apr\u00e8s-vente. Nos machines sont polyvalentes et conviviales, con\u00e7ues pour tous les niveaux de comp\u00e9tence. Avant tout, nous accordons la priorit\u00e9 \u00e0 la satisfaction du client. Que vous soyez un expert chevronn\u00e9 ou un d\u00e9butant, <a href=\"https:\/\/bogonglaser.com\/fr\/\">BOGONG LASER<\/a> est l\u00e0 pour vous soutenir \u00e0 chaque \u00e9tape. Faites-nous confiance et faites confiance \u00e0 notre service, o\u00f9 l'excellence et l'innovation se conjuguent pour votre r\u00e9ussite.<\/p>\n<figure id=\"attachment_7376\" aria-describedby=\"caption-attachment-7376\" style=\"width: 300px\" class=\"wp-caption alignnone\"><img decoding=\"async\" class=\"size-medium wp-image-7376\" src=\"https:\/\/bogonglaser.com\/wp-content\/uploads\/2024\/11\/fiber-laser-cutting-machine-sealed-1-1-300x225.jpg\" alt=\"Machine de d\u00e9coupe laser \u00e0 fibre scell\u00e9e\" width=\"300\" height=\"225\" title=\"\" srcset=\"https:\/\/bogonglaser.com\/wp-content\/uploads\/2024\/11\/fiber-laser-cutting-machine-sealed-1-1-300x225.jpg 300w, https:\/\/bogonglaser.com\/wp-content\/uploads\/2024\/11\/fiber-laser-cutting-machine-sealed-1-1-600x450.jpg 600w, https:\/\/bogonglaser.com\/wp-content\/uploads\/2024\/11\/fiber-laser-cutting-machine-sealed-1-1-768x576.jpg 768w, https:\/\/bogonglaser.com\/wp-content\/uploads\/2024\/11\/fiber-laser-cutting-machine-sealed-1-1-16x12.jpg 16w, https:\/\/bogonglaser.com\/wp-content\/uploads\/2024\/11\/fiber-laser-cutting-machine-sealed-1-1.jpg 800w\" sizes=\"(max-width: 300px) 100vw, 300px\" \/><figcaption id=\"caption-attachment-7376\" class=\"wp-caption-text\">Machine de d\u00e9coupe laser \u00e0 fibre scell\u00e9e<\/figcaption><\/figure>","protected":false},"excerpt":{"rendered":"<h3>La plus petite machine de d\u00e9coupe laser \u00e0 fibre<\/h3>\n<p>La machine de d\u00e9coupe laser \u00e0 fibre BOGONG 3030 est la plus petite machine de d\u00e9coupe laser pour le m\u00e9tal, c'est un moyen fantastique de cr\u00e9er des pi\u00e8ces uniques et personnalis\u00e9es rapidement et facilement. La taille de d\u00e9coupe est de 300*300mm, l'armoire compl\u00e8te avec un design s\u00fbr, il produit des coupes nettes et lisses, ce qui en fait un choix efficace pour l'artisanat. Cependant, la fabrication de beaux bijoux en m\u00e9tal n\u00e9cessite \u00e9galement de la pr\u00e9cision et une touche d'art. C'est l\u00e0 que la petite machine \u00e0 d\u00e9couper les bijoux au laser BOGONG entre en jeu. Cette machine produit des d\u00e9tails exceptionnels et des r\u00e9sultats qui d\u00e9passent souvent les attentes. Elle est \u00e9galement polyvalente, capable de d\u00e9couper non seulement l'or et l'argent, mais aussi des mat\u00e9riaux tels que le cuivre et l'acier inoxydable.<\/p>\n<p>Si vous souhaitez cr\u00e9er des bijoux en m\u00e9tal uniques, le BOGONG 3030 de BOGONG LASER est tout ce dont vous avez besoin. Sa conception compacte permet d'\u00e9conomiser de l'espace, et il est livr\u00e9 avec un contr\u00f4leur CNC automatique et un logiciel convivial qui le rend accessible \u00e0 tous, que vous d\u00e9butiez ou que vous ayez des ann\u00e9es d'exp\u00e9rience. Il est parfait pour les amateurs et les propri\u00e9taires de petites entreprises.<\/p>\n<ul class=\"tips\">\n<li>200 Sets \/ Month Waiting for Sale In Stock<\/li>\n<li>2 ans de garantie limit\u00e9e pour l'ensemble de la machine<\/li>\n<li>En ligne (PayPal) et hors ligne (T\/T, cartes de d\u00e9bit et de cr\u00e9dit)<\/li>\n<li>Support technique gratuit \u00e0 vie pour les utilisateurs finaux et les revendeurs<\/li>\n<\/ul>","protected":false},"featured_media":1983,"template":"","meta":{"_gspb_post_css":""},"product_brand":[],"product_cat":[117,92,118],"product_tag":[105,106],"class_list":{"0":"post-1981","1":"product","2":"type-product","3":"status-publish","4":"has-post-thumbnail","6":"product_cat-fiber-laser-cutting-machine","7":"product_cat-laser-cutting-machine","8":"product_cat-laser-metal-cutting-machine","9":"product_tag-fiber-laser-cutting-machine","10":"product_tag-laser-cutting-machine","12":"first","13":"instock","14":"shipping-taxable","15":"product-type-simple"},"_links":{"self":[{"href":"https:\/\/bogonglaser.com\/fr\/wp-json\/wp\/v2\/product\/1981","targetHints":{"allow":["GET"]}}],"collection":[{"href":"https:\/\/bogonglaser.com\/fr\/wp-json\/wp\/v2\/product"}],"about":[{"href":"https:\/\/bogonglaser.com\/fr\/wp-json\/wp\/v2\/types\/product"}],"wp:featuredmedia":[{"embeddable":true,"href":"https:\/\/bogonglaser.com\/fr\/wp-json\/wp\/v2\/media\/1983"}],"wp:attachment":[{"href":"https:\/\/bogonglaser.com\/fr\/wp-json\/wp\/v2\/media?parent=1981"}],"wp:term":[{"taxonomy":"product_brand","embeddable":true,"href":"https:\/\/bogonglaser.com\/fr\/wp-json\/wp\/v2\/product_brand?post=1981"},{"taxonomy":"product_cat","embeddable":true,"href":"https:\/\/bogonglaser.com\/fr\/wp-json\/wp\/v2\/product_cat?post=1981"},{"taxonomy":"product_tag","embeddable":true,"href":"https:\/\/bogonglaser.com\/fr\/wp-json\/wp\/v2\/product_tag?post=1981"}],"curies":[{"name":"wp","href":"https:\/\/api.w.org\/{rel}","templated":true}]}}