{"id":1974,"date":"2024-11-25T13:45:44","date_gmt":"2024-11-25T05:45:44","guid":{"rendered":"https:\/\/bogonglaser.com\/?post_type=product&#038;p=1974"},"modified":"2025-12-10T18:12:19","modified_gmt":"2025-12-10T10:12:19","slug":"200w-300w-pulse-laser-cleaning-machine-with-raycus-max-jpt-laser","status":"publish","type":"product","link":"https:\/\/bogonglaser.com\/fr\/200w-300w-pulse-laser-cleaning-machine-with-raycus-max-jpt-laser\/","title":{"rendered":"Machine de nettoyage par laser \u00e0 impulsion avec Raycus Max JPT Laser"},"content":{"rendered":"<div class=\"vc_row wpb_row vc_row-fluid\">\n<div class=\"wpb_column vc_column_container vc_col-sm-12\">\n<div class=\"vc_column-inner\">\n<div class=\"wpb_wrapper\">\n<div class=\"wpb_text_column wpb_content_element\">\n<div class=\"wpb_wrapper\">\n<p>A pulse\u00a0laser cleaning machine\u00a0is an innovative tool that uses brief, controlled bursts of laser light to effectively remove contaminants from various surfaces. It\u2019s particularly useful for cleaning materials like metal, glass, ceramics, and more. Here are some of its common applications:<\/p>\n<p>\u2013 Removing paint: Effortlessly strip away old paint layers.<br \/>\n\u2013 Rust removal: Eliminate rust to restore surfaces.<br \/>\n\u2013 Oil stains and oxide films: Clean away stubborn oil stains and oxide layers.<br \/>\n\u2013 Weld cleaning: Prepare welds for finishing by removing impurities.<br \/>\n\u2013 Automobile part renovation: Restore and clean auto parts for better performance.<br \/>\n\u2013 Precision parts cleaning: Safeguard the integrity of delicate components.<br \/>\n\u2013 Electronic equipment cleaning: Remove contaminants without damaging sensitive devices.<\/p>\n<p>Cette machine offre un moyen efficace et pr\u00e9cis d'entretenir et de restaurer divers mat\u00e9riaux.<\/p>\n<p>Les principales caract\u00e9ristiques sont les suivantes<\/p>\n<ul>\n<li>Type de laser : Laser \u00e0 fibre<br \/>\nPuissance du laser : 200W 300W<br \/>\nPlage de sortie (si r\u00e9glable) : 0-100%<br \/>\nFormation d'impulsions : MOPA Q-Switched (facteur de qualit\u00e9)<br \/>\nG\u00e9n\u00e9rateur de laser : JPT\/Raycus\/Max<br \/>\nZone de nettoyage : 100*100mm (en option 130x130mm, 150x150mm)<br \/>\nLongueur de la fibre : 5m<br \/>\nType de refroidissement : Air<br \/>\nApr\u00e8s la vente : 2 ans<\/li>\n<\/ul>\n<\/div>\n<\/div>\n<\/div>\n<\/div>\n<\/div>\n<\/div>\n<div class=\"vc_row wpb_row vc_row-fluid\">\n<div class=\"wpb_column vc_column_container vc_col-sm-12\">\n<div class=\"vc_column-inner\">\n<div class=\"wpb_wrapper\">\n<div class=\"wpb_single_image wpb_content_element vc_align_left wpb_content_element\">\n<figure class=\"wpb_wrapper vc_figure\">\n<div class=\"vc_single_image-wrapper vc_box_border_grey\"><img decoding=\"async\" class=\"vc_single_image-img attachment-full\" title=\"\u9ed1\u767d300w\u6e05\u6d17\u673a\u73b0\u573a\u5b9e\u62cd3\" src=\"https:\/\/bogonglaser.com\/wp-content\/uploads\/2024\/11\/%E9%BB%91%E7%99%BD300w%E6%B8%85%E6%B4%97%E6%9C%BA%E7%8E%B0%E5%9C%BA%E5%AE%9E%E6%8B%8D3.png\" sizes=\"auto, (max-width: 800px) 100vw, 800px\" srcset=\"https:\/\/bogonglaser.com\/wp-content\/uploads\/2024\/11\/\u9ed1\u767d300w\u6e05\u6d17\u673a\u73b0\u573a\u5b9e\u62cd3.png 800w, https:\/\/bogonglaser.com\/wp-content\/uploads\/2024\/11\/\u9ed1\u767d300w\u6e05\u6d17\u673a\u73b0\u573a\u5b9e\u62cd3-300x225.png 300w, https:\/\/bogonglaser.com\/wp-content\/uploads\/2024\/11\/\u9ed1\u767d300w\u6e05\u6d17\u673a\u73b0\u573a\u5b9e\u62cd3-768x576.png 768w, https:\/\/bogonglaser.com\/wp-content\/uploads\/2024\/11\/\u9ed1\u767d300w\u6e05\u6d17\u673a\u73b0\u573a\u5b9e\u62cd3-600x450.png 600w\" alt=\"Nettoyeur laser \u00e0 impulsion\" width=\"800\" height=\"600\" \/><\/div>\n<\/figure>\n<\/div>\n<\/div>\n<\/div>\n<\/div>\n<\/div>\n<div class=\"vc_row wpb_row vc_row-fluid\">\n<div class=\"wpb_column vc_column_container vc_col-sm-12\">\n<div class=\"vc_column-inner\">\n<div class=\"wpb_wrapper\">\n<div class=\"wpb_video_widget wpb_content_element vc_clearfix vc_video-aspect-ratio-169 vc_video-el-width-80 vc_video-align-left\">\n<div class=\"wpb_wrapper\">\n<h2 class=\"wpb_heading wpb_video_heading\">Introduction Machine de nettoyage par laser \u00e0 impulsion<\/h2>\n<div class=\"wpb_video_wrapper\">\n<p><iframe title=\"Que peut faire une machine de nettoyage au laser \u00e0 impulsions de 300W ? Nettoyeur laser puls\u00e9 300W pour la peinture, l&#039;huile, la rouille, etc.\" width=\"1290\" height=\"968\" src=\"https:\/\/www.youtube.com\/embed\/bSn_4ZrmhzA?feature=oembed\" frameborder=\"0\" allow=\"accelerometer; autoplay; clipboard-write; encrypted-media; gyroscope; picture-in-picture; web-share\" referrerpolicy=\"strict-origin-when-cross-origin\" allowfullscreen><\/iframe><\/p>\n<\/div>\n<\/div>\n<\/div>\n<\/div>\n<\/div>\n<\/div>\n<\/div>\n<div class=\"vc_row wpb_row vc_row-fluid\">\n<div class=\"wpb_column vc_column_container vc_col-sm-12\">\n<div class=\"vc_column-inner\">\n<div class=\"wpb_wrapper\">\n<div class=\"wpb_text_column wpb_content_element\">\n<div class=\"wpb_wrapper\">\n<p>Caract\u00e9ristiques du nettoyeur laser \u00e0 impulsion<\/p>\n<p>Le Pulse Laser Cleaner se distingue des nettoyeurs laser continus (CW) en utilisant une t\u00eate de nettoyage intelligente \u00e0 double oscillation et en offrant une gamme impressionnante de 8 modes de nettoyage pour r\u00e9pondre \u00e0 diverses applications. Ce syst\u00e8me g\u00e8re efficacement la puissance d'entr\u00e9e en ajustant des param\u00e8tres tels que la largeur et la fr\u00e9quence des impulsions, en maintenant des temp\u00e9ratures optimales pour la pi\u00e8ce \u00e0 usiner tout en minimisant la perte d'\u00e9nergie, ce qui am\u00e9liore l'efficacit\u00e9 globale.<\/p>\n<p>Conception conviviale : Con\u00e7u dans un souci de commodit\u00e9, ce nettoyeur laser est \u00e9quip\u00e9 d'un c\u00e2ble \u00e0 fibre optique de 5 m\u00e8tres de long qui offre une grande souplesse d'utilisation sans limites spatiales. La machine laser BOGONG est dot\u00e9e de deux \u00e9crans tactiles, l'un sur la t\u00eate laser et l'autre sur l'armoire de la machine, ce qui permet de r\u00e9gler facilement les param\u00e8tres. Son interface IO \u00e9tendue permet une int\u00e9gration transparente avec les manipulateurs pour les t\u00e2ches de nettoyage automatis\u00e9es. En outre, des manuels complets en anglais et des vid\u00e9os d'instruction sont inclus pour garantir une courbe d'apprentissage rapide et sans heurts pour les utilisateurs de cette machine laser \u00e0 d\u00e9rouiller.<\/p>\n<p>Polyvalence du mode unique : Le mode unique puls\u00e9, comme la machine de nettoyage laser 2mJ, est tr\u00e8s adaptable et convient \u00e0 diverses applications, notamment le nettoyage des surfaces m\u00e9talliques, des pi\u00e8ces automobiles, de la pierre, du bois, du plastique et d'autres mat\u00e9riaux qui n\u00e9cessitent un nettoyage \u00e0 haute puissance. Il est particuli\u00e8rement efficace pour s'attaquer aux t\u00e2ches difficiles \u00e0 forte adh\u00e9rence, telles que la rouille \u00e9paisse, les couches d'oxyde et les peintures \u00e9paisses.<\/p>\n<p>Pr\u00e9cision multimode : Le fonctionnement multimode puls\u00e9, avec une capacit\u00e9 de 15 mJ, est parfait pour les t\u00e2ches de haute pr\u00e9cision telles que le nettoyage de pi\u00e8ces d\u00e9licates, l'entretien d'\u00e9quipements \u00e9lectroniques et le traitement de microcomposants. Il est sp\u00e9cialement con\u00e7u pour traiter des sc\u00e9narios impliquant une l\u00e9g\u00e8re adh\u00e9rence, des contaminants facilement \u00e9liminables et une rouille l\u00e9g\u00e8re, ce qui en fait un choix id\u00e9al pour les applications o\u00f9 il est essentiel d'\u00e9viter les dommages, comme le nettoyage des moules.<\/p>\n<\/div>\n<\/div>\n<\/div>\n<\/div>\n<\/div>\n<\/div>\n<div class=\"vc_row wpb_row vc_row-fluid\">\n<div class=\"wpb_column vc_column_container vc_col-sm-12\">\n<div class=\"vc_column-inner\">\n<div class=\"wpb_wrapper\">\n<div class=\"wpb_text_column wpb_content_element\">\n<div class=\"wpb_wrapper\">\n<h3>Pourquoi choisir la machine de nettoyage laser Bogong<\/h3>\n<ul>\n<li>With extensive experience in laser cleaning technology, we specialize in delivering advanced solutions customized to meet your specific requirements. Our team of expert engineers and technicians possesses deep industry knowledge, ensuring you receive the ideal\u00a0laser cleaning machine\u00a0tailored for your unique applications.<\/li>\n<li>Nous avons d\u00e9j\u00e0 enregistr\u00e9 des param\u00e8tres pour enlever la rouille, la peinture, etc. Vous pouvez commencer le nettoyage laser facilement apr\u00e8s l'avoir re\u00e7u.<\/li>\n<li>Bogong fournit non seulement des appareils laser de haute qualit\u00e9, mais aussi le meilleur service apr\u00e8s-vente depuis plusieurs ann\u00e9es.<\/li>\n<\/ul>\n<\/div>\n<\/div>\n<\/div>\n<\/div>\n<\/div>\n<\/div>\n<div class=\"vc_row wpb_row vc_row-fluid\">\n<div class=\"wpb_column vc_column_container vc_col-sm-12\">\n<div class=\"vc_column-inner\">\n<div class=\"wpb_wrapper\">\n<div class=\"wpb_video_widget wpb_content_element vc_clearfix vc_video-aspect-ratio-169 vc_video-el-width-80 vc_video-align-left\">\n<div class=\"wpb_wrapper\">\n<h2 class=\"wpb_heading wpb_video_heading\">Diff\u00e9rence entre le laser \u00e0 impulsion et le nettoyeur de laser \u00e0 ondes entretenues<\/h2>\n<div class=\"wpb_video_wrapper\">\n<p><iframe title=\"300W vs 500W Pulse Laser Cleaner | Diff\u00e9rence entre les machines de nettoyage laser 300W et 500W\" width=\"1290\" height=\"726\" src=\"https:\/\/www.youtube.com\/embed\/qm112yLfgfM?feature=oembed\" frameborder=\"0\" allow=\"accelerometer; autoplay; clipboard-write; encrypted-media; gyroscope; picture-in-picture; web-share\" referrerpolicy=\"strict-origin-when-cross-origin\" allowfullscreen><\/iframe><\/p>\n<\/div>\n<\/div>\n<\/div>\n<\/div>\n<\/div>\n<\/div>\n<\/div>\n<div class=\"vc_row wpb_row vc_row-fluid\">\n<div class=\"wpb_column vc_column_container vc_col-sm-12\">\n<div class=\"vc_column-inner\">\n<div class=\"wpb_wrapper\">\n<div class=\"wpb_text_column wpb_content_element\">\n<div class=\"wpb_wrapper\">\n<h2>Comment fonctionne la machine de nettoyage par laser \u00e0 impulsions ?<\/h2>\n<p>La machine de nettoyage par laser \u00e0 impulsions utilise une technologie laser avanc\u00e9e pour \u00e9liminer efficacement les contaminants des surfaces. Voici un bref aper\u00e7u de son fonctionnement :<\/p>\n<ol>\n<li><strong>\u00c9mission laser<\/strong>: Il g\u00e9n\u00e8re un puissant faisceau laser puls\u00e9 qui \u00e9met de br\u00e8ves impulsions d'\u00e9nergie pour un nettoyage pr\u00e9cis.<\/li>\n<li><strong>Nettoyage cibl\u00e9<\/strong>: Lorsqu'elle est dirig\u00e9e vers une surface, l'\u00e9nergie du laser est absorb\u00e9e par des contaminants tels que la rouille ou la peinture.<\/li>\n<li><strong>Vaporisation<\/strong>: L'\u00e9nergie absorb\u00e9e chauffe rapidement les contaminants, qui se vaporisent sans endommager le mat\u00e9riau sous-jacent.<\/li>\n<li><strong>Suppression s\u00e9lective<\/strong>: Le processus cible s\u00e9lectivement les contaminants, pr\u00e9servant ainsi l'int\u00e9grit\u00e9 de la surface.<\/li>\n<li><strong>R\u00e9glages ajustables<\/strong>: Il offre des r\u00e9glages de puissance et des options de mise au point personnalisables pour diff\u00e9rentes surfaces et diff\u00e9rents niveaux de contamination.<\/li>\n<\/ol>\n<p>Dans l'ensemble, la machine de nettoyage par laser \u00e0 impulsions offre une solution efficace, pr\u00e9cise et polyvalente pour les applications de nettoyage industriel.<\/p>\n<\/div>\n<\/div>\n<\/div>\n<\/div>\n<\/div>\n<\/div>\n<div class=\"vc_row wpb_row vc_row-fluid\">\n<div class=\"wpb_column vc_column_container vc_col-sm-12\">\n<div class=\"vc_column-inner\">\n<div class=\"wpb_wrapper\">\n<div class=\"wpb_single_image wpb_content_element vc_align_left wpb_content_element\">\n<figure class=\"wpb_wrapper vc_figure\">\n<div class=\"vc_single_image-wrapper vc_box_border_grey\"><img decoding=\"async\" class=\"vc_single_image-img attachment-full\" title=\"\u9ed1\u767d300w\u6e05\u6d17\u673a\u5de5\u5382\u7167\u7247\" src=\"https:\/\/bogonglaser.com\/wp-content\/uploads\/2024\/11\/%E9%BB%91%E7%99%BD300w%E6%B8%85%E6%B4%97%E6%9C%BA%E5%B7%A5%E5%8E%82%E7%85%A7%E7%89%87.png\" sizes=\"auto, (max-width: 800px) 100vw, 800px\" srcset=\"https:\/\/bogonglaser.com\/wp-content\/uploads\/2024\/11\/\u9ed1\u767d300w\u6e05\u6d17\u673a\u5de5\u5382\u7167\u7247.png 800w, https:\/\/bogonglaser.com\/wp-content\/uploads\/2024\/11\/\u9ed1\u767d300w\u6e05\u6d17\u673a\u5de5\u5382\u7167\u7247-300x225.png 300w, https:\/\/bogonglaser.com\/wp-content\/uploads\/2024\/11\/\u9ed1\u767d300w\u6e05\u6d17\u673a\u5de5\u5382\u7167\u7247-768x576.png 768w, https:\/\/bogonglaser.com\/wp-content\/uploads\/2024\/11\/\u9ed1\u767d300w\u6e05\u6d17\u673a\u5de5\u5382\u7167\u7247-600x450.png 600w\" alt=\"\u9ed1\u767d300w\u6e05\u6d17\u673a\u5de5\u5382\u7167\u7247\" width=\"800\" height=\"600\" \/><\/div>\n<\/figure>\n<\/div>\n<\/div>\n<\/div>\n<\/div>\n<\/div>\n<div class=\"vc_row wpb_row vc_row-fluid\">\n<div class=\"wpb_column vc_column_container vc_col-sm-12\">\n<div class=\"vc_column-inner\">\n<div class=\"wpb_wrapper\">\n<div class=\"wpb_text_column wpb_content_element\">\n<div class=\"wpb_wrapper\">\n<h3>Comment choisir la bonne machine de nettoyage par laser \u00e0 impulsions ?<\/h3>\n<p>Le choix d'un appareil de nettoyage par laser \u00e0 impulsions est important pour votre entreprise. Comment s'assurer que l'appareil r\u00e9pond \u00e0 vos besoins sp\u00e9cifiques ? Voici un guide qui vous aidera \u00e0 prendre une d\u00e9cision en connaissance de cause :<\/p>\n<ol>\n<li><strong>Compatibilit\u00e9 des mat\u00e9riaux<\/strong>: D\u00e9terminez les types de mat\u00e9riaux que vous envisagez de nettoyer (par exemple, la rouille, la peinture, le m\u00e9tal, le bois, l'acrylique, etc.) Assurez-vous que la machine que vous choisissez peut traiter efficacement ces mat\u00e9riaux.<\/li>\n<li><strong>Type de laser<\/strong>: Diff\u00e9rents types de laser 2mj, 5mj et 15mj, diff\u00e9rents lasers diff\u00e9rents r\u00e9sultats.<\/li>\n<li><strong>Taille de la zone de travail<\/strong>: \u00c9valuez la taille de la zone de nettoyage en fonction des projets que vous envisagez d'entreprendre. Assurez-vous que la machine dispose d'une zone de travail ad\u00e9quate pour vos articles. Choisissez la bonne lentille F-theta, veuillez vous renseigner aupr\u00e8s de nos vendeurs.<\/li>\n<li><strong>Facilit\u00e9 d'utilisation<\/strong>: Recherchez des machines dot\u00e9es d'un logiciel convivial qui facilite la conception et l'utilisation.<\/li>\n<li><strong>Assistance \u00e0 la client\u00e8le et garantie<\/strong>: Research the manufacturer\u2019s support options and warranty offered. Reliable customer service can be crucial for troubleshooting and maintenance.<\/li>\n<\/ol>\n<\/div>\n<\/div>\n<\/div>\n<\/div>\n<\/div>\n<\/div>\n<div class=\"vc_row wpb_row vc_row-fluid\">\n<div class=\"wpb_column vc_column_container vc_col-sm-12\">\n<div class=\"vc_column-inner\">\n<div class=\"wpb_wrapper\">\n<div class=\"wpb_text_column wpb_content_element\">\n<div class=\"wpb_wrapper\">\n<p>Conditions de paiement<\/p>\n<p>1. D\u00e9p\u00f4t et solde : Un d\u00e9p\u00f4t 30% T\/T est exig\u00e9 \u00e0 l'avance, le solde \u00e9tant d\u00fb avant l'exp\u00e9dition.<\/p>\n<p>2. Alibaba Trade Assurance : Les paiements peuvent \u00eatre effectu\u00e9s par l'interm\u00e9diaire d'Alibaba Trade Assurance.<\/p>\n<p>FAQ<\/p>\n<p>Quel est l'emballage ?<br \/>\nNos machines sont emball\u00e9es en trois couches. La couche ext\u00e9rieure est constitu\u00e9e d'une caisse en bois, la couche interm\u00e9diaire comporte un rembourrage en mousse pour prot\u00e9ger contre les secousses, et la couche int\u00e9rieure comprend un sac en plastique \u00e9pais pour l'\u00e9tanch\u00e9it\u00e9.<\/p>\n<p>Le colis sera-t-il endommag\u00e9 pendant le transport ?<br \/>\nNous concevons m\u00e9ticuleusement nos emballages afin de tenir compte de tous les facteurs de dommages potentiels, et nos agents d'exp\u00e9dition ont l'exp\u00e9rience d'un transport s\u00fbr. Nous avons export\u00e9 avec succ\u00e8s vers 180 pays, vous pouvez donc \u00eatre assur\u00e9 que votre colis arrivera en excellent \u00e9tat.<\/p>\n<\/div>\n<\/div>\n<\/div>\n<\/div>\n<\/div>\n<\/div>\n<div class=\"vc_row wpb_row vc_row-fluid\">\n<div class=\"wpb_column vc_column_container vc_col-sm-12\">\n<div class=\"vc_column-inner\">\n<div class=\"wpb_wrapper\">\n<div class=\"wpb_text_column wpb_content_element\">\n<div class=\"wpb_wrapper\">\n<p>Most of customers like choose transport by UPS\/DHL express, it can arrive at destination about 5-7 days, contact with\u00a0BOGONG Laser\u00a0to get more detail about laser cleaner<\/p>\n<\/div>\n<\/div>\n<\/div>\n<\/div>\n<\/div>\n<\/div>","protected":false},"excerpt":{"rendered":"<h2>Machine de nettoyage par laser \u00e0 impulsion avec Raycus Max JPT Laser<\/h2>\n<p>Nous vous pr\u00e9sentons notre machine de nettoyage laser de nouvelle g\u00e9n\u00e9ration, con\u00e7ue pour des applications efficaces de nettoyage de la surface des mat\u00e9riaux. Facile \u00e0 installer, \u00e0 utiliser et \u00e0 automatiser, elle est id\u00e9ale pour \u00e9liminer avec pr\u00e9cision les contaminants de surface tels que la rouille, la graisse, la peinture, l'appr\u00eat, etc.<\/p>\n<ul class=\"tips\">\n<li>300 Sets \/ Month Waiting for Sale In Stock<\/li>\n<li>2 ans de garantie limit\u00e9e pour l'ensemble de la machine<\/li>\n<li>3-5 jours pour la pr\u00e9paration de la machine laser, 3-7 jours pour le transport.<\/li>\n<li>En ligne (PayPal) et hors ligne (T\/T, cartes de d\u00e9bit et de cr\u00e9dit)<\/li>\n<\/ul>","protected":false},"featured_media":1975,"template":"","meta":{"_gspb_post_css":""},"product_brand":[],"product_cat":[94],"product_tag":[101,100],"class_list":{"0":"post-1974","1":"product","2":"type-product","3":"status-publish","4":"has-post-thumbnail","6":"product_cat-laser-cleaning-machine","7":"product_tag-laser-cleaner","8":"product_tag-laser-cleaning-machine","10":"first","11":"instock","12":"shipping-taxable","13":"product-type-simple"},"_links":{"self":[{"href":"https:\/\/bogonglaser.com\/fr\/wp-json\/wp\/v2\/product\/1974","targetHints":{"allow":["GET"]}}],"collection":[{"href":"https:\/\/bogonglaser.com\/fr\/wp-json\/wp\/v2\/product"}],"about":[{"href":"https:\/\/bogonglaser.com\/fr\/wp-json\/wp\/v2\/types\/product"}],"wp:featuredmedia":[{"embeddable":true,"href":"https:\/\/bogonglaser.com\/fr\/wp-json\/wp\/v2\/media\/1975"}],"wp:attachment":[{"href":"https:\/\/bogonglaser.com\/fr\/wp-json\/wp\/v2\/media?parent=1974"}],"wp:term":[{"taxonomy":"product_brand","embeddable":true,"href":"https:\/\/bogonglaser.com\/fr\/wp-json\/wp\/v2\/product_brand?post=1974"},{"taxonomy":"product_cat","embeddable":true,"href":"https:\/\/bogonglaser.com\/fr\/wp-json\/wp\/v2\/product_cat?post=1974"},{"taxonomy":"product_tag","embeddable":true,"href":"https:\/\/bogonglaser.com\/fr\/wp-json\/wp\/v2\/product_tag?post=1974"}],"curies":[{"name":"wp","href":"https:\/\/api.w.org\/{rel}","templated":true}]}}