{"id":1965,"date":"2024-11-25T13:11:58","date_gmt":"2024-11-25T05:11:58","guid":{"rendered":"https:\/\/bogonglaser.com\/?post_type=product&#038;p=1965"},"modified":"2025-12-10T17:15:29","modified_gmt":"2025-12-10T09:15:29","slug":"all-in-one-fiber-laser-marking-machine","status":"publish","type":"product","link":"https:\/\/bogonglaser.com\/fr\/all-in-one-fiber-laser-marking-machine\/","title":{"rendered":"Machine de marquage laser \u00e0 fibre tout-en-un"},"content":{"rendered":"<p>La machine de marquage laser ALL-in-One est un marqueur laser \u00e0 fibre compact tout-en-un, con\u00e7u pour la puissance et la polyvalence. Qu'il s'agisse de marquer des logos, des codes-barres, des num\u00e9ros de s\u00e9rie ou des motifs complexes, cette machine offre des r\u00e9sultats exceptionnels dans une grande vari\u00e9t\u00e9 d'applications.<\/p>\n<p>Malgr\u00e9 sa petite taille, ce mod\u00e8le tout-en-un est tr\u00e8s puissant, ce qui le rend id\u00e9al pour les espaces restreints et les petits projets de marquage. Son poids l\u00e9ger et sa conception portable facilitent la man\u0153uvre et garantissent des marquages pr\u00e9cis et exacts \u00e0 chaque fois. De plus, il fonctionne \u00e0 grande vitesse avec une efficacit\u00e9 exceptionnelle.<\/p>\n<p>Cette machine est un excellent choix pour les petites entreprises, les ateliers et les bricoleurs \u00e0 la recherche d'une solution de marquage fiable qui ne compromet pas les performances en raison de l'espace limit\u00e9. Si vous avez besoin d'un marqueur laser \u00e0 fibre efficace qui s'adapte parfaitement \u00e0 votre espace de travail, c'est l'option id\u00e9ale pour vous.<\/p>\n<figure id=\"attachment_7447\" aria-describedby=\"caption-attachment-7447\" style=\"width: 300px\" class=\"wp-caption alignnone\"><img decoding=\"async\" class=\"size-medium wp-image-7447\" src=\"https:\/\/bogonglaser.com\/wp-content\/uploads\/2024\/11\/2D-mini-all-in-one-PC-factory-photos-1-300x300.jpg\" alt=\"2D mini all-in-one PC factory photos\" width=\"300\" height=\"300\" title=\"\" srcset=\"https:\/\/bogonglaser.com\/wp-content\/uploads\/2024\/11\/2D-mini-all-in-one-PC-factory-photos-1-300x300.jpg 300w, https:\/\/bogonglaser.com\/wp-content\/uploads\/2024\/11\/2D-mini-all-in-one-PC-factory-photos-1-100x100.jpg 100w, https:\/\/bogonglaser.com\/wp-content\/uploads\/2024\/11\/2D-mini-all-in-one-PC-factory-photos-1-600x600.jpg 600w, https:\/\/bogonglaser.com\/wp-content\/uploads\/2024\/11\/2D-mini-all-in-one-PC-factory-photos-1-150x150.jpg 150w, https:\/\/bogonglaser.com\/wp-content\/uploads\/2024\/11\/2D-mini-all-in-one-PC-factory-photos-1-768x768.jpg 768w, https:\/\/bogonglaser.com\/wp-content\/uploads\/2024\/11\/2D-mini-all-in-one-PC-factory-photos-1-12x12.jpg 12w, https:\/\/bogonglaser.com\/wp-content\/uploads\/2024\/11\/2D-mini-all-in-one-PC-factory-photos-1.jpg 1000w\" sizes=\"(max-width: 300px) 100vw, 300px\" \/><figcaption id=\"caption-attachment-7447\" class=\"wp-caption-text\">2D mini all-in-one PC factory photos<\/figcaption><\/figure>\n<p>Voici les principales caract\u00e9ristiques de la machine de marquage par laser \u00e0 fibre :<\/p>\n<p>1. Source laser \u00e0 fibre : Cette machine est disponible avec des niveaux de puissance optionnels de 20W, 30W, 50W ou 60W, utilisant des sources laser \u00e0 fibre de haute qualit\u00e9 de JPT, Raycus ou IPG. Elle offre une excellente clart\u00e9 du faisceau laser et une longue dur\u00e9e de vie (jusqu'\u00e0 100 000 heures).<\/p>\n<p>2. Syst\u00e8me de scanner num\u00e9rique \u00e0 galvanom\u00e8tre : \u00c9quip\u00e9e d'un syst\u00e8me de scanner laser import\u00e9 \u00e0 grande vitesse, cette machine peut atteindre des vitesses de marquage allant jusqu'\u00e0 8 000 mm\/s, ce qui garantit un fonctionnement efficace.<\/p>\n<p>3. Support d'affichage PC : L'axe Z peut \u00eatre r\u00e9gl\u00e9 jusqu'\u00e0 700 mm, ce qui le rend id\u00e9al pour le marquage sur des mat\u00e9riaux \u00e9pais ou hauts.<\/p>\n<p>4. Interrupteur de commande : Le panneau de commande convivial comprend un arr\u00eat d'urgence, un interrupteur \u00e0 cl\u00e9 et un interrupteur d'alimentation, ce qui facilite l'identification et l'utilisation.<\/p>\n<p>5. Syst\u00e8me de levage : La machine est \u00e9quip\u00e9e d'un volant qui permet de r\u00e9gler facilement la distance de mise au point du laser, ce qui simplifie le processus d'utilisation.<\/p>\n<p>6. Pointe lumineuse rouge : Cette fonction pratique indique la zone de marquage avant que le marquage laser ne commence, ce qui am\u00e9liore la pr\u00e9cision.<\/p>\n<p>7. Logiciel de marquage au laser : Le logiciel de marquage EZCAD est dot\u00e9 de puissantes capacit\u00e9s d'\u00e9dition qui vous permettent de marquer des codes QR, des num\u00e9ros de s\u00e9rie et divers logos. Il prend en charge les formats de fichiers DXF et PLT et comprend un manuel d'utilisation d\u00e9taill\u00e9 en anglais pour vous guider \u00e0 chaque \u00e9tape.<\/p>\n<p>8. Lentille de balayage F-theta : la machine est \u00e9quip\u00e9e d'une lentille F-theta Ronar-Smith de Singapour, qui garantit que la hauteur du champ d'image est presque proportionnelle \u00e0 l'angle de balayage. La distorsion de lin\u00e9arit\u00e9 est inf\u00e9rieure \u00e0 1% sans correction logicielle, ce qui signifie une distorsion minimale pour des r\u00e9sultats nets. En outre, l'objectif est dot\u00e9 de rev\u00eatements AR hautement transmissifs qui r\u00e9duisent la perte de puissance et augmentent le d\u00e9bit.<\/p>\n<p>Gr\u00e2ce \u00e0 ces caract\u00e9ristiques avanc\u00e9es, le <a href=\"https:\/\/bogonglaser.com\/fr\/fiber-laser-cutter\/\">Machine de marquage par laser \u00e0 fibre<\/a> est con\u00e7u pour la pr\u00e9cision, l'efficacit\u00e9 et la facilit\u00e9 d'utilisation.<\/p>\n<p><iframe title=\"Petite machine de marquage laser tout-en-un \u00e0 vendre\" width=\"1290\" height=\"726\" src=\"https:\/\/www.youtube.com\/embed\/znNbIXDhuHE?feature=oembed\" frameborder=\"0\" allow=\"accelerometer; autoplay; clipboard-write; encrypted-media; gyroscope; picture-in-picture; web-share\" referrerpolicy=\"strict-origin-when-cross-origin\" allowfullscreen><\/iframe><\/p>\n<p>Application : Machine de marquage laser tout-en-un pour le m\u00e9tal, le verre, le plastique, etc.<\/p>\n<p>Nos machines de marquage laser offrent une solution polyvalente et efficace pour le marquage d'une vari\u00e9t\u00e9 de mat\u00e9riaux tels que le m\u00e9tal, le plastique, etc. Qu'il s'agisse de graver des logos, des num\u00e9ros de s\u00e9rie ou des dessins complexes, notre laser adaptable peut s'attaquer \u00e0 de nombreuses applications, stimuler la productivit\u00e9 tout en garantissant une qualit\u00e9 constante sur diff\u00e9rentes surfaces.<\/p>\n<p><iframe title=\"Machine de marquage laser \u00e0 fibre optique 20W 30W Imprimante laser m\u00e9tal plastique Gravure\" width=\"1290\" height=\"726\" src=\"https:\/\/www.youtube.com\/embed\/1gUXk1ygblo?feature=oembed\" frameborder=\"0\" allow=\"accelerometer; autoplay; clipboard-write; encrypted-media; gyroscope; picture-in-picture; web-share\" referrerpolicy=\"strict-origin-when-cross-origin\" allowfullscreen><\/iframe><\/p>\n<h2>Que pouvons-nous faire pour vous ?<\/h2>\n<ul>\n<li><span class=\"magic-19\"><b class=\"magic-19\"><span class=\"magic-18\">\u00c9chantillons gratuits -<\/span><\/b><span class=\"magic-20\" data-spm-anchor-id=\"a2700.details.0.i41.41d82402R4aegi\">Nous pouvons effectuer gratuitement des tests d'effet de marquage en fonction du mat\u00e9riau de votre produit.<\/span><\/span><\/li>\n<li><span class=\"magic-19\"><b class=\"magic-19\"><span class=\"magic-18\">Vid\u00e9o en direct<\/span><\/b><span class=\"magic-20\">Vous pouvez contacter nos conseillers commerciaux pour visionner le processus de production et le fonctionnement de la machine dans une vid\u00e9o en ligne.<\/span><\/span><\/li>\n<li><span class=\"magic-19\"><b class=\"magic-19\"><span class=\"magic-18\">Sur mesure \/OEM-<\/span><\/b><span class=\"magic-20\" data-spm-anchor-id=\"a2700.details.0.i40.41d82402R4aegi\">Machines personnalis\u00e9es sur demande\uff0cContactez-nous<\/span><\/span><\/li>\n<li>\n<p><figure id=\"attachment_7449\" aria-describedby=\"caption-attachment-7449\" style=\"width: 300px\" class=\"wp-caption alignnone\"><img decoding=\"async\" class=\"size-medium wp-image-7449\" src=\"https:\/\/bogonglaser.com\/wp-content\/uploads\/2024\/11\/2D-mini-all-in-one-PC-factory-photos-2-300x225.png\" alt=\"2D mini all-in-one PC factory photos\" width=\"300\" height=\"225\" title=\"\" srcset=\"https:\/\/bogonglaser.com\/wp-content\/uploads\/2024\/11\/2D-mini-all-in-one-PC-factory-photos-2-300x225.png 300w, https:\/\/bogonglaser.com\/wp-content\/uploads\/2024\/11\/2D-mini-all-in-one-PC-factory-photos-2-600x450.png 600w, https:\/\/bogonglaser.com\/wp-content\/uploads\/2024\/11\/2D-mini-all-in-one-PC-factory-photos-2-768x576.png 768w, https:\/\/bogonglaser.com\/wp-content\/uploads\/2024\/11\/2D-mini-all-in-one-PC-factory-photos-2-16x12.png 16w, https:\/\/bogonglaser.com\/wp-content\/uploads\/2024\/11\/2D-mini-all-in-one-PC-factory-photos-2.png 800w\" sizes=\"(max-width: 300px) 100vw, 300px\" \/><figcaption id=\"caption-attachment-7449\" class=\"wp-caption-text\">2D mini all-in-one PC factory photos<\/figcaption><\/figure><\/li>\n<\/ul>\n<p>Conditions de paiement<\/p>\n<p>1. D\u00e9p\u00f4t et solde : Un d\u00e9p\u00f4t 30% T\/T est exig\u00e9 \u00e0 l'avance, le solde \u00e9tant d\u00fb avant l'exp\u00e9dition.<\/p>\n<p>2. Alibaba Trade Assurance : Les paiements peuvent \u00eatre effectu\u00e9s par l'interm\u00e9diaire d'Alibaba Trade Assurance.<\/p>\n<p>FAQ pour la <a href=\"https:\/\/bogonglaser.com\/fr\/fiber-laser-cutter\/\">Machine de marquage par laser \u00e0 fibre<\/a><\/p>\n<p>Quel est l'emballage de la machine de marquage par laser \u00e0 fibre ?<br \/>\nNos machines sont emball\u00e9es en trois couches. La couche ext\u00e9rieure est constitu\u00e9e d'une caisse en bois, la couche interm\u00e9diaire comporte un rembourrage en mousse pour prot\u00e9ger contre les secousses, et la couche int\u00e9rieure comprend un sac en plastique \u00e9pais pour l'\u00e9tanch\u00e9it\u00e9.<\/p>\n<p>Le colis sera-t-il endommag\u00e9 pendant le transport ?<br \/>\nWe meticulously design our packaging to address all potential damage factors, and our shipping agents are experienced in safe transportation. We have successfully exported to 180 countries, so you can rest assured that your parcel will arrive in excellent condition<\/p>\n<p>Vous pouvez trouver d'autres commentaires de clients sur la cha\u00eene YouTube de BOGONG.<\/p>\n<figure id=\"attachment_7448\" aria-describedby=\"caption-attachment-7448\" style=\"width: 300px\" class=\"wp-caption alignnone\"><img decoding=\"async\" class=\"size-medium wp-image-7448\" src=\"https:\/\/bogonglaser.com\/wp-content\/uploads\/2024\/11\/2D-mini-all-in-one-PC-factory-photos-1-300x225.png\" alt=\"2D mini all-in-one PC factory photos\" width=\"300\" height=\"225\" title=\"\" srcset=\"https:\/\/bogonglaser.com\/wp-content\/uploads\/2024\/11\/2D-mini-all-in-one-PC-factory-photos-1-300x225.png 300w, https:\/\/bogonglaser.com\/wp-content\/uploads\/2024\/11\/2D-mini-all-in-one-PC-factory-photos-1-600x450.png 600w, https:\/\/bogonglaser.com\/wp-content\/uploads\/2024\/11\/2D-mini-all-in-one-PC-factory-photos-1-768x576.png 768w, https:\/\/bogonglaser.com\/wp-content\/uploads\/2024\/11\/2D-mini-all-in-one-PC-factory-photos-1-16x12.png 16w, https:\/\/bogonglaser.com\/wp-content\/uploads\/2024\/11\/2D-mini-all-in-one-PC-factory-photos-1.png 800w\" sizes=\"(max-width: 300px) 100vw, 300px\" \/><figcaption id=\"caption-attachment-7448\" class=\"wp-caption-text\">2D mini all-in-one PC factory photos<\/figcaption><\/figure>\n<p>La plupart des clients pr\u00e9f\u00e8rent le transport par UPS\/DHL express, qui peut arriver \u00e0 destination dans les 5 \u00e0 7 jours. <a href=\"https:\/\/bogonglaser.com\/fr\/\">BOGONG Laser<\/a> to get more detail about fiber laser marking Machine.<\/p>","protected":false},"excerpt":{"rendered":"<h2>Machine de marquage laser tout-en-un<\/h2>\n<p>Cette machine de marquage laser tout-en-un est con\u00e7ue pour cr\u00e9er des bijoux personnalis\u00e9s, notamment des bagues, des boucles d'oreilles, des bracelets, des pendentifs, des colliers, des broches, des boutons de manchette, etc. Elle fonctionne avec une grande vari\u00e9t\u00e9 de mat\u00e9riaux, tels que l'acier inoxydable, le titane, l'aluminium, le cuivre, le laiton, les alliages, l'argent et l'or, et permet de graver des noms, des logos, des signes, des lettres, des chiffres, des motifs et des photos. Cette machine de marquage laser tout-en-un est maintenant disponible \u00e0 la vente \u00e0 un prix abordable, ce qui en fait une excellente option pour votre budget.<\/p>\n<ul class=\"tips\">\n<li>350 Sets \/ Month Waiting for Sale In Stock<\/li>\n<li>2 ans de garantie limit\u00e9e pour l'ensemble de la machine<\/li>\n<li>3-5 jours pour la pr\u00e9paration de la machine laser, 3-7 jours pour le transport.<\/li>\n<li>En ligne (PayPal) et hors ligne (T\/T, cartes de d\u00e9bit et de cr\u00e9dit)<\/li>\n<\/ul>","protected":false},"featured_media":1966,"template":"","meta":{"_gspb_post_css":""},"product_brand":[],"product_cat":[97,93,96],"product_tag":[104,102],"class_list":{"0":"post-1965","1":"product","2":"type-product","3":"status-publish","4":"has-post-thumbnail","6":"product_cat-fiber-laser-marker","7":"product_cat-laser-engraving-machine","8":"product_cat-laser-marking-machine","9":"product_tag-laser-marker","10":"product_tag-laser-marking-machine","12":"first","13":"instock","14":"shipping-taxable","15":"product-type-simple"},"_links":{"self":[{"href":"https:\/\/bogonglaser.com\/fr\/wp-json\/wp\/v2\/product\/1965","targetHints":{"allow":["GET"]}}],"collection":[{"href":"https:\/\/bogonglaser.com\/fr\/wp-json\/wp\/v2\/product"}],"about":[{"href":"https:\/\/bogonglaser.com\/fr\/wp-json\/wp\/v2\/types\/product"}],"wp:featuredmedia":[{"embeddable":true,"href":"https:\/\/bogonglaser.com\/fr\/wp-json\/wp\/v2\/media\/1966"}],"wp:attachment":[{"href":"https:\/\/bogonglaser.com\/fr\/wp-json\/wp\/v2\/media?parent=1965"}],"wp:term":[{"taxonomy":"product_brand","embeddable":true,"href":"https:\/\/bogonglaser.com\/fr\/wp-json\/wp\/v2\/product_brand?post=1965"},{"taxonomy":"product_cat","embeddable":true,"href":"https:\/\/bogonglaser.com\/fr\/wp-json\/wp\/v2\/product_cat?post=1965"},{"taxonomy":"product_tag","embeddable":true,"href":"https:\/\/bogonglaser.com\/fr\/wp-json\/wp\/v2\/product_tag?post=1965"}],"curies":[{"name":"wp","href":"https:\/\/api.w.org\/{rel}","templated":true}]}}