{"id":1904,"date":"2024-11-21T14:41:07","date_gmt":"2024-11-21T06:41:07","guid":{"rendered":"https:\/\/bogonglaser.com\/?post_type=product&#038;p=1904"},"modified":"2025-12-10T18:07:16","modified_gmt":"2025-12-10T10:07:16","slug":"cw-laser-cleaning-machine","status":"publish","type":"product","link":"https:\/\/bogonglaser.com\/fr\/cw-laser-cleaning-machine\/","title":{"rendered":"Machine de nettoyage laser CW"},"content":{"rendered":"<div class=\"vc_row wpb_row vc_row-fluid\">\n<div class=\"wpb_column vc_column_container vc_col-sm-12\">\n<div class=\"vc_column-inner\">\n<div class=\"wpb_wrapper\">\n<div class=\"wpb_text_column wpb_content_element\">\n<div class=\"wpb_wrapper\">\n<p>The CW fiber\u00a0laser cleaning machine\u00a0makes it easy to remove organic pollutants and inorganic materials like metal corrosion, metal particles, and dust from a variety of surfaces, including metal, plastic, ceramics, glass, stone, and concrete.<\/p>\n<p>It\u2019s perfect for cleaning large areas, such as big steel structures or pipes.<\/p>\n<p>Ce nettoyeur laser avanc\u00e9 fonctionne en mode sans contact et ne n\u00e9cessite aucun agent chimique, ce qui garantit un nettoyage \u00e0 la fois efficace et respectueux de l'environnement.<\/p>\n<\/div>\n<\/div>\n<\/div>\n<\/div>\n<\/div>\n<\/div>\n<div class=\"vc_row wpb_row vc_row-fluid\">\n<div class=\"wpb_column vc_column_container vc_col-sm-12\">\n<div class=\"vc_column-inner\">\n<div class=\"wpb_wrapper\">\n<div class=\"wpb_single_image wpb_content_element vc_align_left wpb_content_element\">\n<figure class=\"wpb_wrapper vc_figure\">\n<div class=\"vc_single_image-wrapper   vc_box_border_grey\"><img decoding=\"async\" class=\"vc_single_image-img attachment-full\" title=\"SOUDEUSE LASER\" src=\"https:\/\/bogonglaser.com\/wp-content\/uploads\/2024\/11\/LASER-WELDER.jpg\" sizes=\"auto, (max-width: 700px) 100vw, 700px\" srcset=\"https:\/\/bogonglaser.com\/wp-content\/uploads\/2024\/11\/LASER-WELDER.jpg 700w, https:\/\/bogonglaser.com\/wp-content\/uploads\/2024\/11\/LASER-WELDER-300x169.jpg 300w, https:\/\/bogonglaser.com\/wp-content\/uploads\/2024\/11\/LASER-WELDER-600x338.jpg 600w\" alt=\"SOUDEUSE LASER\" width=\"700\" height=\"394\" \/><\/div>\n<\/figure>\n<\/div>\n<\/div>\n<\/div>\n<\/div>\n<\/div>\n<div class=\"vc_row wpb_row vc_row-fluid\">\n<div class=\"wpb_column vc_column_container vc_col-sm-12\">\n<div class=\"vc_column-inner\">\n<div class=\"wpb_wrapper\">\n<div class=\"wpb_text_column wpb_content_element\">\n<div class=\"wpb_wrapper\">\n<p>Whether it\u2019s removing rust from bridges or cleaning large metal facilities like stadiums and factories, Bogong 2000W\/3000W laser cleaning machine is perfect for a variety of industrial cleaning tasks. With the latest generation of industrial cleaning technology, you\u2019ll benefit from enhanced efficiency and safety.<\/p>\n<p>BOGONG CW Fiber Laser Rust Removal and Cleaning Machine is designed for durability, it delivers exceptional surface cleaning that can elevate your production processes. invest in the 2000W\/3000W\u00a0CW Fiber Laser Cleaning Machine\u00a0and see how laser cleaning technology can transform your operations. Boost your productivity, maintain safety, and meet environmental standards with this vital tool for any forward-thinking business.<\/p>\n<\/div>\n<\/div>\n<\/div>\n<\/div>\n<\/div>\n<\/div>\n<div class=\"vc_row wpb_row vc_row-fluid\">\n<div class=\"wpb_column vc_column_container vc_col-sm-12\">\n<div class=\"vc_column-inner\">\n<div class=\"wpb_wrapper\">\n<div class=\"wpb_single_image wpb_content_element vc_align_left wpb_content_element\">\n<figure class=\"wpb_wrapper vc_figure\">\n<div class=\"vc_single_image-wrapper   vc_box_border_grey\"><img decoding=\"async\" class=\"vc_single_image-img attachment-full\" title=\"nettoyeur laser portatif\" src=\"https:\/\/bogonglaser.com\/wp-content\/uploads\/2024\/11\/handheld-laser-cleaner.jpg\" sizes=\"auto, (max-width: 700px) 100vw, 700px\" srcset=\"https:\/\/bogonglaser.com\/wp-content\/uploads\/2024\/11\/handheld-laser-cleaner.jpg 700w, https:\/\/bogonglaser.com\/wp-content\/uploads\/2024\/11\/handheld-laser-cleaner-300x169.jpg 300w, https:\/\/bogonglaser.com\/wp-content\/uploads\/2024\/11\/handheld-laser-cleaner-600x338.jpg 600w\" alt=\"nettoyeur laser portatif\" width=\"700\" height=\"394\" \/><\/div>\n<\/figure>\n<\/div>\n<\/div>\n<\/div>\n<\/div>\n<\/div>\n<div class=\"vc_row wpb_row vc_row-fluid\">\n<div class=\"wpb_column vc_column_container vc_col-sm-12\">\n<div class=\"vc_column-inner\">\n<div class=\"wpb_wrapper\">\n<div class=\"wpb_text_column wpb_content_element\">\n<div class=\"wpb_wrapper\">\n<p>Cette technologie utilise un faisceau laser de grande puissance. Lorsque le faisceau touche une surface, la lumi\u00e8re et la chaleur sont absorb\u00e9es, ce qui provoque une r\u00e9action. Lorsqu'il atteint un certain niveau d'\u00e9nergie, il rompt les liaisons mol\u00e9culaires de la surface, ce qui a pour effet de vaporiser le mat\u00e9riau.<\/p>\n<p>En g\u00e9n\u00e9ral, la salet\u00e9 ou les contaminants pr\u00e9sents sur la surface ont un seuil d'\u00e9nergie plus bas pour cette r\u00e9action que le mat\u00e9riau sous-jacent. Cela signifie que la salet\u00e9 se vaporisera en premier, ce qui n'endommagera que tr\u00e8s peu la surface sous-jacente.<\/p>\n<\/div>\n<\/div>\n<\/div>\n<\/div>\n<\/div>\n<\/div>\n<div class=\"vc_row wpb_row vc_row-fluid\">\n<div class=\"wpb_column vc_column_container vc_col-sm-12\">\n<div class=\"vc_column-inner\">\n<div class=\"wpb_wrapper\">\n<div class=\"wpb_single_image wpb_content_element vc_align_left wpb_content_element\">\n<figure class=\"wpb_wrapper vc_figure\">\n<div class=\"vc_single_image-wrapper   vc_box_border_grey\"><img decoding=\"async\" class=\"vc_single_image-img attachment-full\" title=\"soudeur laser cw\" src=\"https:\/\/bogonglaser.com\/wp-content\/uploads\/2024\/11\/cw-laser-welder.jpg\" sizes=\"auto, (max-width: 600px) 100vw, 600px\" srcset=\"https:\/\/bogonglaser.com\/wp-content\/uploads\/2024\/11\/cw-laser-welder.jpg 600w, https:\/\/bogonglaser.com\/wp-content\/uploads\/2024\/11\/cw-laser-welder-300x200.jpg 300w\" alt=\"soudeur laser cw\" width=\"600\" height=\"400\" \/><\/div>\n<\/figure>\n<\/div>\n<\/div>\n<\/div>\n<\/div>\n<\/div>\n<div class=\"vc_row wpb_row vc_row-fluid\">\n<div class=\"wpb_column vc_column_container vc_col-sm-12\">\n<div class=\"vc_column-inner\">\n<div class=\"wpb_wrapper\">\n<div class=\"wpb_video_widget wpb_content_element vc_clearfix   vc_video-aspect-ratio-169 vc_video-el-width-100 vc_video-align-left\">\n<div class=\"wpb_wrapper\">\n<div class=\"wpb_video_wrapper\">\n<p><iframe title=\"Machine \u00e0 nettoyer la rouille au laser 1000W 1500W 2000W avec source laser Fiber Raycus Max Reci\" width=\"1290\" height=\"968\" src=\"https:\/\/www.youtube.com\/embed\/-or9ILVlGFA?feature=oembed\" frameborder=\"0\" allow=\"accelerometer; autoplay; clipboard-write; encrypted-media; gyroscope; picture-in-picture; web-share\" referrerpolicy=\"strict-origin-when-cross-origin\" allowfullscreen><\/iframe><\/p>\n<\/div>\n<\/div>\n<\/div>\n<\/div>\n<\/div>\n<\/div>\n<\/div>\n<div class=\"vc_row wpb_row vc_row-fluid\">\n<div class=\"wpb_column vc_column_container vc_col-sm-12\">\n<div class=\"vc_column-inner\">\n<div class=\"wpb_wrapper\">\n<div class=\"wpb_text_column wpb_content_element\">\n<div class=\"wpb_wrapper\">\n<p>Avantages :<\/p>\n<p>\u2013 Non-contact cleaning, which minimizes damage to the base substrate.<br \/>\n\u2013 Precision cleaning: Targets specific areas using customized beam settings.<br \/>\n\u2013 Selective cleaning: Removes different layers of dirt individually based on their ablation thresholds.<br \/>\n\u2013 High cleaning efficiency.<br \/>\n\u2013 Compact and stable design, requiring minimal maintenance.<br \/>\n\u2013 User-friendly operation, or can be integrated with a robotic arm for automated cleaning.<br \/>\n\u2013 No chemicals, dry ice, or other cleaning materials needed. Just a few consumables make it safe and environmentally friendly.<\/p>\n<\/div>\n<\/div>\n<\/div>\n<\/div>\n<\/div>\n<\/div>\n<div class=\"vc_row wpb_row vc_row-fluid\">\n<div class=\"wpb_column vc_column_container vc_col-sm-12\">\n<div class=\"vc_column-inner\">\n<div class=\"wpb_wrapper\">\n<div class=\"wpb_text_column wpb_content_element\">\n<div class=\"wpb_wrapper\">\n<p><strong>Soudage au laser \u00c9chantillons<\/strong><\/p>\n<\/div>\n<\/div>\n<div class=\"wpb_single_image wpb_content_element vc_align_left wpb_content_element\">\n<figure class=\"wpb_wrapper vc_figure\">\n<div class=\"vc_single_image-wrapper   vc_box_border_grey\"><img decoding=\"async\" class=\"vc_single_image-img attachment-full\" title=\"Nettoyeur laser \u00e0 impulsion 500W\" src=\"https:\/\/bogonglaser.com\/wp-content\/uploads\/2024\/11\/%E5%9B%BD%E6%BA%901000w%E6%B8%85%E6%B4%97%E6%9C%BA%E6%A0%B7%E5%93%81%E7%85%A7%E7%89%87-1.png\" sizes=\"auto, (max-width: 800px) 100vw, 800px\" srcset=\"https:\/\/bogonglaser.com\/wp-content\/uploads\/2024\/11\/\u56fd\u6e901000w\u6e05\u6d17\u673a\u6837\u54c1\u7167\u7247-1.png 800w, https:\/\/bogonglaser.com\/wp-content\/uploads\/2024\/11\/\u56fd\u6e901000w\u6e05\u6d17\u673a\u6837\u54c1\u7167\u7247-1-300x225.png 300w, https:\/\/bogonglaser.com\/wp-content\/uploads\/2024\/11\/\u56fd\u6e901000w\u6e05\u6d17\u673a\u6837\u54c1\u7167\u7247-1-768x576.png 768w, https:\/\/bogonglaser.com\/wp-content\/uploads\/2024\/11\/\u56fd\u6e901000w\u6e05\u6d17\u673a\u6837\u54c1\u7167\u7247-1-600x450.png 600w\" alt=\"Machine de nettoyage au laser 500W\" width=\"800\" height=\"600\" \/><\/div>\n<\/figure>\n<\/div>\n<\/div>\n<\/div>\n<\/div>\n<\/div>\n<div class=\"vc_row wpb_row vc_row-fluid\">\n<div class=\"wpb_column vc_column_container vc_col-sm-12\">\n<div class=\"vc_column-inner\">\n<div class=\"wpb_wrapper\">\n<div class=\"wpb_text_column wpb_content_element\">\n<div class=\"wpb_wrapper\">\n<p>Pourquoi de plus en plus de fabricants se tournent-ils vers le nettoyage au laser pour la pr\u00e9paration des mat\u00e9riaux ?<\/p>\n<p>Le nettoyage au laser pr\u00e9sente plusieurs avantages par rapport aux m\u00e9thodes traditionnelles. Tout d'abord, il n'est pas n\u00e9cessaire d'utiliser des solvants et des mat\u00e9riaux abrasifs, ce qui peut compliquer l'\u00e9limination des d\u00e9chets. Contrairement \u00e0 d'autres proc\u00e9d\u00e9s qui peuvent manquer de pr\u00e9cision et n\u00e9cessitent souvent une intervention manuelle, le nettoyage au laser permet une application contr\u00f4l\u00e9e sur des zones sp\u00e9cifiques d'une pi\u00e8ce. Ce processus peut \u00eatre facilement automatis\u00e9 pour am\u00e9liorer la productivit\u00e9 et garantir la r\u00e9p\u00e9tabilit\u00e9 que de nombreuses normes de qualit\u00e9 exigent d\u00e9sormais. En cons\u00e9quence, les fabricants consid\u00e8rent le nettoyage au laser comme une option plus efficace et plus fiable pour la pr\u00e9paration des mat\u00e9riaux.<\/p>\n<\/div>\n<\/div>\n<\/div>\n<\/div>\n<\/div>\n<\/div>\n<div class=\"vc_row wpb_row vc_row-fluid\">\n<div class=\"wpb_column vc_column_container vc_col-sm-6\">\n<div class=\"vc_column-inner\">\n<div class=\"wpb_wrapper\">\n<div class=\"wpb_text_column wpb_content_element\">\n<div class=\"wpb_wrapper\">\n<h3><strong>Syst\u00e8me de machine de nettoyage au laser<\/strong><\/h3>\n<p>Les lasers peuvent assurer un nettoyage et une pr\u00e9paration de surface \u00e0 grande vitesse dans pratiquement toutes les industries. Ce proc\u00e9d\u00e9 facile \u00e0 automatiser et n\u00e9cessitant peu d'entretien peut \u00eatre utilis\u00e9 pour \u00e9liminer l'huile et la graisse, d\u00e9caper la peinture ou les rev\u00eatements, ou modifier la texture de la surface, par exemple en ajoutant de la rugosit\u00e9 pour augmenter l'adh\u00e9rence.<\/p>\n<p>Aucun mat\u00e9riau abrasif n'est utilis\u00e9, ce qui \u00e9vite les probl\u00e8mes de s\u00e9paration et d'\u00e9limination des contaminants.<\/p>\n<p>No solvents are used \u2013 chemical-free and environmentally friendly process<\/p>\n<p>S\u00e9lectif sur le plan spatial - il ne nettoie que la zone n\u00e9cessaire, ce qui permet d'\u00e9conomiser du temps et de l'argent en ignorant les r\u00e9gions qui n'ont pas d'importance.<\/p>\n<\/div>\n<\/div>\n<\/div>\n<\/div>\n<\/div>\n<div class=\"wpb_column vc_column_container vc_col-sm-6\">\n<div class=\"vc_column-inner\">\n<div class=\"wpb_wrapper\">\n<div class=\"wpb_single_image wpb_content_element vc_align_left wpb_content_element\">\n<figure class=\"wpb_wrapper vc_figure\">\n<div class=\"vc_single_image-wrapper   vc_box_border_grey\"><img decoding=\"async\" class=\"vc_single_image-img attachment-full\" title=\"machine de nettoyage laser cw\" src=\"https:\/\/bogonglaser.com\/wp-content\/uploads\/2024\/11\/laser-cleaning-machine-cw.jpg\" sizes=\"auto, (max-width: 600px) 100vw, 600px\" srcset=\"https:\/\/bogonglaser.com\/wp-content\/uploads\/2024\/11\/laser-cleaning-machine-cw.jpg 600w, https:\/\/bogonglaser.com\/wp-content\/uploads\/2024\/11\/laser-cleaning-machine-cw-300x183.jpg 300w\" alt=\"machine de nettoyage laser cw\" width=\"600\" height=\"366\" \/><\/div>\n<\/figure>\n<\/div>\n<\/div>\n<\/div>\n<\/div>\n<\/div>\n<div class=\"vc_row wpb_row vc_row-fluid\">\n<div class=\"wpb_column vc_column_container vc_col-sm-12\">\n<div class=\"vc_column-inner\">\n<div class=\"wpb_wrapper\">\n<div class=\"wpb_text_column wpb_content_element\">\n<div class=\"wpb_wrapper\">\n<p><strong>Emballage de la soudeuse laser<\/strong><\/p>\n<\/div>\n<\/div>\n<div class=\"wpb_single_image wpb_content_element vc_align_left wpb_content_element\">\n<figure class=\"wpb_wrapper vc_figure\">\n<div class=\"vc_single_image-wrapper   vc_box_border_grey\"><img decoding=\"async\" class=\"vc_single_image-img attachment-full\" title=\"machine \u00e0 souder au laser (1)\" src=\"https:\/\/bogonglaser.com\/wp-content\/uploads\/2024\/11\/laser-welder-machine-1.jpg\" sizes=\"auto, (max-width: 719px) 100vw, 719px\" srcset=\"https:\/\/bogonglaser.com\/wp-content\/uploads\/2024\/11\/laser-welder-machine-1.jpg 719w, https:\/\/bogonglaser.com\/wp-content\/uploads\/2024\/11\/laser-welder-machine-1-300x117.jpg 300w, https:\/\/bogonglaser.com\/wp-content\/uploads\/2024\/11\/laser-welder-machine-1-600x234.jpg 600w\" alt=\"machine \u00e0 souder au laser 1\" width=\"719\" height=\"280\" \/><\/div>\n<\/figure>\n<\/div>\n<\/div>\n<\/div>\n<\/div>\n<\/div>\n<div class=\"vc_row wpb_row vc_row-fluid\">\n<div class=\"wpb_column vc_column_container vc_col-sm-12\">\n<div class=\"vc_column-inner\">\n<div class=\"wpb_wrapper\">\n<div class=\"wpb_text_column wpb_content_element\">\n<div class=\"wpb_wrapper\">\n<p>**Pourquoi choisir BOGONG LASER** ?<\/p>\n<p>BOGONG famous for it\u2019s quality of laser equipment and service for aftersale service, Our machines are versatile and user-friendly, designed with all skill levels in mind. Above all, we prioritize customer satisfaction. Whether you\u2019re a seasoned expert or a beginner,\u00a0BOGONG LASER\u00a0is here to support you every step of the way. Trust us and our service, where excellence and innovation come together for your success.<\/p>\n<\/div>\n<\/div>\n<\/div>\n<\/div>\n<\/div>\n<\/div>","protected":false},"excerpt":{"rendered":"<h2>Machine de nettoyage par laser \u00e0 fibre CW<\/h2>\n<p>Si vous voulez enlever la rouille sur un grand terrain, une machine de nettoyage au laser CW sera d'une grande aide. Machine de nettoyage laser 1500W 2000W 3000W<\/p>\n<ul class=\"tips\">\n<li>350 Sets \/ Month Waiting for Sale In Stock<\/li>\n<li>2 ans de garantie limit\u00e9e pour l'ensemble de la machine<\/li>\n<li>En ligne (PayPal) et hors ligne (T\/T, cartes de d\u00e9bit et de cr\u00e9dit)<\/li>\n<li>Support technique gratuit \u00e0 vie pour les utilisateurs finaux et les revendeurs<\/li>\n<\/ul>","protected":false},"featured_media":1821,"template":"","meta":{"_gspb_post_css":""},"product_brand":[],"product_cat":[94],"product_tag":[109,108,107],"class_list":{"0":"post-1904","1":"product","2":"type-product","3":"status-publish","4":"has-post-thumbnail","6":"product_cat-laser-cleaning-machine","7":"product_tag-fiber-laser-welder","8":"product_tag-handheld-laser-welder","9":"product_tag-laser-welding-machine","11":"first","12":"instock","13":"shipping-taxable","14":"product-type-simple"},"_links":{"self":[{"href":"https:\/\/bogonglaser.com\/fr\/wp-json\/wp\/v2\/product\/1904","targetHints":{"allow":["GET"]}}],"collection":[{"href":"https:\/\/bogonglaser.com\/fr\/wp-json\/wp\/v2\/product"}],"about":[{"href":"https:\/\/bogonglaser.com\/fr\/wp-json\/wp\/v2\/types\/product"}],"wp:featuredmedia":[{"embeddable":true,"href":"https:\/\/bogonglaser.com\/fr\/wp-json\/wp\/v2\/media\/1821"}],"wp:attachment":[{"href":"https:\/\/bogonglaser.com\/fr\/wp-json\/wp\/v2\/media?parent=1904"}],"wp:term":[{"taxonomy":"product_brand","embeddable":true,"href":"https:\/\/bogonglaser.com\/fr\/wp-json\/wp\/v2\/product_brand?post=1904"},{"taxonomy":"product_cat","embeddable":true,"href":"https:\/\/bogonglaser.com\/fr\/wp-json\/wp\/v2\/product_cat?post=1904"},{"taxonomy":"product_tag","embeddable":true,"href":"https:\/\/bogonglaser.com\/fr\/wp-json\/wp\/v2\/product_tag?post=1904"}],"curies":[{"name":"wp","href":"https:\/\/api.w.org\/{rel}","templated":true}]}}