{"id":1869,"date":"2024-11-20T16:27:34","date_gmt":"2024-11-20T08:27:34","guid":{"rendered":"https:\/\/bogonglaser.com\/?post_type=product&#038;p=1869"},"modified":"2025-12-10T18:23:35","modified_gmt":"2025-12-10T10:23:35","slug":"air-cooling-handheld-laser-welding-machine-for-sale","status":"publish","type":"product","link":"https:\/\/bogonglaser.com\/fr\/air-cooling-handheld-laser-welding-machine-for-sale\/","title":{"rendered":"Machine \u00e0 souder laser portative \u00e0 refroidissement par air \u00e0 vendre"},"content":{"rendered":"<div class=\"vc_row wpb_row vc_row-fluid\">\n<div class=\"wpb_column vc_column_container vc_col-sm-12\">\n<div class=\"vc_column-inner\">\n<div class=\"wpb_wrapper\">\n<div class=\"wpb_text_column wpb_content_element\">\n<div class=\"wpb_wrapper\">\n<p>Une soudeuse laser refroidie par air est une machine \u00e0 souder de pr\u00e9cision qui utilise un faisceau laser \u00e0 haute \u00e9nergie pour faire fondre les m\u00e9taux et assembler les pi\u00e8ces. Contrairement aux syst\u00e8mes refroidis par eau, qui n\u00e9cessitent un liquide de refroidissement pour la dissipation de la chaleur, les soudeuses laser refroidies par air d\u00e9pendent de l'air ambiant pour le refroidissement pendant le fonctionnement. Cette conception simplifie la maintenance, r\u00e9duit le besoin de composants suppl\u00e9mentaires et permet des installations plus compactes.<\/p>\n<p>Les machines de soudage laser refroidies par air sont particuli\u00e8rement populaires dans les sc\u00e9narios o\u00f9 la portabilit\u00e9 et la facilit\u00e9 d'utilisation sont essentielles, comme dans les petits ateliers ou pour les r\u00e9parations sur site. Elles sont \u00e9galement largement utilis\u00e9es dans les applications industrielles qui exigent un soudage pr\u00e9cis, notamment dans les secteurs de l'automobile, de l'a\u00e9rospatiale, de la construction navale et de l'\u00e9lectronique.<\/p>\n<\/div>\n<\/div>\n<\/div>\n<\/div>\n<\/div>\n<\/div>\n<div class=\"vc_row wpb_row vc_row-fluid\">\n<div class=\"wpb_column vc_column_container vc_col-sm-12\">\n<div class=\"vc_column-inner\">\n<div class=\"wpb_wrapper\">\n<div class=\"wpb_video_widget wpb_content_element vc_clearfix   vc_video-aspect-ratio-169 vc_video-el-width-60 vc_video-align-left\">\n<div class=\"wpb_wrapper\">\n<h2 class=\"wpb_heading wpb_video_heading\">Salon du soudage laser \u00e0 refroidissement par air<\/h2>\n<div class=\"wpb_video_wrapper\">\n<p><iframe title=\"Machine \u00e0 souder laser portative \u00e0 refroidissement par air - La plus petite machine \u00e0 souder laser portative\" width=\"1290\" height=\"726\" src=\"https:\/\/www.youtube.com\/embed\/LVOF1nyCNCs?feature=oembed\" frameborder=\"0\" allow=\"accelerometer; autoplay; clipboard-write; encrypted-media; gyroscope; picture-in-picture; web-share\" referrerpolicy=\"strict-origin-when-cross-origin\" allowfullscreen><\/iframe><\/p>\n<\/div>\n<\/div>\n<\/div>\n<\/div>\n<\/div>\n<\/div>\n<\/div>\n<div class=\"vc_row wpb_row vc_row-fluid\">\n<div class=\"wpb_column vc_column_container vc_col-sm-12\">\n<div class=\"vc_column-inner\">\n<div class=\"wpb_wrapper\">\n<div class=\"wpb_single_image wpb_content_element vc_align_left wpb_content_element\">\n<figure class=\"wpb_wrapper vc_figure\">\n<div class=\"vc_single_image-wrapper   vc_box_border_grey\"><img decoding=\"async\" class=\"vc_single_image-img attachment-full\" title=\"soudeur laser \u00e0 refroidissement par air\" src=\"https:\/\/bogonglaser.com\/wp-content\/uploads\/2024\/11\/air-cooling-laser-welder.jpg\" sizes=\"auto, (max-width: 600px) 100vw, 600px\" srcset=\"https:\/\/bogonglaser.com\/wp-content\/uploads\/2024\/11\/air-cooling-laser-welder.jpg 600w, https:\/\/bogonglaser.com\/wp-content\/uploads\/2024\/11\/air-cooling-laser-welder-300x300.jpg 300w, https:\/\/bogonglaser.com\/wp-content\/uploads\/2024\/11\/air-cooling-laser-welder-150x150.jpg 150w, https:\/\/bogonglaser.com\/wp-content\/uploads\/2024\/11\/air-cooling-laser-welder-100x100.jpg 100w\" alt=\"soudeur laser \u00e0 refroidissement par air\" width=\"600\" height=\"600\" \/><\/div>\n<\/figure>\n<\/div>\n<\/div>\n<\/div>\n<\/div>\n<\/div>\n<div class=\"vc_row wpb_row vc_row-fluid\">\n<div class=\"wpb_column vc_column_container vc_col-sm-12\">\n<div class=\"vc_column-inner\">\n<div class=\"wpb_wrapper\">\n<div class=\"wpb_text_column wpb_content_element\">\n<div class=\"wpb_wrapper\">\n<p>Portabilit\u00e9<br \/>\nThe air-cooled\u00a0handheld laser welder\u00a0has a compact and lightweight design, making it highly portable.<\/p>\n<p>C\u00e2ble flexible en fibre optique<br \/>\nThe laser beam is transmitted to the workpiece via a flexible fiber optic cable, allowing for precise direction of the laser where it\u2019s needed.<\/p>\n<p>Mise au point r\u00e9glable<br \/>\nLe faisceau laser peut \u00eatre focalis\u00e9 sur un point tr\u00e8s fin, ce qui permet un soudage de haute pr\u00e9cision. La profondeur de focalisation est \u00e9galement r\u00e9glable, ce qui permet de s'adapter \u00e0 des mat\u00e9riaux de diff\u00e9rentes \u00e9paisseurs.<\/p>\n<p>Fonctionnement simple<br \/>\nLe panneau de commande intelligent est dot\u00e9 d'une interface conviviale pour des r\u00e9glages rapides et simples, permettant aux utilisateurs de g\u00e9rer efficacement leurs projets de soudage \u00e0 partir d'une seule configuration.<\/p>\n<p>Polyvalent<br \/>\nDes buses en cuivre sont incluses pour diff\u00e9rents besoins de soudage, offrant une plus grande flexibilit\u00e9 pour s'attaquer \u00e0 diff\u00e9rents angles de soudage, mat\u00e9riaux et effets souhait\u00e9s.<\/p>\n<\/div>\n<\/div>\n<\/div>\n<\/div>\n<\/div>\n<\/div>\n<div class=\"vc_row wpb_row vc_row-fluid\">\n<div class=\"wpb_column vc_column_container vc_col-sm-12\">\n<div class=\"vc_column-inner\">\n<div class=\"wpb_wrapper\">\n<div class=\"wpb_single_image wpb_content_element vc_align_left wpb_content_element\">\n<figure class=\"wpb_wrapper vc_figure\">\n<div class=\"vc_single_image-wrapper   vc_box_border_grey\"><img decoding=\"async\" class=\"vc_single_image-img attachment-full\" title=\"Machine de soudage laser \u00e0 refroidissement par air\" src=\"https:\/\/bogonglaser.com\/wp-content\/uploads\/2024\/11\/air-cooling-laser-welding-machine.jpg\" sizes=\"auto, (max-width: 600px) 100vw, 600px\" srcset=\"https:\/\/bogonglaser.com\/wp-content\/uploads\/2024\/11\/air-cooling-laser-welding-machine.jpg 600w, https:\/\/bogonglaser.com\/wp-content\/uploads\/2024\/11\/air-cooling-laser-welding-machine-300x300.jpg 300w, https:\/\/bogonglaser.com\/wp-content\/uploads\/2024\/11\/air-cooling-laser-welding-machine-150x150.jpg 150w, https:\/\/bogonglaser.com\/wp-content\/uploads\/2024\/11\/air-cooling-laser-welding-machine-100x100.jpg 100w\" alt=\"Machine de soudage laser \u00e0 refroidissement par air\" width=\"600\" height=\"600\" \/><\/div>\n<\/figure>\n<\/div>\n<\/div>\n<\/div>\n<\/div>\n<\/div>\n<div class=\"vc_row wpb_row vc_row-fluid\">\n<div class=\"wpb_column vc_column_container vc_col-sm-12\">\n<div class=\"vc_column-inner\">\n<div class=\"wpb_wrapper\">\n<div class=\"wpb_text_column wpb_content_element\">\n<div class=\"wpb_wrapper\">\n<p>G\u00e9n\u00e9rateur de laser \u00e0 fibre<br \/>\nCe g\u00e9n\u00e9rateur laser de pointe b\u00e9n\u00e9ficie de droits de propri\u00e9t\u00e9 intellectuelle ind\u00e9pendants. Il consomme peu d'\u00e9nergie, ne n\u00e9cessite pas d'entretien et est facile \u00e0 assembler, ce qui en fait une source laser id\u00e9ale pour les applications industrielles dans les domaines du soudage, de la d\u00e9coupe et du nettoyage.<\/p>\n<p>Pistolet de soudage laser<br \/>\nCon\u00e7u pour \u00eatre l\u00e9ger et facile \u00e0 utiliser, le pistolet de soudage laser est dot\u00e9 de doubles lentilles de protection. La lentille int\u00e9rieure est facilement amovible pour un remplacement rapide, ce qui garantit des performances stables et fiables.<\/p>\n<p>Contr\u00f4leur<br \/>\nLe panneau de commande intuitif comprend des commandes tactiles et offre une gamme compl\u00e8te de fonctions, notamment des modes de soudage, de nettoyage et de d\u00e9coupe. Il comporte \u00e9galement une page d\u00e9di\u00e9e au contr\u00f4le des donn\u00e9es de la source laser, ainsi que des informations techniques et une assistance dans plus de 20 langues, afin de r\u00e9pondre aux diff\u00e9rents besoins des clients.<\/p>\n<p>Alimentateur automatique de fil m\u00e9tallique<br \/>\nPour les applications n\u00e9cessitant une plus grande force de soudage ou lorsqu'il y a un grand espace de soudage, un dispositif d'alimentation automatique du fil est inclus.<\/p>\n<p>\u2013 It accommodates various welding wire specifications, including 0.8\/1.0\/1.2\/1.6 mm.<br \/>\n\u2013 The wire feeding speed is adjustable, allowing for quick and convenient operation.<\/p>\n<\/div>\n<\/div>\n<\/div>\n<\/div>\n<\/div>\n<\/div>\n<div class=\"vc_row wpb_row vc_row-fluid\">\n<div class=\"wpb_column vc_column_container vc_col-sm-12\">\n<div class=\"vc_column-inner\">\n<div class=\"wpb_wrapper\">\n<div class=\"wpb_single_image wpb_content_element vc_align_left wpb_content_element\">\n<figure class=\"wpb_wrapper vc_figure\">\n<div class=\"vc_single_image-wrapper   vc_box_border_grey\"><img decoding=\"async\" class=\"vc_single_image-img attachment-full\" title=\"soudeur \u00e0 refroidissement par air\" src=\"https:\/\/bogonglaser.com\/wp-content\/uploads\/2024\/11\/air-cooling-welder.jpg\" sizes=\"auto, (max-width: 600px) 100vw, 600px\" srcset=\"https:\/\/bogonglaser.com\/wp-content\/uploads\/2024\/11\/air-cooling-welder.jpg 600w, https:\/\/bogonglaser.com\/wp-content\/uploads\/2024\/11\/air-cooling-welder-300x300.jpg 300w, https:\/\/bogonglaser.com\/wp-content\/uploads\/2024\/11\/air-cooling-welder-150x150.jpg 150w, https:\/\/bogonglaser.com\/wp-content\/uploads\/2024\/11\/air-cooling-welder-100x100.jpg 100w\" alt=\"soudeur \u00e0 refroidissement par air\" width=\"600\" height=\"600\" \/><\/div>\n<\/figure>\n<\/div>\n<\/div>\n<\/div>\n<\/div>\n<\/div>\n<div class=\"vc_row wpb_row vc_row-fluid\">\n<div class=\"wpb_column vc_column_container vc_col-sm-12\">\n<div class=\"vc_column-inner\">\n<div class=\"wpb_wrapper\">\n<div class=\"wpb_text_column wpb_content_element\">\n<div class=\"wpb_wrapper\">\n<p>Applications et utilisations de la soudeuse laser \u00e0 refroidissement par air<br \/>\nLes lasers \u00e0 fibre refroidis par air sont capables de souder une large gamme de m\u00e9taux, y compris l'acier inoxydable, l'acier au carbone, l'aluminium, le titane, le cuivre et les alliages de nickel. L'efficacit\u00e9 de la soudure finale d\u00e9pend des propri\u00e9t\u00e9s sp\u00e9cifiques des m\u00e9taux utilis\u00e9s, de leur \u00e9paisseur et du type de joint \u00e0 souder.<\/p>\n<p>Ces machines \u00e0 souder au laser refroidies par air sont particuli\u00e8rement utiles dans les industries qui exigent des t\u00e2ches de soudage complexes et irr\u00e9guli\u00e8res, notamment la fabrication d'armoires, l'\u00e9quipement de cuisine, les monte-escaliers, les \u00e9tag\u00e8res, les fours, les garde-corps de portes et de fen\u00eatres en acier inoxydable, les bo\u00eetes de distribution et le mobilier de maison en acier inoxydable.<\/p>\n<p>Projets<br \/>\nLes soudeurs laser refroidis \u00e0 l'air peuvent fonctionner sous diff\u00e9rents angles, ce qui les rend polyvalents pour diff\u00e9rents types de joints m\u00e9talliques, tels que les joints bout \u00e0 bout, les joints \u00e0 recouvrement, les joints d'angle, les joints en T et les joints de bord. Cette souplesse de positionnement permet de souder efficacement des formes et des profils complexes.<\/p>\n<\/div>\n<\/div>\n<\/div>\n<\/div>\n<\/div>\n<\/div>\n<div class=\"vc_row wpb_row vc_row-fluid\">\n<div class=\"wpb_column vc_column_container vc_col-sm-12\">\n<div class=\"vc_column-inner\">\n<div class=\"wpb_wrapper\">\n<div class=\"wpb_single_image wpb_content_element vc_align_left wpb_content_element\">\n<figure class=\"wpb_wrapper vc_figure\">\n<div class=\"vc_single_image-wrapper   vc_box_border_grey\"><img decoding=\"async\" class=\"vc_single_image-img attachment-full\" title=\"soudage laser manuel\" src=\"https:\/\/bogonglaser.com\/wp-content\/uploads\/2024\/11\/handheld-laser-welding.jpg\" sizes=\"auto, (max-width: 600px) 100vw, 600px\" srcset=\"https:\/\/bogonglaser.com\/wp-content\/uploads\/2024\/11\/handheld-laser-welding.jpg 600w, https:\/\/bogonglaser.com\/wp-content\/uploads\/2024\/11\/handheld-laser-welding-243x300.jpg 243w\" alt=\"soudage laser manuel\" width=\"600\" height=\"742\" \/><\/div>\n<\/figure>\n<\/div>\n<\/div>\n<\/div>\n<\/div>\n<\/div>\n<div class=\"vc_row wpb_row vc_row-fluid\">\n<div class=\"wpb_column vc_column_container vc_col-sm-12\">\n<div class=\"vc_column-inner\">\n<div class=\"wpb_wrapper\">\n<div class=\"wpb_text_column wpb_content_element\">\n<div class=\"wpb_wrapper\">\n<p><strong>Emballage de la soudeuse laser<\/strong><\/p>\n<\/div>\n<\/div>\n<div class=\"wpb_single_image wpb_content_element vc_align_left wpb_content_element\">\n<figure class=\"wpb_wrapper vc_figure\">\n<div class=\"vc_single_image-wrapper   vc_box_border_grey\"><img decoding=\"async\" class=\"vc_single_image-img attachment-full\" title=\"machine \u00e0 souder laser portative\" src=\"https:\/\/bogonglaser.com\/wp-content\/uploads\/2024\/11\/handheld-laser-welder-machine.jpg\" sizes=\"auto, (max-width: 600px) 100vw, 600px\" srcset=\"https:\/\/bogonglaser.com\/wp-content\/uploads\/2024\/11\/handheld-laser-welder-machine.jpg 600w, https:\/\/bogonglaser.com\/wp-content\/uploads\/2024\/11\/handheld-laser-welder-machine-300x154.jpg 300w\" alt=\"machine \u00e0 souder laser portative\" width=\"600\" height=\"308\" \/><\/div>\n<\/figure>\n<\/div>\n<\/div>\n<\/div>\n<\/div>\n<\/div>\n<div class=\"vc_row wpb_row vc_row-fluid\">\n<div class=\"wpb_column vc_column_container vc_col-sm-12\">\n<div class=\"vc_column-inner\">\n<div class=\"wpb_wrapper\">\n<div class=\"wpb_text_column wpb_content_element\">\n<div class=\"wpb_wrapper\">\n<p>**Pourquoi choisir BOGONG LASER** ?<\/p>\n<p>BOGONG famous for it\u2019s quality of laser equipment and service for aftersale service, Our machines are versatile and user-friendly, designed with all skill levels in mind. Above all, we prioritize customer satisfaction. Whether you\u2019re a seasoned expert or a beginner,\u00a0BOGONG LASER\u00a0is here to support you every step of the way. Trust us and our service, where excellence and innovation come together for your success.<\/p>\n<\/div>\n<\/div>\n<\/div>\n<\/div>\n<\/div>\n<\/div>","protected":false},"excerpt":{"rendered":"<h2>Soudeur laser portable refroidi par air avec pistolet de soudage portatif<\/h2>\n<p>Vous recherchez une machine \u00e0 souder abordable pour r\u00e9aliser des assemblages m\u00e9talliques de pr\u00e9cision ? D\u00e9couvrez cette soudeuse laser portable, refroidie \u00e0 l'air et adapt\u00e9e aux d\u00e9butants, \u00e9quip\u00e9e d'un pistolet de soudage laser portatif.<\/p>\n<ul class=\"tips\">\n<li>350 Sets \/ Month Waiting for Sale In Stock<\/li>\n<li>2 ans de garantie limit\u00e9e pour l'ensemble de la machine<\/li>\n<li>En ligne (PayPal) et hors ligne (T\/T, cartes de d\u00e9bit et de cr\u00e9dit)<\/li>\n<li>Support technique gratuit \u00e0 vie pour les utilisateurs finaux et les revendeurs<\/li>\n<\/ul>","protected":false},"featured_media":1870,"template":"","meta":{"_gspb_post_css":""},"product_brand":[],"product_cat":[115,95],"product_tag":[109,108,107],"class_list":{"0":"post-1869","1":"product","2":"type-product","3":"status-publish","4":"has-post-thumbnail","6":"product_cat-handheld-laser-welder","7":"product_cat-laser-welding-machine","8":"product_tag-fiber-laser-welder","9":"product_tag-handheld-laser-welder","10":"product_tag-laser-welding-machine","12":"first","13":"instock","14":"shipping-taxable","15":"product-type-simple"},"_links":{"self":[{"href":"https:\/\/bogonglaser.com\/fr\/wp-json\/wp\/v2\/product\/1869","targetHints":{"allow":["GET"]}}],"collection":[{"href":"https:\/\/bogonglaser.com\/fr\/wp-json\/wp\/v2\/product"}],"about":[{"href":"https:\/\/bogonglaser.com\/fr\/wp-json\/wp\/v2\/types\/product"}],"wp:featuredmedia":[{"embeddable":true,"href":"https:\/\/bogonglaser.com\/fr\/wp-json\/wp\/v2\/media\/1870"}],"wp:attachment":[{"href":"https:\/\/bogonglaser.com\/fr\/wp-json\/wp\/v2\/media?parent=1869"}],"wp:term":[{"taxonomy":"product_brand","embeddable":true,"href":"https:\/\/bogonglaser.com\/fr\/wp-json\/wp\/v2\/product_brand?post=1869"},{"taxonomy":"product_cat","embeddable":true,"href":"https:\/\/bogonglaser.com\/fr\/wp-json\/wp\/v2\/product_cat?post=1869"},{"taxonomy":"product_tag","embeddable":true,"href":"https:\/\/bogonglaser.com\/fr\/wp-json\/wp\/v2\/product_tag?post=1869"}],"curies":[{"name":"wp","href":"https:\/\/api.w.org\/{rel}","templated":true}]}}