{"id":1862,"date":"2024-11-20T15:53:11","date_gmt":"2024-11-20T07:53:11","guid":{"rendered":"https:\/\/bogonglaser.com\/?post_type=product&#038;p=1862"},"modified":"2025-12-10T18:21:58","modified_gmt":"2025-12-10T10:21:58","slug":"3-in-1-handheld-laser-welder","status":"publish","type":"product","link":"https:\/\/bogonglaser.com\/fr\/3-in-1-handheld-laser-welder\/","title":{"rendered":"Soudeur laser portatif 3 en 1"},"content":{"rendered":"<div class=\"vc_row wpb_row vc_row-fluid\">\n<div class=\"wpb_column vc_column_container vc_col-sm-12\">\n<div class=\"vc_column-inner\">\n<div class=\"wpb_wrapper\">\n<div class=\"wpb_text_column wpb_content_element\">\n<div class=\"wpb_wrapper\">\n<p>Vous recherchez une machine de soudage laser 3 en 1 capable de souder, de nettoyer et de d\u00e9couper en une seule op\u00e9ration ? Au lieu d'opter pour des machines distinctes - une pour le soudage, une autre pour la d\u00e9coupe des t\u00f4les et des tuyaux, et une autre encore pour le nettoyage de la rouille, de la peinture et des rev\u00eatements -, envisagez la solution qui combine tout cela.<\/p>\n<p>Pr\u00e9sentation de la\u00a0<span class=\"___SText_pr68d-red-team\" data-ui-name=\"Link.Text\">Machine \u00e0 souder au laser 3 en 1<\/span>La machine laser polyvalente tout-en-un dont vous r\u00eavez. Ce puissant appareil peut souder diff\u00e9rents types, tailles et \u00e9paisseurs de plaques, de tuyaux et de profil\u00e9s m\u00e9talliques. Il est \u00e9galement capable de d\u00e9couper des mat\u00e9riaux tels que l'acier inoxydable, l'acier au carbone, le cuivre, l'aluminium, le titane et certains alliages. En outre, il peut nettoyer efficacement une grande vari\u00e9t\u00e9 de substrats en vue d'un traitement de surface. Dites adieu aux inconv\u00e9nients de plusieurs machines et bonjour \u00e0 la commodit\u00e9 du BGW !<\/p>\n<\/div>\n<\/div>\n<\/div>\n<\/div>\n<\/div>\n<\/div>\n<div class=\"vc_row wpb_row vc_row-fluid\">\n<div class=\"wpb_column vc_column_container vc_col-sm-12\">\n<div class=\"vc_column-inner\">\n<div class=\"wpb_wrapper\">\n<div class=\"wpb_single_image wpb_content_element vc_align_left wpb_content_element\">\n<figure class=\"wpb_wrapper vc_figure\">\n<div class=\"vc_single_image-wrapper   vc_box_border_grey\"><img decoding=\"async\" class=\"vc_single_image-img attachment-full\" title=\"Machine \u00e0 souder au laser pour m\u00e9taux\" src=\"https:\/\/bogonglaser.com\/wp-content\/uploads\/2024\/11\/laser-welding-machine-for-metal.jpg\" sizes=\"auto, (max-width: 600px) 100vw, 600px\" srcset=\"https:\/\/bogonglaser.com\/wp-content\/uploads\/2024\/11\/laser-welding-machine-for-metal.jpg 600w, https:\/\/bogonglaser.com\/wp-content\/uploads\/2024\/11\/laser-welding-machine-for-metal-300x300.jpg 300w, https:\/\/bogonglaser.com\/wp-content\/uploads\/2024\/11\/laser-welding-machine-for-metal-150x150.jpg 150w, https:\/\/bogonglaser.com\/wp-content\/uploads\/2024\/11\/laser-welding-machine-for-metal-100x100.jpg 100w\" alt=\"Machine \u00e0 souder au laser pour m\u00e9taux\" width=\"600\" height=\"600\" \/><\/div>\n<\/figure>\n<\/div>\n<\/div>\n<\/div>\n<\/div>\n<\/div>\n<div class=\"vc_row wpb_row vc_row-fluid\">\n<div class=\"wpb_column vc_column_container vc_col-sm-12\">\n<div class=\"vc_column-inner\">\n<div class=\"wpb_wrapper\">\n<div class=\"wpb_text_column wpb_content_element\">\n<div class=\"wpb_wrapper\">\n<p>Le soudeur, nettoyeur et d\u00e9coupeur laser 3-en-1 est un kit de machine-outil tout-en-un qui int\u00e8gre trois fonctions : le soudage, la d\u00e9coupe et le nettoyage. Il comprend un g\u00e9n\u00e9rateur laser \u00e0 fibre, un pistolet laser portatif, un refroidisseur d'eau et un syst\u00e8me de contr\u00f4le combin\u00e9. Cet outil portable et pratique est con\u00e7u pour \u00eatre facile \u00e0 utiliser, ce qui en fait un excellent choix pour diverses applications.<\/p>\n<\/div>\n<\/div>\n<\/div>\n<\/div>\n<\/div>\n<\/div>\n<div class=\"vc_row wpb_row vc_row-fluid\">\n<div class=\"wpb_column vc_column_container vc_col-sm-12\">\n<div class=\"vc_column-inner\">\n<div class=\"wpb_wrapper\">\n<div class=\"wpb_single_image wpb_content_element vc_align_left wpb_content_element\">\n<figure class=\"wpb_wrapper vc_figure\">\n<div class=\"vc_single_image-wrapper   vc_box_border_grey\"><img decoding=\"async\" class=\"vc_single_image-img attachment-full\" title=\"petite armoire de soudage laser (1)\" src=\"https:\/\/bogonglaser.com\/wp-content\/uploads\/2024\/11\/small-cabinet-laser-welder-1.jpg\" sizes=\"auto, (max-width: 1544px) 100vw, 1544px\" srcset=\"https:\/\/bogonglaser.com\/wp-content\/uploads\/2024\/11\/small-cabinet-laser-welder-1.jpg 1544w, https:\/\/bogonglaser.com\/wp-content\/uploads\/2024\/11\/small-cabinet-laser-welder-1-300x207.jpg 300w, https:\/\/bogonglaser.com\/wp-content\/uploads\/2024\/11\/small-cabinet-laser-welder-1-1024x705.jpg 1024w, https:\/\/bogonglaser.com\/wp-content\/uploads\/2024\/11\/small-cabinet-laser-welder-1-768x529.jpg 768w, https:\/\/bogonglaser.com\/wp-content\/uploads\/2024\/11\/small-cabinet-laser-welder-1-1536x1057.jpg 1536w, https:\/\/bogonglaser.com\/wp-content\/uploads\/2024\/11\/small-cabinet-laser-welder-1-600x413.jpg 600w, https:\/\/bogonglaser.com\/wp-content\/uploads\/2024\/11\/small-cabinet-laser-welder-1-1000x688.jpg 1000w\" alt=\"petite armoire de soudage laser 1\" width=\"1544\" height=\"1063\" \/><\/div>\n<\/figure>\n<\/div>\n<\/div>\n<\/div>\n<\/div>\n<\/div>\n<div class=\"vc_row wpb_row vc_row-fluid\">\n<div class=\"wpb_column vc_column_container vc_col-sm-12\">\n<div class=\"vc_column-inner\">\n<div class=\"wpb_wrapper\">\n<div class=\"wpb_text_column wpb_content_element\">\n<div class=\"wpb_wrapper\">\n<h2>Caract\u00e9ristiques de la\u00a0<span class=\"___SText_pr68d-red-team\" data-ui-name=\"Link.Text\">Machine \u00e0 souder au laser 3 en 1<\/span><\/h2>\n<p>- En tant que machine de nettoyage laser, il s'agit d'un outil de nettoyage \u201cvert\u201d respectueux de l'environnement qui ne n\u00e9cessite pas d'agents ou de fluides chimiques.<\/p>\n<p>- En tant que soudeur laser, il produit des soudures lisses et homog\u00e8nes sans cicatrices, ce qui \u00e9limine le besoin de meulage et de polissage apr\u00e8s la soudure. Cela permet non seulement de gagner du temps et de l'argent, mais aussi d'am\u00e9liorer l'efficacit\u00e9.<\/p>\n<p>- En tant que machine de d\u00e9coupe laser, elle offre un fonctionnement convivial, permettant des d\u00e9coupes m\u00e9talliques 2D et 3D de pr\u00e9cision \u00e0 grande vitesse dans n'importe quelle direction et n'importe quel angle.<\/p>\n<p>- Le pistolet laser portable est con\u00e7u pour \u00eatre tenu \u00e0 la main, ce qui le rend facile \u00e0 transporter. Il est dot\u00e9 d'un \u00e9cran de contr\u00f4le tactile qui permet de r\u00e9gler facilement les param\u00e8tres en cours d'utilisation. Il ne p\u00e8se que 0,75 kg, ce qui permet de l'utiliser confortablement sans se fatiguer.<\/p>\n<p>- \u00c9quip\u00e9 d'une source laser \u00e0 fibre professionnelle, il pr\u00e9sente un faible taux d'erreur, une faible consommation d'\u00e9nergie et ne n\u00e9cessite pas d'entretien, ce qui rend l'assemblage ais\u00e9.<\/p>\n<p>- Le refroidisseur \u00e0 temp\u00e9rature constante de qualit\u00e9 industrielle est \u00e9quip\u00e9 d'un filtre pour la s\u00e9curit\u00e9 et la durabilit\u00e9, garantissant des performances stables et une longue dur\u00e9e de vie. Un syst\u00e8me de refroidissement \u00e0 l'eau de haute qualit\u00e9 assure le fonctionnement stable du g\u00e9n\u00e9rateur laser \u00e0 fibre sur de longues p\u00e9riodes.<\/p>\n<p>- La conception compacte et portable occupe un espace minimal, le pistolet laser portatif est con\u00e7u de mani\u00e8re ergonomique et l'ajout de quatre roues facilite le d\u00e9placement pour les t\u00e2ches sur de longues distances.<\/p>\n<\/div>\n<\/div>\n<\/div>\n<\/div>\n<\/div>\n<\/div>\n<div class=\"vc_row wpb_row vc_row-fluid\">\n<div class=\"wpb_column vc_column_container vc_col-sm-12\">\n<div class=\"vc_column-inner\">\n<div class=\"wpb_wrapper\">\n<div class=\"wpb_single_image wpb_content_element vc_align_left wpb_content_element\">\n<figure class=\"wpb_wrapper vc_figure\">\n<div class=\"vc_single_image-wrapper   vc_box_border_grey\"><img decoding=\"async\" class=\"vc_single_image-img attachment-full\" title=\"\u672a\u6807\u9898-1000 (1)\" src=\"https:\/\/bogonglaser.com\/wp-content\/uploads\/2024\/11\/%E6%9C%AA%E6%A0%87%E9%A2%98-1000-1.jpg\" sizes=\"auto, (max-width: 1544px) 100vw, 1544px\" srcset=\"https:\/\/bogonglaser.com\/wp-content\/uploads\/2024\/11\/\u672a\u6807\u9898-1000-1.jpg 1544w, https:\/\/bogonglaser.com\/wp-content\/uploads\/2024\/11\/\u672a\u6807\u9898-1000-1-300x207.jpg 300w, https:\/\/bogonglaser.com\/wp-content\/uploads\/2024\/11\/\u672a\u6807\u9898-1000-1-1024x705.jpg 1024w, https:\/\/bogonglaser.com\/wp-content\/uploads\/2024\/11\/\u672a\u6807\u9898-1000-1-768x529.jpg 768w, https:\/\/bogonglaser.com\/wp-content\/uploads\/2024\/11\/\u672a\u6807\u9898-1000-1-1536x1057.jpg 1536w, https:\/\/bogonglaser.com\/wp-content\/uploads\/2024\/11\/\u672a\u6807\u9898-1000-1-600x413.jpg 600w, https:\/\/bogonglaser.com\/wp-content\/uploads\/2024\/11\/\u672a\u6807\u9898-1000-1-1000x688.jpg 1000w\" alt=\"\u672a\u6807\u9898 1000 1\" width=\"1544\" height=\"1063\" \/><\/div>\n<\/figure>\n<\/div>\n<\/div>\n<\/div>\n<\/div>\n<\/div>\n<div class=\"vc_row wpb_row vc_row-fluid\">\n<div class=\"wpb_column vc_column_container vc_col-sm-12\">\n<div class=\"vc_column-inner\">\n<div class=\"wpb_wrapper\">\n<div class=\"wpb_text_column wpb_content_element\">\n<div class=\"wpb_wrapper\">\n<h3>Qu'est-ce qu'un pistolet de soudage laser portatif ?<\/h3>\n<p>Le<a href=\"https:\/\/bogonglaser.com\/fr\/laser-welding-machine\/handheld-laser-welder\/\">\u00a0soudage laser manuel<\/a>\u00a0est capable de souder, de nettoyer et de couper, le tout g\u00e9r\u00e9 par un contr\u00f4leur intelligent pour une utilisation facile et un usinage flexible. Sa taille compacte le rend portable et rentable, ne n\u00e9cessitant aucun consommable.<\/p>\n<\/div>\n<\/div>\n<\/div>\n<\/div>\n<\/div>\n<\/div>\n<div class=\"vc_row wpb_row vc_row-fluid\">\n<div class=\"wpb_column vc_column_container vc_col-sm-12\">\n<div class=\"vc_column-inner\">\n<div class=\"wpb_wrapper\">\n<div class=\"wpb_text_column wpb_content_element\">\n<div class=\"wpb_wrapper\">\n<p><strong>Emballage de la soudeuse laser<\/strong><\/p>\n<\/div>\n<\/div>\n<div class=\"wpb_single_image wpb_content_element vc_align_left wpb_content_element\">\n<figure class=\"wpb_wrapper vc_figure\">\n<div class=\"vc_single_image-wrapper   vc_box_border_grey\"><img decoding=\"async\" class=\"vc_single_image-img attachment-full\" title=\"pistolet laser t\u00eate laser\" src=\"https:\/\/bogonglaser.com\/wp-content\/uploads\/2024\/11\/laser-gun-laser-head.jpg\" sizes=\"auto, (max-width: 600px) 100vw, 600px\" srcset=\"https:\/\/bogonglaser.com\/wp-content\/uploads\/2024\/11\/laser-gun-laser-head.jpg 600w, https:\/\/bogonglaser.com\/wp-content\/uploads\/2024\/11\/laser-gun-laser-head-300x300.jpg 300w, https:\/\/bogonglaser.com\/wp-content\/uploads\/2024\/11\/laser-gun-laser-head-150x150.jpg 150w, https:\/\/bogonglaser.com\/wp-content\/uploads\/2024\/11\/laser-gun-laser-head-100x100.jpg 100w\" alt=\"pistolet laser t\u00eate laser\" width=\"600\" height=\"600\" \/><\/div>\n<\/figure>\n<\/div>\n<\/div>\n<\/div>\n<\/div>\n<\/div>\n<div class=\"vc_row wpb_row vc_row-fluid\">\n<div class=\"wpb_column vc_column_container vc_col-sm-12\">\n<div class=\"vc_column-inner\">\n<div class=\"wpb_wrapper\">\n<div class=\"wpb_video_widget wpb_content_element vc_clearfix   vc_video-aspect-ratio-169 vc_video-el-width-100 vc_video-align-left\">\n<div class=\"wpb_wrapper\">\n<div class=\"wpb_video_wrapper\">\n<p><iframe title=\"Plusieurs marques de t\u00eates de soudage laser \u00e0 fibre portatives : quelle est la meilleure t\u00eate de soudage laser ?\" width=\"1290\" height=\"726\" src=\"https:\/\/www.youtube.com\/embed\/NSdcJZEIYs8?feature=oembed\" frameborder=\"0\" allow=\"accelerometer; autoplay; clipboard-write; encrypted-media; gyroscope; picture-in-picture; web-share\" referrerpolicy=\"strict-origin-when-cross-origin\" allowfullscreen><\/iframe><\/p>\n<\/div>\n<\/div>\n<\/div>\n<\/div>\n<\/div>\n<\/div>\n<\/div>\n<div class=\"vc_row wpb_row vc_row-fluid\">\n<div class=\"wpb_column vc_column_container vc_col-sm-12\">\n<div class=\"vc_column-inner\">\n<div class=\"wpb_wrapper\">\n<div class=\"wpb_text_column wpb_content_element\">\n<div class=\"wpb_wrapper\">\n<p><strong>Paquet de\u00a0<span class=\"___SText_pr68d-red-team\" data-ui-name=\"Link.Text\">Machine \u00e0 souder au laser 3 en 1<\/span><\/strong><\/p>\n<\/div>\n<\/div>\n<div class=\"wpb_single_image wpb_content_element vc_align_left wpb_content_element\">\n<figure class=\"wpb_wrapper vc_figure\">\n<div class=\"vc_single_image-wrapper   vc_box_border_grey\"><img decoding=\"async\" class=\"vc_single_image-img attachment-full\" title=\"machine \u00e0 souder laser portative\" src=\"https:\/\/bogonglaser.com\/wp-content\/uploads\/2024\/11\/handheld-laser-welder-machine.jpg\" sizes=\"auto, (max-width: 600px) 100vw, 600px\" srcset=\"https:\/\/bogonglaser.com\/wp-content\/uploads\/2024\/11\/handheld-laser-welder-machine.jpg 600w, https:\/\/bogonglaser.com\/wp-content\/uploads\/2024\/11\/handheld-laser-welder-machine-300x154.jpg 300w\" alt=\"machine \u00e0 souder laser portative\" width=\"600\" height=\"308\" \/><\/div>\n<\/figure>\n<\/div>\n<\/div>\n<\/div>\n<\/div>\n<\/div>\n<div class=\"vc_row wpb_row vc_row-fluid\">\n<div class=\"wpb_column vc_column_container vc_col-sm-12\">\n<div class=\"vc_column-inner\">\n<div class=\"wpb_wrapper\">\n<div class=\"wpb_text_column wpb_content_element\">\n<div class=\"wpb_wrapper\">\n<p>**Pourquoi choisir BOGONG LASER** ?<\/p>\n<p>BOGONG est r\u00e9put\u00e9 pour la qualit\u00e9 de ses \u00e9quipements laser et de son service apr\u00e8s-vente. Nos machines sont polyvalentes et conviviales, con\u00e7ues pour tous les niveaux de comp\u00e9tence. Avant tout, nous accordons la priorit\u00e9 \u00e0 la satisfaction du client. Que vous soyez un expert chevronn\u00e9 ou un d\u00e9butant,\u00a0<a href=\"https:\/\/bogonglaser.com\/fr\/\">BOGONG LASER<\/a>\u00a0est l\u00e0 pour vous soutenir \u00e0 chaque \u00e9tape. Faites-nous confiance et faites confiance \u00e0 notre service, o\u00f9 l'excellence et l'innovation se conjuguent pour votre r\u00e9ussite.<\/p>\n<\/div>\n<\/div>\n<\/div>\n<\/div>\n<\/div>\n<\/div>","protected":false},"excerpt":{"rendered":"<h1><span class=\"___SText_pr68d-red-team\" data-ui-name=\"Link.Text\">Machine \u00e0 souder au laser 3 en 1<\/span><\/h1>\n<p>L'appareil de soudage, de nettoyage et de d\u00e9coupe laser 3-en-1 est un syst\u00e8me laser portable tout-en-un comprenant un pistolet de d\u00e9coupe laser portatif pour d\u00e9couper les m\u00e9taux, un pistolet de soudage pour les assembler et un pistolet de nettoyage con\u00e7u pour \u00e9liminer la rouille, la peinture et les rev\u00eatements. Sa polyvalence lui permet de remplir de multiples fonctions, tandis que sa conception conviviale le rend accessible aux d\u00e9butants comme aux professionnels...<\/p>\n<ul class=\"tips\">\n<li>350 Sets \/ Month Waiting for Sale In Stock<\/li>\n<li>2 ans de garantie limit\u00e9e pour l'ensemble de la machine<\/li>\n<li>En ligne (PayPal) et hors ligne (T\/T, cartes de d\u00e9bit et de cr\u00e9dit)<\/li>\n<li>Support technique gratuit \u00e0 vie pour les utilisateurs finaux et les revendeurs<\/li>\n<\/ul>","protected":false},"featured_media":1864,"template":"","meta":{"_gspb_post_css":""},"product_brand":[],"product_cat":[115,95],"product_tag":[109,108,107],"class_list":{"0":"post-1862","1":"product","2":"type-product","3":"status-publish","4":"has-post-thumbnail","6":"product_cat-handheld-laser-welder","7":"product_cat-laser-welding-machine","8":"product_tag-fiber-laser-welder","9":"product_tag-handheld-laser-welder","10":"product_tag-laser-welding-machine","12":"first","13":"instock","14":"shipping-taxable","15":"product-type-simple"},"_links":{"self":[{"href":"https:\/\/bogonglaser.com\/fr\/wp-json\/wp\/v2\/product\/1862","targetHints":{"allow":["GET"]}}],"collection":[{"href":"https:\/\/bogonglaser.com\/fr\/wp-json\/wp\/v2\/product"}],"about":[{"href":"https:\/\/bogonglaser.com\/fr\/wp-json\/wp\/v2\/types\/product"}],"wp:featuredmedia":[{"embeddable":true,"href":"https:\/\/bogonglaser.com\/fr\/wp-json\/wp\/v2\/media\/1864"}],"wp:attachment":[{"href":"https:\/\/bogonglaser.com\/fr\/wp-json\/wp\/v2\/media?parent=1862"}],"wp:term":[{"taxonomy":"product_brand","embeddable":true,"href":"https:\/\/bogonglaser.com\/fr\/wp-json\/wp\/v2\/product_brand?post=1862"},{"taxonomy":"product_cat","embeddable":true,"href":"https:\/\/bogonglaser.com\/fr\/wp-json\/wp\/v2\/product_cat?post=1862"},{"taxonomy":"product_tag","embeddable":true,"href":"https:\/\/bogonglaser.com\/fr\/wp-json\/wp\/v2\/product_tag?post=1862"}],"curies":[{"name":"wp","href":"https:\/\/api.w.org\/{rel}","templated":true}]}}