{"id":1828,"date":"2024-11-14T15:48:52","date_gmt":"2024-11-14T07:48:52","guid":{"rendered":"https:\/\/bogonglaser.com\/?post_type=product&#038;p=1828"},"modified":"2025-12-10T18:27:09","modified_gmt":"2025-12-10T10:27:09","slug":"best-handheld-laser-welder","status":"publish","type":"product","link":"https:\/\/bogonglaser.com\/fr\/best-handheld-laser-welder\/","title":{"rendered":"Best Handheld Laser Welder Machine \u00e0 souder"},"content":{"rendered":"<div class=\"vc_row wpb_row vc_row-fluid\">\n<div class=\"wpb_column vc_column_container vc_col-sm-12\">\n<div class=\"vc_column-inner\">\n<div class=\"wpb_wrapper\">\n<div class=\"wpb_text_column wpb_content_element\">\n<div class=\"wpb_wrapper\">\n<p>BOGONG fournit les meilleures machines portatives de soudage au laser.<\/p>\n<p>Con\u00e7us pour \u00eatre faciles \u00e0 utiliser, ces soudeurs laser portables sont maniables et fonctionnent \u00e0 l'aide d'un pistolet de soudage manuel, ce qui les rend id\u00e9aux pour r\u00e9aliser des raccords m\u00e9talliques \u00e0 l'int\u00e9rieur comme \u00e0 l'ext\u00e9rieur.<\/p>\n<p>Ces machines offrent l'avantage d'un soudage sans contact pour les composants complexes. La soudeuse manuelle \u00e0 faisceau laser peut s\u00e9parer efficacement le spectre en fonction du temps et de l'\u00e9nergie, ce qui permet de r\u00e9aliser plusieurs soudures simultan\u00e9es. Par rapport aux m\u00e9thodes traditionnelles de soudage MIG, TIG et \u00e9lectrique, cette technologie offre une pr\u00e9cision accrue dans le processus de soudage.<\/p>\n<\/div>\n<\/div>\n<\/div>\n<\/div>\n<\/div>\n<\/div>\n<div class=\"vc_row wpb_row vc_row-fluid\">\n<div class=\"wpb_column vc_column_container vc_col-sm-12\">\n<div class=\"vc_column-inner\">\n<div class=\"wpb_wrapper\">\n<div class=\"wpb_single_image wpb_content_element vc_align_left wpb_content_element\">\n<figure class=\"wpb_wrapper vc_figure\">\n<div class=\"vc_single_image-wrapper vc_box_border_grey\"><img decoding=\"async\" class=\"vc_single_image-img attachment-full\" title=\"soudeur laser portatif\" src=\"https:\/\/bogonglaser.com\/wp-content\/uploads\/2024\/11\/laser-welder-handheld-1.jpg\" sizes=\"auto, (max-width: 600px) 100vw, 600px\" srcset=\"https:\/\/bogonglaser.com\/wp-content\/uploads\/2024\/11\/laser-welder-handheld-1.jpg 600w, https:\/\/bogonglaser.com\/wp-content\/uploads\/2024\/11\/laser-welder-handheld-1-300x300.jpg 300w, https:\/\/bogonglaser.com\/wp-content\/uploads\/2024\/11\/laser-welder-handheld-1-150x150.jpg 150w, https:\/\/bogonglaser.com\/wp-content\/uploads\/2024\/11\/laser-welder-handheld-1-100x100.jpg 100w\" alt=\"soudeur laser portatif 1\" width=\"600\" height=\"600\" \/><\/div>\n<\/figure>\n<\/div>\n<\/div>\n<\/div>\n<\/div>\n<\/div>\n<div class=\"vc_row wpb_row vc_row-fluid\">\n<div class=\"wpb_column vc_column_container vc_col-sm-12\">\n<div class=\"vc_column-inner\">\n<div class=\"wpb_wrapper\">\n<div class=\"wpb_text_column wpb_content_element\">\n<div class=\"wpb_wrapper\">\n<h2>Avantage de\u00a0<a href=\"https:\/\/bogonglaser.com\/fr\/laser-welding-machine\/handheld-laser-welder\/\">Soudeur laser portatif<\/a>:<\/h2>\n<p>\u2714 Offre diff\u00e9rentes options de puissance laser (1500W, 2000W, 3000W) pour diff\u00e9rentes profondeurs de p\u00e9n\u00e9tration.<\/p>\n<p>Portable et facile \u00e0 utiliser, il est id\u00e9al pour les projets de soudage \u00e0 l'int\u00e9rieur et \u00e0 l'ext\u00e9rieur.<\/p>\n<p>\u2714 Vitesses de soudage rapides - de 2 \u00e0 10 fois plus rapides que les soudeuses MMA, TIG et MIG traditionnelles.<\/p>\n<p>\u2714 Produit des cordons de soudure droits et uniformes, lisses et propres, avec une p\u00e9n\u00e9tration profonde et une conicit\u00e9 minimale, ce qui \u00e9limine le besoin de polissage et permet d'\u00e9conomiser du temps et de l'argent.<\/p>\n<p>\u2714 Cr\u00e9e des joints m\u00e9talliques solides sans d\u00e9formation et r\u00e9duit la cicatrisation.<\/p>\n<p>\u2714 R\u00e9duction de la consommation de mat\u00e9riaux et d'\u00e9nergie, contribuant \u00e0 une plus longue dur\u00e9e de vie.<\/p>\n<p>\u2714 Convivialit\u00e9 et s\u00e9curit\u00e9, fonctionnement respectueux de l'environnement.<\/p>\n<\/div>\n<\/div>\n<\/div>\n<\/div>\n<\/div>\n<\/div>\n<div class=\"vc_row wpb_row vc_row-fluid\">\n<div class=\"wpb_column vc_column_container vc_col-sm-12\">\n<div class=\"vc_column-inner\">\n<div class=\"wpb_wrapper\">\n<div class=\"wpb_single_image wpb_content_element vc_align_left wpb_content_element\">\n<figure class=\"wpb_wrapper vc_figure\">\n<div class=\"vc_single_image-wrapper vc_box_border_grey\"><img decoding=\"async\" class=\"vc_single_image-img attachment-full\" title=\"soudeur laser \u00e0 fibre\" src=\"https:\/\/bogonglaser.com\/wp-content\/uploads\/2024\/11\/fiber-laser-welder-1.jpg\" sizes=\"auto, (max-width: 600px) 100vw, 600px\" srcset=\"https:\/\/bogonglaser.com\/wp-content\/uploads\/2024\/11\/fiber-laser-welder-1.jpg 600w, https:\/\/bogonglaser.com\/wp-content\/uploads\/2024\/11\/fiber-laser-welder-1-300x300.jpg 300w, https:\/\/bogonglaser.com\/wp-content\/uploads\/2024\/11\/fiber-laser-welder-1-150x150.jpg 150w, https:\/\/bogonglaser.com\/wp-content\/uploads\/2024\/11\/fiber-laser-welder-1-100x100.jpg 100w\" alt=\"soudeur laser \u00e0 fibre 1\" width=\"600\" height=\"600\" \/><\/div>\n<\/figure>\n<\/div>\n<\/div>\n<\/div>\n<\/div>\n<\/div>\n<div class=\"vc_row wpb_row vc_row-fluid\">\n<div class=\"wpb_column vc_column_container vc_col-sm-12\">\n<div class=\"vc_column-inner\">\n<div class=\"wpb_wrapper\">\n<div class=\"wpb_text_column wpb_content_element\">\n<div class=\"wpb_wrapper\">\n<h2>Caract\u00e9ristiques de la machine de soudage laser \u00e0 fibre portable<\/h2>\n<p>\u21f2 Fournit une densit\u00e9 d'\u00e9nergie laser \u00e9lev\u00e9e avec une zone d'effet thermique minimale, r\u00e9duisant le risque de d\u00e9formation et \u00e9liminant la n\u00e9cessit\u00e9 d'un traitement ult\u00e9rieur important.<\/p>\n<p>\u21f2 Armoire de commande compacte tout-en-un qui comprend le g\u00e9n\u00e9rateur laser, le bloc d'alimentation, le refroidisseur d'eau industriel et le contr\u00f4leur - puissant mais facile \u00e0 d\u00e9placer.<\/p>\n<p>\u21f2 Supporte les diff\u00e9rentes techniques de soudage, y compris le soudage par points, le soudage par points, le soudage par clous, le soudage en bout, le soudage par recouvrement, le soudage par \u00e9pissure, le soudage en bordure, le soudage par empilage, le sertissage et le soudage en t\u00e9.<\/p>\n<p>\u21f2 Des fonctions de d\u00e9tection et de protection avanc\u00e9es garantissent un fonctionnement stable \u00e0 long terme, minimisant les pertes potentielles et les risques pour la s\u00e9curit\u00e9.<\/p>\n<p>\u21f2 Le fonctionnement sans contact est sans stress, silencieux et respectueux de l'environnement, ce qui permet de s'aligner sur les normes de traitement \u00e9cologique.<\/p>\n<p>\u21f2 Produit des soudures de haute qualit\u00e9 avec une finition lisse et propre.<\/p>\n<p>\u21f2 Les capacit\u00e9s de communication permettent de contr\u00f4ler en temps r\u00e9el toutes les donn\u00e9es du laser.<\/p>\n<p>\u21f2 \u00c9quip\u00e9 d'une fibre sp\u00e9cialis\u00e9e pour le soudage des petits points de soudure.<\/p>\n<p>\u21f2 Le faisceau laser \u00e0 fibre de haute qualit\u00e9 garantit une efficacit\u00e9 de conversion \u00e9lev\u00e9e, ce qui permet d'obtenir une vitesse de traitement rapide, un rapport d'aspect \u00e9lev\u00e9 et des soudures solides.<\/p>\n<p>\u21f2 Un syst\u00e8me spectral avanc\u00e9 r\u00e9duit la perte d'\u00e9nergie, garantissant une \u00e9nergie laser uniforme sur toutes les fibres.<\/p>\n<p>\u21f2 Utiliser la transmission par fibre optique pour le soudage \u00e0 distance et s'int\u00e9grer facilement aux \u00e9tablis automatiques, aux manipulateurs et aux lignes d'assemblage, ce qui permet d'obtenir des points lumineux plus uniformes et des joints de soudure esth\u00e9tiquement agr\u00e9ables.<\/p>\n<p>\u21f2 Les signaux d'entr\u00e9e et de sortie multiples facilitent la production automatis\u00e9e et l'int\u00e9gration des cha\u00eenes de montage.<\/p>\n<p>\u21f2 Les joints de soudure \u00e9cologiques pr\u00e9sentent une r\u00e9sistance et une t\u00e9nacit\u00e9 comparables ou sup\u00e9rieures \u00e0 celles du m\u00e9tal de base.<\/p>\n<p>\u21f2 Interface conviviale \u00e0 \u00e9cran tactile pour une configuration et un fonctionnement simples, avec un syst\u00e8me d'exploitation intuitif facile \u00e0 apprendre.<\/p>\n<p>\u21f2 Une vari\u00e9t\u00e9 de buses coud\u00e9es et de sp\u00e9cifications pour les buses d'alimentation en fil sont disponibles pour r\u00e9pondre aux diff\u00e9rentes exigences des projets de soudage.<\/p>\n<\/div>\n<\/div>\n<\/div>\n<\/div>\n<\/div>\n<\/div>\n<div class=\"vc_row wpb_row vc_row-fluid\">\n<div class=\"wpb_column vc_column_container vc_col-sm-12\">\n<div class=\"vc_column-inner\">\n<div class=\"wpb_wrapper\">\n<div class=\"wpb_single_image wpb_content_element vc_align_left wpb_content_element\">\n<figure class=\"wpb_wrapper vc_figure\">\n<div class=\"vc_single_image-wrapper vc_box_border_grey\"><img decoding=\"async\" class=\"vc_single_image-img attachment-full\" title=\"machines \u00e0 souder au laser\" src=\"https:\/\/bogonglaser.com\/wp-content\/uploads\/2024\/11\/laser-welder-machines.jpg\" sizes=\"auto, (max-width: 600px) 100vw, 600px\" srcset=\"https:\/\/bogonglaser.com\/wp-content\/uploads\/2024\/11\/laser-welder-machines.jpg 600w, https:\/\/bogonglaser.com\/wp-content\/uploads\/2024\/11\/laser-welder-machines-300x300.jpg 300w, https:\/\/bogonglaser.com\/wp-content\/uploads\/2024\/11\/laser-welder-machines-150x150.jpg 150w, https:\/\/bogonglaser.com\/wp-content\/uploads\/2024\/11\/laser-welder-machines-100x100.jpg 100w\" alt=\"machines \u00e0 souder au laser\" width=\"600\" height=\"600\" \/><\/div>\n<\/figure>\n<\/div>\n<\/div>\n<\/div>\n<\/div>\n<\/div>\n<div class=\"vc_row wpb_row vc_row-fluid\">\n<div class=\"wpb_column vc_column_container vc_col-sm-12\">\n<div class=\"vc_column-inner\">\n<div class=\"wpb_wrapper\">\n<div class=\"wpb_text_column wpb_content_element\">\n<div class=\"wpb_wrapper\">\n<h3>Qu'est-ce qu'un pistolet de soudage laser portatif ?<\/h3>\n<p>Un pistolet de soudage laser portatif est une solution de soudage portable qui combine un g\u00e9n\u00e9rateur laser, un contr\u00f4leur, un syst\u00e8me de refroidissement et un d\u00e9vidoir automatique de fil en un seul appareil. Cet outil polyvalent est capable de r\u00e9aliser diverses techniques de soudage telles que le soudage par points, par clous, par bouts, par recouvrement, par bords, par sertissage et en T, ce qui le rend parfait pour diff\u00e9rents types d'assemblages m\u00e9talliques. Sa flexibilit\u00e9 et sa conception conviviale permettent le soudage \u00e0 longue distance et en ext\u00e9rieur, ce qui permet aux op\u00e9rateurs de travailler facilement sur des pi\u00e8ces soudables sous n'importe quel angle ou dans n'importe quelle position, ce qui est id\u00e9al pour s'attaquer \u00e0 des joints m\u00e9talliques complexes.<\/p>\n<p>Le pistolet de soudage est constitu\u00e9 d'un corps de pistolet, d'une chambre de refroidissement et d'une chambre de gaz de protection. Sa conception compacte et simple le rend facile \u00e0 utiliser et \u00e0 transporter. Vous pouvez facilement le connecter \u00e0 un moyen de refroidissement et \u00e0 une source de gaz protecteur, ce qui permet de refroidir le pistolet laser et de cr\u00e9er une atmosph\u00e8re de gaz protecteur autour de la zone de travail, garantissant ainsi une qualit\u00e9 de soudure constante.<\/p>\n<p>BOGONG propose plusieurs marques de t\u00eates laser parmi lesquelles vous pouvez choisir ; regardez la vid\u00e9o ci-dessous pour plus d'informations.<\/p>\n<\/div>\n<\/div>\n<\/div>\n<\/div>\n<\/div>\n<\/div>\n<div class=\"vc_row wpb_row vc_row-fluid\">\n<div class=\"wpb_column vc_column_container vc_col-sm-12\">\n<div class=\"vc_column-inner\">\n<div class=\"wpb_wrapper\">\n<div class=\"wpb_video_widget wpb_content_element vc_clearfix vc_video-aspect-ratio-169 vc_video-el-width-100 vc_video-align-left\">\n<div class=\"wpb_wrapper\">\n<div class=\"wpb_video_wrapper\">\n<p><iframe title=\"Plusieurs marques de t\u00eates de soudage laser \u00e0 fibre portatives : quelle est la meilleure t\u00eate de soudage laser ?\" width=\"1290\" height=\"726\" src=\"https:\/\/www.youtube.com\/embed\/NSdcJZEIYs8?feature=oembed\" frameborder=\"0\" allow=\"accelerometer; autoplay; clipboard-write; encrypted-media; gyroscope; picture-in-picture; web-share\" referrerpolicy=\"strict-origin-when-cross-origin\" allowfullscreen><\/iframe><\/p>\n<\/div>\n<\/div>\n<\/div>\n<\/div>\n<\/div>\n<\/div>\n<\/div>\n<div class=\"vc_row wpb_row vc_row-fluid\">\n<div class=\"wpb_column vc_column_container vc_col-sm-12\">\n<div class=\"vc_column-inner\">\n<div class=\"wpb_wrapper\">\n<div class=\"wpb_text_column wpb_content_element\">\n<div class=\"wpb_wrapper\">\n<p><strong>Emballage de la soudeuse laser<\/strong><\/p>\n<\/div>\n<\/div>\n<div class=\"wpb_single_image wpb_content_element vc_align_left wpb_content_element\">\n<figure class=\"wpb_wrapper vc_figure\">\n<div class=\"vc_single_image-wrapper vc_box_border_grey\"><img decoding=\"async\" class=\"vc_single_image-img attachment-full\" title=\"machine \u00e0 souder laser portative\" src=\"https:\/\/bogonglaser.com\/wp-content\/uploads\/2024\/11\/handheld-laser-welder-machine.jpg\" sizes=\"auto, (max-width: 600px) 100vw, 600px\" srcset=\"https:\/\/bogonglaser.com\/wp-content\/uploads\/2024\/11\/handheld-laser-welder-machine.jpg 600w, https:\/\/bogonglaser.com\/wp-content\/uploads\/2024\/11\/handheld-laser-welder-machine-300x154.jpg 300w\" alt=\"machine \u00e0 souder laser portative\" width=\"600\" height=\"308\" \/><\/div>\n<\/figure>\n<\/div>\n<\/div>\n<\/div>\n<\/div>\n<\/div>\n<div class=\"vc_row wpb_row vc_row-fluid\">\n<div class=\"wpb_column vc_column_container vc_col-sm-12\">\n<div class=\"vc_column-inner\">\n<div class=\"wpb_wrapper\">\n<div class=\"wpb_text_column wpb_content_element\">\n<div class=\"wpb_wrapper\">\n<p>**Pourquoi choisir BOGONG LASER** ?<\/p>\n<p>BOGONG est r\u00e9put\u00e9 pour la qualit\u00e9 de ses \u00e9quipements laser et de son service apr\u00e8s-vente. Nos machines sont polyvalentes et conviviales, con\u00e7ues pour tous les niveaux de comp\u00e9tence. Avant tout, nous accordons la priorit\u00e9 \u00e0 la satisfaction du client. Que vous soyez un expert chevronn\u00e9 ou un d\u00e9butant,\u00a0<a href=\"https:\/\/bogonglaser.com\/fr\/\">BOGONG LASER<\/a>\u00a0est l\u00e0 pour vous soutenir \u00e0 chaque \u00e9tape. Faites-nous confiance et faites confiance \u00e0 notre service, o\u00f9 l'excellence et l'innovation se conjuguent pour votre r\u00e9ussite.<\/p>\n<\/div>\n<\/div>\n<\/div>\n<\/div>\n<\/div>\n<\/div>","protected":false},"excerpt":{"rendered":"<p>D\u00e9couvrez la machine \u00e0 souder laser portable 2024 \u00e0 vendre<\/p>\n<p>Voici le meilleur poste de soudage laser portable de 2024, dot\u00e9 de pistolets de soudage laser \u00e0 fibre et d'une puissante source laser disponible en options 1500W, 2000W et 3000W. Cette machine est \u00e9quip\u00e9e d'un d\u00e9vidoir de fil automatique, ce qui la rend parfaite pour souder une vari\u00e9t\u00e9 de joints m\u00e9talliques, y compris les joints de bord, de bout, de t\u00e9, d'angle et de recouvrement.<\/p>\n<p>Ce soudeur laser portatif polyvalent est con\u00e7u pour travailler en toute transparence avec une large gamme de mat\u00e9riaux, tels que l'acier au carbone, l'acier inoxydable, l'aluminium, le laiton, le cuivre, le fer, l'argent et l'or, sous forme de t\u00f4les, de tubes et de profil\u00e9s. Il est en passe de devenir la solution de r\u00e9f\u00e9rence, rempla\u00e7ant les m\u00e9thodes de soudage traditionnelles telles que l'arc \u00e0 l'argon, le MIG, le TIG et les soudeuses \u00e9lectriques pour l'assemblage de composants m\u00e9talliques...<\/p>\n<ul class=\"tips\">\n<li>350 Sets \/ Month Waiting for Sale In Stock<\/li>\n<li>2 ans de garantie limit\u00e9e pour l'ensemble de la machine<\/li>\n<li>En ligne (PayPal) et hors ligne (T\/T, cartes de d\u00e9bit et de cr\u00e9dit)<\/li>\n<li>Support technique gratuit \u00e0 vie pour les utilisateurs finaux et les revendeurs<\/li>\n<\/ul>","protected":false},"featured_media":1855,"template":"","meta":{"_gspb_post_css":""},"product_brand":[],"product_cat":[115,95],"product_tag":[109,108,107],"class_list":{"0":"post-1828","1":"product","2":"type-product","3":"status-publish","4":"has-post-thumbnail","6":"product_cat-handheld-laser-welder","7":"product_cat-laser-welding-machine","8":"product_tag-fiber-laser-welder","9":"product_tag-handheld-laser-welder","10":"product_tag-laser-welding-machine","12":"first","13":"instock","14":"shipping-taxable","15":"product-type-simple"},"_links":{"self":[{"href":"https:\/\/bogonglaser.com\/fr\/wp-json\/wp\/v2\/product\/1828","targetHints":{"allow":["GET"]}}],"collection":[{"href":"https:\/\/bogonglaser.com\/fr\/wp-json\/wp\/v2\/product"}],"about":[{"href":"https:\/\/bogonglaser.com\/fr\/wp-json\/wp\/v2\/types\/product"}],"wp:featuredmedia":[{"embeddable":true,"href":"https:\/\/bogonglaser.com\/fr\/wp-json\/wp\/v2\/media\/1855"}],"wp:attachment":[{"href":"https:\/\/bogonglaser.com\/fr\/wp-json\/wp\/v2\/media?parent=1828"}],"wp:term":[{"taxonomy":"product_brand","embeddable":true,"href":"https:\/\/bogonglaser.com\/fr\/wp-json\/wp\/v2\/product_brand?post=1828"},{"taxonomy":"product_cat","embeddable":true,"href":"https:\/\/bogonglaser.com\/fr\/wp-json\/wp\/v2\/product_cat?post=1828"},{"taxonomy":"product_tag","embeddable":true,"href":"https:\/\/bogonglaser.com\/fr\/wp-json\/wp\/v2\/product_tag?post=1828"}],"curies":[{"name":"wp","href":"https:\/\/api.w.org\/{rel}","templated":true}]}}