{"id":1820,"date":"2024-11-14T09:28:00","date_gmt":"2024-11-14T01:28:00","guid":{"rendered":"https:\/\/bogonglaser.com\/?post_type=product&#038;p=1820"},"modified":"2025-12-10T18:20:27","modified_gmt":"2025-12-10T10:20:27","slug":"2024-popular-portable-handheld-laser-welding-machine-for-sale","status":"publish","type":"product","link":"https:\/\/bogonglaser.com\/fr\/2024-popular-portable-handheld-laser-welding-machine-for-sale\/","title":{"rendered":"2024 Popular Portable Handheld Laser Welding Machine For Sale (Machine \u00e0 souder laser portable pour la vente)"},"content":{"rendered":"<div class=\"vc_row wpb_row vc_row-fluid\">\n<div class=\"wpb_column vc_column_container vc_col-sm-12\">\n<div class=\"vc_column-inner\">\n<div class=\"wpb_wrapper\">\n<div class=\"wpb_text_column wpb_content_element\">\n<div class=\"wpb_wrapper\">\n<p>Portable\u00a0handheld laser welding machines\u00a0are advanced tools designed for precise welding across various industries. These machines use a high-energy laser beam, which is transmitted through an optical fiber. The beam is then converted into parallel light using a collimating lens and focused on the weldable metal parts, generating heat to bond them together.<\/p>\n<p>Ces soudeurs laser portables sont faciles \u00e0 man\u0153uvrer et \u00e0 utiliser avec un pistolet de soudage laser portatif, ce qui les rend adapt\u00e9s aux raccordements de joints m\u00e9talliques \u00e0 l'int\u00e9rieur et \u00e0 l'ext\u00e9rieur. Leur conception conviviale s'adresse aussi bien aux d\u00e9butants qu'aux professionnels.<\/p>\n<p>Leur flexibilit\u00e9 permet de souder sans contact des composants difficiles. La soudeuse manuelle \u00e0 faisceau laser peut s\u00e9parer efficacement le spectre en fonction du temps et de l'\u00e9nergie, ce qui permet de cr\u00e9er plusieurs soudures simultan\u00e9es. Par rapport aux soudeuses MIG, TIG et \u00e9lectriques traditionnelles, cette technologie offre une pr\u00e9cision de soudage sup\u00e9rieure.<\/p>\n<\/div>\n<\/div>\n<\/div>\n<\/div>\n<\/div>\n<\/div>\n<div class=\"vc_row wpb_row vc_row-fluid\">\n<div class=\"wpb_column vc_column_container vc_col-sm-12\">\n<div class=\"vc_column-inner\">\n<div class=\"wpb_wrapper\">\n<div class=\"wpb_single_image wpb_content_element vc_align_left wpb_content_element\">\n<figure class=\"wpb_wrapper vc_figure\">\n<div class=\"vc_single_image-wrapper   vc_box_border_grey\"><img decoding=\"async\" class=\"vc_single_image-img attachment-full\" title=\"SOUDEUSE LASER\" src=\"https:\/\/bogonglaser.com\/wp-content\/uploads\/2024\/11\/LASER-WELDER.jpg\" sizes=\"auto, (max-width: 700px) 100vw, 700px\" srcset=\"https:\/\/bogonglaser.com\/wp-content\/uploads\/2024\/11\/LASER-WELDER.jpg 700w, https:\/\/bogonglaser.com\/wp-content\/uploads\/2024\/11\/LASER-WELDER-300x169.jpg 300w, https:\/\/bogonglaser.com\/wp-content\/uploads\/2024\/11\/LASER-WELDER-600x338.jpg 600w\" alt=\"SOUDEUSE LASER\" width=\"700\" height=\"394\" \/><\/div>\n<\/figure>\n<\/div>\n<\/div>\n<\/div>\n<\/div>\n<\/div>\n<div class=\"vc_row wpb_row vc_row-fluid\">\n<div class=\"wpb_column vc_column_container vc_col-sm-12\">\n<div class=\"vc_column-inner\">\n<div class=\"wpb_wrapper\">\n<div class=\"wpb_text_column wpb_content_element\">\n<div class=\"wpb_wrapper\">\n<h2>Avantages de la soudeuse laser portative :<\/h2>\n<p>\u2714 Offre diff\u00e9rentes options de puissance laser (1500W, 2000W, 3000W) pour diff\u00e9rentes profondeurs de p\u00e9n\u00e9tration.<\/p>\n<p>Portable et facile \u00e0 utiliser, il est id\u00e9al pour les projets de soudage \u00e0 l'int\u00e9rieur et \u00e0 l'ext\u00e9rieur.<\/p>\n<p>\u2714 Vitesses de soudage rapides - de 2 \u00e0 10 fois plus rapides que les soudeuses MMA, TIG et MIG traditionnelles.<\/p>\n<p>\u2714 Produit des cordons de soudure droits et uniformes, lisses et propres, avec une p\u00e9n\u00e9tration profonde et une conicit\u00e9 minimale, ce qui \u00e9limine le besoin de polissage et permet d'\u00e9conomiser du temps et de l'argent.<\/p>\n<p>\u2714 Cr\u00e9e des joints m\u00e9talliques solides sans d\u00e9formation et r\u00e9duit la cicatrisation.<\/p>\n<p>\u2714 R\u00e9duction de la consommation de mat\u00e9riaux et d'\u00e9nergie, contribuant \u00e0 une plus longue dur\u00e9e de vie.<\/p>\n<p>\u2714 Convivialit\u00e9 et s\u00e9curit\u00e9, fonctionnement respectueux de l'environnement.<\/p>\n<\/div>\n<\/div>\n<\/div>\n<\/div>\n<\/div>\n<\/div>\n<div class=\"vc_row wpb_row vc_row-fluid\">\n<div class=\"wpb_column vc_column_container vc_col-sm-12\">\n<div class=\"vc_column-inner\">\n<div class=\"wpb_wrapper\">\n<div class=\"wpb_single_image wpb_content_element vc_align_left wpb_content_element\">\n<figure class=\"wpb_wrapper vc_figure\">\n<div class=\"vc_single_image-wrapper   vc_box_border_grey\"><img decoding=\"async\" class=\"vc_single_image-img attachment-full\" title=\"nettoyeur laser portatif\" src=\"https:\/\/bogonglaser.com\/wp-content\/uploads\/2024\/11\/handheld-laser-cleaner.jpg\" sizes=\"auto, (max-width: 700px) 100vw, 700px\" srcset=\"https:\/\/bogonglaser.com\/wp-content\/uploads\/2024\/11\/handheld-laser-cleaner.jpg 700w, https:\/\/bogonglaser.com\/wp-content\/uploads\/2024\/11\/handheld-laser-cleaner-300x169.jpg 300w, https:\/\/bogonglaser.com\/wp-content\/uploads\/2024\/11\/handheld-laser-cleaner-600x338.jpg 600w\" alt=\"nettoyeur laser portatif\" width=\"700\" height=\"394\" \/><\/div>\n<\/figure>\n<\/div>\n<\/div>\n<\/div>\n<\/div>\n<\/div>\n<div class=\"vc_row wpb_row vc_row-fluid\">\n<div class=\"wpb_column vc_column_container vc_col-sm-12\">\n<div class=\"vc_column-inner\">\n<div class=\"wpb_wrapper\">\n<div class=\"wpb_text_column wpb_content_element\">\n<div class=\"wpb_wrapper\">\n<h2>Caract\u00e9ristiques de la machine de soudage laser \u00e0 fibre portable<\/h2>\n<p>\u21f2 Fournit une densit\u00e9 d'\u00e9nergie laser \u00e9lev\u00e9e avec une zone d'effet thermique minimale, r\u00e9duisant le risque de d\u00e9formation et \u00e9liminant la n\u00e9cessit\u00e9 d'un traitement ult\u00e9rieur important.<\/p>\n<p>\u21f2 Armoire de commande compacte tout-en-un qui comprend le g\u00e9n\u00e9rateur laser, le bloc d'alimentation, le refroidisseur d'eau industriel et le contr\u00f4leur - puissant mais facile \u00e0 d\u00e9placer.<\/p>\n<p>\u21f2 Supporte les diff\u00e9rentes techniques de soudage, y compris le soudage par points, le soudage par points, le soudage par clous, le soudage en bout, le soudage par recouvrement, le soudage par \u00e9pissure, le soudage en bordure, le soudage par empilage, le sertissage et le soudage en t\u00e9.<\/p>\n<p>\u21f2 Des fonctions de d\u00e9tection et de protection avanc\u00e9es garantissent un fonctionnement stable \u00e0 long terme, minimisant les pertes potentielles et les risques pour la s\u00e9curit\u00e9.<\/p>\n<p>\u21f2 Le fonctionnement sans contact est sans stress, silencieux et respectueux de l'environnement, ce qui permet de s'aligner sur les normes de traitement \u00e9cologique.<\/p>\n<p>\u21f2 Produit des soudures de haute qualit\u00e9 avec une finition lisse et propre.<\/p>\n<p>\u21f2 Les capacit\u00e9s de communication permettent de contr\u00f4ler en temps r\u00e9el toutes les donn\u00e9es du laser.<\/p>\n<p>\u21f2 \u00c9quip\u00e9 d'une fibre sp\u00e9cialis\u00e9e pour le soudage des petits points de soudure.<\/p>\n<p>\u21f2 Le faisceau laser \u00e0 fibre de haute qualit\u00e9 garantit une efficacit\u00e9 de conversion \u00e9lev\u00e9e, ce qui permet d'obtenir une vitesse de traitement rapide, un rapport d'aspect \u00e9lev\u00e9 et des soudures solides.<\/p>\n<p>\u21f2 Un syst\u00e8me spectral avanc\u00e9 r\u00e9duit la perte d'\u00e9nergie, garantissant une \u00e9nergie laser uniforme sur toutes les fibres.<\/p>\n<p>\u21f2 Utiliser la transmission par fibre optique pour le soudage \u00e0 distance et s'int\u00e9grer facilement aux \u00e9tablis automatiques, aux manipulateurs et aux lignes d'assemblage, ce qui permet d'obtenir des points lumineux plus uniformes et des joints de soudure esth\u00e9tiquement agr\u00e9ables.<\/p>\n<p>\u21f2 Les signaux d'entr\u00e9e et de sortie multiples facilitent la production automatis\u00e9e et l'int\u00e9gration des cha\u00eenes de montage.<\/p>\n<p>\u21f2 Les joints de soudure \u00e9cologiques pr\u00e9sentent une r\u00e9sistance et une t\u00e9nacit\u00e9 comparables ou sup\u00e9rieures \u00e0 celles du m\u00e9tal de base.<\/p>\n<p>\u21f2 Interface conviviale \u00e0 \u00e9cran tactile pour une configuration et un fonctionnement simples, avec un syst\u00e8me d'exploitation intuitif facile \u00e0 apprendre.<\/p>\n<p>\u21f2 Une vari\u00e9t\u00e9 de buses coud\u00e9es et de sp\u00e9cifications pour les buses d'alimentation en fil sont disponibles pour r\u00e9pondre aux diff\u00e9rentes exigences des projets de soudage.<\/p>\n<\/div>\n<\/div>\n<\/div>\n<\/div>\n<\/div>\n<\/div>\n<div class=\"vc_row wpb_row vc_row-fluid\">\n<div class=\"wpb_column vc_column_container vc_col-sm-12\">\n<div class=\"vc_column-inner\">\n<div class=\"wpb_wrapper\">\n<div class=\"wpb_single_image wpb_content_element vc_align_left wpb_content_element\">\n<figure class=\"wpb_wrapper vc_figure\">\n<div class=\"vc_single_image-wrapper   vc_box_border_grey\"><img decoding=\"async\" class=\"vc_single_image-img attachment-full\" title=\"soudeur laser portatif\" src=\"https:\/\/bogonglaser.com\/wp-content\/uploads\/2024\/11\/laser-welder-handheld.jpg\" sizes=\"auto, (max-width: 700px) 100vw, 700px\" srcset=\"https:\/\/bogonglaser.com\/wp-content\/uploads\/2024\/11\/laser-welder-handheld.jpg 700w, https:\/\/bogonglaser.com\/wp-content\/uploads\/2024\/11\/laser-welder-handheld-300x169.jpg 300w, https:\/\/bogonglaser.com\/wp-content\/uploads\/2024\/11\/laser-welder-handheld-600x338.jpg 600w\" alt=\"soudeur laser portatif\" width=\"700\" height=\"394\" \/><\/div>\n<\/figure>\n<\/div>\n<\/div>\n<\/div>\n<\/div>\n<\/div>\n<div class=\"vc_row wpb_row vc_row-fluid\">\n<div class=\"wpb_column vc_column_container vc_col-sm-12\">\n<div class=\"vc_column-inner\">\n<div class=\"wpb_wrapper\">\n<div class=\"wpb_text_column wpb_content_element\">\n<div class=\"wpb_wrapper\">\n<h3>Qu'est-ce qu'un pistolet de soudage laser portatif ?<\/h3>\n<p>Un pistolet de soudage laser portatif est un appareil de soudage portable qui int\u00e8gre un g\u00e9n\u00e9rateur laser, un contr\u00f4leur, un syst\u00e8me de refroidissement et un d\u00e9vidoir de fil automatique. Cet outil polyvalent permet d'utiliser diverses techniques de soudage, notamment le soudage par points, par clous, par bouts, par recouvrement, par bords, par sertissage et en T, ce qui le rend adapt\u00e9 \u00e0 divers types de joints m\u00e9talliques. Sa flexibilit\u00e9 et sa facilit\u00e9 d'utilisation permettent le soudage \u00e0 longue distance et en ext\u00e9rieur, ce qui permet aux op\u00e9rateurs de travailler sur des pi\u00e8ces soudables sous n'importe quel angle ou dans n'importe quelle position, ce qui est id\u00e9al pour traiter des joints m\u00e9talliques complexes.<\/p>\n<p>Le pistolet de soudage laser portatif est constitu\u00e9 d'un corps de pistolet, d'une chambre de refroidissement et d'une chambre de gaz protecteur. Sa conception compacte et simple le rend facile \u00e0 utiliser et \u00e0 transporter. Il peut \u00eatre facilement connect\u00e9 \u00e0 un moyen de refroidissement et \u00e0 une source de gaz protecteur, ce qui permet de refroidir efficacement le pistolet laser et de cr\u00e9er une atmosph\u00e8re de gaz protecteur autour de la zone de travail. Cette configuration garantit une qualit\u00e9 de soudure fiable.<\/p>\n<p>BOGONG vous propose plusieurs marques de t\u00eates laser en option, vous pouvez voir la vid\u00e9o ci-dessous<\/p>\n<\/div>\n<\/div>\n<\/div>\n<\/div>\n<\/div>\n<\/div>\n<div class=\"vc_row wpb_row vc_row-fluid\">\n<div class=\"wpb_column vc_column_container vc_col-sm-12\">\n<div class=\"vc_column-inner\">\n<div class=\"wpb_wrapper\">\n<div class=\"wpb_video_widget wpb_content_element vc_clearfix   vc_video-aspect-ratio-169 vc_video-el-width-100 vc_video-align-left\">\n<div class=\"wpb_wrapper\">\n<div class=\"wpb_video_wrapper\">\n<p><iframe title=\"Plusieurs marques de t\u00eates de soudage laser \u00e0 fibre portatives : quelle est la meilleure t\u00eate de soudage laser ?\" width=\"1290\" height=\"726\" src=\"https:\/\/www.youtube.com\/embed\/NSdcJZEIYs8?feature=oembed\" frameborder=\"0\" allow=\"accelerometer; autoplay; clipboard-write; encrypted-media; gyroscope; picture-in-picture; web-share\" referrerpolicy=\"strict-origin-when-cross-origin\" allowfullscreen><\/iframe><\/p>\n<\/div>\n<\/div>\n<\/div>\n<\/div>\n<\/div>\n<\/div>\n<\/div>\n<div class=\"vc_row wpb_row vc_row-fluid\">\n<div class=\"wpb_column vc_column_container vc_col-sm-12\">\n<div class=\"vc_column-inner\">\n<div class=\"wpb_wrapper\">\n<div class=\"wpb_text_column wpb_content_element\">\n<div class=\"wpb_wrapper\">\n<h2>Applications des soudeuses laser portables<\/h2>\n<p>Les soudeuses laser portables sont des outils tr\u00e8s polyvalents capables de souder une large gamme de m\u00e9taux et d'alliages, notamment l'acier inoxydable, l'acier au carbone, le laiton, le cuivre, l'aluminium, l'or, le chrome, l'argent, le titane, le nickel, le platine, le rhodium, le tantale, le niobium, le tungst\u00e8ne, le molybd\u00e8ne, et bien d'autres encore. Ils peuvent traiter diff\u00e9rentes combinaisons de mat\u00e9riaux, comme le soudage du laiton \u00e0 l'acier inoxydable, du cuivre au laiton, du titane au molybd\u00e8ne, du titane \u00e0 l'or et du nickel au cuivre.<\/p>\n<p>Handheld\u00a0laser welding machines\u00a0find applications across various industries, from home use to large-scale manufacturing:<\/p>\n<p>Aviation<br \/>\nUtilis\u00e9 pour les carters de moteurs, les entretoises d'ailes, les peaux et les nervures de fuselage, les panneaux muraux et les soufflets.<\/p>\n<p>Instruments \u00e9lectroniques<br \/>\nSoude les fils des circuits int\u00e9gr\u00e9s, les canons \u00e0 \u00e9lectrons des tubes d'image, les condensateurs au tantale, les tubes de contr\u00f4le de la vitesse et les ressorts d'instruments.<\/p>\n<p>Machines<br \/>\nId\u00e9al pour les ressorts de pr\u00e9cision, les pi\u00e8ces d'imprimantes matricielles, les soufflets m\u00e9talliques \u00e0 paroi mince, les thermocouples et les servovalves \u00e9lectrohydrauliques.<\/p>\n<p>M\u00e9tallurgie de l'acier<br \/>\nEfficace pour le soudage de t\u00f4les d'acier au silicium d'une \u00e9paisseur de 0,2 mm \u00e0 8 mm et d'une largeur de 0,5 mm \u00e0 1,8 mm, y compris l'acier \u00e0 haute, moyenne et basse teneur en carbone, ainsi que l'acier inoxydable, avec des vitesses de soudage allant de 100 cm\/min \u00e0 1 000 cm\/min.<\/p>\n<p>Automobile<br \/>\nUtilis\u00e9 pour le soudage de pi\u00e8ces telles que les toits, les panneaux de carrosserie, les cadres lat\u00e9raux, les ch\u00e2ssis, les composants de transmission, les assemblages d'engrenages et les pi\u00e8ces du syst\u00e8me d'allumage.<\/p>\n<p>Train \u00e0 grande vitesse<br \/>\nEfficace pour le soudage des structures en nid d'abeille des caisses de wagons de train.<\/p>\n<p>Construction navale<br \/>\nUtilis\u00e9 pour travailler sur les ponts, les cloisons de cabine, les murs et les \u00e9l\u00e9ments sandwichs plats.<\/p>\n<p>M\u00e9dical<br \/>\nImpliqu\u00e9 dans la production de stimulateurs cardiaques et de piles au lithium-iode utilis\u00e9es dans ces appareils.<\/p>\n<p>Industrie alimentaire<br \/>\nSoude les bo\u00eetes de conserve, rempla\u00e7ant les m\u00e9thodes traditionnelles de soudage et de soudage par contact \u00e0 haute fr\u00e9quence. Ce proc\u00e9d\u00e9 est non toxique, rapide, peu gourmand en mat\u00e9riaux et permet d'obtenir des joints esth\u00e9tiques avec d'excellentes performances.<\/p>\n<p>Autres applications<br \/>\nComprend le soudage de turbines \u00e0 gaz, d'\u00e9changeurs de chaleur, d'enveloppes en zinc et en cuivre pour cellules s\u00e8ches et de composants pour les r\u00e9acteurs nucl\u00e9aires.<\/p>\n<\/div>\n<\/div>\n<\/div>\n<\/div>\n<\/div>\n<\/div>\n<div class=\"vc_row wpb_row vc_row-fluid\">\n<div class=\"wpb_column vc_column_container vc_col-sm-12\">\n<div class=\"vc_column-inner\">\n<div class=\"wpb_wrapper\">\n<div class=\"wpb_text_column wpb_content_element\">\n<div class=\"wpb_wrapper\">\n<p><strong>Soudage au laser \u00c9chantillons<\/strong><\/p>\n<\/div>\n<\/div>\n<div class=\"wpb_single_image wpb_content_element vc_align_left wpb_content_element\">\n<figure class=\"wpb_wrapper vc_figure\">\n<div class=\"vc_single_image-wrapper   vc_box_border_grey\"><img decoding=\"async\" class=\"vc_single_image-img attachment-full\" title=\"\u9ed1\u767d1500~2000w\u710a\u63a5\u673a\u710a\u63a5\u6837\u54c12 (1)\" src=\"https:\/\/bogonglaser.com\/wp-content\/uploads\/2024\/11\/%E9%BB%91%E7%99%BD15002000w%E7%84%8A%E6%8E%A5%E6%9C%BA%E7%84%8A%E6%8E%A5%E6%A0%B7%E5%93%812-1.png\" sizes=\"auto, (max-width: 800px) 100vw, 800px\" srcset=\"https:\/\/bogonglaser.com\/wp-content\/uploads\/2024\/11\/\u9ed1\u767d15002000w\u710a\u63a5\u673a\u710a\u63a5\u6837\u54c12-1.png 800w, https:\/\/bogonglaser.com\/wp-content\/uploads\/2024\/11\/\u9ed1\u767d15002000w\u710a\u63a5\u673a\u710a\u63a5\u6837\u54c12-1-300x225.png 300w, https:\/\/bogonglaser.com\/wp-content\/uploads\/2024\/11\/\u9ed1\u767d15002000w\u710a\u63a5\u673a\u710a\u63a5\u6837\u54c12-1-768x576.png 768w, https:\/\/bogonglaser.com\/wp-content\/uploads\/2024\/11\/\u9ed1\u767d15002000w\u710a\u63a5\u673a\u710a\u63a5\u6837\u54c12-1-600x450.png 600w\" alt=\"\u00e9chantillons de soudage au laser\" width=\"800\" height=\"600\" \/><\/div>\n<\/figure>\n<\/div>\n<\/div>\n<\/div>\n<\/div>\n<\/div>\n<div class=\"vc_row wpb_row vc_row-fluid\">\n<div class=\"wpb_column vc_column_container vc_col-sm-12\">\n<div class=\"vc_column-inner\">\n<div class=\"wpb_wrapper\">\n<div class=\"wpb_text_column wpb_content_element\">\n<div class=\"wpb_wrapper\">\n<p>Soudeur laser vs. soudeur MMA vs. soudeur MIG vs. soudeur TIG<\/p>\n<p>Soudeur MMA (soudeur manuel \u00e0 l'arc m\u00e9tallique) :<br \/>\n\u00c9galement connues sous le nom de MMAW ou SMAW (Shielded Metal Arc Welder), les soudeuses MMA ont tendance \u00e0 produire beaucoup de projections de soudure et sont peu efficaces lorsqu'il s'agit d'utiliser du m\u00e9tal d'apport. Elles n\u00e9cessitent un enl\u00e8vement r\u00e9gulier du laitier et des changements fr\u00e9quents de baguettes, ce qui ralentit le processus de soudage et diminue l'efficacit\u00e9 globale de la production. En outre, ce type de soudage d\u00e9pend fortement des comp\u00e9tences et de l'exp\u00e9rience du soudeur.<\/p>\n<p>Soudeur MIG (soudeur \u00e0 gaz inerte m\u00e9tallique) :<br \/>\nLes soudeurs MIG consomment beaucoup de fil et g\u00e9n\u00e8rent une chaleur importante, ce qui permet de d\u00e9former ou de br\u00fbler facilement les t\u00f4les fines. Pour les t\u00f4les d'\u00e9paisseur moyenne, le soudage n\u00e9cessite souvent la cr\u00e9ation de rainures, ce qui entra\u00eene des joints rugueux qui doivent \u00eatre polis par la suite.<\/p>\n<p>Soudeur TIG (soudeur \u00e0 gaz inerte de tungst\u00e8ne) :<br \/>\nLes soudeurs TIG produisent une faible p\u00e9n\u00e9tration et cr\u00e9ent une large zone de fusion, ce qui les rend particuli\u00e8rement adapt\u00e9s aux t\u00f4les fines, mais ils peuvent provoquer de grandes d\u00e9formations. Si le courant est trop \u00e9lev\u00e9, l'\u00e9lectrode de tungst\u00e8ne peut fondre et s'\u00e9vaporer, et l'alimentation manuelle du fil peut \u00eatre difficile et inefficace.<\/p>\n<p>Soudeur laser portatif :<br \/>\nEn revanche, les soudeuses laser portatives sont respectueuses de l'environnement et produisent des soudures propres et lisses avec une p\u00e9n\u00e9tration profonde et des vitesses \u00e9lev\u00e9es, ce qui entra\u00eene une d\u00e9formation minimale. Cela r\u00e9duit consid\u00e9rablement la n\u00e9cessit\u00e9 d'un meulage ou d'un polissage ult\u00e9rieur, ce qui permet d'obtenir des soudures droites et uniformes sans avoir recours \u00e0 des op\u00e9rateurs hautement qualifi\u00e9s.<\/p>\n<p>Alors que le soudage MMA, TIG et MIG exige g\u00e9n\u00e9ralement des soudeurs exp\u00e9riment\u00e9s et une formation consid\u00e9rable, les soudeurs laser portatifs sont faciles \u00e0 utiliser et simples. Ils sont pr\u00e9r\u00e9gl\u00e9s avec les param\u00e8tres les plus courants, et les utilisateurs peuvent personnaliser les r\u00e9glages et enregistrer leurs pr\u00e9f\u00e9rences, ce qui permet aux d\u00e9butants de s'initier facilement apr\u00e8s quelques heures de pratique.<\/p>\n<p>En termes de vitesse, les soudeuses MMA, TIG et MIG traditionnelles fonctionnent g\u00e9n\u00e9ralement \u00e0 une vitesse maximale de 1 centim\u00e8tre par seconde, tandis que les soudeuses laser portatives peuvent atteindre des vitesses de 2 \u00e0 10 centim\u00e8tres par seconde, offrant une efficacit\u00e9 2 \u00e0 10 fois sup\u00e9rieure \u00e0 celle des soudeuses \u00e0 arc manuelles. Ces soudeuses laser portables peuvent traiter diff\u00e9rents types de m\u00e9taux, notamment l'acier au carbone, l'acier inoxydable, l'acier galvanis\u00e9, les alliages d'aluminium et le laiton, et atteindre des profondeurs de p\u00e9n\u00e9tration allant jusqu'\u00e0 8 mm pour l'acier et 6 mm pour l'aluminium ou le laiton.<\/p>\n<\/div>\n<\/div>\n<\/div>\n<\/div>\n<\/div>\n<\/div>\n<div class=\"vc_row wpb_row vc_row-fluid\">\n<div class=\"wpb_column vc_column_container vc_col-sm-12\">\n<div class=\"vc_column-inner\">\n<div class=\"wpb_wrapper\">\n<div class=\"wpb_text_column wpb_content_element\">\n<div class=\"wpb_wrapper\">\n<p><strong>Emballage de la soudeuse laser<\/strong><\/p>\n<\/div>\n<\/div>\n<div class=\"wpb_single_image wpb_content_element vc_align_left wpb_content_element\">\n<figure class=\"wpb_wrapper vc_figure\">\n<div class=\"vc_single_image-wrapper   vc_box_border_grey\"><img decoding=\"async\" class=\"vc_single_image-img attachment-full\" title=\"machine \u00e0 souder au laser (1)\" src=\"https:\/\/bogonglaser.com\/wp-content\/uploads\/2024\/11\/laser-welder-machine-1.jpg\" sizes=\"auto, (max-width: 719px) 100vw, 719px\" srcset=\"https:\/\/bogonglaser.com\/wp-content\/uploads\/2024\/11\/laser-welder-machine-1.jpg 719w, https:\/\/bogonglaser.com\/wp-content\/uploads\/2024\/11\/laser-welder-machine-1-300x117.jpg 300w, https:\/\/bogonglaser.com\/wp-content\/uploads\/2024\/11\/laser-welder-machine-1-600x234.jpg 600w\" alt=\"machine \u00e0 souder au laser 1\" width=\"719\" height=\"280\" \/><\/div>\n<\/figure>\n<\/div>\n<\/div>\n<\/div>\n<\/div>\n<\/div>\n<div class=\"vc_row wpb_row vc_row-fluid\">\n<div class=\"wpb_column vc_column_container vc_col-sm-12\">\n<div class=\"vc_column-inner\">\n<div class=\"wpb_wrapper\">\n<div class=\"wpb_text_column wpb_content_element\">\n<div class=\"wpb_wrapper\">\n<p>**Pourquoi choisir BOGONG LASER** ?<\/p>\n<p>BOGONG famous for it\u2019s quality of laser equipment and service for aftersale service, Our machines are versatile and user-friendly, designed with all skill levels in mind. Above all, we prioritize customer satisfaction. Whether you\u2019re a seasoned expert or a beginner,\u00a0BOGONG LASER\u00a0is here to support you every step of the way. Trust us and our service, where excellence and innovation come together for your success.<\/p>\n<\/div>\n<\/div>\n<\/div>\n<\/div>\n<\/div>\n<\/div>","protected":false},"excerpt":{"rendered":"<h2>2024 Popular Portable Handheld Laser Welding Machine For Sale (Machine \u00e0 souder laser portable pour la vente)<\/h2>\n<p>La meilleure machine \u00e0 souder laser portable 2024 avec des pistolets de soudage laser \u00e0 fibre, une source laser puissante avec des options de 1500W, 2000W et 3000W, ainsi qu'un d\u00e9vidoir de fil automatique pour souder divers joints m\u00e9talliques, y compris les joints de bord, de bout, de t\u00e9, d'angle et de chevauchement. Cette soudeuse laser portative polyvalente convient au soudage d'une gamme de mat\u00e9riaux tels que l'acier au carbone, l'acier inoxydable, l'aluminium, le laiton, le cuivre, le fer, l'argent, l'or et bien d'autres encore, sous forme de feuilles, de tubes et de profil\u00e9s. Il est destin\u00e9 \u00e0 remplacer les m\u00e9thodes de soudage traditionnelles telles que l'arc \u00e0 l'argon, le MIG, le TIG et les soudeuses \u00e9lectriques pour l'assemblage de composants m\u00e9talliques.<\/p>\n<ul class=\"tips\">\n<li>350 Sets \/ Month Waiting for Sale In Stock<\/li>\n<li>2 ans de garantie limit\u00e9e pour l'ensemble de la machine<\/li>\n<li>En ligne (PayPal) et hors ligne (T\/T, cartes de d\u00e9bit et de cr\u00e9dit)<\/li>\n<li>Support technique gratuit \u00e0 vie pour les utilisateurs finaux et les revendeurs<\/li>\n<\/ul>","protected":false},"featured_media":1821,"template":"","meta":{"_gspb_post_css":""},"product_brand":[],"product_cat":[115,95],"product_tag":[109,108,107],"class_list":{"0":"post-1820","1":"product","2":"type-product","3":"status-publish","4":"has-post-thumbnail","6":"product_cat-handheld-laser-welder","7":"product_cat-laser-welding-machine","8":"product_tag-fiber-laser-welder","9":"product_tag-handheld-laser-welder","10":"product_tag-laser-welding-machine","12":"first","13":"instock","14":"shipping-taxable","15":"product-type-simple"},"_links":{"self":[{"href":"https:\/\/bogonglaser.com\/fr\/wp-json\/wp\/v2\/product\/1820","targetHints":{"allow":["GET"]}}],"collection":[{"href":"https:\/\/bogonglaser.com\/fr\/wp-json\/wp\/v2\/product"}],"about":[{"href":"https:\/\/bogonglaser.com\/fr\/wp-json\/wp\/v2\/types\/product"}],"wp:featuredmedia":[{"embeddable":true,"href":"https:\/\/bogonglaser.com\/fr\/wp-json\/wp\/v2\/media\/1821"}],"wp:attachment":[{"href":"https:\/\/bogonglaser.com\/fr\/wp-json\/wp\/v2\/media?parent=1820"}],"wp:term":[{"taxonomy":"product_brand","embeddable":true,"href":"https:\/\/bogonglaser.com\/fr\/wp-json\/wp\/v2\/product_brand?post=1820"},{"taxonomy":"product_cat","embeddable":true,"href":"https:\/\/bogonglaser.com\/fr\/wp-json\/wp\/v2\/product_cat?post=1820"},{"taxonomy":"product_tag","embeddable":true,"href":"https:\/\/bogonglaser.com\/fr\/wp-json\/wp\/v2\/product_tag?post=1820"}],"curies":[{"name":"wp","href":"https:\/\/api.w.org\/{rel}","templated":true}]}}