{"id":1788,"date":"2024-11-12T10:41:34","date_gmt":"2024-11-12T02:41:34","guid":{"rendered":"https:\/\/bogonglaser.com\/?post_type=product&#038;p=1788"},"modified":"2025-12-10T16:33:11","modified_gmt":"2025-12-10T08:33:11","slug":"fiber-laser-cutting-machine","status":"publish","type":"product","link":"https:\/\/bogonglaser.com\/fr\/fiber-laser-cutting-machine\/","title":{"rendered":"Machine de d\u00e9coupe laser \u00e0 fibre"},"content":{"rendered":"<p>Cette machine de d\u00e9coupe laser \u00e0 fibre populaire a une taille de d\u00e9coupe standard de 1500*3000mm, des options de puissance laser allant de 1000W \u00e0 6000W, le BGC3015 fournit des performances exceptionnelles gr\u00e2ce \u00e0 son puissant laser provenant de fabricants de premier plan comme Raycus, IPG, ou MAX. Sa polyvalence permet de d\u00e9couper efficacement des mat\u00e9riaux tels que l'acier, le titane, l'aluminium, le laiton, le cuivre, les alliages, l'or, l'argent et le fer, ce qui facilite la r\u00e9alisation de n'importe quel projet.<\/p>\n<p>Malgr\u00e9 son faible prix, cette machine ne fait aucun compromis sur les caract\u00e9ristiques ou la qualit\u00e9. \u00c9quip\u00e9e d'une t\u00eate de d\u00e9coupe laser et d'un servomoteur ta\u00efwanais\/japonais, cette machine assure des d\u00e9coupes pr\u00e9cises et des performances constantes, garantissant que vos projets r\u00e9pondent aux normes les plus strictes.<\/p>\n<p>Le BGC3015 poss\u00e8de \u00e9galement des caract\u00e9ristiques avanc\u00e9es telles qu'un syst\u00e8me de nettoyage automatique de l'huile, des boutons conviviaux pour un fonctionnement sans faille, vous offrant ainsi une flexibilit\u00e9 maximale pour tous vos besoins de fabrication.<\/p>\n<p>Le BGC3015 est la solution parfaite pour les propri\u00e9taires de petites entreprises cherchant \u00e0 am\u00e9liorer leur production ou pour les amateurs d\u00e9sireux d'explorer de nouvelles possibilit\u00e9s de travail du m\u00e9tal. Avec le BGC3015 de BOGONG LASER, vous pouvez r\u00e9aliser un travail du m\u00e9tal pr\u00e9cis sans vous ruiner.<\/p>\n<div class=\"sub-header-divs\">\n<h3>Performance<\/h3>\n<\/div>\n<ul>\n<li>Milieu laser - Laser \u00e0 fibre CW 1070nm \u00e0 l'\u00e9tat solide<\/li>\n<li>Puissance du laser - 1000W \u00e0 6000W Options de source de fibre<\/li>\n<li>Alimentation - 220v\u00a0<strong>monophas\u00e9\/ 380V triphas\u00e9<\/strong><\/li>\n<li>Pr\u00e9cision de positionnement - \u2264\u00b10,03mm<\/li>\n<li>Pr\u00e9cision de la r\u00e9p\u00e9tabilit\u00e9 - \u2264\u00b10,02mm<\/li>\n<\/ul>\n<div class=\"sub-header-divs\">\n<h3>Syst\u00e8me<\/h3>\n<\/div>\n<ul>\n<li>Syst\u00e8me de conduite - Servo en boucle ferm\u00e9e<\/li>\n<li>Mode de refroidissement - Eau r\u00e9frig\u00e9r\u00e9e<\/li>\n<\/ul>\n<p><img decoding=\"async\" class=\"size-medium wp-image-7393\" src=\"https:\/\/bogonglaser.com\/wp-content\/uploads\/2024\/11\/laser-cutting-machine-fiber-1-300x225.jpg\" alt=\"machine de d\u00e9coupe laser fibre\" width=\"300\" height=\"225\" title=\"\" srcset=\"https:\/\/bogonglaser.com\/wp-content\/uploads\/2024\/11\/laser-cutting-machine-fiber-1-300x225.jpg 300w, https:\/\/bogonglaser.com\/wp-content\/uploads\/2024\/11\/laser-cutting-machine-fiber-1-600x450.jpg 600w, https:\/\/bogonglaser.com\/wp-content\/uploads\/2024\/11\/laser-cutting-machine-fiber-1-768x576.jpg 768w, https:\/\/bogonglaser.com\/wp-content\/uploads\/2024\/11\/laser-cutting-machine-fiber-1-16x12.jpg 16w, https:\/\/bogonglaser.com\/wp-content\/uploads\/2024\/11\/laser-cutting-machine-fiber-1.jpg 800w\" sizes=\"(max-width: 300px) 100vw, 300px\" \/><\/p>\n<h4>Qu'est-ce qu'une machine de d\u00e9coupe laser \u00e0 fibre ?<\/h4>\n<p>Une machine de d\u00e9coupe laser \u00e0 fibre est un outil CNC avanc\u00e9 con\u00e7u pour la d\u00e9coupe de m\u00e9taux de haute qualit\u00e9, \u00e0 grande vitesse et avec une grande pr\u00e9cision. C'est un partenaire id\u00e9al pour toute personne impliqu\u00e9e dans la fabrication de m\u00e9taux.<\/p>\n<p>Ces d\u00e9coupeurs laser \u00e0 fibre haut de gamme offrent diff\u00e9rentes options de puissance (1000W, 1500W, 2000W, 3000W, 6000W) pour d\u00e9couper efficacement les feuilles et les plaques de m\u00e9tal. Ils peuvent traiter une large gamme de mat\u00e9riaux, notamment l'acier inoxydable, l'acier au carbone, l'acier \u00e9lectrique, l'acier galvanis\u00e9, les plaques d'aluminium et de zinc, l'aluminium, les alliages d'aluminium, les alliages de titane, le cuivre, le laiton, le fer et bien d'autres encore, en s'adaptant \u00e0 diff\u00e9rentes \u00e9paisseurs.<\/p>\n<p>Gr\u00e2ce \u00e0 leur conception conviviale et \u00e0 leurs puissantes capacit\u00e9s de d\u00e9coupe, ces machines excellent v\u00e9ritablement en tant qu'outils professionnels de d\u00e9coupe des m\u00e9taux. Vous pouvez en savoir plus sur ces options en explorant notre s\u00e9lection de machines de d\u00e9coupe laser des m\u00e9taux.<\/p>\n<p><iframe title=\"1530 Machine de d\u00e9coupe laser \u00e0 fibre - 1000W -6000W D\u00e9coupeur laser de type ouvert pour le m\u00e9tal\" width=\"1290\" height=\"726\" src=\"https:\/\/www.youtube.com\/embed\/yXmwSwHldWo?feature=oembed\" frameborder=\"0\" allow=\"accelerometer; autoplay; clipboard-write; encrypted-media; gyroscope; picture-in-picture; web-share\" referrerpolicy=\"strict-origin-when-cross-origin\" allowfullscreen><\/iframe><\/p>\n<p><img decoding=\"async\" class=\"size-medium wp-image-7392\" src=\"https:\/\/bogonglaser.com\/wp-content\/uploads\/2024\/11\/laser-cutting-machine-fiber-4-300x225.jpg\" alt=\"machine de d\u00e9coupe laser fibre\" width=\"300\" height=\"225\" title=\"\" srcset=\"https:\/\/bogonglaser.com\/wp-content\/uploads\/2024\/11\/laser-cutting-machine-fiber-4-300x225.jpg 300w, https:\/\/bogonglaser.com\/wp-content\/uploads\/2024\/11\/laser-cutting-machine-fiber-4-600x450.jpg 600w, https:\/\/bogonglaser.com\/wp-content\/uploads\/2024\/11\/laser-cutting-machine-fiber-4-768x576.jpg 768w, https:\/\/bogonglaser.com\/wp-content\/uploads\/2024\/11\/laser-cutting-machine-fiber-4-16x12.jpg 16w, https:\/\/bogonglaser.com\/wp-content\/uploads\/2024\/11\/laser-cutting-machine-fiber-4.jpg 800w\" sizes=\"(max-width: 300px) 100vw, 300px\" \/><\/p>\n<p><img decoding=\"async\" class=\"size-medium wp-image-7391\" src=\"https:\/\/bogonglaser.com\/wp-content\/uploads\/2024\/11\/laser-cutting-machine-fiber-3-300x225.jpg\" alt=\"machine de d\u00e9coupe laser fibre\" width=\"300\" height=\"225\" title=\"\" srcset=\"https:\/\/bogonglaser.com\/wp-content\/uploads\/2024\/11\/laser-cutting-machine-fiber-3-300x225.jpg 300w, https:\/\/bogonglaser.com\/wp-content\/uploads\/2024\/11\/laser-cutting-machine-fiber-3-600x450.jpg 600w, https:\/\/bogonglaser.com\/wp-content\/uploads\/2024\/11\/laser-cutting-machine-fiber-3-768x576.jpg 768w, https:\/\/bogonglaser.com\/wp-content\/uploads\/2024\/11\/laser-cutting-machine-fiber-3-16x12.jpg 16w, https:\/\/bogonglaser.com\/wp-content\/uploads\/2024\/11\/laser-cutting-machine-fiber-3.jpg 800w\" sizes=\"(max-width: 300px) 100vw, 300px\" \/><\/p>\n<p>&nbsp;<\/p>\n<p><img decoding=\"async\" class=\"size-medium wp-image-7390\" src=\"https:\/\/bogonglaser.com\/wp-content\/uploads\/2024\/11\/laser-cutting-machine-fiber-2-300x225.jpg\" alt=\"machine de d\u00e9coupe laser fibre\" width=\"300\" height=\"225\" title=\"\" srcset=\"https:\/\/bogonglaser.com\/wp-content\/uploads\/2024\/11\/laser-cutting-machine-fiber-2-300x225.jpg 300w, https:\/\/bogonglaser.com\/wp-content\/uploads\/2024\/11\/laser-cutting-machine-fiber-2-600x450.jpg 600w, https:\/\/bogonglaser.com\/wp-content\/uploads\/2024\/11\/laser-cutting-machine-fiber-2-768x576.jpg 768w, https:\/\/bogonglaser.com\/wp-content\/uploads\/2024\/11\/laser-cutting-machine-fiber-2-16x12.jpg 16w, https:\/\/bogonglaser.com\/wp-content\/uploads\/2024\/11\/laser-cutting-machine-fiber-2.jpg 800w\" sizes=\"(max-width: 300px) 100vw, 300px\" \/><\/p>\n<h4>Machine de d\u00e9coupe laser \u00e0 fibre Industries concern\u00e9es<\/h4>\n<p>\u00c9quipements m\u00e9caniques et \u00e9lectriques, fabrication de t\u00f4les, armoires, produits en acier inoxydable, luminaires, pi\u00e8ces automobiles, verre, outils de quincaillerie, enseignes publicitaires, articles de d\u00e9coration et autres industries.<\/p>\n<p><iframe title=\"Comment fonctionne la machine de d\u00e9coupe laser \u00e0 fibre CNC ? Meilleure machine de d\u00e9coupe laser \u00e0 fibre optique de Chine\" width=\"1290\" height=\"726\" src=\"https:\/\/www.youtube.com\/embed\/gToqINLwTWw?feature=oembed\" frameborder=\"0\" allow=\"accelerometer; autoplay; clipboard-write; encrypted-media; gyroscope; picture-in-picture; web-share\" referrerpolicy=\"strict-origin-when-cross-origin\" allowfullscreen><\/iframe><\/p>\n<p>BOGONG est r\u00e9put\u00e9 pour la qualit\u00e9 de ses \u00e9quipements laser et de son service apr\u00e8s-vente. Nos machines sont polyvalentes et conviviales, con\u00e7ues pour tous les niveaux de comp\u00e9tence. Avant tout, nous accordons la priorit\u00e9 \u00e0 la satisfaction du client. Que vous soyez un expert chevronn\u00e9 ou un d\u00e9butant, <a href=\"https:\/\/bogonglaser.com\/fr\/\">BOGONG LASER<\/a> est l\u00e0 pour vous soutenir \u00e0 chaque \u00e9tape. Faites-nous confiance et faites confiance \u00e0 notre service, o\u00f9 l'excellence et l'innovation se conjuguent pour votre r\u00e9ussite.<\/p>\n<p><img decoding=\"async\" class=\"size-medium wp-image-7376\" src=\"https:\/\/bogonglaser.com\/wp-content\/uploads\/2024\/11\/fiber-laser-cutting-machine-sealed-1-1-300x225.jpg\" alt=\"Machine de d\u00e9coupe laser \u00e0 fibre scell\u00e9e\" width=\"300\" height=\"225\" title=\"\" srcset=\"https:\/\/bogonglaser.com\/wp-content\/uploads\/2024\/11\/fiber-laser-cutting-machine-sealed-1-1-300x225.jpg 300w, https:\/\/bogonglaser.com\/wp-content\/uploads\/2024\/11\/fiber-laser-cutting-machine-sealed-1-1-600x450.jpg 600w, https:\/\/bogonglaser.com\/wp-content\/uploads\/2024\/11\/fiber-laser-cutting-machine-sealed-1-1-768x576.jpg 768w, https:\/\/bogonglaser.com\/wp-content\/uploads\/2024\/11\/fiber-laser-cutting-machine-sealed-1-1-16x12.jpg 16w, https:\/\/bogonglaser.com\/wp-content\/uploads\/2024\/11\/fiber-laser-cutting-machine-sealed-1-1.jpg 800w\" sizes=\"(max-width: 300px) 100vw, 300px\" \/><\/p>","protected":false},"excerpt":{"rendered":"<h3>D\u00e9coupeur de m\u00e9tal \u00e0 laser \u00e0 fibre le plus populaire pour la vente<\/h3>\n<p>La machine de d\u00e9coupe laser \u00e0 fibre 2024 est capable de d\u00e9couper des mat\u00e9riaux tels que l'acier, le titane, l'aluminium, le laiton, le cuivre, les alliages, l'or, l'argent et le fer. Elle offre des options de puissance de 1000W, 1500W, 2000W, 3000W et 6000W. Actuellement, cette d\u00e9coupeuse laser \u00e0 fibre est disponible \u00e0 un prix attractif, accompagn\u00e9 d'un service et d'une assistance professionnels pour un syst\u00e8me de d\u00e9coupe laser des m\u00e9taux de qualit\u00e9 sup\u00e9rieure.<\/p>\n<ul class=\"tips\">\n<li>200 Sets \/ Month Waiting for Sale In Stock<\/li>\n<li>2 ans de garantie limit\u00e9e pour l'ensemble de la machine<\/li>\n<li>En ligne (PayPal) et hors ligne (T\/T, cartes de d\u00e9bit et de cr\u00e9dit)<\/li>\n<li>Support technique gratuit \u00e0 vie pour les utilisateurs finaux et les revendeurs<\/li>\n<\/ul>","protected":false},"featured_media":5174,"template":"","meta":{"_gspb_post_css":""},"product_brand":[],"product_cat":[117,92,118],"product_tag":[105,106],"class_list":{"0":"post-1788","1":"product","2":"type-product","3":"status-publish","4":"has-post-thumbnail","6":"product_cat-fiber-laser-cutting-machine","7":"product_cat-laser-cutting-machine","8":"product_cat-laser-metal-cutting-machine","9":"product_tag-fiber-laser-cutting-machine","10":"product_tag-laser-cutting-machine","12":"first","13":"instock","14":"shipping-taxable","15":"product-type-simple"},"_links":{"self":[{"href":"https:\/\/bogonglaser.com\/fr\/wp-json\/wp\/v2\/product\/1788","targetHints":{"allow":["GET"]}}],"collection":[{"href":"https:\/\/bogonglaser.com\/fr\/wp-json\/wp\/v2\/product"}],"about":[{"href":"https:\/\/bogonglaser.com\/fr\/wp-json\/wp\/v2\/types\/product"}],"wp:featuredmedia":[{"embeddable":true,"href":"https:\/\/bogonglaser.com\/fr\/wp-json\/wp\/v2\/media\/5174"}],"wp:attachment":[{"href":"https:\/\/bogonglaser.com\/fr\/wp-json\/wp\/v2\/media?parent=1788"}],"wp:term":[{"taxonomy":"product_brand","embeddable":true,"href":"https:\/\/bogonglaser.com\/fr\/wp-json\/wp\/v2\/product_brand?post=1788"},{"taxonomy":"product_cat","embeddable":true,"href":"https:\/\/bogonglaser.com\/fr\/wp-json\/wp\/v2\/product_cat?post=1788"},{"taxonomy":"product_tag","embeddable":true,"href":"https:\/\/bogonglaser.com\/fr\/wp-json\/wp\/v2\/product_tag?post=1788"}],"curies":[{"name":"wp","href":"https:\/\/api.w.org\/{rel}","templated":true}]}}