{"id":1784,"date":"2024-11-11T16:28:51","date_gmt":"2024-11-11T08:28:51","guid":{"rendered":"https:\/\/bogonglaser.com\/?post_type=product&#038;p=1784"},"modified":"2025-12-10T17:17:38","modified_gmt":"2025-12-10T09:17:38","slug":"co2-laser-marking-machine","status":"publish","type":"product","link":"https:\/\/bogonglaser.com\/fr\/co2-laser-marking-machine\/","title":{"rendered":"Machine de marquage laser CO2"},"content":{"rendered":"<h2>Qu'est-ce qu'un laser CO2 ?<\/h2>\n<p>Les lasers CO2 utilisent du gaz CO2 comme fluide, qui est contenu dans un tube \u00e9quip\u00e9 d'\u00e9lectrodes pour la d\u00e9charge \u00e9lectrique. Lorsqu'une d\u00e9charge \u00e9lectrique se produit, elle cr\u00e9e un plasma dans le gaz, et la lumi\u00e8re qui en r\u00e9sulte est amplifi\u00e9e lorsqu'elle rebondit entre un miroir \u00e0 r\u00e9flexion totale et un coupleur de sortie. Cette lumi\u00e8re amplifi\u00e9e est ensuite \u00e9mise sous forme de laser.<\/p>\n<p>Les marqueurs laser CO2 ont une longueur d'onde 10 fois sup\u00e9rieure \u00e0 celle des lasers \u00e0 fibre traditionnels. Ils sont particuli\u00e8rement efficaces pour le marquage de mat\u00e9riaux tels que le plastique, le papier, les r\u00e9sines, le bois, le caoutchouc et m\u00eame les substances transparentes comme le verre et le PET.<\/p>\n<figure id=\"attachment_7450\" aria-describedby=\"caption-attachment-7450\" style=\"width: 300px\" class=\"wp-caption alignnone\"><img decoding=\"async\" class=\"size-medium wp-image-7450\" src=\"https:\/\/bogonglaser.com\/wp-content\/uploads\/2024\/11\/CO2-Laser-marking-machine-1-300x225.jpg\" alt=\"Machine de marquage laser CO2\" width=\"300\" height=\"225\" title=\"\" srcset=\"https:\/\/bogonglaser.com\/wp-content\/uploads\/2024\/11\/CO2-Laser-marking-machine-1-300x225.jpg 300w, https:\/\/bogonglaser.com\/wp-content\/uploads\/2024\/11\/CO2-Laser-marking-machine-1-600x450.jpg 600w, https:\/\/bogonglaser.com\/wp-content\/uploads\/2024\/11\/CO2-Laser-marking-machine-1-768x576.jpg 768w, https:\/\/bogonglaser.com\/wp-content\/uploads\/2024\/11\/CO2-Laser-marking-machine-1-16x12.jpg 16w, https:\/\/bogonglaser.com\/wp-content\/uploads\/2024\/11\/CO2-Laser-marking-machine-1.jpg 800w\" sizes=\"(max-width: 300px) 100vw, 300px\" \/><figcaption id=\"caption-attachment-7450\" class=\"wp-caption-text\">Machine de marquage laser CO2<\/figcaption><\/figure>\n<p><iframe title=\"Que peut faire une machine de marquage laser CO2 ?\" width=\"1290\" height=\"726\" src=\"https:\/\/www.youtube.com\/embed\/RFstd3JMNEw?feature=oembed\" frameborder=\"0\" allow=\"accelerometer; autoplay; clipboard-write; encrypted-media; gyroscope; picture-in-picture; web-share\" referrerpolicy=\"strict-origin-when-cross-origin\" allowfullscreen><\/iframe><\/p>\n<p>Machine de marquage laser CO2 : Applications de marquage<\/p>\n<p><a href=\"https:\/\/bogonglaser.com\/fr\/laser-marking-machine\/co2-laser-marking-machine\/\">Machines de marquage au laser CO2<\/a> sont capables de marquer une large gamme de mat\u00e9riaux non m\u00e9talliques. Il s'agit notamment de mat\u00e9riaux tels que le bambou, le bois, le papier, l'ABS, le PVC, la r\u00e9sine \u00e9poxy, l'acrylique, le cuir, le verre, les carreaux de c\u00e9ramique et le caoutchouc. Application dans diverses industries, notamment l'emballage pharmaceutique, l'emballage alimentaire, l'emballage de boissons, les plastiques, les textiles, le cuir, l'artisanat du bois, l'\u00e9lectronique, les communications, les montres, les lunettes, l'imprimerie et bien d'autres encore.<\/p>\n<figure id=\"attachment_7451\" aria-describedby=\"caption-attachment-7451\" style=\"width: 300px\" class=\"wp-caption alignnone\"><img decoding=\"async\" class=\"size-medium wp-image-7451\" src=\"https:\/\/bogonglaser.com\/wp-content\/uploads\/2024\/11\/CO2-Laser-marking-machine-300x225.png\" alt=\"Machine de marquage laser CO2\" width=\"300\" height=\"225\" title=\"\" srcset=\"https:\/\/bogonglaser.com\/wp-content\/uploads\/2024\/11\/CO2-Laser-marking-machine-300x225.png 300w, https:\/\/bogonglaser.com\/wp-content\/uploads\/2024\/11\/CO2-Laser-marking-machine-600x450.png 600w, https:\/\/bogonglaser.com\/wp-content\/uploads\/2024\/11\/CO2-Laser-marking-machine-768x576.png 768w, https:\/\/bogonglaser.com\/wp-content\/uploads\/2024\/11\/CO2-Laser-marking-machine-16x12.png 16w, https:\/\/bogonglaser.com\/wp-content\/uploads\/2024\/11\/CO2-Laser-marking-machine.png 800w\" sizes=\"(max-width: 300px) 100vw, 300px\" \/><figcaption id=\"caption-attachment-7451\" class=\"wp-caption-text\">Machine de marquage laser CO2<\/figcaption><\/figure>\n<h2>Que pouvons-nous faire pour vous ?<\/h2>\n<ul>\n<li><span class=\"magic-19\"><b class=\"magic-19\"><span class=\"magic-18\">\u00c9chantillons gratuits -<\/span><\/b><span class=\"magic-20\" data-spm-anchor-id=\"a2700.details.0.i41.41d82402R4aegi\">Nous pouvons effectuer gratuitement des tests d'effet de marquage en fonction du mat\u00e9riau de votre produit.<\/span><\/span><\/li>\n<li><span class=\"magic-19\"><b class=\"magic-19\"><span class=\"magic-18\">Vid\u00e9o en direct<\/span><\/b><span class=\"magic-20\">Vous pouvez contacter nos conseillers commerciaux pour visionner le processus de production et le fonctionnement de la machine dans une vid\u00e9o en ligne.<\/span><\/span><\/li>\n<li><span class=\"magic-19\"><b class=\"magic-19\"><span class=\"magic-18\">Sur mesure \/OEM-<\/span><\/b><span class=\"magic-20\" data-spm-anchor-id=\"a2700.details.0.i40.41d82402R4aegi\">Machines personnalis\u00e9es sur demande\uff0cContactez-nous<\/span><\/span><\/li>\n<\/ul>\n<p>&nbsp;<\/p>\n<h3>Quelles sont les pi\u00e8ces \u00e0 choisir pour la machine de marquage laser CO2 ?<\/h3>\n<ul>\n<li>Dispositif rotatif : il existe plusieurs dispositifs rotatifs avec des styles et des diam\u00e8tres de pinces diff\u00e9rents, comme 50D 65D 80D.<\/li>\n<\/ul>\n<p>Conditions de paiement pour la machine de marquage laser CO2<\/p>\n<p>1. D\u00e9p\u00f4t et solde : Un d\u00e9p\u00f4t 30% T\/T est exig\u00e9 \u00e0 l'avance, le solde \u00e9tant d\u00fb avant l'exp\u00e9dition.<\/p>\n<p>2. Alibaba Trade Assurance : Les paiements peuvent \u00eatre effectu\u00e9s par l'interm\u00e9diaire d'Alibaba Trade Assurance.<\/p>\n<p>FAQ sur la machine de marquage laser CO2<\/p>\n<p>Quel est l'emballage du <a href=\"https:\/\/bogonglaser.com\/fr\/laser-marking-machine\/co2-laser-marking-machine\/\">Machine de marquage laser CO2<\/a>?<br \/>\nNos machines sont emball\u00e9es en trois couches. La couche ext\u00e9rieure est constitu\u00e9e d'une caisse en bois, la couche interm\u00e9diaire comporte un rembourrage en mousse pour prot\u00e9ger contre les secousses, et la couche int\u00e9rieure comprend un sac en plastique \u00e9pais pour l'\u00e9tanch\u00e9it\u00e9.<\/p>\n<p>Le colis sera-t-il endommag\u00e9 pendant le transport ?<br \/>\nWe meticulously design our packaging to address all potential damage factors, and our shipping agents are experienced in safe transportation. We have successfully exported to 180 countries, so you can rest assured that your parcel will arrive in excellent condition<\/p>\n<p>La plupart des clients pr\u00e9f\u00e8rent le transport par UPS\/DHL express, qui peut arriver \u00e0 destination dans les 5 \u00e0 7 jours. <a href=\"https:\/\/bogonglaser.com\/fr\/\">BOGONG Laser<\/a> pour obtenir plus de d\u00e9tails sur la gravure laser des m\u00e9taux pour l'argent, le laiton, l'or et le cuivre.<\/p>","protected":false},"excerpt":{"rendered":"<h2>Machine de marquage laser CO2<\/h2>\n<p>Les graveurs laser CO\u2082 doivent leur nom \u00e0 l'utilisation du gaz CO\u2082 comme support du laser. Le processus consiste \u00e0 g\u00e9n\u00e9rer du plasma \u00e0 partir du gaz CO\u2082 \u00e0 l'int\u00e9rieur d'un tube. Cette lumi\u00e8re est ensuite amplifi\u00e9e entre un miroir r\u00e9fl\u00e9chissant et un coupleur de sortie avant d'\u00eatre lib\u00e9r\u00e9e sous la forme d'un faisceau laser. Le laser a une longueur d'onde de 10 600 nm, ce qui le rend tr\u00e8s d\u00e9pendant de la chaleur. Les lasers CO\u2082 sont particuli\u00e8rement efficaces pour l'enl\u00e8vement de mati\u00e8re et le marquage de mat\u00e9riaux organiques tels que le carton, le plastique, le verre et le bois.<\/p>\n<ul class=\"tips\">\n<li>350 Sets \/ Month Waiting for Sale In Stock<\/li>\n<li>2 ans de garantie limit\u00e9e pour l'ensemble de la machine<\/li>\n<li>3-5 jours pour la pr\u00e9paration de la machine laser, 3-7 jours pour le transport.<\/li>\n<li>En ligne (PayPal) et hors ligne (T\/T, cartes de d\u00e9bit et de cr\u00e9dit)<\/li>\n<\/ul>","protected":false},"featured_media":1800,"template":"","meta":{"_gspb_post_css":""},"product_brand":[],"product_cat":[98,93,96],"product_tag":[102],"class_list":{"0":"post-1784","1":"product","2":"type-product","3":"status-publish","4":"has-post-thumbnail","6":"product_cat-co2-laser-marker","7":"product_cat-laser-engraving-machine","8":"product_cat-laser-marking-machine","9":"product_tag-laser-marking-machine","11":"first","12":"instock","13":"shipping-taxable","14":"product-type-simple"},"_links":{"self":[{"href":"https:\/\/bogonglaser.com\/fr\/wp-json\/wp\/v2\/product\/1784","targetHints":{"allow":["GET"]}}],"collection":[{"href":"https:\/\/bogonglaser.com\/fr\/wp-json\/wp\/v2\/product"}],"about":[{"href":"https:\/\/bogonglaser.com\/fr\/wp-json\/wp\/v2\/types\/product"}],"wp:featuredmedia":[{"embeddable":true,"href":"https:\/\/bogonglaser.com\/fr\/wp-json\/wp\/v2\/media\/1800"}],"wp:attachment":[{"href":"https:\/\/bogonglaser.com\/fr\/wp-json\/wp\/v2\/media?parent=1784"}],"wp:term":[{"taxonomy":"product_brand","embeddable":true,"href":"https:\/\/bogonglaser.com\/fr\/wp-json\/wp\/v2\/product_brand?post=1784"},{"taxonomy":"product_cat","embeddable":true,"href":"https:\/\/bogonglaser.com\/fr\/wp-json\/wp\/v2\/product_cat?post=1784"},{"taxonomy":"product_tag","embeddable":true,"href":"https:\/\/bogonglaser.com\/fr\/wp-json\/wp\/v2\/product_tag?post=1784"}],"curies":[{"name":"wp","href":"https:\/\/api.w.org\/{rel}","templated":true}]}}