{"id":1780,"date":"2024-11-11T14:52:48","date_gmt":"2024-11-11T06:52:48","guid":{"rendered":"https:\/\/bogonglaser.com\/?post_type=product&#038;p=1780"},"modified":"2025-12-10T17:40:40","modified_gmt":"2025-12-10T09:40:40","slug":"1000w-pulse-laser-cleaning-machine-%e5%a4%8d%e5%88%b6","status":"publish","type":"product","link":"https:\/\/bogonglaser.com\/fr\/1000w-pulse-laser-cleaning-machine-%e5%a4%8d%e5%88%b6\/","title":{"rendered":"Machine de nettoyage par laser \u00e0 impulsion 1000W"},"content":{"rendered":"<div class=\"Content-module__content___jmKA6 _content_dc5hu_45\">\n<div class=\"react-scroll-to-bottom--css-kubvu-79elbk _chat-scroller_g10pz_99\">\n<div class=\"react-scroll-to-bottom--css-kubvu-1n7m0yu _chat-scroller__scroll_g10pz_102\">\n<div class=\"_message-list_g10pz_92\">\n<div class=\"_container_g10pz_1\">\n<div class=\"_container__content_g10pz_14\">\n<div class=\"_container__message_g10pz_41 _container__message--assistant_g10pz_61\">\n<div class=\"_message_g10pz_27\">\n<div class=\"_message__content_g10pz_53\">\n<div class=\"MessageContent-module__message-content___Am59P MessageContent-module__message-content--markdown___oLH9Y\">\n<h2>Avantages de la machine de nettoyage par laser puls\u00e9 1000W ?<\/h2>\n<p>La technologie de nettoyage par laser \u00e0 impulsion utilise un puissant laser \u00e0 impulsion de 1 000 W pour nettoyer les surfaces, en g\u00e9n\u00e9rant rapidement des temp\u00e9ratures \u00e9lev\u00e9es et une expansion thermique, ce qui permet d'\u00e9liminer les contaminants. Cette m\u00e9thode est tr\u00e8s efficace et douce, car elle n'endommage pas les surfaces des mat\u00e9riaux nettoy\u00e9s, ce qui la rend id\u00e9ale pour toute une s\u00e9rie d'applications.<\/p>\n<\/div>\n<\/div>\n<\/div>\n<\/div>\n<\/div>\n<\/div>\n<\/div>\n<\/div>\n<\/div>\n<\/div>\n<figure id=\"attachment_7479\" aria-describedby=\"caption-attachment-7479\" style=\"width: 300px\" class=\"wp-caption alignnone\"><img decoding=\"async\" class=\"size-medium wp-image-7479\" src=\"https:\/\/bogonglaser.com\/wp-content\/uploads\/2024\/11\/500w-laser-cleaning-machine-1-300x233.jpg\" alt=\"Machine de nettoyage laser 500w\" width=\"300\" height=\"233\" title=\"\" srcset=\"https:\/\/bogonglaser.com\/wp-content\/uploads\/2024\/11\/500w-laser-cleaning-machine-1-300x233.jpg 300w, https:\/\/bogonglaser.com\/wp-content\/uploads\/2024\/11\/500w-laser-cleaning-machine-1-15x12.jpg 15w, https:\/\/bogonglaser.com\/wp-content\/uploads\/2024\/11\/500w-laser-cleaning-machine-1.jpg 502w\" sizes=\"(max-width: 300px) 100vw, 300px\" \/><figcaption id=\"caption-attachment-7479\" class=\"wp-caption-text\">Machine de nettoyage laser 500w<\/figcaption><\/figure>\n<div class=\"Content-module__content___jmKA6 _content_dc5hu_45\">\n<div class=\"react-scroll-to-bottom--css-kubvu-79elbk _chat-scroller_g10pz_99\">\n<div class=\"react-scroll-to-bottom--css-kubvu-1n7m0yu _chat-scroller__scroll_g10pz_102\">\n<div class=\"_message-list_g10pz_92\">\n<div class=\"_container_g10pz_1\">\n<div class=\"_container__content_g10pz_14\">\n<div class=\"_container__message_g10pz_41 _container__message--assistant_g10pz_61\">\n<div class=\"_message_g10pz_27\">\n<div class=\"_message__content_g10pz_53\">\n<div class=\"MessageContent-module__message-content___Am59P MessageContent-module__message-content--markdown___oLH9Y\">\n<p>Les principales caract\u00e9ristiques sont les suivantes<\/p>\n<\/div>\n<\/div>\n<\/div>\n<\/div>\n<\/div>\n<\/div>\n<\/div>\n<\/div>\n<\/div>\n<\/div>\n<ul>\n<li>Type de laser : Laser MOPA<br \/>\nPuissance du laser : 1000W<br \/>\nPlage de sortie (si r\u00e9glable) : 0-100%<br \/>\nFormation des impulsions : MOPA (facteur de qualit\u00e9)<br \/>\nG\u00e9n\u00e9rateur laser : JPT<br \/>\nLongueur de la fibre : 5m<br \/>\nType de refroidissement : Refroidissement par eau, BOGONG fournit \u00e9galement des machines laser \u00e0 refroidissement par air, vous pouvez les trouver dans l'article ci-dessous.<br \/>\nApr\u00e8s la vente : 2 ans<\/li>\n<\/ul>\n<figure id=\"attachment_7483\" aria-describedby=\"caption-attachment-7483\" style=\"width: 300px\" class=\"wp-caption alignnone\"><img decoding=\"async\" class=\"size-medium wp-image-7483\" src=\"https:\/\/bogonglaser.com\/wp-content\/uploads\/2024\/11\/500w-pulse-laser-cleaning-machine-1-300x181.jpg\" alt=\"Machine de nettoyage laser \u00e0 impulsion 500w\" width=\"300\" height=\"181\" title=\"\" srcset=\"https:\/\/bogonglaser.com\/wp-content\/uploads\/2024\/11\/500w-pulse-laser-cleaning-machine-1-300x181.jpg 300w, https:\/\/bogonglaser.com\/wp-content\/uploads\/2024\/11\/500w-pulse-laser-cleaning-machine-1-600x362.jpg 600w, https:\/\/bogonglaser.com\/wp-content\/uploads\/2024\/11\/500w-pulse-laser-cleaning-machine-1-18x12.jpg 18w, https:\/\/bogonglaser.com\/wp-content\/uploads\/2024\/11\/500w-pulse-laser-cleaning-machine-1.jpg 732w\" sizes=\"(max-width: 300px) 100vw, 300px\" \/><figcaption id=\"caption-attachment-7483\" class=\"wp-caption-text\">Machine de nettoyage laser \u00e0 impulsion 500w<\/figcaption><\/figure>\n<div class=\"Content-module__content___jmKA6 _content_dc5hu_45\">\n<div class=\"react-scroll-to-bottom--css-kubvu-79elbk _chat-scroller_g10pz_99\">\n<div class=\"react-scroll-to-bottom--css-kubvu-1n7m0yu _chat-scroller__scroll_g10pz_102\">\n<div class=\"_message-list_g10pz_92\">\n<div class=\"_container_g10pz_1\">\n<div class=\"_container__content_g10pz_14\">\n<div class=\"_container__message_g10pz_41 _container__message--assistant_g10pz_61\">\n<div class=\"_message_g10pz_27\">\n<div class=\"_message__content_g10pz_53\">\n<div class=\"MessageContent-module__message-content___Am59P MessageContent-module__message-content--markdown___oLH9Y\">\n<div class=\"container section-title-container\">\n<p><iframe title=\"Nettoyeur laser puissant 1000W | Meilleur appareil de nettoyage laser 1kw\" width=\"1290\" height=\"726\" src=\"https:\/\/www.youtube.com\/embed\/KfdLMoQN_kg?feature=oembed\" frameborder=\"0\" allow=\"accelerometer; autoplay; clipboard-write; encrypted-media; gyroscope; picture-in-picture; web-share\" referrerpolicy=\"strict-origin-when-cross-origin\" allowfullscreen><\/iframe><\/p>\n<h2 class=\"section-title section-title-normal\"><span class=\"section-title-main\">9 Modes de nettoyage de la machine de nettoyage au laser<\/span><\/h2>\n<\/div>\n<p>L'interface de fonctionnement de la machine de nettoyage par laser \u00e0 impulsion BOGONG offre 9 modes de nettoyage :<\/p>\n<ol>\n<li>Mode ligne droite<\/li>\n<li>Mode rectangulaire 1<\/li>\n<li>Mode rectangulaire 2<\/li>\n<li>Mode circulaire<\/li>\n<li>Mode sinuso\u00efdal<\/li>\n<li>Mode spirale<\/li>\n<li>Mode libre<\/li>\n<li>Mode anneau<\/li>\n<li>Mode de rotation<\/li>\n<\/ol>\n<div id=\"image_1635238231\" class=\"img has-hover x md-x lg-x y md-y lg-y\">\n<div class=\"Content-module__content___jmKA6 _content_dc5hu_45\">\n<div class=\"react-scroll-to-bottom--css-kubvu-79elbk _chat-scroller_g10pz_99\">\n<div class=\"react-scroll-to-bottom--css-kubvu-1n7m0yu _chat-scroller__scroll_g10pz_102\">\n<div class=\"_message-list_g10pz_92\">\n<div class=\"_container_g10pz_1\">\n<div class=\"_container__content_g10pz_14\">\n<div class=\"_container__message_g10pz_41 _container__message--assistant_g10pz_61\">\n<div class=\"_message_g10pz_27\">\n<div class=\"_message__content_g10pz_53\">\n<div class=\"MessageContent-module__message-content___Am59P MessageContent-module__message-content--markdown___oLH9Y\">\n<p>Vous pouvez modifier ces modes en s\u00e9lectionnant l'option \"Mode de num\u00e9risation\" dans l'interface.<\/p>\n<p>Certains modes de nettoyage sont plus doux et fonctionnent bien sur les mat\u00e9riaux qui n\u00e9cessitent un toucher d\u00e9licat, notre machine peut vous aider \u00e0 minimiser ou \u00e0 \u00e9liminer compl\u00e8tement les traces apr\u00e8s le nettoyage. D'autre part, il existe des modes plus puissants qui sont parfaits pour s'attaquer aux salet\u00e9s ou aux rev\u00eatements tenaces.<\/p>\n<p>Le choix du bon mode de nettoyage est essentiel pour garantir l'aspect et la qualit\u00e9 de vos surfaces. Ceci est particuli\u00e8rement important dans les industries telles que l'automobile, l'a\u00e9rospatiale et l'\u00e9lectronique. BOGONG vous fournit des param\u00e8tres pour enlever la peinture, la rouille, l'huile, etc. Ces param\u00e8tres sont parfaits pour les d\u00e9butants.<\/p>\n<\/div>\n<\/div>\n<\/div>\n<\/div>\n<\/div>\n<\/div>\n<\/div>\n<\/div>\n<\/div>\n<\/div>\n<div class=\"_message-box_1luju_5\">\n<div class=\"_message-box__content_1luju_15\">\n<form action=\"\">\n<div class=\"MessageBox-module__messagebox___n4MAC\">\n<div class=\"MessageBox-module__messagebox__content___-xFbz\">\n<figure id=\"attachment_7482\" aria-describedby=\"caption-attachment-7482\" style=\"width: 300px\" class=\"wp-caption alignnone\"><img decoding=\"async\" class=\"size-medium wp-image-7482\" src=\"https:\/\/bogonglaser.com\/wp-content\/uploads\/2024\/11\/9-cleaning-modes-of-portable-laser-cleaner--300x120.jpg\" alt=\"9 modes de nettoyage du nettoyeur laser portable\" width=\"300\" height=\"120\" title=\"\" srcset=\"https:\/\/bogonglaser.com\/wp-content\/uploads\/2024\/11\/9-cleaning-modes-of-portable-laser-cleaner--300x120.jpg 300w, https:\/\/bogonglaser.com\/wp-content\/uploads\/2024\/11\/9-cleaning-modes-of-portable-laser-cleaner--600x241.jpg 600w, https:\/\/bogonglaser.com\/wp-content\/uploads\/2024\/11\/9-cleaning-modes-of-portable-laser-cleaner--1024x411.jpg 1024w, https:\/\/bogonglaser.com\/wp-content\/uploads\/2024\/11\/9-cleaning-modes-of-portable-laser-cleaner--768x308.jpg 768w, https:\/\/bogonglaser.com\/wp-content\/uploads\/2024\/11\/9-cleaning-modes-of-portable-laser-cleaner--18x7.jpg 18w, https:\/\/bogonglaser.com\/wp-content\/uploads\/2024\/11\/9-cleaning-modes-of-portable-laser-cleaner-.jpg 1536w\" sizes=\"(max-width: 300px) 100vw, 300px\" \/><figcaption id=\"caption-attachment-7482\" class=\"wp-caption-text\">9 modes de nettoyage du nettoyeur laser portable<\/figcaption><\/figure>\n<\/div>\n<\/div>\n<input type=\"hidden\" name=\"trp-form-language\" value=\"fr\"\/><\/form>\n<\/div>\n<\/div>\n<\/div>\n<\/div>\n<\/div>\n<\/div>\n<\/div>\n<\/div>\n<\/div>\n<\/div>\n<\/div>\n<\/div>\n<\/div>\n<h2>Vous avez le choix entre 16 langues.<\/h2>\n<p>L'impulsion <a href=\"https:\/\/bogonglaser.com\/fr\/laser-cleaning-machine\/\">machine de nettoyage au laser<\/a> prend actuellement en charge plusieurs langues, dont l'anglais, le russe, le japonais, l'espagnol, l'allemand, le cor\u00e9en, le fran\u00e7ais, le polonais et 16 autres langues.<\/p>\n<p>Vous pouvez facilement passer d'une langue \u00e0 l'autre sur l'interface de la machine. Si vous avez besoin de langues suppl\u00e9mentaires, nous proposons \u00e9galement des services linguistiques personnalis\u00e9s pour r\u00e9pondre \u00e0 vos besoins.<\/p>\n<figure id=\"attachment_7481\" aria-describedby=\"caption-attachment-7481\" style=\"width: 300px\" class=\"wp-caption alignnone\"><img decoding=\"async\" class=\"size-medium wp-image-7481\" src=\"https:\/\/bogonglaser.com\/wp-content\/uploads\/2024\/11\/16-Supported-Languages-for-Laser-Cleaner--300x175.webp\" alt=\"16 langues prises en charge pour le nettoyeur laser\" width=\"300\" height=\"175\" title=\"\" srcset=\"https:\/\/bogonglaser.com\/wp-content\/uploads\/2024\/11\/16-Supported-Languages-for-Laser-Cleaner--300x175.webp 300w, https:\/\/bogonglaser.com\/wp-content\/uploads\/2024\/11\/16-Supported-Languages-for-Laser-Cleaner--600x350.webp 600w, https:\/\/bogonglaser.com\/wp-content\/uploads\/2024\/11\/16-Supported-Languages-for-Laser-Cleaner--18x12.webp 18w, https:\/\/bogonglaser.com\/wp-content\/uploads\/2024\/11\/16-Supported-Languages-for-Laser-Cleaner-.webp 768w\" sizes=\"(max-width: 300px) 100vw, 300px\" \/><figcaption id=\"caption-attachment-7481\" class=\"wp-caption-text\">16 langues prises en charge pour le nettoyeur laser<\/figcaption><\/figure>\n<h2>Caract\u00e9ristiques de la machine de nettoyage par laser \u00e0 impulsion 1000W<\/h2>\n<ul>\n<li><strong>Technologie laser puls\u00e9 haute puissance de 1000 W :<\/strong> D\u00e9livre des impulsions \u00e9nerg\u00e9tiques puissantes qui \u00e9liminent rapidement et efficacement la rouille, l'huile et les r\u00e9sidus.<\/li>\n<li><strong>Capacit\u00e9 de nettoyage fin :<\/strong> Il fournit des r\u00e9sultats de nettoyage pr\u00e9cis, ce qui le rend id\u00e9al pour les applications qui n\u00e9cessitent une attention m\u00e9ticuleuse.<\/li>\n<li><strong>Haute efficacit\u00e9 :<\/strong> R\u00e9duit consid\u00e9rablement le temps de nettoyage par rapport aux m\u00e9thodes traditionnelles, ce qui am\u00e9liore la productivit\u00e9 et r\u00e9duit les co\u00fbts d'exploitation.<\/li>\n<li><strong>Nettoyage non destructif :<\/strong> Il utilise une approche sans contact et non abrasive qui prot\u00e8ge le mat\u00e9riau sous-jacent et \u00e9limine le risque d'endommagement.<\/li>\n<li><strong>Fonctionnement convivial :<\/strong> Il est dot\u00e9 d'une interface intuitive et d'une conception ergonomique pour une utilisation facile, n\u00e9cessitant une formation minimale.<\/li>\n<\/ul>\n<p><strong>Avantages :<\/strong><\/p>\n<ul>\n<li><strong>Performance de nettoyage sup\u00e9rieure :<\/strong> Atteindre un niveau \u00e9lev\u00e9 de propret\u00e9, essentiel pour des performances optimales dans divers environnements industriels.<\/li>\n<li><strong>Une solution rentable :<\/strong> R\u00e9duit les besoins en consommables tels que les produits chimiques et les abrasifs, ce qui se traduit par des \u00e9conomies \u00e0 long terme.<\/li>\n<li><strong>Respectueux de l'environnement :<\/strong> G\u00e9n\u00e8re un minimum de d\u00e9chets et \u00e9limine les produits chimiques nocifs, contribuant ainsi \u00e0 un lieu de travail plus s\u00fbr et plus \u00e9cologique.<\/li>\n<li><strong>Applications polyvalentes :<\/strong> Efficace pour le nettoyage d'une large gamme de mat\u00e9riaux, y compris les m\u00e9taux et les composites, dans diff\u00e9rentes industries.<\/li>\n<\/ul>\n<p><strong>Applications :<\/strong><\/p>\n<ul>\n<li><strong>Enl\u00e8vement de la rouille :<\/strong> \u00c9limine efficacement la corrosion des surfaces m\u00e9talliques et les ram\u00e8ne \u00e0 leur \u00e9tat d'origine sans utiliser de m\u00e9thodes abrasives.<\/li>\n<li><strong>Nettoyage des huiles et des graisses :<\/strong> \u00c9limine les huiles, les lubrifiants et autres contaminants susceptibles d'affecter les performances ou l'adh\u00e9rence dans les processus de fabrication.<\/li>\n<li><strong>Pr\u00e9paration de la surface :<\/strong> Pr\u00e9parer les surfaces \u00e0 peindre, \u00e0 rev\u00eatir ou \u00e0 souder en s'assurant qu'elles sont propres et exemptes de contaminants.<\/li>\n<li><strong>Entretien et restauration :<\/strong> Parfait pour nettoyer les machines, les outils et les \u00e9quipements, afin de prolonger leur dur\u00e9e de vie et de maintenir une fonctionnalit\u00e9 optimale.<\/li>\n<li>\n<p><figure id=\"attachment_7480\" aria-describedby=\"caption-attachment-7480\" style=\"width: 265px\" class=\"wp-caption alignnone\"><img decoding=\"async\" class=\"size-medium wp-image-7480\" src=\"https:\/\/bogonglaser.com\/wp-content\/uploads\/2024\/11\/500w-laser-cleaning-machine-2-265x300.jpg\" alt=\"Machine de nettoyage laser 500w\" width=\"265\" height=\"300\" title=\"\" srcset=\"https:\/\/bogonglaser.com\/wp-content\/uploads\/2024\/11\/500w-laser-cleaning-machine-2-265x300.jpg 265w, https:\/\/bogonglaser.com\/wp-content\/uploads\/2024\/11\/500w-laser-cleaning-machine-2-600x680.jpg 600w, https:\/\/bogonglaser.com\/wp-content\/uploads\/2024\/11\/500w-laser-cleaning-machine-2-768x870.jpg 768w, https:\/\/bogonglaser.com\/wp-content\/uploads\/2024\/11\/500w-laser-cleaning-machine-2-11x12.jpg 11w, https:\/\/bogonglaser.com\/wp-content\/uploads\/2024\/11\/500w-laser-cleaning-machine-2.jpg 790w\" sizes=\"(max-width: 265px) 100vw, 265px\" \/><figcaption id=\"caption-attachment-7480\" class=\"wp-caption-text\">Machine de nettoyage laser 500w<\/figcaption><\/figure><\/li>\n<li><\/li>\n<\/ul>\n<p>Conditions de paiement<\/p>\n<p>1. D\u00e9p\u00f4t et solde : Un d\u00e9p\u00f4t 30% T\/T est exig\u00e9 \u00e0 l'avance, le solde \u00e9tant d\u00fb avant l'exp\u00e9dition.<\/p>\n<p>2. Alibaba Trade Assurance : Les paiements peuvent \u00eatre effectu\u00e9s par l'interm\u00e9diaire d'Alibaba Trade Assurance.<\/p>\n<p>FAQs pour la machine de nettoyage laser \u00e0 fibre 1000w<\/p>\n<p>Quel est l'emballage du nettoyeur laser ?<br \/>\nNos machines sont emball\u00e9es en trois couches. La couche ext\u00e9rieure est constitu\u00e9e d'une caisse en bois, la couche interm\u00e9diaire comporte un rembourrage en mousse pour prot\u00e9ger contre les secousses, et la couche int\u00e9rieure comprend un sac en plastique \u00e9pais pour l'\u00e9tanch\u00e9it\u00e9.<\/p>\n<p>Le colis sera-t-il endommag\u00e9 pendant le transport ?<br \/>\nNous concevons m\u00e9ticuleusement nos emballages afin de tenir compte de tous les facteurs de dommages potentiels, et nos agents d'exp\u00e9dition ont l'exp\u00e9rience d'un transport s\u00fbr. Nous avons export\u00e9 avec succ\u00e8s vers 180 pays, vous pouvez donc \u00eatre assur\u00e9 que votre colis arrivera en excellent \u00e9tat.<\/p>\n<p>La plupart des clients pr\u00e9f\u00e8rent le transport par UPS\/DHL express, qui peut arriver \u00e0 destination dans les 5 \u00e0 7 jours. <a href=\"https:\/\/bogonglaser.com\/fr\/\">BOGONG Laser<\/a> pour obtenir plus de d\u00e9tails sur l'impulsion 1000W<a href=\"https:\/\/bogonglaser.com\/fr\/laser-cleaning-machine\/\"> machine de nettoyage au laser<\/a>.<\/p>\n<p><a class=\"elementor-accordion-title\" tabindex=\"0\">Quel est le prix d'une machine de nettoyage au laser \u00e0 impulsions de 1000W ?<\/a><\/p>","protected":false},"excerpt":{"rendered":"<h2>Machine de nettoyage par laser \u00e0 impulsion 1000W<\/h2>\n<p>La machine de nettoyage laser \u00e0 impulsion de 1000 W est sp\u00e9cialement con\u00e7ue pour nettoyer efficacement divers contaminants des surfaces m\u00e9talliques, notamment la rouille, la peinture, les rev\u00eatements, les taches d'huile et les pellicules d'oxyde. Il convient \u00e9galement au nettoyage de substrats non m\u00e9talliques tels que la c\u00e9ramique, le verre et les mat\u00e9riaux composites.<\/p>\n<p>Les sc\u00e9narios d'application les plus courants sont les suivants :<\/p>\n<p>- \u00c9limination des films d'oxyde naturel sur les alliages d'aluminium avant le soudage.<br \/>\n- Nettoyage de l'oxyde de cendres noires apr\u00e8s le soudage des plateaux de batterie.<br \/>\n- Pr\u00e9paration des soudures de bogies de trains pour la d\u00e9tection des d\u00e9fauts.<br \/>\n- Nettoyage de pi\u00e8ces de t\u00f4lerie automobile avant leur remise \u00e0 neuf.<br \/>\n- Acc\u00e8s aux zones difficiles \u00e0 atteindre que les brosses m\u00e9talliques traditionnelles ne peuvent pas nettoyer.<\/p>\n<p>Cette polyvalence fait de ce produit un outil essentiel pour maintenir l'int\u00e9grit\u00e9 structurelle et garantir la qualit\u00e9 dans diverses industries.<\/p>\n<ul class=\"tips\">\n<li>100 Sets \/ Month Waiting for Sale In Stock<\/li>\n<li>2 ans de garantie limit\u00e9e pour l'ensemble de la machine<\/li>\n<li>3-5 jours pour la pr\u00e9paration de la machine laser, 3-7 jours pour le transport.<\/li>\n<li>En ligne (PayPal) et hors ligne (T\/T, cartes de d\u00e9bit et de cr\u00e9dit)<\/li>\n<\/ul>","protected":false},"featured_media":1761,"template":"","meta":{"_gspb_post_css":""},"product_brand":[],"product_cat":[94],"product_tag":[101,100],"class_list":{"0":"post-1780","1":"product","2":"type-product","3":"status-publish","4":"has-post-thumbnail","6":"product_cat-laser-cleaning-machine","7":"product_tag-laser-cleaner","8":"product_tag-laser-cleaning-machine","10":"first","11":"instock","12":"shipping-taxable","13":"product-type-simple"},"_links":{"self":[{"href":"https:\/\/bogonglaser.com\/fr\/wp-json\/wp\/v2\/product\/1780","targetHints":{"allow":["GET"]}}],"collection":[{"href":"https:\/\/bogonglaser.com\/fr\/wp-json\/wp\/v2\/product"}],"about":[{"href":"https:\/\/bogonglaser.com\/fr\/wp-json\/wp\/v2\/types\/product"}],"wp:featuredmedia":[{"embeddable":true,"href":"https:\/\/bogonglaser.com\/fr\/wp-json\/wp\/v2\/media\/1761"}],"wp:attachment":[{"href":"https:\/\/bogonglaser.com\/fr\/wp-json\/wp\/v2\/media?parent=1780"}],"wp:term":[{"taxonomy":"product_brand","embeddable":true,"href":"https:\/\/bogonglaser.com\/fr\/wp-json\/wp\/v2\/product_brand?post=1780"},{"taxonomy":"product_cat","embeddable":true,"href":"https:\/\/bogonglaser.com\/fr\/wp-json\/wp\/v2\/product_cat?post=1780"},{"taxonomy":"product_tag","embeddable":true,"href":"https:\/\/bogonglaser.com\/fr\/wp-json\/wp\/v2\/product_tag?post=1780"}],"curies":[{"name":"wp","href":"https:\/\/api.w.org\/{rel}","templated":true}]}}