{"id":1746,"date":"2024-11-06T21:16:20","date_gmt":"2024-11-06T13:16:20","guid":{"rendered":"https:\/\/bogonglaser.com\/?post_type=product&#038;p=1746"},"modified":"2026-02-02T18:17:27","modified_gmt":"2026-02-02T10:17:27","slug":"best-200w-pulse-laser-cleaning-machine","status":"publish","type":"product","link":"https:\/\/bogonglaser.com\/fr\/best-200w-pulse-laser-cleaning-machine\/","title":{"rendered":"Meilleure machine de nettoyage au laser \u00e0 impulsions 200W"},"content":{"rendered":"<h2>Qu'est-ce qu'une machine de nettoyage au laser \u00e0 impulsions de 200W ?<\/h2>\n<p>L'impulsion de 200W<a href=\"https:\/\/bogonglaser.com\/fr\/laser-cleaning-machine\/\"> machine de nettoyage au laser<\/a> est un appareil laser sp\u00e9cialement con\u00e7u pour les t\u00e2ches de nettoyage industriel. Il utilise la technologie avanc\u00e9e de nettoyage laser MOPA, qui est une m\u00e9thode sans contact permettant d'\u00e9liminer efficacement la rouille, la peinture, les rev\u00eatements et autres contaminants des surfaces, tout en prot\u00e9geant le mat\u00e9riau sous-jacent. Compar\u00e9 au nettoyeur laser 300W, l'\u00e9nergie du laser 200w est un peu plus faible que celle du laser 300w.<\/p>\n<p>D'une puissance de 200 W, cet appareil \u00e9met un faisceau laser capable de s'attaquer rapidement et efficacement aux couches de salet\u00e9 les plus tenaces. Le processus de nettoyage consiste \u00e0 diriger l'\u00e9nergie laser sur la surface contamin\u00e9e. L'\u00e9nergie laser absorb\u00e9e par les contaminants chauffe rapidement la surface, ce qui entra\u00eene l'\u00e9vaporation quasi instantan\u00e9e des contaminants. Ce processus n'endommage pas le mat\u00e9riau sous-jacent car la dur\u00e9e de l'effet du laser est extr\u00eamement courte (g\u00e9n\u00e9ralement de l'ordre de la nanoseconde \u00e0 la microseconde), ce qui laisse une surface propre.<\/p>\n<p>L'une des grandes caract\u00e9ristiques de cette machine est sa puissance r\u00e9glable et ses diff\u00e9rents modes de balayage, qui permettent aux utilisateurs de personnaliser le processus de nettoyage en fonction de la surface sp\u00e9cifique et du type de contamination. Cela signifie que vous pouvez obtenir des r\u00e9sultats optimaux sans risquer d'endommager le mat\u00e9riau sous-jacent. L'interface intuitive et les param\u00e8tres programmables de l'appareil en font un outil convivial et facile \u00e0 utiliser. Dans l'ensemble, il s'agit d'une solution efficace pour tous ceux qui ont besoin d'un nettoyage industriel pr\u00e9cis.<\/p>\n<p>Les principales caract\u00e9ristiques sont les suivantes<\/p>\n<ul>\n<li>Type de laser : Laser \u00e0 fibre<br \/>\nPuissance du laser : 200W<br \/>\nPlage de sortie (si r\u00e9glable) : 0-100%<br \/>\nFormation d'impulsions : MOPA Q-Switched (facteur de qualit\u00e9)<br \/>\nG\u00e9n\u00e9rateur laser : JPT<br \/>\nZone de nettoyage : 100*100mm (en option 130x130mm, 150x150mm)<br \/>\nLongueur de la fibre : 5m<br \/>\nType de refroidissement : Air<br \/>\nApr\u00e8s la vente : 2 ans<\/li>\n<\/ul>\n<p><iframe title=\"200W Pulse Laser Cleaner | 200W Pulse Laser Cleaning Machine\" width=\"1290\" height=\"726\" src=\"https:\/\/www.youtube.com\/embed\/K8XqcUOiTa0?feature=oembed\" frameborder=\"0\" allow=\"accelerometer; autoplay; clipboard-write; encrypted-media; gyroscope; picture-in-picture; web-share\" referrerpolicy=\"strict-origin-when-cross-origin\" allowfullscreen><\/iframe><\/p>\n<h2>Caract\u00e9ristiques du nettoyeur laser \u00e0 impulsion 200W :<\/h2>\n<p>Contrairement aux nettoyeurs laser \u00e0 fibre continue (CW), ce syst\u00e8me de nettoyage laser puls\u00e9 utilise une t\u00eate de nettoyage intelligente \u00e0 double oscillation et offre une gamme polyvalente de 8 modes de nettoyage pour r\u00e9pondre \u00e0 diff\u00e9rents besoins. Il g\u00e8re efficacement la puissance d'entr\u00e9e en ajustant la largeur d'impulsion, la fr\u00e9quence, etc., en maintenant des temp\u00e9ratures optimales pour la pi\u00e8ce \u00e0 travailler tout en minimisant la perte d'\u00e9nergie, ce qui am\u00e9liore l'efficacit\u00e9 globale.<\/p>\n<p><strong>Utiliser un logiciel convivial<\/strong> - Construit pour la commodit\u00e9, ce nettoyeur laser est \u00e9quip\u00e9 d'un c\u00e2ble \u00e0 fibre optique de 5 m\u00e8tres de long, permettant un fonctionnement flexible sans contraintes spatiales. Il y a 2 \u00e9crans tactiles avec la machine laser BOGONG 300W, un \u00e9cran tactile sur la t\u00eate laser, un autre \u00e9cran tactile sur l'armoire de la machine, vous pouvez ajuster les param\u00e8tres librement. Son interface IO \u00e9tendue facilite l'int\u00e9gration avec les manipulateurs pour les processus de nettoyage automatis\u00e9s. De plus, des manuels complets en anglais et des vid\u00e9os d'utilisation sont fournis, assurant une exp\u00e9rience d'apprentissage rapide et sans heurts pour les utilisateurs de cette machine laser \u00e0 d\u00e9rouiller.<\/p>\n<p><strong>Capacit\u00e9 monomode<\/strong> - La machine de nettoyage par laser monomode puls\u00e9 de type 2mj est tr\u00e8s polyvalente et convient \u00e0 un large \u00e9ventail d'applications, notamment le nettoyage des surfaces m\u00e9talliques, des pi\u00e8ces automobiles, de la pierre, du bois, du plastique et d'autres mat\u00e9riaux n\u00e9cessitant un nettoyage \u00e0 haute puissance. Elle excelle dans les travaux difficiles avec une forte adh\u00e9rence, des substances difficiles \u00e0 enlever, une rouille importante, des couches d'oxyde et une peinture \u00e9paisse.<\/p>\n<p><strong>Pr\u00e9cision multimode<\/strong> - La machine de nettoyage laser puls\u00e9 multimode 15mj est id\u00e9ale pour les applications n\u00e9cessitant une grande pr\u00e9cision, telles que le nettoyage de pi\u00e8ces de pr\u00e9cision, l'entretien d'\u00e9quipements \u00e9lectroniques et le traitement de microcomposants. Elle est sp\u00e9cialement con\u00e7ue pour les sc\u00e9narios impliquant une l\u00e9g\u00e8re adh\u00e9rence, des contaminants faciles \u00e0 enlever, une rouille l\u00e9g\u00e8re et des applications o\u00f9 il est essentiel d'\u00e9viter les dommages, choisissez le mode multiple pour le nettoyage des moules.<\/p>\n<p><iframe title=\"La diff\u00e9rence r\u00e9elle entre 2mj 5mj 15mj Pulse Laser Cleaning Machine ? Tophat VS Gauss quel est le meilleur ?\" width=\"1290\" height=\"726\" src=\"https:\/\/www.youtube.com\/embed\/XWgilh9T0is?feature=oembed\" frameborder=\"0\" allow=\"accelerometer; autoplay; clipboard-write; encrypted-media; gyroscope; picture-in-picture; web-share\" referrerpolicy=\"strict-origin-when-cross-origin\" allowfullscreen><\/iframe><\/p>\n<h3>Pourquoi choisir <a href=\"https:\/\/bogonglaser.com\/fr\/\">Nettoyeur laser Bogong<\/a><\/h3>\n<ul>\n<li>Forts d'une grande exp\u00e9rience dans la technologie du nettoyage au laser, nous sommes sp\u00e9cialis\u00e9s dans la fourniture de solutions avanc\u00e9es personnalis\u00e9es pour r\u00e9pondre \u00e0 vos besoins sp\u00e9cifiques. Notre \u00e9quipe d'ing\u00e9nieurs et de techniciens experts poss\u00e8de une connaissance approfondie de l'industrie, ce qui vous permet de b\u00e9n\u00e9ficier de la solution id\u00e9ale. <a href=\"https:\/\/bogonglaser.com\/fr\/laser-cleaning-machine\/\">machine de nettoyage au laser<\/a> sur mesure pour vos applications uniques.<\/li>\n<li>Nous avons d\u00e9j\u00e0 enregistr\u00e9 des param\u00e8tres pour enlever la rouille, la peinture, etc. Vous pouvez commencer le nettoyage laser facilement apr\u00e8s l'avoir re\u00e7u.<\/li>\n<li>Bogong fournit non seulement des appareils laser de haute qualit\u00e9, mais aussi le meilleur service apr\u00e8s-vente depuis plusieurs ann\u00e9es.<\/li>\n<\/ul>\n<p><iframe title=\"300W Pulse Laser Cleaning Machine | Best Automative Parts Restore Business Cleaning Tool System\" width=\"1290\" height=\"726\" src=\"https:\/\/www.youtube.com\/embed\/iEI1zAgPy5g?feature=oembed\" frameborder=\"0\" allow=\"accelerometer; autoplay; clipboard-write; encrypted-media; gyroscope; picture-in-picture; web-share\" referrerpolicy=\"strict-origin-when-cross-origin\" allowfullscreen><\/iframe><\/p>\n<p><iframe title=\"Machine de nettoyage de moules au laser | Machine de nettoyage de moules au laser\" width=\"1290\" height=\"726\" src=\"https:\/\/www.youtube.com\/embed\/tspq0apVAt0?feature=oembed\" frameborder=\"0\" allow=\"accelerometer; autoplay; clipboard-write; encrypted-media; gyroscope; picture-in-picture; web-share\" referrerpolicy=\"strict-origin-when-cross-origin\" allowfullscreen><\/iframe><\/p>\n<h2>Comment fonctionne la machine de nettoyage au laser \u00e0 200 impulsions ?<\/h2>\n<p>La machine de nettoyage laser \u00e0 impulsion de 200 W utilise une technologie laser avanc\u00e9e pour \u00e9liminer efficacement les contaminants des surfaces. Voici un bref aper\u00e7u de son fonctionnement :<\/p>\n<ol>\n<li><strong>\u00c9mission laser<\/strong>: Il g\u00e9n\u00e8re un faisceau laser puls\u00e9 de 200 W qui \u00e9met de br\u00e8ves impulsions d'\u00e9nergie pour un nettoyage pr\u00e9cis.<\/li>\n<li><strong>Nettoyage cibl\u00e9<\/strong>: Lorsqu'elle est dirig\u00e9e vers une surface, l'\u00e9nergie du laser est absorb\u00e9e par des contaminants tels que la rouille ou la peinture.<\/li>\n<li><strong>Vaporisation<\/strong>: L'\u00e9nergie absorb\u00e9e chauffe rapidement les contaminants, qui se vaporisent sans endommager le mat\u00e9riau sous-jacent.<\/li>\n<li><strong>Suppression s\u00e9lective<\/strong>: Le processus cible s\u00e9lectivement les contaminants, pr\u00e9servant ainsi l'int\u00e9grit\u00e9 de la surface.<\/li>\n<li><strong>R\u00e9glages ajustables<\/strong>: Il offre des r\u00e9glages de puissance et des options de mise au point personnalisables pour diff\u00e9rentes surfaces et diff\u00e9rents niveaux de contamination.<\/li>\n<\/ol>\n<p>Dans l'ensemble, la machine de nettoyage par laser \u00e0 impulsions de 200 W offre une solution efficace, pr\u00e9cise et polyvalente pour les applications de nettoyage industriel.<\/p>\n<p><iframe title=\"Machine de nettoyage au laser \u00e0 impulsions 200W Feedback\" width=\"1290\" height=\"726\" src=\"https:\/\/www.youtube.com\/embed\/EpK-C5kgbms?feature=oembed\" frameborder=\"0\" allow=\"accelerometer; autoplay; clipboard-write; encrypted-media; gyroscope; picture-in-picture; web-share\" referrerpolicy=\"strict-origin-when-cross-origin\" allowfullscreen><\/iframe><\/p>\n<h3>Comment choisir la bonne machine de nettoyage par laser \u00e0 impulsions ?<\/h3>\n<p>Le choix d'un appareil de nettoyage par laser \u00e0 impulsions est important pour votre entreprise. Comment s'assurer que l'appareil r\u00e9pond \u00e0 vos besoins sp\u00e9cifiques ? Voici un guide qui vous aidera \u00e0 prendre une d\u00e9cision en connaissance de cause :<\/p>\n<ol>\n<li><strong>Compatibilit\u00e9 des mat\u00e9riaux<\/strong>: D\u00e9terminez les types de mat\u00e9riaux que vous envisagez de nettoyer (par exemple, la rouille, la peinture, le m\u00e9tal, le bois, l'acrylique, etc.) Assurez-vous que la machine que vous choisissez peut traiter efficacement ces mat\u00e9riaux.<\/li>\n<li><strong>Type de laser<\/strong>: Diff\u00e9rents types de laser 2mj, 5mj et 15mj, diff\u00e9rents lasers diff\u00e9rents r\u00e9sultats.<\/li>\n<li><strong>Taille de la zone de travail<\/strong>: \u00c9valuez la taille de la zone de nettoyage en fonction des projets que vous envisagez d'entreprendre. Assurez-vous que la machine dispose d'une zone de travail ad\u00e9quate pour vos articles. Choisissez la bonne lentille F-theta, veuillez vous renseigner aupr\u00e8s de nos vendeurs.<\/li>\n<li><strong>Facilit\u00e9 d'utilisation<\/strong>: Recherchez des machines dot\u00e9es d'un logiciel convivial qui facilite la conception et l'utilisation.<\/li>\n<li><strong>Assistance \u00e0 la client\u00e8le et garantie<\/strong>: Renseignez-vous sur les options d'assistance et la garantie offertes par le fabricant. Un service client\u00e8le fiable peut s'av\u00e9rer crucial pour le d\u00e9pannage et l'entretien.<\/li>\n<\/ol>\n<p>Vous pouvez trouver d'autres commentaires de clients sur la cha\u00eene YouTube de BOGONG.<\/p>\n<p>Conditions de paiement<\/p>\n<p>1. D\u00e9p\u00f4t et solde : Un d\u00e9p\u00f4t 30% T\/T est exig\u00e9 \u00e0 l'avance, le solde \u00e9tant d\u00fb avant l'exp\u00e9dition.<\/p>\n<p>2. Alibaba Trade Assurance : Les paiements peuvent \u00eatre effectu\u00e9s par l'interm\u00e9diaire d'Alibaba Trade Assurance.<\/p>\n<p>FAQ sur la machine \u00e0 graver les m\u00e9taux au laser \u00e0 fibre 3D<\/p>\n<p>Quel est l'emballage de la machine de marquage laser \u00e0 fibre 3D ?<br \/>\nNos machines sont emball\u00e9es en trois couches. La couche ext\u00e9rieure est constitu\u00e9e d'une caisse en bois, la couche interm\u00e9diaire comporte un rembourrage en mousse pour prot\u00e9ger contre les secousses, et la couche int\u00e9rieure comprend un sac en plastique \u00e9pais pour l'\u00e9tanch\u00e9it\u00e9.<\/p>\n<p>Le colis sera-t-il endommag\u00e9 pendant le transport ?<br \/>\nNous concevons m\u00e9ticuleusement nos emballages afin de tenir compte de tous les facteurs de dommages potentiels, et nos agents d'exp\u00e9dition ont l'exp\u00e9rience d'un transport s\u00fbr. Nous avons export\u00e9 avec succ\u00e8s vers 180 pays, vous pouvez donc \u00eatre assur\u00e9 que votre colis arrivera en excellent \u00e9tat.<\/p>\n<p>La plupart des clients choisissent le transport par UPS\/DHL express, il peut arriver \u00e0 destination sous 5-7 jours. Contactez BOGONG pour obtenir plus de d\u00e9tails sur la gravure laser des m\u00e9taux pour l'argent, le laiton, l'or et le cuivre.<\/p>","protected":false},"excerpt":{"rendered":"<h2>Machine de nettoyage par laser \u00e0 impulsions 200W<\/h2>\n<p>La machine de nettoyage laser BOGONG 200W Pulse avec la meilleure source laser mopa est con\u00e7ue pour des applications efficaces de nettoyage de surface de mat\u00e9riaux. Facile \u00e0 installer, \u00e0 utiliser et \u00e0 automatiser, elle est id\u00e9ale pour \u00e9liminer avec pr\u00e9cision les contaminants de surface tels que la rouille, la graisse, la peinture, l'appr\u00eat, etc.<\/p>\n<ul class=\"tips\">\n<li>200 Sets \/ Month Waiting for Sale In Stock<\/li>\n<li>2 ans de garantie limit\u00e9e pour l'ensemble de la machine<\/li>\n<li>3-5 jours pour la pr\u00e9paration de la machine laser, 3-7 jours pour le transport.<\/li>\n<li>En ligne (PayPal) et hors ligne (T\/T, cartes de d\u00e9bit et de cr\u00e9dit)<\/li>\n<\/ul>","protected":false},"featured_media":1741,"template":"","meta":{"_gspb_post_css":""},"product_brand":[],"product_cat":[94],"product_tag":[101,100],"class_list":{"0":"post-1746","1":"product","2":"type-product","3":"status-publish","4":"has-post-thumbnail","6":"product_cat-laser-cleaning-machine","7":"product_tag-laser-cleaner","8":"product_tag-laser-cleaning-machine","10":"first","11":"instock","12":"shipping-taxable","13":"product-type-simple"},"_links":{"self":[{"href":"https:\/\/bogonglaser.com\/fr\/wp-json\/wp\/v2\/product\/1746","targetHints":{"allow":["GET"]}}],"collection":[{"href":"https:\/\/bogonglaser.com\/fr\/wp-json\/wp\/v2\/product"}],"about":[{"href":"https:\/\/bogonglaser.com\/fr\/wp-json\/wp\/v2\/types\/product"}],"wp:featuredmedia":[{"embeddable":true,"href":"https:\/\/bogonglaser.com\/fr\/wp-json\/wp\/v2\/media\/1741"}],"wp:attachment":[{"href":"https:\/\/bogonglaser.com\/fr\/wp-json\/wp\/v2\/media?parent=1746"}],"wp:term":[{"taxonomy":"product_brand","embeddable":true,"href":"https:\/\/bogonglaser.com\/fr\/wp-json\/wp\/v2\/product_brand?post=1746"},{"taxonomy":"product_cat","embeddable":true,"href":"https:\/\/bogonglaser.com\/fr\/wp-json\/wp\/v2\/product_cat?post=1746"},{"taxonomy":"product_tag","embeddable":true,"href":"https:\/\/bogonglaser.com\/fr\/wp-json\/wp\/v2\/product_tag?post=1746"}],"curies":[{"name":"wp","href":"https:\/\/api.w.org\/{rel}","templated":true}]}}