{"id":1668,"date":"2024-10-29T17:30:42","date_gmt":"2024-10-29T09:30:42","guid":{"rendered":"https:\/\/bogonglaser.com\/?post_type=product&#038;p=1668"},"modified":"2025-12-10T16:57:58","modified_gmt":"2025-12-10T08:57:58","slug":"3d-fiber-laser-engraver-for-metal-2","status":"publish","type":"product","link":"https:\/\/bogonglaser.com\/fr\/3d-fiber-laser-engraver-for-metal-2\/","title":{"rendered":"Graveur laser 3D \u00e0 fibre pour le m\u00e9tal"},"content":{"rendered":"<h2>Qu'est-ce qu'une machine de gravure laser 3D pour le m\u00e9tal ?<\/h2>\n<p><a href=\"https:\/\/bogonglaser.com\/fr\/laser-engraving-machine\/\">Machine de gravure laser 3D<\/a> avec laser \u00e0 fibre \u00e0 impulsion, logiciel 3D lenmark3ds\/Ezcad3 pour le traitement de l'image, il y a une lentille dynamique \u00e0 l'int\u00e9rieur de la t\u00eate du laser, qui peut graver sur des formes irr\u00e9guli\u00e8res. Les principales caract\u00e9ristiques sont les suivantes :<\/p>\n<ul>\n<li>Laser \u00e0 fibre puls\u00e9<\/li>\n<li>Logiciel de gravure 3D pour le traitement d'images<\/li>\n<li>Axe R pour le marquage des bagues et des bracelets<\/li>\n<li>T\u00eate laser dynamique 3D<\/li>\n<li>Hauteur de mise au point r\u00e9glable de 15 \u00e0 80 mm<\/li>\n<li>Large choix d'options<\/li>\n<li>2 ans de garantie<\/li>\n<\/ul>\n<figure id=\"attachment_7418\" aria-describedby=\"caption-attachment-7418\" style=\"width: 300px\" class=\"wp-caption alignnone\"><img decoding=\"async\" class=\"size-medium wp-image-7418\" src=\"https:\/\/bogonglaser.com\/wp-content\/uploads\/2024\/10\/3d-laser-marker-2-300x227.jpg\" alt=\"Marqueur laser 3d\" width=\"300\" height=\"227\" title=\"\" srcset=\"https:\/\/bogonglaser.com\/wp-content\/uploads\/2024\/10\/3d-laser-marker-2-300x227.jpg 300w, https:\/\/bogonglaser.com\/wp-content\/uploads\/2024\/10\/3d-laser-marker-2-16x12.jpg 16w, https:\/\/bogonglaser.com\/wp-content\/uploads\/2024\/10\/3d-laser-marker-2.jpg 600w\" sizes=\"(max-width: 300px) 100vw, 300px\" \/><figcaption id=\"caption-attachment-7418\" class=\"wp-caption-text\">Marqueur laser 3d<\/figcaption><\/figure>\n<figure id=\"attachment_7417\" aria-describedby=\"caption-attachment-7417\" style=\"width: 300px\" class=\"wp-caption alignnone\"><img decoding=\"async\" class=\"size-medium wp-image-7417\" src=\"https:\/\/bogonglaser.com\/wp-content\/uploads\/2024\/10\/bogong-new-cabinet-1-300x150.png\" alt=\"nouveau cabinet bogong\" width=\"300\" height=\"150\" title=\"\" srcset=\"https:\/\/bogonglaser.com\/wp-content\/uploads\/2024\/10\/bogong-new-cabinet-1-300x150.png 300w, https:\/\/bogonglaser.com\/wp-content\/uploads\/2024\/10\/bogong-new-cabinet-1-600x300.png 600w, https:\/\/bogonglaser.com\/wp-content\/uploads\/2024\/10\/bogong-new-cabinet-1-768x384.png 768w, https:\/\/bogonglaser.com\/wp-content\/uploads\/2024\/10\/bogong-new-cabinet-1-18x9.png 18w, https:\/\/bogonglaser.com\/wp-content\/uploads\/2024\/10\/bogong-new-cabinet-1.png 800w\" sizes=\"(max-width: 300px) 100vw, 300px\" \/><figcaption id=\"caption-attachment-7417\" class=\"wp-caption-text\">nouveau cabinet bogong<\/figcaption><\/figure>\n<h2>Caract\u00e9ristiques de la machine de marquage laser 3D :<\/h2>\n<p><iframe title=\"2025 Best 3D Laser Engraver | Qu&#039;est-ce que la gravure laser 3D ? Comment fonctionne la gravure laser 3D ? Marque 3D\" width=\"1290\" height=\"726\" src=\"https:\/\/www.youtube.com\/embed\/_A-XUjBEmxM?feature=oembed\" frameborder=\"0\" allow=\"accelerometer; autoplay; clipboard-write; encrypted-media; gyroscope; picture-in-picture; web-share\" referrerpolicy=\"strict-origin-when-cross-origin\" allowfullscreen><\/iframe><\/p>\n<p><iframe title=\"2025 Best 3D Laser Engraver | Qu&#039;est-ce que la gravure laser 3D ? Comment fonctionne la gravure laser 3D ? Marque 3D\" width=\"1290\" height=\"726\" src=\"https:\/\/www.youtube.com\/embed\/_A-XUjBEmxM?feature=oembed\" frameborder=\"0\" allow=\"accelerometer; autoplay; clipboard-write; encrypted-media; gyroscope; picture-in-picture; web-share\" referrerpolicy=\"strict-origin-when-cross-origin\" allowfullscreen><\/iframe><\/p>\n<p>1. Applications polyvalentes<br \/>\nLa machine de marquage laser 3D est con\u00e7ue pour le marquage de surfaces courbes tridimensionnelles. Elle est capable de se concentrer sur des points fins et de fournir des marquages uniformes dans une plage de tol\u00e9rance de 0 \u00e0 80 mm. Il n'est pas n\u00e9cessaire d'ajuster la mise au point, ce qui permet de marquer en une seule op\u00e9ration des produits irr\u00e9guliers tels que des surfaces courbes, inclin\u00e9es ou en gradins, des sph\u00e8res, des cylindres et des c\u00f4nes.<\/p>\n<p>2. Excellente qualit\u00e9 de sculpture en profondeur<br \/>\n\u00c9quip\u00e9e d'un syst\u00e8me de marquage fin en 3D, la machine excelle dans divers types de gravure, y compris la gravure en relief, la gravure profonde et la gravure concave\/convexe. Elle offre une grande pr\u00e9cision et des r\u00e9sultats visuellement attrayants. Cette machine prend en charge trois sources de lumi\u00e8re : fibre, ultraviolet et dioxyde de carbone, ce qui permet de graver sur des mat\u00e9riaux m\u00e9talliques et non m\u00e9talliques.<\/p>\n<p>&nbsp;<\/p>\n<p><iframe title=\"Machine de gravure laser 3D pour le m\u00e9tal en Chine | Machine de gravure laser 3D \u00e0 vendre\" width=\"1290\" height=\"726\" src=\"https:\/\/www.youtube.com\/embed\/rdjhRIaqMNM?feature=oembed\" frameborder=\"0\" allow=\"accelerometer; autoplay; clipboard-write; encrypted-media; gyroscope; picture-in-picture; web-share\" referrerpolicy=\"strict-origin-when-cross-origin\" allowfullscreen><\/iframe><\/p>\n<h3>Applications de la machine de gravure laser \u00e0 fibre 3D<\/h3>\n<ul>\n<li>Excavation en couches et gravure de bas-reliefs en 3D.<\/li>\n<li>Gravures sur des surfaces irr\u00e9guli\u00e8res avec une irr\u00e9gularit\u00e9 allant jusqu'\u00e0 80 mm.<\/li>\n<li>Gravures sur bagues, bracelets, m\u00e9daillons et surfaces planes.<\/li>\n<li>Gravure de photographies, de noms, de dessins et de logos, y compris les marques commerciales.<\/li>\n<li>Gravures sur les cadrans de montres et les lunettes fabriqu\u00e9es dans n'importe quel mat\u00e9riau m\u00e9tallique.<\/li>\n<li>D\u00e9coupe manuelle de pi\u00e8ces individuelles ou solutions automatis\u00e9es pour la production de masse<\/li>\n<\/ul>\n<p><iframe title=\"Que peut faire une machine \u00e0 graver au laser 3D ? | Gravure laser 3D sur m\u00e9tal\" width=\"1290\" height=\"726\" src=\"https:\/\/www.youtube.com\/embed\/v_rWKxbDr04?feature=oembed\" frameborder=\"0\" allow=\"accelerometer; autoplay; clipboard-write; encrypted-media; gyroscope; picture-in-picture; web-share\" referrerpolicy=\"strict-origin-when-cross-origin\" allowfullscreen><\/iframe><\/p>\n<p>&nbsp;<\/p>\n<figure id=\"attachment_7419\" aria-describedby=\"caption-attachment-7419\" style=\"width: 300px\" class=\"wp-caption alignnone\"><img decoding=\"async\" class=\"size-medium wp-image-7419\" src=\"https:\/\/bogonglaser.com\/wp-content\/uploads\/2024\/10\/bogong-new-cabinet-300x143.jpg\" alt=\"nouveau cabinet bogong\" width=\"300\" height=\"143\" title=\"\" srcset=\"https:\/\/bogonglaser.com\/wp-content\/uploads\/2024\/10\/bogong-new-cabinet-300x143.jpg 300w, https:\/\/bogonglaser.com\/wp-content\/uploads\/2024\/10\/bogong-new-cabinet-600x286.jpg 600w, https:\/\/bogonglaser.com\/wp-content\/uploads\/2024\/10\/bogong-new-cabinet-1024x488.jpg 1024w, https:\/\/bogonglaser.com\/wp-content\/uploads\/2024\/10\/bogong-new-cabinet-768x366.jpg 768w, https:\/\/bogonglaser.com\/wp-content\/uploads\/2024\/10\/bogong-new-cabinet-18x9.jpg 18w, https:\/\/bogonglaser.com\/wp-content\/uploads\/2024\/10\/bogong-new-cabinet.jpg 1251w\" sizes=\"(max-width: 300px) 100vw, 300px\" \/><figcaption id=\"caption-attachment-7419\" class=\"wp-caption-text\">nouveau cabinet bogong<\/figcaption><\/figure>\n<h2>Comment fonctionne la gravure laser 3D ?<\/h2>\n<p>Un syst\u00e8me laser 3D ajuste automatiquement le spot laser pour minimiser la perte de qualit\u00e9 du spot sur les surfaces courbes et les contours 3D. Ces syst\u00e8mes sont id\u00e9aux pour traiter des formes complexes et peuvent graver efficacement une grande vari\u00e9t\u00e9 d'objets.<\/p>\n<p>En outre, ils sont capables de cr\u00e9er des gravures en relief en sculptant en profondeur des pi\u00e8ces de diff\u00e9rentes hauteurs, ce qui les rend parfaits pour des cadeaux personnalis\u00e9s ou des bijoux.<\/p>\n<p><iframe title=\"IL AIME BOGONG 3D LASER ENGRAVING MACHINE | BEST CHINA 3D LASER ENGRAVING MACHINE FOR SALE\" width=\"1290\" height=\"726\" src=\"https:\/\/www.youtube.com\/embed\/aoAF09vq8LE?feature=oembed\" frameborder=\"0\" allow=\"accelerometer; autoplay; clipboard-write; encrypted-media; gyroscope; picture-in-picture; web-share\" referrerpolicy=\"strict-origin-when-cross-origin\" allowfullscreen><\/iframe><\/p>\n<p><iframe title=\"Que pensez-vous du graveur laser 3D BOGONG ? | Un client indien a visit\u00e9 BOGONG et a achet\u00e9 un graveur laser 3D.\" width=\"1290\" height=\"726\" src=\"https:\/\/www.youtube.com\/embed\/bq8eli66vTM?feature=oembed\" frameborder=\"0\" allow=\"accelerometer; autoplay; clipboard-write; encrypted-media; gyroscope; picture-in-picture; web-share\" referrerpolicy=\"strict-origin-when-cross-origin\" allowfullscreen><\/iframe><\/p>\n<h3>Comment choisir la bonne machine laser 3D<\/h3>\n<p>Le choix d'une machine de gravure laser 3D est important pour votre entreprise. Comment s'assurer que la machine r\u00e9pond \u00e0 vos besoins sp\u00e9cifiques ? Voici un guide qui vous aidera \u00e0 prendre une d\u00e9cision en connaissance de cause :<\/p>\n<ol>\n<li><strong>Compatibilit\u00e9 des mat\u00e9riaux<\/strong>: D\u00e9terminez les types de mat\u00e9riaux que vous envisagez de graver (m\u00e9tal, bois, acrylique, verre, etc.). Assurez-vous que la machine que vous choisissez peut traiter efficacement ces mat\u00e9riaux.<\/li>\n<li><strong>Type de laser<\/strong>: Les diff\u00e9rents types de laser (fibre, CO2, UV) ont des objectifs diff\u00e9rents.\n<ul>\n<li><strong>Lasers \u00e0 fibre<\/strong>\u00a0conviennent aux m\u00e9taux et sont connus pour leur grande pr\u00e9cision.<\/li>\n<li><strong>Lasers CO2<\/strong> Pour les mat\u00e9riaux non m\u00e9talliques, principalement utilis\u00e9s pour les travaux de d\u00e9coupe de grande taille, comme la d\u00e9coupe d'\u00e9tiquettes, etc.<\/li>\n<li><strong>Lasers UV<\/strong>\u00a0sont id\u00e9ales pour les gravures d\u00e9licates sur des mat\u00e9riaux tels que le verre et le plastique.<\/li>\n<\/ul>\n<\/li>\n<li><strong>Profondeur et d\u00e9tails de la gravure<\/strong>: Tenez compte de la profondeur de gravure requise. Certains clients veulent graver des dessins 3D de plus de 200*200mm, ils veulent utiliser ce laser pour remplacer leur routeur CNC, mais assurez-vous que la machine laser 3D convient \u00e0 la gravure de pr\u00e9cision de petits dessins en relief comme 40*40mm, 50*50mm, 60*60mm, etc.<\/li>\n<li><strong>Taille de la zone de travail<\/strong>: \u00c9valuez la taille de la zone de gravure en fonction des projets que vous envisagez d'entreprendre. Assurez-vous que la machine dispose d'une zone de travail ad\u00e9quate pour vos objets les plus volumineux. Machine laser 3D BOGONG F10 avec une taille de gravure de 200*200mm, l'axe Z peut aller jusqu'\u00e0 80mm.<\/li>\n<li><strong>Facilit\u00e9 d'utilisation<\/strong>: Recherchez des machines dot\u00e9es d'un logiciel convivial qui facilite la conception et l'utilisation. Lenmark 3DS et Ezcad3 sont recommand\u00e9s pour les travaux de gravure en relief en 3D.<\/li>\n<li><strong>Assistance \u00e0 la client\u00e8le et garantie<\/strong>: Renseignez-vous sur les options d'assistance et la garantie offertes par le fabricant. Un service client\u00e8le fiable peut s'av\u00e9rer crucial pour le d\u00e9pannage et l'entretien.<\/li>\n<li><strong>Budget<\/strong>: Fixez un budget et comparez diff\u00e9rents mod\u00e8les dans cette fourchette. Tenez compte des co\u00fbts \u00e0 long terme li\u00e9s \u00e0 l'entretien et aux accessoires. Si le budget est suffisant, choisissez un laser MOPA qui conviendra pour les travaux de d\u00e9tail, car le laser MOPA peut contr\u00f4ler la largeur et la fr\u00e9quence des impulsions afin d'obtenir un fond lisse.<\/li>\n<\/ol>\n<p>&nbsp;<\/p>\n<figure id=\"attachment_7426\" aria-describedby=\"caption-attachment-7426\" style=\"width: 300px\" class=\"wp-caption alignnone\"><img decoding=\"async\" class=\"size-full wp-image-7426\" src=\"https:\/\/bogonglaser.com\/wp-content\/uploads\/2024\/10\/mini-laser-machine-2.jpg\" alt=\"mini machine laser\" width=\"300\" height=\"225\" title=\"\" srcset=\"https:\/\/bogonglaser.com\/wp-content\/uploads\/2024\/10\/mini-laser-machine-2.jpg 300w, https:\/\/bogonglaser.com\/wp-content\/uploads\/2024\/10\/mini-laser-machine-2-16x12.jpg 16w\" sizes=\"(max-width: 300px) 100vw, 300px\" \/><figcaption id=\"caption-attachment-7426\" class=\"wp-caption-text\">mini machine laser<\/figcaption><\/figure>\n<figure id=\"attachment_7427\" aria-describedby=\"caption-attachment-7427\" style=\"width: 300px\" class=\"wp-caption alignnone\"><img decoding=\"async\" class=\"size-full wp-image-7427\" src=\"https:\/\/bogonglaser.com\/wp-content\/uploads\/2024\/10\/uv-pro-laser-engraving-machine.jpg\" alt=\"uv pro laser engraving machine\" width=\"300\" height=\"300\" title=\"\" srcset=\"https:\/\/bogonglaser.com\/wp-content\/uploads\/2024\/10\/uv-pro-laser-engraving-machine.jpg 300w, https:\/\/bogonglaser.com\/wp-content\/uploads\/2024\/10\/uv-pro-laser-engraving-machine-100x100.jpg 100w, https:\/\/bogonglaser.com\/wp-content\/uploads\/2024\/10\/uv-pro-laser-engraving-machine-150x150.jpg 150w, https:\/\/bogonglaser.com\/wp-content\/uploads\/2024\/10\/uv-pro-laser-engraving-machine-12x12.jpg 12w\" sizes=\"(max-width: 300px) 100vw, 300px\" \/><figcaption id=\"caption-attachment-7427\" class=\"wp-caption-text\">uv pro laser engraving machine<\/figcaption><\/figure>\n<figure id=\"attachment_7428\" aria-describedby=\"caption-attachment-7428\" style=\"width: 205px\" class=\"wp-caption alignnone\"><img decoding=\"async\" class=\"size-full wp-image-7428\" src=\"https:\/\/bogonglaser.com\/wp-content\/uploads\/2024\/10\/3d-laser-marker-2-1.jpg\" alt=\"Marqueur laser 3d\" width=\"205\" height=\"300\" title=\"\" srcset=\"https:\/\/bogonglaser.com\/wp-content\/uploads\/2024\/10\/3d-laser-marker-2-1.jpg 205w, https:\/\/bogonglaser.com\/wp-content\/uploads\/2024\/10\/3d-laser-marker-2-1-8x12.jpg 8w\" sizes=\"(max-width: 205px) 100vw, 205px\" \/><figcaption id=\"caption-attachment-7428\" class=\"wp-caption-text\">Marqueur laser 3d<\/figcaption><\/figure>\n<figure id=\"attachment_7429\" aria-describedby=\"caption-attachment-7429\" style=\"width: 300px\" class=\"wp-caption alignnone\"><img decoding=\"async\" class=\"size-full wp-image-7429\" src=\"https:\/\/bogonglaser.com\/wp-content\/uploads\/2024\/10\/3d-laser-marker-3.jpg\" alt=\"Marqueur laser 3d\" width=\"300\" height=\"227\" title=\"\" srcset=\"https:\/\/bogonglaser.com\/wp-content\/uploads\/2024\/10\/3d-laser-marker-3.jpg 300w, https:\/\/bogonglaser.com\/wp-content\/uploads\/2024\/10\/3d-laser-marker-3-16x12.jpg 16w\" sizes=\"(max-width: 300px) 100vw, 300px\" \/><figcaption id=\"caption-attachment-7429\" class=\"wp-caption-text\">Marqueur laser 3d<\/figcaption><\/figure>\n<h2>Que pouvons-nous faire pour vous en choisissant 3D Laser Engraver ?<\/h2>\n<ul>\n<li><span class=\"magic-19\"><b class=\"magic-19\"><span class=\"magic-18\">\u00c9chantillons gratuits -<\/span><\/b><span class=\"magic-20\" data-spm-anchor-id=\"a2700.details.0.i41.41d82402R4aegi\">Nous pouvons effectuer gratuitement des tests d'effet de marquage en fonction du mat\u00e9riau de votre produit.<\/span><\/span><\/li>\n<li><span class=\"magic-19\"><b class=\"magic-19\"><span class=\"magic-18\">Vid\u00e9o en direct<\/span><\/b><span class=\"magic-20\">Vous pouvez contacter nos conseillers commerciaux pour visionner le processus de production et le fonctionnement de la machine dans une vid\u00e9o en ligne.<\/span><\/span><\/li>\n<li><span class=\"magic-19\"><b class=\"magic-19\"><span class=\"magic-18\">Sur mesure \/OEM-<\/span><\/b><span class=\"magic-20\" data-spm-anchor-id=\"a2700.details.0.i40.41d82402R4aegi\">Machines personnalis\u00e9es sur demande\uff0cContactez-nous<\/span><\/span><\/li>\n<\/ul>\n<p>&nbsp;<\/p>\n<h3>Quelles sont les pi\u00e8ces \u00e0 choisir pour la machine de gravure laser 3D ?<\/h3>\n<ul>\n<li>Dispositif rotatif : il existe plusieurs dispositifs rotatifs avec diff\u00e9rents styles et diam\u00e8tres de serrage, comme 50D 65D 80D, 100D, etc. Si vous travaillez \u00e9galement dans le secteur de la bijouterie, choisissez 50D ou 65D.<\/li>\n<li>Support pour l'or et l'argent : il sert \u00e0 serrer la feuille de m\u00e9tal d'or et d'argent pour la d\u00e9coupe, car il y a beaucoup de chaleur lors du travail de d\u00e9coupe, et la feuille de m\u00e9tal se d\u00e9forme facilement. Convient \u00e0 la bijouterie.<\/li>\n<\/ul>\n<p>&nbsp;<\/p>\n<p>&nbsp;<\/p>\n<p>&nbsp;<\/p>\n<p>Conditions de paiement<\/p>\n<p>1. D\u00e9p\u00f4t et solde : Un d\u00e9p\u00f4t 30% T\/T est exig\u00e9 \u00e0 l'avance, le solde \u00e9tant d\u00fb avant l'exp\u00e9dition.<\/p>\n<p>2. Alibaba Trade Assurance : Les paiements peuvent \u00eatre effectu\u00e9s par l'interm\u00e9diaire d'Alibaba Trade Assurance.<\/p>\n<p>FAQ sur la machine \u00e0 graver les m\u00e9taux au laser \u00e0 fibre 3D<\/p>\n<p>Quel est l'emballage de la machine de marquage laser \u00e0 fibre 3D ?<br \/>\nNos machines sont emball\u00e9es en trois couches. La couche ext\u00e9rieure est constitu\u00e9e d'une caisse en bois, la couche interm\u00e9diaire comporte un rembourrage en mousse pour prot\u00e9ger contre les secousses, et la couche int\u00e9rieure comprend un sac en plastique \u00e9pais pour l'\u00e9tanch\u00e9it\u00e9.<\/p>\n<p>Le colis sera-t-il endommag\u00e9 pendant le transport ?<br \/>\nNous concevons m\u00e9ticuleusement nos emballages afin de tenir compte de tous les facteurs de dommages potentiels, et nos agents d'exp\u00e9dition ont l'exp\u00e9rience d'un transport s\u00fbr. Nous avons export\u00e9 avec succ\u00e8s vers 180 pays, vous pouvez donc \u00eatre assur\u00e9 que votre colis arrivera en excellent \u00e9tat.<\/p>\n<p>La plupart des clients choisissent le transport par UPS\/DHL express, il peut arriver \u00e0 destination sous 5-7 jours. Contactez BOGONG pour obtenir plus de d\u00e9tails sur la gravure laser des m\u00e9taux pour l'argent, le laiton, l'or et le cuivre.<\/p>","protected":false},"excerpt":{"rendered":"<h2>Machine de marquage 3D par laser \u00e0 fibre pour le relief et la texture du m\u00e9tal<\/h2>\n<p>Une machine de marquage laser \u00e0 fibre 3D utilise la technologie laser 3D pour cr\u00e9er des dessins ou des textes complexes sur des surfaces tridimensionnelles. Elle permet de graver en profondeur des textures et des reliefs sur des moules m\u00e9talliques. Une t\u00eate de balayage 3D peut ajuster un faisceau laser dans les trois dimensions : X, Y et Z. Elle adopte une combinaison d'extenseurs de faisceau et d'optiques de d\u00e9placement avant de diriger le faisceau \u00e0 travers une lentille pour cibler avec pr\u00e9cision le mat\u00e9riau.<\/p>\n<ul class=\"\\&quot;tips\\&quot;\">\n<li>350 Sets \/ Month Waiting for Sale In Stock<\/li>\n<li>2 ans de garantie limit\u00e9e pour l'ensemble de la machine<\/li>\n<li>3-5 jours pour la pr\u00e9paration de la machine laser, 3-7 jours pour le transport.<\/li>\n<li>En ligne (PayPal) et hors ligne (T\/T, cartes de d\u00e9bit et de cr\u00e9dit)<\/li>\n<\/ul>","protected":false},"featured_media":1660,"template":"","meta":{"_gspb_post_css":""},"product_brand":[],"product_cat":[97,93,96],"product_tag":[102],"class_list":{"0":"post-1668","1":"product","2":"type-product","3":"status-publish","4":"has-post-thumbnail","6":"product_cat-fiber-laser-marker","7":"product_cat-laser-engraving-machine","8":"product_cat-laser-marking-machine","9":"product_tag-laser-marking-machine","11":"first","12":"instock","13":"shipping-taxable","14":"product-type-simple"},"_links":{"self":[{"href":"https:\/\/bogonglaser.com\/fr\/wp-json\/wp\/v2\/product\/1668","targetHints":{"allow":["GET"]}}],"collection":[{"href":"https:\/\/bogonglaser.com\/fr\/wp-json\/wp\/v2\/product"}],"about":[{"href":"https:\/\/bogonglaser.com\/fr\/wp-json\/wp\/v2\/types\/product"}],"wp:featuredmedia":[{"embeddable":true,"href":"https:\/\/bogonglaser.com\/fr\/wp-json\/wp\/v2\/media\/1660"}],"wp:attachment":[{"href":"https:\/\/bogonglaser.com\/fr\/wp-json\/wp\/v2\/media?parent=1668"}],"wp:term":[{"taxonomy":"product_brand","embeddable":true,"href":"https:\/\/bogonglaser.com\/fr\/wp-json\/wp\/v2\/product_brand?post=1668"},{"taxonomy":"product_cat","embeddable":true,"href":"https:\/\/bogonglaser.com\/fr\/wp-json\/wp\/v2\/product_cat?post=1668"},{"taxonomy":"product_tag","embeddable":true,"href":"https:\/\/bogonglaser.com\/fr\/wp-json\/wp\/v2\/product_tag?post=1668"}],"curies":[{"name":"wp","href":"https:\/\/api.w.org\/{rel}","templated":true}]}}