{"id":1653,"date":"2024-10-29T13:11:44","date_gmt":"2024-10-29T05:11:44","guid":{"rendered":"https:\/\/bogonglaser.com\/?post_type=product&#038;p=1653"},"modified":"2025-12-10T17:06:49","modified_gmt":"2025-12-10T09:06:49","slug":"3d-fiber-laser-engraver-for-metal","status":"publish","type":"product","link":"https:\/\/bogonglaser.com\/fr\/3d-fiber-laser-engraver-for-metal\/","title":{"rendered":"Machine de gravure laser 3D avec grande surface de gravure"},"content":{"rendered":"<h2>Qu'est-ce qu'une machine de gravure laser 3D \u00e0 grande surface ?<\/h2>\n<p>3D <a href=\"https:\/\/bogonglaser.com\/fr\/laser-engraving-machine\/\">Machine \u00e0 graver au laser<\/a> avec laser \u00e0 fibre puls\u00e9, logiciel 3D lenmark3ds pour le design\/traitement de texte, si le design est de taille sup\u00e9rieure \u00e0 200*200mm, alors vous pouvez penser \u00e0 ce graveur laser 3D, la taille de gravure peut aller jusqu'\u00e0 800*800mm, il y a une lentille dynamique \u00e0 l'int\u00e9rieur de la t\u00eate du laser, les caract\u00e9ristiques principales sont les suivantes :<\/p>\n<ul>\n<li>Laser \u00e0 fibre puls\u00e9<\/li>\n<li>Peut r\u00e9aliser des travaux laser en relief sur le m\u00e9tal, ainsi que des gravures sur des surfaces planes de grandes dimensions 300*300mm - 800mm*800mm.<\/li>\n<li>Logiciel de gravure 3D pour le traitement d'images<\/li>\n<li>Axe R pour le marquage des bagues et des bracelets (en option)<\/li>\n<li>T\u00eate laser dynamique 3D F20<\/li>\n<li>Large choix d'options<\/li>\n<li>2 ans de garantie<\/li>\n<\/ul>\n<figure id=\"attachment_7434\" aria-describedby=\"caption-attachment-7434\" style=\"width: 300px\" class=\"wp-caption alignnone\"><img decoding=\"async\" class=\"size-medium wp-image-7434\" src=\"https:\/\/bogonglaser.com\/wp-content\/uploads\/2024\/10\/F20-3D-Laser-Engraver-1-300x225.jpg\" alt=\"F20 Graveur laser 3D\" width=\"300\" height=\"225\" title=\"\" srcset=\"https:\/\/bogonglaser.com\/wp-content\/uploads\/2024\/10\/F20-3D-Laser-Engraver-1-300x225.jpg 300w, https:\/\/bogonglaser.com\/wp-content\/uploads\/2024\/10\/F20-3D-Laser-Engraver-1-16x12.jpg 16w, https:\/\/bogonglaser.com\/wp-content\/uploads\/2024\/10\/F20-3D-Laser-Engraver-1.jpg 400w\" sizes=\"(max-width: 300px) 100vw, 300px\" \/><figcaption id=\"caption-attachment-7434\" class=\"wp-caption-text\">F20 Graveur laser 3D<\/figcaption><\/figure>\n<figure id=\"attachment_7433\" aria-describedby=\"caption-attachment-7433\" style=\"width: 300px\" class=\"wp-caption alignnone\"><img decoding=\"async\" class=\"size-medium wp-image-7433\" src=\"https:\/\/bogonglaser.com\/wp-content\/uploads\/2024\/10\/F20-3D-Laser-Marking-Machine-1-300x225.jpg\" alt=\"Machine de marquage laser 3D F20\" width=\"300\" height=\"225\" title=\"\" srcset=\"https:\/\/bogonglaser.com\/wp-content\/uploads\/2024\/10\/F20-3D-Laser-Marking-Machine-1-300x225.jpg 300w, https:\/\/bogonglaser.com\/wp-content\/uploads\/2024\/10\/F20-3D-Laser-Marking-Machine-1-16x12.jpg 16w, https:\/\/bogonglaser.com\/wp-content\/uploads\/2024\/10\/F20-3D-Laser-Marking-Machine-1.jpg 400w\" sizes=\"(max-width: 300px) 100vw, 300px\" \/><figcaption id=\"caption-attachment-7433\" class=\"wp-caption-text\">Machine de marquage laser 3D F20<\/figcaption><\/figure>\n<p><iframe title=\"Machine de marquage laser 3D \u00e0 fibre 600*600mm | Graveur laser 3D\" width=\"1290\" height=\"726\" src=\"https:\/\/www.youtube.com\/embed\/8Ecyoll4AF4?feature=oembed\" frameborder=\"0\" allow=\"accelerometer; autoplay; clipboard-write; encrypted-media; gyroscope; picture-in-picture; web-share\" referrerpolicy=\"strict-origin-when-cross-origin\" allowfullscreen><\/iframe><\/p>\n<p><iframe title=\"Machine de gravure laser \u00e0 miroir LED de grande taille | Machine de marquage laser \u00e0 fibre \u00e0 miroir intelligent\" width=\"1290\" height=\"726\" src=\"https:\/\/www.youtube.com\/embed\/-hwYXbbbwH0?feature=oembed\" frameborder=\"0\" allow=\"accelerometer; autoplay; clipboard-write; encrypted-media; gyroscope; picture-in-picture; web-share\" referrerpolicy=\"strict-origin-when-cross-origin\" allowfullscreen><\/iframe><\/p>\n<figure id=\"attachment_7432\" aria-describedby=\"caption-attachment-7432\" style=\"width: 178px\" class=\"wp-caption alignnone\"><img decoding=\"async\" class=\"size-medium wp-image-7432\" src=\"https:\/\/bogonglaser.com\/wp-content\/uploads\/2024\/10\/3d-laser-marking-machine-1-178x300.jpg\" alt=\"Machine de marquage laser 3D\" width=\"178\" height=\"300\" title=\"\" srcset=\"https:\/\/bogonglaser.com\/wp-content\/uploads\/2024\/10\/3d-laser-marking-machine-1-178x300.jpg 178w, https:\/\/bogonglaser.com\/wp-content\/uploads\/2024\/10\/3d-laser-marking-machine-1-7x12.jpg 7w, https:\/\/bogonglaser.com\/wp-content\/uploads\/2024\/10\/3d-laser-marking-machine-1.jpg 500w\" sizes=\"(max-width: 178px) 100vw, 178px\" \/><figcaption id=\"caption-attachment-7432\" class=\"wp-caption-text\">Machine de marquage laser 3D<\/figcaption><\/figure>\n<h2>Caract\u00e9ristiques de la machine de marquage laser 3D F20 avec une grande surface de gravure :<\/h2>\n<p>1. Applications<br \/>\nLa machine de marquage laser 3D F20 permet non seulement d'effectuer des travaux de relief en 3D sur le m\u00e9tal, mais aussi de r\u00e9aliser des marquages de grand format sur une surface plane.<\/p>\n<p>2. Excellente qualit\u00e9 de gravure<br \/>\n\u00c9quip\u00e9e d'un syst\u00e8me de marquage fin en 3D, Lenmark3D et Lenmark3DS, la machine excelle dans divers types de gravure, y compris la gravure en relief, la gravure en profondeur et la gravure concave\/convexe. Elle offre une grande pr\u00e9cision et des r\u00e9sultats visuellement attrayants. Cette machine prend en charge trois sources lumineuses : fibre, ultraviolet et CO2, ce qui permet de graver sur des mat\u00e9riaux m\u00e9talliques et non m\u00e9talliques.<\/p>\n<p><iframe title=\"Machine de gravure laser multifonction 3D F20 | Gravure \u00e0 plat sur grande surface et gravure en relief 3D\" width=\"1290\" height=\"726\" src=\"https:\/\/www.youtube.com\/embed\/7KuWZRpnRxI?feature=oembed\" frameborder=\"0\" allow=\"accelerometer; autoplay; clipboard-write; encrypted-media; gyroscope; picture-in-picture; web-share\" referrerpolicy=\"strict-origin-when-cross-origin\" allowfullscreen><\/iframe><\/p>\n<h3>Applications de la machine de gravure laser \u00e0 fibre 3D 3D-F20<\/h3>\n<ul>\n<li>Excavation en couches et gravure de bas-reliefs en 3D.<\/li>\n<li>Zone de marquage 300*300mm 400*400mm 500*500mm 600*600mm 800*800mm.<\/li>\n<li>Gravures sur des surfaces in\u00e9gales pr\u00e9sentant une irr\u00e9gularit\u00e9.<\/li>\n<li>Gravures sur bagues, bracelets, m\u00e9daillons et surfaces planes.<\/li>\n<li>Gravure de photographies, de noms, de dessins et de logos, y compris les marques commerciales.<\/li>\n<li>Gravures sur les cadrans de montres et les lunettes fabriqu\u00e9es dans n'importe quel mat\u00e9riau m\u00e9tallique.<\/li>\n<li>D\u00e9coupe manuelle de pi\u00e8ces individuelles ou solutions automatis\u00e9es pour la production de masse<\/li>\n<\/ul>\n<figure id=\"attachment_7435\" aria-describedby=\"caption-attachment-7435\" style=\"width: 300px\" class=\"wp-caption alignnone\"><img decoding=\"async\" class=\"size-medium wp-image-7435\" src=\"https:\/\/bogonglaser.com\/wp-content\/uploads\/2024\/10\/F20-3D-Laser-Engraver-2-300x143.jpg\" alt=\"F20 Graveur laser 3D\" width=\"300\" height=\"143\" title=\"\" srcset=\"https:\/\/bogonglaser.com\/wp-content\/uploads\/2024\/10\/F20-3D-Laser-Engraver-2-300x143.jpg 300w, https:\/\/bogonglaser.com\/wp-content\/uploads\/2024\/10\/F20-3D-Laser-Engraver-2-600x286.jpg 600w, https:\/\/bogonglaser.com\/wp-content\/uploads\/2024\/10\/F20-3D-Laser-Engraver-2-1024x488.jpg 1024w, https:\/\/bogonglaser.com\/wp-content\/uploads\/2024\/10\/F20-3D-Laser-Engraver-2-768x366.jpg 768w, https:\/\/bogonglaser.com\/wp-content\/uploads\/2024\/10\/F20-3D-Laser-Engraver-2-18x9.jpg 18w, https:\/\/bogonglaser.com\/wp-content\/uploads\/2024\/10\/F20-3D-Laser-Engraver-2.jpg 1251w\" sizes=\"(max-width: 300px) 100vw, 300px\" \/><figcaption id=\"caption-attachment-7435\" class=\"wp-caption-text\">F20 Graveur laser 3D<\/figcaption><\/figure>\n<figure id=\"attachment_7431\" aria-describedby=\"caption-attachment-7431\" style=\"width: 300px\" class=\"wp-caption alignnone\"><img decoding=\"async\" class=\"size-medium wp-image-7431\" src=\"https:\/\/bogonglaser.com\/wp-content\/uploads\/2024\/10\/3df20-marking-machine-factory-pictures-2-300x225.png\" alt=\"3df20 marking machine factory pictures\" width=\"300\" height=\"225\" title=\"\" srcset=\"https:\/\/bogonglaser.com\/wp-content\/uploads\/2024\/10\/3df20-marking-machine-factory-pictures-2-300x225.png 300w, https:\/\/bogonglaser.com\/wp-content\/uploads\/2024\/10\/3df20-marking-machine-factory-pictures-2-600x450.png 600w, https:\/\/bogonglaser.com\/wp-content\/uploads\/2024\/10\/3df20-marking-machine-factory-pictures-2-768x576.png 768w, https:\/\/bogonglaser.com\/wp-content\/uploads\/2024\/10\/3df20-marking-machine-factory-pictures-2-16x12.png 16w, https:\/\/bogonglaser.com\/wp-content\/uploads\/2024\/10\/3df20-marking-machine-factory-pictures-2.png 800w\" sizes=\"(max-width: 300px) 100vw, 300px\" \/><figcaption id=\"caption-attachment-7431\" class=\"wp-caption-text\">3df20 marking machine factory pictures<\/figcaption><\/figure>\n<h2>Comment fonctionne la gravure laser 3D ?<\/h2>\n<p>Un syst\u00e8me laser 3D ajuste automatiquement le spot laser pour minimiser la perte de qualit\u00e9 du spot sur les surfaces courbes et les contours 3D. Ces syst\u00e8mes sont id\u00e9aux pour traiter des formes complexes et peuvent graver efficacement une grande vari\u00e9t\u00e9 d'objets.<\/p>\n<p>En outre, ils sont capables de cr\u00e9er des gravures en relief en sculptant en profondeur des pi\u00e8ces de diff\u00e9rentes hauteurs, ce qui les rend parfaits pour des cadeaux personnalis\u00e9s ou des bijoux.<\/p>\n<h3>Comment choisir la bonne machine laser 3D<\/h3>\n<p>Le choix d'une machine de gravure laser 3D est important pour votre entreprise. Comment s'assurer que la machine r\u00e9pond \u00e0 vos besoins sp\u00e9cifiques ? Voici un guide qui vous aidera \u00e0 prendre une d\u00e9cision en connaissance de cause :<\/p>\n<ol>\n<li><strong>Compatibilit\u00e9 des mat\u00e9riaux<\/strong>: D\u00e9terminez les types de mat\u00e9riaux que vous envisagez de graver (m\u00e9tal, bois, acrylique, verre, etc.). Assurez-vous que la machine que vous choisissez peut traiter efficacement ces mat\u00e9riaux.<\/li>\n<li><strong>Type de laser<\/strong>: Les diff\u00e9rents types de laser (fibre, CO2, UV) ont des objectifs diff\u00e9rents.\n<ul>\n<li><strong>Lasers \u00e0 fibre<\/strong>\u00a0conviennent aux m\u00e9taux et sont connus pour leur grande pr\u00e9cision.<\/li>\n<li><strong>Lasers CO2<\/strong> Pour les mat\u00e9riaux non m\u00e9talliques, principalement utilis\u00e9s pour les travaux de d\u00e9coupe de grande taille, comme la d\u00e9coupe d'\u00e9tiquettes, etc.<\/li>\n<li><strong>Lasers UV<\/strong>\u00a0sont id\u00e9ales pour les gravures d\u00e9licates sur des mat\u00e9riaux tels que le verre et le plastique.<\/li>\n<\/ul>\n<\/li>\n<li><strong>Profondeur et d\u00e9tails de la gravure<\/strong>: Tenez compte de la profondeur de gravure requise. Certains clients veulent graver des dessins 3D de plus de 200*200mm, ils veulent utiliser ce laser pour remplacer leur routeur CNC, mais assurez-vous que la machine laser 3D convient \u00e0 la gravure de pr\u00e9cision de petits dessins en relief comme 40*40mm, 50*50mm, 60*60mm, etc.<\/li>\n<li><strong>Taille de la zone de travail<\/strong>: \u00c9valuez la taille de la zone de gravure en fonction des projets que vous envisagez d'entreprendre. Assurez-vous que la machine dispose d'une zone de travail ad\u00e9quate pour vos objets les plus volumineux. Machine laser 3D BOGONG F10 avec une taille de gravure de 200*200mm, l'axe Z peut aller jusqu'\u00e0 80mm.<\/li>\n<li><strong>Facilit\u00e9 d'utilisation<\/strong>: Recherchez des machines dot\u00e9es d'un logiciel convivial qui facilite la conception et l'utilisation. Lenmark 3DS et Ezcad3 sont recommand\u00e9s pour les travaux de gravure en relief en 3D.<\/li>\n<li><strong>Assistance \u00e0 la client\u00e8le et garantie<\/strong>: Renseignez-vous sur les options d'assistance et la garantie offertes par le fabricant. Un service client\u00e8le fiable peut s'av\u00e9rer crucial pour le d\u00e9pannage et l'entretien.<\/li>\n<li><strong>Budget<\/strong>: Fixez un budget et comparez diff\u00e9rents mod\u00e8les dans cette fourchette. Tenez compte des co\u00fbts \u00e0 long terme li\u00e9s \u00e0 l'entretien et aux accessoires. Si le budget est suffisant, choisissez un laser MOPA qui conviendra pour les travaux de d\u00e9tail, car le laser MOPA peut contr\u00f4ler la largeur et la fr\u00e9quence des impulsions afin d'obtenir un fond lisse.<\/li>\n<\/ol>\n<p>&nbsp;<\/p>\n<h2>Que pouvons-nous faire pour vous en choisissant 3D Laser Engraver ?<\/h2>\n<ul>\n<li><span class=\"magic-19\"><b class=\"magic-19\"><span class=\"magic-18\">\u00c9chantillons gratuits -<\/span><\/b><span class=\"magic-20\" data-spm-anchor-id=\"a2700.details.0.i41.41d82402R4aegi\">Nous pouvons effectuer gratuitement des tests d'effet de marquage en fonction du mat\u00e9riau de votre produit.<\/span><\/span><\/li>\n<li><span class=\"magic-19\"><b class=\"magic-19\"><span class=\"magic-18\">Vid\u00e9o en direct<\/span><\/b><span class=\"magic-20\">Vous pouvez contacter nos conseillers commerciaux pour visionner le processus de production et le fonctionnement de la machine dans une vid\u00e9o en ligne.<\/span><\/span><\/li>\n<li><span class=\"magic-19\"><b class=\"magic-19\"><span class=\"magic-18\">Sur mesure \/OEM-<\/span><\/b><span class=\"magic-20\" data-spm-anchor-id=\"a2700.details.0.i40.41d82402R4aegi\">Machines personnalis\u00e9es sur demande\uff0cContactez-nous<\/span><\/span><\/li>\n<\/ul>\n<p><iframe title=\"Machine de gravure laser 2D 3D \u00e0 grande surface de travail 900*600mm 1000*1000mm 1500*1000mm 600*600MM\" width=\"1290\" height=\"726\" src=\"https:\/\/www.youtube.com\/embed\/kHkhAKh91mU?feature=oembed\" frameborder=\"0\" allow=\"accelerometer; autoplay; clipboard-write; encrypted-media; gyroscope; picture-in-picture; web-share\" referrerpolicy=\"strict-origin-when-cross-origin\" allowfullscreen><\/iframe><\/p>\n<h3>Quelles sont les pi\u00e8ces \u00e0 choisir pour la machine de gravure laser 3D ?<\/h3>\n<ul>\n<li>Dispositif rotatif : il existe plusieurs dispositifs rotatifs avec diff\u00e9rents styles et diam\u00e8tres de serrage, comme 50D 65D 80D, 100D, etc. Si vous travaillez \u00e9galement dans le secteur de la bijouterie, choisissez 50D ou 65D.<\/li>\n<li>Support pour l'or et l'argent : il sert \u00e0 serrer la feuille de m\u00e9tal d'or et d'argent pour la d\u00e9coupe, car il y a beaucoup de chaleur lors du travail de d\u00e9coupe, et la feuille de m\u00e9tal se d\u00e9forme facilement. Convient \u00e0 la bijouterie.<\/li>\n<li>\n<figure id=\"attachment_7430\" aria-describedby=\"caption-attachment-7430\" style=\"width: 300px\" class=\"wp-caption alignnone\"><img decoding=\"async\" class=\"size-medium wp-image-7430\" src=\"https:\/\/bogonglaser.com\/wp-content\/uploads\/2024\/10\/gold-silver-holder-and-rotary-1-300x225.png\" alt=\"porte-argent en or et rotatif\" width=\"300\" height=\"225\" title=\"\" srcset=\"https:\/\/bogonglaser.com\/wp-content\/uploads\/2024\/10\/gold-silver-holder-and-rotary-1-300x225.png 300w, https:\/\/bogonglaser.com\/wp-content\/uploads\/2024\/10\/gold-silver-holder-and-rotary-1-16x12.png 16w, https:\/\/bogonglaser.com\/wp-content\/uploads\/2024\/10\/gold-silver-holder-and-rotary-1.png 400w\" sizes=\"(max-width: 300px) 100vw, 300px\" \/><figcaption id=\"caption-attachment-7430\" class=\"wp-caption-text\">porte-argent en or et rotatif<\/figcaption><\/figure>\n<p><iframe title=\"IL AIME BOGONG 3D LASER ENGRAVING MACHINE | BEST CHINA 3D LASER ENGRAVING MACHINE FOR SALE\" width=\"1290\" height=\"726\" src=\"https:\/\/www.youtube.com\/embed\/aoAF09vq8LE?feature=oembed\" frameborder=\"0\" allow=\"accelerometer; autoplay; clipboard-write; encrypted-media; gyroscope; picture-in-picture; web-share\" referrerpolicy=\"strict-origin-when-cross-origin\" allowfullscreen><\/iframe><\/p>\n<p><iframe title=\"Que pensez-vous du graveur laser 3D BOGONG ? | Un client indien a visit\u00e9 BOGONG et a achet\u00e9 un graveur laser 3D.\" width=\"1290\" height=\"726\" src=\"https:\/\/www.youtube.com\/embed\/bq8eli66vTM?feature=oembed\" frameborder=\"0\" allow=\"accelerometer; autoplay; clipboard-write; encrypted-media; gyroscope; picture-in-picture; web-share\" referrerpolicy=\"strict-origin-when-cross-origin\" allowfullscreen><\/iframe><\/li>\n<\/ul>\n<p>Conditions de paiement<\/p>\n<p>1. D\u00e9p\u00f4t et solde : Un d\u00e9p\u00f4t 30% T\/T est exig\u00e9 \u00e0 l'avance, le solde \u00e9tant d\u00fb avant l'exp\u00e9dition.<\/p>\n<p>2. Alibaba Trade Assurance : Les paiements peuvent \u00eatre effectu\u00e9s par l'interm\u00e9diaire d'Alibaba Trade Assurance.<\/p>\n<p>FAQ pour la machine de marquage laser 3D de grande taille<\/p>\n<p>Quel est l'emballage de la machine de marquage laser \u00e0 fibre 3D ?<br \/>\nNos machines sont emball\u00e9es en trois couches. La couche ext\u00e9rieure est constitu\u00e9e d'une caisse en bois, la couche interm\u00e9diaire comporte un rembourrage en mousse pour prot\u00e9ger contre les secousses, et la couche int\u00e9rieure comprend un sac en plastique \u00e9pais pour l'\u00e9tanch\u00e9it\u00e9.<\/p>\n<p>Le colis sera-t-il endommag\u00e9 pendant le transport ?<br \/>\nNous concevons m\u00e9ticuleusement nos emballages afin de tenir compte de tous les facteurs de dommages potentiels, et nos agents d'exp\u00e9dition ont l'exp\u00e9rience d'un transport s\u00fbr. Nous avons export\u00e9 avec succ\u00e8s vers 180 pays, vous pouvez donc \u00eatre assur\u00e9 que votre colis arrivera en excellent \u00e9tat.<\/p>\n<figure id=\"attachment_7436\" aria-describedby=\"caption-attachment-7436\" style=\"width: 300px\" class=\"wp-caption alignnone\"><img decoding=\"async\" class=\"size-medium wp-image-7436\" src=\"https:\/\/bogonglaser.com\/wp-content\/uploads\/2024\/10\/3df20-marking-machine-factory-pictures-300x225.png\" alt=\"3df20 marking machine factory pictures\" width=\"300\" height=\"225\" title=\"\" srcset=\"https:\/\/bogonglaser.com\/wp-content\/uploads\/2024\/10\/3df20-marking-machine-factory-pictures-300x225.png 300w, https:\/\/bogonglaser.com\/wp-content\/uploads\/2024\/10\/3df20-marking-machine-factory-pictures-600x450.png 600w, https:\/\/bogonglaser.com\/wp-content\/uploads\/2024\/10\/3df20-marking-machine-factory-pictures-768x576.png 768w, https:\/\/bogonglaser.com\/wp-content\/uploads\/2024\/10\/3df20-marking-machine-factory-pictures-16x12.png 16w, https:\/\/bogonglaser.com\/wp-content\/uploads\/2024\/10\/3df20-marking-machine-factory-pictures.png 800w\" sizes=\"(max-width: 300px) 100vw, 300px\" \/><figcaption id=\"caption-attachment-7436\" class=\"wp-caption-text\">3df20 marking machine factory pictures<\/figcaption><\/figure>\n<p>La plupart des clients choisissent le transport par UPS\/DHL express, il peut arriver \u00e0 destination sous 5-7 jours. Contactez BOGONG pour obtenir plus de d\u00e9tails sur la gravure laser des m\u00e9taux pour l'argent, le laiton, l'or et le cuivre.<\/p>","protected":false},"excerpt":{"rendered":"<h2>Machine de marquage laser 3D \u00e0 fibre avec grande surface de gravure<\/h2>\n<p>La machine de marquage 3D par laser \u00e0 fibre permet de r\u00e9aliser des reliefs 3D sur le m\u00e9tal. Si vous souhaitez graver de grandes surfaces comme 300*300mm 600*600mm, choisissez la machine de gravure laser 3D BOGONG F20.<\/p>\n<ul class=\"tips\">\n<li>100 Sets \/ Month Waiting for Sale In Stock<\/li>\n<li>2 ans de garantie limit\u00e9e pour l'ensemble de la machine<\/li>\n<li>5 jours pour la pr\u00e9paration de la machine laser, 3-7 jours pour le transport.<\/li>\n<li>En ligne (PayPal) et hors ligne (T\/T, cartes de d\u00e9bit et de cr\u00e9dit)<\/li>\n<\/ul>","protected":false},"featured_media":1732,"template":"","meta":{"_gspb_post_css":""},"product_brand":[],"product_cat":[97,93,96],"product_tag":[102],"class_list":{"0":"post-1653","1":"product","2":"type-product","3":"status-publish","4":"has-post-thumbnail","6":"product_cat-fiber-laser-marker","7":"product_cat-laser-engraving-machine","8":"product_cat-laser-marking-machine","9":"product_tag-laser-marking-machine","11":"first","12":"instock","13":"shipping-taxable","14":"product-type-simple"},"_links":{"self":[{"href":"https:\/\/bogonglaser.com\/fr\/wp-json\/wp\/v2\/product\/1653","targetHints":{"allow":["GET"]}}],"collection":[{"href":"https:\/\/bogonglaser.com\/fr\/wp-json\/wp\/v2\/product"}],"about":[{"href":"https:\/\/bogonglaser.com\/fr\/wp-json\/wp\/v2\/types\/product"}],"wp:featuredmedia":[{"embeddable":true,"href":"https:\/\/bogonglaser.com\/fr\/wp-json\/wp\/v2\/media\/1732"}],"wp:attachment":[{"href":"https:\/\/bogonglaser.com\/fr\/wp-json\/wp\/v2\/media?parent=1653"}],"wp:term":[{"taxonomy":"product_brand","embeddable":true,"href":"https:\/\/bogonglaser.com\/fr\/wp-json\/wp\/v2\/product_brand?post=1653"},{"taxonomy":"product_cat","embeddable":true,"href":"https:\/\/bogonglaser.com\/fr\/wp-json\/wp\/v2\/product_cat?post=1653"},{"taxonomy":"product_tag","embeddable":true,"href":"https:\/\/bogonglaser.com\/fr\/wp-json\/wp\/v2\/product_tag?post=1653"}],"curies":[{"name":"wp","href":"https:\/\/api.w.org\/{rel}","templated":true}]}}