{"id":1640,"date":"2024-10-28T16:03:42","date_gmt":"2024-10-28T08:03:42","guid":{"rendered":"https:\/\/bogonglaser.com\/?post_type=product&#038;p=1640"},"modified":"2025-12-10T17:25:15","modified_gmt":"2025-12-10T09:25:15","slug":"fiber-laser-engraving-cutting-machine-for-metal-jewelry","status":"publish","type":"product","link":"https:\/\/bogonglaser.com\/fr\/fiber-laser-engraving-cutting-machine-for-metal-jewelry\/","title":{"rendered":"Machine de gravure laser \u00e0 fibre pour bijoux en m\u00e9tal"},"content":{"rendered":"<h2>Qu'est-ce qu'une machine \u00e0 graver les m\u00e9taux au laser pour les bijoux en argent, en or et en cuivre ?<\/h2>\n<p>Une machine de gravure et de d\u00e9coupe de bijoux m\u00e9talliques au laser est un syst\u00e8me laser CNC qui utilise une source laser \u00e0 fibre pour graver et d\u00e9couper divers types de bijoux, notamment des bagues, des pendentifs, des boucles d'oreilles, des bracelets, des colliers, des boutons de manchette, des broches et d'autres ornements personnels. Il peut travailler sur de nombreux mat\u00e9riaux tels que l'acier inoxydable, l'acier alli\u00e9, l'argent, le cuivre, le laiton, le titane, l'aluminium anodis\u00e9, l'aluminium, le chrome, les plaquettes de silicium et l'or.<\/p>\n<p>Le meilleur appareil de gravure laser avec une puissance laser de 50-100W, permettant une gravure profonde et une d\u00e9coupe pr\u00e9cise de signes, de motifs, de logos, de lettres, de chiffres et d'images sur des surfaces m\u00e9talliques. Ce graveur laser polyvalent est id\u00e9al pour cr\u00e9er des bijoux personnalis\u00e9s, des objets artisanaux en m\u00e9tal, des \u0153uvres d'art en m\u00e9tal, des composants en m\u00e9tal, des cadeaux en m\u00e9tal, des pi\u00e8ces \u00e9lectroniques, du mat\u00e9riel, des instruments, des gravures sur des aliments et des boissons, des conceptions de clavier, des \u00e9tuis de t\u00e9l\u00e9phone portable et des emballages.<\/p>\n<figure id=\"attachment_7459\" aria-describedby=\"caption-attachment-7459\" style=\"width: 300px\" class=\"wp-caption alignnone\"><img decoding=\"async\" class=\"size-medium wp-image-7459\" src=\"https:\/\/bogonglaser.com\/wp-content\/uploads\/2024\/10\/mini-laser-machine-1-1-300x169.jpg\" alt=\"mini machine laser \" width=\"300\" height=\"169\" title=\"\" srcset=\"https:\/\/bogonglaser.com\/wp-content\/uploads\/2024\/10\/mini-laser-machine-1-1-300x169.jpg 300w, https:\/\/bogonglaser.com\/wp-content\/uploads\/2024\/10\/mini-laser-machine-1-1-600x338.jpg 600w, https:\/\/bogonglaser.com\/wp-content\/uploads\/2024\/10\/mini-laser-machine-1-1-768x432.jpg 768w, https:\/\/bogonglaser.com\/wp-content\/uploads\/2024\/10\/mini-laser-machine-1-1-18x10.jpg 18w, https:\/\/bogonglaser.com\/wp-content\/uploads\/2024\/10\/mini-laser-machine-1-1.jpg 800w\" sizes=\"(max-width: 300px) 100vw, 300px\" \/><figcaption id=\"caption-attachment-7459\" class=\"wp-caption-text\">mini machine laser<\/figcaption><\/figure>\n<p>Caract\u00e9ristiques de la machine \u00e0 graver les m\u00e9taux au laser pour les bijoux en argent, en or et en cuivre<\/p>\n<p>1. Faisceau laser de haute qualit\u00e9 : gr\u00e2ce \u00e0 une conversion photo\u00e9lectrique sup\u00e9rieure, ce graveur offre une qualit\u00e9 et une pr\u00e9cision de gravure exceptionnelles.<\/p>\n<p>2. Peu d'entretien : Con\u00e7ue pour \u00eatre pratique et s\u00fbre, la dur\u00e9e de vie de la source laser peut atteindre 100 000 heures.<\/p>\n<p>3. Marques durables : Cr\u00e9e des marquages permanents de haute qualit\u00e9 qui sont \u00e0 la fois fiables et durables.<\/p>\n<p>4. Pr\u00e9cision constante : Capable d'une grande r\u00e9p\u00e9tabilit\u00e9 et de vitesses de gravure rapides pour une production efficace.<\/p>\n<p>5. Convivialit\u00e9 : cette machine \u00e0 graver les m\u00e9taux au laser est facile \u00e0 utiliser, m\u00eame pour ceux qui n'ont pas d'exp\u00e9rience pr\u00e9alable.<\/p>\n<p>6. Marquage sans contact : Le processus de gravure sans contact \u00e9vite les tensions sur les mat\u00e9riaux et garantit l'int\u00e9grit\u00e9 de vos articles.<\/p>\n<p>7. Logiciel polyvalent : La machine comprend un logiciel de gravure multifonctionnel compatible avec la plate-forme WINDOWS et dot\u00e9 d'une interface en anglais. Il fonctionne en toute transparence avec diverses applications, notamment CorelDRAW, AutoCAD et Photoshop, et prend en charge des formats de fichiers tels que les polices PCX, DXF, PLT, BMP, SHX et TTF.<\/p>\n<p><iframe title=\"Machine \u00e0 graver au laser pour le m\u00e9tal | Machine de marquage au laser BOGONG \u00e0 vendre\" width=\"1290\" height=\"726\" src=\"https:\/\/www.youtube.com\/embed\/2a9qdSpo948?feature=oembed\" frameborder=\"0\" allow=\"accelerometer; autoplay; clipboard-write; encrypted-media; gyroscope; picture-in-picture; web-share\" referrerpolicy=\"strict-origin-when-cross-origin\" allowfullscreen><\/iframe><\/p>\n<h3>Applications de la machine \u00e0 graver les m\u00e9taux par laser \u00e0 fibre pour les bijoux en argent, en or et en cuivre<\/h3>\n<p>Industries concern\u00e9es :<\/p>\n<p>La machine \u00e0 graver les m\u00e9taux \u00e0 fibre laser peut fabriquer des objets d'art en m\u00e9tal, des objets d'artisanat en m\u00e9tal, des cadeaux en m\u00e9tal, des cartes de cr\u00e9dit en m\u00e9tal, des pi\u00e8ces en m\u00e9tal, des composants \u00e9lectroniques, des instruments et des compteurs, du mat\u00e9riel, des aliments et des boissons, des bijoux, des claviers, des emballages et des \u00e9tuis de t\u00e9l\u00e9phone portable.<\/p>\n<p>Mat\u00e9riaux applicables :<\/p>\n<p>Ce graveur de m\u00e9taux \u00e0 fibre laser est principalement con\u00e7u pour les m\u00e9taux et les alliages, tels que l'aluminium, l'acier, le cuivre, l'argent, l'or, le chrome, l'acier inoxydable, l'aluminium anodis\u00e9 et les plaquettes de silicium.<\/p>\n<p><iframe title=\"Qu&#039;est-ce que le laser et ses principes ? | JPT MOPA Laser Source\" width=\"1290\" height=\"726\" src=\"https:\/\/www.youtube.com\/embed\/_gj7K4OJcks?feature=oembed\" frameborder=\"0\" allow=\"accelerometer; autoplay; clipboard-write; encrypted-media; gyroscope; picture-in-picture; web-share\" referrerpolicy=\"strict-origin-when-cross-origin\" allowfullscreen><\/iframe><\/p>\n<p>Qu'est-ce que la source laser \u00e0 fibre ?<\/p>\n<p>La source laser \u00e0 fibre est la partie la plus importante \u00e0 l'int\u00e9rieur d'un dispositif laser, c'est le composant d'o\u00f9 sort le laser. Une source laser \u00e0 fibre est un type de laser qui utilise un c\u00e2ble \u00e0 fibre optique comme support de gain. Dans cette technologie, la fibre est dop\u00e9e avec des \u00e9l\u00e9ments de terres rares, tels que l'ytterbium, l'erbium ou le n\u00e9odyme, qui am\u00e9liorent la capacit\u00e9 de la fibre \u00e0 g\u00e9n\u00e9rer de la lumi\u00e8re laser.<\/p>\n<p>Comment installer et utiliser la machine \u00e0 graver au laser \u00e0 fibres optiques ?<br \/>\nnous fournissons des vid\u00e9os de formation d\u00e9taill\u00e9es et un manuel d'utilisation avec la machine. Environ 95% de nos clients sont en mesure d'apprendre \u00e0 l'utiliser de mani\u00e8re autonome.<\/p>\n<p>Que dois-je faire si le<a href=\"https:\/\/bogonglaser.com\/fr\/laser-engraving-machine\/\"> Machine de gravure par laser \u00e0 fibre<\/a> Dysfonctionnements ?<br \/>\nSi vous rencontrez un probl\u00e8me, veuillez nous contacter imm\u00e9diatement et ne pas tenter de r\u00e9parer vous-m\u00eame. Nous nous efforcerons de r\u00e9soudre le probl\u00e8me le plus rapidement possible.<\/p>\n<p><iframe title=\"Machine de gravure au laser pour bijoux en or et en argent Prix | Syst\u00e8me de fabrication de colliers au laser\" width=\"1290\" height=\"726\" src=\"https:\/\/www.youtube.com\/embed\/8Y2bktvX_A8?feature=oembed\" frameborder=\"0\" allow=\"accelerometer; autoplay; clipboard-write; encrypted-media; gyroscope; picture-in-picture; web-share\" referrerpolicy=\"strict-origin-when-cross-origin\" allowfullscreen><\/iframe><\/p>\n<h3>Comment choisir la bonne machine de gravure laser pour bijoux ?<\/h3>\n<p>Lorsque vous choisissez une machine pour votre gravure sur or, argent, laiton ou autre m\u00e9tal, il est important de prendre en compte la puissance du laser dont vous avez besoin, la source et la t\u00eate du laser, ainsi que le mat\u00e9riau avec lequel vous travaillerez et la taille de la marque.<\/p>\n<p>D\u00e9cortiquons chaque facteur et comprenons son importance...<\/p>\n<p><strong>Puissance<\/strong><br \/>\nUne puissance plus \u00e9lev\u00e9e signifie que la source laser a une \u00e9nergie plus intense, ce qui peut conduire \u00e0 la d\u00e9coupe et \u00e0 des gravures profondes. Il y a 50W 60W 80W 100W 200W 300W, pour la bijouterie, 50W sera la puissance minimale si le budget est limit\u00e9, si vous voulez une machine puissante, choisissez un laser 60W ou 100W. Vous pouvez voir ce que vous pouvez faire avec une machine laser 50W sur le lien vid\u00e9o ci-dessous, 60W 100W peut faire tout le travail laser que 50W fait, vous pouvez penser que 60W 100W est un faisceau laser plus puissant.<\/p>\n<p><strong>Temps de coupe<\/strong><br \/>\nLa d\u00e9coupe et la gravure profonde prennent plus de temps. Le laser doit diriger l'\u00e9nergie vers la cible pendant plus longtemps pour vaporiser plus profond\u00e9ment dans le mat\u00e9riau. C'est comme scier un morceau de bois : plus vous coupez longtemps, plus vous pouvez aller en profondeur.<\/p>\n<p><iframe title=\"Que peut faire une machine \u00e0 graver au laser de 50W ? | Machine de marquage laser \u00e0 fibre Raycus de 50 watts \u00e0 vendre\" width=\"1290\" height=\"968\" src=\"https:\/\/www.youtube.com\/embed\/1DLnYH3dJXQ?feature=oembed\" frameborder=\"0\" allow=\"accelerometer; autoplay; clipboard-write; encrypted-media; gyroscope; picture-in-picture; web-share\" referrerpolicy=\"strict-origin-when-cross-origin\" allowfullscreen><\/iframe><\/p>\n<p><iframe title=\"60W MOPA Machine \u00e0 graver au laser pour collier \u00e0 pendentif de nom | 1.5mm M\u00e9tal Or Argent Laiton\" width=\"1290\" height=\"726\" src=\"https:\/\/www.youtube.com\/embed\/WlkmcSoll90?feature=oembed\" frameborder=\"0\" allow=\"accelerometer; autoplay; clipboard-write; encrypted-media; gyroscope; picture-in-picture; web-share\" referrerpolicy=\"strict-origin-when-cross-origin\" allowfullscreen><\/iframe><\/p>\n<h2>Que pouvons-nous faire pour vous ?<\/h2>\n<ul>\n<li><span class=\"magic-19\"><b class=\"magic-19\"><span class=\"magic-18\">\u00c9chantillons gratuits -<\/span><\/b><span class=\"magic-20\" data-spm-anchor-id=\"a2700.details.0.i41.41d82402R4aegi\">Nous pouvons effectuer gratuitement des tests d'effet de marquage en fonction du mat\u00e9riau de votre produit.<\/span><\/span><\/li>\n<li><span class=\"magic-19\"><b class=\"magic-19\"><span class=\"magic-18\">Vid\u00e9o en direct<\/span><\/b><span class=\"magic-20\">Vous pouvez contacter nos conseillers commerciaux pour visionner le processus de production et le fonctionnement de la machine dans une vid\u00e9o en ligne.<\/span><\/span><\/li>\n<li><span class=\"magic-19\"><b class=\"magic-19\"><span class=\"magic-18\">Sur mesure \/OEM-<\/span><\/b><span class=\"magic-20\" data-spm-anchor-id=\"a2700.details.0.i40.41d82402R4aegi\">Machines personnalis\u00e9es sur demande\uff0cContactez-nous<\/span><\/span><\/li>\n<\/ul>\n<p>&nbsp;<\/p>\n<h3>Quelles sont les pi\u00e8ces \u00e0 choisir pour la machine de gravure laser pour bijoux ?<\/h3>\n<ul>\n<li>Dispositif rotatif : il existe plusieurs dispositifs rotatifs avec des styles et des diam\u00e8tres de pinces diff\u00e9rents, comme 50D 65D 80D.<\/li>\n<li>Support pour l'or et l'argent : il sert \u00e0 serrer la t\u00f4le d'or et d'argent lors de la d\u00e9coupe, car la chaleur est importante lors du travail de d\u00e9coupe, et la t\u00f4le se d\u00e9forme facilement.<\/li>\n<li>\n<p><figure id=\"attachment_7430\" aria-describedby=\"caption-attachment-7430\" style=\"width: 300px\" class=\"wp-caption alignnone\"><img decoding=\"async\" class=\"size-medium wp-image-7430\" src=\"https:\/\/bogonglaser.com\/wp-content\/uploads\/2024\/10\/gold-silver-holder-and-rotary-1-300x225.png\" alt=\"porte-argent en or et rotatif\" width=\"300\" height=\"225\" title=\"\" srcset=\"https:\/\/bogonglaser.com\/wp-content\/uploads\/2024\/10\/gold-silver-holder-and-rotary-1-300x225.png 300w, https:\/\/bogonglaser.com\/wp-content\/uploads\/2024\/10\/gold-silver-holder-and-rotary-1-16x12.png 16w, https:\/\/bogonglaser.com\/wp-content\/uploads\/2024\/10\/gold-silver-holder-and-rotary-1.png 400w\" sizes=\"(max-width: 300px) 100vw, 300px\" \/><figcaption id=\"caption-attachment-7430\" class=\"wp-caption-text\">porte-argent en or et rotatif<\/figcaption><\/figure><\/li>\n<\/ul>\n<p>Conditions de paiement pour la machine \u00e0 graver les m\u00e9taux au laser \u00e0 fibres optiques<\/p>\n<p>1. D\u00e9p\u00f4t et solde : Un d\u00e9p\u00f4t 30% T\/T est exig\u00e9 \u00e0 l'avance, le solde \u00e9tant d\u00fb avant l'exp\u00e9dition.<\/p>\n<p>2. Alibaba Trade Assurance : Les paiements peuvent \u00eatre effectu\u00e9s par l'interm\u00e9diaire d'Alibaba Trade Assurance.<\/p>\n<p>FAQ sur la machine \u00e0 graver les m\u00e9taux au laser \u00e0 fibres optiques<\/p>\n<p>Quel est l'emballage de la machine de marquage par laser \u00e0 fibre ?<br \/>\nNos machines sont emball\u00e9es en trois couches. La couche ext\u00e9rieure est constitu\u00e9e d'une caisse en bois, la couche interm\u00e9diaire comporte un rembourrage en mousse pour prot\u00e9ger contre les secousses, et la couche int\u00e9rieure comprend un sac en plastique \u00e9pais pour l'\u00e9tanch\u00e9it\u00e9.<\/p>\n<p>Le colis sera-t-il endommag\u00e9 pendant le transport ?<br \/>\nNous concevons m\u00e9ticuleusement nos emballages afin de tenir compte de tous les facteurs de dommages potentiels, et nos agents d'exp\u00e9dition ont l'exp\u00e9rience d'un transport s\u00fbr. Nous avons export\u00e9 avec succ\u00e8s vers 180 pays, vous pouvez donc \u00eatre assur\u00e9 que votre colis arrivera en excellent \u00e9tat.<\/p>\n<figure id=\"attachment_7458\" aria-describedby=\"caption-attachment-7458\" style=\"width: 300px\" class=\"wp-caption alignnone\"><img decoding=\"async\" class=\"size-medium wp-image-7458\" src=\"https:\/\/bogonglaser.com\/wp-content\/uploads\/2024\/10\/bogong-new-design-1-300x225.png\" alt=\"bogong new design\" width=\"300\" height=\"225\" title=\"\" srcset=\"https:\/\/bogonglaser.com\/wp-content\/uploads\/2024\/10\/bogong-new-design-1-300x225.png 300w, https:\/\/bogonglaser.com\/wp-content\/uploads\/2024\/10\/bogong-new-design-1-600x450.png 600w, https:\/\/bogonglaser.com\/wp-content\/uploads\/2024\/10\/bogong-new-design-1-768x576.png 768w, https:\/\/bogonglaser.com\/wp-content\/uploads\/2024\/10\/bogong-new-design-1-16x12.png 16w, https:\/\/bogonglaser.com\/wp-content\/uploads\/2024\/10\/bogong-new-design-1.png 800w\" sizes=\"(max-width: 300px) 100vw, 300px\" \/><figcaption id=\"caption-attachment-7458\" class=\"wp-caption-text\">bogong new design<\/figcaption><\/figure>\n<figure id=\"attachment_7457\" aria-describedby=\"caption-attachment-7457\" style=\"width: 300px\" class=\"wp-caption alignnone\"><img decoding=\"async\" class=\"size-medium wp-image-7457\" src=\"https:\/\/bogonglaser.com\/wp-content\/uploads\/2024\/10\/mini-laser-machine-2-1-300x300.jpg\" alt=\"mini machine laser \" width=\"300\" height=\"300\" title=\"\" srcset=\"https:\/\/bogonglaser.com\/wp-content\/uploads\/2024\/10\/mini-laser-machine-2-1-300x300.jpg 300w, https:\/\/bogonglaser.com\/wp-content\/uploads\/2024\/10\/mini-laser-machine-2-1-100x100.jpg 100w, https:\/\/bogonglaser.com\/wp-content\/uploads\/2024\/10\/mini-laser-machine-2-1-600x600.jpg 600w, https:\/\/bogonglaser.com\/wp-content\/uploads\/2024\/10\/mini-laser-machine-2-1-150x150.jpg 150w, https:\/\/bogonglaser.com\/wp-content\/uploads\/2024\/10\/mini-laser-machine-2-1-768x768.jpg 768w, https:\/\/bogonglaser.com\/wp-content\/uploads\/2024\/10\/mini-laser-machine-2-1-12x12.jpg 12w, https:\/\/bogonglaser.com\/wp-content\/uploads\/2024\/10\/mini-laser-machine-2-1.jpg 1000w\" sizes=\"(max-width: 300px) 100vw, 300px\" \/><figcaption id=\"caption-attachment-7457\" class=\"wp-caption-text\">mini machine laser<\/figcaption><\/figure>\n<p><iframe title=\"Il a achet\u00e9 une machine \u00e0 graver au laser BOGONG pour bijoux, qu&#039;a-t-il fait\uff1f Comment fonctionne la machine \u00e0 laser ?\" width=\"1290\" height=\"726\" src=\"https:\/\/www.youtube.com\/embed\/OYi7giXXm38?feature=oembed\" frameborder=\"0\" allow=\"accelerometer; autoplay; clipboard-write; encrypted-media; gyroscope; picture-in-picture; web-share\" referrerpolicy=\"strict-origin-when-cross-origin\" allowfullscreen><\/iframe><\/p>\n<p><iframe title=\"Grenade Commentaires d&#039;utilisateurs BOGONG Laser Engraving Cutting Machine | Best Jewellery Gold Silver Laser\" width=\"1290\" height=\"726\" src=\"https:\/\/www.youtube.com\/embed\/Y25Z0xbP7ZQ?feature=oembed\" frameborder=\"0\" allow=\"accelerometer; autoplay; clipboard-write; encrypted-media; gyroscope; picture-in-picture; web-share\" referrerpolicy=\"strict-origin-when-cross-origin\" allowfullscreen><\/iframe><\/p>\n<p>You can find more customer feedback from BOGONG youtube channel<\/p>\n<figure id=\"attachment_7426\" aria-describedby=\"caption-attachment-7426\" style=\"width: 300px\" class=\"wp-caption alignnone\"><img decoding=\"async\" class=\"size-full wp-image-7426\" src=\"https:\/\/bogonglaser.com\/wp-content\/uploads\/2024\/10\/mini-laser-machine-2.jpg\" alt=\"mini machine laser\" width=\"300\" height=\"225\" title=\"\" srcset=\"https:\/\/bogonglaser.com\/wp-content\/uploads\/2024\/10\/mini-laser-machine-2.jpg 300w, https:\/\/bogonglaser.com\/wp-content\/uploads\/2024\/10\/mini-laser-machine-2-16x12.jpg 16w\" sizes=\"(max-width: 300px) 100vw, 300px\" \/><figcaption id=\"caption-attachment-7426\" class=\"wp-caption-text\">mini machine laser<\/figcaption><\/figure>\n<figure id=\"attachment_7428\" aria-describedby=\"caption-attachment-7428\" style=\"width: 205px\" class=\"wp-caption alignnone\"><img decoding=\"async\" class=\"size-full wp-image-7428\" src=\"https:\/\/bogonglaser.com\/wp-content\/uploads\/2024\/10\/3d-laser-marker-2-1.jpg\" alt=\"Marqueur laser 3d\" width=\"205\" height=\"300\" title=\"\" srcset=\"https:\/\/bogonglaser.com\/wp-content\/uploads\/2024\/10\/3d-laser-marker-2-1.jpg 205w, https:\/\/bogonglaser.com\/wp-content\/uploads\/2024\/10\/3d-laser-marker-2-1-8x12.jpg 8w\" sizes=\"(max-width: 205px) 100vw, 205px\" \/><figcaption id=\"caption-attachment-7428\" class=\"wp-caption-text\">Marqueur laser 3d<\/figcaption><\/figure>\n<p>La plupart des clients choisissent le transport par UPS\/DHL express, il peut arriver \u00e0 destination sous 5-7 jours. Contactez BOGONG pour obtenir plus de d\u00e9tails sur la gravure laser des m\u00e9taux pour l'argent, le laiton, l'or et le cuivre.<\/p>","protected":false},"excerpt":{"rendered":"<h2>Fiber Laser Metal Engraver For Silver, Gold, Brass, Copper<\/h2>\n<p>The 50W &#8211; 100W fiber laser metal engraver cutting machine is designed for creating personalized jewelry, including rings, earrings, bracelets, pendants, necklaces, brooches, cufflinks, etc. It works with a variety of materials, such as stainless steel, titanium, aluminum, copper, brass, alloys, silver, and gold, allowing you to engrave names, logos, signs, letters, numbers, patterns, and photos. This top-quality metal laser cutter and engraving machine is now available for sale at an affordable price, making it a great option for your budget.<\/p>\n<ul class=\"tips\">\n<li>350 Sets \/ Month Waiting for Sale In Stock<\/li>\n<li>2 Years Limited Warranty for Entire Machine<\/li>\n<li>3-5 days prepare laser machine, 3-7days transport.<\/li>\n<li>Online (PayPal) &amp; Offline (T\/T, Debit &amp; Credit Cards)<\/li>\n<\/ul>\n<hr \/>\n<h4><strong>Get a Quote<\/strong><\/h4>\n<p>[contact-form-7 id=&#8221;029fbc1&#8243; title=&#8221;Products Form&#8221;]<\/p>\n","protected":false},"featured_media":1641,"template":"","meta":{"_gspb_post_css":""},"product_brand":[],"product_cat":[97,93,96],"product_tag":[102],"class_list":{"0":"post-1640","1":"product","2":"type-product","3":"status-publish","4":"has-post-thumbnail","6":"product_cat-fiber-laser-marker","7":"product_cat-laser-engraving-machine","8":"product_cat-laser-marking-machine","9":"product_tag-laser-marking-machine","11":"first","12":"instock","13":"shipping-taxable","14":"product-type-simple"},"_links":{"self":[{"href":"https:\/\/bogonglaser.com\/fr\/wp-json\/wp\/v2\/product\/1640","targetHints":{"allow":["GET"]}}],"collection":[{"href":"https:\/\/bogonglaser.com\/fr\/wp-json\/wp\/v2\/product"}],"about":[{"href":"https:\/\/bogonglaser.com\/fr\/wp-json\/wp\/v2\/types\/product"}],"wp:featuredmedia":[{"embeddable":true,"href":"https:\/\/bogonglaser.com\/fr\/wp-json\/wp\/v2\/media\/1641"}],"wp:attachment":[{"href":"https:\/\/bogonglaser.com\/fr\/wp-json\/wp\/v2\/media?parent=1640"}],"wp:term":[{"taxonomy":"product_brand","embeddable":true,"href":"https:\/\/bogonglaser.com\/fr\/wp-json\/wp\/v2\/product_brand?post=1640"},{"taxonomy":"product_cat","embeddable":true,"href":"https:\/\/bogonglaser.com\/fr\/wp-json\/wp\/v2\/product_cat?post=1640"},{"taxonomy":"product_tag","embeddable":true,"href":"https:\/\/bogonglaser.com\/fr\/wp-json\/wp\/v2\/product_tag?post=1640"}],"curies":[{"name":"wp","href":"https:\/\/api.w.org\/{rel}","templated":true}]}}