{"id":1509,"date":"2024-10-16T14:18:38","date_gmt":"2024-10-16T06:18:38","guid":{"rendered":"https:\/\/bogonglaser.com\/?post_type=product&#038;p=1509"},"modified":"2025-12-10T17:20:22","modified_gmt":"2025-12-10T09:20:22","slug":"pulse-laser-cleaning-machine","status":"publish","type":"product","link":"https:\/\/bogonglaser.com\/fr\/pulse-laser-cleaning-machine\/","title":{"rendered":"Machine \u00e0 graver les m\u00e9taux par laser \u00e0 fibre pour la vente"},"content":{"rendered":"<p>La machine de gravure profonde par laser \u00e0 fibre est l'outil id\u00e9al pour la gravure profonde sur une vari\u00e9t\u00e9 de mat\u00e9riaux, y compris l'acier inoxydable, le titane, l'aluminium, le laiton et bien d'autres encore. <a href=\"https:\/\/bogonglaser.com\/fr\/\">BOGONG<\/a> La machine \u00e0 graver les m\u00e9taux \u00e0 fibre laser 50w 60w n'excelle pas seulement dans la gravure, mais elle est \u00e9galement capable de d\u00e9couper des m\u00e9taux fins. Vous pouvez maintenant acheter cette machine \u00e0 graver les m\u00e9taux au laser \u00e0 un prix abordable.<\/p>\n<figure id=\"attachment_7453\" aria-describedby=\"caption-attachment-7453\" style=\"width: 300px\" class=\"wp-caption alignnone\"><img decoding=\"async\" class=\"size-medium wp-image-7453\" src=\"https:\/\/bogonglaser.com\/wp-content\/uploads\/2024\/10\/deep-engraving-machine-2-300x225.jpg\" alt=\"machine \u00e0 graver en profondeur\" width=\"300\" height=\"225\" title=\"\" srcset=\"https:\/\/bogonglaser.com\/wp-content\/uploads\/2024\/10\/deep-engraving-machine-2-300x225.jpg 300w, https:\/\/bogonglaser.com\/wp-content\/uploads\/2024\/10\/deep-engraving-machine-2-600x450.jpg 600w, https:\/\/bogonglaser.com\/wp-content\/uploads\/2024\/10\/deep-engraving-machine-2-768x576.jpg 768w, https:\/\/bogonglaser.com\/wp-content\/uploads\/2024\/10\/deep-engraving-machine-2-16x12.jpg 16w, https:\/\/bogonglaser.com\/wp-content\/uploads\/2024\/10\/deep-engraving-machine-2.jpg 800w\" sizes=\"(max-width: 300px) 100vw, 300px\" \/><figcaption id=\"caption-attachment-7453\" class=\"wp-caption-text\">machine \u00e0 graver en profondeur<\/figcaption><\/figure>\n<p>Le terme \"gravure\" comprend deux types principaux : la gravure superficielle et la gravure profonde. Lorsque l'on parle de \"gravure au laser\", il s'agit g\u00e9n\u00e9ralement de gravure peu profonde. Bien que la gravure profonde et la gravure au laser pr\u00e9sentent des similitudes, elles ne sont pas identiques.<\/p>\n<p>Dans diverses applications technologiques, il est n\u00e9cessaire de graver en profondeur, par exemple les moules, les armes \u00e0 feu, les bijoux, les pi\u00e8ces automobiles et les m\u00e9taux tels que l'acier, les c\u00e9ramiques, l'or, l'argent, le cuivre et l'aluminium, ainsi que des mat\u00e9riaux plus r\u00e9cents tels que le carbure de silicium et les alliages nickel-chrome, il est essentiel de d\u00e9caper profond\u00e9ment la couche externe.<\/p>\n<p>Les m\u00e9thodes traditionnelles, telles que la corrosion \u00e9lectrique ou chimique, peuvent \u00eatre lourdes et ne pas r\u00e9pondre aux exigences de pr\u00e9cision. Le traitement thermique par laser offre une pr\u00e9cision de l'ordre du micron, une source laser de haute qualit\u00e9, combin\u00e9e \u00e0 une t\u00eate de galvano laser et \u00e0 un logiciel, font de votre r\u00eave de personnalisation une r\u00e9alit\u00e9.<\/p>\n<figure id=\"attachment_7454\" aria-describedby=\"caption-attachment-7454\" style=\"width: 300px\" class=\"wp-caption alignnone\"><img decoding=\"async\" class=\"size-medium wp-image-7454\" src=\"https:\/\/bogonglaser.com\/wp-content\/uploads\/2024\/10\/deep-engraving-machine-1-300x225.jpg\" alt=\"machine \u00e0 graver en profondeur\" width=\"300\" height=\"225\" title=\"\" srcset=\"https:\/\/bogonglaser.com\/wp-content\/uploads\/2024\/10\/deep-engraving-machine-1-300x225.jpg 300w, https:\/\/bogonglaser.com\/wp-content\/uploads\/2024\/10\/deep-engraving-machine-1-600x450.jpg 600w, https:\/\/bogonglaser.com\/wp-content\/uploads\/2024\/10\/deep-engraving-machine-1-768x576.jpg 768w, https:\/\/bogonglaser.com\/wp-content\/uploads\/2024\/10\/deep-engraving-machine-1-16x12.jpg 16w, https:\/\/bogonglaser.com\/wp-content\/uploads\/2024\/10\/deep-engraving-machine-1.jpg 800w\" sizes=\"(max-width: 300px) 100vw, 300px\" \/><figcaption id=\"caption-attachment-7454\" class=\"wp-caption-text\">machine \u00e0 graver en profondeur<\/figcaption><\/figure>\n<p>La gravure profonde au laser est un proc\u00e9d\u00e9 de marquage qui utilise un laser \u00e0 fibre et une technologie avanc\u00e9e. Cette technologie am\u00e9liore la puissance et la qualit\u00e9 du laser, ce qui lui permet de transformer rapidement le m\u00e9tal en gaz, r\u00e9duisant ainsi les dommages caus\u00e9s par la chaleur aux zones voisines. Gr\u00e2ce \u00e0 un taux de r\u00e9p\u00e9tition \u00e9lev\u00e9, les contours des lettres et des dessins deviennent plus nets et plus propres, avec moins d'asp\u00e9rit\u00e9s et une belle texture de fond. Cette m\u00e9thode permet de r\u00e9aliser en une seule fois ce qui prendrait habituellement de nombreuses \u00e9tapes dans les processus de corrosion traditionnels. De plus, elle ne n\u00e9cessite pas de fournitures ou de produits chimiques suppl\u00e9mentaires, ce qui la rend rentable.<\/p>\n<p>La profondeur et la vitesse de gravure d\u00e9pendent de plusieurs facteurs :<\/p>\n<ul>\n<li><strong>Type de m\u00e9tal :<\/strong> Les m\u00e9taux se comportent diff\u00e9remment lors de la gravure. Par exemple, l'aluminium a le point de fusion le plus bas et c'est donc lui qui se grave le plus rapidement.<\/li>\n<li><strong>Largeur d'impulsion :<\/strong> Une impulsion plus large permet une gravure plus rapide mais un ombrage plus grossier. Une impulsion plus petite est plus lente mais donne des ombres plus fines. Le choix de la bonne largeur d'impulsion est important pour \u00e9quilibrer la vitesse et la qualit\u00e9.<\/li>\n<li><strong>Source laser :<\/strong> Le type de laser utilis\u00e9 influe sur la capacit\u00e9 d'absorption de la lumi\u00e8re. Il est donc important de tenir compte de la marque et de votre budget.<\/li>\n<li><strong>Puissance du laser :<\/strong> Une puissance laser plus \u00e9lev\u00e9e signifie g\u00e9n\u00e9ralement une gravure plus profonde si les autres conditions restent les m\u00eames.<\/li>\n<li><strong>Temps de gravure :<\/strong> Le processus de gravure n\u00e9cessite plusieurs passages. Plus vous passez de temps \u00e0 graver, plus le r\u00e9sultat est profond.<\/li>\n<li><strong>\u00c9tat de surface :<\/strong> La texture de la surface m\u00e9tallique est importante. Les surfaces lisses, brillantes ou trait\u00e9es (comme les surfaces anodis\u00e9es ou rev\u00eatues) r\u00e9agissent diff\u00e9remment au laser, ce qui affecte les r\u00e9sultats finaux.<\/li>\n<li><strong>Plage de balayage :<\/strong> L'optique du laser d\u00e9termine la port\u00e9e du balayage. Une plus grande port\u00e9e peut rendre la gravure plus difficile et plus lente.<\/li>\n<\/ul>\n<p>&nbsp;<\/p>\n<h3>Quelle est la profondeur maximale de la gravure laser ?<\/h3>\n<p>La profondeur de la machine de gravure laser peut atteindre 1 mm ou plus si vous y consacrez plus de temps, le choix d'une machine laser plus puissante peut vous aider \u00e0 gagner du temps.<\/p>\n<h4>Quel est le meilleur laser pour la gravure profonde du m\u00e9tal ?<\/h4>\n<p>Le laser \u00e0 fibre peut r\u00e9aliser des gravures profondes sur le m\u00e9tal. Si vous souhaitez obtenir de meilleurs r\u00e9sultats en mati\u00e8re d'ombrage, le choix d'un laser \u00e0 fibre sera une bonne id\u00e9e.<\/p>\n<p><iframe title=\"He Said It&#039;s Amazing 60W MOPA Fiber Laser Engraver | Gravure profonde sur m\u00e9tal\" width=\"1290\" height=\"726\" src=\"https:\/\/www.youtube.com\/embed\/7wAJLwkef5M?feature=oembed\" frameborder=\"0\" allow=\"accelerometer; autoplay; clipboard-write; encrypted-media; gyroscope; picture-in-picture; web-share\" referrerpolicy=\"strict-origin-when-cross-origin\" allowfullscreen><\/iframe><\/p>\n<p><iframe title=\"BOGONG Laser Engraving Machine | Graveur laser \u00e0 fibre\" width=\"1290\" height=\"726\" src=\"https:\/\/www.youtube.com\/embed\/Y15fta5gyZo?feature=oembed\" frameborder=\"0\" allow=\"accelerometer; autoplay; clipboard-write; encrypted-media; gyroscope; picture-in-picture; web-share\" referrerpolicy=\"strict-origin-when-cross-origin\" allowfullscreen><\/iframe><\/p>\n<h3>Comment choisir la bonne machine de gravure laser profonde ?<\/h3>\n<p>Lorsque vous choisissez une machine pour votre projet de gravure, il est important de tenir compte de la profondeur de la gravure, du mat\u00e9riau utilis\u00e9 et de la taille de la marque. Voici cinq facteurs cl\u00e9s \u00e0 prendre en compte : la vitesse, la puissance, le temps de gravure et le mat\u00e9riau.<\/p>\n<p>D\u00e9cortiquons chaque facteur et comprenons son importance.<\/p>\n<p><strong>Vitesse<\/strong><br \/>\nLa vitesse est souvent confondue avec la fr\u00e9quence, mais il ne s'agit pas de la m\u00eame chose. La fr\u00e9quence correspond au nombre de fois o\u00f9 le faisceau laser touche la cible dans un laps de temps donn\u00e9, tandis que la vitesse indique la dur\u00e9e pendant laquelle le faisceau reste focalis\u00e9 sur la cible. En g\u00e9n\u00e9ral, si vous souhaitez une gravure plus profonde, vous aurez besoin d'une vitesse plus lente. Toutefois, sachez qu'une vitesse plus lente n'est pas le seul facteur qui affecte la profondeur.<\/p>\n<p><strong>Puissance<\/strong><br \/>\nUne puissance plus \u00e9lev\u00e9e signifie que le laser g\u00e9n\u00e8re une \u00e9nergie plus intense, ce qui peut conduire \u00e0 des gravures plus profondes. Mais comme pour la vitesse, ce r\u00e9sultat peut varier en fonction d'autres facteurs.<\/p>\n<p><strong>Temps de gravure<\/strong><br \/>\nLa gravure en profondeur prend plus de temps. Le laser doit diriger l'\u00e9nergie vers la cible pendant plus longtemps pour vaporiser le mat\u00e9riau plus profond\u00e9ment. C'est comme scier un morceau de bois : plus vous coupez longtemps, plus vous pouvez aller en profondeur.<\/p>\n<p><strong>Mat\u00e9riaux<\/strong><br \/>\nChoisissez votre machine \u00e0 graver au laser en fonction du mat\u00e9riau que vous utilisez. En r\u00e8gle g\u00e9n\u00e9rale, les lasers \u00e0 fibre conviennent mieux aux m\u00e9taux, tandis que les lasers \u00e0 CO2 sont id\u00e9aux pour le bois. L'utilisation d'un mauvais type de laser peut conduire \u00e0 des r\u00e9sultats de gravure m\u00e9diocres.<\/p>\n<h3>Besoin d'aide pour choisir une machine de gravure laser profonde ?<\/h3>\n<p>La gravure laser profonde est une forme sp\u00e9cialis\u00e9e de gravure qui n\u00e9cessite des r\u00e9glages diff\u00e9rents de ceux de la gravure standard. Cependant, vous n'avez pas n\u00e9cessairement besoin d'une machine diff\u00e9rente pour cela. Chez BOGONG LASER, nos machines de marquage laser sont con\u00e7ues pour g\u00e9rer \u00e0 la fois la gravure superficielle et la gravure profonde, gr\u00e2ce \u00e0 leurs r\u00e9glages avanc\u00e9s et \u00e0 leur point focal auto-ajustable.<\/p>\n<p>Que vous ayez besoin d'une machine pour la tra\u00e7abilit\u00e9, les logos ou le remblayage, notre \u00e9quipe est \u00e0 l'\u00e9coute de vos besoins et de vos d\u00e9fis. Nous vous aiderons \u00e0 s\u00e9lectionner une machine laser qui excelle dans votre projet actuel et qui est construite pour durer pour vos projets futurs.<\/p>\n<p>Contactez notre \u00e9quipe d\u00e8s aujourd'hui pour discuter de la profondeur de gravure souhait\u00e9e, des exigences du projet et des mat\u00e9riaux.<\/p>\n<h4>Caract\u00e9ristiques de l'appareil BOGONG :<\/h4>\n<ul>\n<li><strong>Installation simple et rapide :<\/strong> Se connecte facilement \u00e0 votre ordinateur via USB.<\/li>\n<li><strong>Rentable :<\/strong> Profitez d'un retour sur investissement \u00e9lev\u00e9 gr\u00e2ce \u00e0 une faible consommation d'\u00e9nergie inf\u00e9rieure \u00e0 500 W, soit un dixi\u00e8me de celle des lasers \u00e0 pompage de lumi\u00e8re traditionnels.<\/li>\n<li><strong>Aucun entretien n'est n\u00e9cessaire :<\/strong> Le laser n'a pas besoin d'\u00eatre entretenu.<\/li>\n<li><strong>Dur\u00e9e de vie prolong\u00e9e :<\/strong> Le <a href=\"https:\/\/bogonglaser.com\/fr\/laser-engraving-machine\/\">machine \u00e0 graver les m\u00e9taux au laser<\/a> utilise une diode laser comme source de pompage, offrant une dur\u00e9e de vie allant jusqu'\u00e0 100 000 heures.<\/li>\n<\/ul>\n<p>&nbsp;<\/p>\n<h3>Applications des machines de gravure profonde par laser \u00e0 fibres optiques<\/h3>\n<p>Les machines de gravure profonde par laser \u00e0 fibre sont des outils polyvalents utilis\u00e9s pour le marquage et la gravure sur une large gamme de mat\u00e9riaux. Elles sont particuli\u00e8rement efficaces sur les m\u00e9taux, notamment l'acier inoxydable, l'aluminium, les alliages, le laiton, l'argent, l'or, le titane et le fer. En outre, ces machines peuvent \u00e9galement \u00eatre utilis\u00e9es sur des surfaces non m\u00e9talliques. Les applications les plus courantes sont les suivantes<\/p>\n<ul>\n<li>Armes \u00e0 feu<\/li>\n<li>Bagues et bijoux<\/li>\n<li>Roulements et engrenages<\/li>\n<li>Pi\u00e8ces d\u00e9tach\u00e9es automobiles<\/li>\n<li>Mat\u00e9riel et outils<\/li>\n<li>Composants a\u00e9rospatiaux<\/li>\n<li>Puces de circuits int\u00e9gr\u00e9s<\/li>\n<li>Accessoires informatiques<\/li>\n<li>Montres<\/li>\n<li>Appareils \u00e9lectroniques et de communication<\/li>\n<li>Appareils m\u00e9nagers<\/li>\n<li>Fils et c\u00e2bles<\/li>\n<li>Les ornements tels que les colliers et les bracelets<\/li>\n<\/ul>\n<p>These machines are also capable of cutting thin metals such as stainless steel, aluminum, alloys, brass, silver, gold, and titanium.Contact with BOGONG team to get newest price.<\/p>","protected":false},"excerpt":{"rendered":"<h2>Machine \u00e0 graver les m\u00e9taux par laser \u00e0 fibre pour la vente<\/h2>\n<p>La machine de gravure profonde par laser \u00e0 fibre est l'outil id\u00e9al pour la gravure profonde sur une vari\u00e9t\u00e9 de mat\u00e9riaux, y compris l'acier inoxydable, le titane, l'aluminium, le laiton, et plus encore. La machine \u00e0 graver les m\u00e9taux \u00e0 fibre laser 50w 60w de BOGONG excelle non seulement dans la gravure, mais est \u00e9galement capable de d\u00e9couper des m\u00e9taux fins. Vous pouvez maintenant acheter cette machine de gravure laser sur m\u00e9tal \u00e0 un prix abordable.<\/p>\n<ul class=\"tips\">\n<li>180 Sets \/ Month Waiting for Sale In Stock<\/li>\n<li>2 ans de garantie limit\u00e9e pour l'ensemble de la machine<\/li>\n<li>1-2 jours de manutention et 7-30 jours d'exp\u00e9dition<\/li>\n<li>Garantie de remboursement de 30 jours pour votre achat<\/li>\n<li>En ligne (PayPal) et hors ligne (T\/T, cartes de d\u00e9bit et de cr\u00e9dit)<\/li>\n<\/ul>","protected":false},"featured_media":1625,"template":"","meta":{"_gspb_post_css":""},"product_brand":[],"product_cat":[97,93,96],"product_tag":[102],"class_list":{"0":"post-1509","1":"product","2":"type-product","3":"status-publish","4":"has-post-thumbnail","6":"product_cat-fiber-laser-marker","7":"product_cat-laser-engraving-machine","8":"product_cat-laser-marking-machine","9":"product_tag-laser-marking-machine","11":"first","12":"instock","13":"shipping-taxable","14":"product-type-simple"},"_links":{"self":[{"href":"https:\/\/bogonglaser.com\/fr\/wp-json\/wp\/v2\/product\/1509","targetHints":{"allow":["GET"]}}],"collection":[{"href":"https:\/\/bogonglaser.com\/fr\/wp-json\/wp\/v2\/product"}],"about":[{"href":"https:\/\/bogonglaser.com\/fr\/wp-json\/wp\/v2\/types\/product"}],"wp:featuredmedia":[{"embeddable":true,"href":"https:\/\/bogonglaser.com\/fr\/wp-json\/wp\/v2\/media\/1625"}],"wp:attachment":[{"href":"https:\/\/bogonglaser.com\/fr\/wp-json\/wp\/v2\/media?parent=1509"}],"wp:term":[{"taxonomy":"product_brand","embeddable":true,"href":"https:\/\/bogonglaser.com\/fr\/wp-json\/wp\/v2\/product_brand?post=1509"},{"taxonomy":"product_cat","embeddable":true,"href":"https:\/\/bogonglaser.com\/fr\/wp-json\/wp\/v2\/product_cat?post=1509"},{"taxonomy":"product_tag","embeddable":true,"href":"https:\/\/bogonglaser.com\/fr\/wp-json\/wp\/v2\/product_tag?post=1509"}],"curies":[{"name":"wp","href":"https:\/\/api.w.org\/{rel}","templated":true}]}}