{"id":8828,"date":"2025-12-15T10:53:38","date_gmt":"2025-12-15T02:53:38","guid":{"rendered":"https:\/\/bogonglaser.com\/?page_id=8828"},"modified":"2025-12-15T18:58:46","modified_gmt":"2025-12-15T10:58:46","slug":"projects","status":"publish","type":"page","link":"https:\/\/bogonglaser.com\/fr\/projects\/","title":{"rendered":"Projets"},"content":{"rendered":"<div class=\"wp-block-greenshift-blocks-row alignfull gspb_row gspb_row-id-gsbp-7322445\" id=\"gspb_row-id-gsbp-7322445\"><div class=\"gspb_backgroundOverlay\"><\/div><div class=\"gspb_row__content\"> \n<div class=\"wp-block-greenshift-blocks-row-column gspb_row__col--12 gspb_row__col--md-12 gspb_col-id-gsbp-b31fa70\" id=\"gspb_col-id-gsbp-b31fa70\">\n<h2 id=\"gspb_heading-id-gsbp-3f6bd95\" class=\"gspb_heading gspb_heading-id-gsbp-3f6bd95\">Projets<\/h2>\n\n\n<\/div>\n <\/div><\/div>\n\n\n\n<div class=\"wp-block-greenshift-blocks-row gspb_row gspb_row-id-gsbp-a0b8484\" id=\"gspb_row-id-gsbp-a0b8484\"><div class=\"gspb_row__content\"> \n<div class=\"wp-block-greenshift-blocks-row-column gspb_row__col--12 gspb_col-id-gsbp-3bded6b\" id=\"gspb_col-id-gsbp-3bded6b\">\n<div id=\"gspb_text-id-gsbp-a332cef\" class=\"gspb_text gspb_text-id-gsbp-a332cef\">Welcome to BOGONG LASER&#8217;s project showcase page. Here you can browse our successful cases in different industries and application fields. Each project page details the customer&#8217;s needs, the laser solutions we provide, the implementation process, and the real feedback from customers. Through these cases, you can gain an in-depth understanding of how our products work in real applications, helping you make more informed choices.<\/div>\n\n\n\n<section class=\"gsbp-a550c7e alignfull\">\n<div class=\"gsbp-6bda85d\">\n<a class=\"gs-parent-hover card gsbp-49f6c52\" href=\"https:\/\/bogonglaser.com\/fr\/ordered-2030-fiber-laser-cutter\/\">\n<div class=\"gsbp-7cbf093\">\n<h2 class=\"gsbp-278107e\">Commande d'une d\u00e9coupeuse laser \u00e0 fibre 2030<\/h2>\n\n\n\n<div data-aos-easing=\"ease\" data-aos-duration=\"500\" class=\"gsbp-e6cfaa5\"><\/div>\n<\/div>\n\n\n\n<img decoding=\"async\" class=\"gsbp-ec6806a\" src=\"https:\/\/bogonglaser.com\/wp-content\/uploads\/2024\/07\/Ordered-2030-Fiber-Laser-Cutter-2.jpg\" alt=\"Commande d&#039;une d\u00e9coupeuse laser \u00e0 fibre 2030 (2)\" width=\"1810\" height=\"946\" loading=\"lazy\" title=\"\">\n<\/a>\n\n\n\n<a class=\"gs-parent-hover card gsbp-e77c999\" href=\"https:\/\/bogonglaser.com\/fr\/3d-laser-engraving-machine\/\">\n<div class=\"gsbp-ee1274f\">\n<h2 class=\"gsbp-3b23e90\">MACHINE DE GRAVURE LASER 3D<\/h2>\n\n\n\n<div data-aos-easing=\"ease\" data-aos-duration=\"500\" class=\"gsbp-d08c960\"><\/div>\n<\/div>\n\n\n\n<img decoding=\"async\" class=\"gsbp-bf3ce33\" src=\"https:\/\/bogonglaser.com\/wp-content\/uploads\/2024\/07\/3D-LASER-ENGRAVING-MACHINE-4.jpg\" alt=\"MACHINE \u00c0 GRAVER 3D-LASER-4\" width=\"600\" height=\"600\" loading=\"lazy\" title=\"\">\n<\/a>\n\n\n\n<a class=\"gs-parent-hover card gsbp-bb2e8af\" href=\"https:\/\/bogonglaser.com\/fr\/300w-laser-cleaner\/\">\n<div class=\"gsbp-764ae3f\">\n<h2 class=\"gsbp-265da07\">Nettoyeur laser 300W<\/h2>\n\n\n\n<div data-aos-easing=\"ease\" data-aos-duration=\"500\" class=\"gsbp-5da2979\"><\/div>\n<\/div>\n\n\n\n<img decoding=\"async\" class=\"gsbp-0316f45\" src=\"https:\/\/bogonglaser.com\/wp-content\/uploads\/2024\/07\/300W-Laser-Cleaner-4.jpg\" alt=\"300W-Laser-Cleaner-4\" width=\"600\" height=\"600\" loading=\"lazy\" title=\"\">\n<\/a>\n\n\n\n<a class=\"gs-parent-hover card gsbp-41bdae3\" href=\"https:\/\/bogonglaser.com\/fr\/laser-welder\/\">\n<div class=\"gsbp-a0a0bf4\">\n<h2 class=\"gsbp-57018bb\">Soudeur laser<\/h2>\n\n\n\n<div data-aos-easing=\"ease\" data-aos-duration=\"500\" class=\"gsbp-7c8395c\"><\/div>\n<\/div>\n\n\n\n<img decoding=\"async\" class=\"gsbp-236f7b5\" src=\"https:\/\/bogonglaser.com\/wp-content\/uploads\/2024\/06\/Laser-Welder.jpg\" alt=\"Soudeuse laser\" width=\"600\" height=\"600\" loading=\"lazy\" title=\"\">\n<\/a>\n<\/div>\n<\/section>\n\n\n\n<section class=\"gsbp-69ee311 alignfull\">\n<div class=\"gsbp-07e0db7\">\n<a class=\"gs-parent-hover card gsbp-49f6c52\" href=\"https:\/\/bogonglaser.com\/fr\/india-customer-visit-bogong-and-purchased-3d-laser-engraver\/\">\n<div class=\"gsbp-085edc3\">\n<h2 class=\"gsbp-f9d7118\">Un client indien visite BOGONG et ach\u00e8te un graveur laser 3D<\/h2>\n\n\n\n<div data-aos-easing=\"ease\" data-aos-duration=\"500\" class=\"gsbp-75c2438\"><\/div>\n<\/div>\n\n\n\n<img decoding=\"async\" class=\"gsbp-29fa4a6\" src=\"https:\/\/bogonglaser.com\/wp-content\/uploads\/2024\/06\/India-Customer-Visit-BOGONG-and-Purchased-3D-Laser-Engraver-2.jpg\" alt=\"Inde-Client visite-BOGONG-et ach\u00e8te-3D-Laser-Engraver-2\" width=\"600\" height=\"600\" loading=\"lazy\" title=\"\">\n<\/a>\n\n\n\n<a class=\"gs-parent-hover card gsbp-e77c999\" href=\"https:\/\/bogonglaser.com\/fr\/smallest-laser-cutting-machine\/\">\n<div class=\"gsbp-43fd0fe\">\n<h2 class=\"gsbp-90c0b27\">La plus petite machine de d\u00e9coupe laser<\/h2>\n\n\n\n<div data-aos-easing=\"ease\" data-aos-duration=\"500\" class=\"gsbp-cbc1c78\"><\/div>\n<\/div>\n\n\n\n<img decoding=\"async\" class=\"gsbp-9894e57\" src=\"https:\/\/bogonglaser.com\/wp-content\/uploads\/2024\/06\/Smallest-Laser-Cutting-Machine-5.jpg\" alt=\"\" width=\"600\" height=\"600\" loading=\"lazy\" title=\"\">\n<\/a>\n\n\n\n<a class=\"gs-parent-hover card gsbp-bb2e8af\" href=\"https:\/\/bogonglaser.com\/fr\/cutting-steel-with-a-20kw-fiber-laser-the-future-of-cutting-tech\/\">\n<div class=\"gsbp-bf589e5\">\n<h2 class=\"gsbp-cbbd428\">Cutting Steel With a 20KW Fiber Laser (the Future of Cutting Tech)<\/h2>\n\n\n\n<div data-aos-easing=\"ease\" data-aos-duration=\"500\" class=\"gsbp-e8c0503\"><\/div>\n<\/div>\n\n\n\n<img decoding=\"async\" class=\"gsbp-a8e3f91\" src=\"https:\/\/bogonglaser.com\/wp-content\/uploads\/2024\/05\/Cutting-Steel-with-a-20KW-Fiber-Laser-the-Future-of-Cutting-Tech-6.jpg\" alt=\"D\u00e9couper l&#039;acier avec un laser \u00e0 fibre de 20KW-(l&#039;avenir de la technologie de d\u00e9coupe)-6\" width=\"600\" height=\"600\" loading=\"lazy\" title=\"\">\n<\/a>\n\n\n\n<a class=\"gs-parent-hover card gsbp-41bdae3\" href=\"https:\/\/bogonglaser.com\/fr\/best-gun-laser-engraver\/\">\n<div class=\"gsbp-46c5c9a\">\n<h2 class=\"gsbp-a103ed4\">Meilleur graveur laser pour armes \u00e0 feu<\/h2>\n\n\n\n<div data-aos-easing=\"ease\" data-aos-duration=\"500\" class=\"gsbp-cbf4a07\"><\/div>\n<\/div>\n\n\n\n<img decoding=\"async\" class=\"gsbp-c7d8a80\" src=\"https:\/\/bogonglaser.com\/wp-content\/uploads\/2024\/05\/2024-Best-Gun-Laser-Engraver-for-Firearms-Pistol-Slide-Re-Stippling-2.jpg\" alt=\"\" width=\"600\" height=\"600\" loading=\"lazy\" title=\"\">\n<\/a>\n<\/div>\n<\/section>\n<\/div>\n <\/div><\/div>","protected":false},"excerpt":{"rendered":"","protected":false},"author":1,"featured_media":0,"parent":0,"menu_order":0,"comment_status":"closed","ping_status":"closed","template":"","meta":{"_gspb_post_css":"#gspb_row-id-gsbp-7322445{justify-content:space-between;margin-bottom:0;display:flex;flex-wrap:wrap;margin-top:-50px;padding-top:8rem;padding-right:rem;padding-bottom:10rem;padding-left:rem;overflow:hidden}#gspb_row-id-gsbp-7322445>.gspb_row__content{display:flex;justify-content:space-between;margin:0 auto;width:100%;flex-wrap:wrap}.gsbp-a550c7e,.gspb_row{position:relative}div[id^=gspb_col-id]{box-sizing:border-box;position:relative;padding:var(--gs-row-column-padding, 15px min(3vw, 20px))}body.gspb-bodyfront #gspb_row-id-gsbp-7322445>.gspb_row__content{width:var(--theme-container-width, 1200px);max-width:var(--theme-normal-container-max-width, 1200px)}@media (max-width:991.98px){#gspb_row-id-gsbp-7322445{padding-bottom:15rem}}@media (max-width:575.98px){#gspb_row-id-gsbp-7322445{padding-top:3rem}}#gspb_row-id-gsbp-7322445{color:#fff;background-color:#18181b;background-position:36% 80%;background-image:url(https:\/\/bogonglaser.com\/wp-content\/uploads\/2025\/12\/fiber-laser-cutting-machine-1.jpg);perspective:1000px}#gspb_row-id-gsbp-7322445>.gspb_backgroundOverlay{opacity:.4}#gspb_col-id-gsbp-b31fa70.gspb_row__col--12{width:100%}@media (max-width:991.98px){#gspb_col-id-gsbp-b31fa70.gspb_row__col--12{width:100%}}@media (max-width:575.98px){#gspb_col-id-gsbp-b31fa70.gspb_row__col--12{width:100%}}body.gspb-bodyfront #gspb_col-id-gsbp-b31fa70.gspb_row__col--12{z-index:1000}body #gspb_col-id-gsbp-b31fa70.gspb_row__col--12{display:flex;flex-direction:column;row-gap:2rem}@media (max-width:991.98px){body #gspb_col-id-gsbp-b31fa70.gspb_row__col--12{justify-content:center;align-items:center}}#gspb_heading-id-gsbp-3f6bd95{font-size:50px;text-align:center!important;color:var(--wp--preset--color--palette-color-6, var(--theme-palette-color-6, #ffffff))}#gspb_heading-id-gsbp-3f6bd95 .gsap-g-line{text-align:center!important}#gspb_row-id-gsbp-a0b8484{justify-content:space-between;margin-bottom:0;display:flex;flex-wrap:wrap;margin-top:40px}#gspb_row-id-gsbp-a0b8484>.gspb_row__content{display:flex;justify-content:space-between;margin:0 auto;width:100%;flex-wrap:wrap}body.gspb-bodyfront #gspb_row-id-gsbp-a0b8484>.gspb_row__content{width:var(--theme-container-width, 1200px);max-width:var(--theme-normal-container-max-width, 1200px)}#gspb_col-id-gsbp-3bded6b.gspb_row__col--12{width:100%}@media (max-width:575.98px){#gspb_col-id-gsbp-3bded6b.gspb_row__col--12{width:100%}}.gsbp-a550c7e{display:flex;justify-content:center;flex-direction:column;align-items:center;padding-right:min(3vw,20px);padding-left:min(3vw,20px);margin-top:0;margin-bottom:0}.gsbp-6bda85d{max-width:100%;width:var(--wp--style--global--wide-size, 1200px);display:flex;flex-direction:row;column-gap:25px;row-gap:25px;flex-wrap:wrap}.gsbp-6bda85d>:not(style):nth-of-type(4n+1){width:calc(25% - (25px*(4 - 1)\/4))}@media (max-width:991.98px){.gsbp-6bda85d>:not(style):nth-of-type(4n+1){width:calc(50% - (25px*(4 - 1)\/4))}}@media (max-width:575.98px){.gsbp-6bda85d>:not(style):nth-of-type(4n+1){width:100%}}.gsbp-6bda85d>:not(style):nth-of-type(4n+2){width:calc(25% - (25px*(4 - 1)\/4))}@media (max-width:991.98px){.gsbp-6bda85d>:not(style):nth-of-type(4n+2){width:calc(50% - (25px*(4 - 1)\/4))}}@media (max-width:575.98px){.gsbp-6bda85d>:not(style):nth-of-type(4n+2){width:100%}}.gsbp-6bda85d>:not(style):nth-of-type(4n+3){width:calc(25% - (25px*(4 - 1)\/4))}@media (max-width:991.98px){.gsbp-6bda85d>:not(style):nth-of-type(4n+3){width:calc(50% - (25px*(4 - 1)\/4))}}@media (max-width:575.98px){.gsbp-6bda85d>:not(style):nth-of-type(4n+3){width:100%}}.gsbp-6bda85d>:not(style):nth-of-type(4n+4){width:calc(25% - (25px*(4 - 1)\/4))}@media (max-width:991.98px){.gsbp-6bda85d>:not(style):nth-of-type(4n+4){width:calc(50% - (25px*(4 - 1)\/4))}}@media (max-width:575.98px){.gsbp-6bda85d>:not(style):nth-of-type(4n+4){width:100%}}.card{overflow:clip;height:350px;display:flex;align-items:center;position:relative;cursor:pointer;justify-content:flex-end;text-decoration:none;padding:2rem 3rem;flex-direction:column;box-shadow:0 1px 1px rgba(0,0,0,.1),0 2px 2px rgba(0,0,0,.1),0 4px 4px rgba(0,0,0,.1),0 8px 8px rgba(0,0,0,.1),0 16px 16px rgba(0,0,0,.1)}.card,.card a{color:#fff}.gsbp-7cbf093{text-align:center;transition:transform 700ms cubic-bezier(.19,1,.22,1);transform:translateY(calc(100% - 3rem));position:relative;z-index:4;width:100%}.gs-parent-hover:hover .gsbp-7cbf093{transform:translateY(0)}.gsbp-278107e{margin-top:0;margin-bottom:10px;font-size:1.3rem;line-height:1.6rem;text-shadow:0 0 10px rgba(0,0,0,.15);color:var(--wp--preset--color--palette-color-6, var(--theme-palette-color-6, #ffffff))}.gsbp-e6cfaa5{transition-duration:.5s;transition-timing-function:var(--gs-root-animation-easing, cubic-bezier(0.42, 0, 0.58, 1));opacity:var(--gs-root-animation-opacity, 0);transition-property:opacity,transform,filter;transform:var(--gs-root-animation-transform, translate3d(0, calc(max(50px, 15%)), 0))}.gs-parent-hover:hover .gsbp-e6cfaa5{opacity:1;transform:translateZ(0)}.gsbp-ec6806a,.gsbp-ee1274f{transition:transform 700ms cubic-bezier(.19,1,.22,1);width:100%}.gsbp-ec6806a{object-position:56.99999999999999% 43%;height:110%;position:absolute;left:0;top:0;z-index:0;object-fit:cover}.gs-parent-hover:hover .gsbp-ec6806a{transform:translateY(-4%)}.gsbp-ee1274f{text-align:center;transform:translateY(calc(100% - 3rem));position:relative;z-index:4}.gs-parent-hover:hover .gsbp-ee1274f{transform:translateY(0)}.gsbp-3b23e90{margin-top:0;margin-bottom:10px;font-size:1.3rem;line-height:1.6rem;text-shadow:0 0 10px rgba(0,0,0,.15);color:var(--wp--preset--color--palette-color-6, var(--theme-palette-color-6, #ffffff))}.gsbp-d08c960{transition-duration:.5s;transition-timing-function:var(--gs-root-animation-easing, cubic-bezier(0.42, 0, 0.58, 1));opacity:var(--gs-root-animation-opacity, 0);transition-property:opacity,transform,filter;transform:var(--gs-root-animation-transform, translate3d(0, calc(max(50px, 15%)), 0))}.gs-parent-hover:hover .gsbp-d08c960{opacity:1;transform:translateZ(0)}.gsbp-764ae3f,.gsbp-bf3ce33{transition:transform 700ms cubic-bezier(.19,1,.22,1);width:100%}.gsbp-bf3ce33{height:110%;position:absolute;left:0;top:0;z-index:0;object-fit:cover}.gs-parent-hover:hover .gsbp-bf3ce33{transform:translateY(-4%)}.gsbp-764ae3f{text-align:center;transform:translateY(calc(100% - 3rem));position:relative;z-index:4}.gs-parent-hover:hover .gsbp-764ae3f{transform:translateY(0)}.gsbp-265da07{margin-top:0;margin-bottom:10px;font-size:1.3rem;line-height:1.6rem;text-shadow:0 0 10px rgba(0,0,0,.15);color:var(--wp--preset--color--palette-color-6, var(--theme-palette-color-6, #ffffff))}.gsbp-5da2979{transition-duration:.5s;transition-timing-function:var(--gs-root-animation-easing, cubic-bezier(0.42, 0, 0.58, 1));opacity:var(--gs-root-animation-opacity, 0);transition-property:opacity,transform,filter;transform:var(--gs-root-animation-transform, translate3d(0, calc(max(50px, 15%)), 0))}.gs-parent-hover:hover .gsbp-5da2979{opacity:1;transform:translateZ(0)}.gsbp-0316f45,.gsbp-a0a0bf4{transition:transform 700ms cubic-bezier(.19,1,.22,1);width:100%}.gsbp-0316f45{height:110%;position:absolute;left:0;top:0;z-index:0;object-fit:cover}.gs-parent-hover:hover .gsbp-0316f45{transform:translateY(-4%)}.gsbp-a0a0bf4{text-align:center;transform:translateY(calc(100% - 3rem));position:relative;z-index:4}.gs-parent-hover:hover .gsbp-a0a0bf4{transform:translateY(0)}.gsbp-57018bb{margin-top:0;margin-bottom:10px;font-size:1.3rem;line-height:1.6rem;text-shadow:0 0 10px rgba(0,0,0,.15);color:var(--wp--preset--color--palette-color-6, var(--theme-palette-color-6, #ffffff))}.gsbp-7c8395c{transition-duration:.5s;transition-timing-function:var(--gs-root-animation-easing, cubic-bezier(0.42, 0, 0.58, 1));opacity:var(--gs-root-animation-opacity, 0);transition-property:opacity,transform,filter;transform:var(--gs-root-animation-transform, translate3d(0, calc(max(50px, 15%)), 0))}.gs-parent-hover:hover .gsbp-7c8395c{opacity:1;transform:translateZ(0)}.gsbp-236f7b5{object-position:11% 57.99999999999999%;width:100%;height:110%;transition:transform 700ms cubic-bezier(.19,1,.22,1);position:absolute;left:0;top:0;z-index:0;object-fit:cover}.gs-parent-hover:hover .gsbp-236f7b5{transform:translateY(-4%)}.gsbp-69ee311{display:flex;justify-content:center;flex-direction:column;align-items:center;padding-right:min(3vw,20px);padding-left:min(3vw,20px);margin-top:0;margin-bottom:0;position:relative}.gsbp-07e0db7{max-width:100%;width:var(--wp--style--global--wide-size, 1200px);display:flex;flex-direction:row;column-gap:25px;row-gap:25px;flex-wrap:wrap}.gsbp-07e0db7>:not(style):nth-of-type(4n+1){width:calc(25% - (25px*(4 - 1)\/4))}@media (max-width:991.98px){.gsbp-07e0db7>:not(style):nth-of-type(4n+1){width:calc(50% - (25px*(4 - 1)\/4))}}@media (max-width:575.98px){.gsbp-07e0db7>:not(style):nth-of-type(4n+1){width:100%}}.gsbp-07e0db7>:not(style):nth-of-type(4n+2){width:calc(25% - (25px*(4 - 1)\/4))}@media (max-width:991.98px){.gsbp-07e0db7>:not(style):nth-of-type(4n+2){width:calc(50% - (25px*(4 - 1)\/4))}}@media (max-width:575.98px){.gsbp-07e0db7>:not(style):nth-of-type(4n+2){width:100%}}.gsbp-07e0db7>:not(style):nth-of-type(4n+3){width:calc(25% - (25px*(4 - 1)\/4))}@media (max-width:991.98px){.gsbp-07e0db7>:not(style):nth-of-type(4n+3){width:calc(50% - (25px*(4 - 1)\/4))}}@media (max-width:575.98px){.gsbp-07e0db7>:not(style):nth-of-type(4n+3){width:100%}}.gsbp-07e0db7>:not(style):nth-of-type(4n+4){width:calc(25% - (25px*(4 - 1)\/4))}@media (max-width:991.98px){.gsbp-07e0db7>:not(style):nth-of-type(4n+4){width:calc(50% - (25px*(4 - 1)\/4))}}@media (max-width:575.98px){.gsbp-07e0db7>:not(style):nth-of-type(4n+4){width:100%}}.gsbp-085edc3{text-align:center;transition:transform 700ms cubic-bezier(.19,1,.22,1);transform:translateY(calc(100% - 3rem));position:relative;z-index:4;width:100%}.gs-parent-hover:hover .gsbp-085edc3{transform:translateY(0)}.gsbp-f9d7118{margin-top:0;margin-bottom:10px;font-size:1.3rem;line-height:1.6rem;text-shadow:0 0 10px rgba(0,0,0,.15);color:var(--wp--preset--color--palette-color-6, var(--theme-palette-color-6, #ffffff))}.gsbp-75c2438{transition-duration:.5s;transition-timing-function:var(--gs-root-animation-easing, cubic-bezier(0.42, 0, 0.58, 1));opacity:var(--gs-root-animation-opacity, 0);transition-property:opacity,transform,filter;transform:var(--gs-root-animation-transform, translate3d(0, calc(max(50px, 15%)), 0))}.gs-parent-hover:hover .gsbp-75c2438{opacity:1;transform:translateZ(0)}.gsbp-29fa4a6,.gsbp-43fd0fe{transition:transform 700ms cubic-bezier(.19,1,.22,1);width:100%}.gsbp-29fa4a6{object-position:0 70%;height:110%;position:absolute;left:0;top:0;z-index:0;object-fit:cover}.gs-parent-hover:hover .gsbp-29fa4a6{transform:translateY(-4%)}.gsbp-43fd0fe{text-align:center;transform:translateY(calc(100% - 3rem));position:relative;z-index:4}.gs-parent-hover:hover .gsbp-43fd0fe{transform:translateY(0)}.gsbp-90c0b27{margin-top:0;margin-bottom:10px;font-size:1.3rem;line-height:1.6rem;text-shadow:0 0 10px rgba(0,0,0,.15);color:var(--wp--preset--color--palette-color-6, var(--theme-palette-color-6, #ffffff))}.gsbp-cbc1c78{transition-duration:.5s;transition-timing-function:var(--gs-root-animation-easing, cubic-bezier(0.42, 0, 0.58, 1));opacity:var(--gs-root-animation-opacity, 0);transition-property:opacity,transform,filter;transform:var(--gs-root-animation-transform, translate3d(0, calc(max(50px, 15%)), 0))}.gs-parent-hover:hover .gsbp-cbc1c78{opacity:1;transform:translateZ(0)}.gsbp-9894e57,.gsbp-bf589e5{transition:transform 700ms cubic-bezier(.19,1,.22,1);width:100%}.gsbp-9894e57{object-position:38% 86%;height:110%;position:absolute;left:0;top:0;z-index:0;object-fit:cover}.gs-parent-hover:hover .gsbp-9894e57{transform:translateY(-4%)}.gsbp-bf589e5{text-align:center;transform:translateY(calc(100% - 3rem));position:relative;z-index:4}.gs-parent-hover:hover .gsbp-bf589e5{transform:translateY(0)}.gsbp-cbbd428{margin-top:0;margin-bottom:10px;font-size:1.3rem;line-height:1.6rem;text-shadow:0 0 10px rgba(0,0,0,.15);color:var(--wp--preset--color--palette-color-6, var(--theme-palette-color-6, #ffffff))}.gsbp-e8c0503{transition-duration:.5s;transition-timing-function:var(--gs-root-animation-easing, cubic-bezier(0.42, 0, 0.58, 1));opacity:var(--gs-root-animation-opacity, 0);transition-property:opacity,transform,filter;transform:var(--gs-root-animation-transform, translate3d(0, calc(max(50px, 15%)), 0))}.gs-parent-hover:hover .gsbp-e8c0503{opacity:1;transform:translateZ(0)}.gsbp-46c5c9a,.gsbp-a8e3f91{transition:transform 700ms cubic-bezier(.19,1,.22,1);width:100%}.gsbp-a8e3f91{object-position:35% 56.00000000000001%;height:110%;position:absolute;left:0;top:0;z-index:0;object-fit:cover}.gs-parent-hover:hover .gsbp-a8e3f91{transform:translateY(-4%)}.gsbp-46c5c9a{text-align:center;transform:translateY(calc(100% - 3rem));position:relative;z-index:4}.gs-parent-hover:hover .gsbp-46c5c9a{transform:translateY(0)}.gsbp-a103ed4{margin-top:0;margin-bottom:10px;font-size:1.3rem;line-height:1.6rem;text-shadow:0 0 10px rgba(0,0,0,.15);color:var(--wp--preset--color--palette-color-6, var(--theme-palette-color-6, #ffffff))}.gsbp-cbf4a07{transition-duration:.5s;transition-timing-function:var(--gs-root-animation-easing, cubic-bezier(0.42, 0, 0.58, 1));opacity:var(--gs-root-animation-opacity, 0);transition-property:opacity,transform,filter;transform:var(--gs-root-animation-transform, translate3d(0, calc(max(50px, 15%)), 0))}.gs-parent-hover:hover .gsbp-cbf4a07{opacity:1;transform:translateZ(0)}.gsbp-c7d8a80{width:100%;height:110%;transition:transform 700ms cubic-bezier(.19,1,.22,1);position:absolute;left:0;top:0;z-index:0;object-fit:cover}.gs-parent-hover:hover .gsbp-c7d8a80{transform:translateY(-4%)}","footnotes":""},"class_list":["post-8828","page","type-page","status-publish","hentry"],"blocksy_meta":[],"_links":{"self":[{"href":"https:\/\/bogonglaser.com\/fr\/wp-json\/wp\/v2\/pages\/8828","targetHints":{"allow":["GET"]}}],"collection":[{"href":"https:\/\/bogonglaser.com\/fr\/wp-json\/wp\/v2\/pages"}],"about":[{"href":"https:\/\/bogonglaser.com\/fr\/wp-json\/wp\/v2\/types\/page"}],"author":[{"embeddable":true,"href":"https:\/\/bogonglaser.com\/fr\/wp-json\/wp\/v2\/users\/1"}],"replies":[{"embeddable":true,"href":"https:\/\/bogonglaser.com\/fr\/wp-json\/wp\/v2\/comments?post=8828"}],"version-history":[{"count":5,"href":"https:\/\/bogonglaser.com\/fr\/wp-json\/wp\/v2\/pages\/8828\/revisions"}],"predecessor-version":[{"id":8991,"href":"https:\/\/bogonglaser.com\/fr\/wp-json\/wp\/v2\/pages\/8828\/revisions\/8991"}],"wp:attachment":[{"href":"https:\/\/bogonglaser.com\/fr\/wp-json\/wp\/v2\/media?parent=8828"}],"curies":[{"name":"wp","href":"https:\/\/api.w.org\/{rel}","templated":true}]}}