{"id":2082,"date":"2024-12-03T20:17:51","date_gmt":"2024-12-03T12:17:51","guid":{"rendered":"https:\/\/bogonglaser.com\/?page_id=2082"},"modified":"2026-01-06T15:59:37","modified_gmt":"2026-01-06T07:59:37","slug":"co2-laser-cutting-machine","status":"publish","type":"page","link":"https:\/\/bogonglaser.com\/fr\/laser-cutting-machine\/co2-laser-cutting-machine\/","title":{"rendered":"Machine de d\u00e9coupe laser CO2"},"content":{"rendered":"<div class=\"wp-block-greenshift-blocks-row alignfull gspb_row gspb_row-id-gsbp-7322445\" id=\"gspb_row-id-gsbp-7322445\"><div class=\"gspb_row__content\"> \n<div class=\"wp-block-greenshift-blocks-row-column gspb_row__col--12 gspb_row__col--md-12 gspb_col-id-gsbp-b31fa70\" id=\"gspb_col-id-gsbp-b31fa70\">\n<h1 id=\"gspb_heading-id-gsbp-756666d\" class=\"gspb_heading gspb_heading-id-gsbp-756666d\">Machine de d\u00e9coupe laser CO2<\/h1>\n\n\n<\/div>\n <\/div><\/div>\n\n\n\n<div class=\"wp-block-greenshift-blocks-row alignfull gspb_row gspb_row-id-gsbp-0e3373f\" id=\"gspb_row-id-gsbp-0e3373f\"><div class=\"gspb_row__content\"> \n<div class=\"wp-block-greenshift-blocks-row-column gspb_row__col--12 gspb_col-id-gsbp-eb547dc\" id=\"gspb_col-id-gsbp-eb547dc\">\n<div id=\"gspb_text-id-gsbp-4297e85\" class=\"gspb_text gspb_text-id-gsbp-4297e85\">Lasers CO2 pour une gravure et une d\u00e9coupe pr\u00e9cises<br>Notre\u00a0<a href=\"https:\/\/bogonglaser.com\/fr\/laser-cutting-machine\/co2-laser-cutting-machine\/\">D\u00e9coupeurs laser CO2<\/a>\u00a0sont id\u00e9ales pour graver de mani\u00e8re complexe vos motifs pr\u00e9f\u00e9r\u00e9s sur l'acrylique, le bois fin et une vari\u00e9t\u00e9 d'autres mat\u00e9riaux.<\/div>\n\n\n\n<div id=\"gspb_text-id-gsbp-89305d7\" class=\"gspb_text gspb_text-id-gsbp-89305d7\"><strong>Qu'est-ce qu'une machine de d\u00e9coupe laser CO2 ?<\/strong><\/div>\n\n\n\n<div id=\"gspb_text-id-gsbp-017ad58\" class=\"gspb_text gspb_text-id-gsbp-017ad58\"><a href=\"https:\/\/bogonglaser.com\/fr\/\">BOGONG Laser<\/a>\u00a0propose une gamme vari\u00e9e de machines de d\u00e9coupe et de gravure au laser adapt\u00e9es \u00e0 diff\u00e9rents objectifs et secteurs. Que vous ayez besoin d'une machine \u00e0 d\u00e9couper ou \u00e0 graver au laser, nous avons des options avec diff\u00e9rents espaces de travail, des graveurs d'objets cylindriques, des tables de travail r\u00e9glables, des tables interchangeables automatiques doubles, des tables de travail \u00e0 convoyeur et des tubes laser CO2 disponibles en configuration simple, double ou quadruple. Nous proposons \u00e9galement des marqueurs et graveurs \u00e0 fibre optique, des d\u00e9coupeurs de m\u00e9taux au laser, ainsi que des mod\u00e8les de bureau pour les amateurs et l'usage domestique, y compris des machines sp\u00e9cialis\u00e9es pour le bois et bien plus encore.<br>Dans notre gamme de technologies CO2, nous proposons des options de puissance allant de 60W \u00e0 180W, ainsi que des graveurs et marqueurs \u00e0 fibre optique de 20W, 30W, 50W, 100W, 200W, 300W, ainsi que des d\u00e9coupeurs de m\u00e9taux \u00e0 fibre optique entre 500W et 40000W. Avec un tel choix, vous \u00eates s\u00fbr de trouver la machine qui r\u00e9pondra \u00e0 vos besoins.<\/div>\n\n\n<div class=\"woocommerce columns-4\"><ul class=\"products columns-4\" data-products=\"type-1\">\n<li class=\"product type-product post-2079 status-publish first instock product_cat-co2-laser-cutter product_cat-laser-cutting-machine product_tag-co2-laser-cutting-machine has-post-thumbnail shipping-taxable product-type-simple\">\n\t<a href=\"https:\/\/bogonglaser.com\/fr\/co2-laser-engraver-cutter\/\" class=\"woocommerce-LoopProduct-link woocommerce-loop-product__link\"><img decoding=\"async\" width=\"300\" height=\"300\" src=\"https:\/\/bogonglaser.com\/wp-content\/uploads\/2024\/12\/1290-2--300x300.jpg\" class=\"attachment-woocommerce_thumbnail size-woocommerce_thumbnail\" alt=\"d\u00e9coupeur laser co2\" srcset=\"https:\/\/bogonglaser.com\/wp-content\/uploads\/2024\/12\/1290-2--300x300.jpg 300w, https:\/\/bogonglaser.com\/wp-content\/uploads\/2024\/12\/1290-2--100x100.jpg 100w, https:\/\/bogonglaser.com\/wp-content\/uploads\/2024\/12\/1290-2--150x150.jpg 150w, https:\/\/bogonglaser.com\/wp-content\/uploads\/2024\/12\/1290-2-.jpg 600w\" sizes=\"(max-width: 300px) 100vw, 300px\" title=\"\"><h2 class=\"woocommerce-loop-product__title\">Graveur laser CO2<\/h2>\n<\/a><a href=\"https:\/\/bogonglaser.com\/fr\/co2-laser-engraver-cutter\/\" aria-describedby=\"woocommerce_loop_add_to_cart_link_describedby_2079\" data-quantity=\"1\" class=\"button product_type_simple\" data-product_id=\"2079\" data-product_sku=\"\" aria-label=\"En savoir plus sur \u201cCO2 Laser Engraver Cutter\u201d\" rel=\"nofollow\" data-success_message=\"\" data-no-translation=\"\" data-trp-gettext=\"\" data-no-translation-aria-label=\"\">Lire la suite<\/a>\t<span id=\"woocommerce_loop_add_to_cart_link_describedby_2079\" class=\"screen-reader-text\">\n\t\t\t<\/span>\n<\/li>\n<\/ul>\n<\/div>\n\n\n\n<h2 id=\"gspb_heading-id-gsbp-89679cd\" class=\"gspb_heading gspb_heading-id-gsbp-89679cd\">CHOISISSEZ VOTRE MACHINE \u00c0 GRAVER AU LASER ID\u00c9ALE POUR LES D\u00c9BUTANTS ET LES PROFESSIONNELS<\/h2>\n\n\n\n<div id=\"gspb_text-id-gsbp-4671c87\" class=\"gspb_text gspb_text-id-gsbp-4671c87\">Avantages du produit<br>1. Le syst\u00e8me de contr\u00f4le avanc\u00e9 Ruida garantit une utilisation conviviale et prend en charge plusieurs langues.<br>2. Notre technologie haut de gamme offre une pr\u00e9cision de gravure et de num\u00e9risation exceptionnelle, permettant de graver clairement un texte de 1 mm.<br>3. \u00c9quip\u00e9e de rails de guidage ta\u00efwanais et de courroies de haute qualit\u00e9, la machine permet une gravure et une d\u00e9coupe en douceur avec une excellente pr\u00e9cision.<br>4. Choisissez parmi diff\u00e9rentes plates-formes de traitement, avec la possibilit\u00e9 d'inclure des tables \u00e9l\u00e9vatrices \u00e9lectriques.<br>5. Un accessoire rotatif est disponible en option pour traiter efficacement les objets cylindriques.<\/div>\n<\/div>\n <\/div><\/div>\n\n\n\n<div class=\"wp-block-greenshift-blocks-row gspb_row gspb_row-id-gsbp-ec14372\" id=\"gspb_row-id-gsbp-ec14372\"><div class=\"gspb_row__content\"> \n<div class=\"wp-block-greenshift-blocks-row-column gspb_row__col--6 gspb_col-id-gsbp-6618169\" id=\"gspb_col-id-gsbp-6618169\">\n<div id=\"gspb_text-id-gsbp-fca40fd\" class=\"gspb_text gspb_text-id-gsbp-fca40fd\">CONTACTEZ-NOUS<\/div>\n\n\n\n<h2 id=\"gspb_heading-id-gsbp-a8e54c7\" class=\"gspb_heading gspb_heading-id-gsbp-a8e54c7\"><strong>CONTACT BOGONG<\/strong><\/h2>\n\n\n\n<div id=\"gspb_text-id-gsbp-519b848\" class=\"gspb_text gspb_text-id-gsbp-519b848\">Que vous soyez int\u00e9ress\u00e9 par notre machine de d\u00e9coupe laser \u00e0 fibre, l'\u00e9quipe de Bogong Laser est l\u00e0 pour vous fournir des conseils professionnels et des solutions sur mesure. Contactez-nous d\u00e8s aujourd'hui pour discuter de vos besoins sp\u00e9cifiques en mati\u00e8re de machines laser et b\u00e9n\u00e9ficier de l'assistance d'un expert de Bogong Laser.<\/div>\n<\/div>\n\n\n\n<div class=\"wp-block-greenshift-blocks-row-column gspb_row__col--6 gspb_col-id-gsbp-8df49bf\" id=\"gspb_col-id-gsbp-8df49bf\"><div class='fluentform ff-inherit-theme-style fluentform_wrapper_3  ff_guten_block ff_guten_block-3'><form data-form_id=\"3\" id=\"fluentform_3\" class=\"frm-fluent-form fluent_form_3 ff-el-form-top ff_form_instance_3_1 ff-form-loading ffs_inherit_theme\" data-form_instance=\"ff_form_instance_3_1\" method=\"POST\" data-turnstile_key=\"0x4AAAAAACN7Bn4ueLI7W66p\" action=\"\" ><fieldset  style=\"border: none!important;margin: 0!important;padding: 0!important;background-color: transparent!important;box-shadow: none!important;outline: none!important; min-inline-size: 100%;\">\n                    <legend class=\"ff_screen_reader_title\" style=\"display: block; margin: 0!important;padding: 0!important;height: 0!important;text-indent: -999999px;width: 0!important;overflow:hidden;\">Nous contacter<\/legend><input type='hidden' name='__fluent_form_embded_post_id' value='2082' \/><input type=\"hidden\" id=\"_fluentform_3_fluentformnonce\" name=\"_fluentform_3_fluentformnonce\" value=\"5ffb377a52\" \/><input type=\"hidden\" name=\"_wp_http_referer\" value=\"\/fr\/wp-json\/wp\/v2\/pages\/2082\" \/><div data-name=\"ff_cn_id_1\"  class='ff-t-container ff-column-container ff_columns_total_1'><div class='ff-t-cell ff-t-column-1' style='flex-basis: 100%;'><div class='ff-el-group'><div class=\"ff-el-input--label asterisk-right\"><label for='ff_3_input_text' id='label_ff_3_input_text' aria-label=\"Votre nom\">Votre nom<\/label><\/div><div class='ff-el-input--content'><input type=\"text\" name=\"input_text\" class=\"ff-el-form-control\" data-name=\"input_text\" id=\"ff_3_input_text\"  aria-invalid=\"false\" aria-required=\"false\"><\/div><\/div><div class='ff-el-group'><div class=\"ff-el-input--label ff-el-is-required asterisk-right\"><label for='ff_3_input_text_3' id='label_ff_3_input_text_3' aria-label=\"Votre courriel\">Votre courriel<\/label><\/div><div class='ff-el-input--content'><input type=\"text\" name=\"input_text_3\" class=\"ff-el-form-control\" data-name=\"input_text_3\" id=\"ff_3_input_text_3\"  aria-invalid=\"false\" aria-required=\"true\"><\/div><\/div><div class='ff-el-group'><div class=\"ff-el-input--label asterisk-right\"><label for='ff_3_input_text_2' id='label_ff_3_input_text_2' aria-label=\"Votre t\u00e9l\u00e9phone ou WhatsApp\">Votre t\u00e9l\u00e9phone ou WhatsApp<\/label><\/div><div class='ff-el-input--content'><input type=\"text\" name=\"input_text_2\" class=\"ff-el-form-control\" data-name=\"input_text_2\" id=\"ff_3_input_text_2\"  aria-invalid=\"false\" aria-required=\"false\"><\/div><\/div><div class='ff-el-group'><div class=\"ff-el-input--label asterisk-right\"><label for='ff_3_input_text_1' id='label_ff_3_input_text_1' aria-label=\"Sujet\">Sujet<\/label><\/div><div class='ff-el-input--content'><input type=\"text\" name=\"input_text_1\" class=\"ff-el-form-control\" data-name=\"input_text_1\" id=\"ff_3_input_text_1\"  aria-invalid=\"false\" aria-required=\"false\"><\/div><\/div><\/div><\/div><div data-name=\"ff_cn_id_2\"  class='ff-t-container ff-column-container ff_columns_total_1'><div class='ff-t-cell ff-t-column-1' style='flex-basis: 100%;'><div class='ff-el-group'><div class=\"ff-el-input--label asterisk-right\"><label for='ff_3_description' id='label_ff_3_description' aria-label=\"Votre message\">Votre message<\/label><\/div><div class='ff-el-input--content'><textarea aria-required=\"false\" aria-labelledby=\"label_ff_3_description\" name=\"description\" id=\"ff_3_description\" class=\"ff-el-form-control\" rows=\"6\" cols=\"2\" data-name=\"description\" ><\/textarea><\/div><\/div><\/div><\/div><div class='ff-el-group' ><div class='ff-el-input--content'><div data-fluent_id='3' name='cf-turnstile-response'><div\n\t\tdata-sitekey='0x4AAAAAACN7Bn4ueLI7W66p'\n\t\tdata-theme='auto'\n\t\tid='fluentform-turnstile-3-1'\n\t\tclass='ff-el-turnstile cf-turnstile'\n\t\tdata-appearance='execute'><\/div><\/div><\/div><\/div><div class='ff-el-group ff-text-left ff_submit_btn_wrapper'><button type=\"submit\" class=\"ff-btn ff-btn-submit ff-btn-md ff_btn_no_style\"  aria-label=\"Soumettre le formulaire\">Soumettre le formulaire<\/button><\/div><\/fieldset><input type=\"hidden\" name=\"trp-form-language\" value=\"fr\"\/><\/form><div id='fluentform_3_errors' class='ff-errors-in-stack ff_form_instance_3_1 ff-form-loading_errors ff_form_instance_3_1_errors'><\/div><\/div>            <script type=\"text\/javascript\">\n                window.fluent_form_ff_form_instance_3_1 = {\"id\":\"3\",\"ajaxUrl\":\"https:\\\/\\\/bogonglaser.com\\\/wp-admin\\\/admin-ajax.php\",\"settings\":{\"layout\":{\"labelPlacement\":\"top\",\"asteriskPlacement\":\"asterisk-right\",\"helpMessagePlacement\":\"with_label\",\"errorMessagePlacement\":\"inline\",\"cssClassName\":\"\"},\"restrictions\":{\"denyEmptySubmission\":{\"enabled\":false}}},\"form_instance\":\"ff_form_instance_3_1\",\"form_id_selector\":\"fluentform_3\",\"rules\":{\"input_text\":{\"required\":{\"value\":false,\"message\":\"Ce champ est obligatoire\",\"global_message\":\"\\u8fd9\\u662f\\u5fc5\\u586b\\u680f\",\"global\":true}},\"input_text_3\":{\"required\":{\"value\":true,\"message\":\"Ce champ est obligatoire\",\"global_message\":\"\\u8fd9\\u662f\\u5fc5\\u586b\\u680f\",\"global\":true}},\"input_text_2\":{\"required\":{\"value\":false,\"message\":\"Ce champ est obligatoire\",\"global_message\":\"\\u8fd9\\u662f\\u5fc5\\u586b\\u680f\",\"global\":true}},\"input_text_1\":{\"required\":{\"value\":false,\"message\":\"Ce champ est obligatoire\",\"global_message\":\"\\u8fd9\\u662f\\u5fc5\\u586b\\u680f\",\"global\":true}},\"description\":{\"required\":{\"value\":false,\"message\":\"Ce champ est obligatoire\",\"global_message\":\"\\u8fd9\\u662f\\u5fc5\\u586b\\u680f\",\"global\":true}},\"cf-turnstile-response\":[]},\"debounce_time\":300};\n                            <\/script>\n            <\/div>\n <\/div><\/div>\n\n\n\n<p><\/p>","protected":false},"excerpt":{"rendered":"","protected":false},"author":1,"featured_media":2090,"parent":1618,"menu_order":0,"comment_status":"closed","ping_status":"closed","template":"","meta":{"_gspb_post_css":"#gspb_row-id-gsbp-7322445{justify-content:space-between;margin-bottom:0;display:flex;flex-wrap:wrap;margin-top:-50px;padding-top:8rem;padding-right:rem;padding-bottom:10rem;padding-left:rem;overflow:hidden}#gspb_row-id-gsbp-7322445>.gspb_row__content{display:flex;justify-content:space-between;margin:0 auto;width:100%;flex-wrap:wrap}div[id^=gspb_col-id]{box-sizing:border-box;position:relative;padding:var(--gs-row-column-padding, 15px min(3vw, 20px))}body.gspb-bodyfront #gspb_row-id-gsbp-7322445>.gspb_row__content{width:var(--theme-container-width, 1200px);max-width:var(--theme-normal-container-max-width, 1200px)}@media (max-width:991.98px){#gspb_row-id-gsbp-7322445{padding-bottom:15rem}}@media (max-width:575.98px){#gspb_row-id-gsbp-7322445{padding-top:3rem}}#gspb_row-id-gsbp-7322445{color:#fff;background-color:#18181b;background-position:24% 65%;background-image:url(https:\/\/bogonglaser.com\/wp-content\/uploads\/2025\/12\/fiber-laser-cutting-machine-1.jpg);perspective:1000px}#gspb_col-id-gsbp-b31fa70.gspb_row__col--12{width:100%}@media (max-width:991.98px){#gspb_col-id-gsbp-b31fa70.gspb_row__col--12{width:100%}}@media (max-width:575.98px){#gspb_col-id-gsbp-b31fa70.gspb_row__col--12{width:100%}}body.gspb-bodyfront #gspb_col-id-gsbp-b31fa70.gspb_row__col--12{z-index:1000}body #gspb_col-id-gsbp-b31fa70.gspb_row__col--12{display:flex;flex-direction:column;row-gap:2rem}@media (max-width:991.98px){body #gspb_col-id-gsbp-b31fa70.gspb_row__col--12{justify-content:center;align-items:center}}#gspb_heading-id-gsbp-756666d{font-size:clamp(2.2rem,4.3vw,3.2rem);line-height:clamp(2.75rem,4.7vw,3.5rem);text-align:center!important}#gspb_heading-id-gsbp-756666d .gsap-g-line{text-align:center!important}@media (max-width:991.98px){#gspb_heading-id-gsbp-756666d,#gspb_heading-id-gsbp-756666d .gsap-g-line{text-align:center!important}}#gspb_heading-id-gsbp-756666d{color:var(--wp--preset--color--palette-color-6, var(--theme-palette-color-6, #ffffff));margin:0}#gspb_row-id-gsbp-0e3373f,#gspb_row-id-gsbp-ec14372{justify-content:space-between;display:flex;flex-wrap:wrap;margin-top:50px;margin-bottom:0}#gspb_row-id-gsbp-0e3373f>.gspb_row__content{display:flex;justify-content:space-between;margin:0 auto;width:100%;flex-wrap:wrap}#gspb_col-id-gsbp-eb547dc.gspb_row__col--12{width:100%}@media (max-width:575.98px){#gspb_col-id-gsbp-eb547dc.gspb_row__col--12{width:100%}}.gspb_text-id-gsbp-89305d7{font-size:15px;margin-top:20px!important;margin-bottom:10px!important}.gspb_text-id-gsbp-89305d7,.gspb_text-id-gsbp-89305d7 .gsap-g-line{text-align:center!important}#gspb_row-id-gsbp-ec14372{margin-top:30px}#gspb_row-id-gsbp-ec14372>.gspb_row__content{display:flex;justify-content:space-between;margin:0 auto;width:100%;flex-wrap:wrap}.gspb_row{position:relative}body.gspb-bodyfront #gspb_row-id-gsbp-0e3373f>.gspb_row__content,body.gspb-bodyfront #gspb_row-id-gsbp-ec14372>.gspb_row__content{width:var(--theme-container-width, 1200px);max-width:var(--theme-normal-container-max-width, 1200px)}#gspb_col-id-gsbp-6618169.gspb_row__col--6{width:50%}@media (max-width:575.98px){#gspb_col-id-gsbp-6618169.gspb_row__col--6{width:100%}}#gspb_heading-id-gsbp-a8e54c7{font-size:45px}#gspb_col-id-gsbp-8df49bf.gspb_row__col--6{width:50%}@media (max-width:575.98px){#gspb_col-id-gsbp-8df49bf.gspb_row__col--6{width:100%}}","footnotes":""},"class_list":["post-2082","page","type-page","status-publish","has-post-thumbnail","hentry"],"blocksy_meta":[],"_links":{"self":[{"href":"https:\/\/bogonglaser.com\/fr\/wp-json\/wp\/v2\/pages\/2082","targetHints":{"allow":["GET"]}}],"collection":[{"href":"https:\/\/bogonglaser.com\/fr\/wp-json\/wp\/v2\/pages"}],"about":[{"href":"https:\/\/bogonglaser.com\/fr\/wp-json\/wp\/v2\/types\/page"}],"author":[{"embeddable":true,"href":"https:\/\/bogonglaser.com\/fr\/wp-json\/wp\/v2\/users\/1"}],"replies":[{"embeddable":true,"href":"https:\/\/bogonglaser.com\/fr\/wp-json\/wp\/v2\/comments?post=2082"}],"version-history":[{"count":3,"href":"https:\/\/bogonglaser.com\/fr\/wp-json\/wp\/v2\/pages\/2082\/revisions"}],"predecessor-version":[{"id":9064,"href":"https:\/\/bogonglaser.com\/fr\/wp-json\/wp\/v2\/pages\/2082\/revisions\/9064"}],"up":[{"embeddable":true,"href":"https:\/\/bogonglaser.com\/fr\/wp-json\/wp\/v2\/pages\/1618"}],"wp:featuredmedia":[{"embeddable":true,"href":"https:\/\/bogonglaser.com\/fr\/wp-json\/wp\/v2\/media\/2090"}],"wp:attachment":[{"href":"https:\/\/bogonglaser.com\/fr\/wp-json\/wp\/v2\/media?parent=2082"}],"curies":[{"name":"wp","href":"https:\/\/api.w.org\/{rel}","templated":true}]}}