{"id":5192,"date":"2025-07-21T16:49:17","date_gmt":"2025-07-21T08:49:17","guid":{"rendered":"https:\/\/bogonglaser.com\/?post_type=product&#038;p=5192"},"modified":"2025-12-10T16:25:09","modified_gmt":"2025-12-10T08:25:09","slug":"best-metal-cutting-laser-machine","status":"publish","type":"product","link":"https:\/\/bogonglaser.com\/es\/best-metal-cutting-laser-machine\/","title":{"rendered":"Mejor m\u00e1quina l\u00e1ser de corte de metal"},"content":{"rendered":"<p>Una m\u00e1quina l\u00e1ser de corte de metal es una herramienta automatizada que utiliza un rayo l\u00e1ser y un sistema de control digital para cortar diversos materiales como metales (acero, cobre, lat\u00f3n, aluminio, titanio, oro, plata, aleaciones, hierro). Las piezas principales incluyen la base y el bastidor de la m\u00e1quina, el controlador CNC, el generador l\u00e1ser, la fuente de alimentaci\u00f3n, el tubo l\u00e1ser, el cabezal de corte, la lente, los espejos, el enfriador de agua, los servomotores, el cilindro de gas, el compresor de aire, el tanque de almacenamiento de gas, el filtro de aire, el extractor de polvo, el secador y el software.<\/p>\n<p>Un sistema de corte por l\u00e1ser es un conjunto completo de piezas integradas dise\u00f1adas para realizar cortes precisos para fabricaci\u00f3n industrial, educaci\u00f3n, peque\u00f1as empresas y uso dom\u00e9stico. Ofrece m\u00e1s flexibilidad que las cortadoras manuales o mec\u00e1nicas. Puede cortar muchos materiales de distintos grosores, y las formas que se pueden crear son pr\u00e1cticamente ilimitadas. La programaci\u00f3n es r\u00e1pida y sencilla, por lo que se pueden realizar ajustes en cualquier fase de la producci\u00f3n con un tiempo o coste adicional m\u00ednimo. El sistema proporciona una gran precisi\u00f3n, cortes limpios y sin deformaci\u00f3n del material. Es una soluci\u00f3n ideal para automatizar y modular los procesos de fabricaci\u00f3n, mejorando la eficacia y la calidad.<\/p>\n<figure id=\"attachment_7382\" aria-describedby=\"caption-attachment-7382\" style=\"width: 300px\" class=\"wp-caption alignnone\"><img decoding=\"async\" class=\"size-medium wp-image-7382\" src=\"https:\/\/bogonglaser.com\/wp-content\/uploads\/2025\/07\/laser-cutting-1-300x201.jpg\" alt=\"corte por l\u00e1ser\" width=\"300\" height=\"201\" title=\"\" srcset=\"https:\/\/bogonglaser.com\/wp-content\/uploads\/2025\/07\/laser-cutting-1-300x201.jpg 300w, https:\/\/bogonglaser.com\/wp-content\/uploads\/2025\/07\/laser-cutting-1-18x12.jpg 18w, https:\/\/bogonglaser.com\/wp-content\/uploads\/2025\/07\/laser-cutting-1.jpg 600w\" sizes=\"(max-width: 300px) 100vw, 300px\" \/><figcaption id=\"caption-attachment-7382\" class=\"wp-caption-text\">corte por l\u00e1ser<\/figcaption><\/figure>\n<p><strong>Caracter\u00edsticas principales:<\/strong><\/p>\n<ul>\n<li><strong>Corte preciso:<\/strong>\u00a0Utiliza tecnolog\u00eda l\u00e1ser avanzada para cortes limpios y precisos con poca distorsi\u00f3n por calor.<\/li>\n<li><strong>R\u00e1pido y eficaz:<\/strong>\u00a0Corta r\u00e1pidamente, ayudando a aumentar su velocidad de producci\u00f3n.<\/li>\n<li><strong>Adecuado para muchas industrias:<\/strong>\u00a0Ideal para automoci\u00f3n, construcci\u00f3n, se\u00f1alizaci\u00f3n y fabricaci\u00f3n de metal.<\/li>\n<li><strong>F\u00e1cil de usar:<\/strong>\u00a0Los sencillos controles y el software facilitan el manejo a los operarios.<\/li>\n<li><strong>Construcci\u00f3n duradera:<\/strong>\u00a0Fabricado con materiales resistentes para durar mucho tiempo con un mantenimiento m\u00ednimo.<\/li>\n<\/ul>\n<p><strong>\u00bfPor qu\u00e9 elegir nuestra m\u00e1quina l\u00e1ser para corte de metales?<\/strong><\/p>\n<ul>\n<li><strong>Cuerpo de la m\u00e1quina estable y todos los detalles de actualizaci\u00f3n. (se puede ver el v\u00eddeo a continuaci\u00f3n)<\/strong><\/li>\n<li><strong>Ahorre tiempo y material:<\/strong>\u00a0Corta con eficacia, reduciendo los residuos y el consumo de energ\u00eda.<\/li>\n<li><strong>Flexible:<\/strong>\u00a0Puede manipular diferentes tama\u00f1os y grosores de hoja.<\/li>\n<li><strong>Seguro y fiable:<\/strong>\u00a0Equipado con elementos de seguridad y conforme a las normas internacionales.<\/li>\n<li><strong>Apoyo:<\/strong>\u00a0Ofrecemos formaci\u00f3n, asistencia t\u00e9cnica y mantenimiento para que su m\u00e1quina funcione sin problemas.<\/li>\n<\/ul>\n<p><iframe title=\"\u00a1Vea C\u00f3mo Esta Cortadora L\u00e1ser Es Construida Diferente De Otras!\" width=\"1290\" height=\"726\" src=\"https:\/\/www.youtube.com\/embed\/kv3tNysqvk0?feature=oembed\" frameborder=\"0\" allow=\"accelerometer; autoplay; clipboard-write; encrypted-media; gyroscope; picture-in-picture; web-share\" referrerpolicy=\"strict-origin-when-cross-origin\" allowfullscreen><\/iframe><\/p>\n<h3>Costes y precios<\/h3>\n<p>Si est\u00e1 pensando en iniciar un negocio con una m\u00e1quina de corte por l\u00e1ser Metal, es posible que se pregunte por los costes que conlleva y los precios t\u00edpicos del mercado. Seg\u00fan los an\u00e1lisis de mercado, el precio de las cortadoras l\u00e1ser var\u00eda mucho:<\/p>\n<ul>\n<li>Los modelos m\u00e1s asequibles cuestan a partir de\u00a0<strong>$12000<\/strong>.<\/li>\n<li>Las m\u00e1quinas de gama alta pueden costar\u00a0<strong>$200,000<\/strong>\u00a0o m\u00e1s.<\/li>\n<\/ul>\n<p>Estos precios no incluyen gastos de env\u00edo, impuestos, aduanas, servicio ni asistencia t\u00e9cnica. El coste real depende de factores como la marca, el tipo, el modelo, la potencia y caracter\u00edsticas adicionales como mesas personalizadas, generadores, accesorios giratorios, software, accesorios, actualizaciones, configuraci\u00f3n y depuraci\u00f3n.<\/p>\n<h4>Precios t\u00edpicos en 2025:<\/h4>\n<ul>\n<li>La gama de m\u00e1quinas l\u00e1ser de corte de metal va desde <strong>de $12.000 a m\u00e1s de $900.000<\/strong>.<\/li>\n<\/ul>\n<p>Para accesorios y piezas:<\/p>\n<ul>\n<li>Los consumibles y las piezas b\u00e1sicas cuestan unos\u00a0<strong>$9<\/strong>.<\/li>\n<li>Los generadores l\u00e1ser de fibra de alta potencia pueden ser tan caros como\u00a0<strong>$30,000<\/strong>.<\/li>\n<\/ul>\n<p><iframe title=\"Peque\u00f1a pero POTENTE Cortadora L\u00e1ser Corta Metal con Precisi\u00f3n\" width=\"1290\" height=\"726\" src=\"https:\/\/www.youtube.com\/embed\/5BStGlyjEOc?feature=oembed\" frameborder=\"0\" allow=\"accelerometer; autoplay; clipboard-write; encrypted-media; gyroscope; picture-in-picture; web-share\" referrerpolicy=\"strict-origin-when-cross-origin\" allowfullscreen><\/iframe><\/p>\n<p><iframe title=\"\u00bfQu\u00e9 puede hacer una m\u00e1quina de corte por l\u00e1ser de fibra de 2000w?  Show de Velocidad Real para Acero Inoxidable, Acero Medio\" width=\"1290\" height=\"726\" src=\"https:\/\/www.youtube.com\/embed\/nfdBXiTmWwo?feature=oembed\" frameborder=\"0\" allow=\"accelerometer; autoplay; clipboard-write; encrypted-media; gyroscope; picture-in-picture; web-share\" referrerpolicy=\"strict-origin-when-cross-origin\" allowfullscreen><\/iframe><\/p>","protected":false},"excerpt":{"rendered":"<p>La m\u00e1quina l\u00e1ser de corte de metal es una herramienta precisa utilizada para cortar metales como acero, aluminio y lat\u00f3n. Utiliza un rayo l\u00e1ser para realizar cortes limpios y precisos. Esta m\u00e1quina es r\u00e1pida, fiable y ayuda a reducir los residuos. Se utiliza en industrias como la fabricaci\u00f3n, la automoci\u00f3n y la construcci\u00f3n para mejorar la eficiencia y la calidad.<\/p>","protected":false},"featured_media":5199,"template":"","meta":{"_gspb_post_css":""},"product_brand":[],"product_cat":[117,118],"product_tag":[105,169],"class_list":{"0":"post-5192","1":"product","2":"type-product","3":"status-publish","4":"has-post-thumbnail","6":"product_cat-fiber-laser-cutting-machine","7":"product_cat-laser-metal-cutting-machine","8":"product_tag-fiber-laser-cutting-machine","9":"product_tag-metal-laser-cutting-machine","11":"first","12":"instock","13":"shipping-taxable","14":"product-type-simple"},"_links":{"self":[{"href":"https:\/\/bogonglaser.com\/es\/wp-json\/wp\/v2\/product\/5192","targetHints":{"allow":["GET"]}}],"collection":[{"href":"https:\/\/bogonglaser.com\/es\/wp-json\/wp\/v2\/product"}],"about":[{"href":"https:\/\/bogonglaser.com\/es\/wp-json\/wp\/v2\/types\/product"}],"wp:featuredmedia":[{"embeddable":true,"href":"https:\/\/bogonglaser.com\/es\/wp-json\/wp\/v2\/media\/5199"}],"wp:attachment":[{"href":"https:\/\/bogonglaser.com\/es\/wp-json\/wp\/v2\/media?parent=5192"}],"wp:term":[{"taxonomy":"product_brand","embeddable":true,"href":"https:\/\/bogonglaser.com\/es\/wp-json\/wp\/v2\/product_brand?post=5192"},{"taxonomy":"product_cat","embeddable":true,"href":"https:\/\/bogonglaser.com\/es\/wp-json\/wp\/v2\/product_cat?post=5192"},{"taxonomy":"product_tag","embeddable":true,"href":"https:\/\/bogonglaser.com\/es\/wp-json\/wp\/v2\/product_tag?post=5192"}],"curies":[{"name":"wp","href":"https:\/\/api.w.org\/{rel}","templated":true}]}}