{"id":2402,"date":"2025-02-10T15:35:22","date_gmt":"2025-02-10T07:35:22","guid":{"rendered":"https:\/\/bogonglaser.com\/?post_type=product&#038;p=2402"},"modified":"2026-03-05T11:39:20","modified_gmt":"2026-03-05T03:39:20","slug":"smallest-3020-fiber-laer-cutting-machine-300200mm","status":"publish","type":"product","link":"https:\/\/bogonglaser.com\/es\/smallest-3020-fiber-laer-cutting-machine-300200mm\/","title":{"rendered":"Fabricante profesional de m\u00e1quinas de corte l\u00e1ser de metales peque\u00f1os (300*200mm)"},"content":{"rendered":"<p><strong>Bogong Smallest Fiber Laser Cutter (300 x 200 mm)<\/strong><\/p>\n<p>Introducing the Smallest <a href=\"https:\/\/bogonglaser.com\/es\/fiber-laser-cutter\/\">Cortadora l\u00e1ser de fibra<\/a>, engineered for precision and efficiency in metal fabrication.<\/p>\n<p>With a compact cutting area of 300 x 200 mm, this innovative machine is designed to deliver superior performance in a variety of applications, from small-scale production to intricate prototypes.<\/p>\n<p><img decoding=\"async\" class=\"alignnone size-full wp-image-9094\" src=\"https:\/\/bogonglaser.com\/wp-content\/uploads\/2025\/02\/small-metal-laser-cutter.jpg\" alt=\"\" width=\"800\" height=\"600\" title=\"\" srcset=\"https:\/\/bogonglaser.com\/wp-content\/uploads\/2025\/02\/small-metal-laser-cutter.jpg 800w, https:\/\/bogonglaser.com\/wp-content\/uploads\/2025\/02\/small-metal-laser-cutter-300x225.jpg 300w, https:\/\/bogonglaser.com\/wp-content\/uploads\/2025\/02\/small-metal-laser-cutter-768x576.jpg 768w, https:\/\/bogonglaser.com\/wp-content\/uploads\/2025\/02\/small-metal-laser-cutter-16x12.jpg 16w, https:\/\/bogonglaser.com\/wp-content\/uploads\/2025\/02\/small-metal-laser-cutter-600x450.jpg 600w\" sizes=\"(max-width: 800px) 100vw, 800px\" \/><\/p>\n<p><strong>Core Advantages:<\/strong><\/p>\n<ul>\n<li><strong>High Cutting precision:<\/strong> Smooth cutting edge, high accuracy.<\/li>\n<li><strong>Strong Cutting Ability:<\/strong> High efficiency for various metal materials processing, like stainless steel, Gold, Silver, aluminum alloy, copper, titanium alloy, carbon steel, and various alloy steels<\/li>\n<li><strong>Small &amp; Compact Structure: <\/strong>Space-saving, easy to install and operate.<\/li>\n<li><strong>Tecnolog\u00eda l\u00e1ser de fibra avanzada:<\/strong> La cortadora Bogong adopta tecnolog\u00eda l\u00e1ser de fibra de alta calidad, fuente l\u00e1ser con refrigeraci\u00f3n por aire y cabezal l\u00e1ser, lo que garantiza velocidades de corte r\u00e1pidas y una precisi\u00f3n excepcional. Esto permite realizar cortes limpios y precisos, incluso en dise\u00f1os complejos.<\/li>\n<li><strong>Factory Direct Supply:<\/strong> Competitive price, strict quality control.<\/li>\n<li><strong>Widely Recognized by Customers: <\/strong>Trusted by global buyers in metal fabrication industry.<\/li>\n<li><strong>Interfaz f\u00e1cil de usar:<\/strong> Equipada con un sistema de control intuitivo, los usuarios pueden configurar y manejar f\u00e1cilmente la m\u00e1quina, agilizando el proceso de corte y mejorando la productividad.<\/li>\n<li><strong>Alta estabilidad y longevidad:<\/strong> Construida con componentes de alta calidad, la cortadora l\u00e1ser de fibra m\u00e1s peque\u00f1a de Bogong est\u00e1 dise\u00f1ada para ofrecer durabilidad y rendimiento a largo plazo, reduciendo los costes de mantenimiento y los tiempos de inactividad.<\/li>\n<li><strong>Caracter\u00edsticas de seguridad:<\/strong> La m\u00e1quina est\u00e1 equipada con mecanismos de seguridad esenciales para garantizar la protecci\u00f3n del operador durante el funcionamiento, lo que permite un entorno de trabajo seguro.<\/li>\n<\/ul>\n<figure id=\"attachment_9101\" aria-describedby=\"caption-attachment-9101\" style=\"width: 800px\" class=\"wp-caption alignnone\"><img decoding=\"async\" class=\"size-full wp-image-9101\" src=\"https:\/\/bogonglaser.com\/wp-content\/uploads\/2025\/02\/QQ\u56fe\u724720260305113828.jpeg\" alt=\"small size laser cutter\" width=\"800\" height=\"800\" title=\"\" srcset=\"https:\/\/bogonglaser.com\/wp-content\/uploads\/2025\/02\/QQ\u56fe\u724720260305113828.jpeg 800w, https:\/\/bogonglaser.com\/wp-content\/uploads\/2025\/02\/QQ\u56fe\u724720260305113828-300x300.jpeg 300w, https:\/\/bogonglaser.com\/wp-content\/uploads\/2025\/02\/QQ\u56fe\u724720260305113828-150x150.jpeg 150w, https:\/\/bogonglaser.com\/wp-content\/uploads\/2025\/02\/QQ\u56fe\u724720260305113828-768x768.jpeg 768w, https:\/\/bogonglaser.com\/wp-content\/uploads\/2025\/02\/QQ\u56fe\u724720260305113828-12x12.jpeg 12w, https:\/\/bogonglaser.com\/wp-content\/uploads\/2025\/02\/QQ\u56fe\u724720260305113828-600x600.jpeg 600w, https:\/\/bogonglaser.com\/wp-content\/uploads\/2025\/02\/QQ\u56fe\u724720260305113828-100x100.jpeg 100w\" sizes=\"(max-width: 800px) 100vw, 800px\" \/><figcaption id=\"caption-attachment-9101\" class=\"wp-caption-text\">small size laser cutter<\/figcaption><\/figure>\n<p><strong>Aplicaciones:<\/strong> Esta cortadora l\u00e1ser es perfecta para una amplia gama de aplicaciones, como electr\u00f3nica, se\u00f1alizaci\u00f3n, arte en metal y componentes de automoci\u00f3n, y destaca por su facilidad para crear detalles finos y dise\u00f1os intrincados.<\/p>\n<p><iframe title=\"Cortadora L\u00e1ser de Fibra \u00d3ptica 300*200mm | Mini M\u00e1quina de Corte L\u00e1ser de Fibra \u00d3ptica\" width=\"1290\" height=\"726\" src=\"https:\/\/www.youtube.com\/embed\/mGV6xBDycsc?feature=oembed\" frameborder=\"0\" allow=\"accelerometer; autoplay; clipboard-write; encrypted-media; gyroscope; picture-in-picture; web-share\" referrerpolicy=\"strict-origin-when-cross-origin\" allowfullscreen><\/iframe><\/p>\n<div class=\"sub-header-divs\">\n<h3>Rendimiento<\/h3>\n<\/div>\n<ul>\n<li>Medio l\u00e1ser - L\u00e1ser de fibra \u00f3ptica de estado s\u00f3lido CW 1070 nm<\/li>\n<li>Potencia l\u00e1ser - 800W-2000W Opciones de fuente de fibra<\/li>\n<li>Poder - <strong>\u00a0220V 1 Fase<\/strong><\/li>\n<li>Precisi\u00f3n de posicionamiento - \u2264\u00b10,03 mm<\/li>\n<li>Precisi\u00f3n de repetibilidad - \u2264\u00b10,02mm<\/li>\n<\/ul>\n<div class=\"sub-header-divs\">\n<h3>Sistema<\/h3>\n<\/div>\n<ul>\n<li>Sistema de propulsi\u00f3n - M\u00f3dulo de propulsi\u00f3n<\/li>\n<li>Modo refrigeraci\u00f3n - Aire Agua<\/li>\n<\/ul>\n<p><iframe title=\"Peque\u00f1a pero POTENTE Cortadora L\u00e1ser Corta Metal con Precisi\u00f3n\" width=\"1290\" height=\"726\" src=\"https:\/\/www.youtube.com\/embed\/5BStGlyjEOc?feature=oembed\" frameborder=\"0\" allow=\"accelerometer; autoplay; clipboard-write; encrypted-media; gyroscope; picture-in-picture; web-share\" referrerpolicy=\"strict-origin-when-cross-origin\" allowfullscreen><\/iframe><\/p>\n<p>Customer who visited BOGONG LASER factory for purchase this small metal laser cutting machine<\/p>\n<figure id=\"attachment_9090\" aria-describedby=\"caption-attachment-9090\" style=\"width: 700px\" class=\"wp-caption alignnone\"><img decoding=\"async\" class=\"size-full wp-image-9090\" src=\"https:\/\/bogonglaser.com\/wp-content\/uploads\/2025\/02\/how-about-bogong-laser-cutter.jpg\" alt=\"\" width=\"700\" height=\"600\" title=\"\" srcset=\"https:\/\/bogonglaser.com\/wp-content\/uploads\/2025\/02\/how-about-bogong-laser-cutter.jpg 700w, https:\/\/bogonglaser.com\/wp-content\/uploads\/2025\/02\/how-about-bogong-laser-cutter-300x257.jpg 300w, https:\/\/bogonglaser.com\/wp-content\/uploads\/2025\/02\/how-about-bogong-laser-cutter-14x12.jpg 14w, https:\/\/bogonglaser.com\/wp-content\/uploads\/2025\/02\/how-about-bogong-laser-cutter-600x514.jpg 600w\" sizes=\"(max-width: 700px) 100vw, 700px\" \/><figcaption id=\"caption-attachment-9090\" class=\"wp-caption-text\">small metal laser cutting machine<\/figcaption><\/figure>\n<p>Very good feedback about BOGONG small fiber laser cutter<\/p>\n<p><iframe title=\"Visit\u00f3 BOGONG y orden\u00f3 2030 cortadora l\u00e1ser de fibra | Feedback BOGONG m\u00e1quina de corte por l\u00e1ser\" width=\"1290\" height=\"726\" src=\"https:\/\/www.youtube.com\/embed\/olZXLLVhLls?feature=oembed\" frameborder=\"0\" allow=\"accelerometer; autoplay; clipboard-write; encrypted-media; gyroscope; picture-in-picture; web-share\" referrerpolicy=\"strict-origin-when-cross-origin\" allowfullscreen><\/iframe><\/p>\n<p>BOGONG factory show:<\/p>\n<p><iframe title=\"CHINA OEM ODM LASER MACHINE MANUFACTURER-BOGONG LASER \" width=\"1290\" height=\"726\" src=\"https:\/\/www.youtube.com\/embed\/kMzt58ROsW8?feature=oembed\" frameborder=\"0\" allow=\"accelerometer; autoplay; clipboard-write; encrypted-media; gyroscope; picture-in-picture; web-share\" referrerpolicy=\"strict-origin-when-cross-origin\" allowfullscreen><\/iframe><\/p>\n<p>BOGONG famoso por su calidad de los equipos l\u00e1ser y el servicio de servicio post-venta, Nuestras m\u00e1quinas son vers\u00e1tiles y f\u00e1ciles de usar, dise\u00f1ado con todos los niveles de habilidad en mente. Por encima de todo, damos prioridad a la satisfacci\u00f3n del cliente. Ya sea un experto o un principiante, <a href=\"https:\/\/bogonglaser.com\/es\/\">L\u00c1SER BOGONG<\/a> est\u00e1 aqu\u00ed para apoyarle en cada paso del camino. Conf\u00ede en nosotros y en nuestro servicio, donde la excelencia y la innovaci\u00f3n se unen para su \u00e9xito.<\/p>\n<p>BOGONG have CE FDA SGS Rohs certifcates<\/p>\n<figure id=\"attachment_9096\" aria-describedby=\"caption-attachment-9096\" style=\"width: 1197px\" class=\"wp-caption alignnone\"><img decoding=\"async\" class=\"wp-image-9096\" src=\"https:\/\/bogonglaser.com\/wp-content\/uploads\/2025\/02\/QQ\u56fe\u724720260305110954.png\" alt=\"BOGONG have CE FDA SGS Rohs certifcates\" width=\"1197\" height=\"374\" title=\"\" srcset=\"https:\/\/bogonglaser.com\/wp-content\/uploads\/2025\/02\/QQ\u56fe\u724720260305110954.png 1921w, https:\/\/bogonglaser.com\/wp-content\/uploads\/2025\/02\/QQ\u56fe\u724720260305110954-300x94.png 300w, https:\/\/bogonglaser.com\/wp-content\/uploads\/2025\/02\/QQ\u56fe\u724720260305110954-1024x320.png 1024w, https:\/\/bogonglaser.com\/wp-content\/uploads\/2025\/02\/QQ\u56fe\u724720260305110954-768x240.png 768w, https:\/\/bogonglaser.com\/wp-content\/uploads\/2025\/02\/QQ\u56fe\u724720260305110954-1536x480.png 1536w, https:\/\/bogonglaser.com\/wp-content\/uploads\/2025\/02\/QQ\u56fe\u724720260305110954-18x6.png 18w, https:\/\/bogonglaser.com\/wp-content\/uploads\/2025\/02\/QQ\u56fe\u724720260305110954-600x187.png 600w\" sizes=\"(max-width: 1197px) 100vw, 1197px\" \/><figcaption id=\"caption-attachment-9096\" class=\"wp-caption-text\">BOGONG have CE FDA SGS Rohs certifcates<\/figcaption><\/figure>\n<figure id=\"attachment_9098\" aria-describedby=\"caption-attachment-9098\" style=\"width: 1196px\" class=\"wp-caption alignnone\"><img decoding=\"async\" class=\"wp-image-9098\" src=\"https:\/\/bogonglaser.com\/wp-content\/uploads\/2025\/02\/customer-visiting-bogong-laser.jpg\" alt=\"customer visiting bogong laser\" width=\"1196\" height=\"489\" title=\"\" srcset=\"https:\/\/bogonglaser.com\/wp-content\/uploads\/2025\/02\/customer-visiting-bogong-laser.jpg 1257w, https:\/\/bogonglaser.com\/wp-content\/uploads\/2025\/02\/customer-visiting-bogong-laser-300x123.jpg 300w, https:\/\/bogonglaser.com\/wp-content\/uploads\/2025\/02\/customer-visiting-bogong-laser-1024x419.jpg 1024w, https:\/\/bogonglaser.com\/wp-content\/uploads\/2025\/02\/customer-visiting-bogong-laser-768x314.jpg 768w, https:\/\/bogonglaser.com\/wp-content\/uploads\/2025\/02\/customer-visiting-bogong-laser-18x7.jpg 18w, https:\/\/bogonglaser.com\/wp-content\/uploads\/2025\/02\/customer-visiting-bogong-laser-600x245.jpg 600w\" sizes=\"(max-width: 1196px) 100vw, 1196px\" \/><figcaption id=\"caption-attachment-9098\" class=\"wp-caption-text\">customer visiting bogong laser<\/figcaption><\/figure>","protected":false},"excerpt":{"rendered":"<p>BOGONG is a professional manufacturer of small laser cutting machine with high precision, trong cutting ability and wide recongnition from global customers, Reliable quality, factory direct supply, welcome to inquiry.<\/p>\n<p>Cutting Metal Sheet: stainless steel, Gold, Silver, aluminum alloy, copper, titanium alloy, carbon steel, and various alloy steels.<\/p>\n<ul class=\"tips\">\n<li>50 Sets \/ Month Waiting for Sale In Stock<\/li>\n<li>2 Years Limited Warranty for Entire Machine<\/li>\n<li>Online (PayPal) &amp; Offline (T\/T, Debit &amp; Credit Cards)<\/li>\n<li>Lifetime Free Technical Support for End-Users &amp; Dealers<\/li>\n<\/ul>\n<hr \/>\n<h4><strong>Get a Quote<\/strong><\/h4>\n<p>[contact-form-7 id=&#8221;029fbc1&#8243; title=&#8221;Products Form&#8221;]<\/p>\n","protected":false},"featured_media":9093,"template":"","meta":{"_gspb_post_css":""},"product_brand":[],"product_cat":[117,92,118],"product_tag":[178,105,177,106,176],"class_list":{"0":"post-2402","1":"product","2":"type-product","3":"status-publish","4":"has-post-thumbnail","6":"product_cat-fiber-laser-cutting-machine","7":"product_cat-laser-cutting-machine","8":"product_cat-laser-metal-cutting-machine","9":"product_tag-compact-metal-laser-cutting-equipment","10":"product_tag-fiber-laser-cutting-machine","11":"product_tag-high-precision-mini-metal-laser-cutter","12":"product_tag-laser-cutting-machine","13":"product_tag-small-fiber-laser-cutting-machine-for-metal","15":"first","16":"instock","17":"shipping-taxable","18":"product-type-simple"},"_links":{"self":[{"href":"https:\/\/bogonglaser.com\/es\/wp-json\/wp\/v2\/product\/2402","targetHints":{"allow":["GET"]}}],"collection":[{"href":"https:\/\/bogonglaser.com\/es\/wp-json\/wp\/v2\/product"}],"about":[{"href":"https:\/\/bogonglaser.com\/es\/wp-json\/wp\/v2\/types\/product"}],"wp:featuredmedia":[{"embeddable":true,"href":"https:\/\/bogonglaser.com\/es\/wp-json\/wp\/v2\/media\/9093"}],"wp:attachment":[{"href":"https:\/\/bogonglaser.com\/es\/wp-json\/wp\/v2\/media?parent=2402"}],"wp:term":[{"taxonomy":"product_brand","embeddable":true,"href":"https:\/\/bogonglaser.com\/es\/wp-json\/wp\/v2\/product_brand?post=2402"},{"taxonomy":"product_cat","embeddable":true,"href":"https:\/\/bogonglaser.com\/es\/wp-json\/wp\/v2\/product_cat?post=2402"},{"taxonomy":"product_tag","embeddable":true,"href":"https:\/\/bogonglaser.com\/es\/wp-json\/wp\/v2\/product_tag?post=2402"}],"curies":[{"name":"wp","href":"https:\/\/api.w.org\/{rel}","templated":true}]}}