{"id":2129,"date":"2024-12-06T11:26:13","date_gmt":"2024-12-06T03:26:13","guid":{"rendered":"https:\/\/bogonglaser.com\/?post_type=product&#038;p=2129"},"modified":"2025-12-10T17:12:04","modified_gmt":"2025-12-10T09:12:04","slug":"3d-uv-laser-marking-machine-2","status":"publish","type":"product","link":"https:\/\/bogonglaser.com\/es\/3d-uv-laser-marking-machine-2\/","title":{"rendered":"M\u00e1quina de marcado l\u00e1ser UV 3D"},"content":{"rendered":"<h2>\u00bfQu\u00e9 es una m\u00e1quina de marcado l\u00e1ser UV 3D?<\/h2>\n<p>M\u00e1quina de marcado l\u00e1ser 3D con fuente l\u00e1ser UV, cabezal l\u00e1ser 3D serie U, potente software lenmark3ds\/Ezcad3 para el procesamiento de im\u00e1genes, tiene una lente din\u00e1mica dentro del cabezal l\u00e1ser, que puede grabar en forma irregular. Caracter\u00edsticas principales<\/p>\n<ul>\n<li>Fuente l\u00e1ser UV<\/li>\n<li>Software de grabado 3D para tratamiento de im\u00e1genes<\/li>\n<li>Eje R para marcar anillos y pulseras<\/li>\n<li>Cabezal l\u00e1ser din\u00e1mico UV 3D<\/li>\n<li>Altura de enfoque ajustable de 15 a 80 mm<\/li>\n<li>Amplia selecci\u00f3n de<\/li>\n<li>2 a\u00f1os de garant\u00eda<\/li>\n<\/ul>\n<figure id=\"attachment_7443\" aria-describedby=\"caption-attachment-7443\" style=\"width: 300px\" class=\"wp-caption alignnone\"><img decoding=\"async\" class=\"size-medium wp-image-7443\" src=\"https:\/\/bogonglaser.com\/wp-content\/uploads\/2024\/12\/3D-UV-Laser-Marking-Machine-1-300x200.jpg\" alt=\"M\u00e1quina de marcado l\u00e1ser UV 3D\" width=\"300\" height=\"200\" title=\"\" srcset=\"https:\/\/bogonglaser.com\/wp-content\/uploads\/2024\/12\/3D-UV-Laser-Marking-Machine-1-300x200.jpg 300w, https:\/\/bogonglaser.com\/wp-content\/uploads\/2024\/12\/3D-UV-Laser-Marking-Machine-1-18x12.jpg 18w, https:\/\/bogonglaser.com\/wp-content\/uploads\/2024\/12\/3D-UV-Laser-Marking-Machine-1.jpg 600w\" sizes=\"(max-width: 300px) 100vw, 300px\" \/><figcaption id=\"caption-attachment-7443\" class=\"wp-caption-text\">M\u00e1quina de marcado l\u00e1ser UV 3D<\/figcaption><\/figure>\n<p><iframe title=\"Mejor m\u00e1quina de marcado l\u00e1ser de vidrio 3D de China | M\u00e1quina de grabado l\u00e1ser para vidrio\" width=\"1290\" height=\"726\" src=\"https:\/\/www.youtube.com\/embed\/Na_1pKoJTMQ?feature=oembed\" frameborder=\"0\" allow=\"accelerometer; autoplay; clipboard-write; encrypted-media; gyroscope; picture-in-picture; web-share\" referrerpolicy=\"strict-origin-when-cross-origin\" allowfullscreen><\/iframe><\/p>\n<h2>Caracter\u00edsticas de la m\u00e1quina de marcado l\u00e1ser UV 3D:<\/h2>\n<p>1. Aplicaciones vers\u00e1tiles<br \/>\nLa m\u00e1quina de marcado l\u00e1ser 3D est\u00e1 dise\u00f1ada para el marcado tridimensional de superficies curvas, capaz de enfocar puntos finos y proporcionar marcas uniformes dentro de un rango de altura de tolerancia de 0 a 80 mm. No es necesario ajustar el enfoque, lo que permite marcar sin problemas productos irregulares como superficies curvas, inclinadas, escalonadas, esferas, cilindros y conos en una sola operaci\u00f3n.<\/p>\n<p>2. Excelente calidad de talla profunda<br \/>\nEquipada con un sistema de marcado de precisi\u00f3n 3D y una fuente de l\u00e1ser ultravioleta, la m\u00e1quina destaca en diversas necesidades de grabado, incluidos el grabado en relieve, el grabado profundo y el grabado c\u00f3ncavo\/convexo. Ofrece alta precisi\u00f3n y resultados visualmente atractivos.<\/p>\n<p><iframe title=\"M\u00e1quina de grabado y marcado l\u00e1ser de vidrio | Marcador l\u00e1ser UV 3D\" width=\"1290\" height=\"726\" src=\"https:\/\/www.youtube.com\/embed\/F-M4iF703pw?feature=oembed\" frameborder=\"0\" allow=\"accelerometer; autoplay; clipboard-write; encrypted-media; gyroscope; picture-in-picture; web-share\" referrerpolicy=\"strict-origin-when-cross-origin\" allowfullscreen><\/iframe><\/p>\n<p><iframe title=\"M\u00e1quina grabadora l\u00e1ser UV 3D para grabado en relieve en vidrio | China M\u00e1quina grabadora l\u00e1ser UV 3D para la venta\" width=\"1290\" height=\"726\" src=\"https:\/\/www.youtube.com\/embed\/GPWp4Pm7TFI?feature=oembed\" frameborder=\"0\" allow=\"accelerometer; autoplay; clipboard-write; encrypted-media; gyroscope; picture-in-picture; web-share\" referrerpolicy=\"strict-origin-when-cross-origin\" allowfullscreen><\/iframe><\/p>\n<h3>Aplicaciones de la m\u00e1quina de marcado l\u00e1ser UV 3D<\/h3>\n<ul>\n<li>Marcado en diversas formas de vidrio, pl\u00e1stico, madera, etc.<\/li>\n<li>Excavaci\u00f3n por capas y grabado en bajorrelieve 3D sobre vidrio.<\/li>\n<li>Grabados en superficies irregulares con una irregularidad de hasta 80 mm.<\/li>\n<li>Grabado de fotograf\u00edas, nombres, dise\u00f1os y logotipos, incluidas las marcas comerciales.<\/li>\n<\/ul>\n<figure id=\"attachment_7442\" aria-describedby=\"caption-attachment-7442\" style=\"width: 300px\" class=\"wp-caption alignnone\"><img decoding=\"async\" class=\"size-medium wp-image-7442\" src=\"https:\/\/bogonglaser.com\/wp-content\/uploads\/2024\/12\/3D-uv-laser-for-glass-1-300x169.jpg\" alt=\"L\u00e1ser uv 3D para vidrio\" width=\"300\" height=\"169\" title=\"\" srcset=\"https:\/\/bogonglaser.com\/wp-content\/uploads\/2024\/12\/3D-uv-laser-for-glass-1-300x169.jpg 300w, https:\/\/bogonglaser.com\/wp-content\/uploads\/2024\/12\/3D-uv-laser-for-glass-1-600x338.jpg 600w, https:\/\/bogonglaser.com\/wp-content\/uploads\/2024\/12\/3D-uv-laser-for-glass-1-1024x576.jpg 1024w, https:\/\/bogonglaser.com\/wp-content\/uploads\/2024\/12\/3D-uv-laser-for-glass-1-768x432.jpg 768w, https:\/\/bogonglaser.com\/wp-content\/uploads\/2024\/12\/3D-uv-laser-for-glass-1-18x10.jpg 18w, https:\/\/bogonglaser.com\/wp-content\/uploads\/2024\/12\/3D-uv-laser-for-glass-1.jpg 1280w\" sizes=\"(max-width: 300px) 100vw, 300px\" \/><figcaption id=\"caption-attachment-7442\" class=\"wp-caption-text\">L\u00e1ser uv 3D para vidrio<\/figcaption><\/figure>\n<h3>C\u00f3mo elegir el <a href=\"https:\/\/bogonglaser.com\/es\/laser-marking-machine\/uv-laser-marking-machine-copy\/\">M\u00e1quina de marcado l\u00e1ser UV 3d<\/a><\/h3>\n<p>Elegir la m\u00e1quina de grabado l\u00e1ser UV 3D adecuada ser\u00e1 importante para su negocio, c\u00f3mo asegurarse de que la m\u00e1quina satisface sus necesidades espec\u00edficas. He aqu\u00ed una gu\u00eda que le ayudar\u00e1 a tomar una decisi\u00f3n informada:<\/p>\n<ol>\n<li><strong>Compatibilidad de materiales<\/strong>: Determine los tipos de materiales que piensa grabar (por ejemplo, madera, acr\u00edlico, vidrio). Aseg\u00farese de que la m\u00e1quina que elija pueda trabajar eficazmente con estos materiales.<\/li>\n<li><strong>Potencia del l\u00e1ser:<\/strong>\n<ul>\n<li>5W<\/li>\n<li>10W<\/li>\n<li>15W<\/li>\n<\/ul>\n<\/li>\n<li><strong>Facilidad de uso<\/strong>: Busque m\u00e1quinas con un software f\u00e1cil de usar que permita un dise\u00f1o y un manejo sencillos. Lenmark 3DS y Ezcad3 sugieren para el trabajo de grabado en relieve 3D.<\/li>\n<li><strong>Asistencia al cliente y garant\u00eda<\/strong>: Investiga las opciones de asistencia del fabricante y la garant\u00eda que ofrece. Un servicio de atenci\u00f3n al cliente fiable puede ser crucial para la resoluci\u00f3n de problemas y el mantenimiento.<\/li>\n<\/ol>\n<h2>\u00bfQu\u00e9 podemos hacer para que usted elija la m\u00e1quina de marcado l\u00e1ser 3D?<\/h2>\n<ul>\n<li><span class=\"magic-19\"><b class=\"magic-19\"><span class=\"magic-18\">Muestras de ensayo gratuitas -<\/span><\/b><span class=\"magic-20\" data-spm-anchor-id=\"a2700.details.0.i41.41d82402R4aegi\">Podemos realizar pruebas de efecto de marcado gratuitas seg\u00fan el material de su producto<\/span><\/span><\/li>\n<li><span class=\"magic-19\"><b class=\"magic-19\"><span class=\"magic-18\">V\u00eddeo en directo.<\/span><\/b><span class=\"magic-20\">Puede ponerse en contacto con nuestros asesores de ventas para ver el proceso de producci\u00f3n y el funcionamiento de la m\u00e1quina en v\u00eddeo en l\u00ednea.<\/span><\/span><\/li>\n<li><span class=\"magic-19\"><b class=\"magic-19\"><span class=\"magic-18\">A medida \/OEM-<\/span><\/b><span class=\"magic-20\" data-spm-anchor-id=\"a2700.details.0.i40.41d82402R4aegi\">M\u00e1quinas personalizadas a petici\u00f3n\uff0cCont\u00e1ctenos<\/span><\/span><\/li>\n<li>\n<figure id=\"attachment_7441\" aria-describedby=\"caption-attachment-7441\" style=\"width: 300px\" class=\"wp-caption alignnone\"><img decoding=\"async\" class=\"size-medium wp-image-7441\" src=\"https:\/\/bogonglaser.com\/wp-content\/uploads\/2024\/12\/bottle-rotary-device-1-300x117.jpg\" alt=\"dispositivo rotativo para botellas\" width=\"300\" height=\"117\" title=\"\" srcset=\"https:\/\/bogonglaser.com\/wp-content\/uploads\/2024\/12\/bottle-rotary-device-1-300x117.jpg 300w, https:\/\/bogonglaser.com\/wp-content\/uploads\/2024\/12\/bottle-rotary-device-1-600x235.jpg 600w, https:\/\/bogonglaser.com\/wp-content\/uploads\/2024\/12\/bottle-rotary-device-1-18x7.jpg 18w, https:\/\/bogonglaser.com\/wp-content\/uploads\/2024\/12\/bottle-rotary-device-1.jpg 608w\" sizes=\"(max-width: 300px) 100vw, 300px\" \/><figcaption id=\"caption-attachment-7441\" class=\"wp-caption-text\">dispositivo rotativo para botellas<\/figcaption><\/figure>\n<p><iframe title=\"LE GUSTA BOGONG 3D M\u00c1QUINA DE GRABADO L\u00c1SER | MEJOR CHINA 3D M\u00c1QUINA DE GRABADO L\u00c1SER PARA LA VENTA\" width=\"1290\" height=\"726\" src=\"https:\/\/www.youtube.com\/embed\/aoAF09vq8LE?feature=oembed\" frameborder=\"0\" allow=\"accelerometer; autoplay; clipboard-write; encrypted-media; gyroscope; picture-in-picture; web-share\" referrerpolicy=\"strict-origin-when-cross-origin\" allowfullscreen><\/iframe><\/p>\n<p><iframe title=\"\u00bfQu\u00e9 tal BOGONG grabador l\u00e1ser 3D? | Cliente de la India visita BOGONG y compr\u00f3 grabador l\u00e1ser 3D\" width=\"1290\" height=\"726\" src=\"https:\/\/www.youtube.com\/embed\/bq8eli66vTM?feature=oembed\" frameborder=\"0\" allow=\"accelerometer; autoplay; clipboard-write; encrypted-media; gyroscope; picture-in-picture; web-share\" referrerpolicy=\"strict-origin-when-cross-origin\" allowfullscreen><\/iframe><\/li>\n<\/ul>\n<p>Condiciones de pago<\/p>\n<p>1. 1. Dep\u00f3sito y saldo: Se requiere un dep\u00f3sito 30% T\/T por adelantado, con el saldo a pagar antes del env\u00edo.<\/p>\n<p>2. Alibaba Trade Assurance: Los pagos pueden procesarse a trav\u00e9s de Alibaba Trade Assurance.<\/p>\n<p>Preguntas frecuentes sobre la m\u00e1quina de marcado l\u00e1ser UV 3D<\/p>\n<p>\u00bfCu\u00e1l es el embalaje de la m\u00e1quina de marcado l\u00e1ser UV 3d?<br \/>\nNuestras m\u00e1quinas se embalan en tres capas. La capa exterior es una caja de madera, la intermedia est\u00e1 acolchada con espuma para protegerla de las sacudidas y la interior incluye una gruesa bolsa de pl\u00e1stico impermeable.<\/p>\n<p>\u00bfSe da\u00f1ar\u00e1 el paquete durante el transporte?<br \/>\nDise\u00f1amos meticulosamente nuestros embalajes para abordar todos los posibles factores de da\u00f1o, y nuestros agentes de transporte tienen experiencia en transporte seguro. Hemos exportado con \u00e9xito a 180 pa\u00edses, por lo que puede estar seguro de que su paquete llegar\u00e1 en excelentes condiciones.<\/p>\n<figure id=\"attachment_7436\" aria-describedby=\"caption-attachment-7436\" style=\"width: 300px\" class=\"wp-caption alignnone\"><img decoding=\"async\" class=\"size-medium wp-image-7436\" src=\"https:\/\/bogonglaser.com\/wp-content\/uploads\/2024\/10\/3df20-marking-machine-factory-pictures-300x225.png\" alt=\"3df20 marking machine factory pictures\" width=\"300\" height=\"225\" title=\"\" srcset=\"https:\/\/bogonglaser.com\/wp-content\/uploads\/2024\/10\/3df20-marking-machine-factory-pictures-300x225.png 300w, https:\/\/bogonglaser.com\/wp-content\/uploads\/2024\/10\/3df20-marking-machine-factory-pictures-600x450.png 600w, https:\/\/bogonglaser.com\/wp-content\/uploads\/2024\/10\/3df20-marking-machine-factory-pictures-768x576.png 768w, https:\/\/bogonglaser.com\/wp-content\/uploads\/2024\/10\/3df20-marking-machine-factory-pictures-16x12.png 16w, https:\/\/bogonglaser.com\/wp-content\/uploads\/2024\/10\/3df20-marking-machine-factory-pictures.png 800w\" sizes=\"(max-width: 300px) 100vw, 300px\" \/><figcaption id=\"caption-attachment-7436\" class=\"wp-caption-text\">3df20 marking machine factory pictures<\/figcaption><\/figure>\n<figure id=\"attachment_7428\" aria-describedby=\"caption-attachment-7428\" style=\"width: 205px\" class=\"wp-caption alignnone\"><img decoding=\"async\" class=\"size-full wp-image-7428\" src=\"https:\/\/bogonglaser.com\/wp-content\/uploads\/2024\/10\/3d-laser-marker-2-1.jpg\" alt=\"marcador l\u00e1ser 3d\" width=\"205\" height=\"300\" title=\"\" srcset=\"https:\/\/bogonglaser.com\/wp-content\/uploads\/2024\/10\/3d-laser-marker-2-1.jpg 205w, https:\/\/bogonglaser.com\/wp-content\/uploads\/2024\/10\/3d-laser-marker-2-1-8x12.jpg 8w\" sizes=\"(max-width: 205px) 100vw, 205px\" \/><figcaption id=\"caption-attachment-7428\" class=\"wp-caption-text\">marcador l\u00e1ser 3d<\/figcaption><\/figure>\n<p>A la mayor\u00eda de los clientes les gusta elegir el transporte por UPS\/DHL express, puede llegar a destino en unos 5-7 d\u00edas, p\u00f3ngase en contacto con <a href=\"https:\/\/bogonglaser.com\/es\/\">BOGONG<\/a> para obtener m\u00e1s informaci\u00f3n sobre la m\u00e1quina de marcado l\u00e1ser uv.<\/p>","protected":false},"excerpt":{"rendered":"<h2>M\u00e1quina de marcado l\u00e1ser UV 3D<\/h2>\n<p>Una m\u00e1quina de marcado l\u00e1ser UV 3D utiliza tecnolog\u00eda l\u00e1ser 3D para crear dise\u00f1os intrincados o texto en superficies tridimensionales, Permite el marcado en vidrio y pl\u00e1stico, Un cabezal de escaneo UV 3D puede ajustar un rayo l\u00e1ser en las tres dimensiones: X, Y y Z. Adopta una combinaci\u00f3n de expansores de haz y \u00f3pticas de desplazamiento antes de dirigir el haz a trav\u00e9s de una lente para apuntar con precisi\u00f3n al material.<\/p>\n<ul class=\"tips\">\n<li>350 Sets \/ Month Waiting for Sale En stock<\/li>\n<li>2 a\u00f1os de garant\u00eda limitada para toda la m\u00e1quina<\/li>\n<li>3-5 d\u00edas preparar m\u00e1quina l\u00e1ser, 3-7 d\u00edas transporte.<\/li>\n<li>En l\u00ednea (PayPal) y fuera de l\u00ednea (T\/T, tarjetas de d\u00e9bito y cr\u00e9dito)<\/li>\n<\/ul>","protected":false},"featured_media":2130,"template":"","meta":{"_gspb_post_css":""},"product_brand":[],"product_cat":[93,96,99],"product_tag":[125,102,124],"class_list":{"0":"post-2129","1":"product","2":"type-product","3":"status-publish","4":"has-post-thumbnail","6":"product_cat-laser-engraving-machine","7":"product_cat-laser-marking-machine","8":"product_cat-uv-laser-marking-machine","9":"product_tag-3d-laser-marking-machine","10":"product_tag-laser-marking-machine","11":"product_tag-uv-laser-marking-machine","13":"first","14":"instock","15":"shipping-taxable","16":"product-type-simple"},"_links":{"self":[{"href":"https:\/\/bogonglaser.com\/es\/wp-json\/wp\/v2\/product\/2129","targetHints":{"allow":["GET"]}}],"collection":[{"href":"https:\/\/bogonglaser.com\/es\/wp-json\/wp\/v2\/product"}],"about":[{"href":"https:\/\/bogonglaser.com\/es\/wp-json\/wp\/v2\/types\/product"}],"wp:featuredmedia":[{"embeddable":true,"href":"https:\/\/bogonglaser.com\/es\/wp-json\/wp\/v2\/media\/2130"}],"wp:attachment":[{"href":"https:\/\/bogonglaser.com\/es\/wp-json\/wp\/v2\/media?parent=2129"}],"wp:term":[{"taxonomy":"product_brand","embeddable":true,"href":"https:\/\/bogonglaser.com\/es\/wp-json\/wp\/v2\/product_brand?post=2129"},{"taxonomy":"product_cat","embeddable":true,"href":"https:\/\/bogonglaser.com\/es\/wp-json\/wp\/v2\/product_cat?post=2129"},{"taxonomy":"product_tag","embeddable":true,"href":"https:\/\/bogonglaser.com\/es\/wp-json\/wp\/v2\/product_tag?post=2129"}],"curies":[{"name":"wp","href":"https:\/\/api.w.org\/{rel}","templated":true}]}}