{"id":2127,"date":"2024-12-06T11:23:53","date_gmt":"2024-12-06T03:23:53","guid":{"rendered":"https:\/\/bogonglaser.com\/?post_type=product&#038;p=2127"},"modified":"2025-12-10T17:31:01","modified_gmt":"2025-12-10T09:31:01","slug":"mini-cabinet-laser-marking-machine","status":"publish","type":"product","link":"https:\/\/bogonglaser.com\/es\/mini-cabinet-laser-marking-machine\/","title":{"rendered":"Mini m\u00e1quina de marcado l\u00e1ser de gabinetes"},"content":{"rendered":"<p>La m\u00e1quina de marcado por l\u00e1ser de fibra de la cubierta tiene un armario totalmente cerrado para mayor seguridad de los trabajadores y presenta un dise\u00f1o compacto y atractivo. Este dispositivo de alta tecnolog\u00eda combina un l\u00e1ser, un ordenador, un controlador autom\u00e1tico y maquinaria de precisi\u00f3n, por lo que resulta ideal para marcar materiales met\u00e1licos.<\/p>\n<p>Abrir y cerrar la puerta manualmente.<\/p>\n<p>Pilar elevador el\u00e9ctrico<\/p>\n<p><iframe title=\"Mini m\u00e1quina de grabado l\u00e1ser de fibra con cubierta protectora | Operaci\u00f3n\" width=\"1290\" height=\"726\" src=\"https:\/\/www.youtube.com\/embed\/buVofWd5OIw?feature=oembed\" frameborder=\"0\" allow=\"accelerometer; autoplay; clipboard-write; encrypted-media; gyroscope; picture-in-picture; web-share\" referrerpolicy=\"strict-origin-when-cross-origin\" allowfullscreen><\/iframe><\/p>\n<p>1. Larga vida \u00fatil, m\u00e1s de 100.000 horas.<\/p>\n<p>2. Fuente l\u00e1ser compacta con refrigeraci\u00f3n por aire<\/p>\n<p>3. gabinete de cubierta completa que para el trabajo safty<\/p>\n<p>4. Sistema de escaneado galvanom\u00e9trico de gran calidad.<\/p>\n<p>5. Alta precisi\u00f3n y repetibilidad para marcas correctas cada vez con esc\u00e1neres galvanom\u00e9tricos y controles electr\u00f3nicos.<\/p>\n<p>6. Rendimiento m\u00e1s estable<\/p>\n<p>7. Tablero de control profesional y sofiware de marcado. El sistema de control de software tiene la interfaz de Windows y comprende archivos de salida de software como Coreldraw. AutoCAD.Photoshop etc. Puede soportar varios formatos de archivo como PLT, DXF, PCX, BMP, etc.<\/p>\n<p>8. La potencia de salida es estable. el modo \u00f3ptico es bueno. la calidad de la bcam es excelente<\/p>\n<p>9. La velocidad de marcado es r\u00e1pida, eficaz y de gran precisi\u00f3n.<\/p>\n<p>10. Apariencia profesional, f\u00e1cil manejo<\/p>\n<h2>Aplicaci\u00f3n Peque\u00f1a m\u00e1quina de marcado l\u00e1ser de cobertura total:<\/h2>\n<p>Puede grabar metal y algunos materiales no met\u00e1licos, por lo que resulta especialmente \u00fatil en campos en los que la precisi\u00f3n y un acabado liso son esenciales.<\/p>\n<p>En <a href=\"https:\/\/bogonglaser.com\/es\/laser-marking-machine\/fiber-laser-marking-machine\/\">M\u00e1quina de marcado l\u00e1ser de fibra<\/a> funciona bien con diversos metales, como acero, titanio, cobre, oro, plata e incluso metales raros, as\u00ed como pl\u00e1stico industrial, metales revestidos, cer\u00e1mica, etc.<\/p>\n<p>Se suele utilizar para marcar art\u00edculos como botones de m\u00f3viles, componentes electr\u00f3nicos, productos de comunicaci\u00f3n, gafas, relojes, joyas, botones decorativos para cajas y bolsas, y productos de acero inoxidable.<\/p>\n<p><iframe title=\"Mini M\u00e1quina de Grabado L\u00e1ser de Gabinete Mostrar | EZCAD3 2.5D Marcador L\u00e1ser con cubierta protectora\" width=\"1290\" height=\"726\" src=\"https:\/\/www.youtube.com\/embed\/tbPKDw-UqR0?feature=oembed\" frameborder=\"0\" allow=\"accelerometer; autoplay; clipboard-write; encrypted-media; gyroscope; picture-in-picture; web-share\" referrerpolicy=\"strict-origin-when-cross-origin\" allowfullscreen><\/iframe><\/p>\n<p>Condiciones de pago<\/p>\n<p>1. 1. Dep\u00f3sito y saldo: Se requiere un dep\u00f3sito 30% T\/T por adelantado, con el saldo a pagar antes del env\u00edo.<\/p>\n<p>2. Alibaba Trade Assurance: Los pagos pueden procesarse a trav\u00e9s de Alibaba Trade Assurance.<\/p>\n<p>Preguntas frecuentes sobre la m\u00e1quina de marcado l\u00e1ser UV 3D<\/p>\n<p>\u00bfCu\u00e1l es el embalaje de la m\u00e1quina de marcado l\u00e1ser de armarios Mni?<br \/>\nNuestras m\u00e1quinas se embalan en tres capas. La capa exterior es una caja de madera, la intermedia est\u00e1 acolchada con espuma para protegerla de las sacudidas y la interior incluye una gruesa bolsa de pl\u00e1stico impermeable.<\/p>\n<p>\u00bfSe da\u00f1ar\u00e1 el paquete durante el transporte?<br \/>\nDise\u00f1amos meticulosamente nuestros embalajes para abordar todos los posibles factores de da\u00f1o, y nuestros agentes de transporte tienen experiencia en transporte seguro. Hemos exportado con \u00e9xito a 180 pa\u00edses, por lo que puede estar seguro de que su paquete llegar\u00e1 en excelentes condiciones.<\/p>\n<figure id=\"attachment_7472\" aria-describedby=\"caption-attachment-7472\" style=\"width: 300px\" class=\"wp-caption alignnone\"><img decoding=\"async\" class=\"size-medium wp-image-7472\" src=\"https:\/\/bogonglaser.com\/wp-content\/uploads\/2024\/12\/Small-size-enclosed-marking-machine-300x300.jpg\" alt=\"Small-size enclosed marking machine\" width=\"300\" height=\"300\" title=\"\" srcset=\"https:\/\/bogonglaser.com\/wp-content\/uploads\/2024\/12\/Small-size-enclosed-marking-machine-300x300.jpg 300w, https:\/\/bogonglaser.com\/wp-content\/uploads\/2024\/12\/Small-size-enclosed-marking-machine-100x100.jpg 100w, https:\/\/bogonglaser.com\/wp-content\/uploads\/2024\/12\/Small-size-enclosed-marking-machine-600x600.jpg 600w, https:\/\/bogonglaser.com\/wp-content\/uploads\/2024\/12\/Small-size-enclosed-marking-machine-150x150.jpg 150w, https:\/\/bogonglaser.com\/wp-content\/uploads\/2024\/12\/Small-size-enclosed-marking-machine-768x768.jpg 768w, https:\/\/bogonglaser.com\/wp-content\/uploads\/2024\/12\/Small-size-enclosed-marking-machine-12x12.jpg 12w, https:\/\/bogonglaser.com\/wp-content\/uploads\/2024\/12\/Small-size-enclosed-marking-machine.jpg 1000w\" sizes=\"(max-width: 300px) 100vw, 300px\" \/><figcaption id=\"caption-attachment-7472\" class=\"wp-caption-text\">Small-size enclosed marking machine<\/figcaption><\/figure>\n<p>La mayor\u00eda de los clientes como elegir el transporte por UPS \/ DHL expreso, puede llegar a su destino alrededor de 5-7 d\u00edas, p\u00f3ngase en contacto con BOGONG para obtener m\u00e1s detalles acerca de la m\u00e1quina de marcado l\u00e1ser uv.<\/p>","protected":false},"excerpt":{"rendered":"<h2>M\u00e1quina de grabado l\u00e1ser con cubierta completa<\/h2>\n<p>La m\u00e1quina cuenta con un armario totalmente cerrado para mantener la seguridad de los trabajadores, y su dise\u00f1o compacto tiene un aspecto estupendo. Es una m\u00e1quina de alta tecnolog\u00eda que combina un l\u00e1ser, un ordenador, un controlador autom\u00e1tico y piezas precisas para trabajar con eficacia.<\/p>\n<ul class=\"tips\">\n<li>350 Sets \/ Month Waiting for Sale En stock<\/li>\n<li>2 a\u00f1os de garant\u00eda limitada para toda la m\u00e1quina<\/li>\n<li>3-5 d\u00edas preparar m\u00e1quina l\u00e1ser, 3-7 d\u00edas transporte.<\/li>\n<li>En l\u00ednea (PayPal) y fuera de l\u00ednea (T\/T, tarjetas de d\u00e9bito y cr\u00e9dito)<\/li>\n<\/ul>","protected":false},"featured_media":2148,"template":"","meta":{"_gspb_post_css":""},"product_brand":[],"product_cat":[97,93,96],"product_tag":[102],"class_list":{"0":"post-2127","1":"product","2":"type-product","3":"status-publish","4":"has-post-thumbnail","6":"product_cat-fiber-laser-marker","7":"product_cat-laser-engraving-machine","8":"product_cat-laser-marking-machine","9":"product_tag-laser-marking-machine","11":"first","12":"instock","13":"shipping-taxable","14":"product-type-simple"},"_links":{"self":[{"href":"https:\/\/bogonglaser.com\/es\/wp-json\/wp\/v2\/product\/2127","targetHints":{"allow":["GET"]}}],"collection":[{"href":"https:\/\/bogonglaser.com\/es\/wp-json\/wp\/v2\/product"}],"about":[{"href":"https:\/\/bogonglaser.com\/es\/wp-json\/wp\/v2\/types\/product"}],"wp:featuredmedia":[{"embeddable":true,"href":"https:\/\/bogonglaser.com\/es\/wp-json\/wp\/v2\/media\/2148"}],"wp:attachment":[{"href":"https:\/\/bogonglaser.com\/es\/wp-json\/wp\/v2\/media?parent=2127"}],"wp:term":[{"taxonomy":"product_brand","embeddable":true,"href":"https:\/\/bogonglaser.com\/es\/wp-json\/wp\/v2\/product_brand?post=2127"},{"taxonomy":"product_cat","embeddable":true,"href":"https:\/\/bogonglaser.com\/es\/wp-json\/wp\/v2\/product_cat?post=2127"},{"taxonomy":"product_tag","embeddable":true,"href":"https:\/\/bogonglaser.com\/es\/wp-json\/wp\/v2\/product_tag?post=2127"}],"curies":[{"name":"wp","href":"https:\/\/api.w.org\/{rel}","templated":true}]}}