{"id":2119,"date":"2024-12-04T17:25:33","date_gmt":"2024-12-04T09:25:33","guid":{"rendered":"https:\/\/bogonglaser.com\/?post_type=product&#038;p=2119"},"modified":"2025-12-10T16:47:52","modified_gmt":"2025-12-10T08:47:52","slug":"30w-fiber-laser-marking-machine","status":"publish","type":"product","link":"https:\/\/bogonglaser.com\/es\/30w-fiber-laser-marking-machine\/","title":{"rendered":"M\u00e1quina de marcado l\u00e1ser de fibra de 30W"},"content":{"rendered":"<p>Presentamos la m\u00e1quina de marcado por l\u00e1ser de fibra de 30 W, un marcador l\u00e1ser de fibra todo en uno compacto y vers\u00e1til dise\u00f1ado para ofrecer potencia y adaptabilidad. Tanto si desea grabar logotipos, c\u00f3digos de barras, n\u00fameros de serie o dise\u00f1os intrincados, esta m\u00e1quina ofrece resultados excepcionales para una amplia gama de aplicaciones.<\/p>\n<p>A pesar de su tama\u00f1o compacto, este modelo todo en uno ofrece un rendimiento impresionante, por lo que es perfecto para espacios reducidos y proyectos de marcaje m\u00e1s peque\u00f1os. Su dise\u00f1o ligero y port\u00e1til garantiza un f\u00e1cil manejo, lo que permite realizar marcados precisos y exactos en todo momento, a la vez que funciona a altas velocidades con una eficiencia extraordinaria.<\/p>\n<p>Esta m\u00e1quina es una opci\u00f3n excelente para peque\u00f1as empresas, talleres y aficionados al bricolaje que buscan una soluci\u00f3n de marcado fiable que no sacrifique el rendimiento debido al espacio limitado. Si necesita un marcador l\u00e1ser de fibra eficiente que se adapte perfectamente a su espacio de trabajo, esta es la opci\u00f3n perfecta para usted.<\/p>\n<p><img decoding=\"async\" class=\"size-medium wp-image-7414\" src=\"https:\/\/bogonglaser.com\/wp-content\/uploads\/2024\/12\/2D-mini-all-in-one-PC-factory-photos-1-300x225.png\" alt=\"Fotos de f\u00e1brica del mini PC todo en uno 2D\" width=\"300\" height=\"225\" title=\"\" srcset=\"https:\/\/bogonglaser.com\/wp-content\/uploads\/2024\/12\/2D-mini-all-in-one-PC-factory-photos-1-300x225.png 300w, https:\/\/bogonglaser.com\/wp-content\/uploads\/2024\/12\/2D-mini-all-in-one-PC-factory-photos-1-600x450.png 600w, https:\/\/bogonglaser.com\/wp-content\/uploads\/2024\/12\/2D-mini-all-in-one-PC-factory-photos-1-768x576.png 768w, https:\/\/bogonglaser.com\/wp-content\/uploads\/2024\/12\/2D-mini-all-in-one-PC-factory-photos-1-16x12.png 16w, https:\/\/bogonglaser.com\/wp-content\/uploads\/2024\/12\/2D-mini-all-in-one-PC-factory-photos-1.png 800w\" sizes=\"(max-width: 300px) 100vw, 300px\" \/><\/p>\n<p>Estas son las principales caracter\u00edsticas del <a href=\"https:\/\/bogonglaser.com\/es\/laser-marking-machine\/fiber-laser-marking-machine\/\">M\u00e1quina de marcado l\u00e1ser de fibra<\/a>:<\/p>\n<p>1. Fuente l\u00e1ser de fibra: 30w fuente de l\u00e1ser de fibra, tambi\u00e9n se puede elegir mayor potencia como 50 o peque\u00f1a potencia 20w en este gabinete. fuentes de l\u00e1ser de fibra de alta calidad de marcas de renombre como JPT, Raycus, o IPG. Disfrutar\u00e1 de una excelente claridad del haz l\u00e1ser y una larga vida \u00fatil de hasta 100.000 horas.<\/p>\n<p>2. Sistema de esc\u00e1ner galvanom\u00e9trico digital: Esta m\u00e1quina est\u00e1 equipada con un sistema de esc\u00e1ner l\u00e1ser importado de alta velocidad, capaz de alcanzar velocidades de marcado de hasta 8.000 mm\/s, garantizando un funcionamiento eficiente.<\/p>\n<p>3. Soporte para pantalla de PC: El eje Z ajustable se extiende hasta 700 mm, por lo que es perfecto para marcar en materiales m\u00e1s gruesos o altos.<\/p>\n<p>4. Interruptor de control: El panel de control de f\u00e1cil uso cuenta con una parada de emergencia, un interruptor de llave y un interruptor de encendido, lo que facilita el manejo y la identificaci\u00f3n de los controles.<\/p>\n<p>5. 5. Sistema de elevaci\u00f3n: La m\u00e1quina incluye un volante para ajustar c\u00f3modamente la distancia de enfoque del l\u00e1ser, agilizando el proceso de operaci\u00f3n.<\/p>\n<p>6. Puntero de luz roja: Esta \u00fatil funci\u00f3n resalta la zona de marcado antes de que comience el marcado l\u00e1ser propiamente dicho, lo que mejora la precisi\u00f3n y la exactitud.<\/p>\n<p>7. Software de marcaje l\u00e1ser: El software de marcado EZCAD est\u00e1 repleto de potentes herramientas de edici\u00f3n que le permitir\u00e1n crear c\u00f3digos QR, n\u00fameros de serie y diversos logotipos. Es compatible con los formatos de archivo DXF y PLT e incluye un detallado manual de usuario en ingl\u00e9s que le guiar\u00e1 en cada paso del proceso.<\/p>\n<p>8. Lente de exploraci\u00f3n F-theta: Equipada con una lente F-theta Singapore Ronar-Smith de alta calidad, esta m\u00e1quina garantiza que la altura del campo de imagen sea casi proporcional al \u00e1ngulo de escaneado. Mantiene una distorsi\u00f3n lineal inferior a 1% sin necesidad de correcci\u00f3n por software, lo que se traduce en una distorsi\u00f3n m\u00ednima y unos resultados n\u00edtidos y claros. La lente tambi\u00e9n cuenta con revestimientos AR de alta transmisividad para reducir la p\u00e9rdida de potencia y maximizar el rendimiento.<\/p>\n<p>Con estas caracter\u00edsticas avanzadas, la m\u00e1quina de marcado por l\u00e1ser de fibra est\u00e1 dise\u00f1ada para ofrecer precisi\u00f3n, eficacia y facilidad de uso.<\/p>\n<figure id=\"attachment_7413\" aria-describedby=\"caption-attachment-7413\" style=\"width: 300px\" class=\"wp-caption alignnone\"><img decoding=\"async\" class=\"size-medium wp-image-7413\" src=\"https:\/\/bogonglaser.com\/wp-content\/uploads\/2024\/12\/2D-mini-all-in-one-PC-factory-photos-2-300x225.png\" alt=\"Fotos de f\u00e1brica del mini PC todo en uno 2D\" width=\"300\" height=\"225\" title=\"\" srcset=\"https:\/\/bogonglaser.com\/wp-content\/uploads\/2024\/12\/2D-mini-all-in-one-PC-factory-photos-2-300x225.png 300w, https:\/\/bogonglaser.com\/wp-content\/uploads\/2024\/12\/2D-mini-all-in-one-PC-factory-photos-2-600x450.png 600w, https:\/\/bogonglaser.com\/wp-content\/uploads\/2024\/12\/2D-mini-all-in-one-PC-factory-photos-2-768x576.png 768w, https:\/\/bogonglaser.com\/wp-content\/uploads\/2024\/12\/2D-mini-all-in-one-PC-factory-photos-2-16x12.png 16w, https:\/\/bogonglaser.com\/wp-content\/uploads\/2024\/12\/2D-mini-all-in-one-PC-factory-photos-2.png 800w\" sizes=\"(max-width: 300px) 100vw, 300px\" \/><figcaption id=\"caption-attachment-7413\" class=\"wp-caption-text\">Fotos de f\u00e1brica del mini PC todo en uno 2D<\/figcaption><\/figure>\n<p>Aplicaci\u00f3n: M\u00e1quina de marcado l\u00e1ser todo en uno para metal, pl\u00e1stico y m\u00e1s.<\/p>\n<p>Nuestras m\u00e1quinas de marcado l\u00e1ser ofrecen una soluci\u00f3n vers\u00e1til y eficaz para marcar una gran variedad de materiales, como metal, pl\u00e1stico y otros. Tanto si necesita grabar logotipos, n\u00fameros de serie o dise\u00f1os intrincados, nuestro l\u00e1ser adaptable puede abordar numerosas aplicaciones, impulsando la productividad al tiempo que garantiza una calidad uniforme en diferentes superficies.<\/p>\n<ul>\n<li><span class=\"magic-19\"><b class=\"magic-19\"><span class=\"magic-18\">Muestras de ensayo gratuitas -<\/span><\/b><span class=\"magic-20\" data-spm-anchor-id=\"a2700.details.0.i41.41d82402R4aegi\">Podemos realizar pruebas de efecto de marcado gratuitas seg\u00fan el material de su producto<\/span><\/span><\/li>\n<li><span class=\"magic-19\"><b class=\"magic-19\"><span class=\"magic-18\">V\u00eddeo en directo.<\/span><\/b><span class=\"magic-20\">Puede ponerse en contacto con nuestros asesores de ventas para ver el proceso de producci\u00f3n y el funcionamiento de la m\u00e1quina en v\u00eddeo en l\u00ednea.<\/span><\/span><\/li>\n<li><span class=\"magic-19\"><b class=\"magic-19\"><span class=\"magic-18\">A medida \/OEM-<\/span><\/b><span class=\"magic-20\" data-spm-anchor-id=\"a2700.details.0.i40.41d82402R4aegi\">Customised machines on request<\/span><\/span><\/li>\n<\/ul>\n<figure id=\"attachment_7412\" aria-describedby=\"caption-attachment-7412\" style=\"width: 300px\" class=\"wp-caption alignnone\"><img decoding=\"async\" class=\"size-medium wp-image-7412\" src=\"https:\/\/bogonglaser.com\/wp-content\/uploads\/2024\/12\/2D-mini-all-in-one-PC-factory-photos-300x300.jpg\" alt=\"Fotos de f\u00e1brica del mini PC todo en uno 2D\" width=\"300\" height=\"300\" title=\"\" srcset=\"https:\/\/bogonglaser.com\/wp-content\/uploads\/2024\/12\/2D-mini-all-in-one-PC-factory-photos-300x300.jpg 300w, https:\/\/bogonglaser.com\/wp-content\/uploads\/2024\/12\/2D-mini-all-in-one-PC-factory-photos-100x100.jpg 100w, https:\/\/bogonglaser.com\/wp-content\/uploads\/2024\/12\/2D-mini-all-in-one-PC-factory-photos-600x600.jpg 600w, https:\/\/bogonglaser.com\/wp-content\/uploads\/2024\/12\/2D-mini-all-in-one-PC-factory-photos-150x150.jpg 150w, https:\/\/bogonglaser.com\/wp-content\/uploads\/2024\/12\/2D-mini-all-in-one-PC-factory-photos-768x768.jpg 768w, https:\/\/bogonglaser.com\/wp-content\/uploads\/2024\/12\/2D-mini-all-in-one-PC-factory-photos-12x12.jpg 12w, https:\/\/bogonglaser.com\/wp-content\/uploads\/2024\/12\/2D-mini-all-in-one-PC-factory-photos.jpg 1000w\" sizes=\"(max-width: 300px) 100vw, 300px\" \/><figcaption id=\"caption-attachment-7412\" class=\"wp-caption-text\">Fotos de f\u00e1brica del mini PC todo en uno 2D<\/figcaption><\/figure>\n<p><iframe title=\"Peque\u00f1a m\u00e1quina de marcado l\u00e1ser todo en uno en venta\" width=\"1290\" height=\"726\" src=\"https:\/\/www.youtube.com\/embed\/znNbIXDhuHE?feature=oembed\" frameborder=\"0\" allow=\"accelerometer; autoplay; clipboard-write; encrypted-media; gyroscope; picture-in-picture; web-share\" referrerpolicy=\"strict-origin-when-cross-origin\" allowfullscreen><\/iframe><\/p>\n<p>Condiciones de pago<\/p>\n<p>1. 1. Dep\u00f3sito y saldo: Se requiere un dep\u00f3sito 30% T\/T por adelantado, con el saldo a pagar antes del env\u00edo.<\/p>\n<p>2. Alibaba Trade Assurance: Los pagos pueden procesarse a trav\u00e9s de Alibaba Trade Assurance.<\/p>\n<p>Preguntas frecuentes sobre la m\u00e1quina de marcado l\u00e1ser de fibra de 30W<\/p>\n<p>\u00bfCu\u00e1l es el embalaje de la m\u00e1quina de marcado l\u00e1ser de fibra?<br \/>\nNuestras m\u00e1quinas se embalan en tres capas. La capa exterior es una caja de madera, la intermedia est\u00e1 acolchada con espuma para protegerla de las sacudidas y la interior incluye una gruesa bolsa de pl\u00e1stico impermeable.<\/p>\n<p><iframe title=\"Peque\u00f1a m\u00e1quina de marcado l\u00e1ser todo en uno de fibra | 20W 30W Metal Pl\u00e1stico Marcador L\u00e1ser Impresora Grabadora\" width=\"1290\" height=\"726\" src=\"https:\/\/www.youtube.com\/embed\/1gUXk1ygblo?feature=oembed\" frameborder=\"0\" allow=\"accelerometer; autoplay; clipboard-write; encrypted-media; gyroscope; picture-in-picture; web-share\" referrerpolicy=\"strict-origin-when-cross-origin\" allowfullscreen><\/iframe><\/p>\n<p>\u00bfSe da\u00f1ar\u00e1 el paquete durante el transporte?<br \/>\nDise\u00f1amos meticulosamente nuestros embalajes para abordar todos los posibles factores de da\u00f1o, y nuestros agentes de transporte tienen experiencia en transporte seguro. Hemos exportado con \u00e9xito a 180 pa\u00edses, por lo que puede estar seguro de que su paquete llegar\u00e1 en excelentes condiciones.<\/p>\n<p>&nbsp;<\/p>\n<p>La mayor\u00eda de los clientes como elegir el transporte por UPS \/ DHL express, que puede llegar a su destino alrededor de 5-7 d\u00edas, p\u00f3ngase en contacto con BOGONG para obtener m\u00e1s detalles acerca de <a href=\"https:\/\/bogonglaser.com\/es\/laser-marking-machine\/fiber-laser-marking-machine\/\">M\u00e1quina de marcado l\u00e1ser de fibra<\/a>.<\/p>\n<p>&nbsp;<\/p>","protected":false},"excerpt":{"rendered":"<h2>30W Fiber Laser Marking Machine<\/h2>\n<p>BOGONG 30W laser marking machine addopt 30W fiber laser and famous laser galvo head, 1064nm laser wavelength, It works with a variety of materials, such as stainless steel, titanium, aluminum, copper, brass, alloys, silver, and gold, allowing you to engrave names, logos, signs, letters, numbers, patterns, and photos. This all ine one laser marking machine is now available for sale at an affordable price, making it a great option for your budget.<\/p>\n<ul class=\"tips\">\n<li>350 Sets \/ Month Waiting for Sale In Stock<\/li>\n<li>2 Years Limited Warranty for Entire Machine<\/li>\n<li>3-5 days prepare laser machine, 3-7days transport.<\/li>\n<li>Online (PayPal) &amp; Offline (T\/T, Debit &amp; Credit Cards)<\/li>\n<\/ul>\n<hr \/>\n<h4><strong>Get a Quote<\/strong><\/h4>\n<p>[contact-form-7 id=&#8221;029fbc1&#8243; title=&#8221;Products Form&#8221;]<\/p>\n","protected":false},"featured_media":1966,"template":"","meta":{"_gspb_post_css":""},"product_brand":[],"product_cat":[97,93,96],"product_tag":[104,102],"class_list":{"0":"post-2119","1":"product","2":"type-product","3":"status-publish","4":"has-post-thumbnail","6":"product_cat-fiber-laser-marker","7":"product_cat-laser-engraving-machine","8":"product_cat-laser-marking-machine","9":"product_tag-laser-marker","10":"product_tag-laser-marking-machine","12":"first","13":"instock","14":"shipping-taxable","15":"product-type-simple"},"_links":{"self":[{"href":"https:\/\/bogonglaser.com\/es\/wp-json\/wp\/v2\/product\/2119","targetHints":{"allow":["GET"]}}],"collection":[{"href":"https:\/\/bogonglaser.com\/es\/wp-json\/wp\/v2\/product"}],"about":[{"href":"https:\/\/bogonglaser.com\/es\/wp-json\/wp\/v2\/types\/product"}],"wp:featuredmedia":[{"embeddable":true,"href":"https:\/\/bogonglaser.com\/es\/wp-json\/wp\/v2\/media\/1966"}],"wp:attachment":[{"href":"https:\/\/bogonglaser.com\/es\/wp-json\/wp\/v2\/media?parent=2119"}],"wp:term":[{"taxonomy":"product_brand","embeddable":true,"href":"https:\/\/bogonglaser.com\/es\/wp-json\/wp\/v2\/product_brand?post=2119"},{"taxonomy":"product_cat","embeddable":true,"href":"https:\/\/bogonglaser.com\/es\/wp-json\/wp\/v2\/product_cat?post=2119"},{"taxonomy":"product_tag","embeddable":true,"href":"https:\/\/bogonglaser.com\/es\/wp-json\/wp\/v2\/product_tag?post=2119"}],"curies":[{"name":"wp","href":"https:\/\/api.w.org\/{rel}","templated":true}]}}