{"id":2118,"date":"2024-12-04T15:48:23","date_gmt":"2024-12-04T07:48:23","guid":{"rendered":"https:\/\/bogonglaser.com\/?post_type=product&#038;p=2118"},"modified":"2025-12-10T17:33:56","modified_gmt":"2025-12-10T09:33:56","slug":"50w-split-fiber-laser-engraving-machine","status":"publish","type":"product","link":"https:\/\/bogonglaser.com\/es\/50w-split-fiber-laser-engraving-machine\/","title":{"rendered":"Mini m\u00e1quina de grabado l\u00e1ser de fibra dividida"},"content":{"rendered":"<p>Soluciones personalizadas: Tanto si busca regalos como grabados profesionales, la grabadora l\u00e1ser BOGONG Mini split le permite realizar f\u00e1cilmente sus visiones creativas, ofreci\u00e9ndole una plataforma de posibilidades ilimitadas.<\/p>\n<p>\u00c1rea de grabado: Superficie de trabajo est\u00e1ndar:100*100mm\uff0c7,9\u00d77,9 pulgadas (200\u00d7200 mm) y superficie de trabajo de 300*300mm opcional,<\/p>\n<p>Las potencias l\u00e1ser que puede elegir son: 20W 30W 50W 60W 100W, y una impresionante velocidad de grabado de 10.000 mm\/s, esta m\u00e1quina es ideal para una amplia gama de proyectos. (Lentes de 100*100mm y 300*300mm opcionales)<\/p>\n<figure id=\"attachment_7458\" aria-describedby=\"caption-attachment-7458\" style=\"width: 300px\" class=\"wp-caption alignnone\"><img decoding=\"async\" class=\"size-medium wp-image-7458\" src=\"https:\/\/bogonglaser.com\/wp-content\/uploads\/2024\/10\/bogong-new-design-1-300x225.png\" alt=\"bogong nuevo dise\u00f1o\" width=\"300\" height=\"225\" title=\"\" srcset=\"https:\/\/bogonglaser.com\/wp-content\/uploads\/2024\/10\/bogong-new-design-1-300x225.png 300w, https:\/\/bogonglaser.com\/wp-content\/uploads\/2024\/10\/bogong-new-design-1-600x450.png 600w, https:\/\/bogonglaser.com\/wp-content\/uploads\/2024\/10\/bogong-new-design-1-768x576.png 768w, https:\/\/bogonglaser.com\/wp-content\/uploads\/2024\/10\/bogong-new-design-1-16x12.png 16w, https:\/\/bogonglaser.com\/wp-content\/uploads\/2024\/10\/bogong-new-design-1.png 800w\" sizes=\"(max-width: 300px) 100vw, 300px\" \/><figcaption id=\"caption-attachment-7458\" class=\"wp-caption-text\">bogong nuevo dise\u00f1o<\/figcaption><\/figure>\n<p><iframe title=\"Presentamos la Mini M\u00e1quina de Grabado L\u00e1ser BOOGNG - \u00a1Su Experiencia Definitiva en Grabado L\u00e1ser de Fibra!\" width=\"1290\" height=\"726\" src=\"https:\/\/www.youtube.com\/embed\/DqvsGNxiQBc?feature=oembed\" frameborder=\"0\" allow=\"accelerometer; autoplay; clipboard-write; encrypted-media; gyroscope; picture-in-picture; web-share\" referrerpolicy=\"strict-origin-when-cross-origin\" allowfullscreen><\/iframe><\/p>\n<p>Interfaz de control f\u00e1cil de usar: Esta m\u00e1quina l\u00e1ser cuenta con un sencillo panel de control EZCAD2 y es compatible con el software LightBurn, por lo que es accesible tanto para principiantes como para usuarios experimentados. Puede sumergirse directamente y mejorar la eficiencia de su flujo de trabajo.<\/p>\n<p>Opciones de materiales vers\u00e1tiles: Grabe f\u00e1cilmente en una amplia gama de materiales, como lat\u00f3n, carburo, granito, acero inoxidable, metal y pl\u00e1stico. Esta flexibilidad le permite dar vida a sus proyectos de bricolaje y creaciones artesanales \u00fanicas.<\/p>\n<p>Dise\u00f1o compacto: Con un peso de 37 kg, esta m\u00e1quina presenta un dise\u00f1o dividido con columnas altas y una amplia zona de procesamiento, lo que la hace ideal para diversos entornos de trabajo, incluso aquellos con espacio limitado.<\/p>\n<p>Embalaje protector: Su m\u00e1quina viene bien acolchada en espuma para garantizar que llegue sin da\u00f1os. Si se produce alg\u00fan problema durante el env\u00edo, puede recibir una compensaci\u00f3n.<\/p>\n<p>Asistencia integral preventa: Tanto si prefiere enviar un correo electr\u00f3nico, llamar por tel\u00e9fono, chatear en l\u00ednea o visitar a nuestro representante de atenci\u00f3n al cliente, nuestro equipo especializado le ofrece una asistencia exhaustiva para ayudarle a comprender todos los aspectos de la m\u00e1quina. Estamos aqu\u00ed para responder a sus preguntas y darle la confianza que necesita.<\/p>\n<p>Asistencia posventa: Ofrecemos sesiones virtuales de instalaci\u00f3n y asistencia t\u00e9cnica experta, junto con una garant\u00eda de hasta 2 a\u00f1os (solo para la m\u00e1quina) para que est\u00e9s tranquilo.<\/p>\n<figure id=\"attachment_7459\" aria-describedby=\"caption-attachment-7459\" style=\"width: 300px\" class=\"wp-caption alignnone\"><img decoding=\"async\" class=\"size-medium wp-image-7459\" src=\"https:\/\/bogonglaser.com\/wp-content\/uploads\/2024\/10\/mini-laser-machine-1-1-300x169.jpg\" alt=\"mini m\u00e1quina l\u00e1ser\" width=\"300\" height=\"169\" title=\"\" srcset=\"https:\/\/bogonglaser.com\/wp-content\/uploads\/2024\/10\/mini-laser-machine-1-1-300x169.jpg 300w, https:\/\/bogonglaser.com\/wp-content\/uploads\/2024\/10\/mini-laser-machine-1-1-600x338.jpg 600w, https:\/\/bogonglaser.com\/wp-content\/uploads\/2024\/10\/mini-laser-machine-1-1-768x432.jpg 768w, https:\/\/bogonglaser.com\/wp-content\/uploads\/2024\/10\/mini-laser-machine-1-1-18x10.jpg 18w, https:\/\/bogonglaser.com\/wp-content\/uploads\/2024\/10\/mini-laser-machine-1-1.jpg 800w\" sizes=\"(max-width: 300px) 100vw, 300px\" \/><figcaption id=\"caption-attachment-7459\" class=\"wp-caption-text\">mini m\u00e1quina l\u00e1ser<\/figcaption><\/figure>\n<h3>M\u00e1quina de grabado y marcado l\u00e1ser mini split<\/h3>\n<p>Aumente la eficacia y la comodidad a la vez que maximiza el espacio, lo que la convierte en la opci\u00f3n ideal para todas sus necesidades de grabado.<\/p>\n<figure id=\"attachment_7475\" aria-describedby=\"caption-attachment-7475\" style=\"width: 300px\" class=\"wp-caption alignnone\"><img decoding=\"async\" class=\"size-medium wp-image-7475\" src=\"https:\/\/bogonglaser.com\/wp-content\/uploads\/2024\/12\/8099368FDA9E46B0E54E09A3AD53B032-1-300x123.jpg\" alt=\"8099368FDA9E46B0E54E09A3AD53B032\" width=\"300\" height=\"123\" title=\"\" srcset=\"https:\/\/bogonglaser.com\/wp-content\/uploads\/2024\/12\/8099368FDA9E46B0E54E09A3AD53B032-1-300x123.jpg 300w, https:\/\/bogonglaser.com\/wp-content\/uploads\/2024\/12\/8099368FDA9E46B0E54E09A3AD53B032-1-600x245.jpg 600w, https:\/\/bogonglaser.com\/wp-content\/uploads\/2024\/12\/8099368FDA9E46B0E54E09A3AD53B032-1-1024x419.jpg 1024w, https:\/\/bogonglaser.com\/wp-content\/uploads\/2024\/12\/8099368FDA9E46B0E54E09A3AD53B032-1-768x314.jpg 768w, https:\/\/bogonglaser.com\/wp-content\/uploads\/2024\/12\/8099368FDA9E46B0E54E09A3AD53B032-1-18x7.jpg 18w, https:\/\/bogonglaser.com\/wp-content\/uploads\/2024\/12\/8099368FDA9E46B0E54E09A3AD53B032-1.jpg 1247w\" sizes=\"(max-width: 300px) 100vw, 300px\" \/><figcaption id=\"caption-attachment-7475\" class=\"wp-caption-text\">8099368FDA9E46B0E54E09A3AD53B032<\/figcaption><\/figure>\n<h3>Capacidad material<\/h3>\n<div class=\"collapsible-tab__text\">\n<p><strong>Metales:<\/strong>\u00a0Acero inoxidable, aluminio, aleaciones comunes, aluminio anodizado, lat\u00f3n, cromo, oro y plata, titanio<\/p>\n<p><strong>No metales:<\/strong>\u00a0Pizarra, pl\u00e1sticos duros, cuero artificial, acr\u00edlico de color<\/p>\n<\/div>\n<p><iframe title=\"\u00bfQu\u00e9 puede hacer una cortadora grabadora l\u00e1ser de 50W? | Mejor m\u00e1quina de marcado l\u00e1ser de fibra Raycus de 50 vatios en venta\" width=\"1290\" height=\"968\" src=\"https:\/\/www.youtube.com\/embed\/1DLnYH3dJXQ?feature=oembed\" frameborder=\"0\" allow=\"accelerometer; autoplay; clipboard-write; encrypted-media; gyroscope; picture-in-picture; web-share\" referrerpolicy=\"strict-origin-when-cross-origin\" allowfullscreen><\/iframe><\/p>\n<p class=\"section-header__title\">Tecnolog\u00eda l\u00e1ser avanzada<br \/>\nLa estable y famosa fuente l\u00e1ser de esta m\u00e1quina de marcado por fibra garantiza un rendimiento constante y fiable, con un tiempo medio hasta el fallo de m\u00e1s de 100.000 horas.<\/p>\n<p><iframe title=\"C\u00f3mo UTILIZAR una M\u00e1quina de Marcado L\u00e1ser de Fibra paso a paso para trabajos de grabado | China Laser Engraver\" width=\"1290\" height=\"726\" src=\"https:\/\/www.youtube.com\/embed\/WoOi7mteSzM?feature=oembed\" frameborder=\"0\" allow=\"accelerometer; autoplay; clipboard-write; encrypted-media; gyroscope; picture-in-picture; web-share\" referrerpolicy=\"strict-origin-when-cross-origin\" allowfullscreen><\/iframe><\/p>\n<p>El paquete incluye<br \/>\n- 1 x M\u00e1quina marcadora l\u00e1ser de fibra<br \/>\n- 1 x Cable de alimentaci\u00f3n<br \/>\n- 1 x Pedal<br \/>\n- 1 par de gafas de protecci\u00f3n l\u00e1ser<br \/>\n- 1 unidad flash USB<br \/>\n- 1 x Regla<br \/>\n- 1 x Manual de instrucciones<\/p>\n<p>- 1 x Tarjeta de aluminio de prueba<\/p>\n<p>- 1 x Herramientas<\/p>\n<p><iframe title=\"Desembalaje de la m\u00e1quina de grabado l\u00e1ser de fibra BOGONG MINI | Best BOGONG LASER ENGRAVER\" width=\"1290\" height=\"726\" src=\"https:\/\/www.youtube.com\/embed\/_96ZvRvowGE?feature=oembed\" frameborder=\"0\" allow=\"accelerometer; autoplay; clipboard-write; encrypted-media; gyroscope; picture-in-picture; web-share\" referrerpolicy=\"strict-origin-when-cross-origin\" allowfullscreen><\/iframe><\/p>\n<h2>C\u00f3mo elegir la marca adecuada<\/h2>\n<p>Invertir en un <a href=\"https:\/\/bogonglaser.com\/es\/laser-engraving-machine\/\">m\u00e1quina de grabado con pistola l\u00e1ser de fibra<\/a> es una decisi\u00f3n importante, por lo que es esencial elegir una marca que ofrezca valor y fiabilidad. Estos son algunos factores importantes que debe tener en cuenta a la hora de elegir la marca que mejor se adapte a sus necesidades:<\/p>\n<p>Reputaci\u00f3n de la marca: Investigue la reputaci\u00f3n y fiabilidad de la marca dentro del sector. Busque empresas conocidas por sus productos de calidad.<\/p>\n<p>Experiencia en el sector: Eval\u00fae la experiencia y los conocimientos de la marca en el campo del grabado por l\u00e1ser.<\/p>\n<p>Calidad e innovaci\u00f3n de los productos: Tenga en cuenta la calidad de los productos y las innovaciones tecnol\u00f3gicas que ofrecen.<\/p>\n<p>Variedad de modelos: Busque una marca que ofrezca una gama diversa de modelos con distintas especificaciones para satisfacer sus necesidades espec\u00edficas.<\/p>\n<p>Asistencia posventa: Compruebe el nivel de asistencia posventa ofrecido. Un servicio de atenci\u00f3n al cliente fiable es crucial para resolver cualquier problema que pueda surgir.<\/p>\n<p>Garant\u00eda: Examina las pol\u00edticas de garant\u00eda asociadas a sus productos para asegurarte de que est\u00e1s protegido en caso de defectos o problemas.<\/p>\n<p>Por \u00faltimo, el precio y el valor global son consideraciones clave. Aseg\u00farate de leer las opiniones y recomendaciones de los usuarios para tomar una decisi\u00f3n informada.<\/p>\n<p>**\u00bfPor qu\u00e9 elegir el l\u00e1ser BOGONG?<\/p>\n<p>BOGONG famoso por su calidad de los equipos l\u00e1ser y el servicio de servicio post-venta, Nuestras m\u00e1quinas son vers\u00e1tiles y f\u00e1ciles de usar, dise\u00f1ado con todos los niveles de habilidad en mente. Por encima de todo, damos prioridad a la satisfacci\u00f3n del cliente. Ya sea un experto o un principiante, <a href=\"https:\/\/bogonglaser.com\/es\/\">L\u00c1SER BOGONG<\/a> est\u00e1 aqu\u00ed para apoyarle en cada paso del camino. Conf\u00ede en nosotros y en nuestro servicio, donde la excelencia y la innovaci\u00f3n se unen para su \u00e9xito.<\/p>","protected":false},"excerpt":{"rendered":"<h2>M\u00e1quina de grabado l\u00e1ser de fibra \u00f3ptica mini split<\/h2>\n<p>M\u00e1quina de grabado l\u00e1ser de fibra BOGONG con dise\u00f1o dividido, peso ligero y tama\u00f1o peque\u00f1o.<\/p>\n<ul class=\"tips\">\n<li>300 Sets \/ Month Waiting for Sale En stock<\/li>\n<li>2 a\u00f1os de garant\u00eda limitada para toda la m\u00e1quina<\/li>\n<li>En l\u00ednea (PayPal) y fuera de l\u00ednea (T\/T, tarjetas de d\u00e9bito y cr\u00e9dito)<\/li>\n<li>Asistencia t\u00e9cnica gratuita de por vida para usuarios finales y distribuidores<\/li>\n<\/ul>","protected":false},"featured_media":1639,"template":"","meta":{"_gspb_post_css":""},"product_brand":[],"product_cat":[97,93,96],"product_tag":[123,102],"class_list":{"0":"post-2118","1":"product","2":"type-product","3":"status-publish","4":"has-post-thumbnail","6":"product_cat-fiber-laser-marker","7":"product_cat-laser-engraving-machine","8":"product_cat-laser-marking-machine","9":"product_tag-fiber-laser-marking-machine","10":"product_tag-laser-marking-machine","12":"first","13":"instock","14":"shipping-taxable","15":"product-type-simple"},"_links":{"self":[{"href":"https:\/\/bogonglaser.com\/es\/wp-json\/wp\/v2\/product\/2118","targetHints":{"allow":["GET"]}}],"collection":[{"href":"https:\/\/bogonglaser.com\/es\/wp-json\/wp\/v2\/product"}],"about":[{"href":"https:\/\/bogonglaser.com\/es\/wp-json\/wp\/v2\/types\/product"}],"wp:featuredmedia":[{"embeddable":true,"href":"https:\/\/bogonglaser.com\/es\/wp-json\/wp\/v2\/media\/1639"}],"wp:attachment":[{"href":"https:\/\/bogonglaser.com\/es\/wp-json\/wp\/v2\/media?parent=2118"}],"wp:term":[{"taxonomy":"product_brand","embeddable":true,"href":"https:\/\/bogonglaser.com\/es\/wp-json\/wp\/v2\/product_brand?post=2118"},{"taxonomy":"product_cat","embeddable":true,"href":"https:\/\/bogonglaser.com\/es\/wp-json\/wp\/v2\/product_cat?post=2118"},{"taxonomy":"product_tag","embeddable":true,"href":"https:\/\/bogonglaser.com\/es\/wp-json\/wp\/v2\/product_tag?post=2118"}],"curies":[{"name":"wp","href":"https:\/\/api.w.org\/{rel}","templated":true}]}}