{"id":2099,"date":"2024-12-04T09:34:52","date_gmt":"2024-12-04T01:34:52","guid":{"rendered":"https:\/\/bogonglaser.com\/?post_type=product&#038;p=2099"},"modified":"2025-12-10T16:19:29","modified_gmt":"2025-12-10T08:19:29","slug":"automatic-loading-laser-tube-cutting-machine","status":"publish","type":"product","link":"https:\/\/bogonglaser.com\/es\/automatic-loading-laser-tube-cutting-machine\/","title":{"rendered":"M\u00e1quina de corte l\u00e1ser de tubos de carga autom\u00e1tica"},"content":{"rendered":"<p>M\u00e1quina de corte l\u00e1ser autom\u00e1tica de tubos<\/p>\n<p>The Automatic Tube Laser Cutting Machine features a unique upper feeding structure that optimizes space efficiency.<\/p>\n<p>1. Se sujetan tres mandriles al mismo tiempo para evitar la deformaci\u00f3n del tubo.<br \/>\n2. El tubo se alinea autom\u00e1ticamente para evitar que oscile.<br \/>\n3. Puede equiparse con carga y descarga autom\u00e1ticas, lo que ahorra mano de obra<br \/>\n4. Doble funci\u00f3n de tracci\u00f3n para realizar el procesamiento de accesorios de tuber\u00edas ultralargas.<br \/>\n5. Soporte flotante intermedio y soporte ciego de seguimiento<br \/>\n6. Evitar el pandeo de la tuber\u00eda, blanking auxiliar, garantizar la precisi\u00f3n de corte.<br \/>\n7. Dise\u00f1o cerrado a prueba de polvo, mejora la vida \u00fatil de la estructura<br \/>\n8. Puede equiparse con un cabezal especial de corte por l\u00e1ser para adaptarse a cualquier proceso complejo de corte de tubos.<br \/>\n9. Evitar la tarjeta media, tercera sujeci\u00f3n del mandril, se puede convertir de extremo a extremo, f\u00e1cil material de cola cero.<\/p>\n<p><img decoding=\"async\" class=\"size-medium wp-image-7380\" src=\"https:\/\/bogonglaser.com\/wp-content\/uploads\/2024\/12\/Automatic-feeding-pipe-cutting-machine-300x300.jpg\" alt=\"Automatic feeding pipe cutting machine\" width=\"300\" height=\"300\" title=\"\" srcset=\"https:\/\/bogonglaser.com\/wp-content\/uploads\/2024\/12\/Automatic-feeding-pipe-cutting-machine-300x300.jpg 300w, https:\/\/bogonglaser.com\/wp-content\/uploads\/2024\/12\/Automatic-feeding-pipe-cutting-machine-100x100.jpg 100w, https:\/\/bogonglaser.com\/wp-content\/uploads\/2024\/12\/Automatic-feeding-pipe-cutting-machine-600x600.jpg 600w, https:\/\/bogonglaser.com\/wp-content\/uploads\/2024\/12\/Automatic-feeding-pipe-cutting-machine-150x150.jpg 150w, https:\/\/bogonglaser.com\/wp-content\/uploads\/2024\/12\/Automatic-feeding-pipe-cutting-machine-12x12.jpg 12w, https:\/\/bogonglaser.com\/wp-content\/uploads\/2024\/12\/Automatic-feeding-pipe-cutting-machine.jpg 750w\" sizes=\"(max-width: 300px) 100vw, 300px\" \/><\/p>\n<p>&nbsp;<\/p>\n<p><strong>Di\u00e1metro del tubo:<\/strong><\/p>\n<p>Esta m\u00e1quina procesa tubos con di\u00e1metros que van desde \u03c6 10 a \u03c6 180 para la alimentaci\u00f3n autom\u00e1tica, si carga el tubo por manual, el max.di\u00e1metro de la cortadora l\u00e1ser es de 240mm.<\/p>\n<p>&nbsp;<\/p>\n<p>Ventajas:<\/p>\n<p>- La r\u00e1pida velocidad de corte y el alto rendimiento garantizan la productividad.<br \/>\n- Funcionamiento seguro con rendimiento estable.<br \/>\n- Cortes de alta calidad con una deformaci\u00f3n m\u00ednima, lo que da como resultado un acabado suave y atractivo.<br \/>\n- Equipada con servomotores importados y carriles gu\u00eda para una mayor precisi\u00f3n de corte.<br \/>\n- El software de f\u00e1cil manejo permite procesar en tiempo real diversos gr\u00e1ficos y textos, y ofrece un funcionamiento flexible y sencillo.<\/p>\n<p>&nbsp;<\/p>\n<p>Otras cortadoras l\u00e1ser de tubos:<\/p>\n<p>Ofrece modos de funcionamiento manual y autom\u00e1tico.<\/p>\n<div class=\"sub-header-divs\">\n<h3>Rendimiento<\/h3>\n<\/div>\n<ul>\n<li>Medio l\u00e1ser - L\u00e1ser de fibra \u00f3ptica de estado s\u00f3lido CW 1070 nm<\/li>\n<li>Potencia l\u00e1ser - 1500W -6000W Opciones de fuente de fibra<\/li>\n<li>Poder - <strong>220v Monof\u00e1sico \/ 380V Trif\u00e1sico<\/strong><\/li>\n<li>Precisi\u00f3n de posicionamiento - \u2264\u00b10,03 mm<\/li>\n<li>Precisi\u00f3n de repetibilidad - \u2264\u00b10,02mm<\/li>\n<\/ul>\n<div class=\"sub-header-divs\">\n<h3>Sistema<\/h3>\n<\/div>\n<ul>\n<li>Sistema de accionamiento - Servo de bucle cerrado<\/li>\n<li>Modo de refrigeraci\u00f3n - Agua refrigerada<\/li>\n<\/ul>\n<p><iframe title=\"M\u00e1quina de corte l\u00e1ser profesional para tubos de metal | M\u00e1quina de corte l\u00e1ser para tubos\" width=\"1290\" height=\"726\" src=\"https:\/\/www.youtube.com\/embed\/P8_Y7zygTnw?feature=oembed\" frameborder=\"0\" allow=\"accelerometer; autoplay; clipboard-write; encrypted-media; gyroscope; picture-in-picture; web-share\" referrerpolicy=\"strict-origin-when-cross-origin\" allowfullscreen><\/iframe><\/p>\n<p>BOGONG famoso por su calidad de los equipos l\u00e1ser y el servicio de servicio post-venta, Nuestras m\u00e1quinas son vers\u00e1tiles y f\u00e1ciles de usar, dise\u00f1ado con todos los niveles de habilidad en mente. Por encima de todo, damos prioridad a la satisfacci\u00f3n del cliente. Si usted es un experto o un principiante, BOGONG LASER est\u00e1 aqu\u00ed para apoyarle en cada paso del camino. Conf\u00ede en nosotros y en nuestro servicio, donde la excelencia y la innovaci\u00f3n se unen para su \u00e9xito.<\/p>","protected":false},"excerpt":{"rendered":"<p>Es capaz de procesar una gran variedad de materiales met\u00e1licos, incluyendo tubos de acero inoxidable, tubos de acero al carbono y tubos galvanizados. Esta m\u00e1quina se utiliza ampliamente en industrias como la fabricaci\u00f3n de metal, la producci\u00f3n de utensilios de cocina, materiales decorativos, armarios, etc.<\/p>\n<ul class=\"tips\">\n<li>10 Sets \/ Mes En espera de venta En stock<\/li>\n<li>2 a\u00f1os de garant\u00eda limitada para toda la m\u00e1quina<\/li>\n<li>En l\u00ednea (PayPal) y fuera de l\u00ednea (T\/T, tarjetas de d\u00e9bito y cr\u00e9dito)<\/li>\n<li>Asistencia t\u00e9cnica gratuita de por vida para usuarios finales y distribuidores<\/li>\n<\/ul>","protected":false},"featured_media":2101,"template":"","meta":{"_gspb_post_css":""},"product_brand":[],"product_cat":[117,92,118],"product_tag":[122,105],"class_list":{"0":"post-2099","1":"product","2":"type-product","3":"status-publish","4":"has-post-thumbnail","6":"product_cat-fiber-laser-cutting-machine","7":"product_cat-laser-cutting-machine","8":"product_cat-laser-metal-cutting-machine","9":"product_tag-auto-tube-laser-cutting-machine","10":"product_tag-fiber-laser-cutting-machine","12":"first","13":"instock","14":"shipping-taxable","15":"product-type-simple"},"_links":{"self":[{"href":"https:\/\/bogonglaser.com\/es\/wp-json\/wp\/v2\/product\/2099","targetHints":{"allow":["GET"]}}],"collection":[{"href":"https:\/\/bogonglaser.com\/es\/wp-json\/wp\/v2\/product"}],"about":[{"href":"https:\/\/bogonglaser.com\/es\/wp-json\/wp\/v2\/types\/product"}],"wp:featuredmedia":[{"embeddable":true,"href":"https:\/\/bogonglaser.com\/es\/wp-json\/wp\/v2\/media\/2101"}],"wp:attachment":[{"href":"https:\/\/bogonglaser.com\/es\/wp-json\/wp\/v2\/media?parent=2099"}],"wp:term":[{"taxonomy":"product_brand","embeddable":true,"href":"https:\/\/bogonglaser.com\/es\/wp-json\/wp\/v2\/product_brand?post=2099"},{"taxonomy":"product_cat","embeddable":true,"href":"https:\/\/bogonglaser.com\/es\/wp-json\/wp\/v2\/product_cat?post=2099"},{"taxonomy":"product_tag","embeddable":true,"href":"https:\/\/bogonglaser.com\/es\/wp-json\/wp\/v2\/product_tag?post=2099"}],"curies":[{"name":"wp","href":"https:\/\/api.w.org\/{rel}","templated":true}]}}