{"id":2079,"date":"2024-11-03T15:07:59","date_gmt":"2024-11-03T07:07:59","guid":{"rendered":"https:\/\/bogonglaser.com\/?post_type=product&#038;p=2079"},"modified":"2025-12-10T16:28:51","modified_gmt":"2025-12-10T08:28:51","slug":"co2-laser-engraver-cutter","status":"publish","type":"product","link":"https:\/\/bogonglaser.com\/es\/co2-laser-engraver-cutter\/","title":{"rendered":"Cortadora grabadora l\u00e1ser de CO2"},"content":{"rendered":"<p>Los sistemas l\u00e1ser de CO2 de alta velocidad son una herramienta asequible, f\u00e1cil de usar y flexible que puede poner en marcha una nueva empresa o aumentar los beneficios de su negocio actual. Puede pensar en nuestras m\u00e1quinas de grabado y corte por l\u00e1ser como en una impresora de tinta de sobremesa. Utilizan una tecnolog\u00eda de control de movimiento similar para dar vida a sus im\u00e1genes. En lugar de imprimir puntos de tinta en papel, nuestros sistemas utilizan un rayo l\u00e1ser de CO2 para grabar, cortar y grabar sus dise\u00f1os en una amplia gama de materiales.<\/p>\n<figure id=\"attachment_7387\" aria-describedby=\"caption-attachment-7387\" style=\"width: 300px\" class=\"wp-caption alignnone\"><img decoding=\"async\" class=\"size-medium wp-image-7387\" src=\"https:\/\/bogonglaser.com\/wp-content\/uploads\/2024\/11\/CO2-Laser-Engraver-Cutter-300x300.jpg\" alt=\"Cortadora grabadora l\u00e1ser de CO2\" width=\"300\" height=\"300\" title=\"\" srcset=\"https:\/\/bogonglaser.com\/wp-content\/uploads\/2024\/11\/CO2-Laser-Engraver-Cutter-300x300.jpg 300w, https:\/\/bogonglaser.com\/wp-content\/uploads\/2024\/11\/CO2-Laser-Engraver-Cutter-100x100.jpg 100w, https:\/\/bogonglaser.com\/wp-content\/uploads\/2024\/11\/CO2-Laser-Engraver-Cutter-150x150.jpg 150w, https:\/\/bogonglaser.com\/wp-content\/uploads\/2024\/11\/CO2-Laser-Engraver-Cutter-12x12.jpg 12w, https:\/\/bogonglaser.com\/wp-content\/uploads\/2024\/11\/CO2-Laser-Engraver-Cutter.jpg 600w\" sizes=\"(max-width: 300px) 100vw, 300px\" \/><figcaption id=\"caption-attachment-7387\" class=\"wp-caption-text\">Cortadora grabadora l\u00e1ser de CO2<\/figcaption><\/figure>\n<div class=\"sub-header-1-div\">\n<h3>CARACTER\u00cdSTICAS PRINCIPALES<\/h3>\n<\/div>\n<ul>\n<li>Potencia l\u00e1ser - 60w 80w 100w 150W 180W<\/li>\n<li>Tubo l\u00e1ser - tubo l\u00e1ser de CO2, longitud de onda de 10,6 \u00b5m (CO2) <strong>Vida \u00fatil: hasta\u00a0<\/strong>10.000 horas<\/li>\n<li>\u00c1rea de trabajo: 400*300 mm, 900*600 mm, 1300*900 mm, 1600*100 mm, 1300 mm x 2500 mm, etc.<\/li>\n<li>Programas inform\u00e1ticos: RDWorks<\/li>\n<li>Plataforma de trabajo - Cuchilla<\/li>\n<li>Alimentaci\u00f3n - AC 110V (\u00b110%) 60Hz\/ AC 220V 50Hz<\/li>\n<li>Transmisi\u00f3n - Motor paso a paso \/ correas LeadShine (disponible actualizaci\u00f3n de servomotor).<\/li>\n<li>Conexi\u00f3n - Cable USB \/ Cable Ethernet<\/li>\n<li>Certificaci\u00f3n - CE, ISO<\/li>\n<li>Clase - L\u00e1ser de clase 4<\/li>\n<\/ul>\n<h2>\u00bfQu\u00e9 podemos hacer por usted?<\/h2>\n<ul>\n<li><span class=\"magic-19\"><b class=\"magic-19\"><span class=\"magic-18\">Muestras de ensayo gratuitas -<\/span><\/b><span class=\"magic-20\" data-spm-anchor-id=\"a2700.details.0.i41.41d82402R4aegi\">Podemos realizar pruebas de efecto de marcado gratuitas seg\u00fan el material de su producto<\/span><\/span><\/li>\n<li><span class=\"magic-19\"><b class=\"magic-19\"><span class=\"magic-18\">V\u00eddeo en directo.<\/span><\/b><span class=\"magic-20\">Puede ponerse en contacto con nuestros asesores de ventas para ver el proceso de producci\u00f3n y el funcionamiento de la m\u00e1quina en v\u00eddeo en l\u00ednea.<\/span><\/span><\/li>\n<li><span class=\"magic-19\"><b class=\"magic-19\"><span class=\"magic-18\">A medida \/OEM-<\/span><\/b><span class=\"magic-20\" data-spm-anchor-id=\"a2700.details.0.i40.41d82402R4aegi\">M\u00e1quinas personalizadas a petici\u00f3n\uff0cCont\u00e1ctenos<\/span><\/span><\/li>\n<\/ul>\n<p><iframe title=\"\u00bfC\u00d3MO FUNCIONA UN L\u00c1SER DE CO2?  |Operaci\u00f3n del software Ruida de la m\u00e1quina l\u00e1ser de CO2\" width=\"1290\" height=\"726\" src=\"https:\/\/www.youtube.com\/embed\/90ApOcSD6OI?feature=oembed\" frameborder=\"0\" allow=\"accelerometer; autoplay; clipboard-write; encrypted-media; gyroscope; picture-in-picture; web-share\" referrerpolicy=\"strict-origin-when-cross-origin\" allowfullscreen><\/iframe><\/p>\n<h3>Qu\u00e9 piezas necesito elegir para la m\u00e1quina de grabado y corte por l\u00e1ser CO2<\/h3>\n<ul>\n<li>Dispositivo rotativo: hay varios dispositivos rotativos con diferentes estilos y di\u00e1metros de pinza, como 50D 65D 80D<\/li>\n<\/ul>\n<p>Condiciones de pago de la m\u00e1quina de grabado y corte l\u00e1ser CO2<\/p>\n<p>1. 1. Dep\u00f3sito y saldo: Se requiere un dep\u00f3sito 30% T\/T por adelantado, con el saldo a pagar antes del env\u00edo.<\/p>\n<p>2. Alibaba Trade Assurance: Los pagos pueden procesarse a trav\u00e9s de Alibaba Trade Assurance.<\/p>\n<p>Preguntas frecuentes sobre la m\u00e1quina de grabado y corte l\u00e1ser de CO2<\/p>\n<p>\u00bfCu\u00e1l es el envase del <strong>M\u00e1quina de grabado y corte l\u00e1ser CO2<\/strong>?<br \/>\nNuestras m\u00e1quinas se embalan en tres capas. La capa exterior es una caja de madera, la intermedia est\u00e1 acolchada con espuma para protegerla de las sacudidas y la interior incluye una gruesa bolsa de pl\u00e1stico impermeable.<\/p>\n<p>\u00bfSe da\u00f1ar\u00e1 el paquete durante el transporte?<br \/>\nDise\u00f1amos meticulosamente nuestros embalajes para abordar todos los posibles factores de da\u00f1o, y nuestros agentes de transporte tienen experiencia en transporte seguro. Hemos exportado con \u00e9xito a 180 pa\u00edses, por lo que puede estar seguro de que su paquete llegar\u00e1 en excelentes condiciones.<\/p>","protected":false},"excerpt":{"rendered":"<h2>CO2 Laser Engraving Cutting Machine<\/h2>\n<p>Are you looking for a CO2 laser cutting machine that can effortlessly handle thicker materials? If so, the <a href=\"https:\/\/bogonglaser.com\/\">BOGONG laser<\/a> could be just what you need. Models like the 80W CO2 laser cutter not only boost your capabilities and efficiency as a small business owner but also make the experience of laser cutting and engraving enjoyable and accessible, even for beginners.<\/p>\n<ul class=\"tips\">\n<li>350 Sets \/ Month Waiting for Sale In Stock<\/li>\n<li>2 Years Limited Warranty for Entire Machine<\/li>\n<li>3-5 days prepare laser machine, 3-7days transport.<\/li>\n<li>Online (PayPal) &amp; Offline (T\/T, Debit &amp; Credit Cards)<\/li>\n<\/ul>\n<hr \/>\n<h4><strong>Get a Quote<\/strong><\/h4>\n<p>[contact-form-7 id=&#8221;029fbc1&#8243; title=&#8221;Products Form&#8221;]<\/p>\n","protected":false},"featured_media":2090,"template":"","meta":{"_gspb_post_css":""},"product_brand":[],"product_cat":[120,92],"product_tag":[121],"class_list":{"0":"post-2079","1":"product","2":"type-product","3":"status-publish","4":"has-post-thumbnail","6":"product_cat-co2-laser-cutter","7":"product_cat-laser-cutting-machine","8":"product_tag-co2-laser-cutting-machine","10":"first","11":"instock","12":"shipping-taxable","13":"product-type-simple"},"_links":{"self":[{"href":"https:\/\/bogonglaser.com\/es\/wp-json\/wp\/v2\/product\/2079","targetHints":{"allow":["GET"]}}],"collection":[{"href":"https:\/\/bogonglaser.com\/es\/wp-json\/wp\/v2\/product"}],"about":[{"href":"https:\/\/bogonglaser.com\/es\/wp-json\/wp\/v2\/types\/product"}],"wp:featuredmedia":[{"embeddable":true,"href":"https:\/\/bogonglaser.com\/es\/wp-json\/wp\/v2\/media\/2090"}],"wp:attachment":[{"href":"https:\/\/bogonglaser.com\/es\/wp-json\/wp\/v2\/media?parent=2079"}],"wp:term":[{"taxonomy":"product_brand","embeddable":true,"href":"https:\/\/bogonglaser.com\/es\/wp-json\/wp\/v2\/product_brand?post=2079"},{"taxonomy":"product_cat","embeddable":true,"href":"https:\/\/bogonglaser.com\/es\/wp-json\/wp\/v2\/product_cat?post=2079"},{"taxonomy":"product_tag","embeddable":true,"href":"https:\/\/bogonglaser.com\/es\/wp-json\/wp\/v2\/product_tag?post=2079"}],"curies":[{"name":"wp","href":"https:\/\/api.w.org\/{rel}","templated":true}]}}