{"id":2038,"date":"2024-11-29T15:39:51","date_gmt":"2024-11-29T07:39:51","guid":{"rendered":"https:\/\/bogonglaser.com\/?post_type=product&#038;p=2038"},"modified":"2025-12-10T18:13:03","modified_gmt":"2025-12-10T10:13:03","slug":"trolley-case-type-laser-cleaning-machine","status":"publish","type":"product","link":"https:\/\/bogonglaser.com\/es\/trolley-case-type-laser-cleaning-machine\/","title":{"rendered":"M\u00e1quina de limpieza l\u00e1ser tipo maleta con ruedas"},"content":{"rendered":"<div class=\"vc_row wpb_row vc_row-fluid\">\n<div class=\"wpb_column vc_column_container vc_col-sm-12\">\n<div class=\"vc_column-inner\">\n<div class=\"wpb_wrapper\">\n<div class=\"wpb_text_column wpb_content_element\">\n<div class=\"wpb_wrapper\">\n<div class=\"Content-module__content___jmKA6 _content_dc5hu_45\">\n<div class=\"react-scroll-to-bottom--css-kubvu-79elbk _chat-scroller_g10pz_99\">\n<div class=\"react-scroll-to-bottom--css-kubvu-1n7m0yu _chat-scroller__scroll_g10pz_102\">\n<div class=\"_message-list_g10pz_92\">\n<div class=\"_container_g10pz_1\">\n<div class=\"_container__content_g10pz_14\">\n<div class=\"_container__message_g10pz_41 _container__message--assistant_g10pz_61\">\n<div class=\"_message_g10pz_27\">\n<div class=\"_message__content_g10pz_53\">\n<div class=\"MessageContent-module__message-content___Am59P MessageContent-module__message-content--markdown___oLH9Y\">\n<p>\u00bfQu\u00e9 puede hacer esta m\u00e1quina?<\/p>\n<p>\u2013 Removing natural oxide films from aluminum alloys before welding.<br \/>\n\u2013 Cleaning black ash oxide after welding battery trays.<br \/>\n\u2013 Preparing train bogie welds for flaw detection.<br \/>\n\u2013 Cleaning automotive sheet metal parts prior to refurbishment.<br \/>\n\u2013 Accessing hard-to-reach areas that traditional wire brushes cannot clean.<\/p>\n<p>Esta versatilidad convierte al producto en una herramienta esencial para mantener la integridad estructural y garantizar la calidad en diversas industrias.<\/p>\n<\/div>\n<\/div>\n<\/div>\n<\/div>\n<\/div>\n<\/div>\n<\/div>\n<\/div>\n<\/div>\n<\/div>\n<\/div>\n<\/div>\n<\/div>\n<\/div>\n<\/div>\n<\/div>\n<div class=\"vc_row wpb_row vc_row-fluid\">\n<div class=\"wpb_column vc_column_container vc_col-sm-12\">\n<div class=\"vc_column-inner\">\n<div class=\"wpb_wrapper\">\n<div class=\"wpb_single_image wpb_content_element vc_align_left wpb_content_element\">\n<figure class=\"wpb_wrapper vc_figure\">\n<div class=\"vc_single_image-wrapper   vc_box_border_grey\"><img decoding=\"async\" class=\"vc_single_image-img attachment-full\" title=\"300~500w\u62c9\u7bb1\u5f0f\u6e05\u6d17\u673a6\" src=\"https:\/\/bogonglaser.com\/wp-content\/uploads\/2024\/11\/300500w%E6%8B%89%E7%AE%B1%E5%BC%8F%E6%B8%85%E6%B4%97%E6%9C%BA6.png\" sizes=\"auto, (max-width: 600px) 100vw, 600px\" srcset=\"https:\/\/bogonglaser.com\/wp-content\/uploads\/2024\/11\/300500w\u62c9\u7bb1\u5f0f\u6e05\u6d17\u673a6.png 600w, https:\/\/bogonglaser.com\/wp-content\/uploads\/2024\/11\/300500w\u62c9\u7bb1\u5f0f\u6e05\u6d17\u673a6-300x300.png 300w, https:\/\/bogonglaser.com\/wp-content\/uploads\/2024\/11\/300500w\u62c9\u7bb1\u5f0f\u6e05\u6d17\u673a6-150x150.png 150w, https:\/\/bogonglaser.com\/wp-content\/uploads\/2024\/11\/300500w\u62c9\u7bb1\u5f0f\u6e05\u6d17\u673a6-100x100.png 100w\" alt=\"limpiador l\u00e1ser tipo laggage\" width=\"600\" height=\"600\" \/><\/div>\n<\/figure>\n<\/div>\n<\/div>\n<\/div>\n<\/div>\n<\/div>\n<div class=\"vc_row wpb_row vc_row-fluid\">\n<div class=\"wpb_column vc_column_container vc_col-sm-12\">\n<div class=\"vc_column-inner\">\n<div class=\"wpb_wrapper\">\n<div class=\"wpb_text_column wpb_content_element\">\n<div class=\"wpb_wrapper\">\n<div class=\"Content-module__content___jmKA6 _content_dc5hu_45\">\n<div class=\"react-scroll-to-bottom--css-kubvu-79elbk _chat-scroller_g10pz_99\">\n<div class=\"react-scroll-to-bottom--css-kubvu-1n7m0yu _chat-scroller__scroll_g10pz_102\">\n<div class=\"_message-list_g10pz_92\">\n<div class=\"_container_g10pz_1\">\n<div class=\"_container__content_g10pz_14\">\n<div class=\"_container__message_g10pz_41 _container__message--assistant_g10pz_61\">\n<div class=\"_message_g10pz_27\">\n<div class=\"_message__content_g10pz_53\">\n<div class=\"MessageContent-module__message-content___Am59P MessageContent-module__message-content--markdown___oLH9Y\">\n<h2>Ventajas de la m\u00e1quina de limpieza l\u00e1ser tipo carro?<\/h2>\n<p>Trolley type laser cleaning machine also belong to Pulse laser cleaning technology, which use 100w\/200w\/300w pulse laser source inside. this kind of laggage type\u00a0laser cleaning machine\u00a0with strong nonmetal case, light weight, and easy move. This method is highly efficient and gentle, ensuring that it doesn\u2019t damage the surfaces of the materials being cleaned, making it perfect for a range of applications.<\/p>\n<\/div>\n<\/div>\n<\/div>\n<\/div>\n<\/div>\n<\/div>\n<\/div>\n<\/div>\n<\/div>\n<\/div>\n<\/div>\n<\/div>\n<\/div>\n<\/div>\n<\/div>\n<\/div>\n<div class=\"vc_row wpb_row vc_row-fluid\">\n<div class=\"wpb_column vc_column_container vc_col-sm-12\">\n<div class=\"vc_column-inner\">\n<div class=\"wpb_wrapper\">\n<div class=\"wpb_text_column wpb_content_element\">\n<div class=\"wpb_wrapper\">\n<div class=\"Content-module__content___jmKA6 _content_dc5hu_45\">\n<div class=\"react-scroll-to-bottom--css-kubvu-79elbk _chat-scroller_g10pz_99\">\n<div class=\"react-scroll-to-bottom--css-kubvu-1n7m0yu _chat-scroller__scroll_g10pz_102\">\n<div class=\"_message-list_g10pz_92\">\n<div class=\"_container_g10pz_1\">\n<div class=\"_container__content_g10pz_14\">\n<div class=\"_container__message_g10pz_41 _container__message--assistant_g10pz_61\">\n<div class=\"_message_g10pz_27\">\n<div class=\"_message__content_g10pz_53\">\n<div class=\"MessageContent-module__message-content___Am59P MessageContent-module__message-content--markdown___oLH9Y\">\n<p>Caracter\u00edsticas principales<\/p>\n<\/div>\n<\/div>\n<\/div>\n<\/div>\n<\/div>\n<\/div>\n<\/div>\n<\/div>\n<\/div>\n<\/div>\n<ul>\n<li>Tipo de l\u00e1ser: L\u00e1ser MOPA<br \/>\nPotencia l\u00e1ser: 100W\/200W\/300W<br \/>\nRango de salida (si es ajustable): 0-100%<br \/>\nFormaci\u00f3n de impulsos: MOPA (Factor de calidad)<br \/>\nGenerador l\u00e1ser: JPT<br \/>\nTipo de refrigeraci\u00f3n: Refrigeraci\u00f3n por aire<br \/>\nDespu\u00e9s de la venta: 2 a\u00f1os<\/li>\n<\/ul>\n<\/div>\n<\/div>\n<div class=\"wpb_video_widget wpb_content_element vc_clearfix   vc_video-aspect-ratio-169 vc_video-el-width-80 vc_video-align-left\">\n<div class=\"wpb_wrapper\">\n<h2 class=\"wpb_heading wpb_video_heading\">Trolley Case M\u00e1quina de limpieza l\u00e1ser Show<\/h2>\n<div class=\"wpb_video_wrapper\">\n<p><iframe title=\"Maleta Trolley Limpia Pulsos L\u00e1ser\" width=\"1290\" height=\"726\" src=\"https:\/\/www.youtube.com\/embed\/5ubKrUXY2Q8?feature=oembed\" frameborder=\"0\" allow=\"accelerometer; autoplay; clipboard-write; encrypted-media; gyroscope; picture-in-picture; web-share\" referrerpolicy=\"strict-origin-when-cross-origin\" allowfullscreen><\/iframe><\/p>\n<\/div>\n<\/div>\n<\/div>\n<\/div>\n<\/div>\n<\/div>\n<\/div>\n<div class=\"vc_row wpb_row vc_row-fluid\">\n<div class=\"wpb_column vc_column_container vc_col-sm-12\">\n<div class=\"vc_column-inner\">\n<div class=\"wpb_wrapper\">\n<div class=\"wpb_text_column wpb_content_element\">\n<div class=\"wpb_wrapper\">\n<div class=\"Content-module__content___jmKA6 _content_dc5hu_45\">\n<div class=\"react-scroll-to-bottom--css-kubvu-79elbk _chat-scroller_g10pz_99\">\n<div class=\"react-scroll-to-bottom--css-kubvu-1n7m0yu _chat-scroller__scroll_g10pz_102\">\n<div class=\"_message-list_g10pz_92\">\n<div class=\"_container_g10pz_1\">\n<div class=\"_container__content_g10pz_14\">\n<div class=\"_container__message_g10pz_41 _container__message--assistant_g10pz_61\">\n<div class=\"_message_g10pz_27\">\n<div class=\"_message__content_g10pz_53\">\n<div class=\"MessageContent-module__message-content___Am59P MessageContent-module__message-content--markdown___oLH9Y\">\n<div class=\"container section-title-container\">\n<h2 class=\"section-title section-title-normal\"><span class=\"section-title-main\">9 Modos de limpieza de esta m\u00e1quina<\/span><\/h2>\n<\/div>\n<p>La interfaz de funcionamiento de la m\u00e1quina ofrece 9 modos de limpieza:<\/p>\n<ol>\n<li>Modo L\u00ednea Recta<\/li>\n<li>Modo rectangular 1<\/li>\n<li>Modo rectangular 2<\/li>\n<li>Modo circular<\/li>\n<li>Modo sinusoidal<\/li>\n<li>Modo espiral<\/li>\n<li>Modo libre<\/li>\n<li>Modo Anillo<\/li>\n<li>Modo de rotaci\u00f3n<\/li>\n<\/ol>\n<div id=\"image_1635238231\" class=\"img has-hover x md-x lg-x y md-y lg-y\">\n<div class=\"Content-module__content___jmKA6 _content_dc5hu_45\">\n<div class=\"react-scroll-to-bottom--css-kubvu-79elbk _chat-scroller_g10pz_99\">\n<div class=\"react-scroll-to-bottom--css-kubvu-1n7m0yu _chat-scroller__scroll_g10pz_102\">\n<div class=\"_message-list_g10pz_92\">\n<div class=\"_container_g10pz_1\">\n<div class=\"_container__content_g10pz_14\">\n<div class=\"_container__message_g10pz_41 _container__message--assistant_g10pz_61\">\n<div class=\"_message_g10pz_27\">\n<div class=\"_message__content_g10pz_53\">\n<div class=\"MessageContent-module__message-content___Am59P MessageContent-module__message-content--markdown___oLH9Y\">\n<p>Puede cambiar estos modos mediante la opci\u00f3n \"Modo de escaneado\" de la interfaz.<\/p>\n<p>Algunos modos de limpieza son m\u00e1s suaves y funcionan bien en materiales que requieren un toque delicado, nuestra m\u00e1quina puede ayudarle a minimizar o eliminar por completo cualquier rastro tras la limpieza. Por otro lado, hay modos m\u00e1s potentes que son perfectos para hacer frente a la suciedad o los revestimientos m\u00e1s resistentes.<\/p>\n<p>Elegir el modo de limpieza adecuado es clave para garantizar que sus superficies tengan un aspecto excelente y mantengan su calidad. Esto es especialmente importante en industrias como la automoci\u00f3n, aeroespacial y electr\u00f3nica. BOGONG proporcionarle par\u00e1metro para quitar la pintura, \u00f3xido, aceite, etc. estos son grandes para el nuevo principiante.<\/p>\n<\/div>\n<\/div>\n<\/div>\n<\/div>\n<\/div>\n<\/div>\n<\/div>\n<\/div>\n<\/div>\n<\/div>\n<div class=\"_message-box_1luju_5\">\n<div class=\"_message-box__content_1luju_15\">\n<form action=\"\">\n<div class=\"MessageBox-module__messagebox___n4MAC\">\n<div class=\"MessageBox-module__messagebox__content___-xFbz\">\n<div class=\"MessageBox-module__messagebox__input-container___njanw\"><\/div>\n<\/div>\n<\/div>\n<input type=\"hidden\" name=\"trp-form-language\" value=\"es\"\/><\/form>\n<\/div>\n<\/div>\n<\/div>\n<\/div>\n<\/div>\n<\/div>\n<\/div>\n<\/div>\n<\/div>\n<\/div>\n<\/div>\n<\/div>\n<\/div>\n<\/div>\n<\/div>\n<\/div>\n<\/div>\n<\/div>\n<\/div>\n<div class=\"vc_row wpb_row vc_row-fluid\">\n<div class=\"wpb_column vc_column_container vc_col-sm-12\">\n<div class=\"vc_column-inner\">\n<div class=\"wpb_wrapper\">\n<div class=\"wpb_single_image wpb_content_element vc_align_left wpb_content_element\">\n<figure class=\"wpb_wrapper vc_figure\">\n<div class=\"vc_single_image-wrapper   vc_box_border_grey\"><img decoding=\"async\" class=\"vc_single_image-img attachment-full\" title=\"M\u00e1quina de limpieza l\u00e1ser tipo maleta con ruedas 5\" src=\"https:\/\/bogonglaser.com\/wp-content\/uploads\/2024\/11\/9-cleaning-modes-of-portable-laser-cleaner-1536x616-1.jpg\" sizes=\"auto, (max-width: 1536px) 100vw, 1536px\" srcset=\"https:\/\/bogonglaser.com\/wp-content\/uploads\/2024\/11\/9-cleaning-modes-of-portable-laser-cleaner-1536x616-1.jpg 1536w, https:\/\/bogonglaser.com\/wp-content\/uploads\/2024\/11\/9-cleaning-modes-of-portable-laser-cleaner-1536x616-1-300x120.jpg 300w, https:\/\/bogonglaser.com\/wp-content\/uploads\/2024\/11\/9-cleaning-modes-of-portable-laser-cleaner-1536x616-1-1024x411.jpg 1024w, https:\/\/bogonglaser.com\/wp-content\/uploads\/2024\/11\/9-cleaning-modes-of-portable-laser-cleaner-1536x616-1-768x308.jpg 768w, https:\/\/bogonglaser.com\/wp-content\/uploads\/2024\/11\/9-cleaning-modes-of-portable-laser-cleaner-1536x616-1-600x241.jpg 600w, https:\/\/bogonglaser.com\/wp-content\/uploads\/2024\/11\/9-cleaning-modes-of-portable-laser-cleaner-1536x616-1-1000x401.jpg 1000w\" alt=\"limpieza L\u00c1SER 500W\" width=\"1536\" height=\"616\" \/><\/div>\n<\/figure>\n<\/div>\n<\/div>\n<\/div>\n<\/div>\n<\/div>\n<div class=\"vc_row wpb_row vc_row-fluid\">\n<div class=\"wpb_column vc_column_container vc_col-sm-12\">\n<div class=\"vc_column-inner\">\n<div class=\"wpb_wrapper\">\n<div class=\"wpb_text_column wpb_content_element\">\n<div class=\"wpb_wrapper\">\n<h2>Dispone de 16 idiomas compatibles para su selecci\u00f3n.<\/h2>\n<p>Actualmente, la m\u00e1quina de limpieza por l\u00e1ser de impulsos es compatible con varios idiomas: ingl\u00e9s, ruso, japon\u00e9s, espa\u00f1ol, alem\u00e1n, coreano, franc\u00e9s, polaco y otros 16.<\/p>\n<p>Puede cambiar f\u00e1cilmente entre estos idiomas en la interfaz de la m\u00e1quina. Si necesita idiomas adicionales, tambi\u00e9n ofrecemos servicios ling\u00fc\u00edsticos personalizados para satisfacer sus necesidades.<\/p>\n<\/div>\n<\/div>\n<\/div>\n<\/div>\n<\/div>\n<\/div>\n<div class=\"vc_row wpb_row vc_row-fluid\">\n<div class=\"wpb_column vc_column_container vc_col-sm-12\">\n<div class=\"vc_column-inner\">\n<div class=\"wpb_wrapper\">\n<div class=\"wpb_single_image wpb_content_element vc_align_left wpb_content_element\">\n<figure class=\"wpb_wrapper vc_figure\">\n<div class=\"vc_single_image-wrapper   vc_box_border_grey\"><img decoding=\"async\" class=\"vc_single_image-img attachment-full\" title=\"Sistema l\u00e1ser de impulsos de 500 W\" src=\"https:\/\/bogonglaser.com\/wp-content\/uploads\/2024\/11\/16-Supported-Languages-for-Laser-Cleaner-768x448-1.webp\" sizes=\"auto, (max-width: 768px) 100vw, 768px\" srcset=\"https:\/\/bogonglaser.com\/wp-content\/uploads\/2024\/11\/16-Supported-Languages-for-Laser-Cleaner-768x448-1.webp 768w, https:\/\/bogonglaser.com\/wp-content\/uploads\/2024\/11\/16-Supported-Languages-for-Laser-Cleaner-768x448-1-300x175.webp 300w, https:\/\/bogonglaser.com\/wp-content\/uploads\/2024\/11\/16-Supported-Languages-for-Laser-Cleaner-768x448-1-600x350.webp 600w\" alt=\"Sistema l\u00e1ser de impulsos de 500 W\" width=\"768\" height=\"448\" \/><\/div>\n<\/figure>\n<\/div>\n<\/div>\n<\/div>\n<\/div>\n<\/div>\n<div class=\"vc_row wpb_row vc_row-fluid\">\n<div class=\"wpb_column vc_column_container vc_col-sm-12\">\n<div class=\"vc_column-inner\">\n<div class=\"wpb_wrapper\">\n<div class=\"wpb_text_column wpb_content_element\">\n<div class=\"wpb_wrapper\">\n<h2>Diferencia entre la m\u00e1quina de limpieza l\u00e1ser de cajas met\u00e1licas y la m\u00e1quina de limpieza l\u00e1ser de cajas de carros<\/h2>\n<\/div>\n<\/div>\n<div class=\"wpb_video_widget wpb_content_element vc_clearfix   vc_video-aspect-ratio-169 vc_video-el-width-80 vc_video-align-left\">\n<div class=\"wpb_wrapper\">\n<div class=\"wpb_video_wrapper\">\n<p><iframe title=\"Comparaci\u00f3n:Maleta Trolley VS M\u00e1quina de limpieza por l\u00e1ser de impulsos tipo armario met\u00e1lico\" width=\"1290\" height=\"726\" src=\"https:\/\/www.youtube.com\/embed\/j_zWa85DlhQ?feature=oembed\" frameborder=\"0\" allow=\"accelerometer; autoplay; clipboard-write; encrypted-media; gyroscope; picture-in-picture; web-share\" referrerpolicy=\"strict-origin-when-cross-origin\" allowfullscreen><\/iframe><\/p>\n<\/div>\n<\/div>\n<\/div>\n<\/div>\n<\/div>\n<\/div>\n<\/div>\n<div class=\"vc_row wpb_row vc_row-fluid\">\n<div class=\"wpb_column vc_column_container vc_col-sm-12\">\n<div class=\"vc_column-inner\">\n<div class=\"wpb_wrapper\">\n<div class=\"wpb_single_image wpb_content_element vc_align_left wpb_content_element\">\n<figure class=\"wpb_wrapper vc_figure\">\n<div class=\"vc_single_image-wrapper   vc_box_border_grey\"><img decoding=\"async\" class=\"vc_single_image-img attachment-full\" title=\"QQ\u56fe\u724720240814100714\" src=\"https:\/\/bogonglaser.com\/wp-content\/uploads\/2024\/11\/QQ%E5%9B%BE%E7%89%8720240814100714.jpg\" sizes=\"auto, (max-width: 790px) 100vw, 790px\" srcset=\"https:\/\/bogonglaser.com\/wp-content\/uploads\/2024\/11\/QQ\u56fe\u724720240814100714.jpg 790w, https:\/\/bogonglaser.com\/wp-content\/uploads\/2024\/11\/QQ\u56fe\u724720240814100714-265x300.jpg 265w, https:\/\/bogonglaser.com\/wp-content\/uploads\/2024\/11\/QQ\u56fe\u724720240814100714-768x870.jpg 768w, https:\/\/bogonglaser.com\/wp-content\/uploads\/2024\/11\/QQ\u56fe\u724720240814100714-600x680.jpg 600w\" alt=\"limpiador l\u00e1ser\" width=\"790\" height=\"895\" \/><\/div>\n<\/figure>\n<\/div>\n<\/div>\n<\/div>\n<\/div>\n<\/div>\n<div class=\"vc_row wpb_row vc_row-fluid\">\n<div class=\"wpb_column vc_column_container vc_col-sm-12\">\n<div class=\"vc_column-inner\">\n<div class=\"wpb_wrapper\">\n<div class=\"wpb_text_column wpb_content_element\">\n<div class=\"wpb_wrapper\">\n<p>Condiciones de pago<\/p>\n<p>1. 1. Dep\u00f3sito y saldo: Se requiere un dep\u00f3sito 30% T\/T por adelantado, con el saldo a pagar antes del env\u00edo.<\/p>\n<p>2. Alibaba Trade Assurance: Los pagos pueden procesarse a trav\u00e9s de Alibaba Trade Assurance.<\/p>\n<p>\u00bfPreguntas frecuentes sobre la m\u00e1quina de limpieza l\u00e1ser con malet\u00edn con ruedas?<\/p>\n<p>\u00bfCu\u00e1l es el embalaje de la m\u00e1quina l\u00e1ser?<br \/>\nNuestras m\u00e1quinas se embalan en tres capas. La capa exterior es una caja de madera, la intermedia est\u00e1 acolchada con espuma para protegerla de las sacudidas y la interior incluye una gruesa bolsa de pl\u00e1stico impermeable.<\/p>\n<p>\u00bfSe da\u00f1ar\u00e1 el paquete durante el transporte?<br \/>\nDise\u00f1amos meticulosamente nuestros embalajes para abordar todos los posibles factores de da\u00f1o, y nuestros agentes de transporte tienen experiencia en transporte seguro. Hemos exportado con \u00e9xito a 180 pa\u00edses, por lo que puede estar seguro de que su paquete llegar\u00e1 en excelentes condiciones.<\/p>\n<\/div>\n<\/div>\n<\/div>\n<\/div>\n<\/div>\n<\/div>\n<div class=\"vc_row wpb_row vc_row-fluid\">\n<div class=\"wpb_column vc_column_container vc_col-sm-12\">\n<div class=\"vc_column-inner\">\n<div class=\"wpb_wrapper\">\n<div class=\"wpb_text_column wpb_content_element\">\n<div class=\"wpb_wrapper\">\n<p>Most of customers like choose transport by UPS\/DHL express, it can arrive at destination about 5-7 days, contact with BOGONG to get more detail about 1000W pulse\u00a0laser cleaning machine.<\/p>\n<\/div>\n<\/div>\n<\/div>\n<\/div>\n<\/div>\n<\/div>","protected":false},"excerpt":{"rendered":"<p><strong>\u00bfQu\u00e9 es la m\u00e1quina de limpieza l\u00e1ser con carretilla?<\/strong><\/p>\n<p>La m\u00e1quina de limpieza l\u00e1ser con carro, tambi\u00e9n llamada m\u00e1quina de limpieza l\u00e1ser tipo laggage, puede moverse f\u00e1cilmente con este dise\u00f1o.<\/p>\n<ul class=\"tips\">\n<li>100 Sets \/ Month Waiting for Sale En stock<\/li>\n<li>2 a\u00f1os de garant\u00eda limitada para toda la m\u00e1quina<\/li>\n<li>3-5 d\u00edas preparar m\u00e1quina l\u00e1ser, 3-7 d\u00edas transporte.<\/li>\n<li>En l\u00ednea (PayPal) y fuera de l\u00ednea (T\/T, tarjetas de d\u00e9bito y cr\u00e9dito)<\/li>\n<\/ul>","protected":false},"featured_media":2040,"template":"","meta":{"_gspb_post_css":""},"product_brand":[],"product_cat":[94],"product_tag":[101,100],"class_list":{"0":"post-2038","1":"product","2":"type-product","3":"status-publish","4":"has-post-thumbnail","6":"product_cat-laser-cleaning-machine","7":"product_tag-laser-cleaner","8":"product_tag-laser-cleaning-machine","10":"first","11":"instock","12":"shipping-taxable","13":"product-type-simple"},"_links":{"self":[{"href":"https:\/\/bogonglaser.com\/es\/wp-json\/wp\/v2\/product\/2038","targetHints":{"allow":["GET"]}}],"collection":[{"href":"https:\/\/bogonglaser.com\/es\/wp-json\/wp\/v2\/product"}],"about":[{"href":"https:\/\/bogonglaser.com\/es\/wp-json\/wp\/v2\/types\/product"}],"wp:featuredmedia":[{"embeddable":true,"href":"https:\/\/bogonglaser.com\/es\/wp-json\/wp\/v2\/media\/2040"}],"wp:attachment":[{"href":"https:\/\/bogonglaser.com\/es\/wp-json\/wp\/v2\/media?parent=2038"}],"wp:term":[{"taxonomy":"product_brand","embeddable":true,"href":"https:\/\/bogonglaser.com\/es\/wp-json\/wp\/v2\/product_brand?post=2038"},{"taxonomy":"product_cat","embeddable":true,"href":"https:\/\/bogonglaser.com\/es\/wp-json\/wp\/v2\/product_cat?post=2038"},{"taxonomy":"product_tag","embeddable":true,"href":"https:\/\/bogonglaser.com\/es\/wp-json\/wp\/v2\/product_tag?post=2038"}],"curies":[{"name":"wp","href":"https:\/\/api.w.org\/{rel}","templated":true}]}}