{"id":2005,"date":"2024-11-01T11:05:32","date_gmt":"2024-11-01T03:05:32","guid":{"rendered":"https:\/\/bogonglaser.com\/?post_type=product&#038;p=2005"},"modified":"2025-12-10T16:27:16","modified_gmt":"2025-12-10T08:27:16","slug":"bevel-fiber-laser-cutting-machine-groove-cutting-chamfering-by-fiber-laser-cutter","status":"publish","type":"product","link":"https:\/\/bogonglaser.com\/es\/bevel-fiber-laser-cutting-machine-groove-cutting-chamfering-by-fiber-laser-cutter\/","title":{"rendered":"M\u00e1quina de corte l\u00e1ser de fibra de bisel | Corte de ranuras, biselado por cortadora l\u00e1ser de fibra"},"content":{"rendered":"<h1>M\u00e1quina de corte l\u00e1ser en bisel<\/h1>\n<p>El corte en bisel exige un conocimiento preciso tanto de la m\u00e1quina l\u00e1ser como de los procesos de corte implicados. Para lograr la calidad de precisi\u00f3n requerida es necesario prestar especial atenci\u00f3n a las esquinas, entradas y salidas, que deben ejecutarse en una secuencia espec\u00edfica. La programaci\u00f3n de las piezas cortadas tambi\u00e9n desempe\u00f1a un papel fundamental en el mantenimiento de la precisi\u00f3n, y requiere funciones auxiliares especiales para configurar el software para el corte en bisel de precisi\u00f3n.<\/p>\n<p>Los sistemas autom\u00e1ticos est\u00e1n totalmente controlados y no requieren ajustes manuales, lo que garantiza un rendimiento constante.<\/p>\n<div class=\"sub-header-divs\">\n<h3>Rendimiento<\/h3>\n<\/div>\n<ul>\n<li>Medio l\u00e1ser - L\u00e1ser de fibra \u00f3ptica de estado s\u00f3lido CW 1070 nm<\/li>\n<li>Potencia l\u00e1ser - 6000W -40000W Opciones de fuente de fibra<\/li>\n<li>Poder - <strong>\u00a0380 V trif\u00e1sico<\/strong><\/li>\n<li>Precisi\u00f3n de posicionamiento - \u2264\u00b10,03 mm<\/li>\n<li>Precisi\u00f3n de repetibilidad - \u2264\u00b10,02mm<\/li>\n<\/ul>\n<div class=\"sub-header-divs\">\n<h3>Sistema<\/h3>\n<\/div>\n<ul>\n<li>Sistema de accionamiento - Servo de bucle cerrado<\/li>\n<li>Modo de refrigeraci\u00f3n - Agua refrigerada<\/li>\n<\/ul>\n<p>Nuestra m\u00e1quina de corte l\u00e1ser en bisel para placas de metal rompe con el tradicional corte recto de 0\u00b0, permitiendo cortes en bisel precisos de hasta 45\u00b0 en superficies planas. Esta m\u00e1quina maneja eficientemente varios dise\u00f1os de bisel, incluyendo formas en V, X e Y, completando los procesos de corte y fresado en una sola operaci\u00f3n. Como resultado, se obtienen piezas con una precisi\u00f3n dimensional y una calidad de superficie excepcionales, lo que aumenta significativamente la eficacia, garantiza una alta calidad y ahorra recursos.<\/p>\n<p><iframe title=\"CORTE DE BISELES con m\u00e1quina de corte por l\u00e1ser de fibra | Corte de ranuras, biselado con cortadora l\u00e1ser de fibra\" width=\"1290\" height=\"726\" src=\"https:\/\/www.youtube.com\/embed\/2ejtVyjr7UY?feature=oembed\" frameborder=\"0\" allow=\"accelerometer; autoplay; clipboard-write; encrypted-media; gyroscope; picture-in-picture; web-share\" referrerpolicy=\"strict-origin-when-cross-origin\" allowfullscreen><\/iframe><\/p>\n<p>If you&#8217;d like more information or want to inquire about the price of our bevel fiber laser cutting machine, feel free to reach out via email!Achieve perfect bevels in a single pass with our advanced cutting technology! Our machine can perform \u00b145\u00b0 bevel cutting, providing an exceptional fit for welding. The cut-offs produced are ideal for zero gap welding, eliminating the need for extra cutting or grinding. This results in a remarkable 75% increase in efficiency compared to traditional metal cutters.<\/p>\n<p>Nuestro potente cabezal de corte en bisel cuenta con un sofisticado sistema de control tridimensional de cinco ejes, que permite un control preciso del \u00e1ngulo y proporciona cortes en bisel de alta calidad en todo momento.<\/p>\n<p>Tambi\u00e9n apreciar\u00e1 las ventajas de la perforaci\u00f3n oblicua, que permite un posicionamiento preciso tras la perforaci\u00f3n y mejora la eficacia general del corte.<\/p>\n<p>BOGONG famoso por su calidad de los equipos l\u00e1ser y el servicio de servicio post-venta, Nuestras m\u00e1quinas son vers\u00e1tiles y f\u00e1ciles de usar, dise\u00f1ado con todos los niveles de habilidad en mente. Por encima de todo, damos prioridad a la satisfacci\u00f3n del cliente. Si usted es un experto o un principiante, BOGONG LASER est\u00e1 aqu\u00ed para apoyarle en cada paso del camino. Conf\u00ede en nosotros y en nuestro servicio, donde la excelencia y la innovaci\u00f3n se unen para su \u00e9xito.<\/p>","protected":false},"excerpt":{"rendered":"<p>La m\u00e1quina de corte l\u00e1ser de fibra en bisel simplifica el proceso de corte en bisel de metal, produciendo biseles perfectos en una sola pasada. Con su avanzado sistema de control tridimensional de cinco ejes, el cabezal de corte de alta potencia de BOGONG Laser gestiona con precisi\u00f3n los \u00e1ngulos de corte en bisel, garantizando siempre cortes de alta calidad. Como resultado, las piezas acabadas son m\u00e1s adecuadas para la soldadura sin costuras en comparaci\u00f3n con los m\u00e9todos tradicionales.<\/p>\n<ul class=\"tips\">\n<li>20 Sets \/ Month Waiting for Sale En stock<\/li>\n<li>2 a\u00f1os de garant\u00eda limitada para toda la m\u00e1quina<\/li>\n<li>En l\u00ednea (PayPal) y fuera de l\u00ednea (T\/T, tarjetas de d\u00e9bito y cr\u00e9dito)<\/li>\n<li>Asistencia t\u00e9cnica gratuita de por vida para usuarios finales y distribuidores<\/li>\n<\/ul>","protected":false},"featured_media":2007,"template":"","meta":{"_gspb_post_css":""},"product_brand":[],"product_cat":[117,92,118],"product_tag":[105,106],"class_list":{"0":"post-2005","1":"product","2":"type-product","3":"status-publish","4":"has-post-thumbnail","6":"product_cat-fiber-laser-cutting-machine","7":"product_cat-laser-cutting-machine","8":"product_cat-laser-metal-cutting-machine","9":"product_tag-fiber-laser-cutting-machine","10":"product_tag-laser-cutting-machine","12":"first","13":"instock","14":"shipping-taxable","15":"product-type-simple"},"_links":{"self":[{"href":"https:\/\/bogonglaser.com\/es\/wp-json\/wp\/v2\/product\/2005","targetHints":{"allow":["GET"]}}],"collection":[{"href":"https:\/\/bogonglaser.com\/es\/wp-json\/wp\/v2\/product"}],"about":[{"href":"https:\/\/bogonglaser.com\/es\/wp-json\/wp\/v2\/types\/product"}],"wp:featuredmedia":[{"embeddable":true,"href":"https:\/\/bogonglaser.com\/es\/wp-json\/wp\/v2\/media\/2007"}],"wp:attachment":[{"href":"https:\/\/bogonglaser.com\/es\/wp-json\/wp\/v2\/media?parent=2005"}],"wp:term":[{"taxonomy":"product_brand","embeddable":true,"href":"https:\/\/bogonglaser.com\/es\/wp-json\/wp\/v2\/product_brand?post=2005"},{"taxonomy":"product_cat","embeddable":true,"href":"https:\/\/bogonglaser.com\/es\/wp-json\/wp\/v2\/product_cat?post=2005"},{"taxonomy":"product_tag","embeddable":true,"href":"https:\/\/bogonglaser.com\/es\/wp-json\/wp\/v2\/product_tag?post=2005"}],"curies":[{"name":"wp","href":"https:\/\/api.w.org\/{rel}","templated":true}]}}