{"id":1981,"date":"2024-11-25T16:08:24","date_gmt":"2024-11-25T08:08:24","guid":{"rendered":"https:\/\/bogonglaser.com\/?post_type=product&#038;p=1981"},"modified":"2025-12-10T16:38:46","modified_gmt":"2025-12-10T08:38:46","slug":"smallest-fiber-laser-cutting-machine-for-brass-gold-silver","status":"publish","type":"product","link":"https:\/\/bogonglaser.com\/es\/smallest-fiber-laser-cutting-machine-for-brass-gold-silver\/","title":{"rendered":"M\u00e1quina de corte l\u00e1ser de fibra m\u00e1s peque\u00f1a para lat\u00f3n, oro, plata"},"content":{"rendered":"<p>\u00bfEst\u00e1 buscando la mejor m\u00e1quina de corte por l\u00e1ser de precisi\u00f3n (1500W , 2000W o 3000W) para crear joyas de metal personalizadas como anillos, pendientes, colgantes, pulseras, gemelos, collares, broches y otros adornos personalizados de plata, oro, cobre o acero inoxidable? Eche un vistazo a las mini cortadoras de joyas por l\u00e1ser de fibra compactas m\u00e1s vendidas a precio de coste.<\/p>\n<p><img decoding=\"async\" class=\"size-medium wp-image-7399\" src=\"https:\/\/bogonglaser.com\/wp-content\/uploads\/2024\/11\/precision-laser-cutter-1-300x174.jpg\" alt=\"cortadora l\u00e1ser de precisi\u00f3n\" width=\"300\" height=\"174\" title=\"\" srcset=\"https:\/\/bogonglaser.com\/wp-content\/uploads\/2024\/11\/precision-laser-cutter-1-300x174.jpg 300w, https:\/\/bogonglaser.com\/wp-content\/uploads\/2024\/11\/precision-laser-cutter-1-18x10.jpg 18w, https:\/\/bogonglaser.com\/wp-content\/uploads\/2024\/11\/precision-laser-cutter-1.jpg 432w\" sizes=\"(max-width: 300px) 100vw, 300px\" \/><\/p>\n<div class=\"sub-header-divs\">\n<h3>Rendimiento<\/h3>\n<\/div>\n<ul>\n<li>Medio l\u00e1ser - L\u00e1ser de fibra \u00f3ptica de estado s\u00f3lido CW 1070 nm<\/li>\n<li>Potencia l\u00e1ser - Opciones de fuente de fibra de 1000 W a 3000 W<\/li>\n<li>Alimentaci\u00f3n - 220v\u00a0<strong>monof\u00e1sico\/ 380 V trif\u00e1sico<\/strong><\/li>\n<li>Precisi\u00f3n de posicionamiento - \u2264\u00b10,03 mm<\/li>\n<li>Precisi\u00f3n de repetibilidad - \u2264\u00b10,02mm<\/li>\n<\/ul>\n<div class=\"sub-header-divs\">\n<h3>Sistema<\/h3>\n<\/div>\n<ul>\n<li>Sistema de accionamiento - Servo de bucle cerrado<\/li>\n<li>Modo de refrigeraci\u00f3n - Agua refrigerada<\/li>\n<\/ul>\n<p>El corte por l\u00e1ser de joyer\u00eda met\u00e1lica de diversas formas es una forma sencilla y eficaz de crear piezas personalizadas. Ofrece cortes r\u00e1pidos, limpios y suaves. Sin embargo, la elaboraci\u00f3n de hermosas joyas de metal requiere precisi\u00f3n y un toque delicado. Ah\u00ed es donde la cortadora l\u00e1ser peque\u00f1a BOGONG 3030. Ofrece detalles incre\u00edbles y resultados que superan las expectativas. Adem\u00e1s, no s\u00f3lo puede cortar oro y plata, sino tambi\u00e9n materiales como cobre y acero inoxidable.<\/p>\n<p>Si est\u00e1 buscando hacer joyas de metal \u00fanicas, todo lo que necesita es la cortadora l\u00e1ser de fibra 3030 de BOGONG LASER. Es compacta, ahorrando espacio de trabajo precioso, y viene equipada con un controlador CNC autom\u00e1tico junto con un software intuitivo que es f\u00e1cil de usar, tanto si eres un principiante o un profesional experimentado. Es perfecta tanto para artesanos como para peque\u00f1os empresarios.<\/p>\n<p>\u00bfQu\u00e9 es la joyer\u00eda de metal?<br \/>\nLa joyer\u00eda met\u00e1lica incluye una amplia gama de art\u00edculos como anillos, pendientes, collares, pulseras, broches, colgantes y gemelos, fabricados normalmente con materiales como oro, plata, cobre y acero inoxidable de color, entre otros metales preciosos.<\/p>\n<p>La mayor parte de esta joyer\u00eda se compone de piezas peque\u00f1as, lo que exige un alto nivel de precisi\u00f3n de corte y un desperdicio m\u00ednimo. Los m\u00e9todos de corte mec\u00e1nicos tradicionales sencillamente no satisfacen las exigencias modernas de la fabricaci\u00f3n de joyas. El corte por l\u00e1ser es la mejor soluci\u00f3n, ya que ofrece velocidad, precisi\u00f3n, alta calidad y procesos no destructivos y respetuosos con el medio ambiente. Dado que los distintos metales tienen diferentes grados de blandura, dureza y reflectividad, los l\u00e1seres de fibra son especialmente adecuados para conseguir cortes precisos en joyer\u00eda met\u00e1lica.<\/p>\n<p><iframe title=\"La m\u00e1quina de corte por l\u00e1ser de fibra m\u00e1s peque\u00f1a: Un gran avance en la tecnolog\u00eda de corte de metales\" width=\"1290\" height=\"726\" src=\"https:\/\/www.youtube.com\/embed\/9jNRk6QalxQ?feature=oembed\" frameborder=\"0\" allow=\"accelerometer; autoplay; clipboard-write; encrypted-media; gyroscope; picture-in-picture; web-share\" referrerpolicy=\"strict-origin-when-cross-origin\" allowfullscreen><\/iframe><\/p>\n<p><img decoding=\"async\" class=\"size-medium wp-image-7401\" src=\"https:\/\/bogonglaser.com\/wp-content\/uploads\/2024\/11\/smart-fiber-laser-cutter-1-300x169.jpg\" alt=\"cortadora l\u00e1ser de fibra inteligente\" width=\"300\" height=\"169\" title=\"\" srcset=\"https:\/\/bogonglaser.com\/wp-content\/uploads\/2024\/11\/smart-fiber-laser-cutter-1-300x169.jpg 300w, https:\/\/bogonglaser.com\/wp-content\/uploads\/2024\/11\/smart-fiber-laser-cutter-1-18x10.jpg 18w, https:\/\/bogonglaser.com\/wp-content\/uploads\/2024\/11\/smart-fiber-laser-cutter-1.jpg 600w\" sizes=\"(max-width: 300px) 100vw, 300px\" \/><\/p>\n<h4><a href=\"https:\/\/bogonglaser.com\/es\/fiber-laser-cutter\/\">M\u00e1quina de corte por l\u00e1ser de fibra<\/a> Industrias aplicables<\/h4>\n<p>Equipos mec\u00e1nicos y el\u00e9ctricos, fabricaci\u00f3n de chapas met\u00e1licas, armarios, productos de acero inoxidable, accesorios de iluminaci\u00f3n, piezas de autom\u00f3vil, herramientas de ferreter\u00eda, carteles publicitarios, art\u00edculos de decoraci\u00f3n y otras industrias.<\/p>\n<p>\u00bfC\u00f3mo funciona?<br \/>\nLas cortadoras l\u00e1ser de joyas de metal utilizan tecnolog\u00eda l\u00e1ser avanzada, y la forma en que los materiales interact\u00faan con el l\u00e1ser es clave para el proceso. Aqu\u00ed tienes un sencillo desglose paso a paso de c\u00f3mo funciona:<\/p>\n<p>1. Introducci\u00f3n del dise\u00f1o: En primer lugar, se crea el dise\u00f1o mediante software CAD. A continuaci\u00f3n, este dise\u00f1o se transforma en un formato legible por m\u00e1quina mediante software CAM.<\/p>\n<p>2. Generaci\u00f3n l\u00e1ser: La cortadora utiliza un l\u00e1ser de CO2 o de fibra para producir un haz concentrado de luz de alta temperatura.<\/p>\n<p>3. Enfoque del haz: El sistema \u00f3ptico dirige este potente rayo l\u00e1ser a un punto espec\u00edfico de la superficie met\u00e1lica para cortarla o grabarla.<\/p>\n<p>4. Interacci\u00f3n con el material: El calor del l\u00e1ser afecta a diferentes metales de diversas maneras, por lo que los ajustes pueden cambiar dependiendo del material.<\/p>\n<p>5. Movimiento controlado: El l\u00e1ser sigue el patr\u00f3n de dise\u00f1o que usted ha creado, movi\u00e9ndose con precisi\u00f3n seg\u00fan las instrucciones del software.<\/p>\n<p>6. Refrigeraci\u00f3n: Un sistema de refrigeraci\u00f3n eficaz es crucial para garantizar que el producto acabado conserve su forma y calidad originales.<\/p>\n<p>7. Eliminaci\u00f3n de residuos: Tras el proceso de corte, se limpian los restos de material para dar a la pieza un acabado pulido.<\/p>\n<p>\u00bfPor qu\u00e9 elegir una cortadora l\u00e1ser de precisi\u00f3n para cortar joyas de plata, oro y cobre? - Pros y Ventajas<br \/>\n\u2714 Dise\u00f1o compacto y seguro: El cortador cuenta con vidrio anti-radiaci\u00f3n est\u00e1ndar CE, por lo que es m\u00e1s seguro de operar.<\/p>\n<p>\u2714 Corte de alta precisi\u00f3n: Utiliza un sistema de servoaccionamiento AC japon\u00e9s importado para cortes r\u00e1pidos y precisos.<\/p>\n<p>\u2714 Movimiento preciso: El eje Y est\u00e1 dise\u00f1ado con una transmisi\u00f3n de husillo de bolas de alta precisi\u00f3n, lo que garantiza cortes rectos incluso a altas velocidades.<\/p>\n<p>\u2714 Construcci\u00f3n duradera: La m\u00e1quina est\u00e1 construida para durar y es resistente a la deformaci\u00f3n.<\/p>\n<p>\u2714 Posicionamiento eficaz: Las pinzas neum\u00e1ticas sujetan firmemente los materiales m\u00e1s finos, mientras que una mesa de cuchillas m\u00f3vil acomoda las piezas m\u00e1s gruesas, garantizando la precisi\u00f3n.<\/p>\n<p>\u2714 Blindaje protector: El dise\u00f1o totalmente cerrado evita que se escape cualquier resto met\u00e1lico durante el corte.<\/p>\n<p>\u2714 F\u00e1cil recogida de residuos: Una bandeja de recogida debajo de la mesa de corte facilita la recogida y eliminaci\u00f3n r\u00e1pida del material sobrante.<\/p>\n<p>**\u00bfPor qu\u00e9 elegir el l\u00e1ser BOGONG?<\/p>\n<p>BOGONG famoso por su calidad de los equipos l\u00e1ser y el servicio de servicio post-venta, Nuestras m\u00e1quinas son vers\u00e1tiles y f\u00e1ciles de usar, dise\u00f1ado con todos los niveles de habilidad en mente. Por encima de todo, damos prioridad a la satisfacci\u00f3n del cliente. Ya sea un experto o un principiante, <a href=\"https:\/\/bogonglaser.com\/es\/\">L\u00c1SER BOGONG<\/a> est\u00e1 aqu\u00ed para apoyarle en cada paso del camino. Conf\u00ede en nosotros y en nuestro servicio, donde la excelencia y la innovaci\u00f3n se unen para su \u00e9xito.<\/p>\n<figure id=\"attachment_7376\" aria-describedby=\"caption-attachment-7376\" style=\"width: 300px\" class=\"wp-caption alignnone\"><img decoding=\"async\" class=\"size-medium wp-image-7376\" src=\"https:\/\/bogonglaser.com\/wp-content\/uploads\/2024\/11\/fiber-laser-cutting-machine-sealed-1-1-300x225.jpg\" alt=\"m\u00e1quina de corte por l\u00e1ser de fibra sellada\" width=\"300\" height=\"225\" title=\"\" srcset=\"https:\/\/bogonglaser.com\/wp-content\/uploads\/2024\/11\/fiber-laser-cutting-machine-sealed-1-1-300x225.jpg 300w, https:\/\/bogonglaser.com\/wp-content\/uploads\/2024\/11\/fiber-laser-cutting-machine-sealed-1-1-600x450.jpg 600w, https:\/\/bogonglaser.com\/wp-content\/uploads\/2024\/11\/fiber-laser-cutting-machine-sealed-1-1-768x576.jpg 768w, https:\/\/bogonglaser.com\/wp-content\/uploads\/2024\/11\/fiber-laser-cutting-machine-sealed-1-1-16x12.jpg 16w, https:\/\/bogonglaser.com\/wp-content\/uploads\/2024\/11\/fiber-laser-cutting-machine-sealed-1-1.jpg 800w\" sizes=\"(max-width: 300px) 100vw, 300px\" \/><figcaption id=\"caption-attachment-7376\" class=\"wp-caption-text\">m\u00e1quina de corte por l\u00e1ser de fibra sellada<\/figcaption><\/figure>","protected":false},"excerpt":{"rendered":"<h3>M\u00e1quina de corte por l\u00e1ser de fibra m\u00e1s peque\u00f1a<\/h3>\n<p>BOGONG 3030 m\u00e1quina de corte por l\u00e1ser de fibra es el m\u00e1s peque\u00f1o de corte por l\u00e1ser para el metal, es fant\u00e1stica manera de crear piezas \u00fanicas y personalizadas de forma r\u00e1pida y sencilla. el tama\u00f1o de corte es de 300 * 300 mm, gabinete completo con dise\u00f1o de seguridad, produce cortes limpios y suaves, por lo que es una opci\u00f3n eficaz para la artesan\u00eda. Sin embargo, hacer hermosas joyas de metal tambi\u00e9n requiere precisi\u00f3n y un toque de arte. Ah\u00ed es donde la peque\u00f1a cortadora l\u00e1ser de joyas BOGONG entra en juego. Esta m\u00e1quina produce detalles excepcionales y resultados que a menudo superan las expectativas. Tambi\u00e9n es vers\u00e1til, capaz de cortar no s\u00f3lo oro y plata, sino tambi\u00e9n materiales como cobre y acero inoxidable.<\/p>\n<p>Si est\u00e1 interesado en crear joyas de metal \u00fanicas, la BOGONG 3030 de BOGONG LASER es todo lo que necesita. Su dise\u00f1o compacto ahorra espacio, y viene con un controlador CNC autom\u00e1tico y un software f\u00e1cil de usar que lo hace accesible para todos, tanto si est\u00e1 empezando como si tiene a\u00f1os de experiencia. Es perfecta tanto para aficionados como para propietarios de peque\u00f1as empresas.<\/p>\n<ul class=\"tips\">\n<li>200 Sets \/ Month Waiting for Sale En stock<\/li>\n<li>2 a\u00f1os de garant\u00eda limitada para toda la m\u00e1quina<\/li>\n<li>En l\u00ednea (PayPal) y fuera de l\u00ednea (T\/T, tarjetas de d\u00e9bito y cr\u00e9dito)<\/li>\n<li>Asistencia t\u00e9cnica gratuita de por vida para usuarios finales y distribuidores<\/li>\n<\/ul>","protected":false},"featured_media":1983,"template":"","meta":{"_gspb_post_css":""},"product_brand":[],"product_cat":[117,92,118],"product_tag":[105,106],"class_list":{"0":"post-1981","1":"product","2":"type-product","3":"status-publish","4":"has-post-thumbnail","6":"product_cat-fiber-laser-cutting-machine","7":"product_cat-laser-cutting-machine","8":"product_cat-laser-metal-cutting-machine","9":"product_tag-fiber-laser-cutting-machine","10":"product_tag-laser-cutting-machine","12":"first","13":"instock","14":"shipping-taxable","15":"product-type-simple"},"_links":{"self":[{"href":"https:\/\/bogonglaser.com\/es\/wp-json\/wp\/v2\/product\/1981","targetHints":{"allow":["GET"]}}],"collection":[{"href":"https:\/\/bogonglaser.com\/es\/wp-json\/wp\/v2\/product"}],"about":[{"href":"https:\/\/bogonglaser.com\/es\/wp-json\/wp\/v2\/types\/product"}],"wp:featuredmedia":[{"embeddable":true,"href":"https:\/\/bogonglaser.com\/es\/wp-json\/wp\/v2\/media\/1983"}],"wp:attachment":[{"href":"https:\/\/bogonglaser.com\/es\/wp-json\/wp\/v2\/media?parent=1981"}],"wp:term":[{"taxonomy":"product_brand","embeddable":true,"href":"https:\/\/bogonglaser.com\/es\/wp-json\/wp\/v2\/product_brand?post=1981"},{"taxonomy":"product_cat","embeddable":true,"href":"https:\/\/bogonglaser.com\/es\/wp-json\/wp\/v2\/product_cat?post=1981"},{"taxonomy":"product_tag","embeddable":true,"href":"https:\/\/bogonglaser.com\/es\/wp-json\/wp\/v2\/product_tag?post=1981"}],"curies":[{"name":"wp","href":"https:\/\/api.w.org\/{rel}","templated":true}]}}