{"id":1974,"date":"2024-11-25T13:45:44","date_gmt":"2024-11-25T05:45:44","guid":{"rendered":"https:\/\/bogonglaser.com\/?post_type=product&#038;p=1974"},"modified":"2025-12-10T18:12:19","modified_gmt":"2025-12-10T10:12:19","slug":"200w-300w-pulse-laser-cleaning-machine-with-raycus-max-jpt-laser","status":"publish","type":"product","link":"https:\/\/bogonglaser.com\/es\/200w-300w-pulse-laser-cleaning-machine-with-raycus-max-jpt-laser\/","title":{"rendered":"M\u00e1quina de limpieza por l\u00e1ser de impulsos con l\u00e1ser Raycus Max JPT"},"content":{"rendered":"<div class=\"vc_row wpb_row vc_row-fluid\">\n<div class=\"wpb_column vc_column_container vc_col-sm-12\">\n<div class=\"vc_column-inner\">\n<div class=\"wpb_wrapper\">\n<div class=\"wpb_text_column wpb_content_element\">\n<div class=\"wpb_wrapper\">\n<p>A pulse\u00a0laser cleaning machine\u00a0is an innovative tool that uses brief, controlled bursts of laser light to effectively remove contaminants from various surfaces. It\u2019s particularly useful for cleaning materials like metal, glass, ceramics, and more. Here are some of its common applications:<\/p>\n<p>\u2013 Removing paint: Effortlessly strip away old paint layers.<br \/>\n\u2013 Rust removal: Eliminate rust to restore surfaces.<br \/>\n\u2013 Oil stains and oxide films: Clean away stubborn oil stains and oxide layers.<br \/>\n\u2013 Weld cleaning: Prepare welds for finishing by removing impurities.<br \/>\n\u2013 Automobile part renovation: Restore and clean auto parts for better performance.<br \/>\n\u2013 Precision parts cleaning: Safeguard the integrity of delicate components.<br \/>\n\u2013 Electronic equipment cleaning: Remove contaminants without damaging sensitive devices.<\/p>\n<p>Esta m\u00e1quina proporciona una forma eficaz y precisa de mantener y restaurar diversos materiales.<\/p>\n<p>Caracter\u00edsticas principales<\/p>\n<ul>\n<li>Tipo de l\u00e1ser: L\u00e1ser de fibra<br \/>\nPotencia l\u00e1ser: 200W 300W<br \/>\nRango de salida (si es ajustable): 0-100%<br \/>\nFormaci\u00f3n de impulsos: MOPA Q-Switched (Factor de calidad)<br \/>\nGenerador l\u00e1ser: JPT\/Raycus\/Max<br \/>\n\u00c1rea de limpieza: 100*100mm (Opcional 130x130mm, 150x150mm)<br \/>\nLongitud de la fibra: 5 m<br \/>\nTipo de refrigeraci\u00f3n: Aire<br \/>\nDespu\u00e9s de la venta: 2 a\u00f1os<\/li>\n<\/ul>\n<\/div>\n<\/div>\n<\/div>\n<\/div>\n<\/div>\n<\/div>\n<div class=\"vc_row wpb_row vc_row-fluid\">\n<div class=\"wpb_column vc_column_container vc_col-sm-12\">\n<div class=\"vc_column-inner\">\n<div class=\"wpb_wrapper\">\n<div class=\"wpb_single_image wpb_content_element vc_align_left wpb_content_element\">\n<figure class=\"wpb_wrapper vc_figure\">\n<div class=\"vc_single_image-wrapper vc_box_border_grey\"><img decoding=\"async\" class=\"vc_single_image-img attachment-full\" title=\"\u9ed1\u767d300w\u6e05\u6d17\u673a\u73b0\u573a\u5b9e\u62cd3\" src=\"https:\/\/bogonglaser.com\/wp-content\/uploads\/2024\/11\/%E9%BB%91%E7%99%BD300w%E6%B8%85%E6%B4%97%E6%9C%BA%E7%8E%B0%E5%9C%BA%E5%AE%9E%E6%8B%8D3.png\" sizes=\"auto, (max-width: 800px) 100vw, 800px\" srcset=\"https:\/\/bogonglaser.com\/wp-content\/uploads\/2024\/11\/\u9ed1\u767d300w\u6e05\u6d17\u673a\u73b0\u573a\u5b9e\u62cd3.png 800w, https:\/\/bogonglaser.com\/wp-content\/uploads\/2024\/11\/\u9ed1\u767d300w\u6e05\u6d17\u673a\u73b0\u573a\u5b9e\u62cd3-300x225.png 300w, https:\/\/bogonglaser.com\/wp-content\/uploads\/2024\/11\/\u9ed1\u767d300w\u6e05\u6d17\u673a\u73b0\u573a\u5b9e\u62cd3-768x576.png 768w, https:\/\/bogonglaser.com\/wp-content\/uploads\/2024\/11\/\u9ed1\u767d300w\u6e05\u6d17\u673a\u73b0\u573a\u5b9e\u62cd3-600x450.png 600w\" alt=\"Limpiador l\u00e1ser de impulsos\" width=\"800\" height=\"600\" \/><\/div>\n<\/figure>\n<\/div>\n<\/div>\n<\/div>\n<\/div>\n<\/div>\n<div class=\"vc_row wpb_row vc_row-fluid\">\n<div class=\"wpb_column vc_column_container vc_col-sm-12\">\n<div class=\"vc_column-inner\">\n<div class=\"wpb_wrapper\">\n<div class=\"wpb_video_widget wpb_content_element vc_clearfix vc_video-aspect-ratio-169 vc_video-el-width-80 vc_video-align-left\">\n<div class=\"wpb_wrapper\">\n<h2 class=\"wpb_heading wpb_video_heading\">Introducci\u00f3n M\u00e1quina de limpieza por l\u00e1ser de impulsos<\/h2>\n<div class=\"wpb_video_wrapper\">\n<p><iframe title=\"\u00bfQu\u00e9 puede hacer una m\u00e1quina de limpieza l\u00e1ser de pulsos de 300W? Limpiador L\u00e1ser de Pulsos 300W para Pintura Aceite \u00d3xido etc.\" width=\"1290\" height=\"968\" src=\"https:\/\/www.youtube.com\/embed\/bSn_4ZrmhzA?feature=oembed\" frameborder=\"0\" allow=\"accelerometer; autoplay; clipboard-write; encrypted-media; gyroscope; picture-in-picture; web-share\" referrerpolicy=\"strict-origin-when-cross-origin\" allowfullscreen><\/iframe><\/p>\n<\/div>\n<\/div>\n<\/div>\n<\/div>\n<\/div>\n<\/div>\n<\/div>\n<div class=\"vc_row wpb_row vc_row-fluid\">\n<div class=\"wpb_column vc_column_container vc_col-sm-12\">\n<div class=\"vc_column-inner\">\n<div class=\"wpb_wrapper\">\n<div class=\"wpb_text_column wpb_content_element\">\n<div class=\"wpb_wrapper\">\n<p>Caracter\u00edsticas del limpiador l\u00e1ser de impulsos<\/p>\n<p>El limpiador l\u00e1ser de impulsos se distingue de los limpiadores l\u00e1ser continuos (CW) por utilizar un cabezal de limpieza inteligente de doble bamboleo y ofrecer una impresionante gama de 8 modos de limpieza para atender a diversas aplicaciones. Este sistema gestiona eficazmente la potencia de entrada ajustando par\u00e1metros como la anchura y la frecuencia del pulso, manteniendo temperaturas \u00f3ptimas para la pieza de trabajo y minimizando la p\u00e9rdida de energ\u00eda, lo que mejora la eficiencia general.<\/p>\n<p>Dise\u00f1o f\u00e1cil de usar: Dise\u00f1ado pensando en la comodidad, este limpiador l\u00e1ser incluye un cable de fibra de 5 metros de largo que proporciona flexibilidad para operar sin limitaciones espaciales. La m\u00e1quina l\u00e1ser BOGONG cuenta con dos pantallas t\u00e1ctiles, una en el cabezal l\u00e1ser y otra en el armario de la m\u00e1quina, que permiten ajustar f\u00e1cilmente los par\u00e1metros. Su interfaz IO ampliada permite una integraci\u00f3n perfecta con manipuladores para tareas de limpieza automatizadas. Adem\u00e1s, se incluyen completos manuales en ingl\u00e9s y v\u00eddeos instructivos para garantizar una curva de aprendizaje r\u00e1pida y sin problemas para los usuarios de este eliminador de \u00f3xido por l\u00e1ser.<\/p>\n<p>Versatilidad monomodo: El funcionamiento monomodo pulsado, al igual que la m\u00e1quina de limpieza l\u00e1ser de 2mJ, es muy adaptable y adecuado para diversas aplicaciones, como la limpieza de superficies met\u00e1licas, piezas de autom\u00f3viles, piedra, madera, pl\u00e1stico y otros materiales que requieren una limpieza de alta potencia. Es especialmente eficaz en trabajos dif\u00edciles con fuerte adherencia, como \u00f3xido pesado, capas de \u00f3xido y pintura gruesa.<\/p>\n<p>Precisi\u00f3n multimodo: El funcionamiento multimodo pulsado, con una capacidad de 15mJ, es perfecto para tareas de alta precisi\u00f3n como la limpieza de piezas delicadas, el mantenimiento de equipos electr\u00f3nicos y el tratamiento de microcomponentes. Est\u00e1 dise\u00f1ado espec\u00edficamente para manejar situaciones que implican una ligera adherencia, contaminantes f\u00e1cilmente eliminables y \u00f3xido leve, por lo que es una opci\u00f3n ideal para aplicaciones en las que evitar da\u00f1os es fundamental, como la limpieza de moldes.<\/p>\n<\/div>\n<\/div>\n<\/div>\n<\/div>\n<\/div>\n<\/div>\n<div class=\"vc_row wpb_row vc_row-fluid\">\n<div class=\"wpb_column vc_column_container vc_col-sm-12\">\n<div class=\"vc_column-inner\">\n<div class=\"wpb_wrapper\">\n<div class=\"wpb_text_column wpb_content_element\">\n<div class=\"wpb_wrapper\">\n<h3>Por qu\u00e9 elegir la m\u00e1quina de limpieza l\u00e1ser Bogong<\/h3>\n<ul>\n<li>With extensive experience in laser cleaning technology, we specialize in delivering advanced solutions customized to meet your specific requirements. Our team of expert engineers and technicians possesses deep industry knowledge, ensuring you receive the ideal\u00a0laser cleaning machine\u00a0tailored for your unique applications.<\/li>\n<li>Ya ahorramos par\u00e1metro para eliminar el \u00f3xido, pintura, etc, puede iniciar la limpieza l\u00e1ser f\u00e1cilmente despu\u00e9s de conseguirlo.<\/li>\n<li>Bogong no s\u00f3lo proporciona dispositivos l\u00e1ser de alta calidad, sino tambi\u00e9n el mejor servicio postventa en los \u00faltimos a\u00f1os.<\/li>\n<\/ul>\n<\/div>\n<\/div>\n<\/div>\n<\/div>\n<\/div>\n<\/div>\n<div class=\"vc_row wpb_row vc_row-fluid\">\n<div class=\"wpb_column vc_column_container vc_col-sm-12\">\n<div class=\"vc_column-inner\">\n<div class=\"wpb_wrapper\">\n<div class=\"wpb_video_widget wpb_content_element vc_clearfix vc_video-aspect-ratio-169 vc_video-el-width-80 vc_video-align-left\">\n<div class=\"wpb_wrapper\">\n<h2 class=\"wpb_heading wpb_video_heading\">Diferencias entre el limpiador l\u00e1ser de impulsos y el limpiador l\u00e1ser de onda continua<\/h2>\n<div class=\"wpb_video_wrapper\">\n<p><iframe title=\"Limpiador l\u00e1ser de pulso 300W vs 500W | Diferencia entre la m\u00e1quina de limpieza l\u00e1ser de 300W y 500W\" width=\"1290\" height=\"726\" src=\"https:\/\/www.youtube.com\/embed\/qm112yLfgfM?feature=oembed\" frameborder=\"0\" allow=\"accelerometer; autoplay; clipboard-write; encrypted-media; gyroscope; picture-in-picture; web-share\" referrerpolicy=\"strict-origin-when-cross-origin\" allowfullscreen><\/iframe><\/p>\n<\/div>\n<\/div>\n<\/div>\n<\/div>\n<\/div>\n<\/div>\n<\/div>\n<div class=\"vc_row wpb_row vc_row-fluid\">\n<div class=\"wpb_column vc_column_container vc_col-sm-12\">\n<div class=\"vc_column-inner\">\n<div class=\"wpb_wrapper\">\n<div class=\"wpb_text_column wpb_content_element\">\n<div class=\"wpb_wrapper\">\n<h2>\u00bfC\u00f3mo funciona la m\u00e1quina de limpieza por l\u00e1ser de impulsos?<\/h2>\n<p>La m\u00e1quina de limpieza por l\u00e1ser de impulsos utiliza tecnolog\u00eda l\u00e1ser avanzada para eliminar eficazmente los contaminantes de las superficies. He aqu\u00ed una breve descripci\u00f3n de su funcionamiento:<\/p>\n<ol>\n<li><strong>Emisi\u00f3n l\u00e1ser<\/strong>: Genera un potente rayo l\u00e1ser pulsado que emite breves r\u00e1fagas de energ\u00eda para una limpieza precisa.<\/li>\n<li><strong>Limpieza selectiva<\/strong>: Cuando se dirige a una superficie, la energ\u00eda l\u00e1ser es absorbida por contaminantes como el \u00f3xido o la pintura.<\/li>\n<li><strong>Vaporizaci\u00f3n<\/strong>: La energ\u00eda absorbida calienta r\u00e1pidamente los contaminantes, haciendo que se vaporicen sin da\u00f1ar el material subyacente.<\/li>\n<li><strong>Eliminaci\u00f3n selectiva<\/strong>: El proceso ataca selectivamente s\u00f3lo los contaminantes, preservando la integridad de la superficie.<\/li>\n<li><strong>Ajustes regulables<\/strong>: Dispone de ajustes de potencia y opciones de enfoque personalizables para distintas superficies y niveles de contaminaci\u00f3n.<\/li>\n<\/ol>\n<p>En conjunto, la m\u00e1quina de limpieza por l\u00e1ser de impulsos ofrece una soluci\u00f3n eficaz, precisa y vers\u00e1til para aplicaciones de limpieza industrial.<\/p>\n<\/div>\n<\/div>\n<\/div>\n<\/div>\n<\/div>\n<\/div>\n<div class=\"vc_row wpb_row vc_row-fluid\">\n<div class=\"wpb_column vc_column_container vc_col-sm-12\">\n<div class=\"vc_column-inner\">\n<div class=\"wpb_wrapper\">\n<div class=\"wpb_single_image wpb_content_element vc_align_left wpb_content_element\">\n<figure class=\"wpb_wrapper vc_figure\">\n<div class=\"vc_single_image-wrapper vc_box_border_grey\"><img decoding=\"async\" class=\"vc_single_image-img attachment-full\" title=\"\u9ed1\u767d300w\u6e05\u6d17\u673a\u5de5\u5382\u7167\u7247\" src=\"https:\/\/bogonglaser.com\/wp-content\/uploads\/2024\/11\/%E9%BB%91%E7%99%BD300w%E6%B8%85%E6%B4%97%E6%9C%BA%E5%B7%A5%E5%8E%82%E7%85%A7%E7%89%87.png\" sizes=\"auto, (max-width: 800px) 100vw, 800px\" srcset=\"https:\/\/bogonglaser.com\/wp-content\/uploads\/2024\/11\/\u9ed1\u767d300w\u6e05\u6d17\u673a\u5de5\u5382\u7167\u7247.png 800w, https:\/\/bogonglaser.com\/wp-content\/uploads\/2024\/11\/\u9ed1\u767d300w\u6e05\u6d17\u673a\u5de5\u5382\u7167\u7247-300x225.png 300w, https:\/\/bogonglaser.com\/wp-content\/uploads\/2024\/11\/\u9ed1\u767d300w\u6e05\u6d17\u673a\u5de5\u5382\u7167\u7247-768x576.png 768w, https:\/\/bogonglaser.com\/wp-content\/uploads\/2024\/11\/\u9ed1\u767d300w\u6e05\u6d17\u673a\u5de5\u5382\u7167\u7247-600x450.png 600w\" alt=\"\u9ed1\u767d300w\u6e05\u6d17\u673a\u5de5\u5382\u7167\u7247\" width=\"800\" height=\"600\" \/><\/div>\n<\/figure>\n<\/div>\n<\/div>\n<\/div>\n<\/div>\n<\/div>\n<div class=\"vc_row wpb_row vc_row-fluid\">\n<div class=\"wpb_column vc_column_container vc_col-sm-12\">\n<div class=\"vc_column-inner\">\n<div class=\"wpb_wrapper\">\n<div class=\"wpb_text_column wpb_content_element\">\n<div class=\"wpb_wrapper\">\n<h3>C\u00f3mo elegir la m\u00e1quina de limpieza por l\u00e1ser de impulsos adecuada<\/h3>\n<p>Elegir la m\u00e1quina de limpieza por l\u00e1ser de impulsos adecuada ser\u00e1 importante para su negocio, c\u00f3mo asegurarse de que la m\u00e1quina satisface sus necesidades espec\u00edficas. He aqu\u00ed una gu\u00eda que le ayudar\u00e1 a tomar una decisi\u00f3n informada:<\/p>\n<ol>\n<li><strong>Compatibilidad de materiales<\/strong>: Determine los tipos de materiales que piensa limpiar (por ejemplo, \u00f3xido, pintura, sobre metal, madera, acr\u00edlico, etc.). Aseg\u00farese de que la m\u00e1quina que elija pueda tratar eficazmente estos materiales.<\/li>\n<li><strong>Tipo l\u00e1ser<\/strong>: Diferentes tipos de l\u00e1ser 2mj, 5mj y 15mj, diferente l\u00e1ser diferente resultado.<\/li>\n<li><strong>Tama\u00f1o del \u00e1rea de trabajo<\/strong>: Eval\u00fae el tama\u00f1o de la zona de limpieza en funci\u00f3n de los proyectos que vaya a realizar. Aseg\u00farese de que la m\u00e1quina tiene un \u00e1rea de trabajo adecuada para sus art\u00edculos. elegir la lente correcta F-theta, por favor pregunte a nuestras ventas sobre esto.<\/li>\n<li><strong>Facilidad de uso<\/strong>: Busque m\u00e1quinas con un software f\u00e1cil de usar que permita un dise\u00f1o y un manejo sencillos.<\/li>\n<li><strong>Asistencia al cliente y garant\u00eda<\/strong>: Investiga las opciones de asistencia del fabricante y la garant\u00eda que ofrece. Un servicio de atenci\u00f3n al cliente fiable puede ser crucial para la resoluci\u00f3n de problemas y el mantenimiento.<\/li>\n<\/ol>\n<\/div>\n<\/div>\n<\/div>\n<\/div>\n<\/div>\n<\/div>\n<div class=\"vc_row wpb_row vc_row-fluid\">\n<div class=\"wpb_column vc_column_container vc_col-sm-12\">\n<div class=\"vc_column-inner\">\n<div class=\"wpb_wrapper\">\n<div class=\"wpb_text_column wpb_content_element\">\n<div class=\"wpb_wrapper\">\n<p>Condiciones de pago<\/p>\n<p>1. 1. Dep\u00f3sito y saldo: Se requiere un dep\u00f3sito 30% T\/T por adelantado, con el saldo a pagar antes del env\u00edo.<\/p>\n<p>2. Alibaba Trade Assurance: Los pagos pueden procesarse a trav\u00e9s de Alibaba Trade Assurance.<\/p>\n<p>Preguntas frecuentes<\/p>\n<p>\u00bfQu\u00e9 es el envase?<br \/>\nNuestras m\u00e1quinas se embalan en tres capas. La capa exterior es una caja de madera, la intermedia est\u00e1 acolchada con espuma para protegerla de las sacudidas y la interior incluye una gruesa bolsa de pl\u00e1stico impermeable.<\/p>\n<p>\u00bfSe da\u00f1ar\u00e1 el paquete durante el transporte?<br \/>\nDise\u00f1amos meticulosamente nuestros embalajes para abordar todos los posibles factores de da\u00f1o, y nuestros agentes de transporte tienen experiencia en transporte seguro. Hemos exportado con \u00e9xito a 180 pa\u00edses, por lo que puede estar seguro de que su paquete llegar\u00e1 en excelentes condiciones.<\/p>\n<\/div>\n<\/div>\n<\/div>\n<\/div>\n<\/div>\n<\/div>\n<div class=\"vc_row wpb_row vc_row-fluid\">\n<div class=\"wpb_column vc_column_container vc_col-sm-12\">\n<div class=\"vc_column-inner\">\n<div class=\"wpb_wrapper\">\n<div class=\"wpb_text_column wpb_content_element\">\n<div class=\"wpb_wrapper\">\n<p>Most of customers like choose transport by UPS\/DHL express, it can arrive at destination about 5-7 days, contact with\u00a0BOGONG Laser\u00a0to get more detail about laser cleaner<\/p>\n<\/div>\n<\/div>\n<\/div>\n<\/div>\n<\/div>\n<\/div>","protected":false},"excerpt":{"rendered":"<h2>M\u00e1quina de limpieza por l\u00e1ser de impulsos con l\u00e1ser Raycus Max JPT<\/h2>\n<p>Presentamos nuestra m\u00e1quina de limpieza l\u00e1ser de \u00faltima generaci\u00f3n, dise\u00f1ada para aplicaciones de limpieza eficaz de superficies de materiales. Es f\u00e1cil de configurar, manejar y automatizar, por lo que resulta ideal para eliminar con precisi\u00f3n contaminantes superficiales como \u00f3xido, grasa, pintura, imprimaci\u00f3n, etc.<\/p>\n<ul class=\"tips\">\n<li>300 Sets \/ Month Waiting for Sale En stock<\/li>\n<li>2 a\u00f1os de garant\u00eda limitada para toda la m\u00e1quina<\/li>\n<li>3-5 d\u00edas preparar m\u00e1quina l\u00e1ser, 3-7 d\u00edas transporte.<\/li>\n<li>En l\u00ednea (PayPal) y fuera de l\u00ednea (T\/T, tarjetas de d\u00e9bito y cr\u00e9dito)<\/li>\n<\/ul>","protected":false},"featured_media":1975,"template":"","meta":{"_gspb_post_css":""},"product_brand":[],"product_cat":[94],"product_tag":[101,100],"class_list":{"0":"post-1974","1":"product","2":"type-product","3":"status-publish","4":"has-post-thumbnail","6":"product_cat-laser-cleaning-machine","7":"product_tag-laser-cleaner","8":"product_tag-laser-cleaning-machine","10":"first","11":"instock","12":"shipping-taxable","13":"product-type-simple"},"_links":{"self":[{"href":"https:\/\/bogonglaser.com\/es\/wp-json\/wp\/v2\/product\/1974","targetHints":{"allow":["GET"]}}],"collection":[{"href":"https:\/\/bogonglaser.com\/es\/wp-json\/wp\/v2\/product"}],"about":[{"href":"https:\/\/bogonglaser.com\/es\/wp-json\/wp\/v2\/types\/product"}],"wp:featuredmedia":[{"embeddable":true,"href":"https:\/\/bogonglaser.com\/es\/wp-json\/wp\/v2\/media\/1975"}],"wp:attachment":[{"href":"https:\/\/bogonglaser.com\/es\/wp-json\/wp\/v2\/media?parent=1974"}],"wp:term":[{"taxonomy":"product_brand","embeddable":true,"href":"https:\/\/bogonglaser.com\/es\/wp-json\/wp\/v2\/product_brand?post=1974"},{"taxonomy":"product_cat","embeddable":true,"href":"https:\/\/bogonglaser.com\/es\/wp-json\/wp\/v2\/product_cat?post=1974"},{"taxonomy":"product_tag","embeddable":true,"href":"https:\/\/bogonglaser.com\/es\/wp-json\/wp\/v2\/product_tag?post=1974"}],"curies":[{"name":"wp","href":"https:\/\/api.w.org\/{rel}","templated":true}]}}