{"id":1950,"date":"2024-11-22T13:04:06","date_gmt":"2024-11-22T05:04:06","guid":{"rendered":"https:\/\/bogonglaser.com\/?post_type=product&#038;p=1950"},"modified":"2025-12-10T18:14:32","modified_gmt":"2025-12-10T10:14:32","slug":"150w-jewelry-laser-welding-machine","status":"publish","type":"product","link":"https:\/\/bogonglaser.com\/es\/150w-jewelry-laser-welding-machine\/","title":{"rendered":"M\u00e1quina de soldadura l\u00e1ser para joyer\u00eda 150W"},"content":{"rendered":"<div class=\"vc_row wpb_row vc_row-fluid\">\n<div class=\"wpb_column vc_column_container vc_col-sm-12\">\n<div class=\"vc_column-inner\">\n<div class=\"wpb_wrapper\">\n<div class=\"wpb_text_column wpb_content_element\">\n<div class=\"wpb_wrapper\">\n<p>The 150W\u00a0jewelry laser welding machine\u00a0is a specialized tool for the jewelry industry, utilizing laser technology for precise metal welding. This compact and accurate device is designed for various applications, including spot welding, piercing, repairing, re-plating, and resizing jewelry made of gold, silver, titanium, and platinum, as well as for eyeglass frames, watches, molds, dental welding, and bridging gaps in small accessories.<\/p>\n<\/div>\n<\/div>\n<\/div>\n<\/div>\n<\/div>\n<\/div>\n<div class=\"vc_row wpb_row vc_row-fluid\">\n<div class=\"wpb_column vc_column_container vc_col-sm-12\">\n<div class=\"vc_column-inner\">\n<div class=\"wpb_wrapper\">\n<div class=\"wpb_single_image wpb_content_element vc_align_left wpb_content_element\">\n<figure class=\"wpb_wrapper vc_figure\">\n<div class=\"vc_single_image-wrapper   vc_box_border_grey\"><img decoding=\"async\" class=\"vc_single_image-img attachment-full\" title=\"\u767d\u8272\u73e0\u5b9d\u710a\u73b0\u573a\u5b9e\u62cd2 (1)\" src=\"https:\/\/bogonglaser.com\/wp-content\/uploads\/2024\/11\/%E7%99%BD%E8%89%B2%E7%8F%A0%E5%AE%9D%E7%84%8A%E7%8E%B0%E5%9C%BA%E5%AE%9E%E6%8B%8D2-1.png\" sizes=\"auto, (max-width: 800px) 100vw, 800px\" srcset=\"https:\/\/bogonglaser.com\/wp-content\/uploads\/2024\/11\/\u767d\u8272\u73e0\u5b9d\u710a\u73b0\u573a\u5b9e\u62cd2-1.png 800w, https:\/\/bogonglaser.com\/wp-content\/uploads\/2024\/11\/\u767d\u8272\u73e0\u5b9d\u710a\u73b0\u573a\u5b9e\u62cd2-1-300x225.png 300w, https:\/\/bogonglaser.com\/wp-content\/uploads\/2024\/11\/\u767d\u8272\u73e0\u5b9d\u710a\u73b0\u573a\u5b9e\u62cd2-1-768x576.png 768w, https:\/\/bogonglaser.com\/wp-content\/uploads\/2024\/11\/\u767d\u8272\u73e0\u5b9d\u710a\u73b0\u573a\u5b9e\u62cd2-1-600x450.png 600w\" alt=\"MINI Soldador l\u00e1ser\" width=\"800\" height=\"600\" \/><\/div>\n<\/figure>\n<\/div>\n<\/div>\n<\/div>\n<\/div>\n<\/div>\n<div class=\"vc_row wpb_row vc_row-fluid\">\n<div class=\"wpb_column vc_column_container vc_col-sm-12\">\n<div class=\"vc_column-inner\">\n<div class=\"wpb_wrapper\">\n<div class=\"wpb_text_column wpb_content_element\">\n<div class=\"wpb_wrapper\">\n<ul class=\"sisma__products--product-features sisma__typography--s1\">\n<li class=\"is-root\">Gran comodidad para el operador de la puerta delantera.<\/li>\n<li class=\"is-root\">Tecnolog\u00eda de punto inteligente para una calidad y consistencia sostenidas de la soldadura.<\/li>\n<li class=\"is-root\">C\u00e1mara CCD (opcional)<\/li>\n<\/ul>\n<\/div>\n<\/div>\n<\/div>\n<\/div>\n<\/div>\n<\/div>\n<div class=\"vc_row wpb_row vc_row-fluid\">\n<div class=\"wpb_column vc_column_container vc_col-sm-12\">\n<div class=\"vc_column-inner\">\n<div class=\"wpb_wrapper\">\n<div class=\"wpb_single_image wpb_content_element vc_align_left wpb_content_element\">\n<figure class=\"wpb_wrapper vc_figure\">\n<div class=\"vc_single_image-wrapper   vc_box_border_grey\"><img decoding=\"async\" class=\"vc_single_image-img attachment-full\" title=\"\u767d\u8272\u73e0\u5b9d\u710a\u73b0\u573a\u5b9e\u62cd3\" src=\"https:\/\/bogonglaser.com\/wp-content\/uploads\/2024\/11\/%E7%99%BD%E8%89%B2%E7%8F%A0%E5%AE%9D%E7%84%8A%E7%8E%B0%E5%9C%BA%E5%AE%9E%E6%8B%8D3.png\" sizes=\"auto, (max-width: 800px) 100vw, 800px\" srcset=\"https:\/\/bogonglaser.com\/wp-content\/uploads\/2024\/11\/\u767d\u8272\u73e0\u5b9d\u710a\u73b0\u573a\u5b9e\u62cd3.png 800w, https:\/\/bogonglaser.com\/wp-content\/uploads\/2024\/11\/\u767d\u8272\u73e0\u5b9d\u710a\u73b0\u573a\u5b9e\u62cd3-300x225.png 300w, https:\/\/bogonglaser.com\/wp-content\/uploads\/2024\/11\/\u767d\u8272\u73e0\u5b9d\u710a\u73b0\u573a\u5b9e\u62cd3-768x576.png 768w, https:\/\/bogonglaser.com\/wp-content\/uploads\/2024\/11\/\u767d\u8272\u73e0\u5b9d\u710a\u73b0\u573a\u5b9e\u62cd3-600x450.png 600w\" alt=\"\u767d\u8272\u73e0\u5b9d\u710a\u73b0\u573a\u5b9e\u62cd3\" width=\"800\" height=\"600\" \/><\/div>\n<\/figure>\n<\/div>\n<\/div>\n<\/div>\n<\/div>\n<\/div>\n<div class=\"vc_row wpb_row vc_row-fluid\">\n<div class=\"wpb_column vc_column_container vc_col-sm-12\">\n<div class=\"vc_column-inner\">\n<div class=\"wpb_wrapper\">\n<div class=\"wpb_text_column wpb_content_element\">\n<div class=\"wpb_wrapper\">\n<p>1. Proporciona una alta calidad de soldadura con huecos limpios y elimina la necesidad de un procesamiento secundario, mejorando significativamente el \u00edndice de aprobaci\u00f3n de los productos acabados.<br \/>\n2. Presenta una alta productividad con velocidades de soldadura r\u00e1pidas y un funcionamiento silencioso, lo que mejora enormemente la eficiencia y reduce el tiempo de soldadura.<br \/>\n3. Presume de un dise\u00f1o compacto y elegante, f\u00e1cil de usar y ergon\u00f3mico, que permite un uso c\u00f3modo y prolongado sin fatiga.<br \/>\n4. Equipado con una pantalla LED de 7 pulgadas disponible en varios idiomas, entre ellos chino, ingl\u00e9s, ruso y espa\u00f1ol, junto con un dispositivo de protecci\u00f3n contra el soplado.<br \/>\n5. Se puede integrar un sistema de monitorizaci\u00f3n CCD con un microscopio 10X para mejorar la precisi\u00f3n.<br \/>\n6. Dise\u00f1o de estructura compacta con dep\u00f3sito de agua incorporado<br \/>\n7. Ofrece opciones de personalizaci\u00f3n para satisfacer necesidades espec\u00edficas.<\/p>\n<\/div>\n<\/div>\n<\/div>\n<\/div>\n<\/div>\n<\/div>\n<div class=\"vc_row wpb_row vc_row-fluid\">\n<div class=\"wpb_column vc_column_container vc_col-sm-12\">\n<div class=\"vc_column-inner\">\n<div class=\"wpb_wrapper\">\n<div class=\"wpb_single_image wpb_content_element vc_align_left wpb_content_element\">\n<figure class=\"wpb_wrapper vc_figure\">\n<div class=\"vc_single_image-wrapper   vc_box_border_grey\"><img decoding=\"async\" class=\"vc_single_image-img attachment-full\" title=\"\u6a59\u767d\u73e0\u5b9d\u710a\u6837\u54c1\u7167\u7247\" src=\"https:\/\/bogonglaser.com\/wp-content\/uploads\/2024\/11\/%E6%A9%99%E7%99%BD%E7%8F%A0%E5%AE%9D%E7%84%8A%E6%A0%B7%E5%93%81%E7%85%A7%E7%89%87.png\" sizes=\"auto, (max-width: 800px) 100vw, 800px\" srcset=\"https:\/\/bogonglaser.com\/wp-content\/uploads\/2024\/11\/\u6a59\u767d\u73e0\u5b9d\u710a\u6837\u54c1\u7167\u7247.png 800w, https:\/\/bogonglaser.com\/wp-content\/uploads\/2024\/11\/\u6a59\u767d\u73e0\u5b9d\u710a\u6837\u54c1\u7167\u7247-300x225.png 300w, https:\/\/bogonglaser.com\/wp-content\/uploads\/2024\/11\/\u6a59\u767d\u73e0\u5b9d\u710a\u6837\u54c1\u7167\u7247-768x576.png 768w, https:\/\/bogonglaser.com\/wp-content\/uploads\/2024\/11\/\u6a59\u767d\u73e0\u5b9d\u710a\u6837\u54c1\u7167\u7247-600x450.png 600w\" alt=\"soldador l\u00e1ser de joyas\" width=\"800\" height=\"600\" \/><\/div>\n<\/figure>\n<\/div>\n<\/div>\n<\/div>\n<\/div>\n<\/div>\n<div class=\"vc_row wpb_row vc_row-fluid\">\n<div class=\"wpb_column vc_column_container vc_col-sm-12\">\n<div class=\"vc_column-inner\">\n<div class=\"wpb_wrapper\">\n<div class=\"wpb_video_widget wpb_content_element vc_clearfix   vc_video-aspect-ratio-169 vc_video-el-width-70 vc_video-align-left\">\n<div class=\"wpb_wrapper\">\n<div class=\"wpb_video_wrapper\">\n<p><iframe title=\"M\u00e1quina de soldadura l\u00e1ser para joyer\u00eda BOGONG 150w\" width=\"1290\" height=\"726\" src=\"https:\/\/www.youtube.com\/embed\/7etklzlsao4?feature=oembed\" frameborder=\"0\" allow=\"accelerometer; autoplay; clipboard-write; encrypted-media; gyroscope; picture-in-picture; web-share\" referrerpolicy=\"strict-origin-when-cross-origin\" allowfullscreen><\/iframe><\/p>\n<\/div>\n<\/div>\n<\/div>\n<\/div>\n<\/div>\n<\/div>\n<\/div>\n<div class=\"vc_row wpb_row vc_row-fluid\">\n<div class=\"wpb_column vc_column_container vc_col-sm-12\">\n<div class=\"vc_column-inner\">\n<div class=\"wpb_wrapper\">\n<div class=\"wpb_text_column wpb_content_element\">\n<div class=\"wpb_wrapper\">\n<p><strong>Muestras de soldadura l\u00e1ser<\/strong><\/p>\n<\/div>\n<\/div>\n<div class=\"wpb_single_image wpb_content_element vc_align_left wpb_content_element\">\n<figure class=\"wpb_wrapper vc_figure\">\n<div class=\"vc_single_image-wrapper   vc_box_border_grey\"><img decoding=\"async\" class=\"vc_single_image-img attachment-full\" title=\"\u6a59\u767d\u73e0\u5b9d\u710a\u5de5\u5382\u7167\u7247 (1)\" src=\"https:\/\/bogonglaser.com\/wp-content\/uploads\/2024\/11\/%E6%A9%99%E7%99%BD%E7%8F%A0%E5%AE%9D%E7%84%8A%E5%B7%A5%E5%8E%82%E7%85%A7%E7%89%87-1.png\" sizes=\"auto, (max-width: 800px) 100vw, 800px\" srcset=\"https:\/\/bogonglaser.com\/wp-content\/uploads\/2024\/11\/\u6a59\u767d\u73e0\u5b9d\u710a\u5de5\u5382\u7167\u7247-1.png 800w, https:\/\/bogonglaser.com\/wp-content\/uploads\/2024\/11\/\u6a59\u767d\u73e0\u5b9d\u710a\u5de5\u5382\u7167\u7247-1-300x225.png 300w, https:\/\/bogonglaser.com\/wp-content\/uploads\/2024\/11\/\u6a59\u767d\u73e0\u5b9d\u710a\u5de5\u5382\u7167\u7247-1-768x576.png 768w, https:\/\/bogonglaser.com\/wp-content\/uploads\/2024\/11\/\u6a59\u767d\u73e0\u5b9d\u710a\u5de5\u5382\u7167\u7247-1-600x450.png 600w\" alt=\"soldador l\u00e1ser de joyas\" width=\"800\" height=\"600\" \/><\/div>\n<\/figure>\n<\/div>\n<\/div>\n<\/div>\n<\/div>\n<\/div>\n<div class=\"vc_row wpb_row vc_row-fluid\">\n<div class=\"wpb_column vc_column_container vc_col-sm-12\">\n<div class=\"vc_column-inner\">\n<div class=\"wpb_wrapper\">\n<div class=\"wpb_text_column wpb_content_element\">\n<div class=\"wpb_wrapper\">\n<p><strong>Paquete de soldador l\u00e1ser<\/strong><\/p>\n<\/div>\n<\/div>\n<div class=\"wpb_single_image wpb_content_element vc_align_left wpb_content_element\">\n<figure class=\"wpb_wrapper vc_figure\">\n<div class=\"vc_single_image-wrapper   vc_box_border_grey\"><img decoding=\"async\" class=\"vc_single_image-img attachment-full\" title=\"SOLDADOR L\u00c1SER JOYER\u00cdA\" src=\"https:\/\/bogonglaser.com\/wp-content\/uploads\/2024\/11\/LASER-WELDER-JEWELRY.jpg\" sizes=\"auto, (max-width: 800px) 100vw, 800px\" srcset=\"https:\/\/bogonglaser.com\/wp-content\/uploads\/2024\/11\/LASER-WELDER-JEWELRY.jpg 800w, https:\/\/bogonglaser.com\/wp-content\/uploads\/2024\/11\/LASER-WELDER-JEWELRY-300x104.jpg 300w, https:\/\/bogonglaser.com\/wp-content\/uploads\/2024\/11\/LASER-WELDER-JEWELRY-768x265.jpg 768w, https:\/\/bogonglaser.com\/wp-content\/uploads\/2024\/11\/LASER-WELDER-JEWELRY-600x207.jpg 600w\" alt=\"SOLDADOR L\u00c1SER JOYER\u00cdA\" width=\"800\" height=\"276\" \/><\/div>\n<\/figure>\n<\/div>\n<\/div>\n<\/div>\n<\/div>\n<\/div>\n<div class=\"vc_row wpb_row vc_row-fluid\">\n<div class=\"wpb_column vc_column_container vc_col-sm-12\">\n<div class=\"vc_column-inner\">\n<div class=\"wpb_wrapper\">\n<div class=\"wpb_text_column wpb_content_element\">\n<div class=\"wpb_wrapper\">\n<p>**\u00bfPor qu\u00e9 elegir el l\u00e1ser BOGONG?<\/p>\n<p>BOGONG famous for it\u2019s quality of laser equipment and service for aftersale service, Our machines are versatile and user-friendly, designed with all skill levels in mind. Above all, we prioritize customer satisfaction. Whether you\u2019re a seasoned expert or a beginner,\u00a0BOGONG LASER\u00a0is here to support you every step of the way. Trust us and our service, where excellence and innovation come together for your success.<\/p>\n<\/div>\n<\/div>\n<\/div>\n<\/div>\n<\/div>\n<\/div>","protected":false},"excerpt":{"rendered":"<h2>M\u00e1quina de soldadura l\u00e1ser para joyer\u00eda 150W<\/h2>\n<p>Este 150W Joyer\u00eda con c\u00e1mara CCD en el interior m\u00e1s popular en el mercado, copetitive precio con un rendimiento de alta calidad.<\/p>\n<ul class=\"tips\">\n<li>350 Sets \/ Month Waiting for Sale En stock<\/li>\n<li>2 a\u00f1os de garant\u00eda limitada para toda la m\u00e1quina<\/li>\n<li>En l\u00ednea (PayPal) y fuera de l\u00ednea (T\/T, tarjetas de d\u00e9bito y cr\u00e9dito)<\/li>\n<li>Asistencia t\u00e9cnica gratuita de por vida para usuarios finales y distribuidores<\/li>\n<\/ul>","protected":false},"featured_media":1951,"template":"","meta":{"_gspb_post_css":""},"product_brand":[],"product_cat":[116,95],"product_tag":[114,113,107],"class_list":{"0":"post-1950","1":"product","2":"type-product","3":"status-publish","4":"has-post-thumbnail","6":"product_cat-jewelry-laser-welder","7":"product_cat-laser-welding-machine","8":"product_tag-gold-siver-laser-welder","9":"product_tag-jewelry-laser-welder","10":"product_tag-laser-welding-machine","12":"first","13":"instock","14":"shipping-taxable","15":"product-type-simple"},"_links":{"self":[{"href":"https:\/\/bogonglaser.com\/es\/wp-json\/wp\/v2\/product\/1950","targetHints":{"allow":["GET"]}}],"collection":[{"href":"https:\/\/bogonglaser.com\/es\/wp-json\/wp\/v2\/product"}],"about":[{"href":"https:\/\/bogonglaser.com\/es\/wp-json\/wp\/v2\/types\/product"}],"wp:featuredmedia":[{"embeddable":true,"href":"https:\/\/bogonglaser.com\/es\/wp-json\/wp\/v2\/media\/1951"}],"wp:attachment":[{"href":"https:\/\/bogonglaser.com\/es\/wp-json\/wp\/v2\/media?parent=1950"}],"wp:term":[{"taxonomy":"product_brand","embeddable":true,"href":"https:\/\/bogonglaser.com\/es\/wp-json\/wp\/v2\/product_brand?post=1950"},{"taxonomy":"product_cat","embeddable":true,"href":"https:\/\/bogonglaser.com\/es\/wp-json\/wp\/v2\/product_cat?post=1950"},{"taxonomy":"product_tag","embeddable":true,"href":"https:\/\/bogonglaser.com\/es\/wp-json\/wp\/v2\/product_tag?post=1950"}],"curies":[{"name":"wp","href":"https:\/\/api.w.org\/{rel}","templated":true}]}}