{"id":1904,"date":"2024-11-21T14:41:07","date_gmt":"2024-11-21T06:41:07","guid":{"rendered":"https:\/\/bogonglaser.com\/?post_type=product&#038;p=1904"},"modified":"2025-12-10T18:07:16","modified_gmt":"2025-12-10T10:07:16","slug":"cw-laser-cleaning-machine","status":"publish","type":"product","link":"https:\/\/bogonglaser.com\/es\/cw-laser-cleaning-machine\/","title":{"rendered":"M\u00e1quina de limpieza l\u00e1ser CW"},"content":{"rendered":"<div class=\"vc_row wpb_row vc_row-fluid\">\n<div class=\"wpb_column vc_column_container vc_col-sm-12\">\n<div class=\"vc_column-inner\">\n<div class=\"wpb_wrapper\">\n<div class=\"wpb_text_column wpb_content_element\">\n<div class=\"wpb_wrapper\">\n<p>The CW fiber\u00a0laser cleaning machine\u00a0makes it easy to remove organic pollutants and inorganic materials like metal corrosion, metal particles, and dust from a variety of surfaces, including metal, plastic, ceramics, glass, stone, and concrete.<\/p>\n<p>It\u2019s perfect for cleaning large areas, such as big steel structures or pipes.<\/p>\n<p>Este avanzado limpiador l\u00e1ser funciona sin contacto y no requiere agentes qu\u00edmicos, lo que garantiza una limpieza eficaz y respetuosa con el medio ambiente.<\/p>\n<\/div>\n<\/div>\n<\/div>\n<\/div>\n<\/div>\n<\/div>\n<div class=\"vc_row wpb_row vc_row-fluid\">\n<div class=\"wpb_column vc_column_container vc_col-sm-12\">\n<div class=\"vc_column-inner\">\n<div class=\"wpb_wrapper\">\n<div class=\"wpb_single_image wpb_content_element vc_align_left wpb_content_element\">\n<figure class=\"wpb_wrapper vc_figure\">\n<div class=\"vc_single_image-wrapper   vc_box_border_grey\"><img decoding=\"async\" class=\"vc_single_image-img attachment-full\" title=\"SOLDADOR L\u00c1SER\" src=\"https:\/\/bogonglaser.com\/wp-content\/uploads\/2024\/11\/LASER-WELDER.jpg\" sizes=\"auto, (max-width: 700px) 100vw, 700px\" srcset=\"https:\/\/bogonglaser.com\/wp-content\/uploads\/2024\/11\/LASER-WELDER.jpg 700w, https:\/\/bogonglaser.com\/wp-content\/uploads\/2024\/11\/LASER-WELDER-300x169.jpg 300w, https:\/\/bogonglaser.com\/wp-content\/uploads\/2024\/11\/LASER-WELDER-600x338.jpg 600w\" alt=\"SOLDADOR L\u00c1SER\" width=\"700\" height=\"394\" \/><\/div>\n<\/figure>\n<\/div>\n<\/div>\n<\/div>\n<\/div>\n<\/div>\n<div class=\"vc_row wpb_row vc_row-fluid\">\n<div class=\"wpb_column vc_column_container vc_col-sm-12\">\n<div class=\"vc_column-inner\">\n<div class=\"wpb_wrapper\">\n<div class=\"wpb_text_column wpb_content_element\">\n<div class=\"wpb_wrapper\">\n<p>Whether it\u2019s removing rust from bridges or cleaning large metal facilities like stadiums and factories, Bogong 2000W\/3000W laser cleaning machine is perfect for a variety of industrial cleaning tasks. With the latest generation of industrial cleaning technology, you\u2019ll benefit from enhanced efficiency and safety.<\/p>\n<p>BOGONG CW Fiber Laser Rust Removal and Cleaning Machine is designed for durability, it delivers exceptional surface cleaning that can elevate your production processes. invest in the 2000W\/3000W\u00a0CW Fiber Laser Cleaning Machine\u00a0and see how laser cleaning technology can transform your operations. Boost your productivity, maintain safety, and meet environmental standards with this vital tool for any forward-thinking business.<\/p>\n<\/div>\n<\/div>\n<\/div>\n<\/div>\n<\/div>\n<\/div>\n<div class=\"vc_row wpb_row vc_row-fluid\">\n<div class=\"wpb_column vc_column_container vc_col-sm-12\">\n<div class=\"vc_column-inner\">\n<div class=\"wpb_wrapper\">\n<div class=\"wpb_single_image wpb_content_element vc_align_left wpb_content_element\">\n<figure class=\"wpb_wrapper vc_figure\">\n<div class=\"vc_single_image-wrapper   vc_box_border_grey\"><img decoding=\"async\" class=\"vc_single_image-img attachment-full\" title=\"limpiador l\u00e1ser de mano\" src=\"https:\/\/bogonglaser.com\/wp-content\/uploads\/2024\/11\/handheld-laser-cleaner.jpg\" sizes=\"auto, (max-width: 700px) 100vw, 700px\" srcset=\"https:\/\/bogonglaser.com\/wp-content\/uploads\/2024\/11\/handheld-laser-cleaner.jpg 700w, https:\/\/bogonglaser.com\/wp-content\/uploads\/2024\/11\/handheld-laser-cleaner-300x169.jpg 300w, https:\/\/bogonglaser.com\/wp-content\/uploads\/2024\/11\/handheld-laser-cleaner-600x338.jpg 600w\" alt=\"limpiador l\u00e1ser de mano\" width=\"700\" height=\"394\" \/><\/div>\n<\/figure>\n<\/div>\n<\/div>\n<\/div>\n<\/div>\n<\/div>\n<div class=\"vc_row wpb_row vc_row-fluid\">\n<div class=\"wpb_column vc_column_container vc_col-sm-12\">\n<div class=\"vc_column-inner\">\n<div class=\"wpb_wrapper\">\n<div class=\"wpb_text_column wpb_content_element\">\n<div class=\"wpb_wrapper\">\n<p>Esta tecnolog\u00eda utiliza un rayo l\u00e1ser de alta potencia. Cuando el haz incide en una superficie, la luz y el calor son absorbidos, provocando una reacci\u00f3n. Cuando alcanza un determinado nivel de energ\u00eda, rompe los enlaces moleculares de la superficie y vaporiza el material.<\/p>\n<p>Normalmente, la suciedad o los contaminantes de la superficie tienen un umbral de energ\u00eda m\u00e1s bajo para esta reacci\u00f3n que el material subyacente. Esto significa que la suciedad se vaporizar\u00e1 primero, con el consiguiente da\u00f1o m\u00ednimo para la superficie subyacente.<\/p>\n<\/div>\n<\/div>\n<\/div>\n<\/div>\n<\/div>\n<\/div>\n<div class=\"vc_row wpb_row vc_row-fluid\">\n<div class=\"wpb_column vc_column_container vc_col-sm-12\">\n<div class=\"vc_column-inner\">\n<div class=\"wpb_wrapper\">\n<div class=\"wpb_single_image wpb_content_element vc_align_left wpb_content_element\">\n<figure class=\"wpb_wrapper vc_figure\">\n<div class=\"vc_single_image-wrapper   vc_box_border_grey\"><img decoding=\"async\" class=\"vc_single_image-img attachment-full\" title=\"soldador l\u00e1ser cw\" src=\"https:\/\/bogonglaser.com\/wp-content\/uploads\/2024\/11\/cw-laser-welder.jpg\" sizes=\"auto, (max-width: 600px) 100vw, 600px\" srcset=\"https:\/\/bogonglaser.com\/wp-content\/uploads\/2024\/11\/cw-laser-welder.jpg 600w, https:\/\/bogonglaser.com\/wp-content\/uploads\/2024\/11\/cw-laser-welder-300x200.jpg 300w\" alt=\"soldador l\u00e1ser cw\" width=\"600\" height=\"400\" \/><\/div>\n<\/figure>\n<\/div>\n<\/div>\n<\/div>\n<\/div>\n<\/div>\n<div class=\"vc_row wpb_row vc_row-fluid\">\n<div class=\"wpb_column vc_column_container vc_col-sm-12\">\n<div class=\"vc_column-inner\">\n<div class=\"wpb_wrapper\">\n<div class=\"wpb_video_widget wpb_content_element vc_clearfix   vc_video-aspect-ratio-169 vc_video-el-width-100 vc_video-align-left\">\n<div class=\"wpb_wrapper\">\n<div class=\"wpb_video_wrapper\">\n<p><iframe title=\"M\u00e1s peque\u00f1o 1000W 1500W 2000W \u00f3xido m\u00e1quina de limpieza l\u00e1ser con fibra Raycus Max Reci fuente l\u00e1ser\" width=\"1290\" height=\"968\" src=\"https:\/\/www.youtube.com\/embed\/-or9ILVlGFA?feature=oembed\" frameborder=\"0\" allow=\"accelerometer; autoplay; clipboard-write; encrypted-media; gyroscope; picture-in-picture; web-share\" referrerpolicy=\"strict-origin-when-cross-origin\" allowfullscreen><\/iframe><\/p>\n<\/div>\n<\/div>\n<\/div>\n<\/div>\n<\/div>\n<\/div>\n<\/div>\n<div class=\"vc_row wpb_row vc_row-fluid\">\n<div class=\"wpb_column vc_column_container vc_col-sm-12\">\n<div class=\"vc_column-inner\">\n<div class=\"wpb_wrapper\">\n<div class=\"wpb_text_column wpb_content_element\">\n<div class=\"wpb_wrapper\">\n<p>Ventajas:<\/p>\n<p>\u2013 Non-contact cleaning, which minimizes damage to the base substrate.<br \/>\n\u2013 Precision cleaning: Targets specific areas using customized beam settings.<br \/>\n\u2013 Selective cleaning: Removes different layers of dirt individually based on their ablation thresholds.<br \/>\n\u2013 High cleaning efficiency.<br \/>\n\u2013 Compact and stable design, requiring minimal maintenance.<br \/>\n\u2013 User-friendly operation, or can be integrated with a robotic arm for automated cleaning.<br \/>\n\u2013 No chemicals, dry ice, or other cleaning materials needed. Just a few consumables make it safe and environmentally friendly.<\/p>\n<\/div>\n<\/div>\n<\/div>\n<\/div>\n<\/div>\n<\/div>\n<div class=\"vc_row wpb_row vc_row-fluid\">\n<div class=\"wpb_column vc_column_container vc_col-sm-12\">\n<div class=\"vc_column-inner\">\n<div class=\"wpb_wrapper\">\n<div class=\"wpb_text_column wpb_content_element\">\n<div class=\"wpb_wrapper\">\n<p><strong>Muestras de soldadura l\u00e1ser<\/strong><\/p>\n<\/div>\n<\/div>\n<div class=\"wpb_single_image wpb_content_element vc_align_left wpb_content_element\">\n<figure class=\"wpb_wrapper vc_figure\">\n<div class=\"vc_single_image-wrapper   vc_box_border_grey\"><img decoding=\"async\" class=\"vc_single_image-img attachment-full\" title=\"Limpiador l\u00e1ser de pulsos de 500 W\" src=\"https:\/\/bogonglaser.com\/wp-content\/uploads\/2024\/11\/%E5%9B%BD%E6%BA%901000w%E6%B8%85%E6%B4%97%E6%9C%BA%E6%A0%B7%E5%93%81%E7%85%A7%E7%89%87-1.png\" sizes=\"auto, (max-width: 800px) 100vw, 800px\" srcset=\"https:\/\/bogonglaser.com\/wp-content\/uploads\/2024\/11\/\u56fd\u6e901000w\u6e05\u6d17\u673a\u6837\u54c1\u7167\u7247-1.png 800w, https:\/\/bogonglaser.com\/wp-content\/uploads\/2024\/11\/\u56fd\u6e901000w\u6e05\u6d17\u673a\u6837\u54c1\u7167\u7247-1-300x225.png 300w, https:\/\/bogonglaser.com\/wp-content\/uploads\/2024\/11\/\u56fd\u6e901000w\u6e05\u6d17\u673a\u6837\u54c1\u7167\u7247-1-768x576.png 768w, https:\/\/bogonglaser.com\/wp-content\/uploads\/2024\/11\/\u56fd\u6e901000w\u6e05\u6d17\u673a\u6837\u54c1\u7167\u7247-1-600x450.png 600w\" alt=\"M\u00e1quina de limpieza l\u00e1ser pusle 500W\" width=\"800\" height=\"600\" \/><\/div>\n<\/figure>\n<\/div>\n<\/div>\n<\/div>\n<\/div>\n<\/div>\n<div class=\"vc_row wpb_row vc_row-fluid\">\n<div class=\"wpb_column vc_column_container vc_col-sm-12\">\n<div class=\"vc_column-inner\">\n<div class=\"wpb_wrapper\">\n<div class=\"wpb_text_column wpb_content_element\">\n<div class=\"wpb_wrapper\">\n<p>\u00bfPor qu\u00e9 cada vez m\u00e1s fabricantes recurren a la limpieza l\u00e1ser para preparar el material?<\/p>\n<p>La limpieza por l\u00e1ser presenta varias ventajas sobre los m\u00e9todos tradicionales. Por un lado, elimina la necesidad de disolventes y materiales abrasivos, que pueden complicar su eliminaci\u00f3n. A diferencia de otros procesos que pueden carecer de precisi\u00f3n y a menudo requieren intervenci\u00f3n manual, la limpieza por l\u00e1ser permite una aplicaci\u00f3n controlada en zonas espec\u00edficas de una pieza. Este proceso puede automatizarse f\u00e1cilmente para mejorar la productividad y garantiza la repetibilidad que exigen ahora muchas normas de calidad. Como resultado, los fabricantes est\u00e1n descubriendo que la limpieza por l\u00e1ser es una opci\u00f3n m\u00e1s eficaz y fiable para la preparaci\u00f3n de materiales.<\/p>\n<\/div>\n<\/div>\n<\/div>\n<\/div>\n<\/div>\n<\/div>\n<div class=\"vc_row wpb_row vc_row-fluid\">\n<div class=\"wpb_column vc_column_container vc_col-sm-6\">\n<div class=\"vc_column-inner\">\n<div class=\"wpb_wrapper\">\n<div class=\"wpb_text_column wpb_content_element\">\n<div class=\"wpb_wrapper\">\n<h3><strong>Sistema de limpieza por l\u00e1ser<\/strong><\/h3>\n<p>Los l\u00e1seres pueden proporcionar limpieza y preparaci\u00f3n de superficies a alta velocidad en pr\u00e1cticamente todas las industrias. Este proceso de bajo mantenimiento y f\u00e1cil automatizaci\u00f3n puede utilizarse para eliminar aceite y grasa, decapar pintura o revestimientos o modificar la textura de la superficie, por ejemplo, a\u00f1adiendo rugosidad para aumentar la adherencia.<\/p>\n<p>No se utilizan materiales abrasivos, por lo que no hay problemas de separaci\u00f3n y eliminaci\u00f3n de contaminantes<\/p>\n<p>No solvents are used \u2013 chemical-free and environmentally friendly process<\/p>\n<p>Selectiva desde el punto de vista espacial: limpia s\u00f3lo la zona necesaria, lo que ahorra tiempo y costes al ignorar las regiones que no interesan.<\/p>\n<\/div>\n<\/div>\n<\/div>\n<\/div>\n<\/div>\n<div class=\"wpb_column vc_column_container vc_col-sm-6\">\n<div class=\"vc_column-inner\">\n<div class=\"wpb_wrapper\">\n<div class=\"wpb_single_image wpb_content_element vc_align_left wpb_content_element\">\n<figure class=\"wpb_wrapper vc_figure\">\n<div class=\"vc_single_image-wrapper   vc_box_border_grey\"><img decoding=\"async\" class=\"vc_single_image-img attachment-full\" title=\"m\u00e1quina de limpieza l\u00e1ser cw\" src=\"https:\/\/bogonglaser.com\/wp-content\/uploads\/2024\/11\/laser-cleaning-machine-cw.jpg\" sizes=\"auto, (max-width: 600px) 100vw, 600px\" srcset=\"https:\/\/bogonglaser.com\/wp-content\/uploads\/2024\/11\/laser-cleaning-machine-cw.jpg 600w, https:\/\/bogonglaser.com\/wp-content\/uploads\/2024\/11\/laser-cleaning-machine-cw-300x183.jpg 300w\" alt=\"m\u00e1quina de limpieza l\u00e1ser cw\" width=\"600\" height=\"366\" \/><\/div>\n<\/figure>\n<\/div>\n<\/div>\n<\/div>\n<\/div>\n<\/div>\n<div class=\"vc_row wpb_row vc_row-fluid\">\n<div class=\"wpb_column vc_column_container vc_col-sm-12\">\n<div class=\"vc_column-inner\">\n<div class=\"wpb_wrapper\">\n<div class=\"wpb_text_column wpb_content_element\">\n<div class=\"wpb_wrapper\">\n<p><strong>Paquete de soldador l\u00e1ser<\/strong><\/p>\n<\/div>\n<\/div>\n<div class=\"wpb_single_image wpb_content_element vc_align_left wpb_content_element\">\n<figure class=\"wpb_wrapper vc_figure\">\n<div class=\"vc_single_image-wrapper   vc_box_border_grey\"><img decoding=\"async\" class=\"vc_single_image-img attachment-full\" title=\"m\u00e1quina de soldadura l\u00e1ser (1)\" src=\"https:\/\/bogonglaser.com\/wp-content\/uploads\/2024\/11\/laser-welder-machine-1.jpg\" sizes=\"auto, (max-width: 719px) 100vw, 719px\" srcset=\"https:\/\/bogonglaser.com\/wp-content\/uploads\/2024\/11\/laser-welder-machine-1.jpg 719w, https:\/\/bogonglaser.com\/wp-content\/uploads\/2024\/11\/laser-welder-machine-1-300x117.jpg 300w, https:\/\/bogonglaser.com\/wp-content\/uploads\/2024\/11\/laser-welder-machine-1-600x234.jpg 600w\" alt=\"soldadora l\u00e1ser 1\" width=\"719\" height=\"280\" \/><\/div>\n<\/figure>\n<\/div>\n<\/div>\n<\/div>\n<\/div>\n<\/div>\n<div class=\"vc_row wpb_row vc_row-fluid\">\n<div class=\"wpb_column vc_column_container vc_col-sm-12\">\n<div class=\"vc_column-inner\">\n<div class=\"wpb_wrapper\">\n<div class=\"wpb_text_column wpb_content_element\">\n<div class=\"wpb_wrapper\">\n<p>**\u00bfPor qu\u00e9 elegir el l\u00e1ser BOGONG?<\/p>\n<p>BOGONG famous for it\u2019s quality of laser equipment and service for aftersale service, Our machines are versatile and user-friendly, designed with all skill levels in mind. Above all, we prioritize customer satisfaction. Whether you\u2019re a seasoned expert or a beginner,\u00a0BOGONG LASER\u00a0is here to support you every step of the way. Trust us and our service, where excellence and innovation come together for your success.<\/p>\n<\/div>\n<\/div>\n<\/div>\n<\/div>\n<\/div>\n<\/div>","protected":false},"excerpt":{"rendered":"<h2>M\u00e1quina de limpieza l\u00e1ser de fibra CW<\/h2>\n<p>Si desea eliminar el \u00f3xido en un campo grande, una m\u00e1quina de limpieza l\u00e1ser CW le ayudar\u00e1 mucho. M\u00e1quina de limpieza l\u00e1ser 1500W 2000W 3000W<\/p>\n<ul class=\"tips\">\n<li>350 Sets \/ Month Waiting for Sale En stock<\/li>\n<li>2 a\u00f1os de garant\u00eda limitada para toda la m\u00e1quina<\/li>\n<li>En l\u00ednea (PayPal) y fuera de l\u00ednea (T\/T, tarjetas de d\u00e9bito y cr\u00e9dito)<\/li>\n<li>Asistencia t\u00e9cnica gratuita de por vida para usuarios finales y distribuidores<\/li>\n<\/ul>","protected":false},"featured_media":1821,"template":"","meta":{"_gspb_post_css":""},"product_brand":[],"product_cat":[94],"product_tag":[109,108,107],"class_list":{"0":"post-1904","1":"product","2":"type-product","3":"status-publish","4":"has-post-thumbnail","6":"product_cat-laser-cleaning-machine","7":"product_tag-fiber-laser-welder","8":"product_tag-handheld-laser-welder","9":"product_tag-laser-welding-machine","11":"first","12":"instock","13":"shipping-taxable","14":"product-type-simple"},"_links":{"self":[{"href":"https:\/\/bogonglaser.com\/es\/wp-json\/wp\/v2\/product\/1904","targetHints":{"allow":["GET"]}}],"collection":[{"href":"https:\/\/bogonglaser.com\/es\/wp-json\/wp\/v2\/product"}],"about":[{"href":"https:\/\/bogonglaser.com\/es\/wp-json\/wp\/v2\/types\/product"}],"wp:featuredmedia":[{"embeddable":true,"href":"https:\/\/bogonglaser.com\/es\/wp-json\/wp\/v2\/media\/1821"}],"wp:attachment":[{"href":"https:\/\/bogonglaser.com\/es\/wp-json\/wp\/v2\/media?parent=1904"}],"wp:term":[{"taxonomy":"product_brand","embeddable":true,"href":"https:\/\/bogonglaser.com\/es\/wp-json\/wp\/v2\/product_brand?post=1904"},{"taxonomy":"product_cat","embeddable":true,"href":"https:\/\/bogonglaser.com\/es\/wp-json\/wp\/v2\/product_cat?post=1904"},{"taxonomy":"product_tag","embeddable":true,"href":"https:\/\/bogonglaser.com\/es\/wp-json\/wp\/v2\/product_tag?post=1904"}],"curies":[{"name":"wp","href":"https:\/\/api.w.org\/{rel}","templated":true}]}}