{"id":1862,"date":"2024-11-20T15:53:11","date_gmt":"2024-11-20T07:53:11","guid":{"rendered":"https:\/\/bogonglaser.com\/?post_type=product&#038;p=1862"},"modified":"2025-12-10T18:21:58","modified_gmt":"2025-12-10T10:21:58","slug":"3-in-1-handheld-laser-welder","status":"publish","type":"product","link":"https:\/\/bogonglaser.com\/es\/3-in-1-handheld-laser-welder\/","title":{"rendered":"Soldador l\u00e1ser manual 3 en 1"},"content":{"rendered":"<div class=\"vc_row wpb_row vc_row-fluid\">\n<div class=\"wpb_column vc_column_container vc_col-sm-12\">\n<div class=\"vc_column-inner\">\n<div class=\"wpb_wrapper\">\n<div class=\"wpb_text_column wpb_content_element\">\n<div class=\"wpb_wrapper\">\n<p>\u00bfBusca una soldadora l\u00e1ser 3 en 1 que pueda soldar, limpiar y cortar todo en uno? En lugar de optar por m\u00e1quinas separadas -una para soldar, otra para cortar chapas y tubos y otra para limpiar \u00f3xido, pintura y revestimientos- considere la soluci\u00f3n que lo combina todo.<\/p>\n<p>Presentaci\u00f3n de la\u00a0<span class=\"___SText_pr68d-red-team\" data-ui-name=\"Link.Text\">Soldadora l\u00e1ser 3 en 1<\/span>la m\u00e1quina l\u00e1ser multifunci\u00f3n todo en uno de sus sue\u00f1os. Esta potente unidad puede soldar varios tipos, tama\u00f1os y grosores de placas, tubos y perfiles met\u00e1licos. Tambi\u00e9n es capaz de cortar materiales como acero inoxidable, acero al carbono, cobre, aluminio, titanio y algunas aleaciones. Adem\u00e1s, puede limpiar eficazmente una gran variedad de sustratos para el tratamiento de superficies. Diga adi\u00f3s a las molestias de varias m\u00e1quinas y hola a la comodidad de la BGW.<\/p>\n<\/div>\n<\/div>\n<\/div>\n<\/div>\n<\/div>\n<\/div>\n<div class=\"vc_row wpb_row vc_row-fluid\">\n<div class=\"wpb_column vc_column_container vc_col-sm-12\">\n<div class=\"vc_column-inner\">\n<div class=\"wpb_wrapper\">\n<div class=\"wpb_single_image wpb_content_element vc_align_left wpb_content_element\">\n<figure class=\"wpb_wrapper vc_figure\">\n<div class=\"vc_single_image-wrapper   vc_box_border_grey\"><img decoding=\"async\" class=\"vc_single_image-img attachment-full\" title=\"m\u00e1quina de soldadura l\u00e1ser para metal\" src=\"https:\/\/bogonglaser.com\/wp-content\/uploads\/2024\/11\/laser-welding-machine-for-metal.jpg\" sizes=\"auto, (max-width: 600px) 100vw, 600px\" srcset=\"https:\/\/bogonglaser.com\/wp-content\/uploads\/2024\/11\/laser-welding-machine-for-metal.jpg 600w, https:\/\/bogonglaser.com\/wp-content\/uploads\/2024\/11\/laser-welding-machine-for-metal-300x300.jpg 300w, https:\/\/bogonglaser.com\/wp-content\/uploads\/2024\/11\/laser-welding-machine-for-metal-150x150.jpg 150w, https:\/\/bogonglaser.com\/wp-content\/uploads\/2024\/11\/laser-welding-machine-for-metal-100x100.jpg 100w\" alt=\"m\u00e1quina de soldadura l\u00e1ser para metal\" width=\"600\" height=\"600\" \/><\/div>\n<\/figure>\n<\/div>\n<\/div>\n<\/div>\n<\/div>\n<\/div>\n<div class=\"vc_row wpb_row vc_row-fluid\">\n<div class=\"wpb_column vc_column_container vc_col-sm-12\">\n<div class=\"vc_column-inner\">\n<div class=\"wpb_wrapper\">\n<div class=\"wpb_text_column wpb_content_element\">\n<div class=\"wpb_wrapper\">\n<p>El soldador, limpiador y cortador l\u00e1ser 3 en 1 es un kit de m\u00e1quina herramienta todo en uno que integra tres funciones: soldadura, corte y limpieza. Cuenta con un generador l\u00e1ser de fibra, una pistola l\u00e1ser manual, un enfriador de agua y un sistema de control combinado. Esta herramienta port\u00e1til y pr\u00e1ctica est\u00e1 dise\u00f1ada para facilitar su uso, lo que la convierte en una excelente opci\u00f3n para diversas aplicaciones.<\/p>\n<\/div>\n<\/div>\n<\/div>\n<\/div>\n<\/div>\n<\/div>\n<div class=\"vc_row wpb_row vc_row-fluid\">\n<div class=\"wpb_column vc_column_container vc_col-sm-12\">\n<div class=\"vc_column-inner\">\n<div class=\"wpb_wrapper\">\n<div class=\"wpb_single_image wpb_content_element vc_align_left wpb_content_element\">\n<figure class=\"wpb_wrapper vc_figure\">\n<div class=\"vc_single_image-wrapper   vc_box_border_grey\"><img decoding=\"async\" class=\"vc_single_image-img attachment-full\" title=\"peque\u00f1o armario soldador l\u00e1ser (1)\" src=\"https:\/\/bogonglaser.com\/wp-content\/uploads\/2024\/11\/small-cabinet-laser-welder-1.jpg\" sizes=\"auto, (max-width: 1544px) 100vw, 1544px\" srcset=\"https:\/\/bogonglaser.com\/wp-content\/uploads\/2024\/11\/small-cabinet-laser-welder-1.jpg 1544w, https:\/\/bogonglaser.com\/wp-content\/uploads\/2024\/11\/small-cabinet-laser-welder-1-300x207.jpg 300w, https:\/\/bogonglaser.com\/wp-content\/uploads\/2024\/11\/small-cabinet-laser-welder-1-1024x705.jpg 1024w, https:\/\/bogonglaser.com\/wp-content\/uploads\/2024\/11\/small-cabinet-laser-welder-1-768x529.jpg 768w, https:\/\/bogonglaser.com\/wp-content\/uploads\/2024\/11\/small-cabinet-laser-welder-1-1536x1057.jpg 1536w, https:\/\/bogonglaser.com\/wp-content\/uploads\/2024\/11\/small-cabinet-laser-welder-1-600x413.jpg 600w, https:\/\/bogonglaser.com\/wp-content\/uploads\/2024\/11\/small-cabinet-laser-welder-1-1000x688.jpg 1000w\" alt=\"peque\u00f1o armario soldador l\u00e1ser 1\" width=\"1544\" height=\"1063\" \/><\/div>\n<\/figure>\n<\/div>\n<\/div>\n<\/div>\n<\/div>\n<\/div>\n<div class=\"vc_row wpb_row vc_row-fluid\">\n<div class=\"wpb_column vc_column_container vc_col-sm-12\">\n<div class=\"vc_column-inner\">\n<div class=\"wpb_wrapper\">\n<div class=\"wpb_text_column wpb_content_element\">\n<div class=\"wpb_wrapper\">\n<h2>Caracter\u00edsticas del\u00a0<span class=\"___SText_pr68d-red-team\" data-ui-name=\"Link.Text\">3 in 1\u00a0laser welding machine<\/span><\/h2>\n<p>\u2013 As a Laser Cleaning Machine, it serves as an environmentally friendly \u201cgreen\u201d cleaning tool that doesn\u2019t require any chemical agents or fluids.<\/p>\n<p>\u2013 In its role as a laser welder, it produces smooth, consistent welds without scars, eliminating the need for post-weld grinding and polishing. This not only saves time and costs but also enhances efficiency.<\/p>\n<p>\u2013 As a laser cutting machine, it offers user-friendly operation, allowing for precision 2D and 3D metal cuts at high speeds in any direction and angle.<\/p>\n<p>\u2013 The portable laser gun features a simple handheld design, making it easy to carry. It includes a touch screen control panel for convenient parameter adjustments during operation, and it weighs just 0.75kg, ensuring comfortable use without fatigue.<\/p>\n<p>\u2013 Equipped with a professional fiber laser source, it boasts a low error rate, low power consumption, and requires no maintenance, making assembly straightforward.<\/p>\n<p>\u2013 The industrial-grade constant temperature chiller features a filter for safety and durability, ensuring stable performance and a long service life. A high-quality water cooling system maintains the fiber laser generator\u2019s stable operation over extended periods.<\/p>\n<p>\u2013 The compact, portable design occupies minimal space, the handheld laser gun is ergonomically crafted, and the addition of four wheels facilitates easy movement for long-distance tasks.<\/p>\n<\/div>\n<\/div>\n<\/div>\n<\/div>\n<\/div>\n<\/div>\n<div class=\"vc_row wpb_row vc_row-fluid\">\n<div class=\"wpb_column vc_column_container vc_col-sm-12\">\n<div class=\"vc_column-inner\">\n<div class=\"wpb_wrapper\">\n<div class=\"wpb_single_image wpb_content_element vc_align_left wpb_content_element\">\n<figure class=\"wpb_wrapper vc_figure\">\n<div class=\"vc_single_image-wrapper   vc_box_border_grey\"><img decoding=\"async\" class=\"vc_single_image-img attachment-full\" title=\"\u672a\u6807\u9898-1000 (1)\" src=\"https:\/\/bogonglaser.com\/wp-content\/uploads\/2024\/11\/%E6%9C%AA%E6%A0%87%E9%A2%98-1000-1.jpg\" sizes=\"auto, (max-width: 1544px) 100vw, 1544px\" srcset=\"https:\/\/bogonglaser.com\/wp-content\/uploads\/2024\/11\/\u672a\u6807\u9898-1000-1.jpg 1544w, https:\/\/bogonglaser.com\/wp-content\/uploads\/2024\/11\/\u672a\u6807\u9898-1000-1-300x207.jpg 300w, https:\/\/bogonglaser.com\/wp-content\/uploads\/2024\/11\/\u672a\u6807\u9898-1000-1-1024x705.jpg 1024w, https:\/\/bogonglaser.com\/wp-content\/uploads\/2024\/11\/\u672a\u6807\u9898-1000-1-768x529.jpg 768w, https:\/\/bogonglaser.com\/wp-content\/uploads\/2024\/11\/\u672a\u6807\u9898-1000-1-1536x1057.jpg 1536w, https:\/\/bogonglaser.com\/wp-content\/uploads\/2024\/11\/\u672a\u6807\u9898-1000-1-600x413.jpg 600w, https:\/\/bogonglaser.com\/wp-content\/uploads\/2024\/11\/\u672a\u6807\u9898-1000-1-1000x688.jpg 1000w\" alt=\"\u672a\u6807\u9898 1000 1\" width=\"1544\" height=\"1063\" \/><\/div>\n<\/figure>\n<\/div>\n<\/div>\n<\/div>\n<\/div>\n<\/div>\n<div class=\"vc_row wpb_row vc_row-fluid\">\n<div class=\"wpb_column vc_column_container vc_col-sm-12\">\n<div class=\"vc_column-inner\">\n<div class=\"wpb_wrapper\">\n<div class=\"wpb_text_column wpb_content_element\">\n<div class=\"wpb_wrapper\">\n<h3>\u00bfQu\u00e9 es un soldador l\u00e1ser manual?<\/h3>\n<p>En<a href=\"https:\/\/bogonglaser.com\/es\/laser-welding-machine\/handheld-laser-welder\/\">\u00a0soldadura l\u00e1ser manual<\/a>\u00a0es capaz de soldar, limpiar y cortar, todo ello gestionado por un controlador inteligente para un uso sencillo y un mecanizado flexible. Su tama\u00f1o compacto la hace port\u00e1til y rentable, ya que no requiere consumibles.<\/p>\n<\/div>\n<\/div>\n<\/div>\n<\/div>\n<\/div>\n<\/div>\n<div class=\"vc_row wpb_row vc_row-fluid\">\n<div class=\"wpb_column vc_column_container vc_col-sm-12\">\n<div class=\"vc_column-inner\">\n<div class=\"wpb_wrapper\">\n<div class=\"wpb_text_column wpb_content_element\">\n<div class=\"wpb_wrapper\">\n<p><strong>Paquete de soldador l\u00e1ser<\/strong><\/p>\n<\/div>\n<\/div>\n<div class=\"wpb_single_image wpb_content_element vc_align_left wpb_content_element\">\n<figure class=\"wpb_wrapper vc_figure\">\n<div class=\"vc_single_image-wrapper   vc_box_border_grey\"><img decoding=\"async\" class=\"vc_single_image-img attachment-full\" title=\"pistola l\u00e1ser cabezal l\u00e1ser\" src=\"https:\/\/bogonglaser.com\/wp-content\/uploads\/2024\/11\/laser-gun-laser-head.jpg\" sizes=\"auto, (max-width: 600px) 100vw, 600px\" srcset=\"https:\/\/bogonglaser.com\/wp-content\/uploads\/2024\/11\/laser-gun-laser-head.jpg 600w, https:\/\/bogonglaser.com\/wp-content\/uploads\/2024\/11\/laser-gun-laser-head-300x300.jpg 300w, https:\/\/bogonglaser.com\/wp-content\/uploads\/2024\/11\/laser-gun-laser-head-150x150.jpg 150w, https:\/\/bogonglaser.com\/wp-content\/uploads\/2024\/11\/laser-gun-laser-head-100x100.jpg 100w\" alt=\"pistola l\u00e1ser cabezal l\u00e1ser\" width=\"600\" height=\"600\" \/><\/div>\n<\/figure>\n<\/div>\n<\/div>\n<\/div>\n<\/div>\n<\/div>\n<div class=\"vc_row wpb_row vc_row-fluid\">\n<div class=\"wpb_column vc_column_container vc_col-sm-12\">\n<div class=\"vc_column-inner\">\n<div class=\"wpb_wrapper\">\n<div class=\"wpb_video_widget wpb_content_element vc_clearfix   vc_video-aspect-ratio-169 vc_video-el-width-100 vc_video-align-left\">\n<div class=\"wpb_wrapper\">\n<div class=\"wpb_video_wrapper\">\n<p><iframe title=\"Varias Marcas de Cabezales de Soldadura L\u00e1ser de Fibra \u00d3ptica de Mano Muestran | \u00bfQu\u00e9 Cabezal de Soldadura L\u00e1ser es Bueno?\" width=\"1290\" height=\"726\" src=\"https:\/\/www.youtube.com\/embed\/NSdcJZEIYs8?feature=oembed\" frameborder=\"0\" allow=\"accelerometer; autoplay; clipboard-write; encrypted-media; gyroscope; picture-in-picture; web-share\" referrerpolicy=\"strict-origin-when-cross-origin\" allowfullscreen><\/iframe><\/p>\n<\/div>\n<\/div>\n<\/div>\n<\/div>\n<\/div>\n<\/div>\n<\/div>\n<div class=\"vc_row wpb_row vc_row-fluid\">\n<div class=\"wpb_column vc_column_container vc_col-sm-12\">\n<div class=\"vc_column-inner\">\n<div class=\"wpb_wrapper\">\n<div class=\"wpb_text_column wpb_content_element\">\n<div class=\"wpb_wrapper\">\n<p><strong>Paquete de\u00a0<span class=\"___SText_pr68d-red-team\" data-ui-name=\"Link.Text\">Soldadora l\u00e1ser 3 en 1<\/span><\/strong><\/p>\n<\/div>\n<\/div>\n<div class=\"wpb_single_image wpb_content_element vc_align_left wpb_content_element\">\n<figure class=\"wpb_wrapper vc_figure\">\n<div class=\"vc_single_image-wrapper   vc_box_border_grey\"><img decoding=\"async\" class=\"vc_single_image-img attachment-full\" title=\"soldadora l\u00e1ser manual\" src=\"https:\/\/bogonglaser.com\/wp-content\/uploads\/2024\/11\/handheld-laser-welder-machine.jpg\" sizes=\"auto, (max-width: 600px) 100vw, 600px\" srcset=\"https:\/\/bogonglaser.com\/wp-content\/uploads\/2024\/11\/handheld-laser-welder-machine.jpg 600w, https:\/\/bogonglaser.com\/wp-content\/uploads\/2024\/11\/handheld-laser-welder-machine-300x154.jpg 300w\" alt=\"soldadora l\u00e1ser manual\" width=\"600\" height=\"308\" \/><\/div>\n<\/figure>\n<\/div>\n<\/div>\n<\/div>\n<\/div>\n<\/div>\n<div class=\"vc_row wpb_row vc_row-fluid\">\n<div class=\"wpb_column vc_column_container vc_col-sm-12\">\n<div class=\"vc_column-inner\">\n<div class=\"wpb_wrapper\">\n<div class=\"wpb_text_column wpb_content_element\">\n<div class=\"wpb_wrapper\">\n<p>**\u00bfPor qu\u00e9 elegir el l\u00e1ser BOGONG?<\/p>\n<p>BOGONG famous for it\u2019s quality of laser equipment and service for aftersale service, Our machines are versatile and user-friendly, designed with all skill levels in mind. Above all, we prioritize customer satisfaction. Whether you\u2019re a seasoned expert or a beginner,\u00a0<a href=\"https:\/\/bogonglaser.com\/es\/\">L\u00c1SER BOGONG<\/a>\u00a0est\u00e1 aqu\u00ed para apoyarle en cada paso del camino. Conf\u00ede en nosotros y en nuestro servicio, donde la excelencia y la innovaci\u00f3n se unen para su \u00e9xito.<\/p>\n<\/div>\n<\/div>\n<\/div>\n<\/div>\n<\/div>\n<\/div>","protected":false},"excerpt":{"rendered":"<h1><span class=\"___SText_pr68d-red-team\" data-ui-name=\"Link.Text\">Soldadora l\u00e1ser 3 en 1<\/span><\/h1>\n<p>La soldadora, limpiadora y cortadora l\u00e1ser 3 en 1 es un sistema l\u00e1ser port\u00e1til todo en uno que incluye una pistola de corte l\u00e1ser manual para cortar metales, una pistola de soldadura para unirlos y una pistola de limpieza dise\u00f1ada para eliminar \u00f3xido, pintura y revestimientos. Su versatilidad le permite realizar m\u00faltiples funciones, mientras que su dise\u00f1o de f\u00e1cil manejo la hace accesible tanto para principiantes como para profesionales....<\/p>\n<ul class=\"tips\">\n<li>350 Sets \/ Month Waiting for Sale En stock<\/li>\n<li>2 a\u00f1os de garant\u00eda limitada para toda la m\u00e1quina<\/li>\n<li>En l\u00ednea (PayPal) y fuera de l\u00ednea (T\/T, tarjetas de d\u00e9bito y cr\u00e9dito)<\/li>\n<li>Asistencia t\u00e9cnica gratuita de por vida para usuarios finales y distribuidores<\/li>\n<\/ul>","protected":false},"featured_media":1864,"template":"","meta":{"_gspb_post_css":""},"product_brand":[],"product_cat":[115,95],"product_tag":[109,108,107],"class_list":{"0":"post-1862","1":"product","2":"type-product","3":"status-publish","4":"has-post-thumbnail","6":"product_cat-handheld-laser-welder","7":"product_cat-laser-welding-machine","8":"product_tag-fiber-laser-welder","9":"product_tag-handheld-laser-welder","10":"product_tag-laser-welding-machine","12":"first","13":"instock","14":"shipping-taxable","15":"product-type-simple"},"_links":{"self":[{"href":"https:\/\/bogonglaser.com\/es\/wp-json\/wp\/v2\/product\/1862","targetHints":{"allow":["GET"]}}],"collection":[{"href":"https:\/\/bogonglaser.com\/es\/wp-json\/wp\/v2\/product"}],"about":[{"href":"https:\/\/bogonglaser.com\/es\/wp-json\/wp\/v2\/types\/product"}],"wp:featuredmedia":[{"embeddable":true,"href":"https:\/\/bogonglaser.com\/es\/wp-json\/wp\/v2\/media\/1864"}],"wp:attachment":[{"href":"https:\/\/bogonglaser.com\/es\/wp-json\/wp\/v2\/media?parent=1862"}],"wp:term":[{"taxonomy":"product_brand","embeddable":true,"href":"https:\/\/bogonglaser.com\/es\/wp-json\/wp\/v2\/product_brand?post=1862"},{"taxonomy":"product_cat","embeddable":true,"href":"https:\/\/bogonglaser.com\/es\/wp-json\/wp\/v2\/product_cat?post=1862"},{"taxonomy":"product_tag","embeddable":true,"href":"https:\/\/bogonglaser.com\/es\/wp-json\/wp\/v2\/product_tag?post=1862"}],"curies":[{"name":"wp","href":"https:\/\/api.w.org\/{rel}","templated":true}]}}