{"id":1828,"date":"2024-11-14T15:48:52","date_gmt":"2024-11-14T07:48:52","guid":{"rendered":"https:\/\/bogonglaser.com\/?post_type=product&#038;p=1828"},"modified":"2025-12-10T18:27:09","modified_gmt":"2025-12-10T10:27:09","slug":"best-handheld-laser-welder","status":"publish","type":"product","link":"https:\/\/bogonglaser.com\/es\/best-handheld-laser-welder\/","title":{"rendered":"Mejor soldador l\u00e1ser de mano M\u00e1quina de soldadura"},"content":{"rendered":"<div class=\"vc_row wpb_row vc_row-fluid\">\n<div class=\"wpb_column vc_column_container vc_col-sm-12\">\n<div class=\"vc_column-inner\">\n<div class=\"wpb_wrapper\">\n<div class=\"wpb_text_column wpb_content_element\">\n<div class=\"wpb_wrapper\">\n<p>BOGONG proporcionar mejores m\u00e1quinas de soldadura l\u00e1ser port\u00e1til de mano<\/p>\n<p>Dise\u00f1ados para facilitar su uso, estos soldadores l\u00e1ser port\u00e1tiles son maniobrables y se manejan con una pistola de soldadura manual, por lo que son ideales para uniones de juntas met\u00e1licas tanto en interiores como en exteriores.<\/p>\n<p>Estas m\u00e1quinas ofrecen la ventaja de soldar sin contacto componentes complejos. La soldadora manual de rayo l\u00e1ser puede separar eficazmente el espectro por tiempo y energ\u00eda, lo que permite realizar varias soldaduras simult\u00e1neas. En comparaci\u00f3n con los m\u00e9todos tradicionales de soldadura MIG, TIG y el\u00e9ctrica, esta tecnolog\u00eda ofrece una mayor precisi\u00f3n en el proceso de soldadura.<\/p>\n<\/div>\n<\/div>\n<\/div>\n<\/div>\n<\/div>\n<\/div>\n<div class=\"vc_row wpb_row vc_row-fluid\">\n<div class=\"wpb_column vc_column_container vc_col-sm-12\">\n<div class=\"vc_column-inner\">\n<div class=\"wpb_wrapper\">\n<div class=\"wpb_single_image wpb_content_element vc_align_left wpb_content_element\">\n<figure class=\"wpb_wrapper vc_figure\">\n<div class=\"vc_single_image-wrapper vc_box_border_grey\"><img decoding=\"async\" class=\"vc_single_image-img attachment-full\" title=\"soldador l\u00e1ser manual\" src=\"https:\/\/bogonglaser.com\/wp-content\/uploads\/2024\/11\/laser-welder-handheld-1.jpg\" sizes=\"auto, (max-width: 600px) 100vw, 600px\" srcset=\"https:\/\/bogonglaser.com\/wp-content\/uploads\/2024\/11\/laser-welder-handheld-1.jpg 600w, https:\/\/bogonglaser.com\/wp-content\/uploads\/2024\/11\/laser-welder-handheld-1-300x300.jpg 300w, https:\/\/bogonglaser.com\/wp-content\/uploads\/2024\/11\/laser-welder-handheld-1-150x150.jpg 150w, https:\/\/bogonglaser.com\/wp-content\/uploads\/2024\/11\/laser-welder-handheld-1-100x100.jpg 100w\" alt=\"soldador l\u00e1ser manual 1\" width=\"600\" height=\"600\" \/><\/div>\n<\/figure>\n<\/div>\n<\/div>\n<\/div>\n<\/div>\n<\/div>\n<div class=\"vc_row wpb_row vc_row-fluid\">\n<div class=\"wpb_column vc_column_container vc_col-sm-12\">\n<div class=\"vc_column-inner\">\n<div class=\"wpb_wrapper\">\n<div class=\"wpb_text_column wpb_content_element\">\n<div class=\"wpb_wrapper\">\n<h2>Ventaja de\u00a0<a href=\"https:\/\/bogonglaser.com\/es\/laser-welding-machine\/handheld-laser-welder\/\">Soldador l\u00e1ser manual<\/a>:<\/h2>\n<p>\u2714 Ofrece varias opciones de potencia l\u00e1ser ( 1500W, 2000W, 3000W) para diferentes profundidades de penetraci\u00f3n.<\/p>\n<p>\u2714 Port\u00e1til y f\u00e1cil de manejar, lo que la hace ideal para proyectos de soldadura tanto en interiores como en exteriores.<\/p>\n<p>\u2714 Velocidades de soldadura de 2 a 10 veces m\u00e1s r\u00e1pidas que las soldadoras MMA, TIG y MIG tradicionales.<\/p>\n<p>\u2714 Produce cordones de soldadura rectos y uniformes, lisos y limpios, con penetraci\u00f3n profunda y conicidad m\u00ednima, eliminando la necesidad de pulir y ahorrando tiempo y costes.<\/p>\n<p>\u2714 Crea uniones met\u00e1licas fuertes sin deformaci\u00f3n y reduce las cicatrices.<\/p>\n<p>\u2714 Menor consumo de materiales y energ\u00eda, lo que contribuye a una mayor vida \u00fatil.<\/p>\n<p>\u2714 F\u00e1cil de usar y segura, con un funcionamiento respetuoso con el medio ambiente.<\/p>\n<\/div>\n<\/div>\n<\/div>\n<\/div>\n<\/div>\n<\/div>\n<div class=\"vc_row wpb_row vc_row-fluid\">\n<div class=\"wpb_column vc_column_container vc_col-sm-12\">\n<div class=\"vc_column-inner\">\n<div class=\"wpb_wrapper\">\n<div class=\"wpb_single_image wpb_content_element vc_align_left wpb_content_element\">\n<figure class=\"wpb_wrapper vc_figure\">\n<div class=\"vc_single_image-wrapper vc_box_border_grey\"><img decoding=\"async\" class=\"vc_single_image-img attachment-full\" title=\"soldador l\u00e1ser de fibra\" src=\"https:\/\/bogonglaser.com\/wp-content\/uploads\/2024\/11\/fiber-laser-welder-1.jpg\" sizes=\"auto, (max-width: 600px) 100vw, 600px\" srcset=\"https:\/\/bogonglaser.com\/wp-content\/uploads\/2024\/11\/fiber-laser-welder-1.jpg 600w, https:\/\/bogonglaser.com\/wp-content\/uploads\/2024\/11\/fiber-laser-welder-1-300x300.jpg 300w, https:\/\/bogonglaser.com\/wp-content\/uploads\/2024\/11\/fiber-laser-welder-1-150x150.jpg 150w, https:\/\/bogonglaser.com\/wp-content\/uploads\/2024\/11\/fiber-laser-welder-1-100x100.jpg 100w\" alt=\"soldador l\u00e1ser de fibra 1\" width=\"600\" height=\"600\" \/><\/div>\n<\/figure>\n<\/div>\n<\/div>\n<\/div>\n<\/div>\n<\/div>\n<div class=\"vc_row wpb_row vc_row-fluid\">\n<div class=\"wpb_column vc_column_container vc_col-sm-12\">\n<div class=\"vc_column-inner\">\n<div class=\"wpb_wrapper\">\n<div class=\"wpb_text_column wpb_content_element\">\n<div class=\"wpb_wrapper\">\n<h2>Caracter\u00edsticas de la m\u00e1quina de soldadura l\u00e1ser de fibra port\u00e1til<\/h2>\n<p>\u21f2 Proporciona una alta densidad de energ\u00eda l\u00e1ser con un \u00e1rea de efecto t\u00e9rmico m\u00ednima, lo que reduce el riesgo de deformaci\u00f3n y elimina la necesidad de un extenso procesamiento posterior.<\/p>\n<p>\u21f2 Armario de control compacto todo en uno que incluye el generador l\u00e1ser, el grupo electr\u00f3geno, el enfriador de agua industrial y el controlador: potente pero f\u00e1cil de mover.<\/p>\n<p>\u21f2 Admite diversas t\u00e9cnicas de soldadura, incluidas la soldadura por puntos, por puntadas, por clavos, a tope, a solapa, por empalme, de bordes, por apilamiento, por engarce y en T.<\/p>\n<p>\u21f2 Las avanzadas funciones de detecci\u00f3n y protecci\u00f3n garantizan un funcionamiento estable a largo plazo, minimizando las posibles p\u00e9rdidas y los riesgos para la seguridad.<\/p>\n<p>\u21f2 El funcionamiento sin contacto no produce estr\u00e9s ni ruido y es respetuoso con el medio ambiente, por lo que se ajusta a las normas de procesamiento ecol\u00f3gico.<\/p>\n<p>\u21f2 Produce soldaduras de alta calidad con un acabado liso y limpio.<\/p>\n<p>\u21f2 Las capacidades de comunicaci\u00f3n permiten supervisar en tiempo real todos los datos del l\u00e1ser.<\/p>\n<p>\u21f2 Equipada con una fibra especializada para soldar peque\u00f1os puntos de soldadura.<\/p>\n<p>\u21f2 El rayo l\u00e1ser de fibra de alta calidad garantiza una alta eficiencia de conversi\u00f3n, lo que resulta en una r\u00e1pida velocidad de procesamiento, alta relaci\u00f3n de aspecto y soldaduras fuertes.<\/p>\n<p>\u21f2 Un avanzado sistema espectral reduce la p\u00e9rdida de energ\u00eda, garantizando una energ\u00eda l\u00e1ser uniforme en todas las fibras.<\/p>\n<p>\u21f2 Utilizan la transmisi\u00f3n por fibra \u00f3ptica para la soldadura a distancia y pueden integrarse f\u00e1cilmente con bancos de trabajo autom\u00e1ticos, manipuladores y l\u00edneas de montaje, lo que da como resultado puntos de luz m\u00e1s uniformes y uniones de soldadura est\u00e9ticamente agradables.<\/p>\n<p>\u21f2 Las m\u00faltiples se\u00f1ales de entrada y salida facilitan la producci\u00f3n automatizada y la integraci\u00f3n en la cadena de montaje.<\/p>\n<p>\u21f2 Las uniones soldadas ecol\u00f3gicas presentan una resistencia y una tenacidad comparables o superiores a las del metal base.<\/p>\n<p>\u21f2 Interfaz de pantalla t\u00e1ctil f\u00e1cil de usar para una configuraci\u00f3n y un funcionamiento sencillos, con un sistema operativo intuitivo y f\u00e1cil de aprender.<\/p>\n<p>\u21f2 Existe una gran variedad de boquillas en \u00e1ngulo y especificaciones para las boquillas de alimentaci\u00f3n de alambre para adaptarse a los diferentes requisitos de los proyectos de soldadura.<\/p>\n<\/div>\n<\/div>\n<\/div>\n<\/div>\n<\/div>\n<\/div>\n<div class=\"vc_row wpb_row vc_row-fluid\">\n<div class=\"wpb_column vc_column_container vc_col-sm-12\">\n<div class=\"vc_column-inner\">\n<div class=\"wpb_wrapper\">\n<div class=\"wpb_single_image wpb_content_element vc_align_left wpb_content_element\">\n<figure class=\"wpb_wrapper vc_figure\">\n<div class=\"vc_single_image-wrapper vc_box_border_grey\"><img decoding=\"async\" class=\"vc_single_image-img attachment-full\" title=\"m\u00e1quinas de soldadura l\u00e1ser\" src=\"https:\/\/bogonglaser.com\/wp-content\/uploads\/2024\/11\/laser-welder-machines.jpg\" sizes=\"auto, (max-width: 600px) 100vw, 600px\" srcset=\"https:\/\/bogonglaser.com\/wp-content\/uploads\/2024\/11\/laser-welder-machines.jpg 600w, https:\/\/bogonglaser.com\/wp-content\/uploads\/2024\/11\/laser-welder-machines-300x300.jpg 300w, https:\/\/bogonglaser.com\/wp-content\/uploads\/2024\/11\/laser-welder-machines-150x150.jpg 150w, https:\/\/bogonglaser.com\/wp-content\/uploads\/2024\/11\/laser-welder-machines-100x100.jpg 100w\" alt=\"m\u00e1quinas de soldadura l\u00e1ser\" width=\"600\" height=\"600\" \/><\/div>\n<\/figure>\n<\/div>\n<\/div>\n<\/div>\n<\/div>\n<\/div>\n<div class=\"vc_row wpb_row vc_row-fluid\">\n<div class=\"wpb_column vc_column_container vc_col-sm-12\">\n<div class=\"vc_column-inner\">\n<div class=\"wpb_wrapper\">\n<div class=\"wpb_text_column wpb_content_element\">\n<div class=\"wpb_wrapper\">\n<h3>\u00bfQu\u00e9 es un soldador l\u00e1ser manual?<\/h3>\n<p>Una pistola de soldadura l\u00e1ser manual es una soluci\u00f3n de soldadura port\u00e1til que combina un generador l\u00e1ser, un controlador, un sistema de refrigeraci\u00f3n y un alimentador de alambre autom\u00e1tico, todo en un solo dispositivo. Esta vers\u00e1til herramienta es capaz de realizar diversas t\u00e9cnicas de soldadura, como soldadura por puntos, por clavos, a tope, solapada, de bordes, engarzada y en T, lo que la hace perfecta para diferentes tipos de uniones met\u00e1licas. Su flexibilidad y dise\u00f1o de f\u00e1cil manejo permiten soldar a larga distancia y en exteriores, permitiendo a los operarios trabajar f\u00e1cilmente en piezas soldables desde cualquier \u00e1ngulo o posici\u00f3n, lo que resulta ideal para abordar uniones met\u00e1licas complejas.<\/p>\n<p>La pistola de soldadura est\u00e1 construida con un cuerpo de pistola, una c\u00e1mara de refrigeraci\u00f3n y una c\u00e1mara de gas protector. Su dise\u00f1o compacto y sencillo facilita su manejo y transporte. Puede conectarla f\u00e1cilmente a un medio de refrigeraci\u00f3n y a una fuente de gas protector, lo que ayuda a refrigerar la pistola l\u00e1ser y crea una atm\u00f3sfera de gas protector alrededor de la zona de trabajo, garantizando una calidad de soldadura uniforme.<\/p>\n<p>BOGONG ofrece varias marcas de cabezales l\u00e1ser para que usted elija; echa un vistazo al v\u00eddeo a continuaci\u00f3n para obtener m\u00e1s informaci\u00f3n.<\/p>\n<\/div>\n<\/div>\n<\/div>\n<\/div>\n<\/div>\n<\/div>\n<div class=\"vc_row wpb_row vc_row-fluid\">\n<div class=\"wpb_column vc_column_container vc_col-sm-12\">\n<div class=\"vc_column-inner\">\n<div class=\"wpb_wrapper\">\n<div class=\"wpb_video_widget wpb_content_element vc_clearfix vc_video-aspect-ratio-169 vc_video-el-width-100 vc_video-align-left\">\n<div class=\"wpb_wrapper\">\n<div class=\"wpb_video_wrapper\">\n<p><iframe title=\"Varias Marcas de Cabezales de Soldadura L\u00e1ser de Fibra \u00d3ptica de Mano Muestran | \u00bfQu\u00e9 Cabezal de Soldadura L\u00e1ser es Bueno?\" width=\"1290\" height=\"726\" src=\"https:\/\/www.youtube.com\/embed\/NSdcJZEIYs8?feature=oembed\" frameborder=\"0\" allow=\"accelerometer; autoplay; clipboard-write; encrypted-media; gyroscope; picture-in-picture; web-share\" referrerpolicy=\"strict-origin-when-cross-origin\" allowfullscreen><\/iframe><\/p>\n<\/div>\n<\/div>\n<\/div>\n<\/div>\n<\/div>\n<\/div>\n<\/div>\n<div class=\"vc_row wpb_row vc_row-fluid\">\n<div class=\"wpb_column vc_column_container vc_col-sm-12\">\n<div class=\"vc_column-inner\">\n<div class=\"wpb_wrapper\">\n<div class=\"wpb_text_column wpb_content_element\">\n<div class=\"wpb_wrapper\">\n<p><strong>Paquete de soldador l\u00e1ser<\/strong><\/p>\n<\/div>\n<\/div>\n<div class=\"wpb_single_image wpb_content_element vc_align_left wpb_content_element\">\n<figure class=\"wpb_wrapper vc_figure\">\n<div class=\"vc_single_image-wrapper vc_box_border_grey\"><img decoding=\"async\" class=\"vc_single_image-img attachment-full\" title=\"soldadora l\u00e1ser manual\" src=\"https:\/\/bogonglaser.com\/wp-content\/uploads\/2024\/11\/handheld-laser-welder-machine.jpg\" sizes=\"auto, (max-width: 600px) 100vw, 600px\" srcset=\"https:\/\/bogonglaser.com\/wp-content\/uploads\/2024\/11\/handheld-laser-welder-machine.jpg 600w, https:\/\/bogonglaser.com\/wp-content\/uploads\/2024\/11\/handheld-laser-welder-machine-300x154.jpg 300w\" alt=\"soldadora l\u00e1ser manual\" width=\"600\" height=\"308\" \/><\/div>\n<\/figure>\n<\/div>\n<\/div>\n<\/div>\n<\/div>\n<\/div>\n<div class=\"vc_row wpb_row vc_row-fluid\">\n<div class=\"wpb_column vc_column_container vc_col-sm-12\">\n<div class=\"vc_column-inner\">\n<div class=\"wpb_wrapper\">\n<div class=\"wpb_text_column wpb_content_element\">\n<div class=\"wpb_wrapper\">\n<p>**\u00bfPor qu\u00e9 elegir el l\u00e1ser BOGONG?<\/p>\n<p>BOGONG famous for it\u2019s quality of laser equipment and service for aftersale service, Our machines are versatile and user-friendly, designed with all skill levels in mind. Above all, we prioritize customer satisfaction. Whether you\u2019re a seasoned expert or a beginner,\u00a0<a href=\"https:\/\/bogonglaser.com\/es\/\">L\u00c1SER BOGONG<\/a>\u00a0est\u00e1 aqu\u00ed para apoyarle en cada paso del camino. Conf\u00ede en nosotros y en nuestro servicio, donde la excelencia y la innovaci\u00f3n se unen para su \u00e9xito.<\/p>\n<\/div>\n<\/div>\n<\/div>\n<\/div>\n<\/div>\n<\/div>","protected":false},"excerpt":{"rendered":"<p>Descubra la soldadora l\u00e1ser port\u00e1til 2024 en venta<\/p>\n<p>Presentamos la mejor soldadora l\u00e1ser port\u00e1til de 2024, con pistolas soldadoras l\u00e1ser de fibra y una potente fuente l\u00e1ser disponible en opciones de 1500W, 2000W y 3000W. Esta m\u00e1quina viene equipada con un alimentador de alambre autom\u00e1tico, por lo que es perfecta para soldar una gran variedad de uniones met\u00e1licas, incluidas uniones de bordes, a tope, en T, en esquina y solapadas.<\/p>\n<p>Este vers\u00e1til soldador l\u00e1ser manual est\u00e1 dise\u00f1ado para trabajar sin problemas con una amplia gama de materiales, como acero al carbono, acero inoxidable, aluminio, lat\u00f3n, cobre, hierro, plata y oro, en formas como chapas, tubos y perfiles. Est\u00e1 preparada para convertirse en la soluci\u00f3n a seguir, sustituyendo a los m\u00e9todos de soldadura tradicionales como arco de arg\u00f3n, MIG, TIG y soldadores el\u00e9ctricos para unir componentes met\u00e1licos....<\/p>\n<ul class=\"tips\">\n<li>350 Sets \/ Month Waiting for Sale En stock<\/li>\n<li>2 a\u00f1os de garant\u00eda limitada para toda la m\u00e1quina<\/li>\n<li>En l\u00ednea (PayPal) y fuera de l\u00ednea (T\/T, tarjetas de d\u00e9bito y cr\u00e9dito)<\/li>\n<li>Asistencia t\u00e9cnica gratuita de por vida para usuarios finales y distribuidores<\/li>\n<\/ul>","protected":false},"featured_media":1855,"template":"","meta":{"_gspb_post_css":""},"product_brand":[],"product_cat":[115,95],"product_tag":[109,108,107],"class_list":{"0":"post-1828","1":"product","2":"type-product","3":"status-publish","4":"has-post-thumbnail","6":"product_cat-handheld-laser-welder","7":"product_cat-laser-welding-machine","8":"product_tag-fiber-laser-welder","9":"product_tag-handheld-laser-welder","10":"product_tag-laser-welding-machine","12":"first","13":"instock","14":"shipping-taxable","15":"product-type-simple"},"_links":{"self":[{"href":"https:\/\/bogonglaser.com\/es\/wp-json\/wp\/v2\/product\/1828","targetHints":{"allow":["GET"]}}],"collection":[{"href":"https:\/\/bogonglaser.com\/es\/wp-json\/wp\/v2\/product"}],"about":[{"href":"https:\/\/bogonglaser.com\/es\/wp-json\/wp\/v2\/types\/product"}],"wp:featuredmedia":[{"embeddable":true,"href":"https:\/\/bogonglaser.com\/es\/wp-json\/wp\/v2\/media\/1855"}],"wp:attachment":[{"href":"https:\/\/bogonglaser.com\/es\/wp-json\/wp\/v2\/media?parent=1828"}],"wp:term":[{"taxonomy":"product_brand","embeddable":true,"href":"https:\/\/bogonglaser.com\/es\/wp-json\/wp\/v2\/product_brand?post=1828"},{"taxonomy":"product_cat","embeddable":true,"href":"https:\/\/bogonglaser.com\/es\/wp-json\/wp\/v2\/product_cat?post=1828"},{"taxonomy":"product_tag","embeddable":true,"href":"https:\/\/bogonglaser.com\/es\/wp-json\/wp\/v2\/product_tag?post=1828"}],"curies":[{"name":"wp","href":"https:\/\/api.w.org\/{rel}","templated":true}]}}