{"id":1820,"date":"2024-11-14T09:28:00","date_gmt":"2024-11-14T01:28:00","guid":{"rendered":"https:\/\/bogonglaser.com\/?post_type=product&#038;p=1820"},"modified":"2025-12-10T18:20:27","modified_gmt":"2025-12-10T10:20:27","slug":"2024-popular-portable-handheld-laser-welding-machine-for-sale","status":"publish","type":"product","link":"https:\/\/bogonglaser.com\/es\/2024-popular-portable-handheld-laser-welding-machine-for-sale\/","title":{"rendered":"2024 Popular port\u00e1til de mano de soldadura por l\u00e1ser de la m\u00e1quina para la venta"},"content":{"rendered":"<div class=\"vc_row wpb_row vc_row-fluid\">\n<div class=\"wpb_column vc_column_container vc_col-sm-12\">\n<div class=\"vc_column-inner\">\n<div class=\"wpb_wrapper\">\n<div class=\"wpb_text_column wpb_content_element\">\n<div class=\"wpb_wrapper\">\n<p>Portable\u00a0handheld laser welding machines\u00a0are advanced tools designed for precise welding across various industries. These machines use a high-energy laser beam, which is transmitted through an optical fiber. The beam is then converted into parallel light using a collimating lens and focused on the weldable metal parts, generating heat to bond them together.<\/p>\n<p>Estos soldadores l\u00e1ser port\u00e1tiles son f\u00e1ciles de manejar y funcionan con una pistola de soldadura l\u00e1ser manual, por lo que son adecuados para uniones de juntas met\u00e1licas tanto en interiores como en exteriores. Su dise\u00f1o de f\u00e1cil manejo es apto tanto para principiantes como para profesionales.<\/p>\n<p>Su flexibilidad permite soldar sin contacto componentes dif\u00edciles. La soldadora manual de rayo l\u00e1ser puede separar eficazmente el espectro por tiempo y energ\u00eda, permitiendo la creaci\u00f3n de m\u00faltiples soldaduras simult\u00e1neas. En comparaci\u00f3n con las soldadoras MIG, TIG y el\u00e9ctricas tradicionales, esta tecnolog\u00eda proporciona una precisi\u00f3n superior en la soldadura.<\/p>\n<\/div>\n<\/div>\n<\/div>\n<\/div>\n<\/div>\n<\/div>\n<div class=\"vc_row wpb_row vc_row-fluid\">\n<div class=\"wpb_column vc_column_container vc_col-sm-12\">\n<div class=\"vc_column-inner\">\n<div class=\"wpb_wrapper\">\n<div class=\"wpb_single_image wpb_content_element vc_align_left wpb_content_element\">\n<figure class=\"wpb_wrapper vc_figure\">\n<div class=\"vc_single_image-wrapper   vc_box_border_grey\"><img decoding=\"async\" class=\"vc_single_image-img attachment-full\" title=\"SOLDADOR L\u00c1SER\" src=\"https:\/\/bogonglaser.com\/wp-content\/uploads\/2024\/11\/LASER-WELDER.jpg\" sizes=\"auto, (max-width: 700px) 100vw, 700px\" srcset=\"https:\/\/bogonglaser.com\/wp-content\/uploads\/2024\/11\/LASER-WELDER.jpg 700w, https:\/\/bogonglaser.com\/wp-content\/uploads\/2024\/11\/LASER-WELDER-300x169.jpg 300w, https:\/\/bogonglaser.com\/wp-content\/uploads\/2024\/11\/LASER-WELDER-600x338.jpg 600w\" alt=\"SOLDADOR L\u00c1SER\" width=\"700\" height=\"394\" \/><\/div>\n<\/figure>\n<\/div>\n<\/div>\n<\/div>\n<\/div>\n<\/div>\n<div class=\"vc_row wpb_row vc_row-fluid\">\n<div class=\"wpb_column vc_column_container vc_col-sm-12\">\n<div class=\"vc_column-inner\">\n<div class=\"wpb_wrapper\">\n<div class=\"wpb_text_column wpb_content_element\">\n<div class=\"wpb_wrapper\">\n<h2>Ventajas del soldador l\u00e1ser de mano:<\/h2>\n<p>\u2714 Ofrece varias opciones de potencia l\u00e1ser ( 1500W, 2000W, 3000W) para diferentes profundidades de penetraci\u00f3n.<\/p>\n<p>\u2714 Port\u00e1til y f\u00e1cil de manejar, lo que la hace ideal para proyectos de soldadura tanto en interiores como en exteriores.<\/p>\n<p>\u2714 Velocidades de soldadura de 2 a 10 veces m\u00e1s r\u00e1pidas que las soldadoras MMA, TIG y MIG tradicionales.<\/p>\n<p>\u2714 Produce cordones de soldadura rectos y uniformes, lisos y limpios, con penetraci\u00f3n profunda y conicidad m\u00ednima, eliminando la necesidad de pulir y ahorrando tiempo y costes.<\/p>\n<p>\u2714 Crea uniones met\u00e1licas fuertes sin deformaci\u00f3n y reduce las cicatrices.<\/p>\n<p>\u2714 Menor consumo de materiales y energ\u00eda, lo que contribuye a una mayor vida \u00fatil.<\/p>\n<p>\u2714 F\u00e1cil de usar y segura, con un funcionamiento respetuoso con el medio ambiente.<\/p>\n<\/div>\n<\/div>\n<\/div>\n<\/div>\n<\/div>\n<\/div>\n<div class=\"vc_row wpb_row vc_row-fluid\">\n<div class=\"wpb_column vc_column_container vc_col-sm-12\">\n<div class=\"vc_column-inner\">\n<div class=\"wpb_wrapper\">\n<div class=\"wpb_single_image wpb_content_element vc_align_left wpb_content_element\">\n<figure class=\"wpb_wrapper vc_figure\">\n<div class=\"vc_single_image-wrapper   vc_box_border_grey\"><img decoding=\"async\" class=\"vc_single_image-img attachment-full\" title=\"limpiador l\u00e1ser de mano\" src=\"https:\/\/bogonglaser.com\/wp-content\/uploads\/2024\/11\/handheld-laser-cleaner.jpg\" sizes=\"auto, (max-width: 700px) 100vw, 700px\" srcset=\"https:\/\/bogonglaser.com\/wp-content\/uploads\/2024\/11\/handheld-laser-cleaner.jpg 700w, https:\/\/bogonglaser.com\/wp-content\/uploads\/2024\/11\/handheld-laser-cleaner-300x169.jpg 300w, https:\/\/bogonglaser.com\/wp-content\/uploads\/2024\/11\/handheld-laser-cleaner-600x338.jpg 600w\" alt=\"limpiador l\u00e1ser de mano\" width=\"700\" height=\"394\" \/><\/div>\n<\/figure>\n<\/div>\n<\/div>\n<\/div>\n<\/div>\n<\/div>\n<div class=\"vc_row wpb_row vc_row-fluid\">\n<div class=\"wpb_column vc_column_container vc_col-sm-12\">\n<div class=\"vc_column-inner\">\n<div class=\"wpb_wrapper\">\n<div class=\"wpb_text_column wpb_content_element\">\n<div class=\"wpb_wrapper\">\n<h2>Caracter\u00edsticas de la m\u00e1quina de soldadura l\u00e1ser de fibra port\u00e1til<\/h2>\n<p>\u21f2 Proporciona una alta densidad de energ\u00eda l\u00e1ser con un \u00e1rea de efecto t\u00e9rmico m\u00ednima, lo que reduce el riesgo de deformaci\u00f3n y elimina la necesidad de un extenso procesamiento posterior.<\/p>\n<p>\u21f2 Armario de control compacto todo en uno que incluye el generador l\u00e1ser, el grupo electr\u00f3geno, el enfriador de agua industrial y el controlador: potente pero f\u00e1cil de mover.<\/p>\n<p>\u21f2 Admite diversas t\u00e9cnicas de soldadura, incluidas la soldadura por puntos, por puntadas, por clavos, a tope, a solapa, por empalme, de bordes, por apilamiento, por engarce y en T.<\/p>\n<p>\u21f2 Las avanzadas funciones de detecci\u00f3n y protecci\u00f3n garantizan un funcionamiento estable a largo plazo, minimizando las posibles p\u00e9rdidas y los riesgos para la seguridad.<\/p>\n<p>\u21f2 El funcionamiento sin contacto no produce estr\u00e9s ni ruido y es respetuoso con el medio ambiente, por lo que se ajusta a las normas de procesamiento ecol\u00f3gico.<\/p>\n<p>\u21f2 Produce soldaduras de alta calidad con un acabado liso y limpio.<\/p>\n<p>\u21f2 Las capacidades de comunicaci\u00f3n permiten supervisar en tiempo real todos los datos del l\u00e1ser.<\/p>\n<p>\u21f2 Equipada con una fibra especializada para soldar peque\u00f1os puntos de soldadura.<\/p>\n<p>\u21f2 El rayo l\u00e1ser de fibra de alta calidad garantiza una alta eficiencia de conversi\u00f3n, lo que resulta en una r\u00e1pida velocidad de procesamiento, alta relaci\u00f3n de aspecto y soldaduras fuertes.<\/p>\n<p>\u21f2 Un avanzado sistema espectral reduce la p\u00e9rdida de energ\u00eda, garantizando una energ\u00eda l\u00e1ser uniforme en todas las fibras.<\/p>\n<p>\u21f2 Utilizan la transmisi\u00f3n por fibra \u00f3ptica para la soldadura a distancia y pueden integrarse f\u00e1cilmente con bancos de trabajo autom\u00e1ticos, manipuladores y l\u00edneas de montaje, lo que da como resultado puntos de luz m\u00e1s uniformes y uniones de soldadura est\u00e9ticamente agradables.<\/p>\n<p>\u21f2 Las m\u00faltiples se\u00f1ales de entrada y salida facilitan la producci\u00f3n automatizada y la integraci\u00f3n en la cadena de montaje.<\/p>\n<p>\u21f2 Las uniones soldadas ecol\u00f3gicas presentan una resistencia y una tenacidad comparables o superiores a las del metal base.<\/p>\n<p>\u21f2 Interfaz de pantalla t\u00e1ctil f\u00e1cil de usar para una configuraci\u00f3n y un funcionamiento sencillos, con un sistema operativo intuitivo y f\u00e1cil de aprender.<\/p>\n<p>\u21f2 Existe una gran variedad de boquillas en \u00e1ngulo y especificaciones para las boquillas de alimentaci\u00f3n de alambre para adaptarse a los diferentes requisitos de los proyectos de soldadura.<\/p>\n<\/div>\n<\/div>\n<\/div>\n<\/div>\n<\/div>\n<\/div>\n<div class=\"vc_row wpb_row vc_row-fluid\">\n<div class=\"wpb_column vc_column_container vc_col-sm-12\">\n<div class=\"vc_column-inner\">\n<div class=\"wpb_wrapper\">\n<div class=\"wpb_single_image wpb_content_element vc_align_left wpb_content_element\">\n<figure class=\"wpb_wrapper vc_figure\">\n<div class=\"vc_single_image-wrapper   vc_box_border_grey\"><img decoding=\"async\" class=\"vc_single_image-img attachment-full\" title=\"soldador l\u00e1ser manual\" src=\"https:\/\/bogonglaser.com\/wp-content\/uploads\/2024\/11\/laser-welder-handheld.jpg\" sizes=\"auto, (max-width: 700px) 100vw, 700px\" srcset=\"https:\/\/bogonglaser.com\/wp-content\/uploads\/2024\/11\/laser-welder-handheld.jpg 700w, https:\/\/bogonglaser.com\/wp-content\/uploads\/2024\/11\/laser-welder-handheld-300x169.jpg 300w, https:\/\/bogonglaser.com\/wp-content\/uploads\/2024\/11\/laser-welder-handheld-600x338.jpg 600w\" alt=\"soldador l\u00e1ser manual\" width=\"700\" height=\"394\" \/><\/div>\n<\/figure>\n<\/div>\n<\/div>\n<\/div>\n<\/div>\n<\/div>\n<div class=\"vc_row wpb_row vc_row-fluid\">\n<div class=\"wpb_column vc_column_container vc_col-sm-12\">\n<div class=\"vc_column-inner\">\n<div class=\"wpb_wrapper\">\n<div class=\"wpb_text_column wpb_content_element\">\n<div class=\"wpb_wrapper\">\n<h3>\u00bfQu\u00e9 es un soldador l\u00e1ser manual?<\/h3>\n<p>Una pistola de soldadura l\u00e1ser manual es un soldador port\u00e1til que integra un generador l\u00e1ser, un controlador, un sistema de refrigeraci\u00f3n y un alimentador autom\u00e1tico de alambre. Esta vers\u00e1til herramienta permite varias t\u00e9cnicas de soldadura, como la soldadura por puntos, clavos, a tope, solapada, de bordes, engarzada y en T, lo que la hace adecuada para diversas uniones met\u00e1licas. Su flexibilidad y facilidad de uso permiten soldar a larga distancia y en exteriores, permitiendo a los operarios trabajar en piezas soldables en cualquier \u00e1ngulo o posici\u00f3n, lo que resulta ideal para manipular uniones met\u00e1licas complejas.<\/p>\n<p>La construcci\u00f3n de la pistola de soldadura l\u00e1ser manual incluye un cuerpo de pistola, una c\u00e1mara de refrigeraci\u00f3n y una c\u00e1mara de gas protector. Su dise\u00f1o compacto y sencillo facilita su manejo y transporte. Puede conectarse f\u00e1cilmente a un medio de refrigeraci\u00f3n y a una fuente de gas protector, enfriando eficazmente la pistola l\u00e1ser y creando una atm\u00f3sfera de gas protector alrededor de la zona de trabajo. Esta configuraci\u00f3n garantiza una calidad de soldadura fiable.<\/p>\n<p>BOGONG proporcionarle varias marcas de cabeza de l\u00e1ser opcional, se puede ver el v\u00eddeo a continuaci\u00f3n<\/p>\n<\/div>\n<\/div>\n<\/div>\n<\/div>\n<\/div>\n<\/div>\n<div class=\"vc_row wpb_row vc_row-fluid\">\n<div class=\"wpb_column vc_column_container vc_col-sm-12\">\n<div class=\"vc_column-inner\">\n<div class=\"wpb_wrapper\">\n<div class=\"wpb_video_widget wpb_content_element vc_clearfix   vc_video-aspect-ratio-169 vc_video-el-width-100 vc_video-align-left\">\n<div class=\"wpb_wrapper\">\n<div class=\"wpb_video_wrapper\">\n<p><iframe title=\"Varias Marcas de Cabezales de Soldadura L\u00e1ser de Fibra \u00d3ptica de Mano Muestran | \u00bfQu\u00e9 Cabezal de Soldadura L\u00e1ser es Bueno?\" width=\"1290\" height=\"726\" src=\"https:\/\/www.youtube.com\/embed\/NSdcJZEIYs8?feature=oembed\" frameborder=\"0\" allow=\"accelerometer; autoplay; clipboard-write; encrypted-media; gyroscope; picture-in-picture; web-share\" referrerpolicy=\"strict-origin-when-cross-origin\" allowfullscreen><\/iframe><\/p>\n<\/div>\n<\/div>\n<\/div>\n<\/div>\n<\/div>\n<\/div>\n<\/div>\n<div class=\"vc_row wpb_row vc_row-fluid\">\n<div class=\"wpb_column vc_column_container vc_col-sm-12\">\n<div class=\"vc_column-inner\">\n<div class=\"wpb_wrapper\">\n<div class=\"wpb_text_column wpb_content_element\">\n<div class=\"wpb_wrapper\">\n<h2>Aplicaciones del soldador l\u00e1ser port\u00e1til<\/h2>\n<p>Los soldadores l\u00e1ser port\u00e1tiles son herramientas muy vers\u00e1tiles capaces de soldar una amplia gama de metales y aleaciones, como acero inoxidable, acero al carbono, lat\u00f3n, cobre, aluminio, oro, cromo, plata, titanio, n\u00edquel, platino, rodio, tantalio, niobio, tungsteno, molibdeno y m\u00e1s. Pueden soldar distintas combinaciones de materiales, como lat\u00f3n con acero inoxidable, cobre con lat\u00f3n, titanio con molibdeno, titanio con oro y n\u00edquel con cobre.<\/p>\n<p>Handheld\u00a0laser welding machines\u00a0find applications across various industries, from home use to large-scale manufacturing:<\/p>\n<p>Aviaci\u00f3n<br \/>\nSe utiliza para carcasas de motores, separadores de alas, pieles y costillas de fuselajes, paneles de pared y fuelles.<\/p>\n<p>Instrumentos electr\u00f3nicos<br \/>\nSuelda cables de circuitos integrados, ca\u00f1ones de electrones de tubos de imagen, condensadores de tantalio, tubos de control de velocidad y resortes de instrumentos.<\/p>\n<p>Maquinaria<br \/>\nIdeal para muelles de precisi\u00f3n, piezas de impresoras matriciales, fuelles met\u00e1licos de paredes finas, termopares y servov\u00e1lvulas electrohidr\u00e1ulicas.<\/p>\n<p>Metalurgia del acero<br \/>\nEficaz en la soldadura de chapas de acero al silicio con espesores de 0,2 mm a 8 mm y anchuras de 0,5 mm a 1,8 mm, incluyendo acero con alto, medio y bajo contenido en carbono, as\u00ed como acero inoxidable, con velocidades de soldadura de 100 cm\/min a 1000 cm\/min.<\/p>\n<p>Automoci\u00f3n<br \/>\nSe utiliza para soldar piezas como techos, paneles de carrocer\u00eda, bastidores laterales, chasis, componentes de transmisi\u00f3n, conjuntos de engranajes y piezas del sistema de encendido.<\/p>\n<p>Tren de alta velocidad<br \/>\nEficaz para soldar las estructuras alveolares de las carrocer\u00edas de los vagones de tren.<\/p>\n<p>Construcci\u00f3n naval<br \/>\nSe utiliza para trabajar en cubiertas, mamparos de cabina, paredes y miembros s\u00e1ndwich de placa plana.<\/p>\n<p>M\u00e9dico<br \/>\nParticipa en la producci\u00f3n de marcapasos y bater\u00edas de litio-yodo utilizadas en estos dispositivos.<\/p>\n<p>Industria alimentaria<br \/>\nSuelda latas de alimentos, sustituyendo a los m\u00e9todos tradicionales de soldadura y soldadura por contacto de alta frecuencia. Este proceso no es t\u00f3xico, es r\u00e1pido, ahorra material y produce uniones est\u00e9ticamente agradables con un rendimiento excelente.<\/p>\n<p>Otras aplicaciones<br \/>\nIncluye soldadura para turbinas de gas, intercambiadores de calor, carcasas secas de zinc y cobre y componentes para reactores nucleares.<\/p>\n<\/div>\n<\/div>\n<\/div>\n<\/div>\n<\/div>\n<\/div>\n<div class=\"vc_row wpb_row vc_row-fluid\">\n<div class=\"wpb_column vc_column_container vc_col-sm-12\">\n<div class=\"vc_column-inner\">\n<div class=\"wpb_wrapper\">\n<div class=\"wpb_text_column wpb_content_element\">\n<div class=\"wpb_wrapper\">\n<p><strong>Muestras de soldadura l\u00e1ser<\/strong><\/p>\n<\/div>\n<\/div>\n<div class=\"wpb_single_image wpb_content_element vc_align_left wpb_content_element\">\n<figure class=\"wpb_wrapper vc_figure\">\n<div class=\"vc_single_image-wrapper   vc_box_border_grey\"><img decoding=\"async\" class=\"vc_single_image-img attachment-full\" title=\"1500~2000w\u21a9\u710a\u63a5\u673a\u710a\u63a5\u6837\u54c12 (1)\" src=\"https:\/\/bogonglaser.com\/wp-content\/uploads\/2024\/11\/%E9%BB%91%E7%99%BD15002000w%E7%84%8A%E6%8E%A5%E6%9C%BA%E7%84%8A%E6%8E%A5%E6%A0%B7%E5%93%812-1.png\" sizes=\"auto, (max-width: 800px) 100vw, 800px\" srcset=\"https:\/\/bogonglaser.com\/wp-content\/uploads\/2024\/11\/\u9ed1\u767d15002000w\u710a\u63a5\u673a\u710a\u63a5\u6837\u54c12-1.png 800w, https:\/\/bogonglaser.com\/wp-content\/uploads\/2024\/11\/\u9ed1\u767d15002000w\u710a\u63a5\u673a\u710a\u63a5\u6837\u54c12-1-300x225.png 300w, https:\/\/bogonglaser.com\/wp-content\/uploads\/2024\/11\/\u9ed1\u767d15002000w\u710a\u63a5\u673a\u710a\u63a5\u6837\u54c12-1-768x576.png 768w, https:\/\/bogonglaser.com\/wp-content\/uploads\/2024\/11\/\u9ed1\u767d15002000w\u710a\u63a5\u673a\u710a\u63a5\u6837\u54c12-1-600x450.png 600w\" alt=\"muestras de soldadura l\u00e1ser\" width=\"800\" height=\"600\" \/><\/div>\n<\/figure>\n<\/div>\n<\/div>\n<\/div>\n<\/div>\n<\/div>\n<div class=\"vc_row wpb_row vc_row-fluid\">\n<div class=\"wpb_column vc_column_container vc_col-sm-12\">\n<div class=\"vc_column-inner\">\n<div class=\"wpb_wrapper\">\n<div class=\"wpb_text_column wpb_content_element\">\n<div class=\"wpb_wrapper\">\n<p>Soldador l\u00e1ser vs. Soldador MMA vs. Soldador MIG vs. Soldador TIG<\/p>\n<p>Soldador MMA (soldador manual de arco met\u00e1lico):<br \/>\nTambi\u00e9n conocidas como MMAW o SMAW (Shielded Metal Arc Welder), las soldadoras MMA tienden a producir muchas salpicaduras de soldadura y tienen una baja eficiencia a la hora de utilizar metal de aportaci\u00f3n. Requieren la eliminaci\u00f3n peri\u00f3dica de la escoria y cambios frecuentes de varilla, lo que ralentiza el proceso de soldadura y disminuye la eficacia general de la producci\u00f3n. Adem\u00e1s, este tipo de soldadura depende en gran medida de la habilidad y experiencia del soldador.<\/p>\n<p>Soldador MIG (soldador de gas inerte met\u00e1lico):<br \/>\nLas soldadoras MIG consumen mucho hilo y generan mucho calor, por lo que es f\u00e1cil deformar o quemar las chapas finas. En el caso de las chapas de grosor medio, la soldadura suele requerir la creaci\u00f3n de ranuras, lo que da lugar a costuras rugosas que hay que pulir despu\u00e9s.<\/p>\n<p>Soldador TIG (soldador de gas inerte de tungsteno):<br \/>\nLos soldadores TIG producen una penetraci\u00f3n poco profunda y crean una amplia zona de fusi\u00f3n, por lo que son adecuados sobre todo para chapas finas, pero pueden provocar grandes deformaciones. Si la corriente es demasiado alta, el electrodo de tungsteno puede fundirse y evaporarse, y la alimentaci\u00f3n manual del hilo puede resultar dif\u00edcil e ineficaz.<\/p>\n<p>Soldador l\u00e1ser de mano:<br \/>\nPor el contrario, los soldadores l\u00e1ser manuales son ecol\u00f3gicos y producen soldaduras limpias y lisas con una penetraci\u00f3n profunda y altas velocidades, lo que provoca una deformaci\u00f3n m\u00ednima. Esto reduce significativamente la necesidad de esmerilado o pulido posterior, lo que da lugar a soldaduras rectas y uniformes sin necesidad de operarios altamente cualificados.<\/p>\n<p>Mientras que la soldadura MMA, TIG y MIG suele requerir soldadores experimentados y una formaci\u00f3n considerable, los soldadores l\u00e1ser manuales son f\u00e1ciles de usar y sencillos. Vienen preconfigurados con los par\u00e1metros m\u00e1s utilizados, y los usuarios pueden personalizar los ajustes y guardar las preferencias, lo que facilita a los principiantes empezar a trabajar tras unas pocas horas de pr\u00e1ctica.<\/p>\n<p>En t\u00e9rminos de velocidad, los soldadores MMA, TIG y MIG tradicionales suelen operar a un m\u00e1ximo de 1 cent\u00edmetro por segundo, mientras que los soldadores l\u00e1ser port\u00e1tiles pueden alcanzar velocidades de 2 a 10 cent\u00edmetros por segundo, ofreciendo una eficacia de 2 a 10 veces superior a la de los soldadores de arco manuales. Estos soldadores l\u00e1ser port\u00e1tiles pueden trabajar con varios tipos de metales, como acero al carbono, acero inoxidable, acero galvanizado, aleaciones de aluminio y lat\u00f3n, alcanzando profundidades de penetraci\u00f3n de la soldadura de hasta 8 mm para el acero y 6 mm para el aluminio o el lat\u00f3n.<\/p>\n<\/div>\n<\/div>\n<\/div>\n<\/div>\n<\/div>\n<\/div>\n<div class=\"vc_row wpb_row vc_row-fluid\">\n<div class=\"wpb_column vc_column_container vc_col-sm-12\">\n<div class=\"vc_column-inner\">\n<div class=\"wpb_wrapper\">\n<div class=\"wpb_text_column wpb_content_element\">\n<div class=\"wpb_wrapper\">\n<p><strong>Paquete de soldador l\u00e1ser<\/strong><\/p>\n<\/div>\n<\/div>\n<div class=\"wpb_single_image wpb_content_element vc_align_left wpb_content_element\">\n<figure class=\"wpb_wrapper vc_figure\">\n<div class=\"vc_single_image-wrapper   vc_box_border_grey\"><img decoding=\"async\" class=\"vc_single_image-img attachment-full\" title=\"m\u00e1quina de soldadura l\u00e1ser (1)\" src=\"https:\/\/bogonglaser.com\/wp-content\/uploads\/2024\/11\/laser-welder-machine-1.jpg\" sizes=\"auto, (max-width: 719px) 100vw, 719px\" srcset=\"https:\/\/bogonglaser.com\/wp-content\/uploads\/2024\/11\/laser-welder-machine-1.jpg 719w, https:\/\/bogonglaser.com\/wp-content\/uploads\/2024\/11\/laser-welder-machine-1-300x117.jpg 300w, https:\/\/bogonglaser.com\/wp-content\/uploads\/2024\/11\/laser-welder-machine-1-600x234.jpg 600w\" alt=\"soldadora l\u00e1ser 1\" width=\"719\" height=\"280\" \/><\/div>\n<\/figure>\n<\/div>\n<\/div>\n<\/div>\n<\/div>\n<\/div>\n<div class=\"vc_row wpb_row vc_row-fluid\">\n<div class=\"wpb_column vc_column_container vc_col-sm-12\">\n<div class=\"vc_column-inner\">\n<div class=\"wpb_wrapper\">\n<div class=\"wpb_text_column wpb_content_element\">\n<div class=\"wpb_wrapper\">\n<p>**\u00bfPor qu\u00e9 elegir el l\u00e1ser BOGONG?<\/p>\n<p>BOGONG famous for it\u2019s quality of laser equipment and service for aftersale service, Our machines are versatile and user-friendly, designed with all skill levels in mind. Above all, we prioritize customer satisfaction. Whether you\u2019re a seasoned expert or a beginner,\u00a0BOGONG LASER\u00a0is here to support you every step of the way. Trust us and our service, where excellence and innovation come together for your success.<\/p>\n<\/div>\n<\/div>\n<\/div>\n<\/div>\n<\/div>\n<\/div>","protected":false},"excerpt":{"rendered":"<h2>2024 Popular port\u00e1til de mano de soldadura por l\u00e1ser de la m\u00e1quina para la venta<\/h2>\n<p>La mejor m\u00e1quina de soldadura l\u00e1ser port\u00e1til 2024 con pistolas de soldadura l\u00e1ser de fibra, potente fuente de l\u00e1ser con opciones de 1500W, 2000W y 3000W, junto con un alimentador autom\u00e1tico de alambre para soldar varias uniones de metal, incluyendo bordes, a tope, en T, esquinas y solapas. Este vers\u00e1til soldador l\u00e1ser manual es apto para soldar una amplia gama de materiales, como acero al carbono, acero inoxidable, aluminio, lat\u00f3n, cobre, hierro, plata, oro, etc., en forma de chapas, tubos y perfiles. Est\u00e1 pensada para sustituir a los m\u00e9todos de soldadura tradicionales como arco de arg\u00f3n, MIG, TIG y soldadores el\u00e9ctricos para unir componentes met\u00e1licos.<\/p>\n<ul class=\"tips\">\n<li>350 Sets \/ Month Waiting for Sale En stock<\/li>\n<li>2 a\u00f1os de garant\u00eda limitada para toda la m\u00e1quina<\/li>\n<li>En l\u00ednea (PayPal) y fuera de l\u00ednea (T\/T, tarjetas de d\u00e9bito y cr\u00e9dito)<\/li>\n<li>Asistencia t\u00e9cnica gratuita de por vida para usuarios finales y distribuidores<\/li>\n<\/ul>","protected":false},"featured_media":1821,"template":"","meta":{"_gspb_post_css":""},"product_brand":[],"product_cat":[115,95],"product_tag":[109,108,107],"class_list":{"0":"post-1820","1":"product","2":"type-product","3":"status-publish","4":"has-post-thumbnail","6":"product_cat-handheld-laser-welder","7":"product_cat-laser-welding-machine","8":"product_tag-fiber-laser-welder","9":"product_tag-handheld-laser-welder","10":"product_tag-laser-welding-machine","12":"first","13":"instock","14":"shipping-taxable","15":"product-type-simple"},"_links":{"self":[{"href":"https:\/\/bogonglaser.com\/es\/wp-json\/wp\/v2\/product\/1820","targetHints":{"allow":["GET"]}}],"collection":[{"href":"https:\/\/bogonglaser.com\/es\/wp-json\/wp\/v2\/product"}],"about":[{"href":"https:\/\/bogonglaser.com\/es\/wp-json\/wp\/v2\/types\/product"}],"wp:featuredmedia":[{"embeddable":true,"href":"https:\/\/bogonglaser.com\/es\/wp-json\/wp\/v2\/media\/1821"}],"wp:attachment":[{"href":"https:\/\/bogonglaser.com\/es\/wp-json\/wp\/v2\/media?parent=1820"}],"wp:term":[{"taxonomy":"product_brand","embeddable":true,"href":"https:\/\/bogonglaser.com\/es\/wp-json\/wp\/v2\/product_brand?post=1820"},{"taxonomy":"product_cat","embeddable":true,"href":"https:\/\/bogonglaser.com\/es\/wp-json\/wp\/v2\/product_cat?post=1820"},{"taxonomy":"product_tag","embeddable":true,"href":"https:\/\/bogonglaser.com\/es\/wp-json\/wp\/v2\/product_tag?post=1820"}],"curies":[{"name":"wp","href":"https:\/\/api.w.org\/{rel}","templated":true}]}}