{"id":1788,"date":"2024-11-12T10:41:34","date_gmt":"2024-11-12T02:41:34","guid":{"rendered":"https:\/\/bogonglaser.com\/?post_type=product&#038;p=1788"},"modified":"2025-12-10T16:33:11","modified_gmt":"2025-12-10T08:33:11","slug":"fiber-laser-cutting-machine","status":"publish","type":"product","link":"https:\/\/bogonglaser.com\/es\/fiber-laser-cutting-machine\/","title":{"rendered":"M\u00e1quina de corte por l\u00e1ser de fibra"},"content":{"rendered":"<p>This popular fiber laser cutting machine with standard cutting size 1500*3000mm, Laser power options ranging from 1000W to 6000W, the BGC3015 delivers outstanding performance through its powerful laser sourced from top manufacturers like Raycus, IPG, or MAX. Its versatility allows for efficient cutting of materials including steel, titanium, aluminum, brass, copper, alloys, gold, silver, and iron, making it easy to tackle any project.<\/p>\n<p>A pesar de su bajo precio, no compromete las prestaciones ni la calidad. Equipada con un cabezal de corte l\u00e1ser y un servomotor de Taiw\u00e1n\/Jap\u00f3n, esta m\u00e1quina asegura cortes precisos y un rendimiento constante, garantizando que sus proyectos cumplan con los m\u00e1s altos est\u00e1ndares.<\/p>\n<p>La BGC3015 tambi\u00e9n cuenta con funciones avanzadas como un sistema autom\u00e1tico de limpieza de aceite, botones de f\u00e1cil uso para un funcionamiento sin problemas, proporcion\u00e1ndole la m\u00e1xima flexibilidad para todas sus necesidades de fabricaci\u00f3n.<\/p>\n<p>La BGC3015 es la soluci\u00f3n perfecta para los propietarios de peque\u00f1as empresas que buscan mejorar la producci\u00f3n o para los aficionados deseosos de explorar nuevas posibilidades en el trabajo del metal. Con la BGC3015 de BOGONG LASER, puede conseguir un trabajo preciso del metal sin arruinarse.<\/p>\n<div class=\"sub-header-divs\">\n<h3>Rendimiento<\/h3>\n<\/div>\n<ul>\n<li>Medio l\u00e1ser - L\u00e1ser de fibra \u00f3ptica de estado s\u00f3lido CW 1070 nm<\/li>\n<li>Potencia l\u00e1ser - Opciones de fuente de fibra de 1000 W a 6000 W<\/li>\n<li>Alimentaci\u00f3n - 220v\u00a0<strong>monof\u00e1sico\/ 380 V trif\u00e1sico<\/strong><\/li>\n<li>Precisi\u00f3n de posicionamiento - \u2264\u00b10,03 mm<\/li>\n<li>Precisi\u00f3n de repetibilidad - \u2264\u00b10,02mm<\/li>\n<\/ul>\n<div class=\"sub-header-divs\">\n<h3>Sistema<\/h3>\n<\/div>\n<ul>\n<li>Sistema de accionamiento - Servo de bucle cerrado<\/li>\n<li>Modo de refrigeraci\u00f3n - Agua refrigerada<\/li>\n<\/ul>\n<p><img decoding=\"async\" class=\"size-medium wp-image-7393\" src=\"https:\/\/bogonglaser.com\/wp-content\/uploads\/2024\/11\/laser-cutting-machine-fiber-1-300x225.jpg\" alt=\"m\u00e1quina de corte por l\u00e1ser de fibra\" width=\"300\" height=\"225\" title=\"\" srcset=\"https:\/\/bogonglaser.com\/wp-content\/uploads\/2024\/11\/laser-cutting-machine-fiber-1-300x225.jpg 300w, https:\/\/bogonglaser.com\/wp-content\/uploads\/2024\/11\/laser-cutting-machine-fiber-1-600x450.jpg 600w, https:\/\/bogonglaser.com\/wp-content\/uploads\/2024\/11\/laser-cutting-machine-fiber-1-768x576.jpg 768w, https:\/\/bogonglaser.com\/wp-content\/uploads\/2024\/11\/laser-cutting-machine-fiber-1-16x12.jpg 16w, https:\/\/bogonglaser.com\/wp-content\/uploads\/2024\/11\/laser-cutting-machine-fiber-1.jpg 800w\" sizes=\"(max-width: 300px) 100vw, 300px\" \/><\/p>\n<h4>\u00bfQu\u00e9 es la m\u00e1quina de corte por l\u00e1ser de fibra \u00f3ptica?<\/h4>\n<p>Una m\u00e1quina de corte por l\u00e1ser de fibra es una herramienta CNC avanzada dise\u00f1ada para el corte de metales de alta calidad, alta velocidad y alta precisi\u00f3n. Es el socio ideal para cualquiera que se dedique a la fabricaci\u00f3n de metal.<\/p>\n<p>Estas cortadoras l\u00e1ser de fibra de gama alta ofrecen varias opciones de potencia (1000W, 1500W, 2000W, 3000W, 6000W) para cortar eficazmente chapas y placas met\u00e1licas. Pueden trabajar con una amplia gama de materiales, como acero inoxidable, acero al carbono, acero el\u00e9ctrico, acero galvanizado, placas de aluminio-zinc, aluminio, aleaciones de aluminio, aleaciones de titanio, cobre, lat\u00f3n, hierro, etc., con diferentes grosores.<\/p>\n<p>Con sus dise\u00f1os f\u00e1ciles de usar y sus potentes capacidades de corte, estas m\u00e1quinas destacan realmente como herramientas profesionales de corte de metal. Puede descubrir m\u00e1s sobre estas opciones explorando nuestra selecci\u00f3n de m\u00e1quinas de corte de metal por l\u00e1ser.<\/p>\n<p><iframe title=\"M\u00e1quina de corte l\u00e1ser de fibra 1530 | 1000W -6000W Cortadora l\u00e1ser de tipo abierto para metal\" width=\"1290\" height=\"726\" src=\"https:\/\/www.youtube.com\/embed\/yXmwSwHldWo?feature=oembed\" frameborder=\"0\" allow=\"accelerometer; autoplay; clipboard-write; encrypted-media; gyroscope; picture-in-picture; web-share\" referrerpolicy=\"strict-origin-when-cross-origin\" allowfullscreen><\/iframe><\/p>\n<p><img decoding=\"async\" class=\"size-medium wp-image-7392\" src=\"https:\/\/bogonglaser.com\/wp-content\/uploads\/2024\/11\/laser-cutting-machine-fiber-4-300x225.jpg\" alt=\"m\u00e1quina de corte por l\u00e1ser de fibra\" width=\"300\" height=\"225\" title=\"\" srcset=\"https:\/\/bogonglaser.com\/wp-content\/uploads\/2024\/11\/laser-cutting-machine-fiber-4-300x225.jpg 300w, https:\/\/bogonglaser.com\/wp-content\/uploads\/2024\/11\/laser-cutting-machine-fiber-4-600x450.jpg 600w, https:\/\/bogonglaser.com\/wp-content\/uploads\/2024\/11\/laser-cutting-machine-fiber-4-768x576.jpg 768w, https:\/\/bogonglaser.com\/wp-content\/uploads\/2024\/11\/laser-cutting-machine-fiber-4-16x12.jpg 16w, https:\/\/bogonglaser.com\/wp-content\/uploads\/2024\/11\/laser-cutting-machine-fiber-4.jpg 800w\" sizes=\"(max-width: 300px) 100vw, 300px\" \/><\/p>\n<p><img decoding=\"async\" class=\"size-medium wp-image-7391\" src=\"https:\/\/bogonglaser.com\/wp-content\/uploads\/2024\/11\/laser-cutting-machine-fiber-3-300x225.jpg\" alt=\"m\u00e1quina de corte por l\u00e1ser de fibra\" width=\"300\" height=\"225\" title=\"\" srcset=\"https:\/\/bogonglaser.com\/wp-content\/uploads\/2024\/11\/laser-cutting-machine-fiber-3-300x225.jpg 300w, https:\/\/bogonglaser.com\/wp-content\/uploads\/2024\/11\/laser-cutting-machine-fiber-3-600x450.jpg 600w, https:\/\/bogonglaser.com\/wp-content\/uploads\/2024\/11\/laser-cutting-machine-fiber-3-768x576.jpg 768w, https:\/\/bogonglaser.com\/wp-content\/uploads\/2024\/11\/laser-cutting-machine-fiber-3-16x12.jpg 16w, https:\/\/bogonglaser.com\/wp-content\/uploads\/2024\/11\/laser-cutting-machine-fiber-3.jpg 800w\" sizes=\"(max-width: 300px) 100vw, 300px\" \/><\/p>\n<p>&nbsp;<\/p>\n<p><img decoding=\"async\" class=\"size-medium wp-image-7390\" src=\"https:\/\/bogonglaser.com\/wp-content\/uploads\/2024\/11\/laser-cutting-machine-fiber-2-300x225.jpg\" alt=\"m\u00e1quina de corte por l\u00e1ser de fibra\" width=\"300\" height=\"225\" title=\"\" srcset=\"https:\/\/bogonglaser.com\/wp-content\/uploads\/2024\/11\/laser-cutting-machine-fiber-2-300x225.jpg 300w, https:\/\/bogonglaser.com\/wp-content\/uploads\/2024\/11\/laser-cutting-machine-fiber-2-600x450.jpg 600w, https:\/\/bogonglaser.com\/wp-content\/uploads\/2024\/11\/laser-cutting-machine-fiber-2-768x576.jpg 768w, https:\/\/bogonglaser.com\/wp-content\/uploads\/2024\/11\/laser-cutting-machine-fiber-2-16x12.jpg 16w, https:\/\/bogonglaser.com\/wp-content\/uploads\/2024\/11\/laser-cutting-machine-fiber-2.jpg 800w\" sizes=\"(max-width: 300px) 100vw, 300px\" \/><\/p>\n<h4>M\u00e1quina de corte por l\u00e1ser de fibra \u00f3ptica Industrias aplicables<\/h4>\n<p>Mechanical and electrical equipment, sheet metal fabrication, cabinets, stainless steel products, lighting fixtures, automotive parts, glass, hardware tools, advertising signs, decorative items, and other industries<\/p>\n<p><iframe title=\"\u00bfC\u00d3MO FUNCIONA LA M\u00c1QUINA DE CORTE L\u00c1SER DE FIBRA CNC? La mejor cortadora l\u00e1ser de fibra \u00f3ptica de China\" width=\"1290\" height=\"726\" src=\"https:\/\/www.youtube.com\/embed\/gToqINLwTWw?feature=oembed\" frameborder=\"0\" allow=\"accelerometer; autoplay; clipboard-write; encrypted-media; gyroscope; picture-in-picture; web-share\" referrerpolicy=\"strict-origin-when-cross-origin\" allowfullscreen><\/iframe><\/p>\n<p>BOGONG famoso por su calidad de los equipos l\u00e1ser y el servicio de servicio post-venta, Nuestras m\u00e1quinas son vers\u00e1tiles y f\u00e1ciles de usar, dise\u00f1ado con todos los niveles de habilidad en mente. Por encima de todo, damos prioridad a la satisfacci\u00f3n del cliente. Ya sea un experto o un principiante, <a href=\"https:\/\/bogonglaser.com\/es\/\">L\u00c1SER BOGONG<\/a> est\u00e1 aqu\u00ed para apoyarle en cada paso del camino. Conf\u00ede en nosotros y en nuestro servicio, donde la excelencia y la innovaci\u00f3n se unen para su \u00e9xito.<\/p>\n<p><img decoding=\"async\" class=\"size-medium wp-image-7376\" src=\"https:\/\/bogonglaser.com\/wp-content\/uploads\/2024\/11\/fiber-laser-cutting-machine-sealed-1-1-300x225.jpg\" alt=\"m\u00e1quina de corte por l\u00e1ser de fibra sellada\" width=\"300\" height=\"225\" title=\"\" srcset=\"https:\/\/bogonglaser.com\/wp-content\/uploads\/2024\/11\/fiber-laser-cutting-machine-sealed-1-1-300x225.jpg 300w, https:\/\/bogonglaser.com\/wp-content\/uploads\/2024\/11\/fiber-laser-cutting-machine-sealed-1-1-600x450.jpg 600w, https:\/\/bogonglaser.com\/wp-content\/uploads\/2024\/11\/fiber-laser-cutting-machine-sealed-1-1-768x576.jpg 768w, https:\/\/bogonglaser.com\/wp-content\/uploads\/2024\/11\/fiber-laser-cutting-machine-sealed-1-1-16x12.jpg 16w, https:\/\/bogonglaser.com\/wp-content\/uploads\/2024\/11\/fiber-laser-cutting-machine-sealed-1-1.jpg 800w\" sizes=\"(max-width: 300px) 100vw, 300px\" \/><\/p>","protected":false},"excerpt":{"rendered":"<h3>Cortadora de metal por l\u00e1ser de fibra m\u00e1s popular en venta<\/h3>\n<p>La m\u00e1quina de corte por l\u00e1ser de fibra 2024 de primera categor\u00eda es capaz de cortar materiales como acero, titanio, aluminio, lat\u00f3n, cobre, aleaciones, oro, plata y hierro. Ofrece opciones de potencia de 1000W, 1500W, 2000W, 3000W y 6000W. Actualmente, esta rentable cortadora l\u00e1ser de fibra est\u00e1 disponible a un precio atractivo, acompa\u00f1ada de un servicio y soporte profesional para un sistema de corte de metal por l\u00e1ser superior.<\/p>\n<ul class=\"tips\">\n<li>200 Sets \/ Month Waiting for Sale En stock<\/li>\n<li>2 a\u00f1os de garant\u00eda limitada para toda la m\u00e1quina<\/li>\n<li>En l\u00ednea (PayPal) y fuera de l\u00ednea (T\/T, tarjetas de d\u00e9bito y cr\u00e9dito)<\/li>\n<li>Asistencia t\u00e9cnica gratuita de por vida para usuarios finales y distribuidores<\/li>\n<\/ul>","protected":false},"featured_media":5174,"template":"","meta":{"_gspb_post_css":""},"product_brand":[],"product_cat":[117,92,118],"product_tag":[105,106],"class_list":{"0":"post-1788","1":"product","2":"type-product","3":"status-publish","4":"has-post-thumbnail","6":"product_cat-fiber-laser-cutting-machine","7":"product_cat-laser-cutting-machine","8":"product_cat-laser-metal-cutting-machine","9":"product_tag-fiber-laser-cutting-machine","10":"product_tag-laser-cutting-machine","12":"first","13":"instock","14":"shipping-taxable","15":"product-type-simple"},"_links":{"self":[{"href":"https:\/\/bogonglaser.com\/es\/wp-json\/wp\/v2\/product\/1788","targetHints":{"allow":["GET"]}}],"collection":[{"href":"https:\/\/bogonglaser.com\/es\/wp-json\/wp\/v2\/product"}],"about":[{"href":"https:\/\/bogonglaser.com\/es\/wp-json\/wp\/v2\/types\/product"}],"wp:featuredmedia":[{"embeddable":true,"href":"https:\/\/bogonglaser.com\/es\/wp-json\/wp\/v2\/media\/5174"}],"wp:attachment":[{"href":"https:\/\/bogonglaser.com\/es\/wp-json\/wp\/v2\/media?parent=1788"}],"wp:term":[{"taxonomy":"product_brand","embeddable":true,"href":"https:\/\/bogonglaser.com\/es\/wp-json\/wp\/v2\/product_brand?post=1788"},{"taxonomy":"product_cat","embeddable":true,"href":"https:\/\/bogonglaser.com\/es\/wp-json\/wp\/v2\/product_cat?post=1788"},{"taxonomy":"product_tag","embeddable":true,"href":"https:\/\/bogonglaser.com\/es\/wp-json\/wp\/v2\/product_tag?post=1788"}],"curies":[{"name":"wp","href":"https:\/\/api.w.org\/{rel}","templated":true}]}}