{"id":1784,"date":"2024-11-11T16:28:51","date_gmt":"2024-11-11T08:28:51","guid":{"rendered":"https:\/\/bogonglaser.com\/?post_type=product&#038;p=1784"},"modified":"2025-12-10T17:17:38","modified_gmt":"2025-12-10T09:17:38","slug":"co2-laser-marking-machine","status":"publish","type":"product","link":"https:\/\/bogonglaser.com\/es\/co2-laser-marking-machine\/","title":{"rendered":"M\u00e1quina de marcado l\u00e1ser CO2"},"content":{"rendered":"<h2>\u00bfQu\u00e9 es un l\u00e1ser de CO2?<\/h2>\n<p>Los l\u00e1seres de CO2 utilizan gas CO2 como medio, contenido en un tubo equipado con electrodos para descarga el\u00e9ctrica. Cuando se produce una descarga el\u00e9ctrica, se crea plasma en el gas, y la luz resultante se amplifica al rebotar entre un espejo de reflexi\u00f3n total y un acoplador de salida. Esta luz amplificada se emite entonces en forma de l\u00e1ser.<\/p>\n<p>Los marcadores l\u00e1ser de CO2 tienen una longitud de onda 10 veces superior a la de los l\u00e1seres de fibra tradicionales. Son especialmente eficaces para marcar materiales como pl\u00e1sticos, papel, resinas, madera, caucho e incluso sustancias transparentes como vidrio y PET.<\/p>\n<figure id=\"attachment_7450\" aria-describedby=\"caption-attachment-7450\" style=\"width: 300px\" class=\"wp-caption alignnone\"><img decoding=\"async\" class=\"size-medium wp-image-7450\" src=\"https:\/\/bogonglaser.com\/wp-content\/uploads\/2024\/11\/CO2-Laser-marking-machine-1-300x225.jpg\" alt=\"M\u00e1quina de marcado l\u00e1ser CO2\" width=\"300\" height=\"225\" title=\"\" srcset=\"https:\/\/bogonglaser.com\/wp-content\/uploads\/2024\/11\/CO2-Laser-marking-machine-1-300x225.jpg 300w, https:\/\/bogonglaser.com\/wp-content\/uploads\/2024\/11\/CO2-Laser-marking-machine-1-600x450.jpg 600w, https:\/\/bogonglaser.com\/wp-content\/uploads\/2024\/11\/CO2-Laser-marking-machine-1-768x576.jpg 768w, https:\/\/bogonglaser.com\/wp-content\/uploads\/2024\/11\/CO2-Laser-marking-machine-1-16x12.jpg 16w, https:\/\/bogonglaser.com\/wp-content\/uploads\/2024\/11\/CO2-Laser-marking-machine-1.jpg 800w\" sizes=\"(max-width: 300px) 100vw, 300px\" \/><figcaption id=\"caption-attachment-7450\" class=\"wp-caption-text\">M\u00e1quina de marcado l\u00e1ser CO2<\/figcaption><\/figure>\n<p><iframe title=\"\u00bfQu\u00e9 puede hacer una m\u00e1quina de marcado l\u00e1ser de CO2?\" width=\"1290\" height=\"726\" src=\"https:\/\/www.youtube.com\/embed\/RFstd3JMNEw?feature=oembed\" frameborder=\"0\" allow=\"accelerometer; autoplay; clipboard-write; encrypted-media; gyroscope; picture-in-picture; web-share\" referrerpolicy=\"strict-origin-when-cross-origin\" allowfullscreen><\/iframe><\/p>\n<p>M\u00e1quina de marcado l\u00e1ser CO2: Aplicaciones de marcado<\/p>\n<p><a href=\"https:\/\/bogonglaser.com\/es\/laser-marking-machine\/co2-laser-marking-machine\/\">M\u00e1quinas de marcado l\u00e1ser de CO2<\/a> son capaces de marcar una amplia gama de materiales no met\u00e1licos. Esto incluye materiales como bamb\u00fa, madera, papel, ABS, PVC, resina epoxi, acr\u00edlico, cuero, vidrio, baldosas de cer\u00e1mica y caucho. Se aplican en diversos sectores, como envasado de productos farmac\u00e9uticos, envasado de alimentos, envasado de bebidas, pl\u00e1sticos, textiles, cuero, artesan\u00eda de madera, electr\u00f3nica, comunicaciones, relojes, gafas, impresi\u00f3n, etc.<\/p>\n<figure id=\"attachment_7451\" aria-describedby=\"caption-attachment-7451\" style=\"width: 300px\" class=\"wp-caption alignnone\"><img decoding=\"async\" class=\"size-medium wp-image-7451\" src=\"https:\/\/bogonglaser.com\/wp-content\/uploads\/2024\/11\/CO2-Laser-marking-machine-300x225.png\" alt=\"M\u00e1quina de marcado l\u00e1ser CO2\" width=\"300\" height=\"225\" title=\"\" srcset=\"https:\/\/bogonglaser.com\/wp-content\/uploads\/2024\/11\/CO2-Laser-marking-machine-300x225.png 300w, https:\/\/bogonglaser.com\/wp-content\/uploads\/2024\/11\/CO2-Laser-marking-machine-600x450.png 600w, https:\/\/bogonglaser.com\/wp-content\/uploads\/2024\/11\/CO2-Laser-marking-machine-768x576.png 768w, https:\/\/bogonglaser.com\/wp-content\/uploads\/2024\/11\/CO2-Laser-marking-machine-16x12.png 16w, https:\/\/bogonglaser.com\/wp-content\/uploads\/2024\/11\/CO2-Laser-marking-machine.png 800w\" sizes=\"(max-width: 300px) 100vw, 300px\" \/><figcaption id=\"caption-attachment-7451\" class=\"wp-caption-text\">M\u00e1quina de marcado l\u00e1ser CO2<\/figcaption><\/figure>\n<h2>\u00bfQu\u00e9 podemos hacer por usted?<\/h2>\n<ul>\n<li><span class=\"magic-19\"><b class=\"magic-19\"><span class=\"magic-18\">Muestras de ensayo gratuitas -<\/span><\/b><span class=\"magic-20\" data-spm-anchor-id=\"a2700.details.0.i41.41d82402R4aegi\">Podemos realizar pruebas de efecto de marcado gratuitas seg\u00fan el material de su producto<\/span><\/span><\/li>\n<li><span class=\"magic-19\"><b class=\"magic-19\"><span class=\"magic-18\">V\u00eddeo en directo.<\/span><\/b><span class=\"magic-20\">Puede ponerse en contacto con nuestros asesores de ventas para ver el proceso de producci\u00f3n y el funcionamiento de la m\u00e1quina en v\u00eddeo en l\u00ednea.<\/span><\/span><\/li>\n<li><span class=\"magic-19\"><b class=\"magic-19\"><span class=\"magic-18\">A medida \/OEM-<\/span><\/b><span class=\"magic-20\" data-spm-anchor-id=\"a2700.details.0.i40.41d82402R4aegi\">M\u00e1quinas personalizadas a petici\u00f3n\uff0cCont\u00e1ctenos<\/span><\/span><\/li>\n<\/ul>\n<p>&nbsp;<\/p>\n<h3>Qu\u00e9 piezas necesito elegir para la m\u00e1quina de marcado l\u00e1ser CO2<\/h3>\n<ul>\n<li>Dispositivo rotativo: hay varios dispositivos rotativos con diferentes estilos y di\u00e1metros de pinza, como 50D 65D 80D<\/li>\n<\/ul>\n<p>Condiciones de pago de la m\u00e1quina de marcado l\u00e1ser CO2<\/p>\n<p>1. 1. Dep\u00f3sito y saldo: Se requiere un dep\u00f3sito 30% T\/T por adelantado, con el saldo a pagar antes del env\u00edo.<\/p>\n<p>2. Alibaba Trade Assurance: Los pagos pueden procesarse a trav\u00e9s de Alibaba Trade Assurance.<\/p>\n<p>Preguntas frecuentes sobre la m\u00e1quina de marcado l\u00e1ser de CO2<\/p>\n<p>\u00bfCu\u00e1l es el envase del <a href=\"https:\/\/bogonglaser.com\/es\/laser-marking-machine\/co2-laser-marking-machine\/\">M\u00e1quina de marcado l\u00e1ser CO2<\/a>?<br \/>\nNuestras m\u00e1quinas se embalan en tres capas. La capa exterior es una caja de madera, la intermedia est\u00e1 acolchada con espuma para protegerla de las sacudidas y la interior incluye una gruesa bolsa de pl\u00e1stico impermeable.<\/p>\n<p>\u00bfSe da\u00f1ar\u00e1 el paquete durante el transporte?<br \/>\nDise\u00f1amos meticulosamente nuestros embalajes para abordar todos los posibles factores de da\u00f1o, y nuestros agentes de transporte tienen experiencia en transporte seguro. Hemos exportado con \u00e9xito a 180 pa\u00edses, por lo que puede estar seguro de que su paquete llegar\u00e1 en excelentes condiciones.<\/p>\n<p>A la mayor\u00eda de los clientes les gusta elegir el transporte por UPS\/DHL express, puede llegar a destino en unos 5-7 d\u00edas, p\u00f3ngase en contacto con <a href=\"https:\/\/bogonglaser.com\/es\/\">L\u00e1ser BOGONG<\/a> para obtener m\u00e1s detalles sobre la fibra l\u00e1ser grabador de metal para la plata de lat\u00f3n de oro de cobre.<\/p>","protected":false},"excerpt":{"rendered":"<h2>M\u00e1quina de marcado l\u00e1ser CO2<\/h2>\n<p>Los grabadores l\u00e1ser de CO\u2082 deben su nombre al uso del gas CO\u2082 como medio l\u00e1ser. El proceso consiste en generar plasma a partir del gas CO\u2082 dentro de un tubo. A continuaci\u00f3n, esta luz se amplifica entre un espejo reflectante y un acoplador de salida antes de liberarse en forma de rayo l\u00e1ser. El l\u00e1ser tiene una longitud de onda de 10600 nm, por lo que depende en gran medida del calor. Los l\u00e1seres de CO\u2082 son especialmente eficaces para eliminar material y marcar materiales org\u00e1nicos como cart\u00f3n, pl\u00e1stico, vidrio y madera.<\/p>\n<ul class=\"tips\">\n<li>350 Sets \/ Month Waiting for Sale En stock<\/li>\n<li>2 a\u00f1os de garant\u00eda limitada para toda la m\u00e1quina<\/li>\n<li>3-5 d\u00edas preparar m\u00e1quina l\u00e1ser, 3-7 d\u00edas transporte.<\/li>\n<li>En l\u00ednea (PayPal) y fuera de l\u00ednea (T\/T, tarjetas de d\u00e9bito y cr\u00e9dito)<\/li>\n<\/ul>","protected":false},"featured_media":1800,"template":"","meta":{"_gspb_post_css":""},"product_brand":[],"product_cat":[98,93,96],"product_tag":[102],"class_list":{"0":"post-1784","1":"product","2":"type-product","3":"status-publish","4":"has-post-thumbnail","6":"product_cat-co2-laser-marker","7":"product_cat-laser-engraving-machine","8":"product_cat-laser-marking-machine","9":"product_tag-laser-marking-machine","11":"first","12":"instock","13":"shipping-taxable","14":"product-type-simple"},"_links":{"self":[{"href":"https:\/\/bogonglaser.com\/es\/wp-json\/wp\/v2\/product\/1784","targetHints":{"allow":["GET"]}}],"collection":[{"href":"https:\/\/bogonglaser.com\/es\/wp-json\/wp\/v2\/product"}],"about":[{"href":"https:\/\/bogonglaser.com\/es\/wp-json\/wp\/v2\/types\/product"}],"wp:featuredmedia":[{"embeddable":true,"href":"https:\/\/bogonglaser.com\/es\/wp-json\/wp\/v2\/media\/1800"}],"wp:attachment":[{"href":"https:\/\/bogonglaser.com\/es\/wp-json\/wp\/v2\/media?parent=1784"}],"wp:term":[{"taxonomy":"product_brand","embeddable":true,"href":"https:\/\/bogonglaser.com\/es\/wp-json\/wp\/v2\/product_brand?post=1784"},{"taxonomy":"product_cat","embeddable":true,"href":"https:\/\/bogonglaser.com\/es\/wp-json\/wp\/v2\/product_cat?post=1784"},{"taxonomy":"product_tag","embeddable":true,"href":"https:\/\/bogonglaser.com\/es\/wp-json\/wp\/v2\/product_tag?post=1784"}],"curies":[{"name":"wp","href":"https:\/\/api.w.org\/{rel}","templated":true}]}}