{"id":1780,"date":"2024-11-11T14:52:48","date_gmt":"2024-11-11T06:52:48","guid":{"rendered":"https:\/\/bogonglaser.com\/?post_type=product&#038;p=1780"},"modified":"2025-12-10T17:40:40","modified_gmt":"2025-12-10T09:40:40","slug":"1000w-pulse-laser-cleaning-machine-%e5%a4%8d%e5%88%b6","status":"publish","type":"product","link":"https:\/\/bogonglaser.com\/es\/1000w-pulse-laser-cleaning-machine-%e5%a4%8d%e5%88%b6\/","title":{"rendered":"M\u00e1quina de limpieza por l\u00e1ser de impulsos de 1000 W"},"content":{"rendered":"<div class=\"Content-module__content___jmKA6 _content_dc5hu_45\">\n<div class=\"react-scroll-to-bottom--css-kubvu-79elbk _chat-scroller_g10pz_99\">\n<div class=\"react-scroll-to-bottom--css-kubvu-1n7m0yu _chat-scroller__scroll_g10pz_102\">\n<div class=\"_message-list_g10pz_92\">\n<div class=\"_container_g10pz_1\">\n<div class=\"_container__content_g10pz_14\">\n<div class=\"_container__message_g10pz_41 _container__message--assistant_g10pz_61\">\n<div class=\"_message_g10pz_27\">\n<div class=\"_message__content_g10pz_53\">\n<div class=\"MessageContent-module__message-content___Am59P MessageContent-module__message-content--markdown___oLH9Y\">\n<h2>Ventajas de la m\u00e1quina de limpieza l\u00e1ser de impulsos de 1000W<\/h2>\n<p>La tecnolog\u00eda de limpieza por l\u00e1ser de impulsos utiliza un potente l\u00e1ser de impulsos de 1000 W para limpiar superficies, es mediante la generaci\u00f3n r\u00e1pida de altas temperaturas y la expansi\u00f3n t\u00e9rmica, lo que ayuda a eliminar los contaminantes. Este m\u00e9todo es muy eficaz y suave, lo que garantiza que no da\u00f1a las superficies de los materiales que se limpian, por lo que es perfecto para una amplia gama de aplicaciones.<\/p>\n<\/div>\n<\/div>\n<\/div>\n<\/div>\n<\/div>\n<\/div>\n<\/div>\n<\/div>\n<\/div>\n<\/div>\n<figure id=\"attachment_7479\" aria-describedby=\"caption-attachment-7479\" style=\"width: 300px\" class=\"wp-caption alignnone\"><img decoding=\"async\" class=\"size-medium wp-image-7479\" src=\"https:\/\/bogonglaser.com\/wp-content\/uploads\/2024\/11\/500w-laser-cleaning-machine-1-300x233.jpg\" alt=\"m\u00e1quina de limpieza l\u00e1ser de 500w\" width=\"300\" height=\"233\" title=\"\" srcset=\"https:\/\/bogonglaser.com\/wp-content\/uploads\/2024\/11\/500w-laser-cleaning-machine-1-300x233.jpg 300w, https:\/\/bogonglaser.com\/wp-content\/uploads\/2024\/11\/500w-laser-cleaning-machine-1-15x12.jpg 15w, https:\/\/bogonglaser.com\/wp-content\/uploads\/2024\/11\/500w-laser-cleaning-machine-1.jpg 502w\" sizes=\"(max-width: 300px) 100vw, 300px\" \/><figcaption id=\"caption-attachment-7479\" class=\"wp-caption-text\">m\u00e1quina de limpieza l\u00e1ser de 500w<\/figcaption><\/figure>\n<div class=\"Content-module__content___jmKA6 _content_dc5hu_45\">\n<div class=\"react-scroll-to-bottom--css-kubvu-79elbk _chat-scroller_g10pz_99\">\n<div class=\"react-scroll-to-bottom--css-kubvu-1n7m0yu _chat-scroller__scroll_g10pz_102\">\n<div class=\"_message-list_g10pz_92\">\n<div class=\"_container_g10pz_1\">\n<div class=\"_container__content_g10pz_14\">\n<div class=\"_container__message_g10pz_41 _container__message--assistant_g10pz_61\">\n<div class=\"_message_g10pz_27\">\n<div class=\"_message__content_g10pz_53\">\n<div class=\"MessageContent-module__message-content___Am59P MessageContent-module__message-content--markdown___oLH9Y\">\n<p>Caracter\u00edsticas principales<\/p>\n<\/div>\n<\/div>\n<\/div>\n<\/div>\n<\/div>\n<\/div>\n<\/div>\n<\/div>\n<\/div>\n<\/div>\n<ul>\n<li>Tipo de l\u00e1ser: L\u00e1ser MOPA<br \/>\nPotencia del l\u00e1ser: 1000 W<br \/>\nRango de salida (si es ajustable): 0-100%<br \/>\nFormaci\u00f3n de impulsos: MOPA (Factor de calidad)<br \/>\nGenerador l\u00e1ser: JPT<br \/>\nLongitud de la fibra: 5 m<br \/>\nTipo de refrigeraci\u00f3n: Refrigeraci\u00f3n por agua, BOGONG tambi\u00e9n le proporcionan m\u00e1quina l\u00e1ser de refrigeraci\u00f3n por aire, se puede encontrar en el siguiente art\u00edculo<br \/>\nDespu\u00e9s de la venta: 2 a\u00f1os<\/li>\n<\/ul>\n<figure id=\"attachment_7483\" aria-describedby=\"caption-attachment-7483\" style=\"width: 300px\" class=\"wp-caption alignnone\"><img decoding=\"async\" class=\"size-medium wp-image-7483\" src=\"https:\/\/bogonglaser.com\/wp-content\/uploads\/2024\/11\/500w-pulse-laser-cleaning-machine-1-300x181.jpg\" alt=\"m\u00e1quina de limpieza l\u00e1ser de pulsos de 500w\" width=\"300\" height=\"181\" title=\"\" srcset=\"https:\/\/bogonglaser.com\/wp-content\/uploads\/2024\/11\/500w-pulse-laser-cleaning-machine-1-300x181.jpg 300w, https:\/\/bogonglaser.com\/wp-content\/uploads\/2024\/11\/500w-pulse-laser-cleaning-machine-1-600x362.jpg 600w, https:\/\/bogonglaser.com\/wp-content\/uploads\/2024\/11\/500w-pulse-laser-cleaning-machine-1-18x12.jpg 18w, https:\/\/bogonglaser.com\/wp-content\/uploads\/2024\/11\/500w-pulse-laser-cleaning-machine-1.jpg 732w\" sizes=\"(max-width: 300px) 100vw, 300px\" \/><figcaption id=\"caption-attachment-7483\" class=\"wp-caption-text\">m\u00e1quina de limpieza l\u00e1ser de pulsos de 500w<\/figcaption><\/figure>\n<div class=\"Content-module__content___jmKA6 _content_dc5hu_45\">\n<div class=\"react-scroll-to-bottom--css-kubvu-79elbk _chat-scroller_g10pz_99\">\n<div class=\"react-scroll-to-bottom--css-kubvu-1n7m0yu _chat-scroller__scroll_g10pz_102\">\n<div class=\"_message-list_g10pz_92\">\n<div class=\"_container_g10pz_1\">\n<div class=\"_container__content_g10pz_14\">\n<div class=\"_container__message_g10pz_41 _container__message--assistant_g10pz_61\">\n<div class=\"_message_g10pz_27\">\n<div class=\"_message__content_g10pz_53\">\n<div class=\"MessageContent-module__message-content___Am59P MessageContent-module__message-content--markdown___oLH9Y\">\n<div class=\"container section-title-container\">\n<p><iframe title=\"Potente limpiador l\u00e1ser de pulsos 1000W | Mejor m\u00e1quina de limpieza l\u00e1ser de 1kw\" width=\"1290\" height=\"726\" src=\"https:\/\/www.youtube.com\/embed\/KfdLMoQN_kg?feature=oembed\" frameborder=\"0\" allow=\"accelerometer; autoplay; clipboard-write; encrypted-media; gyroscope; picture-in-picture; web-share\" referrerpolicy=\"strict-origin-when-cross-origin\" allowfullscreen><\/iframe><\/p>\n<h2 class=\"section-title section-title-normal\"><span class=\"section-title-main\">9 Modos de limpieza de la inclinadora l\u00e1ser<\/span><\/h2>\n<\/div>\n<p>La interfaz de operaci\u00f3n de la m\u00e1quina de limpieza l\u00e1ser de pulso BOGONG ofrece 9 modos de limpieza:<\/p>\n<ol>\n<li>Modo L\u00ednea Recta<\/li>\n<li>Modo rectangular 1<\/li>\n<li>Modo rectangular 2<\/li>\n<li>Modo circular<\/li>\n<li>Modo sinusoidal<\/li>\n<li>Modo espiral<\/li>\n<li>Modo libre<\/li>\n<li>Modo Anillo<\/li>\n<li>Modo de rotaci\u00f3n<\/li>\n<\/ol>\n<div id=\"image_1635238231\" class=\"img has-hover x md-x lg-x y md-y lg-y\">\n<div class=\"Content-module__content___jmKA6 _content_dc5hu_45\">\n<div class=\"react-scroll-to-bottom--css-kubvu-79elbk _chat-scroller_g10pz_99\">\n<div class=\"react-scroll-to-bottom--css-kubvu-1n7m0yu _chat-scroller__scroll_g10pz_102\">\n<div class=\"_message-list_g10pz_92\">\n<div class=\"_container_g10pz_1\">\n<div class=\"_container__content_g10pz_14\">\n<div class=\"_container__message_g10pz_41 _container__message--assistant_g10pz_61\">\n<div class=\"_message_g10pz_27\">\n<div class=\"_message__content_g10pz_53\">\n<div class=\"MessageContent-module__message-content___Am59P MessageContent-module__message-content--markdown___oLH9Y\">\n<p>Puede cambiar estos modos mediante la opci\u00f3n \"Modo de escaneado\" de la interfaz.<\/p>\n<p>Algunos modos de limpieza son m\u00e1s suaves y funcionan bien en materiales que requieren un toque delicado, nuestra m\u00e1quina puede ayudarle a minimizar o eliminar por completo cualquier rastro tras la limpieza. Por otro lado, hay modos m\u00e1s potentes que son perfectos para hacer frente a la suciedad o los revestimientos m\u00e1s resistentes.<\/p>\n<p>Elegir el modo de limpieza adecuado es clave para garantizar que sus superficies tengan un aspecto excelente y mantengan su calidad. Esto es especialmente importante en industrias como la automoci\u00f3n, aeroespacial y electr\u00f3nica. BOGONG proporcionarle par\u00e1metro para quitar la pintura, \u00f3xido, aceite, etc. estos son grandes para el nuevo principiante.<\/p>\n<\/div>\n<\/div>\n<\/div>\n<\/div>\n<\/div>\n<\/div>\n<\/div>\n<\/div>\n<\/div>\n<\/div>\n<div class=\"_message-box_1luju_5\">\n<div class=\"_message-box__content_1luju_15\">\n<form action=\"\">\n<div class=\"MessageBox-module__messagebox___n4MAC\">\n<div class=\"MessageBox-module__messagebox__content___-xFbz\">\n<figure id=\"attachment_7482\" aria-describedby=\"caption-attachment-7482\" style=\"width: 300px\" class=\"wp-caption alignnone\"><img decoding=\"async\" class=\"size-medium wp-image-7482\" src=\"https:\/\/bogonglaser.com\/wp-content\/uploads\/2024\/11\/9-cleaning-modes-of-portable-laser-cleaner--300x120.jpg\" alt=\"9 modos de limpieza del limpiador l\u00e1ser port\u00e1til\" width=\"300\" height=\"120\" title=\"\" srcset=\"https:\/\/bogonglaser.com\/wp-content\/uploads\/2024\/11\/9-cleaning-modes-of-portable-laser-cleaner--300x120.jpg 300w, https:\/\/bogonglaser.com\/wp-content\/uploads\/2024\/11\/9-cleaning-modes-of-portable-laser-cleaner--600x241.jpg 600w, https:\/\/bogonglaser.com\/wp-content\/uploads\/2024\/11\/9-cleaning-modes-of-portable-laser-cleaner--1024x411.jpg 1024w, https:\/\/bogonglaser.com\/wp-content\/uploads\/2024\/11\/9-cleaning-modes-of-portable-laser-cleaner--768x308.jpg 768w, https:\/\/bogonglaser.com\/wp-content\/uploads\/2024\/11\/9-cleaning-modes-of-portable-laser-cleaner--18x7.jpg 18w, https:\/\/bogonglaser.com\/wp-content\/uploads\/2024\/11\/9-cleaning-modes-of-portable-laser-cleaner-.jpg 1536w\" sizes=\"(max-width: 300px) 100vw, 300px\" \/><figcaption id=\"caption-attachment-7482\" class=\"wp-caption-text\">9 modos de limpieza del limpiador l\u00e1ser port\u00e1til<\/figcaption><\/figure>\n<\/div>\n<\/div>\n<input type=\"hidden\" name=\"trp-form-language\" value=\"es\"\/><\/form>\n<\/div>\n<\/div>\n<\/div>\n<\/div>\n<\/div>\n<\/div>\n<\/div>\n<\/div>\n<\/div>\n<\/div>\n<\/div>\n<\/div>\n<\/div>\n<h2>Dispone de 16 idiomas compatibles para su selecci\u00f3n.<\/h2>\n<p>El pulso <a href=\"https:\/\/bogonglaser.com\/es\/laser-cleaning-machine\/\">m\u00e1quina de limpieza l\u00e1ser<\/a> actualmente admite varios idiomas: ingl\u00e9s, ruso, japon\u00e9s, espa\u00f1ol, alem\u00e1n, coreano, franc\u00e9s, polaco y otros 16.<\/p>\n<p>Puede cambiar f\u00e1cilmente entre estos idiomas en la interfaz de la m\u00e1quina. Si necesita idiomas adicionales, tambi\u00e9n ofrecemos servicios ling\u00fc\u00edsticos personalizados para satisfacer sus necesidades.<\/p>\n<figure id=\"attachment_7481\" aria-describedby=\"caption-attachment-7481\" style=\"width: 300px\" class=\"wp-caption alignnone\"><img decoding=\"async\" class=\"size-medium wp-image-7481\" src=\"https:\/\/bogonglaser.com\/wp-content\/uploads\/2024\/11\/16-Supported-Languages-for-Laser-Cleaner--300x175.webp\" alt=\"16 idiomas compatibles con el limpiador l\u00e1ser\" width=\"300\" height=\"175\" title=\"\" srcset=\"https:\/\/bogonglaser.com\/wp-content\/uploads\/2024\/11\/16-Supported-Languages-for-Laser-Cleaner--300x175.webp 300w, https:\/\/bogonglaser.com\/wp-content\/uploads\/2024\/11\/16-Supported-Languages-for-Laser-Cleaner--600x350.webp 600w, https:\/\/bogonglaser.com\/wp-content\/uploads\/2024\/11\/16-Supported-Languages-for-Laser-Cleaner--18x12.webp 18w, https:\/\/bogonglaser.com\/wp-content\/uploads\/2024\/11\/16-Supported-Languages-for-Laser-Cleaner-.webp 768w\" sizes=\"(max-width: 300px) 100vw, 300px\" \/><figcaption id=\"caption-attachment-7481\" class=\"wp-caption-text\">16 idiomas compatibles con el limpiador l\u00e1ser<\/figcaption><\/figure>\n<h2>Caracter\u00edsticas de la m\u00e1quina de limpieza l\u00e1ser de impulsos de 1000W<\/h2>\n<ul>\n<li><strong>Tecnolog\u00eda de l\u00e1ser pulsado de alta potencia de 1000 W:<\/strong> Proporciona potentes impulsos de energ\u00eda que eliminan r\u00e1pida y eficazmente el \u00f3xido, el aceite y los residuos.<\/li>\n<li><strong>Capacidad de limpieza fina:<\/strong> Proporciona resultados de limpieza precisos, por lo que es ideal para aplicaciones que requieren una atenci\u00f3n meticulosa.<\/li>\n<li><strong>Alta eficacia:<\/strong> Reduce dr\u00e1sticamente el tiempo de limpieza en comparaci\u00f3n con los m\u00e9todos tradicionales, aumentando la productividad y reduciendo los costes operativos.<\/li>\n<li><strong>Limpieza no destructiva:<\/strong> Emplea un enfoque sin contacto y no abrasivo que protege el material subyacente y elimina el riesgo de da\u00f1os.<\/li>\n<li><strong>Funcionamiento sencillo:<\/strong> Presenta una interfaz intuitiva y un dise\u00f1o ergon\u00f3mico que facilita su manejo y requiere una formaci\u00f3n m\u00ednima.<\/li>\n<\/ul>\n<p><strong>Ventajas:<\/strong><\/p>\n<ul>\n<li><strong>Rendimiento de limpieza superior:<\/strong> Consiga un alto nivel de limpieza, esencial para un rendimiento \u00f3ptimo en diversos entornos industriales.<\/li>\n<li><strong>Soluci\u00f3n rentable:<\/strong> Reduce la necesidad de consumibles como productos qu\u00edmicos y abrasivos, lo que supone un ahorro a largo plazo.<\/li>\n<li><strong>Respetuoso con el medio ambiente:<\/strong> Genera un m\u00ednimo de residuos y elimina los productos qu\u00edmicos nocivos, contribuyendo a un lugar de trabajo m\u00e1s seguro y ecol\u00f3gico.<\/li>\n<li><strong>Aplicaciones vers\u00e1tiles:<\/strong> Eficaz para limpiar una amplia gama de materiales, incluidos metales y compuestos, en diferentes sectores.<\/li>\n<\/ul>\n<p><strong>Aplicaciones:<\/strong><\/p>\n<ul>\n<li><strong>Eliminaci\u00f3n de \u00f3xido:<\/strong> Elimina eficazmente la corrosi\u00f3n de las superficies met\u00e1licas, devolvi\u00e9ndoles su estado original sin utilizar m\u00e9todos abrasivos.<\/li>\n<li><strong>Limpieza de aceites y grasas:<\/strong> Elimina aceites, lubricantes y otros contaminantes que pueden afectar al rendimiento o a la adherencia en los procesos de fabricaci\u00f3n.<\/li>\n<li><strong>Preparaci\u00f3n de la superficie:<\/strong> Prepara superficies para pintar, revestir o soldar asegur\u00e1ndose de que est\u00e9n limpias y libres de contaminantes.<\/li>\n<li><strong>Mantenimiento y restauraci\u00f3n:<\/strong> Perfecto para limpiar maquinaria, herramientas y equipos, prolongando su vida \u00fatil y manteniendo su m\u00e1xima funcionalidad.<\/li>\n<li>\n<p><figure id=\"attachment_7480\" aria-describedby=\"caption-attachment-7480\" style=\"width: 265px\" class=\"wp-caption alignnone\"><img decoding=\"async\" class=\"size-medium wp-image-7480\" src=\"https:\/\/bogonglaser.com\/wp-content\/uploads\/2024\/11\/500w-laser-cleaning-machine-2-265x300.jpg\" alt=\"m\u00e1quina de limpieza l\u00e1ser de 500w\" width=\"265\" height=\"300\" title=\"\" srcset=\"https:\/\/bogonglaser.com\/wp-content\/uploads\/2024\/11\/500w-laser-cleaning-machine-2-265x300.jpg 265w, https:\/\/bogonglaser.com\/wp-content\/uploads\/2024\/11\/500w-laser-cleaning-machine-2-600x680.jpg 600w, https:\/\/bogonglaser.com\/wp-content\/uploads\/2024\/11\/500w-laser-cleaning-machine-2-768x870.jpg 768w, https:\/\/bogonglaser.com\/wp-content\/uploads\/2024\/11\/500w-laser-cleaning-machine-2-11x12.jpg 11w, https:\/\/bogonglaser.com\/wp-content\/uploads\/2024\/11\/500w-laser-cleaning-machine-2.jpg 790w\" sizes=\"(max-width: 265px) 100vw, 265px\" \/><figcaption id=\"caption-attachment-7480\" class=\"wp-caption-text\">m\u00e1quina de limpieza l\u00e1ser de 500w<\/figcaption><\/figure><\/li>\n<li><\/li>\n<\/ul>\n<p>Condiciones de pago<\/p>\n<p>1. 1. Dep\u00f3sito y saldo: Se requiere un dep\u00f3sito 30% T\/T por adelantado, con el saldo a pagar antes del env\u00edo.<\/p>\n<p>2. Alibaba Trade Assurance: Los pagos pueden procesarse a trav\u00e9s de Alibaba Trade Assurance.<\/p>\n<p>Preguntas frecuentes sobre la m\u00e1quina de limpieza por l\u00e1ser de fibra de 1000w<\/p>\n<p>\u00bfCu\u00e1l es el envase del limpiador l\u00e1ser?<br \/>\nNuestras m\u00e1quinas se embalan en tres capas. La capa exterior es una caja de madera, la intermedia est\u00e1 acolchada con espuma para protegerla de las sacudidas y la interior incluye una gruesa bolsa de pl\u00e1stico impermeable.<\/p>\n<p>\u00bfSe da\u00f1ar\u00e1 el paquete durante el transporte?<br \/>\nDise\u00f1amos meticulosamente nuestros embalajes para abordar todos los posibles factores de da\u00f1o, y nuestros agentes de transporte tienen experiencia en transporte seguro. Hemos exportado con \u00e9xito a 180 pa\u00edses, por lo que puede estar seguro de que su paquete llegar\u00e1 en excelentes condiciones.<\/p>\n<p>A la mayor\u00eda de los clientes les gusta elegir el transporte por UPS\/DHL express, puede llegar a destino en unos 5-7 d\u00edas, p\u00f3ngase en contacto con <a href=\"https:\/\/bogonglaser.com\/es\/\">L\u00e1ser BOGONG<\/a> para obtener m\u00e1s detalles sobre el pulso 1000W<a href=\"https:\/\/bogonglaser.com\/es\/laser-cleaning-machine\/\"> m\u00e1quina de limpieza l\u00e1ser<\/a>.<\/p>\n<p><a class=\"elementor-accordion-title\" tabindex=\"0\">\u00bfCu\u00e1l es el precio de una m\u00e1quina de limpieza por l\u00e1ser de impulsos de 1000 W?<\/a><\/p>","protected":false},"excerpt":{"rendered":"<h2>M\u00e1quina de limpieza por l\u00e1ser de impulsos de 1000 W<\/h2>\n<p>La m\u00e1quina de limpieza l\u00e1ser por pulsos de 1000 W est\u00e1 dise\u00f1ada espec\u00edficamente para limpiar eficazmente diversos contaminantes de superficies met\u00e1licas, como \u00f3xido, pintura, revestimientos, manchas de aceite y pel\u00edculas de \u00f3xido. Tambi\u00e9n es adecuada para limpiar sustratos no met\u00e1licos como cer\u00e1mica, vidrio y materiales compuestos.<\/p>\n<p>Entre las aplicaciones m\u00e1s comunes se incluyen:<\/p>\n<p>- Eliminaci\u00f3n de pel\u00edculas de \u00f3xido natural de aleaciones de aluminio antes de la soldadura.<br \/>\n- Limpieza de \u00f3xido de ceniza negra tras soldar bandejas de bater\u00edas.<br \/>\n- Preparaci\u00f3n de soldaduras de bogies de tren para la detecci\u00f3n de defectos.<br \/>\n- Limpieza de piezas de chapa de autom\u00f3viles antes de su reacondicionamiento.<br \/>\n- Acceso a zonas de dif\u00edcil acceso que los cepillos de alambre tradicionales no pueden limpiar.<\/p>\n<p>Esta versatilidad convierte al producto en una herramienta esencial para mantener la integridad estructural y garantizar la calidad en diversas industrias.<\/p>\n<ul class=\"tips\">\n<li>100 Sets \/ Month Waiting for Sale En stock<\/li>\n<li>2 a\u00f1os de garant\u00eda limitada para toda la m\u00e1quina<\/li>\n<li>3-5 d\u00edas preparar m\u00e1quina l\u00e1ser, 3-7 d\u00edas transporte.<\/li>\n<li>En l\u00ednea (PayPal) y fuera de l\u00ednea (T\/T, tarjetas de d\u00e9bito y cr\u00e9dito)<\/li>\n<\/ul>","protected":false},"featured_media":1761,"template":"","meta":{"_gspb_post_css":""},"product_brand":[],"product_cat":[94],"product_tag":[101,100],"class_list":{"0":"post-1780","1":"product","2":"type-product","3":"status-publish","4":"has-post-thumbnail","6":"product_cat-laser-cleaning-machine","7":"product_tag-laser-cleaner","8":"product_tag-laser-cleaning-machine","10":"first","11":"instock","12":"shipping-taxable","13":"product-type-simple"},"_links":{"self":[{"href":"https:\/\/bogonglaser.com\/es\/wp-json\/wp\/v2\/product\/1780","targetHints":{"allow":["GET"]}}],"collection":[{"href":"https:\/\/bogonglaser.com\/es\/wp-json\/wp\/v2\/product"}],"about":[{"href":"https:\/\/bogonglaser.com\/es\/wp-json\/wp\/v2\/types\/product"}],"wp:featuredmedia":[{"embeddable":true,"href":"https:\/\/bogonglaser.com\/es\/wp-json\/wp\/v2\/media\/1761"}],"wp:attachment":[{"href":"https:\/\/bogonglaser.com\/es\/wp-json\/wp\/v2\/media?parent=1780"}],"wp:term":[{"taxonomy":"product_brand","embeddable":true,"href":"https:\/\/bogonglaser.com\/es\/wp-json\/wp\/v2\/product_brand?post=1780"},{"taxonomy":"product_cat","embeddable":true,"href":"https:\/\/bogonglaser.com\/es\/wp-json\/wp\/v2\/product_cat?post=1780"},{"taxonomy":"product_tag","embeddable":true,"href":"https:\/\/bogonglaser.com\/es\/wp-json\/wp\/v2\/product_tag?post=1780"}],"curies":[{"name":"wp","href":"https:\/\/api.w.org\/{rel}","templated":true}]}}