{"id":1746,"date":"2024-11-06T21:16:20","date_gmt":"2024-11-06T13:16:20","guid":{"rendered":"https:\/\/bogonglaser.com\/?post_type=product&#038;p=1746"},"modified":"2026-02-02T18:17:27","modified_gmt":"2026-02-02T10:17:27","slug":"best-200w-pulse-laser-cleaning-machine","status":"publish","type":"product","link":"https:\/\/bogonglaser.com\/es\/best-200w-pulse-laser-cleaning-machine\/","title":{"rendered":"Mejor m\u00e1quina de limpieza l\u00e1ser de pulsos de 200 W"},"content":{"rendered":"<h2>Qu\u00e9 es una m\u00e1quina de limpieza por l\u00e1ser de pulsos de 200 W<\/h2>\n<p>El pulso de 200 W<a href=\"https:\/\/bogonglaser.com\/es\/laser-cleaning-machine\/\"> m\u00e1quina de limpieza l\u00e1ser<\/a> es un dispositivo l\u00e1ser dise\u00f1ado espec\u00edficamente para tareas de limpieza industrial. Utiliza la avanzada tecnolog\u00eda de limpieza l\u00e1ser MOPA, que es un m\u00e9todo sin contacto que elimina eficazmente el \u00f3xido, pintura, recubrimientos y otros contaminantes de las superficies, protegiendo al mismo tiempo el material que se encuentra debajo.<\/p>\n<p>Con una potencia de 200 W, esta m\u00e1quina emite un rayo l\u00e1ser capaz de eliminar incluso las capas de suciedad m\u00e1s resistentes de forma r\u00e1pida y eficaz. El proceso de limpieza funciona dirigiendo la energ\u00eda l\u00e1ser hacia la superficie contaminada. La energ\u00eda l\u00e1ser absorbida por los contaminantes calienta r\u00e1pidamente la superficie, haciendo que los contaminantes se evaporen casi instant\u00e1neamente. Este proceso no da\u00f1a el material subyacente porque la duraci\u00f3n del efecto del l\u00e1ser es extremadamente corta (normalmente entre nanosegundos y microsegundos), dejando una superficie limpia.<\/p>\n<p>Una de las grandes caracter\u00edsticas de esta m\u00e1quina es su configuraci\u00f3n de potencia ajustable y sus diversos modos de escaneado, que permiten a los usuarios personalizar el proceso de limpieza en funci\u00f3n de la superficie espec\u00edfica y el tipo de contaminaci\u00f3n. Esto significa que puede conseguir resultados \u00f3ptimos sin arriesgarse a da\u00f1ar el material que hay debajo. Adem\u00e1s, tiene una interfaz intuitiva y ajustes programables, lo que la hace f\u00e1cil de usar y manejar. En general, es una soluci\u00f3n eficaz para cualquiera que necesite una limpieza industrial precisa.<\/p>\n<p>Caracter\u00edsticas principales<\/p>\n<ul>\n<li>Tipo de l\u00e1ser: L\u00e1ser de fibra<br \/>\nPotencia del l\u00e1ser: 200 W<br \/>\nRango de salida (si es ajustable): 0-100%<br \/>\nFormaci\u00f3n de impulsos: MOPA Q-Switched (Factor de calidad)<br \/>\nGenerador l\u00e1ser: JPT<br \/>\n\u00c1rea de limpieza: 100*100mm (Opcional 130x130mm, 150x150mm)<br \/>\nLongitud de la fibra: 5 m<br \/>\nTipo de refrigeraci\u00f3n: Aire<br \/>\nDespu\u00e9s de la venta: 2 a\u00f1os<\/li>\n<\/ul>\n<p><iframe title=\"M\u00e1quina de limpieza l\u00e1ser de impulsos de 200W | M\u00e1quina de limpieza l\u00e1ser de impulsos de 200W\" width=\"1290\" height=\"726\" src=\"https:\/\/www.youtube.com\/embed\/K8XqcUOiTa0?feature=oembed\" frameborder=\"0\" allow=\"accelerometer; autoplay; clipboard-write; encrypted-media; gyroscope; picture-in-picture; web-share\" referrerpolicy=\"strict-origin-when-cross-origin\" allowfullscreen><\/iframe><\/p>\n<h2>Caracter\u00edsticas del limpiador l\u00e1ser de pulsos de 200 W:<\/h2>\n<p>A diferencia de los limpiadores de l\u00e1ser de fibra continua (CW), este sistema de limpieza de l\u00e1ser pulsado utiliza un cabezal de limpieza inteligente de doble bamboleo y ofrece una gama vers\u00e1til de 8 modos de limpieza para satisfacer diversas necesidades. Gestiona eficazmente la potencia de entrada ajustando la anchura del pulso, la frecuencia, etc., manteniendo temperaturas \u00f3ptimas para la pieza de trabajo y minimizando la p\u00e9rdida de energ\u00eda, lo que mejora la eficiencia general.<\/p>\n<p><strong>Utilice un software f\u00e1cil de usar<\/strong> - Construido para la comodidad, este limpiador l\u00e1ser est\u00e1 equipado con un cable de fibra de 5 metros de largo, lo que permite un funcionamiento flexible sin limitaciones espaciales. hay 2 pantallas t\u00e1ctiles con la m\u00e1quina l\u00e1ser BOGONG 300W, una pantalla t\u00e1ctil en el cabezal l\u00e1ser, otra pantalla t\u00e1ctil en el gabinete de la m\u00e1quina, puede ajustar los par\u00e1metros libremente. Su interfaz IO extendida facilita la f\u00e1cil integraci\u00f3n con manipuladores para procesos de limpieza automatizados. Adem\u00e1s, se proporcionan manuales completos en ingl\u00e9s y videos de operaci\u00f3n, asegurando una experiencia de aprendizaje r\u00e1pida y sin problemas para los usuarios de este removedor de \u00f3xido l\u00e1ser.<\/p>\n<p><strong>Capacidad monomodo<\/strong> - La m\u00e1quina de limpieza por l\u00e1ser pulsado monomodo como 2mj es muy vers\u00e1til, adecuada para una amplia gama de aplicaciones, incluida la limpieza de superficies met\u00e1licas, piezas de autom\u00f3viles, piedra, madera, pl\u00e1stico y otros materiales que requieren una limpieza de alta potencia. Destaca a la hora de abordar trabajos exigentes con fuerte adherencia, sustancias dif\u00edciles de eliminar, \u00f3xido pesado, capas de \u00f3xido y pintura gruesa.<\/p>\n<p><strong>Precisi\u00f3n multimodo<\/strong> - La m\u00e1quina de limpieza l\u00e1ser pulsada multimodo 15mj es ideal para aplicaciones que requieren gran precisi\u00f3n, como la limpieza de piezas de precisi\u00f3n, el mantenimiento de equipos electr\u00f3nicos y el tratamiento de microcomponentes. Est\u00e1 espec\u00edficamente dise\u00f1ada para escenarios que implican una ligera adherencia, contaminantes f\u00e1cilmente eliminables, \u00f3xido leve y aplicaciones en las que evitar da\u00f1os es fundamental, elija el modo multi para la limpieza de moldes.<\/p>\n<p><iframe title=\"Diferencia Real Entre 2mj 5mj 15mj Pulso L\u00e1ser M\u00e1quina De Limpieza? Tophat VS Gauss \u00bfCu\u00e1l es el mejor?\" width=\"1290\" height=\"726\" src=\"https:\/\/www.youtube.com\/embed\/XWgilh9T0is?feature=oembed\" frameborder=\"0\" allow=\"accelerometer; autoplay; clipboard-write; encrypted-media; gyroscope; picture-in-picture; web-share\" referrerpolicy=\"strict-origin-when-cross-origin\" allowfullscreen><\/iframe><\/p>\n<h3>\u00bfPor qu\u00e9 elegir <a href=\"https:\/\/bogonglaser.com\/es\/\">Limpiador l\u00e1ser Bogong<\/a><\/h3>\n<ul>\n<li>Con una amplia experiencia en tecnolog\u00eda de limpieza l\u00e1ser, estamos especializados en ofrecer soluciones avanzadas personalizadas para satisfacer sus requisitos espec\u00edficos. Nuestro equipo de ingenieros y t\u00e9cnicos expertos posee profundos conocimientos del sector, lo que garantiza que usted reciba la soluci\u00f3n ideal. <a href=\"https:\/\/bogonglaser.com\/es\/laser-cleaning-machine\/\">m\u00e1quina de limpieza l\u00e1ser<\/a> a la medida de sus aplicaciones exclusivas.<\/li>\n<li>Ya ahorramos par\u00e1metro para eliminar el \u00f3xido, pintura, etc, puede iniciar la limpieza l\u00e1ser f\u00e1cilmente despu\u00e9s de conseguirlo.<\/li>\n<li>Bogong no s\u00f3lo proporciona dispositivos l\u00e1ser de alta calidad, sino tambi\u00e9n el mejor servicio postventa en los \u00faltimos a\u00f1os.<\/li>\n<\/ul>\n<p><iframe title=\"300W Pulso L\u00e1ser M\u00e1quina de Limpieza | Mejor Automative Piezas Restaurar Negocio Herramienta de Limpieza del Sistema\" width=\"1290\" height=\"726\" src=\"https:\/\/www.youtube.com\/embed\/iEI1zAgPy5g?feature=oembed\" frameborder=\"0\" allow=\"accelerometer; autoplay; clipboard-write; encrypted-media; gyroscope; picture-in-picture; web-share\" referrerpolicy=\"strict-origin-when-cross-origin\" allowfullscreen><\/iframe><\/p>\n<p><iframe title=\"M\u00c1QUINA DE LIMPIEZA L\u00c1SER DE MOLDES | M\u00e1quina de limpieza l\u00e1ser de moldes\" width=\"1290\" height=\"726\" src=\"https:\/\/www.youtube.com\/embed\/tspq0apVAt0?feature=oembed\" frameborder=\"0\" allow=\"accelerometer; autoplay; clipboard-write; encrypted-media; gyroscope; picture-in-picture; web-share\" referrerpolicy=\"strict-origin-when-cross-origin\" allowfullscreen><\/iframe><\/p>\n<h2>\u00bfC\u00f3mo funciona la m\u00e1quina de limpieza l\u00e1ser de 200 pulsos?<\/h2>\n<p>La m\u00e1quina de limpieza por l\u00e1ser pulsado de 200 W utiliza tecnolog\u00eda l\u00e1ser avanzada para eliminar eficazmente los contaminantes de las superficies. He aqu\u00ed una breve descripci\u00f3n de su funcionamiento:<\/p>\n<ol>\n<li><strong>Emisi\u00f3n l\u00e1ser<\/strong>: Genera un haz l\u00e1ser pulsado de 200 W que emite r\u00e1fagas cortas de energ\u00eda para una limpieza precisa.<\/li>\n<li><strong>Limpieza selectiva<\/strong>: Cuando se dirige a una superficie, la energ\u00eda l\u00e1ser es absorbida por contaminantes como el \u00f3xido o la pintura.<\/li>\n<li><strong>Vaporizaci\u00f3n<\/strong>: La energ\u00eda absorbida calienta r\u00e1pidamente los contaminantes, haciendo que se vaporicen sin da\u00f1ar el material subyacente.<\/li>\n<li><strong>Eliminaci\u00f3n selectiva<\/strong>: El proceso ataca selectivamente s\u00f3lo los contaminantes, preservando la integridad de la superficie.<\/li>\n<li><strong>Ajustes regulables<\/strong>: Dispone de ajustes de potencia y opciones de enfoque personalizables para distintas superficies y niveles de contaminaci\u00f3n.<\/li>\n<\/ol>\n<p>En general, la m\u00e1quina de limpieza por l\u00e1ser pulsado de 200 W ofrece una soluci\u00f3n eficaz, precisa y vers\u00e1til para aplicaciones de limpieza industrial.<\/p>\n<p><iframe title=\"Retroalimentaci\u00f3n de la m\u00e1quina de limpieza l\u00e1ser de pulsos de 200W\" width=\"1290\" height=\"726\" src=\"https:\/\/www.youtube.com\/embed\/EpK-C5kgbms?feature=oembed\" frameborder=\"0\" allow=\"accelerometer; autoplay; clipboard-write; encrypted-media; gyroscope; picture-in-picture; web-share\" referrerpolicy=\"strict-origin-when-cross-origin\" allowfullscreen><\/iframe><\/p>\n<h3>C\u00f3mo elegir la m\u00e1quina de limpieza por l\u00e1ser de impulsos adecuada<\/h3>\n<p>Elegir la m\u00e1quina de limpieza por l\u00e1ser de impulsos adecuada ser\u00e1 importante para su negocio, c\u00f3mo asegurarse de que la m\u00e1quina satisface sus necesidades espec\u00edficas. He aqu\u00ed una gu\u00eda que le ayudar\u00e1 a tomar una decisi\u00f3n informada:<\/p>\n<ol>\n<li><strong>Compatibilidad de materiales<\/strong>: Determine los tipos de materiales que piensa limpiar (por ejemplo, \u00f3xido, pintura, sobre metal, madera, acr\u00edlico, etc.). Aseg\u00farese de que la m\u00e1quina que elija pueda tratar eficazmente estos materiales.<\/li>\n<li><strong>Tipo l\u00e1ser<\/strong>: Diferentes tipos de l\u00e1ser 2mj, 5mj y 15mj, diferente l\u00e1ser diferente resultado.<\/li>\n<li><strong>Tama\u00f1o del \u00e1rea de trabajo<\/strong>: Eval\u00fae el tama\u00f1o de la zona de limpieza en funci\u00f3n de los proyectos que vaya a realizar. Aseg\u00farese de que la m\u00e1quina tiene un \u00e1rea de trabajo adecuada para sus art\u00edculos. elegir la lente correcta F-theta, por favor pregunte a nuestras ventas sobre esto.<\/li>\n<li><strong>Facilidad de uso<\/strong>: Busque m\u00e1quinas con un software f\u00e1cil de usar que permita un dise\u00f1o y un manejo sencillos.<\/li>\n<li><strong>Asistencia al cliente y garant\u00eda<\/strong>: Investiga las opciones de asistencia del fabricante y la garant\u00eda que ofrece. Un servicio de atenci\u00f3n al cliente fiable puede ser crucial para la resoluci\u00f3n de problemas y el mantenimiento.<\/li>\n<\/ol>\n<p>Puedes encontrar m\u00e1s opiniones de clientes en el canal de youtube de BOGONG.<\/p>\n<p>Condiciones de pago<\/p>\n<p>1. 1. Dep\u00f3sito y saldo: Se requiere un dep\u00f3sito 30% T\/T por adelantado, con el saldo a pagar antes del env\u00edo.<\/p>\n<p>2. Alibaba Trade Assurance: Los pagos pueden procesarse a trav\u00e9s de Alibaba Trade Assurance.<\/p>\n<p>Preguntas frecuentes sobre la cortadora grabadora de metal por l\u00e1ser de fibra 3D<\/p>\n<p>\u00bfCu\u00e1l es el embalaje de la m\u00e1quina de marcado l\u00e1ser de fibra 3d?<br \/>\nNuestras m\u00e1quinas se embalan en tres capas. La capa exterior es una caja de madera, la intermedia est\u00e1 acolchada con espuma para protegerla de las sacudidas y la interior incluye una gruesa bolsa de pl\u00e1stico impermeable.<\/p>\n<p>\u00bfSe da\u00f1ar\u00e1 el paquete durante el transporte?<br \/>\nDise\u00f1amos meticulosamente nuestros embalajes para abordar todos los posibles factores de da\u00f1o, y nuestros agentes de transporte tienen experiencia en transporte seguro. Hemos exportado con \u00e9xito a 180 pa\u00edses, por lo que puede estar seguro de que su paquete llegar\u00e1 en excelentes condiciones.<\/p>\n<p>La mayor\u00eda de los clientes como elegir el transporte por UPS \/ DHL expreso, que puede llegar a su destino alrededor de 5-7 d\u00edas, p\u00f3ngase en contacto con BOGONG para obtener m\u00e1s detalles sobre la fibra l\u00e1ser grabador de metal para el cobre de oro de lat\u00f3n de plata.<\/p>","protected":false},"excerpt":{"rendered":"<h2>M\u00e1quina de limpieza l\u00e1ser de impulsos de 200 W<\/h2>\n<p>BOGONG 200W M\u00e1quina de limpieza l\u00e1ser de pulso con la mejor fuente l\u00e1ser mopa, dise\u00f1ada para aplicaciones de limpieza de superficies de materiales eficientes. Es f\u00e1cil de configurar, operar y automatizar, por lo que es ideal para la eliminaci\u00f3n de contaminantes superficiales tales como \u00f3xido, grasa, pintura, imprimaci\u00f3n, y m\u00e1s con precisi\u00f3n.<\/p>\n<ul class=\"tips\">\n<li>200 Sets \/ Month Waiting for Sale En stock<\/li>\n<li>2 a\u00f1os de garant\u00eda limitada para toda la m\u00e1quina<\/li>\n<li>3-5 d\u00edas preparar m\u00e1quina l\u00e1ser, 3-7 d\u00edas transporte.<\/li>\n<li>En l\u00ednea (PayPal) y fuera de l\u00ednea (T\/T, tarjetas de d\u00e9bito y cr\u00e9dito)<\/li>\n<\/ul>","protected":false},"featured_media":1741,"template":"","meta":{"_gspb_post_css":""},"product_brand":[],"product_cat":[94],"product_tag":[101,100],"class_list":{"0":"post-1746","1":"product","2":"type-product","3":"status-publish","4":"has-post-thumbnail","6":"product_cat-laser-cleaning-machine","7":"product_tag-laser-cleaner","8":"product_tag-laser-cleaning-machine","10":"first","11":"instock","12":"shipping-taxable","13":"product-type-simple"},"_links":{"self":[{"href":"https:\/\/bogonglaser.com\/es\/wp-json\/wp\/v2\/product\/1746","targetHints":{"allow":["GET"]}}],"collection":[{"href":"https:\/\/bogonglaser.com\/es\/wp-json\/wp\/v2\/product"}],"about":[{"href":"https:\/\/bogonglaser.com\/es\/wp-json\/wp\/v2\/types\/product"}],"wp:featuredmedia":[{"embeddable":true,"href":"https:\/\/bogonglaser.com\/es\/wp-json\/wp\/v2\/media\/1741"}],"wp:attachment":[{"href":"https:\/\/bogonglaser.com\/es\/wp-json\/wp\/v2\/media?parent=1746"}],"wp:term":[{"taxonomy":"product_brand","embeddable":true,"href":"https:\/\/bogonglaser.com\/es\/wp-json\/wp\/v2\/product_brand?post=1746"},{"taxonomy":"product_cat","embeddable":true,"href":"https:\/\/bogonglaser.com\/es\/wp-json\/wp\/v2\/product_cat?post=1746"},{"taxonomy":"product_tag","embeddable":true,"href":"https:\/\/bogonglaser.com\/es\/wp-json\/wp\/v2\/product_tag?post=1746"}],"curies":[{"name":"wp","href":"https:\/\/api.w.org\/{rel}","templated":true}]}}