{"id":1668,"date":"2024-10-29T17:30:42","date_gmt":"2024-10-29T09:30:42","guid":{"rendered":"https:\/\/bogonglaser.com\/?post_type=product&#038;p=1668"},"modified":"2025-12-10T16:57:58","modified_gmt":"2025-12-10T08:57:58","slug":"3d-fiber-laser-engraver-for-metal-2","status":"publish","type":"product","link":"https:\/\/bogonglaser.com\/es\/3d-fiber-laser-engraver-for-metal-2\/","title":{"rendered":"Grabador l\u00e1ser de fibra 3D para metal"},"content":{"rendered":"<h2>\u00bfQu\u00e9 es una m\u00e1quina de grabado l\u00e1ser 3D para metal?<\/h2>\n<p><a href=\"https:\/\/bogonglaser.com\/es\/laser-engraving-machine\/\">M\u00e1quina de grabado l\u00e1ser 3D<\/a> con l\u00e1ser de fibra de pulso, 3D lenmark3ds\/Ezcad3 software para procesamiento de im\u00e1genes, hay una lente din\u00e1mica dentro de la cabeza del l\u00e1ser, que puede grabar en forma irregular. La caracter\u00edstica principal es la siguiente:<\/p>\n<ul>\n<li>L\u00e1ser de fibra pulsada<\/li>\n<li>Software de grabado 3D para tratamiento de im\u00e1genes<\/li>\n<li>Eje R para marcar anillos y pulseras<\/li>\n<li>Cabezal l\u00e1ser din\u00e1mico 3D<\/li>\n<li>Altura de enfoque ajustable de 15 a 80 mm<\/li>\n<li>Amplia selecci\u00f3n de<\/li>\n<li>2 a\u00f1os de garant\u00eda<\/li>\n<\/ul>\n<figure id=\"attachment_7418\" aria-describedby=\"caption-attachment-7418\" style=\"width: 300px\" class=\"wp-caption alignnone\"><img decoding=\"async\" class=\"size-medium wp-image-7418\" src=\"https:\/\/bogonglaser.com\/wp-content\/uploads\/2024\/10\/3d-laser-marker-2-300x227.jpg\" alt=\"marcador l\u00e1ser 3d\" width=\"300\" height=\"227\" title=\"\" srcset=\"https:\/\/bogonglaser.com\/wp-content\/uploads\/2024\/10\/3d-laser-marker-2-300x227.jpg 300w, https:\/\/bogonglaser.com\/wp-content\/uploads\/2024\/10\/3d-laser-marker-2-16x12.jpg 16w, https:\/\/bogonglaser.com\/wp-content\/uploads\/2024\/10\/3d-laser-marker-2.jpg 600w\" sizes=\"(max-width: 300px) 100vw, 300px\" \/><figcaption id=\"caption-attachment-7418\" class=\"wp-caption-text\">marcador l\u00e1ser 3d<\/figcaption><\/figure>\n<figure id=\"attachment_7417\" aria-describedby=\"caption-attachment-7417\" style=\"width: 300px\" class=\"wp-caption alignnone\"><img decoding=\"async\" class=\"size-medium wp-image-7417\" src=\"https:\/\/bogonglaser.com\/wp-content\/uploads\/2024\/10\/bogong-new-cabinet-1-300x150.png\" alt=\"nuevo gabinete bogong\" width=\"300\" height=\"150\" title=\"\" srcset=\"https:\/\/bogonglaser.com\/wp-content\/uploads\/2024\/10\/bogong-new-cabinet-1-300x150.png 300w, https:\/\/bogonglaser.com\/wp-content\/uploads\/2024\/10\/bogong-new-cabinet-1-600x300.png 600w, https:\/\/bogonglaser.com\/wp-content\/uploads\/2024\/10\/bogong-new-cabinet-1-768x384.png 768w, https:\/\/bogonglaser.com\/wp-content\/uploads\/2024\/10\/bogong-new-cabinet-1-18x9.png 18w, https:\/\/bogonglaser.com\/wp-content\/uploads\/2024\/10\/bogong-new-cabinet-1.png 800w\" sizes=\"(max-width: 300px) 100vw, 300px\" \/><figcaption id=\"caption-attachment-7417\" class=\"wp-caption-text\">nuevo gabinete bogong<\/figcaption><\/figure>\n<h2>Caracter\u00edsticas de la m\u00e1quina de marcado l\u00e1ser 3D:<\/h2>\n<p><iframe title=\"2025 Best 3D Laser Engraver | \u00bfQu\u00e9 es el grabado l\u00e1ser 3D? \u00bfC\u00f3mo funciona el grabado l\u00e1ser 3D? Marca 3D\" width=\"1290\" height=\"726\" src=\"https:\/\/www.youtube.com\/embed\/_A-XUjBEmxM?feature=oembed\" frameborder=\"0\" allow=\"accelerometer; autoplay; clipboard-write; encrypted-media; gyroscope; picture-in-picture; web-share\" referrerpolicy=\"strict-origin-when-cross-origin\" allowfullscreen><\/iframe><\/p>\n<p><iframe title=\"2025 Best 3D Laser Engraver | \u00bfQu\u00e9 es el grabado l\u00e1ser 3D? \u00bfC\u00f3mo funciona el grabado l\u00e1ser 3D? Marca 3D\" width=\"1290\" height=\"726\" src=\"https:\/\/www.youtube.com\/embed\/_A-XUjBEmxM?feature=oembed\" frameborder=\"0\" allow=\"accelerometer; autoplay; clipboard-write; encrypted-media; gyroscope; picture-in-picture; web-share\" referrerpolicy=\"strict-origin-when-cross-origin\" allowfullscreen><\/iframe><\/p>\n<p>1. Aplicaciones vers\u00e1tiles<br \/>\nLa m\u00e1quina de marcado l\u00e1ser 3D est\u00e1 dise\u00f1ada para el marcado tridimensional de superficies curvas, capaz de enfocar puntos finos y proporcionar marcas uniformes dentro de un rango de altura de tolerancia de 0 a 80 mm. No es necesario ajustar el enfoque, lo que permite marcar sin problemas productos irregulares como superficies curvas, inclinadas, escalonadas, esferas, cilindros y conos en una sola operaci\u00f3n.<\/p>\n<p>2. Excelente calidad de talla profunda<br \/>\nEquipada con un sistema de marcado fino en 3D, la m\u00e1quina destaca en diversas necesidades de grabado, como grabado en relieve, grabado profundo y grabado c\u00f3ncavo\/convexo. Ofrece una gran precisi\u00f3n y resultados visualmente atractivos. Esta m\u00e1quina admite tres fuentes de luz: fibra, ultravioleta y di\u00f3xido de carbono, lo que permite el grabado en materiales met\u00e1licos y no met\u00e1licos.<\/p>\n<p>&nbsp;<\/p>\n<p><iframe title=\"China Mejor m\u00e1quina de grabado l\u00e1ser 3D de corte de metal | 3D grabador l\u00e1ser para la venta\" width=\"1290\" height=\"726\" src=\"https:\/\/www.youtube.com\/embed\/rdjhRIaqMNM?feature=oembed\" frameborder=\"0\" allow=\"accelerometer; autoplay; clipboard-write; encrypted-media; gyroscope; picture-in-picture; web-share\" referrerpolicy=\"strict-origin-when-cross-origin\" allowfullscreen><\/iframe><\/p>\n<h3>Aplicaciones de la m\u00e1quina de grabado l\u00e1ser de fibra 3D<\/h3>\n<ul>\n<li>Excavaci\u00f3n por capas y grabado en bajorrelieve 3D.<\/li>\n<li>Grabados en superficies irregulares con una irregularidad de hasta 80 mm.<\/li>\n<li>Grabados en anillos, pulseras, medallones y superficies planas.<\/li>\n<li>Grabado de fotograf\u00edas, nombres, dise\u00f1os y logotipos, incluidas las marcas comerciales.<\/li>\n<li>Grabados en esferas de relojes y gafas de cualquier material met\u00e1lico.<\/li>\n<li>Corte manual de piezas individuales o soluciones automatizadas para la producci\u00f3n en serie<\/li>\n<\/ul>\n<p><iframe title=\"\u00bfQu\u00e9 puede hacer una M\u00c1QUINA DE GRABADO L\u00c1SER 3D? | Cortadora grabadora l\u00e1ser 3D sobre metal\" width=\"1290\" height=\"726\" src=\"https:\/\/www.youtube.com\/embed\/v_rWKxbDr04?feature=oembed\" frameborder=\"0\" allow=\"accelerometer; autoplay; clipboard-write; encrypted-media; gyroscope; picture-in-picture; web-share\" referrerpolicy=\"strict-origin-when-cross-origin\" allowfullscreen><\/iframe><\/p>\n<p>&nbsp;<\/p>\n<figure id=\"attachment_7419\" aria-describedby=\"caption-attachment-7419\" style=\"width: 300px\" class=\"wp-caption alignnone\"><img decoding=\"async\" class=\"size-medium wp-image-7419\" src=\"https:\/\/bogonglaser.com\/wp-content\/uploads\/2024\/10\/bogong-new-cabinet-300x143.jpg\" alt=\"nuevo gabinete bogong\" width=\"300\" height=\"143\" title=\"\" srcset=\"https:\/\/bogonglaser.com\/wp-content\/uploads\/2024\/10\/bogong-new-cabinet-300x143.jpg 300w, https:\/\/bogonglaser.com\/wp-content\/uploads\/2024\/10\/bogong-new-cabinet-600x286.jpg 600w, https:\/\/bogonglaser.com\/wp-content\/uploads\/2024\/10\/bogong-new-cabinet-1024x488.jpg 1024w, https:\/\/bogonglaser.com\/wp-content\/uploads\/2024\/10\/bogong-new-cabinet-768x366.jpg 768w, https:\/\/bogonglaser.com\/wp-content\/uploads\/2024\/10\/bogong-new-cabinet-18x9.jpg 18w, https:\/\/bogonglaser.com\/wp-content\/uploads\/2024\/10\/bogong-new-cabinet.jpg 1251w\" sizes=\"(max-width: 300px) 100vw, 300px\" \/><figcaption id=\"caption-attachment-7419\" class=\"wp-caption-text\">nuevo gabinete bogong<\/figcaption><\/figure>\n<h2>\u00bfC\u00f3mo funciona el grabado l\u00e1ser 3D?<\/h2>\n<p>Un sistema l\u00e1ser 3D ajusta autom\u00e1ticamente el punto l\u00e1ser para minimizar la p\u00e9rdida de calidad del punto en superficies curvas y contornos 3D. Estos sistemas son ideales para manipular formas complejas y pueden grabar con eficacia una gran variedad de art\u00edculos.<\/p>\n<p>Adem\u00e1s, son capaces de crear grabados en relieve tallando en profundidad piezas con alturas variables, lo que las hace perfectas para regalos personalizados o piezas de joyer\u00eda.<\/p>\n<p><iframe title=\"LE GUSTA BOGONG 3D M\u00c1QUINA DE GRABADO L\u00c1SER | MEJOR CHINA 3D M\u00c1QUINA DE GRABADO L\u00c1SER PARA LA VENTA\" width=\"1290\" height=\"726\" src=\"https:\/\/www.youtube.com\/embed\/aoAF09vq8LE?feature=oembed\" frameborder=\"0\" allow=\"accelerometer; autoplay; clipboard-write; encrypted-media; gyroscope; picture-in-picture; web-share\" referrerpolicy=\"strict-origin-when-cross-origin\" allowfullscreen><\/iframe><\/p>\n<p><iframe title=\"\u00bfQu\u00e9 tal BOGONG grabador l\u00e1ser 3D? | Cliente de la India visita BOGONG y compr\u00f3 grabador l\u00e1ser 3D\" width=\"1290\" height=\"726\" src=\"https:\/\/www.youtube.com\/embed\/bq8eli66vTM?feature=oembed\" frameborder=\"0\" allow=\"accelerometer; autoplay; clipboard-write; encrypted-media; gyroscope; picture-in-picture; web-share\" referrerpolicy=\"strict-origin-when-cross-origin\" allowfullscreen><\/iframe><\/p>\n<h3>C\u00f3mo elegir la m\u00e1quina l\u00e1ser 3D adecuada<\/h3>\n<p>Elegir la m\u00e1quina de grabado l\u00e1ser 3D adecuada ser\u00e1 importante para su negocio, c\u00f3mo asegurarse de que la m\u00e1quina satisface sus necesidades espec\u00edficas. He aqu\u00ed una gu\u00eda que le ayudar\u00e1 a tomar una decisi\u00f3n informada:<\/p>\n<ol>\n<li><strong>Compatibilidad de materiales<\/strong>: Determine los tipos de materiales que piensa grabar (por ejemplo, metal, madera, acr\u00edlico, vidrio). Aseg\u00farese de que la m\u00e1quina que elija pueda trabajar eficazmente con estos materiales.<\/li>\n<li><strong>Tipo l\u00e1ser<\/strong>: Los distintos tipos de l\u00e1ser (fibra, CO2, UV) sirven para fines diferentes.\n<ul>\n<li><strong>L\u00e1seres de fibra \u00f3ptica<\/strong>\u00a0son adecuados para metales y se caracterizan por su gran precisi\u00f3n.<\/li>\n<li><strong>L\u00e1seres de CO2<\/strong> es para material no met\u00e1lico, se utiliza principalmente para trabajos de corte de gran tama\u00f1o, como cortar etiquetas, etc.<\/li>\n<li><strong>L\u00e1seres UV<\/strong>\u00a0son ideales para el grabado delicado en materiales como el vidrio y el pl\u00e1stico.<\/li>\n<\/ul>\n<\/li>\n<li><strong>Profundidad y detalle del grabado<\/strong>: Considere la profundidad de grabado requerido. algunos clientes quieren grabar dise\u00f1o 3D grande de 200 * 200mm, quieren utilizar este l\u00e1ser reemplazar su router CNC, por favor aseg\u00farese de que la m\u00e1quina l\u00e1ser 3D traje para la precisi\u00f3n de grabado en relieve peque\u00f1o dise\u00f1o como 40 * 40mm, 50 * 50mm, 60 * 60mm, etc.<\/li>\n<li><strong>Tama\u00f1o del \u00e1rea de trabajo<\/strong>: Eval\u00fae el tama\u00f1o del \u00e1rea de grabado en funci\u00f3n de los proyectos que tenga previsto realizar. Aseg\u00farese de que la m\u00e1quina tiene un \u00e1rea de trabajo adecuada para sus art\u00edculos m\u00e1s grandes. M\u00e1quina l\u00e1ser 3D BOGONG F10 con tama\u00f1o de grabado 200*200mm, eje Z puede hasta 80mm.<\/li>\n<li><strong>Facilidad de uso<\/strong>: Busque m\u00e1quinas con un software f\u00e1cil de usar que permita un dise\u00f1o y un manejo sencillos. Lenmark 3DS y Ezcad3 sugieren para el trabajo de grabado en relieve 3D.<\/li>\n<li><strong>Asistencia al cliente y garant\u00eda<\/strong>: Investiga las opciones de asistencia del fabricante y la garant\u00eda que ofrece. Un servicio de atenci\u00f3n al cliente fiable puede ser crucial para la resoluci\u00f3n de problemas y el mantenimiento.<\/li>\n<li><strong>Presupuesto<\/strong>: Fija un presupuesto y compara distintos modelos dentro de ese margen. Tenga en cuenta los costes a largo plazo asociados al mantenimiento y los accesorios. Si el presupuesto es suficiente, elegir un l\u00e1ser MOPA ser\u00e1 bueno para trabajos de detalle, ya que el l\u00e1ser MOPA puede controlar la anchura de pulso y la frecuencia para obtener un fondo liso.<\/li>\n<\/ol>\n<p>&nbsp;<\/p>\n<figure id=\"attachment_7426\" aria-describedby=\"caption-attachment-7426\" style=\"width: 300px\" class=\"wp-caption alignnone\"><img decoding=\"async\" class=\"size-full wp-image-7426\" src=\"https:\/\/bogonglaser.com\/wp-content\/uploads\/2024\/10\/mini-laser-machine-2.jpg\" alt=\"mini m\u00e1quina l\u00e1ser\" width=\"300\" height=\"225\" title=\"\" srcset=\"https:\/\/bogonglaser.com\/wp-content\/uploads\/2024\/10\/mini-laser-machine-2.jpg 300w, https:\/\/bogonglaser.com\/wp-content\/uploads\/2024\/10\/mini-laser-machine-2-16x12.jpg 16w\" sizes=\"(max-width: 300px) 100vw, 300px\" \/><figcaption id=\"caption-attachment-7426\" class=\"wp-caption-text\">mini m\u00e1quina l\u00e1ser<\/figcaption><\/figure>\n<figure id=\"attachment_7427\" aria-describedby=\"caption-attachment-7427\" style=\"width: 300px\" class=\"wp-caption alignnone\"><img decoding=\"async\" class=\"size-full wp-image-7427\" src=\"https:\/\/bogonglaser.com\/wp-content\/uploads\/2024\/10\/uv-pro-laser-engraving-machine.jpg\" alt=\"uv pro laser engraving machine\" width=\"300\" height=\"300\" title=\"\" srcset=\"https:\/\/bogonglaser.com\/wp-content\/uploads\/2024\/10\/uv-pro-laser-engraving-machine.jpg 300w, https:\/\/bogonglaser.com\/wp-content\/uploads\/2024\/10\/uv-pro-laser-engraving-machine-100x100.jpg 100w, https:\/\/bogonglaser.com\/wp-content\/uploads\/2024\/10\/uv-pro-laser-engraving-machine-150x150.jpg 150w, https:\/\/bogonglaser.com\/wp-content\/uploads\/2024\/10\/uv-pro-laser-engraving-machine-12x12.jpg 12w\" sizes=\"(max-width: 300px) 100vw, 300px\" \/><figcaption id=\"caption-attachment-7427\" class=\"wp-caption-text\">uv pro laser engraving machine<\/figcaption><\/figure>\n<figure id=\"attachment_7428\" aria-describedby=\"caption-attachment-7428\" style=\"width: 205px\" class=\"wp-caption alignnone\"><img decoding=\"async\" class=\"size-full wp-image-7428\" src=\"https:\/\/bogonglaser.com\/wp-content\/uploads\/2024\/10\/3d-laser-marker-2-1.jpg\" alt=\"marcador l\u00e1ser 3d\" width=\"205\" height=\"300\" title=\"\" srcset=\"https:\/\/bogonglaser.com\/wp-content\/uploads\/2024\/10\/3d-laser-marker-2-1.jpg 205w, https:\/\/bogonglaser.com\/wp-content\/uploads\/2024\/10\/3d-laser-marker-2-1-8x12.jpg 8w\" sizes=\"(max-width: 205px) 100vw, 205px\" \/><figcaption id=\"caption-attachment-7428\" class=\"wp-caption-text\">marcador l\u00e1ser 3d<\/figcaption><\/figure>\n<figure id=\"attachment_7429\" aria-describedby=\"caption-attachment-7429\" style=\"width: 300px\" class=\"wp-caption alignnone\"><img decoding=\"async\" class=\"size-full wp-image-7429\" src=\"https:\/\/bogonglaser.com\/wp-content\/uploads\/2024\/10\/3d-laser-marker-3.jpg\" alt=\"marcador l\u00e1ser 3d\" width=\"300\" height=\"227\" title=\"\" srcset=\"https:\/\/bogonglaser.com\/wp-content\/uploads\/2024\/10\/3d-laser-marker-3.jpg 300w, https:\/\/bogonglaser.com\/wp-content\/uploads\/2024\/10\/3d-laser-marker-3-16x12.jpg 16w\" sizes=\"(max-width: 300px) 100vw, 300px\" \/><figcaption id=\"caption-attachment-7429\" class=\"wp-caption-text\">marcador l\u00e1ser 3d<\/figcaption><\/figure>\n<h2>\u00bfQu\u00e9 podemos hacer para que elija Grabador l\u00e1ser 3D?<\/h2>\n<ul>\n<li><span class=\"magic-19\"><b class=\"magic-19\"><span class=\"magic-18\">Muestras de ensayo gratuitas -<\/span><\/b><span class=\"magic-20\" data-spm-anchor-id=\"a2700.details.0.i41.41d82402R4aegi\">Podemos realizar pruebas de efecto de marcado gratuitas seg\u00fan el material de su producto<\/span><\/span><\/li>\n<li><span class=\"magic-19\"><b class=\"magic-19\"><span class=\"magic-18\">V\u00eddeo en directo.<\/span><\/b><span class=\"magic-20\">Puede ponerse en contacto con nuestros asesores de ventas para ver el proceso de producci\u00f3n y el funcionamiento de la m\u00e1quina en v\u00eddeo en l\u00ednea.<\/span><\/span><\/li>\n<li><span class=\"magic-19\"><b class=\"magic-19\"><span class=\"magic-18\">A medida \/OEM-<\/span><\/b><span class=\"magic-20\" data-spm-anchor-id=\"a2700.details.0.i40.41d82402R4aegi\">M\u00e1quinas personalizadas a petici\u00f3n\uff0cCont\u00e1ctenos<\/span><\/span><\/li>\n<\/ul>\n<p>&nbsp;<\/p>\n<h3>Qu\u00e9 partes necesito elegir para la m\u00e1quina de grabado l\u00e1ser 3D de corte<\/h3>\n<ul>\n<li>Dispositivo rotativo: hay varios dispositivos rotativos con diferentes estilos y di\u00e1metros de pinza, como 50D 65D 80D, 100D, etc, si usted tambi\u00e9n est\u00e1 en el negocio de la joyer\u00eda, elija 50D o 65D.<\/li>\n<li>Gold Silver Holder: que para sujetar su hoja de metal de plata de oro para el corte, porque hay mucho calor cuando el trabajo de corte, shee metal f\u00e1cil deformaci\u00f3n. Traje para el negocio de la joyer\u00eda.<\/li>\n<\/ul>\n<p>&nbsp;<\/p>\n<p>&nbsp;<\/p>\n<p>&nbsp;<\/p>\n<p>Condiciones de pago<\/p>\n<p>1. 1. Dep\u00f3sito y saldo: Se requiere un dep\u00f3sito 30% T\/T por adelantado, con el saldo a pagar antes del env\u00edo.<\/p>\n<p>2. Alibaba Trade Assurance: Los pagos pueden procesarse a trav\u00e9s de Alibaba Trade Assurance.<\/p>\n<p>Preguntas frecuentes sobre la cortadora grabadora de metal por l\u00e1ser de fibra 3D<\/p>\n<p>\u00bfCu\u00e1l es el embalaje de la m\u00e1quina de marcado l\u00e1ser de fibra 3d?<br \/>\nNuestras m\u00e1quinas se embalan en tres capas. La capa exterior es una caja de madera, la intermedia est\u00e1 acolchada con espuma para protegerla de las sacudidas y la interior incluye una gruesa bolsa de pl\u00e1stico impermeable.<\/p>\n<p>\u00bfSe da\u00f1ar\u00e1 el paquete durante el transporte?<br \/>\nDise\u00f1amos meticulosamente nuestros embalajes para abordar todos los posibles factores de da\u00f1o, y nuestros agentes de transporte tienen experiencia en transporte seguro. Hemos exportado con \u00e9xito a 180 pa\u00edses, por lo que puede estar seguro de que su paquete llegar\u00e1 en excelentes condiciones.<\/p>\n<p>La mayor\u00eda de los clientes como elegir el transporte por UPS \/ DHL expreso, que puede llegar a su destino alrededor de 5-7 d\u00edas, p\u00f3ngase en contacto con BOGONG para obtener m\u00e1s detalles sobre la fibra l\u00e1ser grabador de metal para el cobre de oro de lat\u00f3n de plata.<\/p>","protected":false},"excerpt":{"rendered":"<h2>M\u00e1quina de marcado l\u00e1ser de fibra 3D para relieve y texturizado de metales<\/h2>\n<p>Una m\u00e1quina de marcado l\u00e1ser de fibra 3D utiliza la tecnolog\u00eda l\u00e1ser 3D para crear dise\u00f1os intrincados o texto en superficies tridimensionales, Permite el grabado profundo de texturas y relieves en moldes met\u00e1licos. Un cabezal de escaneo 3D puede ajustar un rayo l\u00e1ser en las tres dimensiones: X, Y y Z. Adopta una combinaci\u00f3n de expansores de haz y \u00f3pticas de desplazamiento antes de dirigir el haz a trav\u00e9s de una lente para apuntar con precisi\u00f3n al material.<\/p>\n<ul class=\"\\&quot;tips\\&quot;\">\n<li>350 Sets \/ Month Waiting for Sale En stock<\/li>\n<li>2 a\u00f1os de garant\u00eda limitada para toda la m\u00e1quina<\/li>\n<li>3-5 d\u00edas preparar m\u00e1quina l\u00e1ser, 3-7 d\u00edas transporte.<\/li>\n<li>En l\u00ednea (PayPal) y fuera de l\u00ednea (T\/T, tarjetas de d\u00e9bito y cr\u00e9dito)<\/li>\n<\/ul>","protected":false},"featured_media":1660,"template":"","meta":{"_gspb_post_css":""},"product_brand":[],"product_cat":[97,93,96],"product_tag":[102],"class_list":{"0":"post-1668","1":"product","2":"type-product","3":"status-publish","4":"has-post-thumbnail","6":"product_cat-fiber-laser-marker","7":"product_cat-laser-engraving-machine","8":"product_cat-laser-marking-machine","9":"product_tag-laser-marking-machine","11":"first","12":"instock","13":"shipping-taxable","14":"product-type-simple"},"_links":{"self":[{"href":"https:\/\/bogonglaser.com\/es\/wp-json\/wp\/v2\/product\/1668","targetHints":{"allow":["GET"]}}],"collection":[{"href":"https:\/\/bogonglaser.com\/es\/wp-json\/wp\/v2\/product"}],"about":[{"href":"https:\/\/bogonglaser.com\/es\/wp-json\/wp\/v2\/types\/product"}],"wp:featuredmedia":[{"embeddable":true,"href":"https:\/\/bogonglaser.com\/es\/wp-json\/wp\/v2\/media\/1660"}],"wp:attachment":[{"href":"https:\/\/bogonglaser.com\/es\/wp-json\/wp\/v2\/media?parent=1668"}],"wp:term":[{"taxonomy":"product_brand","embeddable":true,"href":"https:\/\/bogonglaser.com\/es\/wp-json\/wp\/v2\/product_brand?post=1668"},{"taxonomy":"product_cat","embeddable":true,"href":"https:\/\/bogonglaser.com\/es\/wp-json\/wp\/v2\/product_cat?post=1668"},{"taxonomy":"product_tag","embeddable":true,"href":"https:\/\/bogonglaser.com\/es\/wp-json\/wp\/v2\/product_tag?post=1668"}],"curies":[{"name":"wp","href":"https:\/\/api.w.org\/{rel}","templated":true}]}}