{"id":1640,"date":"2024-10-28T16:03:42","date_gmt":"2024-10-28T08:03:42","guid":{"rendered":"https:\/\/bogonglaser.com\/?post_type=product&#038;p=1640"},"modified":"2025-12-10T17:25:15","modified_gmt":"2025-12-10T09:25:15","slug":"fiber-laser-engraving-cutting-machine-for-metal-jewelry","status":"publish","type":"product","link":"https:\/\/bogonglaser.com\/es\/fiber-laser-engraving-cutting-machine-for-metal-jewelry\/","title":{"rendered":"M\u00e1quina de grabado l\u00e1ser de fibra \u00f3ptica para joyer\u00eda de metal"},"content":{"rendered":"<h2>\u00bfQu\u00e9 es una m\u00e1quina de grabado l\u00e1ser de metales para joyas de plata, oro y cobre?<\/h2>\n<p>Una m\u00e1quina l\u00e1ser de grabado y corte de joyer\u00eda met\u00e1lica es un sistema l\u00e1ser CNC, que utiliza una fuente l\u00e1ser de fibra para grabar y cortar varios tipos de joyer\u00eda, incluyendo anillos, colgantes, pendientes, pulseras, collares, gemelos, broches y otros adornos personales. Puede trabajar en muchos materiales como acero inoxidable, aleaciones de acero, plata, cobre, lat\u00f3n, titanio, aluminio anodizado, aluminio, cromo, obleas de silicio y oro.<\/p>\n<p>Las mejores m\u00e1quinas de grabado l\u00e1ser con potencia l\u00e1ser de 50-100W, que permiten el grabado profundo y el corte preciso de signos, patrones, logotipos, letras, n\u00fameros e im\u00e1genes en superficies met\u00e1licas. Este vers\u00e1til grabador l\u00e1ser de metal es ideal para crear joyer\u00eda personalizada, artesan\u00eda en metal, arte en metal, componentes de metal, regalos de metal, piezas electr\u00f3nicas, hardware, instrumentos, grabados de alimentos y bebidas, dise\u00f1os de teclados, carcasas de m\u00f3viles y embalajes.<\/p>\n<figure id=\"attachment_7459\" aria-describedby=\"caption-attachment-7459\" style=\"width: 300px\" class=\"wp-caption alignnone\"><img decoding=\"async\" class=\"size-medium wp-image-7459\" src=\"https:\/\/bogonglaser.com\/wp-content\/uploads\/2024\/10\/mini-laser-machine-1-1-300x169.jpg\" alt=\"mini m\u00e1quina l\u00e1ser \" width=\"300\" height=\"169\" title=\"\" srcset=\"https:\/\/bogonglaser.com\/wp-content\/uploads\/2024\/10\/mini-laser-machine-1-1-300x169.jpg 300w, https:\/\/bogonglaser.com\/wp-content\/uploads\/2024\/10\/mini-laser-machine-1-1-600x338.jpg 600w, https:\/\/bogonglaser.com\/wp-content\/uploads\/2024\/10\/mini-laser-machine-1-1-768x432.jpg 768w, https:\/\/bogonglaser.com\/wp-content\/uploads\/2024\/10\/mini-laser-machine-1-1-18x10.jpg 18w, https:\/\/bogonglaser.com\/wp-content\/uploads\/2024\/10\/mini-laser-machine-1-1.jpg 800w\" sizes=\"(max-width: 300px) 100vw, 300px\" \/><figcaption id=\"caption-attachment-7459\" class=\"wp-caption-text\">mini m\u00e1quina l\u00e1ser<\/figcaption><\/figure>\n<p>Caracter\u00edsticas del cortador grabador l\u00e1ser de fibra para joyas de plata, oro y cobre<\/p>\n<p>1. Rayo l\u00e1ser de alta calidad: con una conversi\u00f3n fotoel\u00e9ctrica superior, este grabador ofrece una calidad y precisi\u00f3n de grabado excepcionales.<\/p>\n<p>2. Bajo mantenimiento: Dise\u00f1ada para ser c\u00f3moda y segura, la vida \u00fatil de la fuente l\u00e1ser puede llegar hasta las 100.000 horas.<\/p>\n<p>3. Marcas duraderas: Crea marcas permanentes de alta calidad que son fiables y duraderas.<\/p>\n<p>4. Precisi\u00f3n constante: Capaz de una alta repetibilidad y r\u00e1pidas velocidades de grabado para una producci\u00f3n eficiente.<\/p>\n<p>5. F\u00e1cil de usar: Esta m\u00e1quina de grabado l\u00e1ser en metal es f\u00e1cil de operar, incluso para aquellos sin experiencia previa.<\/p>\n<p>6. Marcado sin contacto: El proceso de grabado sin contacto evita la tensi\u00f3n del material, garantizando la integridad de sus art\u00edculos.<\/p>\n<p>7. Software vers\u00e1til: La m\u00e1quina incluye un software de grabado multifuncional compatible con la plataforma WINDOWS y cuenta con una interfaz en ingl\u00e9s. Funciona a la perfecci\u00f3n con diversas aplicaciones, como CorelDRAW, AutoCAD y Photoshop, y admite formatos de archivo como PCX, DXF, PLT, BMP, SHX y fuentes TTF.<\/p>\n<p><iframe title=\"M\u00e1quina de grabado l\u00e1ser de fibra de corte para metal | BOGONG LASER MARKING MACHINE for sale\" width=\"1290\" height=\"726\" src=\"https:\/\/www.youtube.com\/embed\/2a9qdSpo948?feature=oembed\" frameborder=\"0\" allow=\"accelerometer; autoplay; clipboard-write; encrypted-media; gyroscope; picture-in-picture; web-share\" referrerpolicy=\"strict-origin-when-cross-origin\" allowfullscreen><\/iframe><\/p>\n<h3>Aplicaciones de la cortadora grabadora l\u00e1ser de fibra para joyas de plata, oro y cobre<\/h3>\n<p>Industrias aplicables:<\/p>\n<p>La m\u00e1quina de grabado de metal por l\u00e1ser de fibra puede hacer Metal Arts, Metal Crafts, Metal Gifts, Metal Credit Cards, Metal Parts, Electronic Components, Instruments and Meters, Hardware, Food and Beverage, Jewelry, Keyboards, Packaging, and Cell Phone Cases.<\/p>\n<p>Materiales aplicables:<\/p>\n<p>Esta grabadora l\u00e1ser de fibra para metales est\u00e1 dise\u00f1ada principalmente para su uso con materiales met\u00e1licos y aleaciones, como aluminio, acero, cobre, plata, oro, cromo, acero inoxidable, aluminio anodizado y oblea de silicio.<\/p>\n<p><iframe title=\"\u00bfQu\u00e9 es el l\u00e1ser y cu\u00e1les son sus principios? | Fuente L\u00e1ser JPT MOPA\" width=\"1290\" height=\"726\" src=\"https:\/\/www.youtube.com\/embed\/_gj7K4OJcks?feature=oembed\" frameborder=\"0\" allow=\"accelerometer; autoplay; clipboard-write; encrypted-media; gyroscope; picture-in-picture; web-share\" referrerpolicy=\"strict-origin-when-cross-origin\" allowfullscreen><\/iframe><\/p>\n<p>\u00bfQu\u00e9 es la fuente l\u00e1ser de fibra \u00f3ptica?<\/p>\n<p>Una fuente l\u00e1ser de fibra es un tipo de l\u00e1ser que utiliza un cable de fibra \u00f3ptica como medio de ganancia. En esta tecnolog\u00eda, la fibra est\u00e1 dopada con elementos de tierras raras, como el iterbio, el erbio o el neodimio, que mejoran la capacidad de la fibra para generar luz l\u00e1ser.<\/p>\n<p>\u00bfC\u00f3mo se instala y utiliza el grabador l\u00e1ser de fibra \u00f3ptica?<br \/>\nle proporcionaremos v\u00eddeos de formaci\u00f3n detallados y un manual de usuario junto con la m\u00e1quina. Aproximadamente 95% de nuestros clientes son capaces de aprender a manejarla de forma aut\u00f3noma.<\/p>\n<p>\u00bfQu\u00e9 debo hacer si el<a href=\"https:\/\/bogonglaser.com\/es\/laser-engraving-machine\/\"> M\u00e1quina de grabado l\u00e1ser de fibra<\/a> \u00bfMal funcionamiento?<br \/>\nSi tiene alg\u00fan problema, p\u00f3ngase en contacto con nosotros inmediatamente y evite intentar repararlo usted mismo. Le ayudaremos a resolver el problema lo antes posible.<\/p>\n<p><iframe title=\"ORO PLATA JOYAS GRABADO L\u00c1SER M\u00c1QUINA DE CORTE Precio | L\u00e1ser Nombre nacklace que hace el sistema\" width=\"1290\" height=\"726\" src=\"https:\/\/www.youtube.com\/embed\/8Y2bktvX_A8?feature=oembed\" frameborder=\"0\" allow=\"accelerometer; autoplay; clipboard-write; encrypted-media; gyroscope; picture-in-picture; web-share\" referrerpolicy=\"strict-origin-when-cross-origin\" allowfullscreen><\/iframe><\/p>\n<h3>C\u00f3mo elegir la m\u00e1quina de grabado y corte l\u00e1ser para joyer\u00eda adecuada<\/h3>\n<p>A la hora de seleccionar una m\u00e1quina para su grabado de corte de oro plata lat\u00f3n u otro metal, es importante tener en cuenta que potencia de l\u00e1ser necesita... que fuente l\u00e1ser y cabezal l\u00e1ser... tambi\u00e9n necesita pensar el material con el que va a trabajar, y el tama\u00f1o de la marca.<\/p>\n<p>Desglosemos cada factor y comprendamos su importancia..<\/p>\n<p><strong>Potencia<\/strong><br \/>\nHay 50W 60W 80W 100W 200W 300W, para el negocio de la joyer\u00eda, 50W ser\u00e1 el poder minimium si el presupuesto es limitado, si quieres una m\u00e1quina de gran alcance, elija 60W o 100W l\u00e1ser. se puede ver lo que puede hacer con una m\u00e1quina l\u00e1ser de 50W de abajo enlace de v\u00eddeo, 60W 100W puede hacer todo el trabajo l\u00e1ser que 50W hacer, usted puede pensar 60W 100W rayo l\u00e1ser m\u00e1s fuerte.<\/p>\n<p><strong>Tiempo de corte<\/strong><br \/>\nEl corte y el grabado profundo requieren m\u00e1s tiempo. El l\u00e1ser necesita dirigir energ\u00eda al objetivo durante m\u00e1s tiempo para vaporizar m\u00e1s profundamente en el material. Piense que es como serrar un trozo de madera; cuanto m\u00e1s tiempo corte, m\u00e1s profundo podr\u00e1 llegar.<\/p>\n<p><iframe title=\"\u00bfQu\u00e9 puede hacer una cortadora grabadora l\u00e1ser de 50W? | Mejor m\u00e1quina de marcado l\u00e1ser de fibra Raycus de 50 vatios en venta\" width=\"1290\" height=\"968\" src=\"https:\/\/www.youtube.com\/embed\/1DLnYH3dJXQ?feature=oembed\" frameborder=\"0\" allow=\"accelerometer; autoplay; clipboard-write; encrypted-media; gyroscope; picture-in-picture; web-share\" referrerpolicy=\"strict-origin-when-cross-origin\" allowfullscreen><\/iframe><\/p>\n<p><iframe title=\"60W MOPA m\u00e1quina de grabado l\u00e1ser de corte para el nombre del collar colgante | 1.5mm Metal Oro Plata Lat\u00f3n\" width=\"1290\" height=\"726\" src=\"https:\/\/www.youtube.com\/embed\/WlkmcSoll90?feature=oembed\" frameborder=\"0\" allow=\"accelerometer; autoplay; clipboard-write; encrypted-media; gyroscope; picture-in-picture; web-share\" referrerpolicy=\"strict-origin-when-cross-origin\" allowfullscreen><\/iframe><\/p>\n<h2>\u00bfQu\u00e9 podemos hacer por usted?<\/h2>\n<ul>\n<li><span class=\"magic-19\"><b class=\"magic-19\"><span class=\"magic-18\">Muestras de ensayo gratuitas -<\/span><\/b><span class=\"magic-20\" data-spm-anchor-id=\"a2700.details.0.i41.41d82402R4aegi\">Podemos realizar pruebas de efecto de marcado gratuitas seg\u00fan el material de su producto<\/span><\/span><\/li>\n<li><span class=\"magic-19\"><b class=\"magic-19\"><span class=\"magic-18\">V\u00eddeo en directo.<\/span><\/b><span class=\"magic-20\">Puede ponerse en contacto con nuestros asesores de ventas para ver el proceso de producci\u00f3n y el funcionamiento de la m\u00e1quina en v\u00eddeo en l\u00ednea.<\/span><\/span><\/li>\n<li><span class=\"magic-19\"><b class=\"magic-19\"><span class=\"magic-18\">A medida \/OEM-<\/span><\/b><span class=\"magic-20\" data-spm-anchor-id=\"a2700.details.0.i40.41d82402R4aegi\">M\u00e1quinas personalizadas a petici\u00f3n\uff0cCont\u00e1ctenos<\/span><\/span><\/li>\n<\/ul>\n<p>&nbsp;<\/p>\n<h3>\u00bfQu\u00e9 partes necesito elegir para la joyer\u00eda de grabado l\u00e1ser de corte de la m\u00e1quina<\/h3>\n<ul>\n<li>Dispositivo rotativo: hay varios dispositivos rotativos con diferentes estilos y di\u00e1metros de pinza, como 50D 65D 80D<\/li>\n<li>Gold Silver Holder: que para sujetar su hoja de metal de plata de oro para el corte, porque hay mucho calor cuando el trabajo de corte, shee metal f\u00e1cil deformaci\u00f3n.<\/li>\n<li>\n<p><figure id=\"attachment_7430\" aria-describedby=\"caption-attachment-7430\" style=\"width: 300px\" class=\"wp-caption alignnone\"><img decoding=\"async\" class=\"size-medium wp-image-7430\" src=\"https:\/\/bogonglaser.com\/wp-content\/uploads\/2024\/10\/gold-silver-holder-and-rotary-1-300x225.png\" alt=\"soporte y rotativo de plata dorada\" width=\"300\" height=\"225\" title=\"\" srcset=\"https:\/\/bogonglaser.com\/wp-content\/uploads\/2024\/10\/gold-silver-holder-and-rotary-1-300x225.png 300w, https:\/\/bogonglaser.com\/wp-content\/uploads\/2024\/10\/gold-silver-holder-and-rotary-1-16x12.png 16w, https:\/\/bogonglaser.com\/wp-content\/uploads\/2024\/10\/gold-silver-holder-and-rotary-1.png 400w\" sizes=\"(max-width: 300px) 100vw, 300px\" \/><figcaption id=\"caption-attachment-7430\" class=\"wp-caption-text\">soporte y rotativo de plata dorada<\/figcaption><\/figure><\/li>\n<\/ul>\n<p>Condiciones de pago de la cortadora grabadora de metal por l\u00e1ser de fibra \u00f3ptica<\/p>\n<p>1. 1. Dep\u00f3sito y saldo: Se requiere un dep\u00f3sito 30% T\/T por adelantado, con el saldo a pagar antes del env\u00edo.<\/p>\n<p>2. Alibaba Trade Assurance: Los pagos pueden procesarse a trav\u00e9s de Alibaba Trade Assurance.<\/p>\n<p>Preguntas frecuentes sobre la cortadora grabadora de metal por l\u00e1ser de fibra \u00f3ptica<\/p>\n<p>\u00bfCu\u00e1l es el embalaje de la m\u00e1quina de marcado l\u00e1ser de fibra?<br \/>\nNuestras m\u00e1quinas se embalan en tres capas. La capa exterior es una caja de madera, la intermedia est\u00e1 acolchada con espuma para protegerla de las sacudidas y la interior incluye una gruesa bolsa de pl\u00e1stico impermeable.<\/p>\n<p>\u00bfSe da\u00f1ar\u00e1 el paquete durante el transporte?<br \/>\nDise\u00f1amos meticulosamente nuestros embalajes para abordar todos los posibles factores de da\u00f1o, y nuestros agentes de transporte tienen experiencia en transporte seguro. Hemos exportado con \u00e9xito a 180 pa\u00edses, por lo que puede estar seguro de que su paquete llegar\u00e1 en excelentes condiciones.<\/p>\n<figure id=\"attachment_7458\" aria-describedby=\"caption-attachment-7458\" style=\"width: 300px\" class=\"wp-caption alignnone\"><img decoding=\"async\" class=\"size-medium wp-image-7458\" src=\"https:\/\/bogonglaser.com\/wp-content\/uploads\/2024\/10\/bogong-new-design-1-300x225.png\" alt=\"bogong nuevo dise\u00f1o\" width=\"300\" height=\"225\" title=\"\" srcset=\"https:\/\/bogonglaser.com\/wp-content\/uploads\/2024\/10\/bogong-new-design-1-300x225.png 300w, https:\/\/bogonglaser.com\/wp-content\/uploads\/2024\/10\/bogong-new-design-1-600x450.png 600w, https:\/\/bogonglaser.com\/wp-content\/uploads\/2024\/10\/bogong-new-design-1-768x576.png 768w, https:\/\/bogonglaser.com\/wp-content\/uploads\/2024\/10\/bogong-new-design-1-16x12.png 16w, https:\/\/bogonglaser.com\/wp-content\/uploads\/2024\/10\/bogong-new-design-1.png 800w\" sizes=\"(max-width: 300px) 100vw, 300px\" \/><figcaption id=\"caption-attachment-7458\" class=\"wp-caption-text\">bogong nuevo dise\u00f1o<\/figcaption><\/figure>\n<figure id=\"attachment_7457\" aria-describedby=\"caption-attachment-7457\" style=\"width: 300px\" class=\"wp-caption alignnone\"><img decoding=\"async\" class=\"size-medium wp-image-7457\" src=\"https:\/\/bogonglaser.com\/wp-content\/uploads\/2024\/10\/mini-laser-machine-2-1-300x300.jpg\" alt=\"mini m\u00e1quina l\u00e1ser \" width=\"300\" height=\"300\" title=\"\" srcset=\"https:\/\/bogonglaser.com\/wp-content\/uploads\/2024\/10\/mini-laser-machine-2-1-300x300.jpg 300w, https:\/\/bogonglaser.com\/wp-content\/uploads\/2024\/10\/mini-laser-machine-2-1-100x100.jpg 100w, https:\/\/bogonglaser.com\/wp-content\/uploads\/2024\/10\/mini-laser-machine-2-1-600x600.jpg 600w, https:\/\/bogonglaser.com\/wp-content\/uploads\/2024\/10\/mini-laser-machine-2-1-150x150.jpg 150w, https:\/\/bogonglaser.com\/wp-content\/uploads\/2024\/10\/mini-laser-machine-2-1-768x768.jpg 768w, https:\/\/bogonglaser.com\/wp-content\/uploads\/2024\/10\/mini-laser-machine-2-1-12x12.jpg 12w, https:\/\/bogonglaser.com\/wp-content\/uploads\/2024\/10\/mini-laser-machine-2-1.jpg 1000w\" sizes=\"(max-width: 300px) 100vw, 300px\" \/><figcaption id=\"caption-attachment-7457\" class=\"wp-caption-text\">mini m\u00e1quina l\u00e1ser<\/figcaption><\/figure>\n<p><iframe title=\"Compr\u00f3 cortador grabador l\u00e1ser BOGONG para joyer\u00eda, \u00bfQu\u00e9 hizo\uff1f \u00bfC\u00d3MO FUNCIONA LA M\u00c1QUINA L\u00c1SER?\" width=\"1290\" height=\"726\" src=\"https:\/\/www.youtube.com\/embed\/OYi7giXXm38?feature=oembed\" frameborder=\"0\" allow=\"accelerometer; autoplay; clipboard-write; encrypted-media; gyroscope; picture-in-picture; web-share\" referrerpolicy=\"strict-origin-when-cross-origin\" allowfullscreen><\/iframe><\/p>\n<p><iframe title=\"Opiniones de usuarios de Granada BOGONG M\u00e1quina de grabado y corte l\u00e1ser | Best Jewellery Gold Silver Laser\" width=\"1290\" height=\"726\" src=\"https:\/\/www.youtube.com\/embed\/Y25Z0xbP7ZQ?feature=oembed\" frameborder=\"0\" allow=\"accelerometer; autoplay; clipboard-write; encrypted-media; gyroscope; picture-in-picture; web-share\" referrerpolicy=\"strict-origin-when-cross-origin\" allowfullscreen><\/iframe><\/p>\n<p>You can find more customer feedback from BOGONG youtube channel<\/p>\n<figure id=\"attachment_7426\" aria-describedby=\"caption-attachment-7426\" style=\"width: 300px\" class=\"wp-caption alignnone\"><img decoding=\"async\" class=\"size-full wp-image-7426\" src=\"https:\/\/bogonglaser.com\/wp-content\/uploads\/2024\/10\/mini-laser-machine-2.jpg\" alt=\"mini m\u00e1quina l\u00e1ser\" width=\"300\" height=\"225\" title=\"\" srcset=\"https:\/\/bogonglaser.com\/wp-content\/uploads\/2024\/10\/mini-laser-machine-2.jpg 300w, https:\/\/bogonglaser.com\/wp-content\/uploads\/2024\/10\/mini-laser-machine-2-16x12.jpg 16w\" sizes=\"(max-width: 300px) 100vw, 300px\" \/><figcaption id=\"caption-attachment-7426\" class=\"wp-caption-text\">mini m\u00e1quina l\u00e1ser<\/figcaption><\/figure>\n<figure id=\"attachment_7428\" aria-describedby=\"caption-attachment-7428\" style=\"width: 205px\" class=\"wp-caption alignnone\"><img decoding=\"async\" class=\"size-full wp-image-7428\" src=\"https:\/\/bogonglaser.com\/wp-content\/uploads\/2024\/10\/3d-laser-marker-2-1.jpg\" alt=\"marcador l\u00e1ser 3d\" width=\"205\" height=\"300\" title=\"\" srcset=\"https:\/\/bogonglaser.com\/wp-content\/uploads\/2024\/10\/3d-laser-marker-2-1.jpg 205w, https:\/\/bogonglaser.com\/wp-content\/uploads\/2024\/10\/3d-laser-marker-2-1-8x12.jpg 8w\" sizes=\"(max-width: 205px) 100vw, 205px\" \/><figcaption id=\"caption-attachment-7428\" class=\"wp-caption-text\">marcador l\u00e1ser 3d<\/figcaption><\/figure>\n<p>La mayor\u00eda de los clientes como elegir el transporte por UPS \/ DHL expreso, que puede llegar a su destino alrededor de 5-7 d\u00edas, p\u00f3ngase en contacto con BOGONG para obtener m\u00e1s detalles sobre la fibra l\u00e1ser grabador de metal para el cobre de oro de lat\u00f3n de plata.<\/p>","protected":false},"excerpt":{"rendered":"<h2>Fiber Laser Metal Engraver For Silver, Gold, Brass, Copper<\/h2>\n<p>The 50W &#8211; 100W fiber laser metal engraver cutting machine is designed for creating personalized jewelry, including rings, earrings, bracelets, pendants, necklaces, brooches, cufflinks, etc. It works with a variety of materials, such as stainless steel, titanium, aluminum, copper, brass, alloys, silver, and gold, allowing you to engrave names, logos, signs, letters, numbers, patterns, and photos. This top-quality metal laser cutter and engraving machine is now available for sale at an affordable price, making it a great option for your budget.<\/p>\n<ul class=\"tips\">\n<li>350 Sets \/ Month Waiting for Sale In Stock<\/li>\n<li>2 Years Limited Warranty for Entire Machine<\/li>\n<li>3-5 days prepare laser machine, 3-7days transport.<\/li>\n<li>Online (PayPal) &amp; Offline (T\/T, Debit &amp; Credit Cards)<\/li>\n<\/ul>\n<hr \/>\n<h4><strong>Get a Quote<\/strong><\/h4>\n<p>[contact-form-7 id=&#8221;029fbc1&#8243; title=&#8221;Products Form&#8221;]<\/p>\n","protected":false},"featured_media":1641,"template":"","meta":{"_gspb_post_css":""},"product_brand":[],"product_cat":[97,93,96],"product_tag":[102],"class_list":{"0":"post-1640","1":"product","2":"type-product","3":"status-publish","4":"has-post-thumbnail","6":"product_cat-fiber-laser-marker","7":"product_cat-laser-engraving-machine","8":"product_cat-laser-marking-machine","9":"product_tag-laser-marking-machine","11":"first","12":"instock","13":"shipping-taxable","14":"product-type-simple"},"_links":{"self":[{"href":"https:\/\/bogonglaser.com\/es\/wp-json\/wp\/v2\/product\/1640","targetHints":{"allow":["GET"]}}],"collection":[{"href":"https:\/\/bogonglaser.com\/es\/wp-json\/wp\/v2\/product"}],"about":[{"href":"https:\/\/bogonglaser.com\/es\/wp-json\/wp\/v2\/types\/product"}],"wp:featuredmedia":[{"embeddable":true,"href":"https:\/\/bogonglaser.com\/es\/wp-json\/wp\/v2\/media\/1641"}],"wp:attachment":[{"href":"https:\/\/bogonglaser.com\/es\/wp-json\/wp\/v2\/media?parent=1640"}],"wp:term":[{"taxonomy":"product_brand","embeddable":true,"href":"https:\/\/bogonglaser.com\/es\/wp-json\/wp\/v2\/product_brand?post=1640"},{"taxonomy":"product_cat","embeddable":true,"href":"https:\/\/bogonglaser.com\/es\/wp-json\/wp\/v2\/product_cat?post=1640"},{"taxonomy":"product_tag","embeddable":true,"href":"https:\/\/bogonglaser.com\/es\/wp-json\/wp\/v2\/product_tag?post=1640"}],"curies":[{"name":"wp","href":"https:\/\/api.w.org\/{rel}","templated":true}]}}