{"id":1509,"date":"2024-10-16T14:18:38","date_gmt":"2024-10-16T06:18:38","guid":{"rendered":"https:\/\/bogonglaser.com\/?post_type=product&#038;p=1509"},"modified":"2025-12-10T17:20:22","modified_gmt":"2025-12-10T09:20:22","slug":"pulse-laser-cleaning-machine","status":"publish","type":"product","link":"https:\/\/bogonglaser.com\/es\/pulse-laser-cleaning-machine\/","title":{"rendered":"M\u00e1quina de grabado profundo de metales por l\u00e1ser de fibra \u00f3ptica para la venta"},"content":{"rendered":"<p>La m\u00e1quina de grabado profundo por l\u00e1ser de fibra es la herramienta maravillosa para el grabado profundo en una variedad de materiales, incluyendo acero inoxidable, titanio, aluminio, lat\u00f3n y m\u00e1s. <a href=\"https:\/\/bogonglaser.com\/es\/\">BOGONG<\/a> El grabador de metal l\u00e1ser de fibra 50w 60w no s\u00f3lo destaca en el grabado sino que tambi\u00e9n es capaz de cortar metales finos. Ahora puede adquirir esta avanzada m\u00e1quina de grabado l\u00e1ser para metales a un precio asequible.<\/p>\n<figure id=\"attachment_7453\" aria-describedby=\"caption-attachment-7453\" style=\"width: 300px\" class=\"wp-caption alignnone\"><img decoding=\"async\" class=\"size-medium wp-image-7453\" src=\"https:\/\/bogonglaser.com\/wp-content\/uploads\/2024\/10\/deep-engraving-machine-2-300x225.jpg\" alt=\"m\u00e1quina de grabado profundo\" width=\"300\" height=\"225\" title=\"\" srcset=\"https:\/\/bogonglaser.com\/wp-content\/uploads\/2024\/10\/deep-engraving-machine-2-300x225.jpg 300w, https:\/\/bogonglaser.com\/wp-content\/uploads\/2024\/10\/deep-engraving-machine-2-600x450.jpg 600w, https:\/\/bogonglaser.com\/wp-content\/uploads\/2024\/10\/deep-engraving-machine-2-768x576.jpg 768w, https:\/\/bogonglaser.com\/wp-content\/uploads\/2024\/10\/deep-engraving-machine-2-16x12.jpg 16w, https:\/\/bogonglaser.com\/wp-content\/uploads\/2024\/10\/deep-engraving-machine-2.jpg 800w\" sizes=\"(max-width: 300px) 100vw, 300px\" \/><figcaption id=\"caption-attachment-7453\" class=\"wp-caption-text\">m\u00e1quina de grabado profundo<\/figcaption><\/figure>\n<p>El t\u00e9rmino \"grabado\" incluye dos tipos principales: grabado superficial y grabado profundo. Cuando se habla de \"grabado por l\u00e1ser\", normalmente se hace referencia al grabado superficial. Aunque el grabado profundo y el grabado por l\u00e1ser comparten similitudes, no son lo mismo.<\/p>\n<p>En diversas aplicaciones tecnol\u00f3gicas, hay algunos requisitos de grabado profundo, tales como moldes, armas de fuego, joyas, piezas de autom\u00f3viles, y metales como el acero, cer\u00e1mica, oro, plata, cobre y aluminio, as\u00ed como materiales m\u00e1s nuevos como el carburo de silicio y aleaciones de n\u00edquel-cromo, es esencial para eliminar profundamente la capa exterior. usted puede encontrar m\u00e1s informaci\u00f3n en el siguiente art\u00edculo.<\/p>\n<p>Los m\u00e9todos tradicionales, como la corrosi\u00f3n el\u00e9ctrica o qu\u00edmica, pueden resultar engorrosos y tener dificultades para cumplir los requisitos de precisi\u00f3n. El procesamiento t\u00e9rmico por l\u00e1ser ofrece precisi\u00f3n a nivel de micras, una fuente l\u00e1ser de alta calidad, combinada con el cabezal galvo l\u00e1ser y el software, hacen realidad su sue\u00f1o de personalizaci\u00f3n.<\/p>\n<figure id=\"attachment_7454\" aria-describedby=\"caption-attachment-7454\" style=\"width: 300px\" class=\"wp-caption alignnone\"><img decoding=\"async\" class=\"size-medium wp-image-7454\" src=\"https:\/\/bogonglaser.com\/wp-content\/uploads\/2024\/10\/deep-engraving-machine-1-300x225.jpg\" alt=\"m\u00e1quina de grabado profundo\" width=\"300\" height=\"225\" title=\"\" srcset=\"https:\/\/bogonglaser.com\/wp-content\/uploads\/2024\/10\/deep-engraving-machine-1-300x225.jpg 300w, https:\/\/bogonglaser.com\/wp-content\/uploads\/2024\/10\/deep-engraving-machine-1-600x450.jpg 600w, https:\/\/bogonglaser.com\/wp-content\/uploads\/2024\/10\/deep-engraving-machine-1-768x576.jpg 768w, https:\/\/bogonglaser.com\/wp-content\/uploads\/2024\/10\/deep-engraving-machine-1-16x12.jpg 16w, https:\/\/bogonglaser.com\/wp-content\/uploads\/2024\/10\/deep-engraving-machine-1.jpg 800w\" sizes=\"(max-width: 300px) 100vw, 300px\" \/><figcaption id=\"caption-attachment-7454\" class=\"wp-caption-text\">m\u00e1quina de grabado profundo<\/figcaption><\/figure>\n<p>El grabado profundo por l\u00e1ser es un proceso de marcado que utiliza un l\u00e1ser de fibra y tecnolog\u00eda avanzada. Esto mejora la potencia y la calidad del l\u00e1ser, permiti\u00e9ndole convertir r\u00e1pidamente el metal en gas, reduciendo los da\u00f1os por calor en las zonas cercanas. Con una alta tasa de repetici\u00f3n, los contornos de las letras y los dise\u00f1os quedan m\u00e1s n\u00edtidos y limpios, con menos rugosidad y una agradable textura de fondo. Este m\u00e9todo puede completar en una sola pasada lo que normalmente llevar\u00eda muchos pasos en los procesos de corrosi\u00f3n tradicionales. Adem\u00e1s, no necesita suministros ni productos qu\u00edmicos adicionales, por lo que resulta rentable.<\/p>\n<p>La profundidad y la velocidad de grabado dependen de varios factores:<\/p>\n<ul>\n<li><strong>Tipo de metal:<\/strong> Los distintos metales se comportan de forma diferente durante el grabado. Por ejemplo, el aluminio tiene el punto de fusi\u00f3n m\u00e1s bajo, por lo que es el que graba m\u00e1s r\u00e1pido.<\/li>\n<li><strong>Ancho de pulso:<\/strong> Un pulso m\u00e1s ancho significa un grabado m\u00e1s r\u00e1pido pero un sombreado m\u00e1s tosco. Un pulso m\u00e1s peque\u00f1o trabaja m\u00e1s despacio pero proporciona un sombreado m\u00e1s fino. Elegir la anchura de pulso adecuada es importante para equilibrar velocidad y calidad.<\/li>\n<li><strong>Fuente l\u00e1ser:<\/strong> El tipo de l\u00e1ser utilizado afecta a la absorci\u00f3n de la luz, por lo que es importante tener en cuenta la marca y el presupuesto.<\/li>\n<li><strong>Potencia del l\u00e1ser:<\/strong> Una mayor potencia del l\u00e1ser suele significar un grabado m\u00e1s profundo si las dem\u00e1s condiciones permanecen invariables.<\/li>\n<li><strong>Tiempo de grabado:<\/strong> El proceso de grabado requiere varias pasadas. Cuanto m\u00e1s tiempo dediques al grabado, m\u00e1s profundo ser\u00e1 el resultado.<\/li>\n<li><strong>Estado de la superficie:<\/strong> La textura de la superficie met\u00e1lica es importante. Las superficies lisas, brillantes o tratadas (como las anodizadas o recubiertas) reaccionan de forma diferente al l\u00e1ser, lo que afecta a los resultados finales.<\/li>\n<li><strong>Rango de exploraci\u00f3n:<\/strong> La \u00f3ptica del l\u00e1ser determina el alcance del escaneado. Un alcance mayor puede dificultar y ralentizar el grabado.<\/li>\n<\/ul>\n<p>&nbsp;<\/p>\n<h3>\u00bfCu\u00e1l es la profundidad m\u00e1xima de grabado l\u00e1ser?<\/h3>\n<p>La profundidad de la m\u00e1quina de grabado l\u00e1ser puede llegar a 1 mm o m\u00e1s si usted pasa m\u00e1s tiempo en ella, elegir una m\u00e1quina de l\u00e1ser de mayor potencia puede ayudarle a ahorrar m\u00e1s tiempo.<\/p>\n<h4>\u00bfCu\u00e1l es el mejor l\u00e1ser para el grabado profundo en metal?<\/h4>\n<p>El l\u00e1ser de fibra puede realizar grabados profundos en metal, si desea obtener un mejor resultado en el sombreado, elegir una mopa de fibra ser\u00e1 una buena idea.<\/p>\n<p><iframe title=\"Dijo que es incre\u00edble 60W MOPA grabador l\u00e1ser de fibra | Profundo trabajo de grabado en metal\" width=\"1290\" height=\"726\" src=\"https:\/\/www.youtube.com\/embed\/7wAJLwkef5M?feature=oembed\" frameborder=\"0\" allow=\"accelerometer; autoplay; clipboard-write; encrypted-media; gyroscope; picture-in-picture; web-share\" referrerpolicy=\"strict-origin-when-cross-origin\" allowfullscreen><\/iframe><\/p>\n<p><iframe title=\"Incre\u00edble trabajo de la m\u00e1quina de grabado l\u00e1ser BOGONG | Grabador l\u00e1ser de fibra\" width=\"1290\" height=\"726\" src=\"https:\/\/www.youtube.com\/embed\/Y15fta5gyZo?feature=oembed\" frameborder=\"0\" allow=\"accelerometer; autoplay; clipboard-write; encrypted-media; gyroscope; picture-in-picture; web-share\" referrerpolicy=\"strict-origin-when-cross-origin\" allowfullscreen><\/iframe><\/p>\n<h3>C\u00f3mo elegir la m\u00e1quina de grabado l\u00e1ser profundo adecuada<\/h3>\n<p>Al seleccionar una m\u00e1quina para su proyecto de grabado, es importante tener en cuenta la profundidad a la que necesita el grabado, el material con el que va a trabajar y el tama\u00f1o de la marca. Aqu\u00ed tiene 5 factores clave que debe tener en cuenta: velocidad, potencia, tiempo de grabado y material.<\/p>\n<p>Desglosemos cada factor y comprendamos su importancia.<\/p>\n<p><strong>Velocidad<\/strong><br \/>\nLa velocidad se confunde a menudo con la frecuencia, pero no son lo mismo. La frecuencia se refiere al n\u00famero de veces que el rayo l\u00e1ser incide en el objetivo en un periodo de tiempo espec\u00edfico, mientras que la velocidad indica el tiempo que el rayo permanece enfocado en el objetivo. Generalmente, si desea un grabado m\u00e1s profundo, necesitar\u00e1 una velocidad m\u00e1s lenta. Sin embargo, tenga en cuenta que una velocidad m\u00e1s lenta no es el \u00fanico factor que afecta a la profundidad.<\/p>\n<p><strong>Potencia<\/strong><br \/>\nUna mayor potencia significa que el l\u00e1ser genera una energ\u00eda m\u00e1s intensa, lo que puede dar lugar a grabados m\u00e1s profundos. Pero, al igual que ocurre con la velocidad, este resultado puede variar en funci\u00f3n de otros factores.<\/p>\n<p><strong>Tiempo de grabado<\/strong><br \/>\nEl grabado profundo requiere m\u00e1s tiempo. El l\u00e1ser necesita dirigir la energ\u00eda al objetivo durante m\u00e1s tiempo para vaporizar m\u00e1s profundamente el material. Piense que es como serrar un trozo de madera: cuanto m\u00e1s tiempo corte, m\u00e1s profundo podr\u00e1 llegar.<\/p>\n<p><strong>Materiales<\/strong><br \/>\nSeleccione su m\u00e1quina de grabado l\u00e1ser en funci\u00f3n del material que vaya a utilizar. Por regla general, los l\u00e1seres de fibra funcionan mejor con metales, mientras que los l\u00e1seres de CO2 son ideales para madera. Utilizar el tipo de l\u00e1ser equivocado puede dar lugar a resultados de grabado deficientes.<\/p>\n<h3>\u00bfNecesita ayuda para elegir una m\u00e1quina de grabado l\u00e1ser profundo?<\/h3>\n<p>El grabado l\u00e1ser profundo es una forma especializada de grabado que requiere ajustes diferentes en comparaci\u00f3n con el grabado est\u00e1ndar. Sin embargo, usted no necesita necesariamente una m\u00e1quina diferente para este prop\u00f3sito. En BOGONG LASER, nuestras m\u00e1quinas de marcado l\u00e1ser est\u00e1n dise\u00f1adas para manejar el grabado superficial y profundo, gracias a su configuraci\u00f3n avanzada y punto focal de ajuste autom\u00e1tico.<\/p>\n<p>Tanto si necesita una m\u00e1quina para trazabilidad, logotipos o relleno, nuestro equipo est\u00e1 aqu\u00ed para escuchar sus necesidades y retos. Le ayudaremos a seleccionar una m\u00e1quina l\u00e1ser que destaque en su proyecto actual y que est\u00e9 hecha para durar en sus proyectos futuros.<\/p>\n<p>P\u00f3ngase en contacto con nuestro equipo hoy mismo para hablar de la profundidad de grabado que desea, los requisitos del proyecto y los materiales.<\/p>\n<h4>Caracter\u00edstica del dispositivo BOGONG:<\/h4>\n<ul>\n<li><strong>Instalaci\u00f3n sencilla y r\u00e1pida:<\/strong> Se conecta f\u00e1cilmente al ordenador mediante USB.<\/li>\n<li><strong>Rentable:<\/strong> Disfrute de un alto rendimiento de la inversi\u00f3n con un bajo consumo inferior a 500 W, que es una d\u00e9cima parte del de los l\u00e1seres de bombeo de luz tradicionales.<\/li>\n<li><strong>No requiere mantenimiento:<\/strong> El l\u00e1ser no necesita mantenimiento.<\/li>\n<li><strong>Vida \u00fatil prolongada:<\/strong> En <a href=\"https:\/\/bogonglaser.com\/es\/laser-engraving-machine\/\">m\u00e1quina de grabado de metales por l\u00e1ser<\/a> utiliza un diodo l\u00e1ser como fuente de bombeo y ofrece una vida \u00fatil de hasta 100.000 horas.<\/li>\n<\/ul>\n<p>&nbsp;<\/p>\n<h3>Aplicaciones de las m\u00e1quinas de grabado profundo por l\u00e1ser de fibra \u00f3ptica<\/h3>\n<p>Las m\u00e1quinas de grabado profundo por l\u00e1ser de fibra son herramientas vers\u00e1tiles que se utilizan para marcar y grabar en una amplia gama de materiales. Son especialmente eficaces en metales como acero inoxidable, aluminio, aleaciones, lat\u00f3n, plata, oro, titanio y hierro. Adem\u00e1s, estas m\u00e1quinas tambi\u00e9n pueden utilizarse en superficies no met\u00e1licas. Entre las aplicaciones m\u00e1s comunes se incluyen:<\/p>\n<ul>\n<li>Pistolas y armas de fuego<\/li>\n<li>Anillos y joyas<\/li>\n<li>Rodamientos y engranajes<\/li>\n<li>Piezas de autom\u00f3viles<\/li>\n<li>Hardware y herramientas<\/li>\n<li>Componentes aeroespaciales<\/li>\n<li>Circuitos integrados<\/li>\n<li>Accesorios inform\u00e1ticos<\/li>\n<li>Relojes<\/li>\n<li>Dispositivos electr\u00f3nicos y de comunicaci\u00f3n<\/li>\n<li>Electrodom\u00e9sticos<\/li>\n<li>Alambres y cables<\/li>\n<li>Adornos como collares y pulseras<\/li>\n<\/ul>\n<p>These machines are also capable of cutting thin metals such as stainless steel, aluminum, alloys, brass, silver, gold, and titanium.Contact with BOGONG team to get newest price.<\/p>","protected":false},"excerpt":{"rendered":"<h2>M\u00e1quina de grabado profundo de metales por l\u00e1ser de fibra \u00f3ptica para la venta<\/h2>\n<p>La m\u00e1quina de grabado profundo l\u00e1ser de fibra es la herramienta maravillosa para el grabado profundo en una variedad de materiales, incluyendo acero inoxidable, titanio, aluminio, lat\u00f3n y m\u00e1s. El grabador de metal por l\u00e1ser de fibra BOGONG 50w 60w no s\u00f3lo sobresale en el grabado, sino que tambi\u00e9n es capaz de cortar metales delgados. Ahora puede comprar esta avanzada m\u00e1quina de grabado l\u00e1ser de metal a un precio asequible.<\/p>\n<ul class=\"tips\">\n<li>180 Sets \/ Month Waiting for Sale En stock<\/li>\n<li>2 a\u00f1os de garant\u00eda limitada para toda la m\u00e1quina<\/li>\n<li>1-2 d\u00edas de manipulaci\u00f3n y 7-30 d\u00edas de env\u00edo<\/li>\n<li>Garant\u00eda de devoluci\u00f3n del dinero de 30 d\u00edas por su compra<\/li>\n<li>En l\u00ednea (PayPal) y fuera de l\u00ednea (T\/T, tarjetas de d\u00e9bito y cr\u00e9dito)<\/li>\n<\/ul>","protected":false},"featured_media":1625,"template":"","meta":{"_gspb_post_css":""},"product_brand":[],"product_cat":[97,93,96],"product_tag":[102],"class_list":{"0":"post-1509","1":"product","2":"type-product","3":"status-publish","4":"has-post-thumbnail","6":"product_cat-fiber-laser-marker","7":"product_cat-laser-engraving-machine","8":"product_cat-laser-marking-machine","9":"product_tag-laser-marking-machine","11":"first","12":"instock","13":"shipping-taxable","14":"product-type-simple"},"_links":{"self":[{"href":"https:\/\/bogonglaser.com\/es\/wp-json\/wp\/v2\/product\/1509","targetHints":{"allow":["GET"]}}],"collection":[{"href":"https:\/\/bogonglaser.com\/es\/wp-json\/wp\/v2\/product"}],"about":[{"href":"https:\/\/bogonglaser.com\/es\/wp-json\/wp\/v2\/types\/product"}],"wp:featuredmedia":[{"embeddable":true,"href":"https:\/\/bogonglaser.com\/es\/wp-json\/wp\/v2\/media\/1625"}],"wp:attachment":[{"href":"https:\/\/bogonglaser.com\/es\/wp-json\/wp\/v2\/media?parent=1509"}],"wp:term":[{"taxonomy":"product_brand","embeddable":true,"href":"https:\/\/bogonglaser.com\/es\/wp-json\/wp\/v2\/product_brand?post=1509"},{"taxonomy":"product_cat","embeddable":true,"href":"https:\/\/bogonglaser.com\/es\/wp-json\/wp\/v2\/product_cat?post=1509"},{"taxonomy":"product_tag","embeddable":true,"href":"https:\/\/bogonglaser.com\/es\/wp-json\/wp\/v2\/product_tag?post=1509"}],"curies":[{"name":"wp","href":"https:\/\/api.w.org\/{rel}","templated":true}]}}