{"id":2082,"date":"2024-12-03T20:17:51","date_gmt":"2024-12-03T12:17:51","guid":{"rendered":"https:\/\/bogonglaser.com\/?page_id=2082"},"modified":"2026-01-06T15:59:37","modified_gmt":"2026-01-06T07:59:37","slug":"co2-laser-cutting-machine","status":"publish","type":"page","link":"https:\/\/bogonglaser.com\/es\/laser-cutting-machine\/co2-laser-cutting-machine\/","title":{"rendered":"M\u00e1quina de corte l\u00e1ser CO2"},"content":{"rendered":"<div class=\"wp-block-greenshift-blocks-row alignfull gspb_row gspb_row-id-gsbp-7322445\" id=\"gspb_row-id-gsbp-7322445\"><div class=\"gspb_row__content\"> \n<div class=\"wp-block-greenshift-blocks-row-column gspb_row__col--12 gspb_row__col--md-12 gspb_col-id-gsbp-b31fa70\" id=\"gspb_col-id-gsbp-b31fa70\">\n<h1 id=\"gspb_heading-id-gsbp-756666d\" class=\"gspb_heading gspb_heading-id-gsbp-756666d\">M\u00e1quina de corte l\u00e1ser CO2<\/h1>\n\n\n<\/div>\n <\/div><\/div>\n\n\n\n<div class=\"wp-block-greenshift-blocks-row alignfull gspb_row gspb_row-id-gsbp-0e3373f\" id=\"gspb_row-id-gsbp-0e3373f\"><div class=\"gspb_row__content\"> \n<div class=\"wp-block-greenshift-blocks-row-column gspb_row__col--12 gspb_col-id-gsbp-eb547dc\" id=\"gspb_col-id-gsbp-eb547dc\">\n<div id=\"gspb_text-id-gsbp-4297e85\" class=\"gspb_text gspb_text-id-gsbp-4297e85\">L\u00e1seres de CO2 para grabado y corte precisos<br>Nuestra\u00a0<a href=\"https:\/\/bogonglaser.com\/es\/laser-cutting-machine\/co2-laser-cutting-machine\/\">Cortadoras l\u00e1ser de CO2<\/a>\u00a0son ideales para grabar con precisi\u00f3n sus dise\u00f1os favoritos en acr\u00edlico, madera fina y otros materiales diversos.<\/div>\n\n\n\n<div id=\"gspb_text-id-gsbp-89305d7\" class=\"gspb_text gspb_text-id-gsbp-89305d7\"><strong>\u00bfQu\u00e9 son las m\u00e1quinas de corte por l\u00e1ser de CO2?<\/strong><\/div>\n\n\n\n<div id=\"gspb_text-id-gsbp-017ad58\" class=\"gspb_text gspb_text-id-gsbp-017ad58\"><a href=\"https:\/\/bogonglaser.com\/es\/\">L\u00e1ser BOGONG<\/a>\u00a0ofrece una variada gama de m\u00e1quinas de corte y grabado por l\u00e1ser adaptadas a diversos fines e industrias. Tanto si necesita una cortadora como una grabadora l\u00e1ser, disponemos de opciones con diferentes espacios de trabajo, grabadoras de art\u00edculos cil\u00edndricos, mesas de trabajo ajustables, mesas intercambiables autom\u00e1ticas dobles, mesas de trabajo con cinta transportadora y tubos l\u00e1ser de CO2 disponibles en configuraciones simples, dobles o cu\u00e1druples. Tambi\u00e9n ofrecemos marcadoras y grabadoras de fibra \u00f3ptica, cortadoras l\u00e1ser de metal, as\u00ed como modelos de sobremesa para aficionados y uso dom\u00e9stico, incluidas m\u00e1quinas especializadas para madera y mucho m\u00e1s.<br>En nuestra gama de tecnolog\u00eda de CO2, ofrecemos opciones de potencia que van de 60 W a 180 W, junto con grabadores y marcadores de fibra \u00f3ptica en potencias de 20 W, 30 W, 50 W, 100 W, 200 W y 300 W, as\u00ed como cortadoras de metal de fibra \u00f3ptica de entre 500 W y 40000 W. Con una selecci\u00f3n tan amplia, seguro que encontrar\u00e1 la m\u00e1quina adecuada a sus necesidades.<\/div>\n\n\n<div class=\"woocommerce columns-4\"><ul class=\"products columns-4\" data-products=\"type-1\">\n<li class=\"product type-product post-2079 status-publish first instock product_cat-co2-laser-cutter product_cat-laser-cutting-machine product_tag-co2-laser-cutting-machine has-post-thumbnail shipping-taxable product-type-simple\">\n\t<a href=\"https:\/\/bogonglaser.com\/es\/co2-laser-engraver-cutter\/\" class=\"woocommerce-LoopProduct-link woocommerce-loop-product__link\"><img decoding=\"async\" width=\"300\" height=\"300\" src=\"https:\/\/bogonglaser.com\/wp-content\/uploads\/2024\/12\/1290-2--300x300.jpg\" class=\"attachment-woocommerce_thumbnail size-woocommerce_thumbnail\" alt=\"cortadora l\u00e1ser co2\" srcset=\"https:\/\/bogonglaser.com\/wp-content\/uploads\/2024\/12\/1290-2--300x300.jpg 300w, https:\/\/bogonglaser.com\/wp-content\/uploads\/2024\/12\/1290-2--100x100.jpg 100w, https:\/\/bogonglaser.com\/wp-content\/uploads\/2024\/12\/1290-2--150x150.jpg 150w, https:\/\/bogonglaser.com\/wp-content\/uploads\/2024\/12\/1290-2-.jpg 600w\" sizes=\"(max-width: 300px) 100vw, 300px\" title=\"\"><h2 class=\"woocommerce-loop-product__title\">Cortadora grabadora l\u00e1ser de CO2<\/h2>\n<\/a><a href=\"https:\/\/bogonglaser.com\/es\/co2-laser-engraver-cutter\/\" aria-describedby=\"woocommerce_loop_add_to_cart_link_describedby_2079\" data-quantity=\"1\" class=\"button product_type_simple\" data-product_id=\"2079\" data-product_sku=\"\" aria-label=\"Lee m\u00e1s sobre \u201cCO2 Laser Engraver Cutter\u201d\" rel=\"nofollow\" data-success_message=\"\" data-no-translation=\"\" data-trp-gettext=\"\" data-no-translation-aria-label=\"\">Leer m\u00e1s<\/a>\t<span id=\"woocommerce_loop_add_to_cart_link_describedby_2079\" class=\"screen-reader-text\">\n\t\t\t<\/span>\n<\/li>\n<\/ul>\n<\/div>\n\n\n\n<h2 id=\"gspb_heading-id-gsbp-89679cd\" class=\"gspb_heading gspb_heading-id-gsbp-89679cd\">ELIJA SU M\u00c1QUINA DE GRABADO L\u00c1SER PERFECTA PARA PRINCIPIANTES Y PROFESIONALES<\/h2>\n\n\n\n<div id=\"gspb_text-id-gsbp-4671c87\" class=\"gspb_text gspb_text-id-gsbp-4671c87\">Ventajas del producto<br>1. El avanzado sistema de control Ruida garantiza un manejo sencillo y admite varios idiomas.<br>2. Nuestra tecnolog\u00eda de gama alta ofrece una precisi\u00f3n de grabado y escaneado excepcional, lo que permite grabar con nitidez texto de 1 mm.<br>3. Equipada con carriles gu\u00eda de Taiw\u00e1n y correas de alta calidad, la m\u00e1quina proporciona un grabado y corte suaves con una excelente precisi\u00f3n.<br>4. Elija entre varias plataformas de procesamiento, con la opci\u00f3n de incluir mesas elevadoras el\u00e9ctricas.<br>5. Existe un accesorio giratorio opcional para procesar eficazmente objetos cil\u00edndricos.<\/div>\n<\/div>\n <\/div><\/div>\n\n\n\n<div class=\"wp-block-greenshift-blocks-row gspb_row gspb_row-id-gsbp-ec14372\" id=\"gspb_row-id-gsbp-ec14372\"><div class=\"gspb_row__content\"> \n<div class=\"wp-block-greenshift-blocks-row-column gspb_row__col--6 gspb_col-id-gsbp-6618169\" id=\"gspb_col-id-gsbp-6618169\">\n<div id=\"gspb_text-id-gsbp-fca40fd\" class=\"gspb_text gspb_text-id-gsbp-fca40fd\">PONERSE EN CONTACTO<\/div>\n\n\n\n<h2 id=\"gspb_heading-id-gsbp-a8e54c7\" class=\"gspb_heading gspb_heading-id-gsbp-a8e54c7\"><strong>CONTACTO BOGONG<\/strong><\/h2>\n\n\n\n<div id=\"gspb_text-id-gsbp-519b848\" class=\"gspb_text gspb_text-id-gsbp-519b848\">Si est\u00e1 interesado en nuestra m\u00e1quina de corte por l\u00e1ser de fibra, nuestro equipo de Bogong Laser est\u00e1 aqu\u00ed para proporcionarle asesoramiento profesional y soluciones a medida. P\u00f3ngase en contacto hoy mismo para hablar sobre sus requisitos espec\u00edficos de m\u00e1quinas l\u00e1ser y reciba el apoyo experto de Bogong Laser.<\/div>\n<\/div>\n\n\n\n<div class=\"wp-block-greenshift-blocks-row-column gspb_row__col--6 gspb_col-id-gsbp-8df49bf\" id=\"gspb_col-id-gsbp-8df49bf\"><div class='fluentform ff-inherit-theme-style fluentform_wrapper_3  ff_guten_block ff_guten_block-3'><form data-form_id=\"3\" id=\"fluentform_3\" class=\"frm-fluent-form fluent_form_3 ff-el-form-top ff_form_instance_3_1 ff-form-loading ffs_inherit_theme\" data-form_instance=\"ff_form_instance_3_1\" method=\"POST\" data-turnstile_key=\"0x4AAAAAACN7Bn4ueLI7W66p\" action=\"\" ><fieldset  style=\"border: none!important;margin: 0!important;padding: 0!important;background-color: transparent!important;box-shadow: none!important;outline: none!important; min-inline-size: 100%;\">\n                    <legend class=\"ff_screen_reader_title\" style=\"display: block; margin: 0!important;padding: 0!important;height: 0!important;text-indent: -999999px;width: 0!important;overflow:hidden;\">Contacte con nosotros<\/legend><input type='hidden' name='__fluent_form_embded_post_id' value='2082' \/><input type=\"hidden\" id=\"_fluentform_3_fluentformnonce\" name=\"_fluentform_3_fluentformnonce\" value=\"c8188dee26\" \/><input type=\"hidden\" name=\"_wp_http_referer\" value=\"\/es\/wp-json\/wp\/v2\/pages\/2082\" \/><div data-name=\"ff_cn_id_1\"  class='ff-t-container ff-column-container ff_columns_total_1'><div class='ff-t-cell ff-t-column-1' style='flex-basis: 100%;'><div class='ff-el-group'><div class=\"ff-el-input--label asterisk-right\"><label for='ff_3_input_text' id='label_ff_3_input_text' aria-label=\"Su nombre\">Su nombre<\/label><\/div><div class='ff-el-input--content'><input type=\"text\" name=\"input_text\" class=\"ff-el-form-control\" data-name=\"input_text\" id=\"ff_3_input_text\"  aria-invalid=\"false\" aria-required=\"false\"><\/div><\/div><div class='ff-el-group'><div class=\"ff-el-input--label ff-el-is-required asterisk-right\"><label for='ff_3_input_text_3' id='label_ff_3_input_text_3' aria-label=\"Su correo electr\u00f3nico\">Su correo electr\u00f3nico<\/label><\/div><div class='ff-el-input--content'><input type=\"text\" name=\"input_text_3\" class=\"ff-el-form-control\" data-name=\"input_text_3\" id=\"ff_3_input_text_3\"  aria-invalid=\"false\" aria-required=\"true\"><\/div><\/div><div class='ff-el-group'><div class=\"ff-el-input--label asterisk-right\"><label for='ff_3_input_text_2' id='label_ff_3_input_text_2' aria-label=\"Tu tel\u00e9fono o WhatsApp\">Tu tel\u00e9fono o WhatsApp<\/label><\/div><div class='ff-el-input--content'><input type=\"text\" name=\"input_text_2\" class=\"ff-el-form-control\" data-name=\"input_text_2\" id=\"ff_3_input_text_2\"  aria-invalid=\"false\" aria-required=\"false\"><\/div><\/div><div class='ff-el-group'><div class=\"ff-el-input--label asterisk-right\"><label for='ff_3_input_text_1' id='label_ff_3_input_text_1' aria-label=\"Asunto\">Asunto<\/label><\/div><div class='ff-el-input--content'><input type=\"text\" name=\"input_text_1\" class=\"ff-el-form-control\" data-name=\"input_text_1\" id=\"ff_3_input_text_1\"  aria-invalid=\"false\" aria-required=\"false\"><\/div><\/div><\/div><\/div><div data-name=\"ff_cn_id_2\"  class='ff-t-container ff-column-container ff_columns_total_1'><div class='ff-t-cell ff-t-column-1' style='flex-basis: 100%;'><div class='ff-el-group'><div class=\"ff-el-input--label asterisk-right\"><label for='ff_3_description' id='label_ff_3_description' aria-label=\"Su mensaje\">Su mensaje<\/label><\/div><div class='ff-el-input--content'><textarea aria-required=\"false\" aria-labelledby=\"label_ff_3_description\" name=\"description\" id=\"ff_3_description\" class=\"ff-el-form-control\" rows=\"6\" cols=\"2\" data-name=\"description\" ><\/textarea><\/div><\/div><\/div><\/div><div class='ff-el-group' ><div class='ff-el-input--content'><div data-fluent_id='3' name='cf-turnstile-response'><div\n\t\tdata-sitekey='0x4AAAAAACN7Bn4ueLI7W66p'\n\t\tdata-theme='auto'\n\t\tid='fluentform-turnstile-3-1'\n\t\tclass='ff-el-turnstile cf-turnstile'\n\t\tdata-appearance='execute'><\/div><\/div><\/div><\/div><div class='ff-el-group ff-text-left ff_submit_btn_wrapper'><button type=\"submit\" class=\"ff-btn ff-btn-submit ff-btn-md ff_btn_no_style\"  aria-label=\"Enviar formulario\">Enviar formulario<\/button><\/div><\/fieldset><input type=\"hidden\" name=\"trp-form-language\" value=\"es\"\/><\/form><div id='fluentform_3_errors' class='ff-errors-in-stack ff_form_instance_3_1 ff-form-loading_errors ff_form_instance_3_1_errors'><\/div><\/div>            <script type=\"text\/javascript\">\n                window.fluent_form_ff_form_instance_3_1 = {\"id\":\"3\",\"settings\":{\"layout\":{\"labelPlacement\":\"top\",\"asteriskPlacement\":\"asterisk-right\",\"helpMessagePlacement\":\"with_label\",\"errorMessagePlacement\":\"inline\",\"cssClassName\":\"\"},\"restrictions\":{\"denyEmptySubmission\":{\"enabled\":false}}},\"form_instance\":\"ff_form_instance_3_1\",\"form_id_selector\":\"fluentform_3\",\"rules\":{\"input_text\":{\"required\":{\"value\":false,\"message\":\"Este campo es obligatorio\",\"global_message\":\"\\u8fd9\\u662f\\u5fc5\\u586b\\u680f\",\"global\":true}},\"input_text_3\":{\"required\":{\"value\":true,\"message\":\"Este campo es obligatorio\",\"global_message\":\"\\u8fd9\\u662f\\u5fc5\\u586b\\u680f\",\"global\":true}},\"input_text_2\":{\"required\":{\"value\":false,\"message\":\"Este campo es obligatorio\",\"global_message\":\"\\u8fd9\\u662f\\u5fc5\\u586b\\u680f\",\"global\":true}},\"input_text_1\":{\"required\":{\"value\":false,\"message\":\"Este campo es obligatorio\",\"global_message\":\"\\u8fd9\\u662f\\u5fc5\\u586b\\u680f\",\"global\":true}},\"description\":{\"required\":{\"value\":false,\"message\":\"Este campo es obligatorio\",\"global_message\":\"\\u8fd9\\u662f\\u5fc5\\u586b\\u680f\",\"global\":true}},\"cf-turnstile-response\":[]},\"debounce_time\":300};\n                            <\/script>\n            <\/div>\n <\/div><\/div>\n\n\n\n<p><\/p>","protected":false},"excerpt":{"rendered":"","protected":false},"author":1,"featured_media":2090,"parent":1618,"menu_order":0,"comment_status":"closed","ping_status":"closed","template":"","meta":{"_gspb_post_css":"#gspb_row-id-gsbp-7322445{justify-content:space-between;margin-bottom:0;display:flex;flex-wrap:wrap;margin-top:-50px;padding-top:8rem;padding-right:rem;padding-bottom:10rem;padding-left:rem;overflow:hidden}#gspb_row-id-gsbp-7322445>.gspb_row__content{display:flex;justify-content:space-between;margin:0 auto;width:100%;flex-wrap:wrap}div[id^=gspb_col-id]{box-sizing:border-box;position:relative;padding:var(--gs-row-column-padding, 15px min(3vw, 20px))}body.gspb-bodyfront #gspb_row-id-gsbp-7322445>.gspb_row__content{width:var(--theme-container-width, 1200px);max-width:var(--theme-normal-container-max-width, 1200px)}@media (max-width:991.98px){#gspb_row-id-gsbp-7322445{padding-bottom:15rem}}@media (max-width:575.98px){#gspb_row-id-gsbp-7322445{padding-top:3rem}}#gspb_row-id-gsbp-7322445{color:#fff;background-color:#18181b;background-position:24% 65%;background-image:url(https:\/\/bogonglaser.com\/wp-content\/uploads\/2025\/12\/fiber-laser-cutting-machine-1.jpg);perspective:1000px}#gspb_col-id-gsbp-b31fa70.gspb_row__col--12{width:100%}@media (max-width:991.98px){#gspb_col-id-gsbp-b31fa70.gspb_row__col--12{width:100%}}@media (max-width:575.98px){#gspb_col-id-gsbp-b31fa70.gspb_row__col--12{width:100%}}body.gspb-bodyfront #gspb_col-id-gsbp-b31fa70.gspb_row__col--12{z-index:1000}body #gspb_col-id-gsbp-b31fa70.gspb_row__col--12{display:flex;flex-direction:column;row-gap:2rem}@media (max-width:991.98px){body #gspb_col-id-gsbp-b31fa70.gspb_row__col--12{justify-content:center;align-items:center}}#gspb_heading-id-gsbp-756666d{font-size:clamp(2.2rem,4.3vw,3.2rem);line-height:clamp(2.75rem,4.7vw,3.5rem);text-align:center!important}#gspb_heading-id-gsbp-756666d .gsap-g-line{text-align:center!important}@media (max-width:991.98px){#gspb_heading-id-gsbp-756666d,#gspb_heading-id-gsbp-756666d .gsap-g-line{text-align:center!important}}#gspb_heading-id-gsbp-756666d{color:var(--wp--preset--color--palette-color-6, var(--theme-palette-color-6, #ffffff));margin:0}#gspb_row-id-gsbp-0e3373f,#gspb_row-id-gsbp-ec14372{justify-content:space-between;display:flex;flex-wrap:wrap;margin-top:50px;margin-bottom:0}#gspb_row-id-gsbp-0e3373f>.gspb_row__content{display:flex;justify-content:space-between;margin:0 auto;width:100%;flex-wrap:wrap}#gspb_col-id-gsbp-eb547dc.gspb_row__col--12{width:100%}@media (max-width:575.98px){#gspb_col-id-gsbp-eb547dc.gspb_row__col--12{width:100%}}.gspb_text-id-gsbp-89305d7{font-size:15px;margin-top:20px!important;margin-bottom:10px!important}.gspb_text-id-gsbp-89305d7,.gspb_text-id-gsbp-89305d7 .gsap-g-line{text-align:center!important}#gspb_row-id-gsbp-ec14372{margin-top:30px}#gspb_row-id-gsbp-ec14372>.gspb_row__content{display:flex;justify-content:space-between;margin:0 auto;width:100%;flex-wrap:wrap}.gspb_row{position:relative}body.gspb-bodyfront #gspb_row-id-gsbp-0e3373f>.gspb_row__content,body.gspb-bodyfront #gspb_row-id-gsbp-ec14372>.gspb_row__content{width:var(--theme-container-width, 1200px);max-width:var(--theme-normal-container-max-width, 1200px)}#gspb_col-id-gsbp-6618169.gspb_row__col--6{width:50%}@media (max-width:575.98px){#gspb_col-id-gsbp-6618169.gspb_row__col--6{width:100%}}#gspb_heading-id-gsbp-a8e54c7{font-size:45px}#gspb_col-id-gsbp-8df49bf.gspb_row__col--6{width:50%}@media (max-width:575.98px){#gspb_col-id-gsbp-8df49bf.gspb_row__col--6{width:100%}}","footnotes":""},"class_list":["post-2082","page","type-page","status-publish","has-post-thumbnail","hentry"],"blocksy_meta":[],"_links":{"self":[{"href":"https:\/\/bogonglaser.com\/es\/wp-json\/wp\/v2\/pages\/2082","targetHints":{"allow":["GET"]}}],"collection":[{"href":"https:\/\/bogonglaser.com\/es\/wp-json\/wp\/v2\/pages"}],"about":[{"href":"https:\/\/bogonglaser.com\/es\/wp-json\/wp\/v2\/types\/page"}],"author":[{"embeddable":true,"href":"https:\/\/bogonglaser.com\/es\/wp-json\/wp\/v2\/users\/1"}],"replies":[{"embeddable":true,"href":"https:\/\/bogonglaser.com\/es\/wp-json\/wp\/v2\/comments?post=2082"}],"version-history":[{"count":3,"href":"https:\/\/bogonglaser.com\/es\/wp-json\/wp\/v2\/pages\/2082\/revisions"}],"predecessor-version":[{"id":9064,"href":"https:\/\/bogonglaser.com\/es\/wp-json\/wp\/v2\/pages\/2082\/revisions\/9064"}],"up":[{"embeddable":true,"href":"https:\/\/bogonglaser.com\/es\/wp-json\/wp\/v2\/pages\/1618"}],"wp:featuredmedia":[{"embeddable":true,"href":"https:\/\/bogonglaser.com\/es\/wp-json\/wp\/v2\/media\/2090"}],"wp:attachment":[{"href":"https:\/\/bogonglaser.com\/es\/wp-json\/wp\/v2\/media?parent=2082"}],"curies":[{"name":"wp","href":"https:\/\/api.w.org\/{rel}","templated":true}]}}